{"id":14477,"date":"2022-02-16T03:52:01","date_gmt":"2022-02-16T03:52:01","guid":{"rendered":"https:\/\/www.lovingmemorials.com\/faq\/"},"modified":"2022-02-26T00:50:35","modified_gmt":"2022-02-26T00:50:35","slug":"faq","status":"publish","type":"page","link":"https:\/\/www.lovingmemorials.com\/de\/faq\/","title":{"rendered":"FAQ"},"content":{"rendered":"\t\t<div data-elementor-type=\"wp-page\" data-elementor-id=\"14477\" class=\"elementor elementor-14477\" data-elementor-post-type=\"page\">\n\t\t\t\t\t\t<section class=\"elementor-section elementor-top-section elementor-element elementor-element-1e1a11db elementor-section-content-middle elementor-section-boxed elementor-section-height-default elementor-section-height-default parallax_section_no qode_elementor_container_no\" data-id=\"1e1a11db\" data-element_type=\"section\">\n\t\t\t\t\t\t<div class=\"elementor-container elementor-column-gap-no\">\n\t\t\t\t\t<div class=\"elementor-column elementor-col-100 elementor-top-column elementor-element elementor-element-2b02ad84\" data-id=\"2b02ad84\" data-element_type=\"column\">\n\t\t\t<div class=\"elementor-widget-wrap elementor-element-populated\">\n\t\t\t\t\t\t<div class=\"elementor-element elementor-element-b20584c page-header elementor-widget elementor-widget-heading\" data-id=\"b20584c\" data-element_type=\"widget\" data-widget_type=\"heading.default\">\n\t\t\t\t<div class=\"elementor-widget-container\">\n\t\t\t<h1 class=\"elementor-heading-title elementor-size-default\">H\u00e4ufig gestellte Fragen<\/h1>\t\t<\/div>\n\t\t\t\t<\/div>\n\t\t\t\t<section class=\"elementor-section elementor-inner-section elementor-element elementor-element-34548840 elementor-section-content-middle container-shadow elementor-section-boxed elementor-section-height-default elementor-section-height-default parallax_section_no qode_elementor_container_no\" data-id=\"34548840\" data-element_type=\"section\" data-settings=\"{&quot;background_background&quot;:&quot;classic&quot;}\">\n\t\t\t\t\t\t<div class=\"elementor-container elementor-column-gap-no\">\n\t\t\t\t\t<div class=\"elementor-column elementor-col-100 elementor-inner-column elementor-element elementor-element-c361e2a\" data-id=\"c361e2a\" data-element_type=\"column\">\n\t\t\t<div class=\"elementor-widget-wrap elementor-element-populated\">\n\t\t\t\t\t\t<div class=\"elementor-element elementor-element-5b308156 elementor-widget elementor-widget-text-editor\" data-id=\"5b308156\" data-element_type=\"widget\" data-widget_type=\"text-editor.default\">\n\t\t\t\t<div class=\"elementor-widget-container\">\n\t\t\t\t\t\t\t<h3>Was ist ein liebevolles Denkmal?<\/h3><p><span style=\"font-weight: 400;\">A Loving Memorial ist eine Online-Gedenkst\u00e4tte zum Gedenken an das Leben eines geliebten Menschen. <\/span><\/p><p><span style=\"font-weight: 400;\">Mit unserem Service k\u00f6nnen Sie <a href=\"https:\/\/www.lovingmemorials.com\/de\/fuehren\/builder-vorlage\/\">Bilder, Videos, W\u00f6rter und Musik hinzuf\u00fcgen,<\/a> um Erinnerungen zu teilen und die Geschichte Ihrer Liebsten zu erz\u00e4hlen. Sie teilen die Gedenkst\u00e4tte mit Familie und Freunden, und sie k\u00f6nnen zur Gedenkst\u00e4tte beitragen, indem sie Gedanken, Geschichten, Fotos und Videos hinzuf\u00fcgen.<br><\/span><\/p><p>Ein liebevolles Denkmal ist in seiner Einfachheit anspruchsvoll. Es ist einfach zu bedienen und erm\u00f6glicht es Ihnen, ein elegantes, visuelles Erlebnis zu schaffen.<\/p><h3><strong>Warum<\/strong> ein <strong>liebevolles Denkmal schaffen?<\/strong><\/h3><p>Die Person, die Sie liebten, war wertvoll und ihr Leben hat Sie, ihre Familie, Freunde und die Menschen, die sie getroffen haben, tief ber\u00fchrt.<\/p><p>Ein liebevolles Gedenken erm\u00f6glicht es denen, die sie kannten, sich an Liebe zu erinnern und sie zu empfinden, zu l\u00e4cheln, zu lachen, Trost zu finden und mit der Heilung zu beginnen.<\/p><p>Es bietet Familie und Freunden die M\u00f6glichkeit, mehr \u00fcber ihr Leben zu erfahren, Erinnerungen auszutauschen und Geschichten zu erz\u00e4hlen, damit Ihr geliebter Mensch nicht vergessen wird.<\/p><p>Es teilt die Sch\u00f6nheit ihres Lebens mit denen, die sie kannten, und bietet zuk\u00fcnftigen Generationen die M\u00f6glichkeit, sie kennenzulernen.<\/p><p>Indem wir ein liebevolles Denkmal schaffen und durch den Akt des Erinnerns k\u00f6nnen wir auch <a href=\"https:\/\/www.lovingmemorials.com\/de\/ueber\/#remembrance\">Liebe und N\u00e4he<\/a> erfahren.<\/p><h3><strong>Wie erstelle ich ein liebevolles<\/strong> Denkmal?<\/h3><p><span style=\"font-weight: 400;\">Nachdem Sie sich das <a href=\"https:\/\/www.lovingmemorials.com\/m\/antonio-gomes\/112925\/\">Beispiel<\/a> angesehen haben, k\u00f6nnen Sie unsere <a href=\"https:\/\/www.lovingmemorials.com\/de\/features-plaene\/\">Funktionen<\/a> \u00fcberpr\u00fcfen, einen Plan ausw\u00e4hlen und sich dann <a href=\"https:\/\/www.lovingmemorials.com\/create-memorial\/\">anmelden<\/a> .<\/span><\/p><h3><strong>Was ist der<\/strong> permanente <strong>Plan?<\/strong><\/h3><p>Der dauerhafte Plan bedeutet, dass Sie nur eine <em>einzige<\/em> Zahlung leisten m\u00fcssen, um Ihr liebevolles Andenken <em>immer<\/em> bei uns zu haben.<\/p><p>Sie k\u00f6nnen Ihre Gedenkst\u00e4tte jederzeit ohne zus\u00e4tzliche Geb\u00fchren oder Kosten anzeigen, bearbeiten, teilen und Besucher einladen.<\/p><h3><strong>Ist es einfach, ein liebevolles Denkmal zu schaffen<\/strong> ?<\/h3>\t\t\t\t\t\t<\/div>\n\t\t\t\t<\/div>\n\t\t\t\t<div class=\"elementor-element elementor-element-b860668 elementor-widget__width-initial elementor-widget-tablet__width-inherit elementor-widget-mobile__width-inherit elementor-widget elementor-widget-text-editor\" data-id=\"b860668\" data-element_type=\"widget\" data-widget_type=\"text-editor.default\">\n\t\t\t\t<div class=\"elementor-widget-container\">\n\t\t\t\t\t\t\t<p style=\"background-color: #ffffff;\">Unsere Vorlage macht es jedem leicht, eine Gedenkst\u00e4tte zu erstellen.<\/p><p style=\"background-color: #ffffff;\">Um beispielsweise eine Erinnerung hinzuzuf\u00fcgen, f\u00fcgen Sie ein Bild und Ihre Worte hinzu und klicken dann auf \u201eSpeichern\u201c.<\/p>\t\t\t\t\t\t<\/div>\n\t\t\t\t<\/div>\n\t\t\t\t<div class=\"elementor-element elementor-element-f41e78d elementor-widget__width-initial elementor-widget-tablet__width-inherit elementor-widget-mobile__width-inherit elementor-widget elementor-widget-image\" data-id=\"f41e78d\" data-element_type=\"widget\" data-widget_type=\"image.default\">\n\t\t\t\t<div class=\"elementor-widget-container\">\n\t\t\t\t\t\t\t\t\t\t<figure class=\"wp-caption\">\n\t\t\t\t\t\t\t\t\t\t\t<a href=\"https:\/\/www.lovingmemorials.com\/wp-content\/uploads\/2021\/11\/dad-mom.png\" data-elementor-open-lightbox=\"yes\" data-elementor-lightbox-title=\"Vater Mutter\" data-e-action-hash=\"#elementor-action%3Aaction%3Dlightbox%26settings%3DeyJpZCI6ODc3NywidXJsIjoiaHR0cHM6XC9cL3d3dy5sb3ZpbmdtZW1vcmlhbHMuY29tXC93cC1jb250ZW50XC91cGxvYWRzXC8yMDIxXC8xMVwvZGFkLW1vbS5wbmcifQ%3D%3D\">\n\t\t\t\t\t\t\t<img fetchpriority=\"high\" decoding=\"async\" width=\"991\" height=\"762\" src=\"https:\/\/www.lovingmemorials.com\/wp-content\/uploads\/2021\/11\/dad-mom.png\" class=\"attachment-full size-full wp-image-8777\" alt=\"\" srcset=\"https:\/\/www.lovingmemorials.com\/wp-content\/uploads\/2021\/11\/dad-mom.png 991w, https:\/\/www.lovingmemorials.com\/wp-content\/uploads\/2021\/11\/dad-mom-300x231.png 300w, https:\/\/www.lovingmemorials.com\/wp-content\/uploads\/2021\/11\/dad-mom-768x591.png 768w, https:\/\/www.lovingmemorials.com\/wp-content\/uploads\/2021\/11\/dad-mom-700x538.png 700w\" sizes=\"(max-width: 991px) 100vw, 991px\" \/>\t\t\t\t\t\t\t\t<\/a>\n\t\t\t\t\t\t\t\t\t\t\t<figcaption class=\"widget-image-caption wp-caption-text\"><\/figcaption>\n\t\t\t\t\t\t\t\t\t\t<\/figure>\n\t\t\t\t\t\t\t<\/div>\n\t\t\t\t<\/div>\n\t\t\t\t<div class=\"elementor-element elementor-element-9a30300 elementor-widget elementor-widget-text-editor\" data-id=\"9a30300\" data-element_type=\"widget\" data-widget_type=\"text-editor.default\">\n\t\t\t\t<div class=\"elementor-widget-container\">\n\t\t\t\t\t\t\t<h3 style=\"background-color: #ffffff;\"><strong>Wie wird meine Gedenk<\/strong> -Website <strong>aussehen?<\/strong><\/h3><p>W\u00e4hlen Sie eines unserer \u00fcber <a href=\"https:\/\/www.lovingmemorials.com\/de\/fuehren\/builder-vorlage\/#templates\">200 Hintergrundbilder<\/a> aus, das als Vorlage dienen soll. Passen Sie dann jede Seite mit Ihren Fotos, Gef\u00fchlen und Videos an, um eine einzigartige Hommage an Ihren Liebsten zu erstellen.<\/p><p>Nachfolgend finden Sie nur einige Beispiele f\u00fcr Hintergrundbilder. Wenn wir die Art von Bild, die Sie suchen, nicht haben, kontaktieren Sie uns bitte und wir werden unser Bestes tun, um Ihnen gerecht zu werden.<\/p>\t\t\t\t\t\t<\/div>\n\t\t\t\t<\/div>\n\t\t\t\t<div class=\"elementor-element elementor-element-236c673 elementor-widget elementor-widget-bridge_advanced_image_gallery\" data-id=\"236c673\" data-element_type=\"widget\" data-widget_type=\"bridge_advanced_image_gallery.default\">\n\t\t\t\t<div class=\"elementor-widget-container\">\n\t\t\t<div class=\"qode-advanced-image-gallery  qode-aig-grid-type qode-small-space qode-has-shadow qode-image-behavior-lightbox \">\n\t<div class=\"qode-aig-inner qode-outer-space qode-aig-grid qode-aig-three-columns\">\n\t\t\t\t\t<div class=\"qode-aig-image qode-item-space\">\n\t\t\t\t<div class=\"qode-aig-image-inner\">\n\t\t\t\t\t\t\t\t\t\t\t<a itemprop=\"image\" class=\"qode-aig-lightbox\" href=\"https:\/\/www.lovingmemorials.com\/wp-content\/uploads\/2021\/12\/ocean-sunset-scaled-e1639276389987.jpg\" data-rel=\"prettyPhoto[image_gallery_pretty_photo-117]\" title=\"Himmel,Hintergrund,Und,Wasser,Spiegelung.,Element,Von,Design.\">\n\t\t\t\t\t\t\t\t\t\t\t<img decoding=\"async\" width=\"1024\" height=\"576\" src=\"https:\/\/www.lovingmemorials.com\/wp-content\/uploads\/2021\/12\/ocean-sunset-scaled-e1639276389987.jpg\" class=\"attachment-full size-full\" alt=\"\" srcset=\"https:\/\/www.lovingmemorials.com\/wp-content\/uploads\/2021\/12\/ocean-sunset-scaled-e1639276389987.jpg 1024w, https:\/\/www.lovingmemorials.com\/wp-content\/uploads\/2021\/12\/ocean-sunset-scaled-e1639276389987-300x169.jpg 300w, https:\/\/www.lovingmemorials.com\/wp-content\/uploads\/2021\/12\/ocean-sunset-scaled-e1639276389987-768x432.jpg 768w, https:\/\/www.lovingmemorials.com\/wp-content\/uploads\/2021\/12\/ocean-sunset-scaled-e1639276389987-700x394.jpg 700w, https:\/\/www.lovingmemorials.com\/wp-content\/uploads\/2021\/12\/ocean-sunset-scaled-e1639276389987-539x303.jpg 539w\" sizes=\"(max-width: 1024px) 100vw, 1024px\" \/>\t\t\t\t\t\t<span class=\"aig-gallery-hover\">\n\t\t\t\t\t\t\t\t\t\t\t\t\t\t\t<span class=\"icon-arrows-plus\"><\/span> \n\t\t\t\t\t\t\t\t\t\t\t\t\t<\/span>\n\t\t\t\t\t\t\t\t\t\t\t<\/a>\n\t\t\t\t\t\t\t\t\t<\/div>\n\t\t\t<\/div>\n\t\t\t\t\t<div class=\"qode-aig-image qode-item-space\">\n\t\t\t\t<div class=\"qode-aig-image-inner\">\n\t\t\t\t\t\t\t\t\t\t\t<a itemprop=\"image\" class=\"qode-aig-lightbox\" href=\"https:\/\/www.lovingmemorials.com\/wp-content\/uploads\/2021\/12\/sunny-trees.jpg-scaled-e1639414524577.jpg\" data-rel=\"prettyPhoto[image_gallery_pretty_photo-117]\" title=\"gr\u00fcner Garten\">\n\t\t\t\t\t\t\t\t\t\t\t<img decoding=\"async\" width=\"1025\" height=\"574\" src=\"https:\/\/www.lovingmemorials.com\/wp-content\/uploads\/2021\/12\/sunny-trees.jpg-scaled-e1639414524577.jpg\" class=\"attachment-full size-full\" alt=\"\" srcset=\"https:\/\/www.lovingmemorials.com\/wp-content\/uploads\/2021\/12\/sunny-trees.jpg-scaled-e1639414524577.jpg 1025w, https:\/\/www.lovingmemorials.com\/wp-content\/uploads\/2021\/12\/sunny-trees.jpg-scaled-e1639414524577-300x168.jpg 300w, https:\/\/www.lovingmemorials.com\/wp-content\/uploads\/2021\/12\/sunny-trees.jpg-scaled-e1639414524577-768x430.jpg 768w, https:\/\/www.lovingmemorials.com\/wp-content\/uploads\/2021\/12\/sunny-trees.jpg-scaled-e1639414524577-700x392.jpg 700w, https:\/\/www.lovingmemorials.com\/wp-content\/uploads\/2021\/12\/sunny-trees.jpg-scaled-e1639414524577-539x303.jpg 539w\" sizes=\"(max-width: 1025px) 100vw, 1025px\" \/>\t\t\t\t\t\t<span class=\"aig-gallery-hover\">\n\t\t\t\t\t\t\t\t\t\t\t\t\t\t\t<span class=\"icon-arrows-plus\"><\/span> \n\t\t\t\t\t\t\t\t\t\t\t\t\t<\/span>\n\t\t\t\t\t\t\t\t\t\t\t<\/a>\n\t\t\t\t\t\t\t\t\t<\/div>\n\t\t\t<\/div>\n\t\t\t\t\t<div class=\"qode-aig-image qode-item-space\">\n\t\t\t\t<div class=\"qode-aig-image-inner\">\n\t\t\t\t\t\t\t\t\t\t\t<a itemprop=\"image\" class=\"qode-aig-lightbox\" href=\"https:\/\/www.lovingmemorials.com\/wp-content\/uploads\/2021\/12\/mountain-wildflowers.jpg-scaled-e1639423263610.jpg\" data-rel=\"prettyPhoto[image_gallery_pretty_photo-117]\" title=\"Wildblumen, Mount Rainier, Washington st\">\n\t\t\t\t\t\t\t\t\t\t\t<img loading=\"lazy\" decoding=\"async\" width=\"2560\" height=\"1441\" src=\"https:\/\/www.lovingmemorials.com\/wp-content\/uploads\/2021\/12\/mountain-wildflowers.jpg-scaled-e1639423263610.jpg\" class=\"attachment-full size-full\" alt=\"\" \/>\t\t\t\t\t\t<span class=\"aig-gallery-hover\">\n\t\t\t\t\t\t\t\t\t\t\t\t\t\t\t<span class=\"icon-arrows-plus\"><\/span> \n\t\t\t\t\t\t\t\t\t\t\t\t\t<\/span>\n\t\t\t\t\t\t\t\t\t\t\t<\/a>\n\t\t\t\t\t\t\t\t\t<\/div>\n\t\t\t<\/div>\n\t\t\t\t\t<div class=\"qode-aig-image qode-item-space\">\n\t\t\t\t<div class=\"qode-aig-image-inner\">\n\t\t\t\t\t\t\t\t\t\t\t<a itemprop=\"image\" class=\"qode-aig-lightbox\" href=\"https:\/\/www.lovingmemorials.com\/wp-content\/uploads\/2021\/12\/blue-sky.jpg-scaled-e1640378236798.jpg\" data-rel=\"prettyPhoto[image_gallery_pretty_photo-117]\" title=\"Hintergrund des blauen Himmels und der wei\u00dfen Wolken\">\n\t\t\t\t\t\t\t\t\t\t\t<img loading=\"lazy\" decoding=\"async\" width=\"2560\" height=\"1707\" src=\"https:\/\/www.lovingmemorials.com\/wp-content\/uploads\/2021\/12\/blue-sky.jpg-scaled-e1640378236798.jpg\" class=\"attachment-full size-full\" alt=\"\" \/>\t\t\t\t\t\t<span class=\"aig-gallery-hover\">\n\t\t\t\t\t\t\t\t\t\t\t\t\t\t\t<span class=\"icon-arrows-plus\"><\/span> \n\t\t\t\t\t\t\t\t\t\t\t\t\t<\/span>\n\t\t\t\t\t\t\t\t\t\t\t<\/a>\n\t\t\t\t\t\t\t\t\t<\/div>\n\t\t\t<\/div>\n\t\t\t\t\t<div class=\"qode-aig-image qode-item-space\">\n\t\t\t\t<div class=\"qode-aig-image-inner\">\n\t\t\t\t\t\t\t\t\t\t\t<a itemprop=\"image\" class=\"qode-aig-lightbox\" href=\"https:\/\/www.lovingmemorials.com\/wp-content\/uploads\/2021\/12\/cross-on-mount.jpg-scaled-e1639415097815.jpg\" data-rel=\"prettyPhoto[image_gallery_pretty_photo-117]\" title=\"\u00fcberqueren\">\n\t\t\t\t\t\t\t\t\t\t\t<img loading=\"lazy\" decoding=\"async\" width=\"1023\" height=\"576\" src=\"https:\/\/www.lovingmemorials.com\/wp-content\/uploads\/2021\/12\/cross-on-mount.jpg-scaled-e1639415097815.jpg\" class=\"attachment-full size-full\" alt=\"\" srcset=\"https:\/\/www.lovingmemorials.com\/wp-content\/uploads\/2021\/12\/cross-on-mount.jpg-scaled-e1639415097815.jpg 1023w, https:\/\/www.lovingmemorials.com\/wp-content\/uploads\/2021\/12\/cross-on-mount.jpg-scaled-e1639415097815-300x169.jpg 300w, https:\/\/www.lovingmemorials.com\/wp-content\/uploads\/2021\/12\/cross-on-mount.jpg-scaled-e1639415097815-768x432.jpg 768w, https:\/\/www.lovingmemorials.com\/wp-content\/uploads\/2021\/12\/cross-on-mount.jpg-scaled-e1639415097815-700x394.jpg 700w, https:\/\/www.lovingmemorials.com\/wp-content\/uploads\/2021\/12\/cross-on-mount.jpg-scaled-e1639415097815-539x303.jpg 539w\" sizes=\"(max-width: 1023px) 100vw, 1023px\" \/>\t\t\t\t\t\t<span class=\"aig-gallery-hover\">\n\t\t\t\t\t\t\t\t\t\t\t\t\t\t\t<span class=\"icon-arrows-plus\"><\/span> \n\t\t\t\t\t\t\t\t\t\t\t\t\t<\/span>\n\t\t\t\t\t\t\t\t\t\t\t<\/a>\n\t\t\t\t\t\t\t\t\t<\/div>\n\t\t\t<\/div>\n\t\t\t\t\t<div class=\"qode-aig-image qode-item-space\">\n\t\t\t\t<div class=\"qode-aig-image-inner\">\n\t\t\t\t\t\t\t\t\t\t\t<a itemprop=\"image\" class=\"qode-aig-lightbox\" href=\"https:\/\/www.lovingmemorials.com\/wp-content\/uploads\/2021\/12\/saluting-soldier.jpg-scaled-e1639276862202.jpg\" data-rel=\"prettyPhoto[image_gallery_pretty_photo-117]\" title=\"Double,Exposure,Of,Saluting,Soldier,On,Usa,Grunge,Flag.,Vintage,\">\n\t\t\t\t\t\t\t\t\t\t\t<img loading=\"lazy\" decoding=\"async\" width=\"1024\" height=\"576\" src=\"https:\/\/www.lovingmemorials.com\/wp-content\/uploads\/2021\/12\/saluting-soldier.jpg-scaled-e1639276862202.jpg\" class=\"attachment-full size-full\" alt=\"\" srcset=\"https:\/\/www.lovingmemorials.com\/wp-content\/uploads\/2021\/12\/saluting-soldier.jpg-scaled-e1639276862202.jpg 1024w, https:\/\/www.lovingmemorials.com\/wp-content\/uploads\/2021\/12\/saluting-soldier.jpg-scaled-e1639276862202-300x169.jpg 300w, https:\/\/www.lovingmemorials.com\/wp-content\/uploads\/2021\/12\/saluting-soldier.jpg-scaled-e1639276862202-768x432.jpg 768w, https:\/\/www.lovingmemorials.com\/wp-content\/uploads\/2021\/12\/saluting-soldier.jpg-scaled-e1639276862202-700x394.jpg 700w, https:\/\/www.lovingmemorials.com\/wp-content\/uploads\/2021\/12\/saluting-soldier.jpg-scaled-e1639276862202-539x303.jpg 539w\" sizes=\"(max-width: 1024px) 100vw, 1024px\" \/>\t\t\t\t\t\t<span class=\"aig-gallery-hover\">\n\t\t\t\t\t\t\t\t\t\t\t\t\t\t\t<span class=\"icon-arrows-plus\"><\/span> \n\t\t\t\t\t\t\t\t\t\t\t\t\t<\/span>\n\t\t\t\t\t\t\t\t\t\t\t<\/a>\n\t\t\t\t\t\t\t\t\t<\/div>\n\t\t\t<\/div>\n\t\t\t\t\t<div class=\"qode-aig-image qode-item-space\">\n\t\t\t\t<div class=\"qode-aig-image-inner\">\n\t\t\t\t\t\t\t\t\t\t\t<a itemprop=\"image\" class=\"qode-aig-lightbox\" href=\"https:\/\/www.lovingmemorials.com\/wp-content\/uploads\/2021\/12\/flowerboard-purple.jpg-scaled-e1640296960142.jpg\" data-rel=\"prettyPhoto[image_gallery_pretty_photo-117]\" title=\"Beautiful,Spring,Flowers,On,Paper,Background\">\n\t\t\t\t\t\t\t\t\t\t\t<img loading=\"lazy\" decoding=\"async\" width=\"1025\" height=\"575\" src=\"https:\/\/www.lovingmemorials.com\/wp-content\/uploads\/2021\/12\/flowerboard-purple.jpg-scaled-e1640296960142.jpg\" class=\"attachment-full size-full\" alt=\"\" \/>\t\t\t\t\t\t<span class=\"aig-gallery-hover\">\n\t\t\t\t\t\t\t\t\t\t\t\t\t\t\t<span class=\"icon-arrows-plus\"><\/span> \n\t\t\t\t\t\t\t\t\t\t\t\t\t<\/span>\n\t\t\t\t\t\t\t\t\t\t\t<\/a>\n\t\t\t\t\t\t\t\t\t<\/div>\n\t\t\t<\/div>\n\t\t\t\t\t<div class=\"qode-aig-image qode-item-space\">\n\t\t\t\t<div class=\"qode-aig-image-inner\">\n\t\t\t\t\t\t\t\t\t\t\t<a itemprop=\"image\" class=\"qode-aig-lightbox\" href=\"https:\/\/www.lovingmemorials.com\/wp-content\/uploads\/2021\/12\/balcony-ocean-view-scaled-e1639414909778.jpg\" data-rel=\"prettyPhoto[image_gallery_pretty_photo-117]\" title=\"Balkon-Meerblick\">\n\t\t\t\t\t\t\t\t\t\t\t<img loading=\"lazy\" decoding=\"async\" width=\"1024\" height=\"576\" src=\"https:\/\/www.lovingmemorials.com\/wp-content\/uploads\/2021\/12\/balcony-ocean-view-scaled-e1639414909778.jpg\" class=\"attachment-full size-full\" alt=\"\" srcset=\"https:\/\/www.lovingmemorials.com\/wp-content\/uploads\/2021\/12\/balcony-ocean-view-scaled-e1639414909778.jpg 1024w, https:\/\/www.lovingmemorials.com\/wp-content\/uploads\/2021\/12\/balcony-ocean-view-scaled-e1639414909778-300x169.jpg 300w, https:\/\/www.lovingmemorials.com\/wp-content\/uploads\/2021\/12\/balcony-ocean-view-scaled-e1639414909778-768x432.jpg 768w, https:\/\/www.lovingmemorials.com\/wp-content\/uploads\/2021\/12\/balcony-ocean-view-scaled-e1639414909778-700x394.jpg 700w, https:\/\/www.lovingmemorials.com\/wp-content\/uploads\/2021\/12\/balcony-ocean-view-scaled-e1639414909778-539x303.jpg 539w\" sizes=\"(max-width: 1024px) 100vw, 1024px\" \/>\t\t\t\t\t\t<span class=\"aig-gallery-hover\">\n\t\t\t\t\t\t\t\t\t\t\t\t\t\t\t<span class=\"icon-arrows-plus\"><\/span> \n\t\t\t\t\t\t\t\t\t\t\t\t\t<\/span>\n\t\t\t\t\t\t\t\t\t\t\t<\/a>\n\t\t\t\t\t\t\t\t\t<\/div>\n\t\t\t<\/div>\n\t\t\t\t\t<div class=\"qode-aig-image qode-item-space\">\n\t\t\t\t<div class=\"qode-aig-image-inner\">\n\t\t\t\t\t\t\t\t\t\t\t<a itemprop=\"image\" class=\"qode-aig-lightbox\" href=\"https:\/\/www.lovingmemorials.com\/wp-content\/uploads\/2021\/12\/luxury-pink-marble.jpg-scaled-e1639415200212.jpg\" data-rel=\"prettyPhoto[image_gallery_pretty_photo-117]\" title=\"Luxus, Rosa, Marmor, Textur, Hintergrund, Design, f\u00fcr, Banner, Einladung, Tapete,\">\n\t\t\t\t\t\t\t\t\t\t\t<img loading=\"lazy\" decoding=\"async\" width=\"1024\" height=\"576\" src=\"https:\/\/www.lovingmemorials.com\/wp-content\/uploads\/2021\/12\/luxury-pink-marble.jpg-scaled-e1639415200212.jpg\" class=\"attachment-full size-full\" alt=\"\" srcset=\"https:\/\/www.lovingmemorials.com\/wp-content\/uploads\/2021\/12\/luxury-pink-marble.jpg-scaled-e1639415200212.jpg 1024w, https:\/\/www.lovingmemorials.com\/wp-content\/uploads\/2021\/12\/luxury-pink-marble.jpg-scaled-e1639415200212-300x169.jpg 300w, https:\/\/www.lovingmemorials.com\/wp-content\/uploads\/2021\/12\/luxury-pink-marble.jpg-scaled-e1639415200212-768x432.jpg 768w, https:\/\/www.lovingmemorials.com\/wp-content\/uploads\/2021\/12\/luxury-pink-marble.jpg-scaled-e1639415200212-700x394.jpg 700w, https:\/\/www.lovingmemorials.com\/wp-content\/uploads\/2021\/12\/luxury-pink-marble.jpg-scaled-e1639415200212-539x303.jpg 539w\" sizes=\"(max-width: 1024px) 100vw, 1024px\" \/>\t\t\t\t\t\t<span class=\"aig-gallery-hover\">\n\t\t\t\t\t\t\t\t\t\t\t\t\t\t\t<span class=\"icon-arrows-plus\"><\/span> \n\t\t\t\t\t\t\t\t\t\t\t\t\t<\/span>\n\t\t\t\t\t\t\t\t\t\t\t<\/a>\n\t\t\t\t\t\t\t\t\t<\/div>\n\t\t\t<\/div>\n\t\t\t<\/div>\n<\/div>\t\t<\/div>\n\t\t\t\t<\/div>\n\t\t\t\t<div class=\"elementor-element elementor-element-4aaab5f elementor-widget elementor-widget-text-editor\" data-id=\"4aaab5f\" data-element_type=\"widget\" data-widget_type=\"text-editor.default\">\n\t\t\t\t<div class=\"elementor-widget-container\">\n\t\t\t\t\t\t\t<h3><strong>K\u00f6nnen meine Familie und Freunde<\/strong> <strong>zum Loving Memorial beitragen?<\/strong><\/h3><p>Ja. Sie k\u00f6nnen Fotos und Videos in die Gedenkst\u00e4tte hochladen. Sie k\u00f6nnen dem G\u00e4stebuch auch Gedanken, Erinnerungen und Geschichten hinzuf\u00fcgen. Sie steuern (und k\u00f6nnen bearbeiten), welche Inhalte angezeigt werden.<\/p><h3><strong>Kann ich ein Beispiel einer Loving<\/strong> Memorial <strong>Website sehen?<\/strong><\/h3><p>Das <a href=\"https:\/\/www.lovingmemorials.com\/m\/antonio-gomes\/112925\/\">Loving Memorial for Antonio Gomes<\/a> ist ein Beispiel f\u00fcr eine Loving Memorial Website. <\/p><h3>In <strong>welchen Sprachen<\/strong> kann ich eine Loving <strong>Memorial Website erstellen?<\/strong><\/h3><p>Sie k\u00f6nnen ein liebevolles Denkmal in den folgenden Sprachen erstellen, bearbeiten und anzeigen:<\/p><p><a href=\"https:\/\/www.lovingmemorials.com\/de\/\">Englisch<\/a> , <a href=\"https:\/\/www.lovingmemorials.com\/fi\/\">Finnisch<\/a> , <a href=\"https:\/\/www.lovingmemorials.com\/fr\/\">Franz\u00f6sisch<\/a> , <a href=\"https:\/\/www.lovingmemorials.com\/de\/\">Deutsch<\/a> , <a href=\"https:\/\/www.lovingmemorials.com\/id\/\">Indonesisch<\/a> , <a href=\"https:\/\/www.lovingmemorials.com\/it\/\">Italienisch<\/a> , <a href=\"https:\/\/www.lovingmemorials.com\/ms\/\">Malaiisch<\/a> , <a href=\"https:\/\/www.lovingmemorials.com\/pl\/\">Polnisch<\/a> , <a href=\"https:\/\/www.lovingmemorials.com\/pt-br\/\">Portugiesisch (Brasilien)<\/a> , <a href=\"https:\/\/www.lovingmemorials.com\/pt-pt\/\">Portugiesisch (Portugal)<\/a> , <a href=\"https:\/\/www.lovingmemorials.com\/es\/\">Spanisch<\/a> , <a href=\"https:\/\/www.lovingmemorials.com\/sv\/\">Schwedisch<\/a> , <a href=\"https:\/\/www.lovingmemorials.com\/tr\/\">T\u00fcrkisch<\/a> , <a href=\"https:\/\/www.lovingmemorials.com\/vi\/\">Vietnamesisch<\/a> .<\/p><h3><strong>Ich habe noch<\/strong> Fragen, <strong>wie kann ich Sie erreichen?<\/strong><\/h3><p>Der beste Weg, uns zu erreichen, ist, uns eine Nachricht \u00fcber \u201e <a href=\"https:\/\/www.lovingmemorials.com\/de\/kontakt\/\">Kontakt<\/a> \u201c zu senden, oder, wenn Sie bereits ein liebevolles Denkmal erstellt haben, \u00fcber das \u201eHilfe\u201c-Formular in Ihrem Konto.<\/p><p>Wir sind stolz auf schnelle Reaktionszeiten. Wir beantworten alle Anfragen so schnell wie m\u00f6glich, oft in weniger als einer Stunde.<\/p><p>Die meisten Probleme lassen sich am besten per E-Mail erkl\u00e4ren. Wenn Sie m\u00f6chten, rufen wir Sie an.<\/p>\t\t\t\t\t\t<\/div>\n\t\t\t\t<\/div>\n\t\t\t\t\t<\/div>\n\t\t<\/div>\n\t\t\t\t\t<\/div>\n\t\t<\/section>\n\t\t\t\t\t<\/div>\n\t\t<\/div>\n\t\t\t\t\t<\/div>\n\t\t<\/section>\n\t\t\t\t<\/div>\n\t\t","protected":false},"excerpt":{"rendered":"<p>H\u00e4ufig gestellte Fragen Was ist ein liebevolles Denkmal? A Loving Memorial ist eine Online-Gedenkst\u00e4tte zum Gedenken an das Leben eines geliebten Menschen. Mit unserem Service k\u00f6nnen Sie Bilder, Videos, W\u00f6rter und Musik hinzuf\u00fcgen, um Erinnerungen zu teilen und die Geschichte Ihrer Liebsten zu erz\u00e4hlen. Sie&#8230;<\/p>\n","protected":false},"author":1,"featured_media":0,"parent":0,"menu_order":0,"comment_status":"closed","ping_status":"closed","template":"","meta":{"footnotes":""},"class_list":["post-14477","page","type-page","status-publish","hentry"],"_links":{"self":[{"href":"https:\/\/www.lovingmemorials.com\/de\/wp-json\/wp\/v2\/pages\/14477","targetHints":{"allow":["GET"]}}],"collection":[{"href":"https:\/\/www.lovingmemorials.com\/de\/wp-json\/wp\/v2\/pages"}],"about":[{"href":"https:\/\/www.lovingmemorials.com\/de\/wp-json\/wp\/v2\/types\/page"}],"author":[{"embeddable":true,"href":"https:\/\/www.lovingmemorials.com\/de\/wp-json\/wp\/v2\/users\/1"}],"replies":[{"embeddable":true,"href":"https:\/\/www.lovingmemorials.com\/de\/wp-json\/wp\/v2\/comments?post=14477"}],"version-history":[{"count":17,"href":"https:\/\/www.lovingmemorials.com\/de\/wp-json\/wp\/v2\/pages\/14477\/revisions"}],"predecessor-version":[{"id":18464,"href":"https:\/\/www.lovingmemorials.com\/de\/wp-json\/wp\/v2\/pages\/14477\/revisions\/18464"}],"wp:attachment":[{"href":"https:\/\/www.lovingmemorials.com\/de\/wp-json\/wp\/v2\/media?parent=14477"}],"curies":[{"name":"wp","href":"https:\/\/api.w.org\/{rel}","templated":true}]}}