{"id":15378,"date":"2022-02-16T17:40:25","date_gmt":"2022-02-16T17:40:25","guid":{"rendered":"https:\/\/www.lovingmemorials.com\/leitfaden-fuer-online-gedenkstaetten\/"},"modified":"2022-02-26T02:49:20","modified_gmt":"2022-02-26T02:49:20","slug":"fuehren","status":"publish","type":"page","link":"https:\/\/www.lovingmemorials.com\/de\/fuehren\/","title":{"rendered":"F\u00fchren"},"content":{"rendered":"\t\t<div data-elementor-type=\"wp-page\" data-elementor-id=\"15378\" class=\"elementor elementor-15378\" data-elementor-post-type=\"page\">\n\t\t\t\t\t\t<section class=\"elementor-section elementor-top-section elementor-element elementor-element-0182c20 elementor-section-content-middle page-header elementor-section-boxed elementor-section-height-default elementor-section-height-default parallax_section_no qode_elementor_container_no\" data-id=\"0182c20\" data-element_type=\"section\">\n\t\t\t\t\t\t<div class=\"elementor-container elementor-column-gap-no\">\n\t\t\t\t\t<div class=\"elementor-column elementor-col-100 elementor-top-column elementor-element elementor-element-f85ac67\" data-id=\"f85ac67\" data-element_type=\"column\">\n\t\t\t<div class=\"elementor-widget-wrap elementor-element-populated\">\n\t\t\t\t\t\t<div class=\"elementor-element elementor-element-fff4700 elementor-widget elementor-widget-heading\" data-id=\"fff4700\" data-element_type=\"widget\" data-widget_type=\"heading.default\">\n\t\t\t\t<div class=\"elementor-widget-container\">\n\t\t\t<h1 class=\"elementor-heading-title elementor-size-default\">Ein Leitfaden f\u00fcr Online-Gedenkwebsites<\/h1>\t\t<\/div>\n\t\t\t\t<\/div>\n\t\t\t\t<section class=\"elementor-section elementor-inner-section elementor-element elementor-element-5c8432b elementor-section-content-middle container-shadow elementor-section-boxed elementor-section-height-default elementor-section-height-default parallax_section_no qode_elementor_container_no\" data-id=\"5c8432b\" data-element_type=\"section\" data-settings=\"{&quot;background_background&quot;:&quot;classic&quot;}\">\n\t\t\t\t\t\t<div class=\"elementor-container elementor-column-gap-no\">\n\t\t\t\t\t<div class=\"elementor-column elementor-col-100 elementor-inner-column elementor-element elementor-element-6155df8\" data-id=\"6155df8\" data-element_type=\"column\">\n\t\t\t<div class=\"elementor-widget-wrap elementor-element-populated\">\n\t\t\t\t\t\t<div class=\"elementor-element elementor-element-a9e2b32 elementor-widget elementor-widget-text-editor\" data-id=\"a9e2b32\" data-element_type=\"widget\" data-widget_type=\"text-editor.default\">\n\t\t\t\t<div class=\"elementor-widget-container\">\n\t\t\t\t\t\t\t<p>Dieser Leitfaden zu Online-Gedenkst\u00e4tten hilft Ihnen bei der Auswahl des f\u00fcr Sie am besten geeigneten Gedenkst\u00e4tten-Website-Dienstes. Wir gehen auf die wichtigsten Funktionen, wichtigen \u00dcberlegungen und Fragen ein, die Sie m\u00f6glicherweise zum Erstellen und Pflegen einer Gedenkst\u00e4tte online haben.<\/p><h3>So w\u00e4hlen Sie den besten Online-Gedenk-Website-Service aus<\/h3><p>Einige wichtige \u00dcberlegungen bei der Auswahl eines <a href=\"https:\/\/www.lovingmemorials.com\/de\/\">Unternehmens f\u00fcr Gedenkst\u00e4tten-Websites<\/a> :<\/p><ul><li><a href=\"https:\/\/www.lovingmemorials.com\/de\/fuehren\/builder-vorlage\/\">Einfach zu verwenden<\/a><\/li><li aria-level=\"1\"><a href=\"https:\/\/www.lovingmemorials.com\/de\/fuehren\/builder-vorlage\/#templates\">Eine gro\u00dfe Auswahl an Hintergrundbildern als Vorlagen<\/a><\/li><li aria-level=\"1\"><a href=\"https:\/\/www.lovingmemorials.com\/de\/fuehren\/storytelling-diashow\/\">Geschichtenerz\u00e4hlen<\/a><\/li><li aria-level=\"1\"><a href=\"https:\/\/www.lovingmemorials.com\/de\/fuehren\/fokus-geliebter\/\">Konzentriere dich auf deinen Liebsten<\/a><\/li><li aria-level=\"1\">Kosten, kostenlos versus kostenpflichtig<\/li><\/ul><p><!--<br \/>Other important considerations:<\/p>\n<ul>\n<li aria-level=\"1\">cost, free versus paid<\/li>\n<li aria-level=\"1\">how long your memorial will stay up?<\/li>\n<li aria-level=\"1\">customer service and support<\/li>\n<\/ul>\n<p>Every memorial website should have:<\/p>\n<ul>\n<li aria-level=\"1\">privacy control<\/li>\n<li aria-level=\"1\">upload features<\/li>\n<li aria-level=\"1\">backups<\/li>\n<\/ul>\n<p>--><br>Ein Online-Gedenk-Website-Service sollte sich ganz auf Ihren geliebten Menschen konzentrieren. Es sollte ein minimales Firmen-Branding haben und es sollte keine Werbung oder Links enthalten, um eine Gedenkst\u00e4tte f\u00fcr jemand anderen zu schaffen.<\/p><p>Es sollte einfach, elegant und einfach zu bedienen sein. Es sollte ein gutes Preis-Leistungs-Verh\u00e4ltnis bieten und die Erinnerung an Ihren Liebsten so lange lebendig halten, wie Sie m\u00f6chten.<\/p><p>Bei Loving Memorials haben wir einen Online-Gedenkdienst geschaffen, der all diese Dinge bietet. Sehen Sie sich unser <a href=\"https:\/\/www.lovingmemorials.com\/m\/antonio-gomes\/112925\/\">Beispiel<\/a> f\u00fcr ein liebevolles Gedenken an, erfahren Sie mehr oder <a href=\"https:\/\/www.lovingmemorials.com\/create-memorial\/\">erstellen Sie noch heute ein liebevolles Gedenken<\/a> , damit Freunde und Familie Erinnerungen bewahren und das Leben Ihres Geliebten feiern k\u00f6nnen.<\/p><h3>Verstehen und Erstellen einer Online-Gedenkwebsite<\/h3><ul><li aria-level=\"1\"><a href=\"https:\/\/www.lovingmemorials.com\/de\/fuehren\/what-is-online-memorial\/\">Was ist eine Online-Gedenk-Website oder -Seite?<\/a><\/li><li aria-level=\"1\"><a href=\"https:\/\/www.lovingmemorials.com\/de\/fuehren\/unterschied-zwischen-nachruf-denkmal\/\">Was ist der Unterschied zwischen einer Online-Gedenkst\u00e4tte und einem Online-Nachruf?<\/a><\/li><\/ul><p>Wir werden das <a href=\"https:\/\/www.lovingmemorials.com\/m\/antonio-gomes\/112925\/\">Beispiel<\/a> eines liebevollen Gedenkens verwenden, um die Punkte in diesem Leitfaden zu veranschaulichen. Wir werden Aspekte kommunizieren, die wir f\u00fcr wichtig halten, um Ihnen die Informationen zu geben, die Sie ben\u00f6tigen, um die beste Entscheidung f\u00fcr die Trauerfeier f\u00fcr Ihren geliebten Menschen zu treffen.<\/p>\t\t\t\t\t\t<\/div>\n\t\t\t\t<\/div>\n\t\t\t\t\t<\/div>\n\t\t<\/div>\n\t\t\t\t\t<\/div>\n\t\t<\/section>\n\t\t\t\t\t<\/div>\n\t\t<\/div>\n\t\t\t\t\t<\/div>\n\t\t<\/section>\n\t\t\t\t<\/div>\n\t\t","protected":false},"excerpt":{"rendered":"<p>Ein Leitfaden f\u00fcr Online-Gedenkwebsites Dieser Leitfaden zu Online-Gedenkst\u00e4tten hilft Ihnen bei der Auswahl des f\u00fcr Sie am besten geeigneten Gedenkst\u00e4tten-Website-Dienstes. Wir gehen auf die wichtigsten Funktionen, wichtigen \u00dcberlegungen und Fragen ein, die Sie m\u00f6glicherweise zum Erstellen und Pflegen einer Gedenkst\u00e4tte online haben. So w\u00e4hlen Sie&#8230;<\/p>\n","protected":false},"author":6,"featured_media":0,"parent":0,"menu_order":0,"comment_status":"closed","ping_status":"closed","template":"","meta":{"footnotes":""},"class_list":["post-15378","page","type-page","status-publish","hentry"],"_links":{"self":[{"href":"https:\/\/www.lovingmemorials.com\/de\/wp-json\/wp\/v2\/pages\/15378","targetHints":{"allow":["GET"]}}],"collection":[{"href":"https:\/\/www.lovingmemorials.com\/de\/wp-json\/wp\/v2\/pages"}],"about":[{"href":"https:\/\/www.lovingmemorials.com\/de\/wp-json\/wp\/v2\/types\/page"}],"author":[{"embeddable":true,"href":"https:\/\/www.lovingmemorials.com\/de\/wp-json\/wp\/v2\/users\/6"}],"replies":[{"embeddable":true,"href":"https:\/\/www.lovingmemorials.com\/de\/wp-json\/wp\/v2\/comments?post=15378"}],"version-history":[{"count":6,"href":"https:\/\/www.lovingmemorials.com\/de\/wp-json\/wp\/v2\/pages\/15378\/revisions"}],"predecessor-version":[{"id":17968,"href":"https:\/\/www.lovingmemorials.com\/de\/wp-json\/wp\/v2\/pages\/15378\/revisions\/17968"}],"wp:attachment":[{"href":"https:\/\/www.lovingmemorials.com\/de\/wp-json\/wp\/v2\/media?parent=15378"}],"curies":[{"name":"wp","href":"https:\/\/api.w.org\/{rel}","templated":true}]}}