{"id":15418,"date":"2022-02-16T17:44:06","date_gmt":"2022-02-16T17:44:06","guid":{"rendered":"https:\/\/www.lovingmemorials.com\/leitfaden-fuer-online-gedenkstaetten\/geschichtenerzaehlen-in-einer-gedenkdiashow\/"},"modified":"2022-02-26T02:49:56","modified_gmt":"2022-02-26T02:49:56","slug":"storytelling-diashow","status":"publish","type":"page","link":"https:\/\/www.lovingmemorials.com\/de\/fuehren\/storytelling-diashow\/","title":{"rendered":"Storytelling-Diashow"},"content":{"rendered":"\t\t<div data-elementor-type=\"wp-page\" data-elementor-id=\"15418\" class=\"elementor elementor-15418\" data-elementor-post-type=\"page\">\n\t\t\t\t\t\t<section class=\"elementor-section elementor-top-section elementor-element elementor-element-0182c20 elementor-section-content-middle elementor-section-boxed elementor-section-height-default elementor-section-height-default parallax_section_no qode_elementor_container_no\" data-id=\"0182c20\" data-element_type=\"section\">\n\t\t\t\t\t\t<div class=\"elementor-container elementor-column-gap-no\">\n\t\t\t\t\t<div class=\"elementor-column elementor-col-100 elementor-top-column elementor-element elementor-element-f85ac67\" data-id=\"f85ac67\" data-element_type=\"column\">\n\t\t\t<div class=\"elementor-widget-wrap elementor-element-populated\">\n\t\t\t\t\t\t<div class=\"elementor-element elementor-element-a3ba493 guide-breardcrumb elementor-widget elementor-widget-text-editor\" data-id=\"a3ba493\" data-element_type=\"widget\" data-widget_type=\"text-editor.default\">\n\t\t\t\t<div class=\"elementor-widget-container\">\n\t\t\t\t\t\t\t<p><a href=\"https:\/\/www.lovingmemorials.com\/de\/\">Heim<\/a>&gt;&gt; <a href=\"https:\/\/www.lovingmemorials.com\/de\/fuehren\/\">Leitfaden zu Gedenkseiten<\/a> &gt;&gt;<\/p>\t\t\t\t\t\t<\/div>\n\t\t\t\t<\/div>\n\t\t\t\t<div class=\"elementor-element elementor-element-fff4700 page-header elementor-widget elementor-widget-heading\" data-id=\"fff4700\" data-element_type=\"widget\" data-widget_type=\"heading.default\">\n\t\t\t\t<div class=\"elementor-widget-container\">\n\t\t\t<h1 class=\"elementor-heading-title elementor-size-default\">Geschichtenerz\u00e4hlen in einer Gedenkdiashow<\/h1>\t\t<\/div>\n\t\t\t\t<\/div>\n\t\t\t\t<section class=\"elementor-section elementor-inner-section elementor-element elementor-element-5c8432b elementor-section-content-middle container-shadow elementor-section-boxed elementor-section-height-default elementor-section-height-default parallax_section_no qode_elementor_container_no\" data-id=\"5c8432b\" data-element_type=\"section\" data-settings=\"{&quot;background_background&quot;:&quot;classic&quot;}\">\n\t\t\t\t\t\t<div class=\"elementor-container elementor-column-gap-no\">\n\t\t\t\t\t<div class=\"elementor-column elementor-col-100 elementor-inner-column elementor-element elementor-element-6155df8\" data-id=\"6155df8\" data-element_type=\"column\">\n\t\t\t<div class=\"elementor-widget-wrap elementor-element-populated\">\n\t\t\t\t\t\t<div class=\"elementor-element elementor-element-cf3f708 elementor-widget elementor-widget-text-editor\" data-id=\"cf3f708\" data-element_type=\"widget\" data-widget_type=\"text-editor.default\">\n\t\t\t\t<div class=\"elementor-widget-container\">\n\t\t\t\t\t\t\t<p>Damit eine Gedenk-Website die Kostbarkeit eines geliebten Menschen einfangen kann, muss seine Geschichte durch Bilder, Videos und Worte zum Leben erweckt werden. Es wird durch Bilder und Videos erz\u00e4hlt, aber die Worte hinter diesen Erinnerungen erwecken die Geschichte Ihres geliebten Menschen zum Leben, sodass sie von anderen verstanden und gesch\u00e4tzt werden kann.<\/p><h3>Die &#8218;Life&#8216;-Seite: Eine Diashow der Erinnerungen<\/h3><p>Jedes liebevolle Denkmal wird mit einer \u201eLebensseite\u201c geliefert \u2013 sehen Sie sich ein Beispiel einer <a href=\"https:\/\/www.lovingmemorials.com\/m\/antonio-gomes\/112925\/\">Lebensseite<\/a> an .<\/p><p>Die Seite \u201eLeben\u201c ist eine Diashow-Pr\u00e4sentation der wichtigen Erinnerungen, die das Leben Ihrer Liebsten repr\u00e4sentieren. Jede Folie ist eine Erinnerung. Die Erinnerungen k\u00f6nnen in chronologischer Reihenfolge oder in beliebiger Reihenfolge angezeigt werden.<\/p><p>Musik und Lieder k\u00f6nnen der Diashow hinzugef\u00fcgt werden.<\/p><h3>Erinnerungen machen ein Leben<\/h3><p>Die Life-Seite besteht aus einpr\u00e4gsamen Bildern und Videos, die Besucher durchsehen k\u00f6nnen. \u00dcberschriften und Bildunterschriften werden hinzugef\u00fcgt, um die Geschichte hinter der Erinnerung zu erz\u00e4hlen.<\/p><p>Hier ist ein Beispiel f\u00fcr eine Erinnerung, die im Verwaltungsbereich von Loving Memorial hinzugef\u00fcgt wird. <\/p><p><a href=\"https:\/\/www.lovingmemorials.com\/wp-content\/uploads\/2021\/12\/calm-e1640975705186.png\"><img decoding=\"async\" class=\"alignright wp-image-7668 size-full\" src=\"https:\/\/www.lovingmemorials.com\/wp-content\/uploads\/2021\/12\/calm-e1640975705186.png\" alt=\"\" width=\"100%\" height=\"674\"><\/a><\/p><p>Durch Klicken auf \u201eSpeichern\u201c wird die Erinnerung automatisch im Abschnitt \u201eLeben\u201c ver\u00f6ffentlicht und die Diashow aktualisiert.<\/p><p><a href=\"https:\/\/www.lovingmemorials.com\/wp-content\/uploads\/2022\/01\/Loving-Memorials-Antonio-Gomes-Loving-Memorial-Calm-e1642451952228.png\"><img fetchpriority=\"high\" decoding=\"async\" class=\"alignnone wp-image-9703 size-full\" src=\"https:\/\/www.lovingmemorials.com\/wp-content\/uploads\/2022\/01\/Loving-Memorials-Antonio-Gomes-Loving-Memorial-Calm-e1642451952228.png\" alt=\"\" width=\"1024\" height=\"693\"><\/a><\/p><h3>Erinnerungen erz\u00e4hlen eine Geschichte<\/h3><p>Die \u00dcberschrift und Bildunterschrift, die Sie Ihrem Foto hinzuf\u00fcgen, ist optional und kann beliebig lang sein. Sie k\u00f6nnen einfach \u00dcberschriften oder Bildunterschriften hinzuf\u00fcgen.<\/p><p>Die hinzugef\u00fcgte \u00dcberschrift und Bildunterschrift kann auch eine Geschichte erz\u00e4hlen.<\/p><p><a href=\"https:\/\/www.lovingmemorials.com\/wp-content\/uploads\/2022\/01\/Loving-Memorials-Antonio-Gomes-Loving-Memorial-Story-e1642450695713.png\"><img decoding=\"async\" class=\"alignnone wp-image-9668 size-full\" src=\"https:\/\/www.lovingmemorials.com\/wp-content\/uploads\/2022\/01\/Loving-Memorials-Antonio-Gomes-Loving-Memorial-Story-e1642450695713.png\" alt=\"\" width=\"1024\" height=\"693\"><\/a><\/p><p>Die Erinnerungen und Geschichten, die Sie von Ihrer Geliebten teilen, werden zu ihrer Lebensgeschichte.<\/p><h3>Online-Ged\u00e4chtnis-Diashow im Vergleich zu einem Diashow-Ersteller<\/h3><p>Ein Diashow-Ersteller, wie z. B. eine Desktop-Software oder eine kostenlose App, ist eine Software, mit der Sie eine Diashow-Datei oder ein Dokument erstellen k\u00f6nnen, das Sie an Freunde und Familie senden k\u00f6nnen. Eine Online-Slideshow, wie die im Lebensabschnitt eines liebevollen Denkmals, hat mehrere Vorteile gegen\u00fcber einer Slideshow, die eine Datei oder ein Dokument enth\u00e4lt.<\/p><p>Eine Online-Diashow erleichtert Familie und Freunden das Einreichen von Fotos und Videos. Sie k\u00f6nnen diese Medien online direkt an die Gedenkst\u00e4tte \u00fcbermitteln, anstatt sie per E-Mail, SMS, Social Media oder Filesharing-Diensten mit Ihnen zu teilen.<\/p><p>Eine Online-Slideshow kann erneut bearbeitet werden, ohne dass sie jedes Mal neu gesendet werden muss. Besucher k\u00f6nnen weiterhin online zur Diashow beitragen, damit sie sich im Laufe der Zeit weiterentwickelt.<\/p><p>Ein Link zu einer Online-Gedenkst\u00e4tte ist f\u00fcr Sie und andere einfacher zu teilen. Dadurch k\u00f6nnen Sie vermeiden, dass Sie jedes Mal eine Datei suchen und senden m\u00fcssen, wenn die Gedenkst\u00e4tte geteilt wird.<\/p><p>Eine Online-Diashow, wie z. B. ein liebevolles Denkmal, wird durch Backups gesch\u00fctzt, anstatt auf einem Ger\u00e4t aufbewahrt zu werden, das besch\u00e4digt werden oder verloren gehen kann.<\/p>\t\t\t\t\t\t<\/div>\n\t\t\t\t<\/div>\n\t\t\t\t\t<\/div>\n\t\t<\/div>\n\t\t\t\t\t<\/div>\n\t\t<\/section>\n\t\t\t\t\t<\/div>\n\t\t<\/div>\n\t\t\t\t\t<\/div>\n\t\t<\/section>\n\t\t\t\t<\/div>\n\t\t","protected":false},"excerpt":{"rendered":"<p>Heim&gt;&gt; Leitfaden zu Gedenkseiten &gt;&gt; Geschichtenerz\u00e4hlen in einer Gedenkdiashow Damit eine Gedenk-Website die Kostbarkeit eines geliebten Menschen einfangen kann, muss seine Geschichte durch Bilder, Videos und Worte zum Leben erweckt werden. Es wird durch Bilder und Videos erz\u00e4hlt, aber die Worte hinter diesen Erinnerungen erwecken&#8230;<\/p>\n","protected":false},"author":6,"featured_media":0,"parent":15378,"menu_order":0,"comment_status":"closed","ping_status":"closed","template":"","meta":{"footnotes":""},"class_list":["post-15418","page","type-page","status-publish","hentry"],"_links":{"self":[{"href":"https:\/\/www.lovingmemorials.com\/de\/wp-json\/wp\/v2\/pages\/15418","targetHints":{"allow":["GET"]}}],"collection":[{"href":"https:\/\/www.lovingmemorials.com\/de\/wp-json\/wp\/v2\/pages"}],"about":[{"href":"https:\/\/www.lovingmemorials.com\/de\/wp-json\/wp\/v2\/types\/page"}],"author":[{"embeddable":true,"href":"https:\/\/www.lovingmemorials.com\/de\/wp-json\/wp\/v2\/users\/6"}],"replies":[{"embeddable":true,"href":"https:\/\/www.lovingmemorials.com\/de\/wp-json\/wp\/v2\/comments?post=15418"}],"version-history":[{"count":3,"href":"https:\/\/www.lovingmemorials.com\/de\/wp-json\/wp\/v2\/pages\/15418\/revisions"}],"predecessor-version":[{"id":17314,"href":"https:\/\/www.lovingmemorials.com\/de\/wp-json\/wp\/v2\/pages\/15418\/revisions\/17314"}],"up":[{"embeddable":true,"href":"https:\/\/www.lovingmemorials.com\/de\/wp-json\/wp\/v2\/pages\/15378"}],"wp:attachment":[{"href":"https:\/\/www.lovingmemorials.com\/de\/wp-json\/wp\/v2\/media?parent=15418"}],"curies":[{"name":"wp","href":"https:\/\/api.w.org\/{rel}","templated":true}]}}