{"id":15810,"date":"2022-02-16T20:28:19","date_gmt":"2022-02-16T20:28:19","guid":{"rendered":"https:\/\/www.lovingmemorials.com\/leitfaden-fuer-online-gedenkstaetten\/was-ist-eine-online-gedenkstaette\/"},"modified":"2022-02-26T03:00:56","modified_gmt":"2022-02-26T03:00:56","slug":"what-is-online-memorial","status":"publish","type":"page","link":"https:\/\/www.lovingmemorials.com\/de\/fuehren\/what-is-online-memorial\/","title":{"rendered":"Was ist eine Online-Gedenkst\u00e4tte?"},"content":{"rendered":"\t\t<div data-elementor-type=\"wp-page\" data-elementor-id=\"15810\" class=\"elementor elementor-15810\" data-elementor-post-type=\"page\">\n\t\t\t\t\t\t<section class=\"elementor-section elementor-top-section elementor-element elementor-element-0182c20 elementor-section-content-middle elementor-section-boxed elementor-section-height-default elementor-section-height-default parallax_section_no qode_elementor_container_no\" data-id=\"0182c20\" data-element_type=\"section\">\n\t\t\t\t\t\t<div class=\"elementor-container elementor-column-gap-no\">\n\t\t\t\t\t<div class=\"elementor-column elementor-col-100 elementor-top-column elementor-element elementor-element-f85ac67\" data-id=\"f85ac67\" data-element_type=\"column\">\n\t\t\t<div class=\"elementor-widget-wrap elementor-element-populated\">\n\t\t\t\t\t\t<div class=\"elementor-element elementor-element-a3ba493 guide-breardcrumb elementor-widget elementor-widget-text-editor\" data-id=\"a3ba493\" data-element_type=\"widget\" data-widget_type=\"text-editor.default\">\n\t\t\t\t<div class=\"elementor-widget-container\">\n\t\t\t\t\t\t\t<p><a href=\"https:\/\/www.lovingmemorials.com\/de\/\">Heim<\/a>&gt;&gt; <a href=\"https:\/\/www.lovingmemorials.com\/de\/fuehren\/\">Leitfaden zu Gedenkseiten<\/a> &gt;&gt;<\/p>\t\t\t\t\t\t<\/div>\n\t\t\t\t<\/div>\n\t\t\t\t<div class=\"elementor-element elementor-element-fff4700 page-header elementor-widget elementor-widget-heading\" data-id=\"fff4700\" data-element_type=\"widget\" data-widget_type=\"heading.default\">\n\t\t\t\t<div class=\"elementor-widget-container\">\n\t\t\t<h1 class=\"elementor-heading-title elementor-size-default\">Was ist eine Online-Gedenkst\u00e4tte?\n<\/h1>\t\t<\/div>\n\t\t\t\t<\/div>\n\t\t\t\t<section class=\"elementor-section elementor-inner-section elementor-element elementor-element-5c8432b elementor-section-content-middle container-shadow elementor-section-boxed elementor-section-height-default elementor-section-height-default parallax_section_no qode_elementor_container_no\" data-id=\"5c8432b\" data-element_type=\"section\" data-settings=\"{&quot;background_background&quot;:&quot;classic&quot;}\">\n\t\t\t\t\t\t<div class=\"elementor-container elementor-column-gap-no\">\n\t\t\t\t\t<div class=\"elementor-column elementor-col-100 elementor-inner-column elementor-element elementor-element-6155df8\" data-id=\"6155df8\" data-element_type=\"column\">\n\t\t\t<div class=\"elementor-widget-wrap elementor-element-populated\">\n\t\t\t\t\t\t<div class=\"elementor-element elementor-element-cf3f708 elementor-widget elementor-widget-text-editor\" data-id=\"cf3f708\" data-element_type=\"widget\" data-widget_type=\"text-editor.default\">\n\t\t\t\t<div class=\"elementor-widget-container\">\n\t\t\t\t\t\t\t<p>Eine Online-Gedenkst\u00e4tte ist ein Online-Ort, an dem sich die Lebenden an das Leben einer verstorbenen Person oder eines verstorbenen Haustiers erinnern und feiern, damit sie nicht vergessen werden.<\/p><p>Ein Online-Ort bedeutet, dass es sich um eine spezielle Gedenkwebsite, eine einzelne Seite oder Seiten in sozialen Medien handeln kann, <a href=\"https:\/\/www.facebook.com\/help\/275013292838654\">wie z. B. ein gedenkw\u00fcrdiges Facebook-Konto<\/a> . Gedenkst\u00e4tten-Websites werden manchmal auch als virtuelle Gedenkst\u00e4tten oder digitale Gedenkst\u00e4tten bezeichnet.<\/p><p>Der Zweck einer Gedenkwebsite besteht darin, denjenigen, die den Verstorbenen kannten, zu erm\u00f6glichen, sich an ihr Leben zu erinnern, zu trauern, zu heilen, zu teilen und zu feiern.<\/p><p>Der gemeinschaftliche Aspekt einer Gedenkwebsite ist sehr wichtig, wobei die Verbindung ein Schl\u00fcsselelement ist. Eine Online-Gedenkst\u00e4tte sollte es Besuchern erm\u00f6glichen, sich in ein G\u00e4stebuch einzutragen und eine Kerze anzuz\u00fcnden oder Blumen hinzuzuf\u00fcgen. Familie und Freunde k\u00f6nnen m\u00f6glicherweise auch Bilder und Videos hinzuf\u00fcgen, um zur Gedenkst\u00e4tte beizutragen.<\/p><p>Die Gedenkseite wird von Angeh\u00f6rigen der Verstorbenen gepflegt. Die Angeh\u00f6rigen, die das Denkmal pflegen, sind in der Regel die unmittelbare Familie, k\u00f6nnen aber auch die erweiterte Familie, Freunde, Mitarbeiter und Kollegen sein.<\/p><p>Da die Gedenkst\u00e4tte online ist, hat dies den Vorteil, dass sie leicht gemeinschaftlich ist und von \u00fcberall aus besucht werden kann. Der Online-Aspekt einer Gedenkst\u00e4tte erm\u00f6glicht es auch, die Gedenkst\u00e4tte f\u00fcr k\u00fcnftige Generationen aktiv und sichtbar zu machen.<\/p>\t\t\t\t\t\t<\/div>\n\t\t\t\t<\/div>\n\t\t\t\t\t<\/div>\n\t\t<\/div>\n\t\t\t\t\t<\/div>\n\t\t<\/section>\n\t\t\t\t\t<\/div>\n\t\t<\/div>\n\t\t\t\t\t<\/div>\n\t\t<\/section>\n\t\t\t\t<\/div>\n\t\t","protected":false},"excerpt":{"rendered":"<p>Heim&gt;&gt; Leitfaden zu Gedenkseiten &gt;&gt; Was ist eine Online-Gedenkst\u00e4tte? Eine Online-Gedenkst\u00e4tte ist ein Online-Ort, an dem sich die Lebenden an das Leben einer verstorbenen Person oder eines verstorbenen Haustiers erinnern und feiern, damit sie nicht vergessen werden. Ein Online-Ort bedeutet, dass es sich um eine&#8230;<\/p>\n","protected":false},"author":6,"featured_media":0,"parent":15378,"menu_order":0,"comment_status":"closed","ping_status":"closed","template":"","meta":{"footnotes":""},"class_list":["post-15810","page","type-page","status-publish","hentry"],"_links":{"self":[{"href":"https:\/\/www.lovingmemorials.com\/de\/wp-json\/wp\/v2\/pages\/15810","targetHints":{"allow":["GET"]}}],"collection":[{"href":"https:\/\/www.lovingmemorials.com\/de\/wp-json\/wp\/v2\/pages"}],"about":[{"href":"https:\/\/www.lovingmemorials.com\/de\/wp-json\/wp\/v2\/types\/page"}],"author":[{"embeddable":true,"href":"https:\/\/www.lovingmemorials.com\/de\/wp-json\/wp\/v2\/users\/6"}],"replies":[{"embeddable":true,"href":"https:\/\/www.lovingmemorials.com\/de\/wp-json\/wp\/v2\/comments?post=15810"}],"version-history":[{"count":2,"href":"https:\/\/www.lovingmemorials.com\/de\/wp-json\/wp\/v2\/pages\/15810\/revisions"}],"predecessor-version":[{"id":17924,"href":"https:\/\/www.lovingmemorials.com\/de\/wp-json\/wp\/v2\/pages\/15810\/revisions\/17924"}],"up":[{"embeddable":true,"href":"https:\/\/www.lovingmemorials.com\/de\/wp-json\/wp\/v2\/pages\/15378"}],"wp:attachment":[{"href":"https:\/\/www.lovingmemorials.com\/de\/wp-json\/wp\/v2\/media?parent=15810"}],"curies":[{"name":"wp","href":"https:\/\/api.w.org\/{rel}","templated":true}]}}