{"id":16658,"date":"2022-02-17T18:56:19","date_gmt":"2022-02-17T18:56:19","guid":{"rendered":"https:\/\/www.lovingmemorials.com\/privatsphaere\/"},"modified":"2022-02-27T00:26:56","modified_gmt":"2022-02-27T00:26:56","slug":"privatsphaere","status":"publish","type":"page","link":"https:\/\/www.lovingmemorials.com\/de\/privatsphaere\/","title":{"rendered":"Datenschutz-Bestimmungen"},"content":{"rendered":"\t\t<div data-elementor-type=\"wp-page\" data-elementor-id=\"16658\" class=\"elementor elementor-16658\" data-elementor-post-type=\"page\">\n\t\t\t\t\t\t<section class=\"elementor-section elementor-top-section elementor-element elementor-element-0182c20 elementor-section-content-middle page-header elementor-section-boxed elementor-section-height-default elementor-section-height-default parallax_section_no qode_elementor_container_no\" data-id=\"0182c20\" data-element_type=\"section\">\n\t\t\t\t\t\t<div class=\"elementor-container elementor-column-gap-no\">\n\t\t\t\t\t<div class=\"elementor-column elementor-col-100 elementor-top-column elementor-element elementor-element-f85ac67\" data-id=\"f85ac67\" data-element_type=\"column\">\n\t\t\t<div class=\"elementor-widget-wrap elementor-element-populated\">\n\t\t\t\t\t\t<div class=\"elementor-element elementor-element-fff4700 elementor-widget elementor-widget-heading\" data-id=\"fff4700\" data-element_type=\"widget\" data-widget_type=\"heading.default\">\n\t\t\t\t<div class=\"elementor-widget-container\">\n\t\t\t<h1 class=\"elementor-heading-title elementor-size-default\">Datenschutz-Bestimmungen<\/h1>\t\t<\/div>\n\t\t\t\t<\/div>\n\t\t\t\t<section class=\"elementor-section elementor-inner-section elementor-element elementor-element-5c8432b elementor-section-content-middle container-shadow elementor-section-boxed elementor-section-height-default elementor-section-height-default parallax_section_no qode_elementor_container_no\" data-id=\"5c8432b\" data-element_type=\"section\" data-settings=\"{&quot;background_background&quot;:&quot;classic&quot;}\">\n\t\t\t\t\t\t<div class=\"elementor-container elementor-column-gap-no\">\n\t\t\t\t\t<div class=\"elementor-column elementor-col-100 elementor-inner-column elementor-element elementor-element-6155df8\" data-id=\"6155df8\" data-element_type=\"column\">\n\t\t\t<div class=\"elementor-widget-wrap elementor-element-populated\">\n\t\t\t\t\t\t<div class=\"elementor-element elementor-element-a9e2b32 elementor-widget elementor-widget-text-editor\" data-id=\"a9e2b32\" data-element_type=\"widget\" data-widget_type=\"text-editor.default\">\n\t\t\t\t<div class=\"elementor-widget-container\">\n\t\t\t\t\t\t\t<p>Diese Datenschutzrichtlinie erkl\u00e4rt:<\/p><ul><li>welche Informationen wir sammeln<\/li><li>warum wir es sammeln<\/li><li>wie wir es verwenden<\/li><li>die Wahlm\u00f6glichkeiten, die Sie haben<\/li><\/ul><h3>Informationssammlung<\/h3><ul><li>Informationen, die Sie uns zur Verf\u00fcgung stellen<ul><li>Wenn Sie den Service \u201eLoving Memorials\u201c nutzen, m\u00fcssen Sie uns personenbezogene Daten und Informationen \u00fcber Ihre geliebte Person zur Verf\u00fcgung stellen ((Ihr \u201egeliebter Mensch\u201c ist die Person oder das Haustier, f\u00fcr die\/das Sie eine liebevolle Gedenkst\u00e4tte erstellen).<\/li><li>Pers\u00f6nliche Angaben<\/li><\/ul><\/li><\/ul><ul><li>Ihr Name, Ihre E-Mail-Adresse, Ihre Zahlungsinformationen, Ihre Beziehung zu dem Verstorbenen, f\u00fcr den das liebevolle Denkmal erstellt wurde, die Sprache, in der Ihr liebevolles Denkmal verfasst ist<\/li><li>Die Informationen Ihres geliebten Menschen<\/li><li>Ihr \u201eGeliebter\u201c ist die Person oder das Haustier, f\u00fcr das Sie ein liebevolles Denkmal schaffen<\/li><li>Die Informationen Ihrer geliebten Person k\u00f6nnen ihre Geburts- und Todesdaten, Orte, an denen sie gelebt haben, ihre famili\u00e4ren Beziehungen zu anderen Menschen, Menschen, die sie kannten, ihre Lebensgeschichte, Bilder, Videos, Musik, Erinnerungen, Geschichten, G\u00e4stebucheintr\u00e4ge enthalten<\/li><\/ul><ul><li>Informationen von Besuchern<ul><li>Besucher von k\u00f6nnen auch Informationen zu Ihrer geliebten Person bereitstellen, wie Bilder, Videos, Geschichten, Erinnerungen und G\u00e4stebucheintr\u00e4ge<\/li><\/ul><\/li><li>Informationen von Partnern<ul><li>Wir sammeln Informationen von anderen Unternehmen, mit denen Sie oder jemand, der wusste, dass Ihr geliebter Mensch eine Beziehung hatte<\/li><li>Beispielsweise kann ein Bestattungsunternehmen einen Nachruf f\u00fcr Ihren geliebten Menschen erstellt haben, und dieser Nachruf war die Grundlage f\u00fcr die Informationen, die in der liebevollen Gedenkst\u00e4tte verwendet werden<\/li><li>Diese Informationen von unseren Partnern k\u00f6nnen alle Informationen in \u201eInformationen Ihrer geliebten Person\u201c enthalten.<\/li><li>Unsere Partnerschaften k\u00f6nnen Bestattungsunternehmen, Softwareanbieter in der Bestattungsbranche oder unabh\u00e4ngige Websites umfassen<\/li><\/ul><\/li><li>Informationen, die wir automatisch sammeln<ul><li>Wir erfassen automatisch Informationen \u00fcber Sie durch die Nutzung des Loving Memorial-Dienstes, wie zum Beispiel:<ul><li>Ihre Aktivit\u00e4t auf der Loving Memorial-Website und dem Loving Memorial for your Loved One<\/li><li>Ihre Interaktion mit unserer Website und unseren Eigenschaften, einschlie\u00dflich Seitenaufrufen und anderen Standardinformationen aus Webserverprotokollen und Website-Analysetools<\/li><li>Ger\u00e4tekennungen und die Art des PCs oder mobilen Ger\u00e4ts, das Sie verwenden<\/li><li>die Art des Internetbrowsers<\/li><li>Ihre Netzwerkinformationen und IP-Adresse<\/li><li>Ihr Internetanbieter<\/li><li>die Website, die Sie zu uns verwiesen hat, einschlie\u00dflich Werbung, mit der Sie interagiert haben, und Suchanfragen<\/li><li>Ihre Interaktion mit unserem Kundenservice wie Datum, Uhrzeit und Grund f\u00fcr den Support sowie Transkripte der Kommunikation per E-Mail, Text- und Sprachprotokolle<\/li><li>Informationen, die durch Cookies und andere Technologien gesammelt werden, einschlie\u00dflich Werbedaten<\/li><\/ul><\/li><\/ul><\/li><\/ul><h3>Warum wir Informationen sammeln<\/h3><p>Wir sammeln Informationen aus verschiedenen Gr\u00fcnden, wie zum Beispiel:<\/p><ul><li>um unseren Service bereitzustellen, zu analysieren und zu verbessern<\/li><li>um Ihre Registrierung bearbeiten und Zahlungen von Ihnen entgegennehmen zu k\u00f6nnen<\/li><li>um Ihnen bei technischen Problemen behilflich sein zu k\u00f6nnen<\/li><li>um unsere Dienste sicher, betrugsfrei und betriebsbereit zu halten<\/li><li>um sicherzustellen, dass unsere Allgemeinen Gesch\u00e4ftsbedingungen eingehalten werden<\/li><li>um mit Partnern zusammenzuarbeiten, um Ihnen unseren Service zur Verf\u00fcgung stellen zu k\u00f6nnen<\/li><li>um illegale Aktivit\u00e4ten zu verhindern und aufzudecken<\/li><li>um mit Ihnen \u00fcber unseren Service zu kommunizieren, einschlie\u00dflich um Sie \u00fcber neue Funktionen, Angebote und Werbeaktionen zu informieren<\/li><\/ul><h3>Offenlegung von Informationen<\/h3><p>Wir k\u00f6nnen Ihre Daten f\u00fcr bestimmte Zwecke und wie folgt an Dritte weitergeben:<\/p><ul><li>Dienstleister<ul><li>Wir setzen andere Unternehmen, Vertreter und Auftragnehmer ein, um uns bei der Erbringung von Dienstleistungen f\u00fcr Sie zu unterst\u00fctzen<\/li><li>Wir k\u00f6nnen Dienstleister f\u00fcr IT-Dienste, Zahlung und Rechnungsstellung, Kundendienst, Kommunikation, Marketing, Werbung, Sicherheit und Umfragen einsetzen<\/li><li>Dienstleister haben m\u00f6glicherweise Zugriff auf Ihre personenbezogenen Daten oder die personenbezogenen Daten Ihrer geliebten Person<\/li><li>Dienstanbieter d\u00fcrfen diese Informationen nicht verwenden oder offenlegen, es sei denn, dies steht im Zusammenhang mit der Bereitstellung ihrer Dienste f\u00fcr uns<\/li><\/ul><\/li><li>Partner<ul><li>Wir k\u00f6nnen bestimmte personenbezogene Daten oder die personenbezogenen Daten Ihrer geliebten Person an unsere Partner weitergeben, um Ihnen Dienstleistungen zu erbringen und\/oder unsere Gesch\u00e4ftsvereinbarungen mit Partnern zu erf\u00fcllen<\/li><\/ul><\/li><li>Einhaltung von Gesetzen<ul><li>Wir k\u00f6nnen Ihre personenbezogenen Daten oder die personenbezogenen Daten Ihrer geliebten Person offenlegen, um geltende Gesetze, Vorschriften, rechtliche Verfahren, beh\u00f6rdliche Anfragen oder Anfragen von Strafverfolgungsbeh\u00f6rden zu erf\u00fcllen und einzuhalten<\/li><\/ul><\/li><li>Durchsetzung von Vereinbarungen und Sicherheit<ul><li>Wir k\u00f6nnen Ihre personenbezogenen Daten oder die personenbezogenen Daten Ihrer geliebten Person offenlegen, um unsere Allgemeinen Gesch\u00e4ftsbedingungen durchzusetzen, um illegale Aktivit\u00e4ten aufzudecken oder zu verhindern, aus Sicherheits- oder technischen Gr\u00fcnden und um uns vor Verletzungen von Rechten, Eigentum oder Sicherheit zu sch\u00fctzen, wie dies gesetzlich vorgeschrieben oder zul\u00e4ssig ist<\/li><\/ul><\/li><li>Unternehmens\u00fcbertragungen<ul><li>Bei Bedarf bei einer Fusion oder einem Verkauf unseres Unternehmens oder einer \u00dcbertragung unserer Verm\u00f6genswerte<\/li><li>Wir werden Sie benachrichtigen, bevor Ihre personenbezogenen Daten oder die Daten einer geliebten Person Gegenstand einer anderen Datenschutzrichtlinie werden<\/li><\/ul><\/li><\/ul><h3>Ihre Datenschutzeinstellungen<\/h3><ul><li>Informationen und Datenschutztyp Ihrer geliebten Person<ul><li>Es ist Ihre Entscheidung, welche Informationen Sie \u00fcber Ihre geliebte Person teilen und wie sie weitergegeben werden, und Sie sollten dies ber\u00fccksichtigen<\/li><li>F\u00fcr die Informationen Ihres geliebten Menschen, die Sie teilen m\u00f6chten, k\u00f6nnen Sie entscheiden, wie sie geteilt werden, indem Sie dem gesamten liebevollen Denkmal oder einem Teil des liebevollen Denkmals einen Datenschutztyp zuweisen<\/li><li>Art der \u00f6ffentlichen Privatsph\u00e4re<ul><li>Sie k\u00f6nnen Ihr liebevolles Denkmal oder einen Teil Ihres liebevollen Denkmals als \u00f6ffentlich festlegen<\/li><li>Wenn Sie den Datenschutztyp \u201e\u00d6ffentlich\u201c f\u00fcr Ihre liebevolle Gedenkst\u00e4tte w\u00e4hlen, bedeutet dies, dass wir die Informationen Ihrer geliebten Person auf unserer Website f\u00fcr jedermann sichtbar anzeigen, auch wenn sie kein Konto bei uns haben<\/li><li>Ein liebevolles Denkmal, das als \u00f6ffentlich gekennzeichnet wurde, kann von jedem gesehen, aufgerufen, erneut geteilt oder heruntergeladen werden, und es kann f\u00fcr Suchmaschinen, soziale Medien, andere Websites, APIs und Offline-Medien verf\u00fcgbar werden<\/li><li>Zus\u00e4tzlich zum Teilen eines liebevollen Denkmals, das auf unserer Website \u00f6ffentlich ist, k\u00f6nnen wir auf das liebevolle Denkmal verweisen und es in unseren Marketing- und Werbema\u00dfnahmen verwenden, einschlie\u00dflich der Anzeige und Erw\u00e4hnung in sozialen Medien, anderen Websites und Offline-Medien. Wenn ein Public Loving Memorial sp\u00e4ter als nicht mehr \u00f6ffentlich bezeichnet wird, d. h. Sie es als nicht gelistet oder privat kennzeichnen, k\u00f6nnen Sie verlangen, dass wir es nicht mehr verwenden. Nachdem Ihre Anfrage bei uns eingegangen und best\u00e4tigt wurde, werden wir diese zuk\u00fcnftig nicht mehr \u00f6ffentlich verwenden. Wir sind jedoch nicht daf\u00fcr verantwortlich, fr\u00fchere Verweise auf ein liebevolles Denkmal zu entfernen, das einst als \u00f6ffentlich bezeichnet wurde und auf das wir bereits verwiesen haben.<\/li><\/ul><\/li><li>Nicht aufgef\u00fchrter Datenschutztyp<ul><li>Bei einer liebevollen Gedenkst\u00e4tte oder einem Teil einer liebevollen Gedenkst\u00e4tte, die den Datenschutztyp \u201eNicht gelistet\u201c hat, kann nur jeder darauf zugreifen, der einen Link zu der liebevollen Gedenkst\u00e4tte hat, und dieser Link wird von uns nicht \u00f6ffentlich ver\u00f6ffentlicht<\/li><li>Sie haben Zugriff auf einen Link f\u00fcr das liebevolle Denkmal, der nicht gelistet ist, und Sie sollten \u00fcberlegen, mit wem Sie diesen Link teilen, da jeder mit diesem Link diesen Link weiter f\u00fcr das liebevolle Denkmal teilen kann<\/li><\/ul><\/li><\/ul><\/li><li>\u201eRemember Me\u201c-Funktion<ul><li>Sie k\u00f6nnen die \u201eRemember Me\u201c-Funktion verwenden oder nicht verwenden, die Ihnen den direkten Zugriff auf Ihr Konto erm\u00f6glicht, ohne dass Sie bei jedem Besuch unserer Website Ihre E-Mail-Adresse und Ihr Passwort erneut eingeben m\u00fcssen<\/li><\/ul><\/li><\/ul><h3> <span style=\"font-size: 1.424rem; letter-spacing: 1px;\">Kekse<\/span><\/h3><ul><li>Ein Cookie ist ein kleiner Text, den eine von Ihnen besuchte Website in Ihren Browser schreibt<\/li><li>Cookies werden verwendet, um Informationen \u00fcber Ihren Besuch f\u00fcr Leistungs-, Funktionalit\u00e4ts-, Sicherheits-, Analyse- und Werbezwecke zu speichern<\/li><li>Einige Cookies sind f\u00fcr Teile unseres Dienstes wie das Bezahlen und Ausf\u00fchren grundlegender Website-Funktionen unerl\u00e4sslich<\/li><li>Wir k\u00f6nnen Cookies auch verwenden, um Ihre Pr\u00e4ferenzen zu speichern und Ihnen zu helfen, die erneute Eingabe von Informationen zu vermeiden, zum Beispiel erm\u00f6glicht Ihnen \u201eRemember Me\u201c, sich automatisch anzumelden<\/li><li>Mit Ihrem Browser k\u00f6nnen Sie Ihre Cookies verwalten, einschlie\u00dflich des L\u00f6schens von Cookie-Daten und der Verwaltung von Cookies auf Site-by-Site-Basis<\/li><li>Informationen zum Verwalten von Cookies finden Sie im Support-Bereich Ihres Browsers<\/li><\/ul><h3>Uns kontaktieren<\/h3><ul><li>Wenn Sie Fragen zu dieser Datenschutzrichtlinie oder der Verwendung Ihrer personenbezogenen Daten oder der Daten Ihrer geliebten Person haben, k\u00f6nnen Sie uns kontaktieren<\/li><\/ul><h3>\u00c4nderungen an dieser Datenschutzrichtlinie<\/h3><ul><li>Wir werden diese Datenschutzrichtlinie von Zeit zu Zeit \u00e4ndern<\/li><li>Wir geben das Datum an, an dem die letzten \u00c4nderungen ver\u00f6ffentlicht wurden<\/li><li>Ihre fortgesetzte Nutzung unseres Dienstes nach Inkrafttreten der Aktualisierungen stellt eine Anerkennung oder Annahme unserer Datenschutzrichtlinie dar<\/li><li>Wenn Sie diese \u00c4nderungen nicht akzeptieren oder anerkennen, k\u00f6nnen Sie den Loving Memorial Service k\u00fcndigen<\/li><\/ul><p><br>Zuletzt aktualisiert am 22. Dezember 2021<\/p>\t\t\t\t\t\t<\/div>\n\t\t\t\t<\/div>\n\t\t\t\t\t<\/div>\n\t\t<\/div>\n\t\t\t\t\t<\/div>\n\t\t<\/section>\n\t\t\t\t\t<\/div>\n\t\t<\/div>\n\t\t\t\t\t<\/div>\n\t\t<\/section>\n\t\t\t\t<\/div>\n\t\t","protected":false},"excerpt":{"rendered":"<p>Datenschutz-Bestimmungen Diese Datenschutzrichtlinie erkl\u00e4rt: welche Informationen wir sammeln warum wir es sammeln wie wir es verwenden die Wahlm\u00f6glichkeiten, die Sie haben Informationssammlung Informationen, die Sie uns zur Verf\u00fcgung stellen Wenn Sie den Service \u201eLoving Memorials\u201c nutzen, m\u00fcssen Sie uns personenbezogene Daten und Informationen \u00fcber Ihre&#8230;<\/p>\n","protected":false},"author":6,"featured_media":0,"parent":0,"menu_order":0,"comment_status":"closed","ping_status":"closed","template":"","meta":{"footnotes":""},"class_list":["post-16658","page","type-page","status-publish","hentry"],"_links":{"self":[{"href":"https:\/\/www.lovingmemorials.com\/de\/wp-json\/wp\/v2\/pages\/16658","targetHints":{"allow":["GET"]}}],"collection":[{"href":"https:\/\/www.lovingmemorials.com\/de\/wp-json\/wp\/v2\/pages"}],"about":[{"href":"https:\/\/www.lovingmemorials.com\/de\/wp-json\/wp\/v2\/types\/page"}],"author":[{"embeddable":true,"href":"https:\/\/www.lovingmemorials.com\/de\/wp-json\/wp\/v2\/users\/6"}],"replies":[{"embeddable":true,"href":"https:\/\/www.lovingmemorials.com\/de\/wp-json\/wp\/v2\/comments?post=16658"}],"version-history":[{"count":2,"href":"https:\/\/www.lovingmemorials.com\/de\/wp-json\/wp\/v2\/pages\/16658\/revisions"}],"predecessor-version":[{"id":18553,"href":"https:\/\/www.lovingmemorials.com\/de\/wp-json\/wp\/v2\/pages\/16658\/revisions\/18553"}],"wp:attachment":[{"href":"https:\/\/www.lovingmemorials.com\/de\/wp-json\/wp\/v2\/media?parent=16658"}],"curies":[{"name":"wp","href":"https:\/\/api.w.org\/{rel}","templated":true}]}}