{"id":7383,"date":"2021-12-29T22:37:00","date_gmt":"2021-12-29T22:37:00","guid":{"rendered":"https:\/\/www.lovingmemorials.com\/funktionen-und-plaene\/"},"modified":"2022-07-18T17:56:53","modified_gmt":"2022-07-18T17:56:53","slug":"features-plaene","status":"publish","type":"page","link":"https:\/\/www.lovingmemorials.com\/de\/features-plaene\/","title":{"rendered":"Funktionen und Pl\u00e4ne"},"content":{"rendered":"\t\t<div data-elementor-type=\"wp-page\" data-elementor-id=\"7383\" class=\"elementor elementor-7383\" data-elementor-post-type=\"page\">\n\t\t\t\t\t\t<section class=\"elementor-section elementor-top-section elementor-element elementor-element-3f8238c elementor-section-boxed elementor-section-height-default elementor-section-height-default parallax_section_no qode_elementor_container_no\" data-id=\"3f8238c\" data-element_type=\"section\">\n\t\t\t\t\t\t<div class=\"elementor-container elementor-column-gap-default\">\n\t\t\t\t\t\t<\/div>\n\t\t<\/section>\n\t\t\t\t<section class=\"elementor-section elementor-top-section elementor-element elementor-element-e792a8c elementor-section-boxed elementor-section-height-default elementor-section-height-default parallax_section_no qode_elementor_container_no\" data-id=\"e792a8c\" data-element_type=\"section\">\n\t\t\t\t\t\t<div class=\"elementor-container elementor-column-gap-default\">\n\t\t\t\t\t\t<\/div>\n\t\t<\/section>\n\t\t\t\t<section class=\"elementor-section elementor-top-section elementor-element elementor-element-edf6e32 elementor-section-content-middle page-header elementor-section-boxed elementor-section-height-default elementor-section-height-default parallax_section_no qode_elementor_container_no\" data-id=\"edf6e32\" data-element_type=\"section\">\n\t\t\t\t\t\t<div class=\"elementor-container elementor-column-gap-no\">\n\t\t\t\t\t<div class=\"elementor-column elementor-col-100 elementor-top-column elementor-element elementor-element-41ea03a\" data-id=\"41ea03a\" data-element_type=\"column\">\n\t\t\t<div class=\"elementor-widget-wrap elementor-element-populated\">\n\t\t\t\t\t\t<div class=\"elementor-element elementor-element-69b41f8 elementor-widget elementor-widget-heading\" data-id=\"69b41f8\" data-element_type=\"widget\" data-widget_type=\"heading.default\">\n\t\t\t\t<div class=\"elementor-widget-container\">\n\t\t\t<h1 class=\"elementor-heading-title elementor-size-default\">Merkmale eines liebevollen Denkmals<\/h1>\t\t<\/div>\n\t\t\t\t<\/div>\n\t\t\t\t<div class=\"elementor-element elementor-element-95d86be container-shadow elementor-widget elementor-widget-text-editor\" data-id=\"95d86be\" data-element_type=\"widget\" id=\"lm-features-list\" data-widget_type=\"text-editor.default\">\n\t\t\t\t<div class=\"elementor-widget-container\">\n\t\t\t\t\t\t\t<h3>Ein Denkmal leicht gemacht<\/h3><ul><li>Erstellen Sie ganz einfach eine sch\u00f6ne Online-Gedenkst\u00e4tte f\u00fcr Ihre Liebsten<\/li><li>F\u00fcgen Sie Fotos, Videos, Livestreams, W\u00f6rter und Musik hinzu<\/li><li>Online anzeigen und bearbeiten \u2013 keine Software oder Apps m\u00fcssen installiert werden<\/li><\/ul><h3>Individualisierung und Eleganz<\/h3><ul><li>W\u00e4hlen Sie aus \u00fcber <a href=\"https:\/\/www.lovingmemorials.com\/de\/fuehren\/builder-vorlage\/#templates\">200 Hintergrundbildern<\/a> , um eine personalisierte Vorlage zu erstellen<\/li><li>Erinnerungen werden mit einem Seitenumbl\u00e4ttereffekt angezeigt, um das Bl\u00e4ttern durch ein Buch zu simulieren<\/li><li>Ein \u00fcbersichtliches Design schafft ein einzigartiges, visuelles Erlebnis<\/li><li>Minimales Firmen-Branding, keine Werbung oder Links, um ein Denkmal f\u00fcr jemand anderen zu schaffen<\/li><\/ul><h3>Teilen Sie Erinnerungen, erz\u00e4hlen Sie ihre Geschichte<\/h3><ul><li>Teilen Sie mit, was an Ihrem Liebsten sch\u00f6n und wertvoll ist<\/li><li>Erwecken Sie Erinnerungen zum Leben<\/li><li>F\u00fcgen Sie eine \u00dcberschrift und eine Bildunterschrift hinzu, um die Geschichte jedes Fotos zu erz\u00e4hlen<\/li><li>Sie steuern, wie Ihr geliebter Mensch in Erinnerung bleibt<\/li><\/ul><h3>Teilen und feiern<\/h3><ul><li>Besucher f\u00fcgen Fotos, Videos und Live-Streams hinzu<\/li><li>Vollst\u00e4ndige Datenschutzkontrolle \u2013 Sie entscheiden, wer die Gedenkst\u00e4tte sehen und Inhalte hinzuf\u00fcgen kann<\/li><li>Besucher tauschen Gedanken aus, erz\u00e4hlen Geschichten, legen Blumen nieder, z\u00fcnden Kerzen an und f\u00fcgen religi\u00f6se Symbole hinzu<\/li><li>Teilen Sie Ihr Denkmal in sozialen Medien wie Facebook und Twitter<\/li><\/ul><h3>Hilfe und Unterst\u00fctzung<\/h3><ul><li>Schneller, freundlicher Kundendienst, der Ihnen hilft und Sie unterst\u00fctzt<\/li><li>T\u00e4gliche Backups sch\u00fctzen Ihre Gedenkst\u00e4tte<\/li><li>Wir verkaufen Ihre Daten nicht<\/li><li>Risikofrei \u2013 wir geben Ihnen eine 30-t\u00e4gige Geld-zur\u00fcck-Garantie<\/li><\/ul>\t\t\t\t\t\t<\/div>\n\t\t\t\t<\/div>\n\t\t\t\t\t<\/div>\n\t\t<\/div>\n\t\t\t\t\t<\/div>\n\t\t<\/section>\n\t\t\t\t<section class=\"elementor-section elementor-top-section elementor-element elementor-element-36fb972 elementor-section-boxed elementor-section-height-default elementor-section-height-default parallax_section_no qode_elementor_container_no\" data-id=\"36fb972\" data-element_type=\"section\">\n\t\t\t\t\t\t<div class=\"elementor-container elementor-column-gap-default\">\n\t\t\t\t\t\t<\/div>\n\t\t<\/section>\n\t\t\t\t<section class=\"elementor-section elementor-top-section elementor-element elementor-element-bf35739 elementor-section-boxed elementor-section-height-default elementor-section-height-default parallax_section_no qode_elementor_container_no\" data-id=\"bf35739\" data-element_type=\"section\">\n\t\t\t\t\t\t<div class=\"elementor-container elementor-column-gap-default\">\n\t\t\t\t\t<div class=\"elementor-column elementor-col-100 elementor-top-column elementor-element elementor-element-4aa9014\" data-id=\"4aa9014\" data-element_type=\"column\">\n\t\t\t<div class=\"elementor-widget-wrap elementor-element-populated\">\n\t\t\t\t\t\t<div class=\"elementor-element elementor-element-9c5a776 elementor-widget elementor-widget-heading\" data-id=\"9c5a776\" data-element_type=\"widget\" data-widget_type=\"heading.default\">\n\t\t\t\t<div class=\"elementor-widget-container\">\n\t\t\t<h1 class=\"elementor-heading-title elementor-size-default\">Pl\u00e4ne f\u00fcr ein liebevolles Denkmal<\/h1>\t\t<\/div>\n\t\t\t\t<\/div>\n\t\t\t\t<div class=\"elementor-element elementor-element-fd55dbb elementor-widget elementor-widget-text-editor\" data-id=\"fd55dbb\" data-element_type=\"widget\" data-widget_type=\"text-editor.default\">\n\t\t\t\t<div class=\"elementor-widget-container\">\n\t\t\t\t\t\t\t<p style=\"text-align: center;\">Alle Funktionen sind in allen Pl\u00e4nen verf\u00fcgbar.<\/p>\t\t\t\t\t\t<\/div>\n\t\t\t\t<\/div>\n\t\t\t\t\t<\/div>\n\t\t<\/div>\n\t\t\t\t\t<\/div>\n\t\t<\/section>\n\t\t\t\t<section class=\"elementor-section elementor-top-section elementor-element elementor-element-573d374 elementor-section-content-space-between elementor-section-boxed elementor-section-height-default elementor-section-height-default parallax_section_no qode_elementor_container_no\" data-id=\"573d374\" data-element_type=\"section\">\n\t\t\t\t\t\t<div class=\"elementor-container elementor-column-gap-default\">\n\t\t\t\t\t<div class=\"elementor-column elementor-col-50 elementor-top-column elementor-element elementor-element-494db92 lm-price lm-active\" data-id=\"494db92\" data-element_type=\"column\">\n\t\t\t<div class=\"elementor-widget-wrap elementor-element-populated\">\n\t\t\t\t\t\t<section class=\"elementor-section elementor-inner-section elementor-element elementor-element-d5e4904 elementor-section-boxed elementor-section-height-default elementor-section-height-default parallax_section_no qode_elementor_container_no\" data-id=\"d5e4904\" data-element_type=\"section\">\n\t\t\t\t\t\t<div class=\"elementor-container elementor-column-gap-default\">\n\t\t\t\t\t<div class=\"elementor-column elementor-col-100 elementor-inner-column elementor-element elementor-element-ea18682 lm-price-inner\" data-id=\"ea18682\" data-element_type=\"column\">\n\t\t\t<div class=\"elementor-widget-wrap elementor-element-populated\">\n\t\t\t\t\t\t<div class=\"elementor-element elementor-element-39b2c09 elementor-widget elementor-widget-heading\" data-id=\"39b2c09\" data-element_type=\"widget\" data-widget_type=\"heading.default\">\n\t\t\t\t<div class=\"elementor-widget-container\">\n\t\t\t<h4 class=\"elementor-heading-title elementor-size-default\">Dauerplan<\/h4>\t\t<\/div>\n\t\t\t\t<\/div>\n\t\t\t\t<div class=\"elementor-element elementor-element-3589228 elementor-widget elementor-widget-text-editor\" data-id=\"3589228\" data-element_type=\"widget\" data-widget_type=\"text-editor.default\">\n\t\t\t\t<div class=\"elementor-widget-container\">\n\t\t\t\t\t\t\t<div class=\"price_in_table\"><sup class=\"value\">$<\/sup> <span class=\"price\">100<\/span><\/div>\t\t\t\t\t\t<\/div>\n\t\t\t\t<\/div>\n\t\t\t\t<div class=\"elementor-element elementor-element-b520177 elementor-widget elementor-widget-text-editor\" data-id=\"b520177\" data-element_type=\"widget\" data-widget_type=\"text-editor.default\">\n\t\t\t\t<div class=\"elementor-widget-container\">\n\t\t\t\t\t\t\t<p style=\"color: #272727; font-weight: 500;\">F\u00fcr eine dauerhafte Auflistung<\/p><p style=\"color: #7c7c7c;\">30 Tage Geld-zur\u00fcck-Garantie<\/p>\t\t\t\t\t\t<\/div>\n\t\t\t\t<\/div>\n\t\t\t\t\t<\/div>\n\t\t<\/div>\n\t\t\t\t\t<\/div>\n\t\t<\/section>\n\t\t\t\t<div class=\"elementor-element elementor-element-dfe6a61 elementor-widget__width-inherit elementor-widget elementor-widget-button\" data-id=\"dfe6a61\" data-element_type=\"widget\" data-plan=\"1\" data-widget_type=\"button.default\">\n\t\t\t\t<div class=\"elementor-widget-container\">\n\t\t\t\t\t<div class=\"elementor-button-wrapper\">\n\t\t\t<a class=\"elementor-button elementor-button-link elementor-size-lg\" href=\"\/create-memorial\/\" id=\"lm_plan_1\">\n\t\t\t\t\t\t<span class=\"elementor-button-content-wrapper\">\n\t\t\t\t\t\t\t\t\t<span class=\"elementor-button-text\">KAUFE JETZT<\/span>\n\t\t\t\t\t<\/span>\n\t\t\t\t\t<\/a>\n\t\t<\/div>\n\t\t\t\t<\/div>\n\t\t\t\t<\/div>\n\t\t\t\t\t<\/div>\n\t\t<\/div>\n\t\t\t\t<div class=\"elementor-column elementor-col-50 elementor-top-column elementor-element elementor-element-7eafd49 lm-price\" data-id=\"7eafd49\" data-element_type=\"column\">\n\t\t\t<div class=\"elementor-widget-wrap elementor-element-populated\">\n\t\t\t\t\t\t<section class=\"elementor-section elementor-inner-section elementor-element elementor-element-2089353 elementor-section-boxed elementor-section-height-default elementor-section-height-default parallax_section_no qode_elementor_container_no\" data-id=\"2089353\" data-element_type=\"section\">\n\t\t\t\t\t\t<div class=\"elementor-container elementor-column-gap-default\">\n\t\t\t\t\t<div class=\"elementor-column elementor-col-100 elementor-inner-column elementor-element elementor-element-47012a9 lm-price-inner\" data-id=\"47012a9\" data-element_type=\"column\">\n\t\t\t<div class=\"elementor-widget-wrap elementor-element-populated\">\n\t\t\t\t\t\t<div class=\"elementor-element elementor-element-c474400 elementor-widget elementor-widget-heading\" data-id=\"c474400\" data-element_type=\"widget\" data-widget_type=\"heading.default\">\n\t\t\t\t<div class=\"elementor-widget-container\">\n\t\t\t<h4 class=\"elementor-heading-title elementor-size-default\">1-Jahres-Plan<\/h4>\t\t<\/div>\n\t\t\t\t<\/div>\n\t\t\t\t<div class=\"elementor-element elementor-element-fbf38e8 elementor-widget elementor-widget-text-editor\" data-id=\"fbf38e8\" data-element_type=\"widget\" data-widget_type=\"text-editor.default\">\n\t\t\t\t<div class=\"elementor-widget-container\">\n\t\t\t\t\t\t\t<div class=\"price_in_table\"><sup class=\"value\">$<\/sup> <span class=\"price\">20<\/span><\/div>\t\t\t\t\t\t<\/div>\n\t\t\t\t<\/div>\n\t\t\t\t<div class=\"elementor-element elementor-element-5c7c52c elementor-widget elementor-widget-text-editor\" data-id=\"5c7c52c\" data-element_type=\"widget\" data-widget_type=\"text-editor.default\">\n\t\t\t\t<div class=\"elementor-widget-container\">\n\t\t\t\t\t\t\t<p style=\"font-weight: 500;\">1 Jahr lang<\/p><p style=\"background-color: #ffffff;\"><span style=\"color: #7c7c7c;\">30 Tage Geld-zur\u00fcck-Garantie<\/span><\/p>\t\t\t\t\t\t<\/div>\n\t\t\t\t<\/div>\n\t\t\t\t\t<\/div>\n\t\t<\/div>\n\t\t\t\t\t<\/div>\n\t\t<\/section>\n\t\t\t\t<div class=\"elementor-element elementor-element-98d1e3b elementor-widget__width-inherit elementor-widget elementor-widget-button\" data-id=\"98d1e3b\" data-element_type=\"widget\" data-widget_type=\"button.default\">\n\t\t\t\t<div class=\"elementor-widget-container\">\n\t\t\t\t\t<div class=\"elementor-button-wrapper\">\n\t\t\t<a class=\"elementor-button elementor-button-link elementor-size-lg\" href=\"\/create-memorial\/\" id=\"lm_plan_3\">\n\t\t\t\t\t\t<span class=\"elementor-button-content-wrapper\">\n\t\t\t\t\t\t\t\t\t<span class=\"elementor-button-text\">KAUFE JETZT<\/span>\n\t\t\t\t\t<\/span>\n\t\t\t\t\t<\/a>\n\t\t<\/div>\n\t\t\t\t<\/div>\n\t\t\t\t<\/div>\n\t\t\t\t\t<\/div>\n\t\t<\/div>\n\t\t\t\t\t<\/div>\n\t\t<\/section>\n\t\t\t\t<section class=\"elementor-section elementor-top-section elementor-element elementor-element-bc12955 elementor-section-boxed elementor-section-height-default elementor-section-height-default parallax_section_no qode_elementor_container_no\" data-id=\"bc12955\" data-element_type=\"section\">\n\t\t\t\t\t\t<div class=\"elementor-container elementor-column-gap-default\">\n\t\t\t\t\t<div class=\"elementor-column elementor-col-100 elementor-top-column elementor-element elementor-element-56b879d\" data-id=\"56b879d\" data-element_type=\"column\">\n\t\t\t<div class=\"elementor-widget-wrap elementor-element-populated\">\n\t\t\t\t\t\t<div class=\"elementor-element elementor-element-4aa806c elementor-widget elementor-widget-html\" data-id=\"4aa806c\" data-element_type=\"widget\" data-widget_type=\"html.default\">\n\t\t\t\t<div class=\"elementor-widget-container\">\n\t\t\t<script>document.getElementById(\"lm_plan_1\").addEventListener('click',function(e){\n       e.preventDefault()\n       setCookie('lm_plan', 1, 1);\n       window.location.href = \"https:\/\/www.lovingmemorials.com\/create-memorial\/\"\n    });\n      document.getElementById(\"lm_plan_2\").addEventListener('click',function(e){\n          e.preventDefault()\n       setCookie('lm_plan', 2, 1);\n       window.location.href = \"https:\/\/www.lovingmemorials.com\/create-memorial\/\"\n    });\n      document.getElementById(\"lm_plan_3\").addEventListener('click',function(e){\n          e.preventDefault()\n       setCookie('lm_plan', 3, 1);\n       window.location.href = \"https:\/\/www.lovingmemorials.com\/create-memorial\/\"\n    });\n    \n    \/\/ Set a Cookie\n    function setCookie(cName, cValue, expDays) {\n        let date = new Date();\n        date.setTime(date.getTime() + (expDays * 24 * 60 * 60 * 1000));\n        const expires = \"expires=\" + date.toUTCString();\n        document.cookie = cName + \"=\" + cValue + \"; \" + expires + \"; path=\/\";\n    }\n\n    \n    \n    \n<\/script>\t\t<\/div>\n\t\t\t\t<\/div>\n\t\t\t\t\t<\/div>\n\t\t<\/div>\n\t\t\t\t\t<\/div>\n\t\t<\/section>\n\t\t\t\t<\/div>\n\t\t","protected":false},"excerpt":{"rendered":"<p>Merkmale eines liebevollen Denkmals Ein Denkmal leicht gemacht Erstellen Sie ganz einfach eine sch\u00f6ne Online-Gedenkst\u00e4tte f\u00fcr Ihre Liebsten F\u00fcgen Sie Fotos, Videos, Livestreams, W\u00f6rter und Musik hinzu Online anzeigen und bearbeiten \u2013 keine Software oder Apps m\u00fcssen installiert werden Individualisierung und Eleganz W\u00e4hlen Sie aus&#8230;<\/p>\n","protected":false},"author":1,"featured_media":0,"parent":0,"menu_order":0,"comment_status":"closed","ping_status":"closed","template":"","meta":{"footnotes":""},"class_list":["post-7383","page","type-page","status-publish","hentry"],"_links":{"self":[{"href":"https:\/\/www.lovingmemorials.com\/de\/wp-json\/wp\/v2\/pages\/7383","targetHints":{"allow":["GET"]}}],"collection":[{"href":"https:\/\/www.lovingmemorials.com\/de\/wp-json\/wp\/v2\/pages"}],"about":[{"href":"https:\/\/www.lovingmemorials.com\/de\/wp-json\/wp\/v2\/types\/page"}],"author":[{"embeddable":true,"href":"https:\/\/www.lovingmemorials.com\/de\/wp-json\/wp\/v2\/users\/1"}],"replies":[{"embeddable":true,"href":"https:\/\/www.lovingmemorials.com\/de\/wp-json\/wp\/v2\/comments?post=7383"}],"version-history":[{"count":14,"href":"https:\/\/www.lovingmemorials.com\/de\/wp-json\/wp\/v2\/pages\/7383\/revisions"}],"predecessor-version":[{"id":18870,"href":"https:\/\/www.lovingmemorials.com\/de\/wp-json\/wp\/v2\/pages\/7383\/revisions\/18870"}],"wp:attachment":[{"href":"https:\/\/www.lovingmemorials.com\/de\/wp-json\/wp\/v2\/media?parent=7383"}],"curies":[{"name":"wp","href":"https:\/\/api.w.org\/{rel}","templated":true}]}}