{"id":7393,"date":"2021-12-30T01:43:40","date_gmt":"2021-12-30T01:43:40","guid":{"rendered":"https:\/\/www.lovingmemorials.com\/etwa\/"},"modified":"2022-02-16T03:46:52","modified_gmt":"2022-02-16T03:46:52","slug":"ueber","status":"publish","type":"page","link":"https:\/\/www.lovingmemorials.com\/de\/ueber\/","title":{"rendered":"Etwa"},"content":{"rendered":"\t\t<div data-elementor-type=\"wp-page\" data-elementor-id=\"7393\" class=\"elementor elementor-7393\" data-elementor-post-type=\"page\">\n\t\t\t\t\t\t<section class=\"elementor-section elementor-top-section elementor-element elementor-element-5312331 elementor-section-content-middle page-header elementor-section-boxed elementor-section-height-default elementor-section-height-default parallax_section_no qode_elementor_container_no\" data-id=\"5312331\" data-element_type=\"section\">\n\t\t\t\t\t\t<div class=\"elementor-container elementor-column-gap-no\">\n\t\t\t\t\t<div class=\"elementor-column elementor-col-100 elementor-top-column elementor-element elementor-element-e8f5fcc\" data-id=\"e8f5fcc\" data-element_type=\"column\">\n\t\t\t<div class=\"elementor-widget-wrap elementor-element-populated\">\n\t\t\t\t\t\t<div class=\"elementor-element elementor-element-3d87450 elementor-widget elementor-widget-heading\" data-id=\"3d87450\" data-element_type=\"widget\" data-widget_type=\"heading.default\">\n\t\t\t\t<div class=\"elementor-widget-container\">\n\t\t\t<h1 class=\"elementor-heading-title elementor-size-default\">\u00dcber liebevolle Gedenkst\u00e4tten<\/h1>\t\t<\/div>\n\t\t\t\t<\/div>\n\t\t\t\t<section class=\"elementor-section elementor-inner-section elementor-element elementor-element-a0018ee elementor-section-content-middle container-shadow elementor-section-boxed elementor-section-height-default elementor-section-height-default parallax_section_no qode_elementor_container_no\" data-id=\"a0018ee\" data-element_type=\"section\" data-settings=\"{&quot;background_background&quot;:&quot;classic&quot;}\">\n\t\t\t\t\t\t<div class=\"elementor-container elementor-column-gap-no\">\n\t\t\t\t\t<div class=\"elementor-column elementor-col-100 elementor-inner-column elementor-element elementor-element-1c643d0\" data-id=\"1c643d0\" data-element_type=\"column\">\n\t\t\t<div class=\"elementor-widget-wrap elementor-element-populated\">\n\t\t\t\t\t\t<div class=\"elementor-element elementor-element-e1e7f26 elementor-widget__width-initial elementor-widget-mobile__width-inherit elementor-widget elementor-widget-text-editor\" data-id=\"e1e7f26\" data-element_type=\"widget\" data-widget_type=\"text-editor.default\">\n\t\t\t\t<div class=\"elementor-widget-container\">\n\t\t\t\t\t\t\t<p>Loving Memorials ist ein Service, mit dem Sie ganz einfach ein elegantes Online-Denkmal f\u00fcr Ihren geliebten Menschen erstellen k\u00f6nnen.<\/p>\n<p>Ein liebevolles Denkmal ist in seiner Einfachheit anspruchsvoll. Es hat ein aufger\u00e4umtes Design und bietet ein einzigartiges visuelles Erlebnis. Wir glauben, dass weniger mehr ist, wenn es darum geht, ein Leben zu ehren und zu w\u00fcrdigen.<\/p>\n<p>Ein liebevolles Denkmal konzentriert sich auf Ihren Geliebten. Es gibt nur ein minimales Firmenbranding und keine Werbung, einschlie\u00dflich Links, um eine Gedenkst\u00e4tte f\u00fcr jemand anderen zu erstellen. Ihr geliebter Mensch ist der Held dieser Geschichte. <\/p>\n<p>Sch\u00f6nheit flie\u00dft aus dieser Einfachheit, die es Ihnen leicht macht, ihre Geschichte zu erz\u00e4hlen. Sie teilen Ihr liebevolles Denkmal mit Familie und Freunden, um sich an ihr Leben zu erinnern und es zu feiern, damit sie immer in Erinnerung bleiben.<\/p>\n\t\t\t\t\t\t<\/div>\n\t\t\t\t<\/div>\n\t\t\t\t<div class=\"elementor-element elementor-element-7b7c1e2 elementor-widget__width-initial elementor-widget-mobile__width-inherit elementor-widget elementor-widget-text-editor\" data-id=\"7b7c1e2\" data-element_type=\"widget\" data-widget_type=\"text-editor.default\">\n\t\t\t\t<div class=\"elementor-widget-container\">\n\t\t\t\t\t\t\t<p><a href=\"https:\/\/www.lovingmemorials.com\/wp-content\/uploads\/2021\/04\/Loving-Memorial-Tony-e1640665696723.png\"><img fetchpriority=\"high\" decoding=\"async\" class=\"alignnone wp-image-7003 size-large\" src=\"https:\/\/www.lovingmemorials.com\/wp-content\/uploads\/2021\/04\/Loving-Memorial-Tony-1024x768.png\" alt=\"Liebevolles Denkmal Tony\" width=\"1024\" height=\"768\"><\/a><\/p>\n\t\t\t\t\t\t<\/div>\n\t\t\t\t<\/div>\n\t\t\t\t<div class=\"elementor-element elementor-element-d694f8d elementor-widget elementor-widget-text-editor\" data-id=\"d694f8d\" data-element_type=\"widget\" data-widget_type=\"text-editor.default\">\n\t\t\t\t<div class=\"elementor-widget-container\">\n\t\t\t\t\t\t\t<h2 id=\"founders-message\">Eine Nachricht von Brian, einem unserer Gr\u00fcnder<\/h2>\n<p>In den sp\u00e4teren Jahren meines Vaters erinnere ich mich, dass er einmal zu mir sagte:<\/p>\n<blockquote>\n<p>Ich muss alle Orte aufschreiben, an denen ich gewesen bin, und die Dinge, die ich gesehen habe.<\/p>\n<\/blockquote>\n\t\t\t\t\t\t<\/div>\n\t\t\t\t<\/div>\n\t\t\t\t<div class=\"elementor-element elementor-element-3f8cf48 elementor-widget__width-initial elementor-widget-mobile__width-inherit elementor-widget elementor-widget-text-editor\" data-id=\"3f8cf48\" data-element_type=\"widget\" data-widget_type=\"text-editor.default\">\n\t\t\t\t<div class=\"elementor-widget-container\">\n\t\t\t\t\t\t\t<p style=\"background-color: #ffffff;\">Ich verstand, dass mein Vater wollte, dass sein Leben wichtig ist, dass er in Erinnerung bleiben und nicht vergessen werden wollte.<\/p>\n<p style=\"background-color: #ffffff;\">Aber der Rest war mir nicht klar. Ich erinnere mich, dass ich dachte: &#8222;<i>Wo werden wir das aufschreiben? Wer wird es sehen?&#8220; <\/i><\/p>\n<p style=\"background-color: #ffffff;\">Jahre sp\u00e4ter, nachdem mein Vater gestorben war, begann ich in der Bestattungsbranche zu arbeiten und verstand, was er mir sagen wollte.<\/p>\n<p style=\"background-color: #ffffff;\">Ich entwarf Nachruf-Software und mir wurde klar, dass die Sch\u00f6nheit und Kostbarkeit eines Lebens nicht in einem Nachruf festgehalten wird.<\/p>\n<p style=\"background-color: #ffffff;\">Ich habe mir die Angebote von Online-Gedenkst\u00e4tten angesehen und war der Meinung, dass sie nicht ausreichen. Sie waren besch\u00e4ftigt und verwirrend. Ihnen fehlte der Fokus und sie hielten ein Leben nicht mit Sch\u00f6nheit fest.<\/p>\n<p style=\"background-color: #ffffff;\">Es brauchte etwas anderes. Ich habe mitgeholfen, Loving Memorials zu schaffen, um die Geschichte eines Lebens mit Einfachheit und Sch\u00f6nheit zu bewahren und zu feiern.<\/p>\n<p style=\"background-color: #ffffff;\">Das Loving Memorial f\u00fcr meinen Vater Antonio Gomes war das erste Loving Memorial, das geschaffen wurde. Als ich es erstellt habe, war ich stolz, es mit Familie und Freunden zu teilen. Jetzt bin ich stolz, es mit der Welt zu teilen, da ich wei\u00df, dass ich dem Wunsch meines Vaters, nicht vergessen zu werden, gerecht geworden bin.<\/p>\n\t\t\t\t\t\t<\/div>\n\t\t\t\t<\/div>\n\t\t\t\t<div class=\"elementor-element elementor-element-f2d987c elementor-widget__width-initial elementor-widget-mobile__width-inherit elementor-widget elementor-widget-text-editor\" data-id=\"f2d987c\" data-element_type=\"widget\" data-widget_type=\"text-editor.default\">\n\t\t\t\t<div class=\"elementor-widget-container\">\n\t\t\t\t\t\t\t<p><a href=\"https:\/\/www.lovingmemorials.com\/wp-content\/uploads\/2021\/10\/Brian_Dad.jpeg\"><img decoding=\"async\" class=\"alignnone wp-image-1529 size-full\" src=\"https:\/\/www.lovingmemorials.com\/wp-content\/uploads\/2021\/10\/Brian_Dad.jpeg\" alt=\"Bild von Brian, der neben seinem Vater kniet und auf einem Stuhl sitzt\" width=\"768\" height=\"1024\" srcset=\"https:\/\/www.lovingmemorials.com\/wp-content\/uploads\/2021\/10\/Brian_Dad.jpeg 768w, https:\/\/www.lovingmemorials.com\/wp-content\/uploads\/2021\/10\/Brian_Dad-225x300.jpeg 225w, https:\/\/www.lovingmemorials.com\/wp-content\/uploads\/2021\/10\/Brian_Dad-600x800.jpeg 600w, https:\/\/www.lovingmemorials.com\/wp-content\/uploads\/2021\/10\/Brian_Dad-700x933.jpeg 700w\" sizes=\"(max-width: 768px) 100vw, 768px\" \/><\/a><br \/><span style=\"color: #727272;\">Brian und sein Vater Tony Gomes<\/span><\/p>\n\t\t\t\t\t\t<\/div>\n\t\t\t\t<\/div>\n\t\t\t\t<div class=\"elementor-element elementor-element-a313b5c elementor-widget elementor-widget-text-editor\" data-id=\"a313b5c\" data-element_type=\"widget\" data-widget_type=\"text-editor.default\">\n\t\t\t\t<div class=\"elementor-widget-container\">\n\t\t\t\t\t\t\t<h3 id=\"remembrance\">Eine unerwartete N\u00e4he durch Erinnerung<\/h3>\n<p>Ich war \u00fcberrascht, was mit mir geschah, als ich das Loving Memorial meines Vaters schuf. Als ich Bilder hinzuf\u00fcgte und die Geschichte seines Lebens erz\u00e4hlte, gab es so viel, was ich pers\u00f6nlich erlebte.<\/p>\n<p>Es gab L\u00e4cheln und Lachen, zusammen mit Stolz, Dankbarkeit, Trost, Heilung und Feier. Aber vor allem war es Liebe. Es brachte mich ihm so viel n\u00e4her, und da verstand ich Loving Memorials klarer.<\/p>\n<p>Mir wurde klar, dass das Vergessen eines geliebten Menschen bedeutet, dass wir, die Lebenden, uns an ihn erinnern. Durch den Akt des Erinnerns sp\u00fcren wir Liebe und sind ihnen n\u00e4her. Deshalb ist es so wichtig, nicht vergessen zu werden \u2013 es ist wichtig f\u00fcr unsere Liebsten und f\u00fcr uns.<\/p>\n<p>Wenn Sie sich daf\u00fcr entscheiden, ein liebevolles Denkmal f\u00fcr Ihren geliebten Menschen zu schaffen, w\u00fcnsche ich Ihnen, dass Sie die Liebe und N\u00e4he sp\u00fcren, die ich f\u00fcr meinen Vater empfand, als ich sein liebevolles Denkmal schuf.<\/p>\n<p>-Brian Gomes<\/p>\n<p>Ein Gr\u00fcnder liebevoller Gedenkst\u00e4tten<\/p>\n<h2>\u00dcber unser Team und warum wir das tun<\/h2>\n\t\t\t\t\t\t<\/div>\n\t\t\t\t<\/div>\n\t\t\t\t<div class=\"elementor-element elementor-element-159e0c1 elementor-widget-mobile__width-inherit elementor-widget elementor-widget-text-editor\" data-id=\"159e0c1\" data-element_type=\"widget\" data-widget_type=\"text-editor.default\">\n\t\t\t\t<div class=\"elementor-widget-container\">\n\t\t\t\t\t\t\t<p>Loving Memorials wurde von einem Team gegr\u00fcndet, das jahrelang L\u00f6sungen f\u00fcr Nachrufe f\u00fcr Bestattungsinstitute auf der ganzen Welt erstellt und entwickelt hat.<\/p>\n<blockquote>\n<p>Wir f\u00fchlen uns geehrt, mehr als 200.000 Leben in unserer Software gespeichert zu haben, und wir fangen gerade erst an.<\/p>\n<\/blockquote>\n\t\t\t\t\t\t<\/div>\n\t\t\t\t<\/div>\n\t\t\t\t<div class=\"elementor-element elementor-element-2e13c37 elementor-widget-mobile__width-inherit elementor-widget elementor-widget-text-editor\" data-id=\"2e13c37\" data-element_type=\"widget\" data-widget_type=\"text-editor.default\">\n\t\t\t\t<div class=\"elementor-widget-container\">\n\t\t\t\t\t\t\t<p>Wir glauben, dass soziale Medien keine M\u00f6glichkeit bieten, sich an einen geliebten Menschen richtig zu erinnern, und wir waren der Meinung, dass im Online-Gedenkraum etwas anderes ben\u00f6tigt wird.<\/p>\n<p>Wir haben Liebesdenkm\u00e4ler geschaffen, um das Leben Ihres geliebten Menschen mit Einfachheit und Eleganz zu bewahren, zu teilen und zu feiern.<\/p>\n\t\t\t\t\t\t<\/div>\n\t\t\t\t<\/div>\n\t\t\t\t\t<\/div>\n\t\t<\/div>\n\t\t\t\t\t<\/div>\n\t\t<\/section>\n\t\t\t\t\t<\/div>\n\t\t<\/div>\n\t\t\t\t\t<\/div>\n\t\t<\/section>\n\t\t\t\t<\/div>\n\t\t","protected":false},"excerpt":{"rendered":"<p>\u00dcber liebevolle Gedenkst\u00e4tten Loving Memorials ist ein Service, mit dem Sie ganz einfach ein elegantes Online-Denkmal f\u00fcr Ihren geliebten Menschen erstellen k\u00f6nnen. Ein liebevolles Denkmal ist in seiner Einfachheit anspruchsvoll. Es hat ein aufger\u00e4umtes Design und bietet ein einzigartiges visuelles Erlebnis. Wir glauben, dass weniger&#8230;<\/p>\n","protected":false},"author":1,"featured_media":0,"parent":0,"menu_order":0,"comment_status":"closed","ping_status":"closed","template":"","meta":{"footnotes":""},"class_list":["post-7393","page","type-page","status-publish","hentry"],"_links":{"self":[{"href":"https:\/\/www.lovingmemorials.com\/de\/wp-json\/wp\/v2\/pages\/7393","targetHints":{"allow":["GET"]}}],"collection":[{"href":"https:\/\/www.lovingmemorials.com\/de\/wp-json\/wp\/v2\/pages"}],"about":[{"href":"https:\/\/www.lovingmemorials.com\/de\/wp-json\/wp\/v2\/types\/page"}],"author":[{"embeddable":true,"href":"https:\/\/www.lovingmemorials.com\/de\/wp-json\/wp\/v2\/users\/1"}],"replies":[{"embeddable":true,"href":"https:\/\/www.lovingmemorials.com\/de\/wp-json\/wp\/v2\/comments?post=7393"}],"version-history":[{"count":6,"href":"https:\/\/www.lovingmemorials.com\/de\/wp-json\/wp\/v2\/pages\/7393\/revisions"}],"predecessor-version":[{"id":11843,"href":"https:\/\/www.lovingmemorials.com\/de\/wp-json\/wp\/v2\/pages\/7393\/revisions\/11843"}],"wp:attachment":[{"href":"https:\/\/www.lovingmemorials.com\/de\/wp-json\/wp\/v2\/media?parent=7393"}],"curies":[{"name":"wp","href":"https:\/\/api.w.org\/{rel}","templated":true}]}}