{"id":9444,"date":"2022-01-11T22:14:02","date_gmt":"2022-01-11T22:14:02","guid":{"rendered":"https:\/\/www.lovingmemorials.com\/unterschied-nachruf-denkmal\/"},"modified":"2022-02-26T03:03:17","modified_gmt":"2022-02-26T03:03:17","slug":"unterschied-zwischen-nachruf-denkmal","status":"publish","type":"page","link":"https:\/\/www.lovingmemorials.com\/de\/fuehren\/unterschied-zwischen-nachruf-denkmal\/","title":{"rendered":"Der Unterschied zwischen einem Online-Nachruf und einer Online-Gedenkst\u00e4tte"},"content":{"rendered":"\t\t<div data-elementor-type=\"wp-page\" data-elementor-id=\"9444\" class=\"elementor elementor-9444\" data-elementor-post-type=\"page\">\n\t\t\t\t\t\t<section class=\"elementor-section elementor-top-section elementor-element elementor-element-0182c20 elementor-section-content-middle elementor-section-boxed elementor-section-height-default elementor-section-height-default parallax_section_no qode_elementor_container_no\" data-id=\"0182c20\" data-element_type=\"section\">\n\t\t\t\t\t\t<div class=\"elementor-container elementor-column-gap-no\">\n\t\t\t\t\t<div class=\"elementor-column elementor-col-100 elementor-top-column elementor-element elementor-element-f85ac67\" data-id=\"f85ac67\" data-element_type=\"column\">\n\t\t\t<div class=\"elementor-widget-wrap elementor-element-populated\">\n\t\t\t\t\t\t<div class=\"elementor-element elementor-element-a3ba493 guide-breardcrumb elementor-widget elementor-widget-text-editor\" data-id=\"a3ba493\" data-element_type=\"widget\" data-widget_type=\"text-editor.default\">\n\t\t\t\t<div class=\"elementor-widget-container\">\n\t\t\t\t\t\t\t<p><a href=\"https:\/\/www.lovingmemorials.com\/de\/\">Heim<\/a>&gt;&gt; <a href=\"https:\/\/www.lovingmemorials.com\/de\/fuehren\/\">Leitfaden zu Gedenkseiten<\/a> &gt;&gt;<\/p>\t\t\t\t\t\t<\/div>\n\t\t\t\t<\/div>\n\t\t\t\t<div class=\"elementor-element elementor-element-fff4700 page-header elementor-widget elementor-widget-heading\" data-id=\"fff4700\" data-element_type=\"widget\" data-widget_type=\"heading.default\">\n\t\t\t\t<div class=\"elementor-widget-container\">\n\t\t\t<h1 class=\"elementor-heading-title elementor-size-default\">Der Unterschied zwischen einem Online-Nachruf und einer Gedenkst\u00e4tte\n<\/h1>\t\t<\/div>\n\t\t\t\t<\/div>\n\t\t\t\t<section class=\"elementor-section elementor-inner-section elementor-element elementor-element-5c8432b elementor-section-content-middle container-shadow elementor-section-boxed elementor-section-height-default elementor-section-height-default parallax_section_no qode_elementor_container_no\" data-id=\"5c8432b\" data-element_type=\"section\" data-settings=\"{&quot;background_background&quot;:&quot;classic&quot;}\">\n\t\t\t\t\t\t<div class=\"elementor-container elementor-column-gap-no\">\n\t\t\t\t\t<div class=\"elementor-column elementor-col-100 elementor-inner-column elementor-element elementor-element-6155df8\" data-id=\"6155df8\" data-element_type=\"column\">\n\t\t\t<div class=\"elementor-widget-wrap elementor-element-populated\">\n\t\t\t\t\t\t<div class=\"elementor-element elementor-element-cf3f708 elementor-widget elementor-widget-text-editor\" data-id=\"cf3f708\" data-element_type=\"widget\" data-widget_type=\"text-editor.default\">\n\t\t\t\t<div class=\"elementor-widget-container\">\n\t\t\t\t\t\t\t<p>Ein Nachruf <span style=\"font-weight: 400;\">k\u00fcndigt den Tod einer Person an, eine Online-Gedenkst\u00e4tte erinnert an das Leben.<\/span><\/p><h3>Online-Nachrufe<\/h3><p>Ein Online-Nachruf wird normalerweise auf der Website eines Bestattungsunternehmens oder in einer Zeitung ver\u00f6ffentlicht. Es hilft, den Tod des Verstorbenen anzuk\u00fcndigen, und es enth\u00e4lt Einzelheiten zu stattfindenden Gottesdiensten wie Besuchen, Gottesdiensten und Bestattungsdetails.<\/p><p>Ein Online-Nachruf bietet einen \u00dcberblick \u00fcber das Leben des Verstorbenen und eine Liste der Familie und erweiterten Verwandten. Es kann die Todesursache, Bilder, Videos und Live-Streams von Gottesdiensten enthalten.<\/p><p>Oft k\u00f6nnen Menschen Beileidsbekundungen oder Nachrichten in einem G\u00e4stebuch hinterlassen, sowie eine M\u00f6glichkeit, Blumen zu Gottesdiensten zu schicken.<\/p><p>Online-Nachrufe sind immer \u00f6ffentlich und k\u00f6nnen auf der Website eines Bestattungsunternehmens oder in einer Zeitung eingesehen werden.<\/p><p>Wie lange ein Online-Nachruf aktiv bleibt, h\u00e4ngt vom Bestattungsunternehmen oder der Zeitung ab.<\/p><h3>Online-Gedenkst\u00e4tten<\/h3><p>Eine Online-Gedenk-Website oder -Seite ist darauf ausgerichtet, das Leben des Verstorbenen zu erinnern, zu feiern und zu ehren.<\/p><p>Es enth\u00e4lt Bilder, Videos und Erinnerungen. <\/p><p>Es kann Details \u00fcber die Familie des Verstorbenen, Hobbys, Interessen und Vereine, denen er angeh\u00f6rte, sowie Details zur Geburt enthalten.<\/p><p>Die Familie oder der Freund, der das Denkmal erstellt, teilt es mit anderen und l\u00e4sst sie etwas hinzuf\u00fcgen. Online-Gedenkst\u00e4tten enthalten normalerweise ein G\u00e4stebuch, in dem Besucher Gedanken, Erinnerungen, Fotos und Videos austauschen k\u00f6nnen.<\/p><p>Auf einer Online-Gedenk-Website k\u00f6nnen Sie normalerweise entscheiden, ob sie privat sein soll oder ob sie jemandem angezeigt werden soll.<\/p><p>Der beste Grund f\u00fcr eine Online-Gedenkst\u00e4tte ist, sicherzustellen, dass die verstorbene Person immer in Erinnerung bleibt.<\/p>\t\t\t\t\t\t<\/div>\n\t\t\t\t<\/div>\n\t\t\t\t\t<\/div>\n\t\t<\/div>\n\t\t\t\t\t<\/div>\n\t\t<\/section>\n\t\t\t\t\t<\/div>\n\t\t<\/div>\n\t\t\t\t\t<\/div>\n\t\t<\/section>\n\t\t\t\t<\/div>\n\t\t","protected":false},"excerpt":{"rendered":"<p>Heim&gt;&gt; Leitfaden zu Gedenkseiten &gt;&gt; Der Unterschied zwischen einem Online-Nachruf und einer Gedenkst\u00e4tte Ein Nachruf k\u00fcndigt den Tod einer Person an, eine Online-Gedenkst\u00e4tte erinnert an das Leben. Online-Nachrufe Ein Online-Nachruf wird normalerweise auf der Website eines Bestattungsunternehmens oder in einer Zeitung ver\u00f6ffentlicht. Es hilft, den&#8230;<\/p>\n","protected":false},"author":6,"featured_media":0,"parent":15378,"menu_order":0,"comment_status":"closed","ping_status":"closed","template":"","meta":{"footnotes":""},"class_list":["post-9444","page","type-page","status-publish","hentry"],"_links":{"self":[{"href":"https:\/\/www.lovingmemorials.com\/de\/wp-json\/wp\/v2\/pages\/9444","targetHints":{"allow":["GET"]}}],"collection":[{"href":"https:\/\/www.lovingmemorials.com\/de\/wp-json\/wp\/v2\/pages"}],"about":[{"href":"https:\/\/www.lovingmemorials.com\/de\/wp-json\/wp\/v2\/types\/page"}],"author":[{"embeddable":true,"href":"https:\/\/www.lovingmemorials.com\/de\/wp-json\/wp\/v2\/users\/6"}],"replies":[{"embeddable":true,"href":"https:\/\/www.lovingmemorials.com\/de\/wp-json\/wp\/v2\/comments?post=9444"}],"version-history":[{"count":4,"href":"https:\/\/www.lovingmemorials.com\/de\/wp-json\/wp\/v2\/pages\/9444\/revisions"}],"predecessor-version":[{"id":17947,"href":"https:\/\/www.lovingmemorials.com\/de\/wp-json\/wp\/v2\/pages\/9444\/revisions\/17947"}],"up":[{"embeddable":true,"href":"https:\/\/www.lovingmemorials.com\/de\/wp-json\/wp\/v2\/pages\/15378"}],"wp:attachment":[{"href":"https:\/\/www.lovingmemorials.com\/de\/wp-json\/wp\/v2\/media?parent=9444"}],"curies":[{"name":"wp","href":"https:\/\/api.w.org\/{rel}","templated":true}]}}