{"id":7922,"date":"2022-01-03T20:20:05","date_gmt":"2022-01-03T20:20:05","guid":{"rendered":"https:\/\/www.lovingmemorials.com\/planes-caracteristicas\/"},"modified":"2022-07-18T18:01:51","modified_gmt":"2022-07-18T18:01:51","slug":"planes-caracteristicas","status":"publish","type":"page","link":"https:\/\/www.lovingmemorials.com\/es\/planes-caracteristicas\/","title":{"rendered":"Caracter\u00edsticas y Planes"},"content":{"rendered":"\t\t<div data-elementor-type=\"wp-page\" data-elementor-id=\"7922\" class=\"elementor elementor-7922\" data-elementor-post-type=\"page\">\n\t\t\t\t\t\t<section class=\"elementor-section elementor-top-section elementor-element elementor-element-3f8238c elementor-section-boxed elementor-section-height-default elementor-section-height-default parallax_section_no qode_elementor_container_no\" data-id=\"3f8238c\" data-element_type=\"section\">\n\t\t\t\t\t\t<div class=\"elementor-container elementor-column-gap-default\">\n\t\t\t\t\t\t<\/div>\n\t\t<\/section>\n\t\t\t\t<section class=\"elementor-section elementor-top-section elementor-element elementor-element-e792a8c elementor-section-boxed elementor-section-height-default elementor-section-height-default parallax_section_no qode_elementor_container_no\" data-id=\"e792a8c\" data-element_type=\"section\">\n\t\t\t\t\t\t<div class=\"elementor-container elementor-column-gap-default\">\n\t\t\t\t\t\t<\/div>\n\t\t<\/section>\n\t\t\t\t<section class=\"elementor-section elementor-top-section elementor-element elementor-element-edf6e32 elementor-section-content-middle page-header elementor-section-boxed elementor-section-height-default elementor-section-height-default parallax_section_no qode_elementor_container_no\" data-id=\"edf6e32\" data-element_type=\"section\">\n\t\t\t\t\t\t<div class=\"elementor-container elementor-column-gap-no\">\n\t\t\t\t\t<div class=\"elementor-column elementor-col-100 elementor-top-column elementor-element elementor-element-41ea03a\" data-id=\"41ea03a\" data-element_type=\"column\">\n\t\t\t<div class=\"elementor-widget-wrap elementor-element-populated\">\n\t\t\t\t\t\t<div class=\"elementor-element elementor-element-69b41f8 elementor-widget elementor-widget-heading\" data-id=\"69b41f8\" data-element_type=\"widget\" data-widget_type=\"heading.default\">\n\t\t\t\t<div class=\"elementor-widget-container\">\n\t\t\t<h1 class=\"elementor-heading-title elementor-size-default\">Caracter\u00edsticas de un memorial amoroso<\/h1>\t\t<\/div>\n\t\t\t\t<\/div>\n\t\t\t\t<div class=\"elementor-element elementor-element-95d86be container-shadow elementor-widget elementor-widget-text-editor\" data-id=\"95d86be\" data-element_type=\"widget\" id=\"lm-features-list\" data-widget_type=\"text-editor.default\">\n\t\t\t\t<div class=\"elementor-widget-container\">\n\t\t\t\t\t\t\t<h3>Un memorial hecho f\u00e1cil<\/h3><ul><li>Cree f\u00e1cilmente un hermoso memorial en l\u00ednea para su ser querido<\/li><li>Agregue fotos, videos, transmisiones en vivo, palabras y m\u00fasica<\/li><li>Vea y edite en l\u00ednea, sin software ni aplicaciones para instalar<\/li><\/ul><h3>Personalizaci\u00f3n y Elegancia<\/h3><ul><li>Elija entre m\u00e1s de <a href=\"https:\/\/www.lovingmemorials.com\/es\/guia\/plantilla-de-constructor\/#templates\">200 im\u00e1genes de fondo<\/a> para crear una plantilla personalizada<\/li><li>Los recuerdos se muestran con un efecto de \u00abgiro\u00bb de p\u00e1gina para simular hojear un libro<\/li><li>Un dise\u00f1o ordenado crea una experiencia visual \u00fanica<\/li><li>Marca m\u00ednima de la empresa, sin anuncios ni enlaces para crear un memorial para otra persona<\/li><\/ul><h3>Comparta recuerdos, cuente su historia<\/h3><ul><li>Comparta lo que es hermoso y precioso acerca de su ser querido<\/li><li>Trae recuerdos a la vida<\/li><li>Agrega un encabezado y una leyenda para contar la historia de cada foto.<\/li><li>T\u00fa controlas c\u00f3mo se recuerda a tu ser querido<\/li><\/ul><h3>Comparte y Celebra<\/h3><ul><li>Los visitantes agregan fotos, videos y transmisiones en vivo<\/li><li>Control de privacidad completo: usted elige qui\u00e9n puede ver el memorial y agregar contenido<\/li><li>Los visitantes comparten pensamientos, cuentan historias, colocan flores, encienden velas y agregan s\u00edmbolos religiosos<\/li><li>Comparta su memorial en las redes sociales, incluidos Facebook y Twitter<\/li><\/ul><h3>Ayuda y apoyo<\/h3><ul><li>Servicio al cliente r\u00e1pido y amigable para ayudarlo y apoyarlo<\/li><li>Las copias de seguridad diarias mantienen su memorial seguro<\/li><li>No vendemos tus datos<\/li><li>Libre de riesgos: le ofrecemos una garant\u00eda de devoluci\u00f3n de dinero de 30 d\u00edas<\/li><\/ul>\t\t\t\t\t\t<\/div>\n\t\t\t\t<\/div>\n\t\t\t\t\t<\/div>\n\t\t<\/div>\n\t\t\t\t\t<\/div>\n\t\t<\/section>\n\t\t\t\t<section class=\"elementor-section elementor-top-section elementor-element elementor-element-36fb972 elementor-section-boxed elementor-section-height-default elementor-section-height-default parallax_section_no qode_elementor_container_no\" data-id=\"36fb972\" data-element_type=\"section\">\n\t\t\t\t\t\t<div class=\"elementor-container elementor-column-gap-default\">\n\t\t\t\t\t\t<\/div>\n\t\t<\/section>\n\t\t\t\t<section class=\"elementor-section elementor-top-section elementor-element elementor-element-bf35739 elementor-section-boxed elementor-section-height-default elementor-section-height-default parallax_section_no qode_elementor_container_no\" data-id=\"bf35739\" data-element_type=\"section\">\n\t\t\t\t\t\t<div class=\"elementor-container elementor-column-gap-default\">\n\t\t\t\t\t<div class=\"elementor-column elementor-col-100 elementor-top-column elementor-element elementor-element-4aa9014\" data-id=\"4aa9014\" data-element_type=\"column\">\n\t\t\t<div class=\"elementor-widget-wrap elementor-element-populated\">\n\t\t\t\t\t\t<div class=\"elementor-element elementor-element-9c5a776 elementor-widget elementor-widget-heading\" data-id=\"9c5a776\" data-element_type=\"widget\" data-widget_type=\"heading.default\">\n\t\t\t\t<div class=\"elementor-widget-container\">\n\t\t\t<h1 class=\"elementor-heading-title elementor-size-default\">Planes de un memorial amoroso<\/h1>\t\t<\/div>\n\t\t\t\t<\/div>\n\t\t\t\t<div class=\"elementor-element elementor-element-fd55dbb elementor-widget elementor-widget-text-editor\" data-id=\"fd55dbb\" data-element_type=\"widget\" data-widget_type=\"text-editor.default\">\n\t\t\t\t<div class=\"elementor-widget-container\">\n\t\t\t\t\t\t\t<p style=\"text-align: center;\">Todas las funciones est\u00e1n disponibles en todos los planes.<\/p>\t\t\t\t\t\t<\/div>\n\t\t\t\t<\/div>\n\t\t\t\t\t<\/div>\n\t\t<\/div>\n\t\t\t\t\t<\/div>\n\t\t<\/section>\n\t\t\t\t<section class=\"elementor-section elementor-top-section elementor-element elementor-element-573d374 elementor-section-content-space-between elementor-section-boxed elementor-section-height-default elementor-section-height-default parallax_section_no qode_elementor_container_no\" data-id=\"573d374\" data-element_type=\"section\">\n\t\t\t\t\t\t<div class=\"elementor-container elementor-column-gap-default\">\n\t\t\t\t\t<div class=\"elementor-column elementor-col-50 elementor-top-column elementor-element elementor-element-494db92 lm-price lm-active\" data-id=\"494db92\" data-element_type=\"column\">\n\t\t\t<div class=\"elementor-widget-wrap elementor-element-populated\">\n\t\t\t\t\t\t<section class=\"elementor-section elementor-inner-section elementor-element elementor-element-d5e4904 elementor-section-boxed elementor-section-height-default elementor-section-height-default parallax_section_no qode_elementor_container_no\" data-id=\"d5e4904\" data-element_type=\"section\">\n\t\t\t\t\t\t<div class=\"elementor-container elementor-column-gap-default\">\n\t\t\t\t\t<div class=\"elementor-column elementor-col-100 elementor-inner-column elementor-element elementor-element-ea18682 lm-price-inner\" data-id=\"ea18682\" data-element_type=\"column\">\n\t\t\t<div class=\"elementor-widget-wrap elementor-element-populated\">\n\t\t\t\t\t\t<div class=\"elementor-element elementor-element-39b2c09 elementor-widget elementor-widget-heading\" data-id=\"39b2c09\" data-element_type=\"widget\" data-widget_type=\"heading.default\">\n\t\t\t\t<div class=\"elementor-widget-container\">\n\t\t\t<h4 class=\"elementor-heading-title elementor-size-default\">Plan permanente<\/h4>\t\t<\/div>\n\t\t\t\t<\/div>\n\t\t\t\t<div class=\"elementor-element elementor-element-3589228 elementor-widget elementor-widget-text-editor\" data-id=\"3589228\" data-element_type=\"widget\" data-widget_type=\"text-editor.default\">\n\t\t\t\t<div class=\"elementor-widget-container\">\n\t\t\t\t\t\t\t<div class=\"price_in_table\"><sup class=\"value\">$<\/sup> <span class=\"price\">100<\/span><\/div>\t\t\t\t\t\t<\/div>\n\t\t\t\t<\/div>\n\t\t\t\t<div class=\"elementor-element elementor-element-b520177 elementor-widget elementor-widget-text-editor\" data-id=\"b520177\" data-element_type=\"widget\" data-widget_type=\"text-editor.default\">\n\t\t\t\t<div class=\"elementor-widget-container\">\n\t\t\t\t\t\t\t<p style=\"color: #272727; font-weight: 500;\">Para una lista permanente<\/p><p style=\"color: #7c7c7c;\">30 d\u00edas de garant\u00eda de devoluci\u00f3n de dinero<\/p>\t\t\t\t\t\t<\/div>\n\t\t\t\t<\/div>\n\t\t\t\t\t<\/div>\n\t\t<\/div>\n\t\t\t\t\t<\/div>\n\t\t<\/section>\n\t\t\t\t<div class=\"elementor-element elementor-element-dfe6a61 elementor-widget__width-inherit elementor-widget elementor-widget-button\" data-id=\"dfe6a61\" data-element_type=\"widget\" data-plan=\"1\" data-widget_type=\"button.default\">\n\t\t\t\t<div class=\"elementor-widget-container\">\n\t\t\t\t\t<div class=\"elementor-button-wrapper\">\n\t\t\t<a class=\"elementor-button elementor-button-link elementor-size-lg\" href=\"\/create-memorial\/\" id=\"lm_plan_1\">\n\t\t\t\t\t\t<span class=\"elementor-button-content-wrapper\">\n\t\t\t\t\t\t\t\t\t<span class=\"elementor-button-text\">COMPRA AHORA<\/span>\n\t\t\t\t\t<\/span>\n\t\t\t\t\t<\/a>\n\t\t<\/div>\n\t\t\t\t<\/div>\n\t\t\t\t<\/div>\n\t\t\t\t\t<\/div>\n\t\t<\/div>\n\t\t\t\t<div class=\"elementor-column elementor-col-50 elementor-top-column elementor-element elementor-element-7eafd49 lm-price\" data-id=\"7eafd49\" data-element_type=\"column\">\n\t\t\t<div class=\"elementor-widget-wrap elementor-element-populated\">\n\t\t\t\t\t\t<section class=\"elementor-section elementor-inner-section elementor-element elementor-element-2089353 elementor-section-boxed elementor-section-height-default elementor-section-height-default parallax_section_no qode_elementor_container_no\" data-id=\"2089353\" data-element_type=\"section\">\n\t\t\t\t\t\t<div class=\"elementor-container elementor-column-gap-default\">\n\t\t\t\t\t<div class=\"elementor-column elementor-col-100 elementor-inner-column elementor-element elementor-element-47012a9 lm-price-inner\" data-id=\"47012a9\" data-element_type=\"column\">\n\t\t\t<div class=\"elementor-widget-wrap elementor-element-populated\">\n\t\t\t\t\t\t<div class=\"elementor-element elementor-element-c474400 elementor-widget elementor-widget-heading\" data-id=\"c474400\" data-element_type=\"widget\" data-widget_type=\"heading.default\">\n\t\t\t\t<div class=\"elementor-widget-container\">\n\t\t\t<h4 class=\"elementor-heading-title elementor-size-default\">Plan de 1 a\u00f1o<\/h4>\t\t<\/div>\n\t\t\t\t<\/div>\n\t\t\t\t<div class=\"elementor-element elementor-element-fbf38e8 elementor-widget elementor-widget-text-editor\" data-id=\"fbf38e8\" data-element_type=\"widget\" data-widget_type=\"text-editor.default\">\n\t\t\t\t<div class=\"elementor-widget-container\">\n\t\t\t\t\t\t\t<div class=\"price_in_table\"><sup class=\"value\">$<\/sup> <span class=\"price\">20<\/span><\/div>\t\t\t\t\t\t<\/div>\n\t\t\t\t<\/div>\n\t\t\t\t<div class=\"elementor-element elementor-element-5c7c52c elementor-widget elementor-widget-text-editor\" data-id=\"5c7c52c\" data-element_type=\"widget\" data-widget_type=\"text-editor.default\">\n\t\t\t\t<div class=\"elementor-widget-container\">\n\t\t\t\t\t\t\t<p style=\"font-weight: 500;\">Por 1 a\u00f1o<\/p><p style=\"background-color: #ffffff;\"><span style=\"color: #7c7c7c;\">30 d\u00edas de garant\u00eda de devoluci\u00f3n de dinero<\/span><\/p>\t\t\t\t\t\t<\/div>\n\t\t\t\t<\/div>\n\t\t\t\t\t<\/div>\n\t\t<\/div>\n\t\t\t\t\t<\/div>\n\t\t<\/section>\n\t\t\t\t<div class=\"elementor-element elementor-element-98d1e3b elementor-widget__width-inherit elementor-widget elementor-widget-button\" data-id=\"98d1e3b\" data-element_type=\"widget\" data-widget_type=\"button.default\">\n\t\t\t\t<div class=\"elementor-widget-container\">\n\t\t\t\t\t<div class=\"elementor-button-wrapper\">\n\t\t\t<a class=\"elementor-button elementor-button-link elementor-size-lg\" href=\"\/create-memorial\/\" id=\"lm_plan_3\">\n\t\t\t\t\t\t<span class=\"elementor-button-content-wrapper\">\n\t\t\t\t\t\t\t\t\t<span class=\"elementor-button-text\">COMPRA AHORA<\/span>\n\t\t\t\t\t<\/span>\n\t\t\t\t\t<\/a>\n\t\t<\/div>\n\t\t\t\t<\/div>\n\t\t\t\t<\/div>\n\t\t\t\t\t<\/div>\n\t\t<\/div>\n\t\t\t\t\t<\/div>\n\t\t<\/section>\n\t\t\t\t<section class=\"elementor-section elementor-top-section elementor-element elementor-element-bc12955 elementor-section-boxed elementor-section-height-default elementor-section-height-default parallax_section_no qode_elementor_container_no\" data-id=\"bc12955\" data-element_type=\"section\">\n\t\t\t\t\t\t<div class=\"elementor-container elementor-column-gap-default\">\n\t\t\t\t\t<div class=\"elementor-column elementor-col-100 elementor-top-column elementor-element elementor-element-56b879d\" data-id=\"56b879d\" data-element_type=\"column\">\n\t\t\t<div class=\"elementor-widget-wrap elementor-element-populated\">\n\t\t\t\t\t\t<div class=\"elementor-element elementor-element-4aa806c elementor-widget elementor-widget-html\" data-id=\"4aa806c\" data-element_type=\"widget\" data-widget_type=\"html.default\">\n\t\t\t\t<div class=\"elementor-widget-container\">\n\t\t\t<script>document.getElementById(\"lm_plan_1\").addEventListener('click',function(e){\n       e.preventDefault()\n       setCookie('lm_plan', 1, 1);\n       window.location.href = \"https:\/\/www.lovingmemorials.com\/create-memorial\/\"\n    });\n      document.getElementById(\"lm_plan_2\").addEventListener('click',function(e){\n          e.preventDefault()\n       setCookie('lm_plan', 2, 1);\n       window.location.href = \"https:\/\/www.lovingmemorials.com\/create-memorial\/\"\n    });\n      document.getElementById(\"lm_plan_3\").addEventListener('click',function(e){\n          e.preventDefault()\n       setCookie('lm_plan', 3, 1);\n       window.location.href = \"https:\/\/www.lovingmemorials.com\/create-memorial\/\"\n    });\n    \n    \/\/ Set a Cookie\n    function setCookie(cName, cValue, expDays) {\n        let date = new Date();\n        date.setTime(date.getTime() + (expDays * 24 * 60 * 60 * 1000));\n        const expires = \"expires=\" + date.toUTCString();\n        document.cookie = cName + \"=\" + cValue + \"; \" + expires + \"; path=\/\";\n    }\n\n    \n    \n    \n<\/script>\t\t<\/div>\n\t\t\t\t<\/div>\n\t\t\t\t\t<\/div>\n\t\t<\/div>\n\t\t\t\t\t<\/div>\n\t\t<\/section>\n\t\t\t\t<\/div>\n\t\t","protected":false},"excerpt":{"rendered":"<p>Caracter\u00edsticas de un memorial amoroso Un memorial hecho f\u00e1cil Cree f\u00e1cilmente un hermoso memorial en l\u00ednea para su ser querido Agregue fotos, videos, transmisiones en vivo, palabras y m\u00fasica Vea y edite en l\u00ednea, sin software ni aplicaciones para instalar Personalizaci\u00f3n y Elegancia Elija entre&#8230;<\/p>\n","protected":false},"author":1,"featured_media":0,"parent":0,"menu_order":0,"comment_status":"closed","ping_status":"closed","template":"","meta":{"footnotes":""},"class_list":["post-7922","page","type-page","status-publish","hentry"],"_links":{"self":[{"href":"https:\/\/www.lovingmemorials.com\/es\/wp-json\/wp\/v2\/pages\/7922","targetHints":{"allow":["GET"]}}],"collection":[{"href":"https:\/\/www.lovingmemorials.com\/es\/wp-json\/wp\/v2\/pages"}],"about":[{"href":"https:\/\/www.lovingmemorials.com\/es\/wp-json\/wp\/v2\/types\/page"}],"author":[{"embeddable":true,"href":"https:\/\/www.lovingmemorials.com\/es\/wp-json\/wp\/v2\/users\/1"}],"replies":[{"embeddable":true,"href":"https:\/\/www.lovingmemorials.com\/es\/wp-json\/wp\/v2\/comments?post=7922"}],"version-history":[{"count":10,"href":"https:\/\/www.lovingmemorials.com\/es\/wp-json\/wp\/v2\/pages\/7922\/revisions"}],"predecessor-version":[{"id":18882,"href":"https:\/\/www.lovingmemorials.com\/es\/wp-json\/wp\/v2\/pages\/7922\/revisions\/18882"}],"wp:attachment":[{"href":"https:\/\/www.lovingmemorials.com\/es\/wp-json\/wp\/v2\/media?parent=7922"}],"curies":[{"name":"wp","href":"https:\/\/api.w.org\/{rel}","templated":true}]}}