{"id":8846,"date":"2022-01-10T22:59:04","date_gmt":"2022-01-10T22:59:04","guid":{"rendered":"https:\/\/www.lovingmemorials.com\/preguntas-mas-frecuentes\/"},"modified":"2022-02-26T00:50:38","modified_gmt":"2022-02-26T00:50:38","slug":"preguntas-mas-frecuentes","status":"publish","type":"page","link":"https:\/\/www.lovingmemorials.com\/es\/preguntas-mas-frecuentes\/","title":{"rendered":"Preguntas m\u00e1s frecuentes"},"content":{"rendered":"\t\t<div data-elementor-type=\"wp-page\" data-elementor-id=\"8846\" class=\"elementor elementor-8846\" data-elementor-post-type=\"page\">\n\t\t\t\t\t\t<section class=\"elementor-section elementor-top-section elementor-element elementor-element-1e1a11db elementor-section-content-middle elementor-section-boxed elementor-section-height-default elementor-section-height-default parallax_section_no qode_elementor_container_no\" data-id=\"1e1a11db\" data-element_type=\"section\">\n\t\t\t\t\t\t<div class=\"elementor-container elementor-column-gap-no\">\n\t\t\t\t\t<div class=\"elementor-column elementor-col-100 elementor-top-column elementor-element elementor-element-2b02ad84\" data-id=\"2b02ad84\" data-element_type=\"column\">\n\t\t\t<div class=\"elementor-widget-wrap elementor-element-populated\">\n\t\t\t\t\t\t<div class=\"elementor-element elementor-element-b20584c page-header elementor-widget elementor-widget-heading\" data-id=\"b20584c\" data-element_type=\"widget\" data-widget_type=\"heading.default\">\n\t\t\t\t<div class=\"elementor-widget-container\">\n\t\t\t<h1 class=\"elementor-heading-title elementor-size-default\">Preguntas frecuentes<\/h1>\t\t<\/div>\n\t\t\t\t<\/div>\n\t\t\t\t<section class=\"elementor-section elementor-inner-section elementor-element elementor-element-34548840 elementor-section-content-middle container-shadow elementor-section-boxed elementor-section-height-default elementor-section-height-default parallax_section_no qode_elementor_container_no\" data-id=\"34548840\" data-element_type=\"section\" data-settings=\"{&quot;background_background&quot;:&quot;classic&quot;}\">\n\t\t\t\t\t\t<div class=\"elementor-container elementor-column-gap-no\">\n\t\t\t\t\t<div class=\"elementor-column elementor-col-100 elementor-inner-column elementor-element elementor-element-c361e2a\" data-id=\"c361e2a\" data-element_type=\"column\">\n\t\t\t<div class=\"elementor-widget-wrap elementor-element-populated\">\n\t\t\t\t\t\t<div class=\"elementor-element elementor-element-5b308156 elementor-widget elementor-widget-text-editor\" data-id=\"5b308156\" data-element_type=\"widget\" data-widget_type=\"text-editor.default\">\n\t\t\t\t<div class=\"elementor-widget-container\">\n\t\t\t\t\t\t\t<h3>\u00bfQu\u00e9 es un Memorial de Amor?<\/h3><p><span style=\"font-weight: 400;\">A Loving Memorial es un memorial en l\u00ednea para conmemorar la vida de su ser querido. <\/span><\/p><p><span style=\"font-weight: 400;\">Nuestro servicio le permite <a href=\"https:\/\/www.lovingmemorials.com\/es\/guia\/plantilla-de-constructor\/\">agregar im\u00e1genes, videos, palabras y m\u00fasica<\/a> para compartir recuerdos y contar la historia de su ser querido. Comparte el memorial con familiares y amigos, y ellos pueden contribuir al memorial agregando pensamientos, historias, fotos y videos.<br><\/span><\/p><p>A Loving Memorial es sofisticado en su simplicidad. Es f\u00e1cil de usar y le permite crear una experiencia visual elegante.<\/p><h3><strong>\u00bfPor qu\u00e9 crear<\/strong> un <strong>Memorial Amoroso?<\/strong><\/h3><p>La persona que amabas era preciosa y su vida te conmovi\u00f3 profundamente a ti, a su familia, a sus amigos ya las personas que conocieron.<\/p><p>Un Memorial Amoroso permite a aquellos que los conocieron recordar y sentir amor, sonre\u00edr, re\u00edr, encontrar consuelo y comenzar a sanar.<\/p><p>Brinda a familiares y amigos la oportunidad de aprender m\u00e1s sobre sus vidas, compartir recuerdos y contar historias, para que su ser querido no sea olvidado.<\/p><p>Comparte la belleza de su vida con quienes los conocieron y brinda la oportunidad para que las generaciones futuras los conozcan.<\/p><p>Creando un Memorial Amoroso, ya trav\u00e9s del acto de recordar, tambi\u00e9n podemos experimentar <a href=\"https:\/\/www.lovingmemorials.com\/es\/sobre\/#remembrance\">el amor y la cercan\u00eda<\/a> .<\/p><h3><strong>\u00bfC\u00f3mo creo un Memorial Amoroso<\/strong> ?<\/h3><p><span style=\"font-weight: 400;\">Despu\u00e9s de ver el <a href=\"https:\/\/www.lovingmemorials.com\/m\/antonio-gomes\/112925\/\">ejemplo<\/a> , puede revisar nuestras <a href=\"https:\/\/www.lovingmemorials.com\/es\/planes-caracteristicas\/\">funciones<\/a> , elegir un plan y luego <a href=\"https:\/\/www.lovingmemorials.com\/create-memorial\/\">registrarse<\/a> .<\/span><\/p><h3><strong>\u00bfQu\u00e9 es el<\/strong> <strong>Plan Permanente?<\/strong><\/h3><p>El Plan Permanente significa que solo necesitas hacer un pago <em>\u00fanico<\/em> para tener <em>siempre<\/em> tu Loving Memorial con nosotros.<\/p><p>Siempre podr\u00e1 ver, editar, compartir e invitar a los visitantes a ver su memorial sin tarifas ni costos adicionales.<\/p><h3><strong>\u00bfEs f\u00e1cil crear un Memorial Amoroso<\/strong> ?<\/h3>\t\t\t\t\t\t<\/div>\n\t\t\t\t<\/div>\n\t\t\t\t<div class=\"elementor-element elementor-element-b860668 elementor-widget__width-initial elementor-widget-tablet__width-inherit elementor-widget-mobile__width-inherit elementor-widget elementor-widget-text-editor\" data-id=\"b860668\" data-element_type=\"widget\" data-widget_type=\"text-editor.default\">\n\t\t\t\t<div class=\"elementor-widget-container\">\n\t\t\t\t\t\t\t<p style=\"background-color: #ffffff;\">Nuestra plantilla facilita que cualquier persona pueda crear un memorial.<\/p><p style=\"background-color: #ffffff;\">Por ejemplo, para agregar un recuerdo, agregue una imagen y sus palabras, y luego haga clic en &#8216;Guardar&#8217;.<\/p>\t\t\t\t\t\t<\/div>\n\t\t\t\t<\/div>\n\t\t\t\t<div class=\"elementor-element elementor-element-f41e78d elementor-widget__width-initial elementor-widget-tablet__width-inherit elementor-widget-mobile__width-inherit elementor-widget elementor-widget-image\" data-id=\"f41e78d\" data-element_type=\"widget\" data-widget_type=\"image.default\">\n\t\t\t\t<div class=\"elementor-widget-container\">\n\t\t\t\t\t\t\t\t\t\t<figure class=\"wp-caption\">\n\t\t\t\t\t\t\t\t\t\t\t<a href=\"https:\/\/www.lovingmemorials.com\/wp-content\/uploads\/2021\/11\/dad-mom.png\" data-elementor-open-lightbox=\"yes\" data-elementor-lightbox-title=\"pap\u00e1 mam\u00e1\" data-e-action-hash=\"#elementor-action%3Aaction%3Dlightbox%26settings%3DeyJpZCI6ODc4OSwidXJsIjoiaHR0cHM6XC9cL3d3dy5sb3ZpbmdtZW1vcmlhbHMuY29tXC93cC1jb250ZW50XC91cGxvYWRzXC8yMDIxXC8xMVwvZGFkLW1vbS5wbmcifQ%3D%3D\">\n\t\t\t\t\t\t\t<img fetchpriority=\"high\" decoding=\"async\" width=\"991\" height=\"762\" src=\"https:\/\/www.lovingmemorials.com\/wp-content\/uploads\/2021\/11\/dad-mom.png\" class=\"attachment-full size-full wp-image-8789\" alt=\"\" srcset=\"https:\/\/www.lovingmemorials.com\/wp-content\/uploads\/2021\/11\/dad-mom.png 991w, https:\/\/www.lovingmemorials.com\/wp-content\/uploads\/2021\/11\/dad-mom-300x231.png 300w, https:\/\/www.lovingmemorials.com\/wp-content\/uploads\/2021\/11\/dad-mom-768x591.png 768w, https:\/\/www.lovingmemorials.com\/wp-content\/uploads\/2021\/11\/dad-mom-700x538.png 700w\" sizes=\"(max-width: 991px) 100vw, 991px\" \/>\t\t\t\t\t\t\t\t<\/a>\n\t\t\t\t\t\t\t\t\t\t\t<figcaption class=\"widget-image-caption wp-caption-text\"><\/figcaption>\n\t\t\t\t\t\t\t\t\t\t<\/figure>\n\t\t\t\t\t\t\t<\/div>\n\t\t\t\t<\/div>\n\t\t\t\t<div class=\"elementor-element elementor-element-9a30300 elementor-widget elementor-widget-text-editor\" data-id=\"9a30300\" data-element_type=\"widget\" data-widget_type=\"text-editor.default\">\n\t\t\t\t<div class=\"elementor-widget-container\">\n\t\t\t\t\t\t\t<h3 style=\"background-color: #ffffff;\"><strong>\u00bfC\u00f3mo ser\u00e1 mi sitio web conmemorativo<\/strong> <strong>?<\/strong><\/h3><p>Elija una de nuestras m\u00e1s de <a href=\"https:\/\/www.lovingmemorials.com\/es\/guia\/plantilla-de-constructor\/#templates\">200 im\u00e1genes de fondo<\/a> que le servir\u00e1n como plantilla. Luego, personalice cada p\u00e1gina con sus fotos, sentimientos y videos para crear un tributo \u00fanico a su ser querido.<\/p><p>A continuaci\u00f3n se muestran algunos ejemplos de im\u00e1genes de fondo. Si no tenemos el tipo de imagen que est\u00e1 buscando, cont\u00e1ctenos y haremos todo lo posible para complacerlo.<\/p>\t\t\t\t\t\t<\/div>\n\t\t\t\t<\/div>\n\t\t\t\t<div class=\"elementor-element elementor-element-236c673 elementor-widget elementor-widget-bridge_advanced_image_gallery\" data-id=\"236c673\" data-element_type=\"widget\" data-widget_type=\"bridge_advanced_image_gallery.default\">\n\t\t\t\t<div class=\"elementor-widget-container\">\n\t\t\t<div class=\"qode-advanced-image-gallery  qode-aig-grid-type qode-small-space qode-has-shadow qode-image-behavior-lightbox \">\n\t<div class=\"qode-aig-inner qode-outer-space qode-aig-grid qode-aig-three-columns\">\n\t\t\t\t\t<div class=\"qode-aig-image qode-item-space\">\n\t\t\t\t<div class=\"qode-aig-image-inner\">\n\t\t\t\t\t\t\t\t\t\t\t<a itemprop=\"image\" class=\"qode-aig-lightbox\" href=\"https:\/\/www.lovingmemorials.com\/wp-content\/uploads\/2021\/12\/ocean-sunset-scaled-e1639276389987.jpg\" data-rel=\"prettyPhoto[image_gallery_pretty_photo-461]\" title=\"Cielo, Fondo, Y, Agua, Reflexi\u00f3n., Elemento, De, Dise\u00f1o.\">\n\t\t\t\t\t\t\t\t\t\t\t<img decoding=\"async\" width=\"1024\" height=\"576\" src=\"https:\/\/www.lovingmemorials.com\/wp-content\/uploads\/2021\/12\/ocean-sunset-scaled-e1639276389987.jpg\" class=\"attachment-full size-full\" alt=\"\" srcset=\"https:\/\/www.lovingmemorials.com\/wp-content\/uploads\/2021\/12\/ocean-sunset-scaled-e1639276389987.jpg 1024w, https:\/\/www.lovingmemorials.com\/wp-content\/uploads\/2021\/12\/ocean-sunset-scaled-e1639276389987-300x169.jpg 300w, https:\/\/www.lovingmemorials.com\/wp-content\/uploads\/2021\/12\/ocean-sunset-scaled-e1639276389987-768x432.jpg 768w, https:\/\/www.lovingmemorials.com\/wp-content\/uploads\/2021\/12\/ocean-sunset-scaled-e1639276389987-700x394.jpg 700w, https:\/\/www.lovingmemorials.com\/wp-content\/uploads\/2021\/12\/ocean-sunset-scaled-e1639276389987-539x303.jpg 539w\" sizes=\"(max-width: 1024px) 100vw, 1024px\" \/>\t\t\t\t\t\t<span class=\"aig-gallery-hover\">\n\t\t\t\t\t\t\t\t\t\t\t\t\t\t\t<span class=\"icon-arrows-plus\"><\/span> \n\t\t\t\t\t\t\t\t\t\t\t\t\t<\/span>\n\t\t\t\t\t\t\t\t\t\t\t<\/a>\n\t\t\t\t\t\t\t\t\t<\/div>\n\t\t\t<\/div>\n\t\t\t\t\t<div class=\"qode-aig-image qode-item-space\">\n\t\t\t\t<div class=\"qode-aig-image-inner\">\n\t\t\t\t\t\t\t\t\t\t\t<a itemprop=\"image\" class=\"qode-aig-lightbox\" href=\"https:\/\/www.lovingmemorials.com\/wp-content\/uploads\/2021\/12\/sunny-trees.jpg-scaled-e1639414524577.jpg\" data-rel=\"prettyPhoto[image_gallery_pretty_photo-461]\" title=\"jard\u00edn verde\">\n\t\t\t\t\t\t\t\t\t\t\t<img decoding=\"async\" width=\"1025\" height=\"574\" src=\"https:\/\/www.lovingmemorials.com\/wp-content\/uploads\/2021\/12\/sunny-trees.jpg-scaled-e1639414524577.jpg\" class=\"attachment-full size-full\" alt=\"\" srcset=\"https:\/\/www.lovingmemorials.com\/wp-content\/uploads\/2021\/12\/sunny-trees.jpg-scaled-e1639414524577.jpg 1025w, https:\/\/www.lovingmemorials.com\/wp-content\/uploads\/2021\/12\/sunny-trees.jpg-scaled-e1639414524577-300x168.jpg 300w, https:\/\/www.lovingmemorials.com\/wp-content\/uploads\/2021\/12\/sunny-trees.jpg-scaled-e1639414524577-768x430.jpg 768w, https:\/\/www.lovingmemorials.com\/wp-content\/uploads\/2021\/12\/sunny-trees.jpg-scaled-e1639414524577-700x392.jpg 700w, https:\/\/www.lovingmemorials.com\/wp-content\/uploads\/2021\/12\/sunny-trees.jpg-scaled-e1639414524577-539x303.jpg 539w\" sizes=\"(max-width: 1025px) 100vw, 1025px\" \/>\t\t\t\t\t\t<span class=\"aig-gallery-hover\">\n\t\t\t\t\t\t\t\t\t\t\t\t\t\t\t<span class=\"icon-arrows-plus\"><\/span> \n\t\t\t\t\t\t\t\t\t\t\t\t\t<\/span>\n\t\t\t\t\t\t\t\t\t\t\t<\/a>\n\t\t\t\t\t\t\t\t\t<\/div>\n\t\t\t<\/div>\n\t\t\t\t\t<div class=\"qode-aig-image qode-item-space\">\n\t\t\t\t<div class=\"qode-aig-image-inner\">\n\t\t\t\t\t\t\t\t\t\t\t<a itemprop=\"image\" class=\"qode-aig-lightbox\" href=\"https:\/\/www.lovingmemorials.com\/wp-content\/uploads\/2021\/12\/mountain-wildflowers.jpg-scaled-e1639423263610.jpg\" data-rel=\"prettyPhoto[image_gallery_pretty_photo-461]\" title=\"Flores silvestres, Monte Rainier, Washington st\">\n\t\t\t\t\t\t\t\t\t\t\t<img loading=\"lazy\" decoding=\"async\" width=\"2560\" height=\"1441\" src=\"https:\/\/www.lovingmemorials.com\/wp-content\/uploads\/2021\/12\/mountain-wildflowers.jpg-scaled-e1639423263610.jpg\" class=\"attachment-full size-full\" alt=\"\" \/>\t\t\t\t\t\t<span class=\"aig-gallery-hover\">\n\t\t\t\t\t\t\t\t\t\t\t\t\t\t\t<span class=\"icon-arrows-plus\"><\/span> \n\t\t\t\t\t\t\t\t\t\t\t\t\t<\/span>\n\t\t\t\t\t\t\t\t\t\t\t<\/a>\n\t\t\t\t\t\t\t\t\t<\/div>\n\t\t\t<\/div>\n\t\t\t\t\t<div class=\"qode-aig-image qode-item-space\">\n\t\t\t\t<div class=\"qode-aig-image-inner\">\n\t\t\t\t\t\t\t\t\t\t\t<a itemprop=\"image\" class=\"qode-aig-lightbox\" href=\"https:\/\/www.lovingmemorials.com\/wp-content\/uploads\/2021\/12\/blue-sky.jpg-scaled-e1640378236798.jpg\" data-rel=\"prettyPhoto[image_gallery_pretty_photo-461]\" title=\"Fondo de cielo azul y nubes blancas\">\n\t\t\t\t\t\t\t\t\t\t\t<img loading=\"lazy\" decoding=\"async\" width=\"2560\" height=\"1707\" src=\"https:\/\/www.lovingmemorials.com\/wp-content\/uploads\/2021\/12\/blue-sky.jpg-scaled-e1640378236798.jpg\" class=\"attachment-full size-full\" alt=\"\" \/>\t\t\t\t\t\t<span class=\"aig-gallery-hover\">\n\t\t\t\t\t\t\t\t\t\t\t\t\t\t\t<span class=\"icon-arrows-plus\"><\/span> \n\t\t\t\t\t\t\t\t\t\t\t\t\t<\/span>\n\t\t\t\t\t\t\t\t\t\t\t<\/a>\n\t\t\t\t\t\t\t\t\t<\/div>\n\t\t\t<\/div>\n\t\t\t\t\t<div class=\"qode-aig-image qode-item-space\">\n\t\t\t\t<div class=\"qode-aig-image-inner\">\n\t\t\t\t\t\t\t\t\t\t\t<a itemprop=\"image\" class=\"qode-aig-lightbox\" href=\"https:\/\/www.lovingmemorials.com\/wp-content\/uploads\/2021\/12\/cross-on-mount.jpg-scaled-e1639415097815.jpg\" data-rel=\"prettyPhoto[image_gallery_pretty_photo-461]\" title=\"cruzar\">\n\t\t\t\t\t\t\t\t\t\t\t<img loading=\"lazy\" decoding=\"async\" width=\"1023\" height=\"576\" src=\"https:\/\/www.lovingmemorials.com\/wp-content\/uploads\/2021\/12\/cross-on-mount.jpg-scaled-e1639415097815.jpg\" class=\"attachment-full size-full\" alt=\"\" srcset=\"https:\/\/www.lovingmemorials.com\/wp-content\/uploads\/2021\/12\/cross-on-mount.jpg-scaled-e1639415097815.jpg 1023w, https:\/\/www.lovingmemorials.com\/wp-content\/uploads\/2021\/12\/cross-on-mount.jpg-scaled-e1639415097815-300x169.jpg 300w, https:\/\/www.lovingmemorials.com\/wp-content\/uploads\/2021\/12\/cross-on-mount.jpg-scaled-e1639415097815-768x432.jpg 768w, https:\/\/www.lovingmemorials.com\/wp-content\/uploads\/2021\/12\/cross-on-mount.jpg-scaled-e1639415097815-700x394.jpg 700w, https:\/\/www.lovingmemorials.com\/wp-content\/uploads\/2021\/12\/cross-on-mount.jpg-scaled-e1639415097815-539x303.jpg 539w\" sizes=\"(max-width: 1023px) 100vw, 1023px\" \/>\t\t\t\t\t\t<span class=\"aig-gallery-hover\">\n\t\t\t\t\t\t\t\t\t\t\t\t\t\t\t<span class=\"icon-arrows-plus\"><\/span> \n\t\t\t\t\t\t\t\t\t\t\t\t\t<\/span>\n\t\t\t\t\t\t\t\t\t\t\t<\/a>\n\t\t\t\t\t\t\t\t\t<\/div>\n\t\t\t<\/div>\n\t\t\t\t\t<div class=\"qode-aig-image qode-item-space\">\n\t\t\t\t<div class=\"qode-aig-image-inner\">\n\t\t\t\t\t\t\t\t\t\t\t<a itemprop=\"image\" class=\"qode-aig-lightbox\" href=\"https:\/\/www.lovingmemorials.com\/wp-content\/uploads\/2021\/12\/saluting-soldier.jpg-scaled-e1639276862202.jpg\" data-rel=\"prettyPhoto[image_gallery_pretty_photo-461]\" title=\"Double,Exposure,Of,Saluting,Soldier,On,Usa,Grunge,Flag.,Vintage,\">\n\t\t\t\t\t\t\t\t\t\t\t<img loading=\"lazy\" decoding=\"async\" width=\"1024\" height=\"576\" src=\"https:\/\/www.lovingmemorials.com\/wp-content\/uploads\/2021\/12\/saluting-soldier.jpg-scaled-e1639276862202.jpg\" class=\"attachment-full size-full\" alt=\"\" srcset=\"https:\/\/www.lovingmemorials.com\/wp-content\/uploads\/2021\/12\/saluting-soldier.jpg-scaled-e1639276862202.jpg 1024w, https:\/\/www.lovingmemorials.com\/wp-content\/uploads\/2021\/12\/saluting-soldier.jpg-scaled-e1639276862202-300x169.jpg 300w, https:\/\/www.lovingmemorials.com\/wp-content\/uploads\/2021\/12\/saluting-soldier.jpg-scaled-e1639276862202-768x432.jpg 768w, https:\/\/www.lovingmemorials.com\/wp-content\/uploads\/2021\/12\/saluting-soldier.jpg-scaled-e1639276862202-700x394.jpg 700w, https:\/\/www.lovingmemorials.com\/wp-content\/uploads\/2021\/12\/saluting-soldier.jpg-scaled-e1639276862202-539x303.jpg 539w\" sizes=\"(max-width: 1024px) 100vw, 1024px\" \/>\t\t\t\t\t\t<span class=\"aig-gallery-hover\">\n\t\t\t\t\t\t\t\t\t\t\t\t\t\t\t<span class=\"icon-arrows-plus\"><\/span> \n\t\t\t\t\t\t\t\t\t\t\t\t\t<\/span>\n\t\t\t\t\t\t\t\t\t\t\t<\/a>\n\t\t\t\t\t\t\t\t\t<\/div>\n\t\t\t<\/div>\n\t\t\t\t\t<div class=\"qode-aig-image qode-item-space\">\n\t\t\t\t<div class=\"qode-aig-image-inner\">\n\t\t\t\t\t\t\t\t\t\t\t<a itemprop=\"image\" class=\"qode-aig-lightbox\" href=\"https:\/\/www.lovingmemorials.com\/wp-content\/uploads\/2021\/12\/flowerboard-purple.jpg-scaled-e1640296960142.jpg\" data-rel=\"prettyPhoto[image_gallery_pretty_photo-461]\" title=\"Beautiful,Spring,Flowers,On,Paper,Background\">\n\t\t\t\t\t\t\t\t\t\t\t<img loading=\"lazy\" decoding=\"async\" width=\"1025\" height=\"575\" src=\"https:\/\/www.lovingmemorials.com\/wp-content\/uploads\/2021\/12\/flowerboard-purple.jpg-scaled-e1640296960142.jpg\" class=\"attachment-full size-full\" alt=\"\" \/>\t\t\t\t\t\t<span class=\"aig-gallery-hover\">\n\t\t\t\t\t\t\t\t\t\t\t\t\t\t\t<span class=\"icon-arrows-plus\"><\/span> \n\t\t\t\t\t\t\t\t\t\t\t\t\t<\/span>\n\t\t\t\t\t\t\t\t\t\t\t<\/a>\n\t\t\t\t\t\t\t\t\t<\/div>\n\t\t\t<\/div>\n\t\t\t\t\t<div class=\"qode-aig-image qode-item-space\">\n\t\t\t\t<div class=\"qode-aig-image-inner\">\n\t\t\t\t\t\t\t\t\t\t\t<a itemprop=\"image\" class=\"qode-aig-lightbox\" href=\"https:\/\/www.lovingmemorials.com\/wp-content\/uploads\/2021\/12\/balcony-ocean-view-scaled-e1639414909778.jpg\" data-rel=\"prettyPhoto[image_gallery_pretty_photo-461]\" title=\"balcon vista al mar\">\n\t\t\t\t\t\t\t\t\t\t\t<img loading=\"lazy\" decoding=\"async\" width=\"1024\" height=\"576\" src=\"https:\/\/www.lovingmemorials.com\/wp-content\/uploads\/2021\/12\/balcony-ocean-view-scaled-e1639414909778.jpg\" class=\"attachment-full size-full\" alt=\"\" srcset=\"https:\/\/www.lovingmemorials.com\/wp-content\/uploads\/2021\/12\/balcony-ocean-view-scaled-e1639414909778.jpg 1024w, https:\/\/www.lovingmemorials.com\/wp-content\/uploads\/2021\/12\/balcony-ocean-view-scaled-e1639414909778-300x169.jpg 300w, https:\/\/www.lovingmemorials.com\/wp-content\/uploads\/2021\/12\/balcony-ocean-view-scaled-e1639414909778-768x432.jpg 768w, https:\/\/www.lovingmemorials.com\/wp-content\/uploads\/2021\/12\/balcony-ocean-view-scaled-e1639414909778-700x394.jpg 700w, https:\/\/www.lovingmemorials.com\/wp-content\/uploads\/2021\/12\/balcony-ocean-view-scaled-e1639414909778-539x303.jpg 539w\" sizes=\"(max-width: 1024px) 100vw, 1024px\" \/>\t\t\t\t\t\t<span class=\"aig-gallery-hover\">\n\t\t\t\t\t\t\t\t\t\t\t\t\t\t\t<span class=\"icon-arrows-plus\"><\/span> \n\t\t\t\t\t\t\t\t\t\t\t\t\t<\/span>\n\t\t\t\t\t\t\t\t\t\t\t<\/a>\n\t\t\t\t\t\t\t\t\t<\/div>\n\t\t\t<\/div>\n\t\t\t\t\t<div class=\"qode-aig-image qode-item-space\">\n\t\t\t\t<div class=\"qode-aig-image-inner\">\n\t\t\t\t\t\t\t\t\t\t\t<a itemprop=\"image\" class=\"qode-aig-lightbox\" href=\"https:\/\/www.lovingmemorials.com\/wp-content\/uploads\/2021\/12\/luxury-pink-marble.jpg-scaled-e1639415200212.jpg\" data-rel=\"prettyPhoto[image_gallery_pretty_photo-461]\" title=\"Lujo, rosa, m\u00e1rmol, textura, fondo, dise\u00f1o, para, pancarta, invitaci\u00f3n, papel tapiz,\">\n\t\t\t\t\t\t\t\t\t\t\t<img loading=\"lazy\" decoding=\"async\" width=\"1024\" height=\"576\" src=\"https:\/\/www.lovingmemorials.com\/wp-content\/uploads\/2021\/12\/luxury-pink-marble.jpg-scaled-e1639415200212.jpg\" class=\"attachment-full size-full\" alt=\"\" srcset=\"https:\/\/www.lovingmemorials.com\/wp-content\/uploads\/2021\/12\/luxury-pink-marble.jpg-scaled-e1639415200212.jpg 1024w, https:\/\/www.lovingmemorials.com\/wp-content\/uploads\/2021\/12\/luxury-pink-marble.jpg-scaled-e1639415200212-300x169.jpg 300w, https:\/\/www.lovingmemorials.com\/wp-content\/uploads\/2021\/12\/luxury-pink-marble.jpg-scaled-e1639415200212-768x432.jpg 768w, https:\/\/www.lovingmemorials.com\/wp-content\/uploads\/2021\/12\/luxury-pink-marble.jpg-scaled-e1639415200212-700x394.jpg 700w, https:\/\/www.lovingmemorials.com\/wp-content\/uploads\/2021\/12\/luxury-pink-marble.jpg-scaled-e1639415200212-539x303.jpg 539w\" sizes=\"(max-width: 1024px) 100vw, 1024px\" \/>\t\t\t\t\t\t<span class=\"aig-gallery-hover\">\n\t\t\t\t\t\t\t\t\t\t\t\t\t\t\t<span class=\"icon-arrows-plus\"><\/span> \n\t\t\t\t\t\t\t\t\t\t\t\t\t<\/span>\n\t\t\t\t\t\t\t\t\t\t\t<\/a>\n\t\t\t\t\t\t\t\t\t<\/div>\n\t\t\t<\/div>\n\t\t\t<\/div>\n<\/div>\t\t<\/div>\n\t\t\t\t<\/div>\n\t\t\t\t<div class=\"elementor-element elementor-element-4aaab5f elementor-widget elementor-widget-text-editor\" data-id=\"4aaab5f\" data-element_type=\"widget\" data-widget_type=\"text-editor.default\">\n\t\t\t\t<div class=\"elementor-widget-container\">\n\t\t\t\t\t\t\t<h3><strong>\u00bfMi familia y amigos<\/strong> pueden contribuir <strong>al Loving Memorial?<\/strong><\/h3><p>Si. Pueden subir fotos y videos al memorial. Tambi\u00e9n pueden agregar pensamientos, recuerdos e historias al libro de visitas. Usted controla (y puede editar) qu\u00e9 contenido aparece.<\/p><h3><strong>\u00bfPuedo ver un ejemplo de un<\/strong> <strong>sitio web de Loving Memorial?<\/strong><\/h3><p>El <a href=\"https:\/\/www.lovingmemorials.com\/m\/antonio-gomes\/112925\/\">Loving Memorial de Antonio Gomes<\/a> es un ejemplo de un sitio web Loving Memorial. <\/p><h3><strong>\u00bfEn qu\u00e9 idiomas<\/strong> puedo crear un <strong>sitio web de Loving Memorial?<\/strong><\/h3><p>Puede crear, editar y ver un Loving Memorial en los siguientes idiomas:<\/p><p><a href=\"https:\/\/www.lovingmemorials.com\/es\/\">Ingl\u00e9s<\/a> , <a href=\"https:\/\/www.lovingmemorials.com\/fi\/\">finland\u00e9s<\/a> , <a href=\"https:\/\/www.lovingmemorials.com\/fr\/\">franc\u00e9s<\/a> , <a href=\"https:\/\/www.lovingmemorials.com\/de\/\">alem\u00e1n<\/a> , <a href=\"https:\/\/www.lovingmemorials.com\/id\/\">indonesio<\/a> , <a href=\"https:\/\/www.lovingmemorials.com\/it\/\">italiano<\/a> , <a href=\"https:\/\/www.lovingmemorials.com\/ms\/\">malayo<\/a> , <a href=\"https:\/\/www.lovingmemorials.com\/pl\/\">polaco<\/a> , <a href=\"https:\/\/www.lovingmemorials.com\/pt-br\/\">portugu\u00e9s (Brasil)<\/a> , <a href=\"https:\/\/www.lovingmemorials.com\/pt-pt\/\">portugu\u00e9s (Portugal)<\/a> , <a href=\"https:\/\/www.lovingmemorials.com\/es\/\">espa\u00f1ol<\/a> , <a href=\"https:\/\/www.lovingmemorials.com\/sv\/\">sueco<\/a> , <a href=\"https:\/\/www.lovingmemorials.com\/tr\/\">turco<\/a> , <a href=\"https:\/\/www.lovingmemorials.com\/vi\/\">vietnamita<\/a> .<\/p><h3><strong>Todav\u00eda tengo<\/strong> preguntas, <strong>\u00bfc\u00f3mo puedo comunicarme con usted?<\/strong><\/h3><p>La mejor manera de comunicarse con nosotros es envi\u00e1ndonos un mensaje a trav\u00e9s de &#8216; <a href=\"https:\/\/www.lovingmemorials.com\/es\/contacto\/\">Cont\u00e1ctenos<\/a> &#8216;, o si ya ha creado un Loving Memorial, a trav\u00e9s del formulario de &#8216;Ayuda&#8217; dentro de su cuenta.<\/p><p>Nos enorgullecemos de los r\u00e1pidos tiempos de respuesta. Respondemos todas las consultas tan pronto como podemos, a menudo en menos de una hora.<\/p><p>La mayor\u00eda de los problemas se explican mejor a trav\u00e9s del correo electr\u00f3nico. Si lo prefieres, te llamamos.<\/p>\t\t\t\t\t\t<\/div>\n\t\t\t\t<\/div>\n\t\t\t\t\t<\/div>\n\t\t<\/div>\n\t\t\t\t\t<\/div>\n\t\t<\/section>\n\t\t\t\t\t<\/div>\n\t\t<\/div>\n\t\t\t\t\t<\/div>\n\t\t<\/section>\n\t\t\t\t<\/div>\n\t\t","protected":false},"excerpt":{"rendered":"<p>Preguntas frecuentes \u00bfQu\u00e9 es un Memorial de Amor? A Loving Memorial es un memorial en l\u00ednea para conmemorar la vida de su ser querido. Nuestro servicio le permite agregar im\u00e1genes, videos, palabras y m\u00fasica para compartir recuerdos y contar la historia de su ser querido&#8230;.<\/p>\n","protected":false},"author":1,"featured_media":0,"parent":0,"menu_order":0,"comment_status":"closed","ping_status":"closed","template":"","meta":{"footnotes":""},"class_list":["post-8846","page","type-page","status-publish","hentry"],"_links":{"self":[{"href":"https:\/\/www.lovingmemorials.com\/es\/wp-json\/wp\/v2\/pages\/8846","targetHints":{"allow":["GET"]}}],"collection":[{"href":"https:\/\/www.lovingmemorials.com\/es\/wp-json\/wp\/v2\/pages"}],"about":[{"href":"https:\/\/www.lovingmemorials.com\/es\/wp-json\/wp\/v2\/types\/page"}],"author":[{"embeddable":true,"href":"https:\/\/www.lovingmemorials.com\/es\/wp-json\/wp\/v2\/users\/1"}],"replies":[{"embeddable":true,"href":"https:\/\/www.lovingmemorials.com\/es\/wp-json\/wp\/v2\/comments?post=8846"}],"version-history":[{"count":19,"href":"https:\/\/www.lovingmemorials.com\/es\/wp-json\/wp\/v2\/pages\/8846\/revisions"}],"predecessor-version":[{"id":18466,"href":"https:\/\/www.lovingmemorials.com\/es\/wp-json\/wp\/v2\/pages\/8846\/revisions\/18466"}],"wp:attachment":[{"href":"https:\/\/www.lovingmemorials.com\/es\/wp-json\/wp\/v2\/media?parent=8846"}],"curies":[{"name":"wp","href":"https:\/\/api.w.org\/{rel}","templated":true}]}}