{"id":8990,"date":"2022-01-10T23:00:30","date_gmt":"2022-01-10T23:00:30","guid":{"rendered":"https:\/\/www.lovingmemorials.com\/sobre\/"},"modified":"2022-02-16T03:50:28","modified_gmt":"2022-02-16T03:50:28","slug":"sobre","status":"publish","type":"page","link":"https:\/\/www.lovingmemorials.com\/es\/sobre\/","title":{"rendered":"Acerca de"},"content":{"rendered":"\t\t<div data-elementor-type=\"wp-page\" data-elementor-id=\"8990\" class=\"elementor elementor-8990\" data-elementor-post-type=\"page\">\n\t\t\t\t\t\t<section class=\"elementor-section elementor-top-section elementor-element elementor-element-5312331 elementor-section-content-middle page-header elementor-section-boxed elementor-section-height-default elementor-section-height-default parallax_section_no qode_elementor_container_no\" data-id=\"5312331\" data-element_type=\"section\">\n\t\t\t\t\t\t<div class=\"elementor-container elementor-column-gap-no\">\n\t\t\t\t\t<div class=\"elementor-column elementor-col-100 elementor-top-column elementor-element elementor-element-e8f5fcc\" data-id=\"e8f5fcc\" data-element_type=\"column\">\n\t\t\t<div class=\"elementor-widget-wrap elementor-element-populated\">\n\t\t\t\t\t\t<div class=\"elementor-element elementor-element-3d87450 elementor-widget elementor-widget-heading\" data-id=\"3d87450\" data-element_type=\"widget\" data-widget_type=\"heading.default\">\n\t\t\t\t<div class=\"elementor-widget-container\">\n\t\t\t<h1 class=\"elementor-heading-title elementor-size-default\">Acerca de los memoriales amorosos<\/h1>\t\t<\/div>\n\t\t\t\t<\/div>\n\t\t\t\t<section class=\"elementor-section elementor-inner-section elementor-element elementor-element-a0018ee elementor-section-content-middle container-shadow elementor-section-boxed elementor-section-height-default elementor-section-height-default parallax_section_no qode_elementor_container_no\" data-id=\"a0018ee\" data-element_type=\"section\" data-settings=\"{&quot;background_background&quot;:&quot;classic&quot;}\">\n\t\t\t\t\t\t<div class=\"elementor-container elementor-column-gap-no\">\n\t\t\t\t\t<div class=\"elementor-column elementor-col-100 elementor-inner-column elementor-element elementor-element-1c643d0\" data-id=\"1c643d0\" data-element_type=\"column\">\n\t\t\t<div class=\"elementor-widget-wrap elementor-element-populated\">\n\t\t\t\t\t\t<div class=\"elementor-element elementor-element-e1e7f26 elementor-widget__width-initial elementor-widget-mobile__width-inherit elementor-widget elementor-widget-text-editor\" data-id=\"e1e7f26\" data-element_type=\"widget\" data-widget_type=\"text-editor.default\">\n\t\t\t\t<div class=\"elementor-widget-container\">\n\t\t\t\t\t\t\t<p>Loving Memorials es un servicio que le permite crear f\u00e1cilmente un elegante memorial en l\u00ednea para su ser querido.<\/p>\n<p>A Loving Memorial es sofisticado en su simplicidad. Tiene un dise\u00f1o ordenado y proporciona una experiencia visual \u00fanica. Creemos que menos es m\u00e1s cuando se trata de honrar y rendir homenaje a una vida.<\/p>\n<p>A Loving Memorial se centra en su amado. La marca de la empresa es m\u00ednima y no hay anuncios, incluidos los enlaces para crear un memorial para otra persona. Su ser querido es el h\u00e9roe de esta historia. <\/p>\n<p>La belleza fluye de esta simplicidad que te facilita contar su historia. Compartes tu Loving Memorial con familiares y amigos para recordar y celebrar su vida, para que siempre sean recordados.<\/p>\n\t\t\t\t\t\t<\/div>\n\t\t\t\t<\/div>\n\t\t\t\t<div class=\"elementor-element elementor-element-7b7c1e2 elementor-widget__width-initial elementor-widget-mobile__width-inherit elementor-widget elementor-widget-text-editor\" data-id=\"7b7c1e2\" data-element_type=\"widget\" data-widget_type=\"text-editor.default\">\n\t\t\t\t<div class=\"elementor-widget-container\">\n\t\t\t\t\t\t\t<p><a href=\"https:\/\/www.lovingmemorials.com\/wp-content\/uploads\/2021\/04\/Loving-Memorial-Tony-e1640665696723.png\"><img fetchpriority=\"high\" decoding=\"async\" class=\"alignnone wp-image-7003 size-large\" src=\"https:\/\/www.lovingmemorials.com\/wp-content\/uploads\/2021\/04\/Loving-Memorial-Tony-1024x768.png\" alt=\"Tony conmemorativo amoroso\" width=\"1024\" height=\"768\"><\/a><\/p>\n\t\t\t\t\t\t<\/div>\n\t\t\t\t<\/div>\n\t\t\t\t<div class=\"elementor-element elementor-element-d694f8d elementor-widget elementor-widget-text-editor\" data-id=\"d694f8d\" data-element_type=\"widget\" data-widget_type=\"text-editor.default\">\n\t\t\t\t<div class=\"elementor-widget-container\">\n\t\t\t\t\t\t\t<h2 id=\"founders-message\">Un mensaje de Brian, uno de nuestros fundadores<\/h2>\n<p>En los \u00faltimos a\u00f1os de mi padre, recuerdo que una vez me dijo:<\/p>\n<blockquote>\n<p>Debo escribir todos los lugares en los que he estado y las cosas que he visto.<\/p>\n<\/blockquote>\n\t\t\t\t\t\t<\/div>\n\t\t\t\t<\/div>\n\t\t\t\t<div class=\"elementor-element elementor-element-3f8cf48 elementor-widget__width-initial elementor-widget-mobile__width-inherit elementor-widget elementor-widget-text-editor\" data-id=\"3f8cf48\" data-element_type=\"widget\" data-widget_type=\"text-editor.default\">\n\t\t\t\t<div class=\"elementor-widget-container\">\n\t\t\t\t\t\t\t<p style=\"background-color: #ffffff;\">Entend\u00ed que mi pap\u00e1 quer\u00eda que su vida importara, que quer\u00eda ser recordado y no ser olvidado.<\/p>\n<p style=\"background-color: #ffffff;\">Pero el resto no me qued\u00f3 claro. Recuerdo haber pensado: \u00ab<i>\u00bfD\u00f3nde escribiremos esto? \u00bfQui\u00e9n lo ver\u00e1?\u00bb <\/i><\/p>\n<p style=\"background-color: #ffffff;\">A\u00f1os despu\u00e9s, despu\u00e9s de que mi padre falleciera, comenc\u00e9 a trabajar en la industria funeraria y entend\u00ed lo que me dec\u00eda.<\/p>\n<p style=\"background-color: #ffffff;\">Estaba dise\u00f1ando un software de obituario y me di cuenta de que la belleza y el valor de una vida no se capturaban en un obituario.<\/p>\n<p style=\"background-color: #ffffff;\">Mir\u00e9 las ofertas de sitios web conmemorativos en l\u00ednea y sent\u00ed que se estaban quedando cortos. Estaban ocupados y confusos. Carec\u00edan de enfoque y no estaban capturando una vida con belleza.<\/p>\n<p style=\"background-color: #ffffff;\">Se necesitaba algo diferente. Ayud\u00e9 a crear Loving Memorials para preservar y celebrar la historia de una vida con sencillez y belleza.<\/p>\n<p style=\"background-color: #ffffff;\">El Memorial Amoroso de mi padre, Antonio Gomes, fue el primer Memorial Amoroso que se cre\u00f3. Cuando lo cre\u00e9, estaba orgulloso de compartirlo con familiares y amigos. Ahora, me enorgullece compartirlo con el mundo, sabiendo que he honrado el deseo de mi padre de no ser olvidado.<\/p>\n\t\t\t\t\t\t<\/div>\n\t\t\t\t<\/div>\n\t\t\t\t<div class=\"elementor-element elementor-element-f2d987c elementor-widget__width-initial elementor-widget-mobile__width-inherit elementor-widget elementor-widget-text-editor\" data-id=\"f2d987c\" data-element_type=\"widget\" data-widget_type=\"text-editor.default\">\n\t\t\t\t<div class=\"elementor-widget-container\">\n\t\t\t\t\t\t\t<p><a href=\"https:\/\/www.lovingmemorials.com\/wp-content\/uploads\/2021\/10\/Brian_Dad.jpeg\"><img decoding=\"async\" class=\"alignnone wp-image-1529 size-full\" src=\"https:\/\/www.lovingmemorials.com\/wp-content\/uploads\/2021\/10\/Brian_Dad.jpeg\" alt=\"Imagen de Brian arrodillado junto a su pap\u00e1 sentado en una silla\" width=\"768\" height=\"1024\" srcset=\"https:\/\/www.lovingmemorials.com\/wp-content\/uploads\/2021\/10\/Brian_Dad.jpeg 768w, https:\/\/www.lovingmemorials.com\/wp-content\/uploads\/2021\/10\/Brian_Dad-225x300.jpeg 225w, https:\/\/www.lovingmemorials.com\/wp-content\/uploads\/2021\/10\/Brian_Dad-600x800.jpeg 600w, https:\/\/www.lovingmemorials.com\/wp-content\/uploads\/2021\/10\/Brian_Dad-700x933.jpeg 700w\" sizes=\"(max-width: 768px) 100vw, 768px\" \/><\/a><br \/><span style=\"color: #727272;\">Brian y su padre, Tony Gomes<\/span><\/p>\n\t\t\t\t\t\t<\/div>\n\t\t\t\t<\/div>\n\t\t\t\t<div class=\"elementor-element elementor-element-a313b5c elementor-widget elementor-widget-text-editor\" data-id=\"a313b5c\" data-element_type=\"widget\" data-widget_type=\"text-editor.default\">\n\t\t\t\t<div class=\"elementor-widget-container\">\n\t\t\t\t\t\t\t<h3 id=\"remembrance\">Una cercan\u00eda inesperada a trav\u00e9s del recuerdo<\/h3>\n<p>Me sorprendi\u00f3 lo que me pas\u00f3 en el proceso de creaci\u00f3n del Memorial Amoroso de mi padre. Mientras a\u00f1ad\u00eda fotos y contaba la historia de su vida, hab\u00eda mucho que experiment\u00e9 personalmente.<\/p>\n<p>Hubo sonrisas y risas, junto con orgullo, gratitud, consuelo, sanaci\u00f3n y celebraci\u00f3n. Pero sobre todo, hab\u00eda amor. Me acerc\u00f3 mucho m\u00e1s a \u00e9l, y fue entonces cuando entend\u00ed Loving Memorials m\u00e1s claramente.<\/p>\n<p>Me di cuenta de que para que un ser querido no sea olvidado, eso significa que nosotros, los vivos, lo recordamos. A trav\u00e9s del acto del recuerdo, sentimos amor y estamos m\u00e1s cerca de ellos. Es por eso que no ser olvidado es tan importante: es importante para nuestro ser querido y para nosotros.<\/p>\n<p>Si eliges crear un Memorial de Amor para tu ser querido, deseo que sientas el amor y la cercan\u00eda que sent\u00ed por mi padre cuando cre\u00e9 su Memorial de Amor.<\/p>\n<p>-Brian G\u00f3mez<\/p>\n<p>Un fundador de memoriales amorosos<\/p>\n<h2>Acerca de nuestro equipo y por qu\u00e9 hacemos esto<\/h2>\n\t\t\t\t\t\t<\/div>\n\t\t\t\t<\/div>\n\t\t\t\t<div class=\"elementor-element elementor-element-159e0c1 elementor-widget-mobile__width-inherit elementor-widget elementor-widget-text-editor\" data-id=\"159e0c1\" data-element_type=\"widget\" data-widget_type=\"text-editor.default\">\n\t\t\t\t<div class=\"elementor-widget-container\">\n\t\t\t\t\t\t\t<p>Loving Memorials fue creado por un equipo que ha dedicado a\u00f1os a crear y desarrollar soluciones de obituarios para funerarias de todo el mundo.<\/p>\n<blockquote>\n<p>Nos sentimos honrados de haber recordado m\u00e1s de 200 000 vidas en nuestro software y apenas estamos comenzando.<\/p>\n<\/blockquote>\n\t\t\t\t\t\t<\/div>\n\t\t\t\t<\/div>\n\t\t\t\t<div class=\"elementor-element elementor-element-2e13c37 elementor-widget-mobile__width-inherit elementor-widget elementor-widget-text-editor\" data-id=\"2e13c37\" data-element_type=\"widget\" data-widget_type=\"text-editor.default\">\n\t\t\t\t<div class=\"elementor-widget-container\">\n\t\t\t\t\t\t\t<p>Creemos que las redes sociales no brindan una forma adecuada de recordar a su ser querido, y sentimos que se necesitaba algo diferente en el espacio conmemorativo en l\u00ednea.<\/p>\n<p>Creamos Loving Memorials para preservar, compartir y celebrar la vida de su ser querido con sencillez y elegancia.<\/p>\n\t\t\t\t\t\t<\/div>\n\t\t\t\t<\/div>\n\t\t\t\t\t<\/div>\n\t\t<\/div>\n\t\t\t\t\t<\/div>\n\t\t<\/section>\n\t\t\t\t\t<\/div>\n\t\t<\/div>\n\t\t\t\t\t<\/div>\n\t\t<\/section>\n\t\t\t\t<\/div>\n\t\t","protected":false},"excerpt":{"rendered":"<p>Acerca de los memoriales amorosos Loving Memorials es un servicio que le permite crear f\u00e1cilmente un elegante memorial en l\u00ednea para su ser querido. A Loving Memorial es sofisticado en su simplicidad. Tiene un dise\u00f1o ordenado y proporciona una experiencia visual \u00fanica. Creemos que menos&#8230;<\/p>\n","protected":false},"author":1,"featured_media":0,"parent":0,"menu_order":0,"comment_status":"closed","ping_status":"closed","template":"","meta":{"footnotes":""},"class_list":["post-8990","page","type-page","status-publish","hentry"],"_links":{"self":[{"href":"https:\/\/www.lovingmemorials.com\/es\/wp-json\/wp\/v2\/pages\/8990","targetHints":{"allow":["GET"]}}],"collection":[{"href":"https:\/\/www.lovingmemorials.com\/es\/wp-json\/wp\/v2\/pages"}],"about":[{"href":"https:\/\/www.lovingmemorials.com\/es\/wp-json\/wp\/v2\/types\/page"}],"author":[{"embeddable":true,"href":"https:\/\/www.lovingmemorials.com\/es\/wp-json\/wp\/v2\/users\/1"}],"replies":[{"embeddable":true,"href":"https:\/\/www.lovingmemorials.com\/es\/wp-json\/wp\/v2\/comments?post=8990"}],"version-history":[{"count":3,"href":"https:\/\/www.lovingmemorials.com\/es\/wp-json\/wp\/v2\/pages\/8990\/revisions"}],"predecessor-version":[{"id":14276,"href":"https:\/\/www.lovingmemorials.com\/es\/wp-json\/wp\/v2\/pages\/8990\/revisions\/14276"}],"wp:attachment":[{"href":"https:\/\/www.lovingmemorials.com\/es\/wp-json\/wp\/v2\/media?parent=8990"}],"curies":[{"name":"wp","href":"https:\/\/api.w.org\/{rel}","templated":true}]}}