{"id":9146,"date":"2022-01-11T18:31:44","date_gmt":"2022-01-11T18:31:44","guid":{"rendered":"https:\/\/www.lovingmemorials.com\/intimidad\/"},"modified":"2022-04-28T16:59:29","modified_gmt":"2022-04-28T16:59:29","slug":"intimidad","status":"publish","type":"page","link":"https:\/\/www.lovingmemorials.com\/es\/intimidad\/","title":{"rendered":"Pol\u00edtica de privacidad"},"content":{"rendered":"\t\t<div data-elementor-type=\"wp-page\" data-elementor-id=\"9146\" class=\"elementor elementor-9146\" data-elementor-post-type=\"page\">\n\t\t\t\t\t\t<section class=\"elementor-section elementor-top-section elementor-element elementor-element-0182c20 elementor-section-content-middle page-header elementor-section-boxed elementor-section-height-default elementor-section-height-default parallax_section_no qode_elementor_container_no\" data-id=\"0182c20\" data-element_type=\"section\">\n\t\t\t\t\t\t<div class=\"elementor-container elementor-column-gap-no\">\n\t\t\t\t\t<div class=\"elementor-column elementor-col-100 elementor-top-column elementor-element elementor-element-f85ac67\" data-id=\"f85ac67\" data-element_type=\"column\">\n\t\t\t<div class=\"elementor-widget-wrap elementor-element-populated\">\n\t\t\t\t\t\t<div class=\"elementor-element elementor-element-fff4700 elementor-widget elementor-widget-heading\" data-id=\"fff4700\" data-element_type=\"widget\" data-widget_type=\"heading.default\">\n\t\t\t\t<div class=\"elementor-widget-container\">\n\t\t\t<h1 class=\"elementor-heading-title elementor-size-default\">Pol\u00edtica de privacidad<\/h1>\t\t<\/div>\n\t\t\t\t<\/div>\n\t\t\t\t<section class=\"elementor-section elementor-inner-section elementor-element elementor-element-5c8432b elementor-section-content-middle container-shadow elementor-section-boxed elementor-section-height-default elementor-section-height-default parallax_section_no qode_elementor_container_no\" data-id=\"5c8432b\" data-element_type=\"section\" data-settings=\"{&quot;background_background&quot;:&quot;classic&quot;}\">\n\t\t\t\t\t\t<div class=\"elementor-container elementor-column-gap-no\">\n\t\t\t\t\t<div class=\"elementor-column elementor-col-100 elementor-inner-column elementor-element elementor-element-6155df8\" data-id=\"6155df8\" data-element_type=\"column\">\n\t\t\t<div class=\"elementor-widget-wrap elementor-element-populated\">\n\t\t\t\t\t\t<div class=\"elementor-element elementor-element-a9e2b32 elementor-widget elementor-widget-text-editor\" data-id=\"a9e2b32\" data-element_type=\"widget\" data-widget_type=\"text-editor.default\">\n\t\t\t\t<div class=\"elementor-widget-container\">\n\t\t\t\t\t\t\t<p>Esta Pol\u00edtica de Privacidad explica:<\/p><ul><li>qu\u00e9 informaci\u00f3n recopilamos<\/li><li>por qu\u00e9 lo recopilamos<\/li><li>c\u00f3mo lo usamos<\/li><li>las opciones que tienes<\/li><\/ul><h3>Recopilaci\u00f3n de informaci\u00f3n<\/h3><ul><li>Informaci\u00f3n que nos proporciona<ul><li>Al utilizar el servicio de Loving Memorials, deber\u00e1 proporcionarnos Informaci\u00f3n personal y la Informaci\u00f3n de su ser querido (su &#8216;Amado&#8217; es la persona o mascota para la que est\u00e1 creando un Loving Memorial)<\/li><\/ul><\/li><\/ul><ul><li style=\"list-style-type: none;\"><ul><li>Tu informaci\u00f3n personal<ul><li>su nombre, direcci\u00f3n de correo electr\u00f3nico, informaci\u00f3n de pago, su relaci\u00f3n con el difunto para el que se crea el Loving Memorial, el idioma en el que se encuentra su Loving Memorial<\/li><\/ul><\/li><\/ul><\/li><\/ul><ul><li style=\"list-style-type: none;\"><ul><li>Informaci\u00f3n de su ser querido<ul><li>su &#8216;amado&#8217; es la persona o mascota para la que est\u00e1 creando un recuerdo amoroso<\/li><li>La informaci\u00f3n de su ser querido puede incluir su informaci\u00f3n de nacimiento y muerte, los lugares donde vivieron, su relaci\u00f3n familiar con otras personas, las personas que conocieron, la historia de su vida, fotos, videos, m\u00fasica, recuerdos, historias, entradas en el libro de visitas.<\/li><\/ul><\/li><\/ul><\/li><\/ul><ul><li>Informaci\u00f3n de los visitantes<ul><li>Los visitantes tambi\u00e9n pueden brindar informaci\u00f3n sobre el monumento conmemorativo de su ser querido, como fotograf\u00edas, videos, historias, recuerdos y entradas en el libro de visitas.<\/li><\/ul><\/li><li>Informaci\u00f3n de socios<ul><li>Recopilamos informaci\u00f3n de otras empresas con las que usted o alguien que conoc\u00eda a su ser querido ten\u00eda una relaci\u00f3n<\/li><li>Por ejemplo, una funeraria puede haber proporcionado un obituario para su ser querido y este obituario fue la base para la informaci\u00f3n utilizada en el Loving Memorial.<\/li><li>Esta informaci\u00f3n de nuestros socios puede incluir toda la informaci\u00f3n en &#8216;Informaci\u00f3n de su ser querido&#8217;<\/li><li>Nuestras asociaciones pueden incluir funerarias, proveedores de software en la industria funeraria o sitios web independientes<\/li><\/ul><\/li><li>Informaci\u00f3n que recopilamos autom\u00e1ticamente<ul><li>Recopilamos autom\u00e1ticamente informaci\u00f3n sobre usted mediante el uso del servicio Loving Memorial, como por ejemplo:<ul><li>su actividad en el sitio web Loving Memorial y Loving Memorial para su ser querido<\/li><li>su interacci\u00f3n con nuestro sitio web y propiedades, incluidas las visitas a la p\u00e1gina y otra informaci\u00f3n est\u00e1ndar de los registros del servidor web y las herramientas de an\u00e1lisis del sitio web<\/li><li>identificadores de dispositivos y el tipo de computadora personal o dispositivo m\u00f3vil que est\u00e1 utilizando<\/li><li>el tipo de navegador de internet<\/li><li>su informaci\u00f3n de red y direcci\u00f3n IP<\/li><li>su proveedor de servicios de internet<\/li><li>el sitio web que lo refiri\u00f3 a nosotros, incluida la publicidad con la que interactu\u00f3 y las consultas de b\u00fasqueda<\/li><li>su interacci\u00f3n con nuestro servicio de atenci\u00f3n al cliente, como la fecha, la hora y el motivo de la asistencia, y las transcripciones de las comunicaciones por correo electr\u00f3nico, mensajes de texto y registros de voz<\/li><li>informaci\u00f3n recopilada a trav\u00e9s de las cookies y otras tecnolog\u00edas que incluye datos publicitarios<\/li><\/ul><\/li><\/ul><\/li><\/ul><h3>Por qu\u00e9 recopilamos informaci\u00f3n<\/h3><p>Recopilamos informaci\u00f3n por una variedad de razones, tales como:<\/p><ul><li>para proporcionar, analizar y mejorar nuestro servicio<\/li><li>para poder procesar su registro y recibir pagos de usted<\/li><li>para poder ayudarlo con los problemas t\u00e9cnicos que pueda tener<\/li><li>para mantener nuestros servicios seguros, libres de fraude y en funcionamiento<\/li><li>para ayudar a garantizar que se cumplan nuestros T\u00e9rminos y condiciones<\/li><li>trabajar con socios para poder poner nuestro servicio a su disposici\u00f3n<\/li><li>para prevenir y detectar actividades ilegales<\/li><li>para comunicarnos con usted acerca de nuestro servicio, incluso para informarle sobre nuevas funciones, ofertas y promociones<\/li><\/ul><h3>Revelaci\u00f3n de informaci\u00f3n<\/h3><p>Podemos divulgar su informaci\u00f3n para ciertos prop\u00f3sitos y a terceros de la siguiente manera:<\/p><ul><li>Proveedores de servicio<ul><li>usamos otras compa\u00f1\u00edas, agentes y contratistas para que nos ayuden a brindarle servicios<\/li><li>podemos utilizar proveedores de servicios para servicios de TI, pago y facturaci\u00f3n, atenci\u00f3n al cliente, comunicaci\u00f3n, marketing, publicidad, seguridad, encuestas<\/li><li>Los proveedores de servicios pueden tener acceso a su informaci\u00f3n personal o a la informaci\u00f3n personal de su ser querido<\/li><li>Los proveedores de servicios no pueden usar ni divulgar esta informaci\u00f3n a menos que sea en relaci\u00f3n con la prestaci\u00f3n de sus servicios para nosotros.<\/li><\/ul><\/li><li>Socios<ul><li>podemos compartir cierta informaci\u00f3n personal o la informaci\u00f3n personal de su ser querido con nuestros socios para brindarle un servicio y\/o cumplir con nuestros acuerdos comerciales con los socios<\/li><\/ul><\/li><li>De acuerdo con las leyes<ul><li>podemos divulgar su informaci\u00f3n personal o la informaci\u00f3n personal de su ser querido para satisfacer y cumplir con una ley, regulaci\u00f3n, proceso legal, solicitud gubernamental, solicitud de aplicaci\u00f3n de la ley aplicable<\/li><\/ul><\/li><li>Cumplimiento de Acuerdos y Seguridad<ul><li>podemos divulgar su informaci\u00f3n personal o la informaci\u00f3n personal de su ser querido para hacer cumplir nuestros T\u00e9rminos y condiciones, para detectar o prevenir actividades ilegales, por cuestiones t\u00e9cnicas o de seguridad, y para proteger contra cualquier da\u00f1o a los derechos, la propiedad o la seguridad seg\u00fan lo exija o lo permita la ley.<\/li><\/ul><\/li><li>Transferencias comerciales<ul><li>Seg\u00fan sea necesario con cualquier fusi\u00f3n o venta de nuestra empresa o una transferencia de nuestros activos<\/li><li>Le avisaremos antes de que su informaci\u00f3n personal o la informaci\u00f3n de un ser querido quede sujeta a una pol\u00edtica de privacidad diferente.<\/li><\/ul><\/li><\/ul><h3>Sus controles de privacidad<\/h3><ul><li>Tipo de informaci\u00f3n y privacidad de su ser querido<ul><li>Es su elecci\u00f3n qu\u00e9 informaci\u00f3n comparte sobre su ser querido y c\u00f3mo se comparte, y debe tener esta consideraci\u00f3n.<\/li><li>Para la informaci\u00f3n de su ser querido que ha elegido compartir, puede decidir c\u00f3mo se comparte asignando un tipo de privacidad a todo el Loving Memorial o parte del Loving Memorial.<\/li><li>Tipo de privacidad p\u00fablica<ul><li>Puede elegir configurar su Loving Memorial o parte de su Loving Memorial como P\u00fablico<\/li><li>Si elige el tipo de privacidad p\u00fablica para su Loving Memorial, esto significa que mostraremos la informaci\u00f3n de su ser querido en nuestro sitio web para que cualquiera la vea, incluso si no tienen una cuenta con nosotros.<\/li><li>Cualquier persona puede ver, acceder, compartir o descargar un Loving Memorial que ha sido designado como P\u00fablico, y puede estar disponible para motores de b\u00fasqueda, redes sociales, otros sitios web, API y medios fuera de l\u00ednea.<\/li><li>Adem\u00e1s de compartir un Loving Memorial que es p\u00fablico en nuestro sitio web, podemos referirnos y usar el Loving Memorial en nuestros esfuerzos de marketing y promoci\u00f3n, incluida la exhibici\u00f3n y menci\u00f3n en las redes sociales, otros sitios web y medios fuera de l\u00ednea. Si un Monumento conmemorativo de amor p\u00fablico se designa m\u00e1s tarde como p\u00fablico, lo que significa que usted elige hacer que no figure en la lista o que sea privado, puede solicitar que dejemos de usarlo. Una vez que hayamos recibido y reconocido su solicitud, dejaremos de usarla p\u00fablicamente en el futuro. Sin embargo, no seremos responsables de eliminar las referencias anteriores de un Loving Memorial que alguna vez se design\u00f3 como P\u00fablico y al que ya hemos hecho referencia.<\/li><\/ul><\/li><li>Tipo de privacidad no listado<ul><li>Para un Loving Memorial, o parte de un Loving Memorial, que tiene un tipo de privacidad de No listado, solo puede acceder cualquier persona que tenga un enlace al Loving Memorial y ese enlace no lo publicaremos p\u00fablicamente.<\/li><li>Tendr\u00e1 acceso a un enlace para el Loving Memorial que no figura en la lista y debe considerar con qui\u00e9n comparte ese enlace, ya que cualquier persona con ese enlace puede compartir ese enlace para el Loving Memorial.<\/li><\/ul><\/li><\/ul><\/li><li>Funci\u00f3n \u00abRecu\u00e9rdame\u00bb<ul><li>Puede optar por usar o no la funci\u00f3n \u00abRecordarme\u00bb, que le permite acceder directamente a su cuenta sin necesidad de volver a ingresar su direcci\u00f3n de correo electr\u00f3nico y contrase\u00f1a cada vez que visita nuestro sitio web.<\/li><\/ul><\/li><\/ul><h3> <span style=\"font-size: 1.424rem; letter-spacing: 1px;\">Galletas<\/span><\/h3><ul><li>Una cookie es un peque\u00f1o fragmento de texto que un sitio web que visita escribe en su navegador.<\/li><li>Las cookies se utilizan para recordar informaci\u00f3n sobre su visita con fines de rendimiento, funcionalidad, seguridad, an\u00e1lisis y publicidad.<\/li><li>Algunas cookies son esenciales para partes de nuestro servicio, como pagar y realizar funciones b\u00e1sicas del sitio.<\/li><li>Tambi\u00e9n podemos usar cookies para recordar sus preferencias y ayudarlo a evitar que vuelva a escribir informaci\u00f3n, por ejemplo, \u00abRecordarme\u00bb le permite iniciar sesi\u00f3n autom\u00e1ticamente.<\/li><li>Su navegador le permitir\u00e1 administrar sus cookies, incluida la eliminaci\u00f3n de datos de cookies y la administraci\u00f3n de cookies sitio por sitio.<\/li><li>Consulte la secci\u00f3n de soporte de su navegador para administrar las cookies<\/li><\/ul><h3>Cont\u00e1ctenos<\/h3><ul><li>Si tiene preguntas sobre esta Pol\u00edtica de privacidad o el uso de su informaci\u00f3n personal o la informaci\u00f3n de su ser querido, puede contactarnos<\/li><\/ul><h3>Cambios a esta Pol\u00edtica de privacidad<\/h3><ul><li>Cambiaremos esta Pol\u00edtica de Privacidad de vez en cuando<\/li><li>Indicaremos la fecha de publicaci\u00f3n de los \u00faltimos cambios<\/li><li>Su uso continuado de nuestro servicio despu\u00e9s de que las actualizaciones entren en vigencia constituye el reconocimiento o la aceptaci\u00f3n de nuestra Pol\u00edtica de privacidad.<\/li><li>Si no acepta o reconoce estos cambios, puede cancelar el servicio Loving Memorial<\/li><\/ul><p>\u00daltima actualizaci\u00f3n 22 de diciembre de 2021<\/p>\t\t\t\t\t\t<\/div>\n\t\t\t\t<\/div>\n\t\t\t\t\t<\/div>\n\t\t<\/div>\n\t\t\t\t\t<\/div>\n\t\t<\/section>\n\t\t\t\t\t<\/div>\n\t\t<\/div>\n\t\t\t\t\t<\/div>\n\t\t<\/section>\n\t\t\t\t<\/div>\n\t\t","protected":false},"excerpt":{"rendered":"<p>Pol\u00edtica de privacidad Esta Pol\u00edtica de Privacidad explica: qu\u00e9 informaci\u00f3n recopilamos por qu\u00e9 lo recopilamos c\u00f3mo lo usamos las opciones que tienes Recopilaci\u00f3n de informaci\u00f3n Informaci\u00f3n que nos proporciona Al utilizar el servicio de Loving Memorials, deber\u00e1 proporcionarnos Informaci\u00f3n personal y la Informaci\u00f3n de su&#8230;<\/p>\n","protected":false},"author":6,"featured_media":0,"parent":0,"menu_order":0,"comment_status":"closed","ping_status":"closed","template":"","meta":{"footnotes":""},"class_list":["post-9146","page","type-page","status-publish","hentry"],"_links":{"self":[{"href":"https:\/\/www.lovingmemorials.com\/es\/wp-json\/wp\/v2\/pages\/9146","targetHints":{"allow":["GET"]}}],"collection":[{"href":"https:\/\/www.lovingmemorials.com\/es\/wp-json\/wp\/v2\/pages"}],"about":[{"href":"https:\/\/www.lovingmemorials.com\/es\/wp-json\/wp\/v2\/types\/page"}],"author":[{"embeddable":true,"href":"https:\/\/www.lovingmemorials.com\/es\/wp-json\/wp\/v2\/users\/6"}],"replies":[{"embeddable":true,"href":"https:\/\/www.lovingmemorials.com\/es\/wp-json\/wp\/v2\/comments?post=9146"}],"version-history":[{"count":4,"href":"https:\/\/www.lovingmemorials.com\/es\/wp-json\/wp\/v2\/pages\/9146\/revisions"}],"predecessor-version":[{"id":18713,"href":"https:\/\/www.lovingmemorials.com\/es\/wp-json\/wp\/v2\/pages\/9146\/revisions\/18713"}],"wp:attachment":[{"href":"https:\/\/www.lovingmemorials.com\/es\/wp-json\/wp\/v2\/media?parent=9146"}],"curies":[{"name":"wp","href":"https:\/\/api.w.org\/{rel}","templated":true}]}}