{"id":9148,"date":"2022-01-11T18:32:52","date_gmt":"2022-01-11T18:32:52","guid":{"rendered":"https:\/\/www.lovingmemorials.com\/condiciones\/"},"modified":"2022-02-26T03:06:52","modified_gmt":"2022-02-26T03:06:52","slug":"condiciones","status":"publish","type":"page","link":"https:\/\/www.lovingmemorials.com\/es\/condiciones\/","title":{"rendered":"T\u00e9rminos y condiciones"},"content":{"rendered":"\t\t<div data-elementor-type=\"wp-page\" data-elementor-id=\"9148\" class=\"elementor elementor-9148\" data-elementor-post-type=\"page\">\n\t\t\t\t\t\t<section class=\"elementor-section elementor-top-section elementor-element elementor-element-1e1a11db elementor-section-content-middle page-header elementor-section-boxed elementor-section-height-default elementor-section-height-default parallax_section_no qode_elementor_container_no\" data-id=\"1e1a11db\" data-element_type=\"section\">\n\t\t\t\t\t\t<div class=\"elementor-container elementor-column-gap-no\">\n\t\t\t\t\t<div class=\"elementor-column elementor-col-100 elementor-top-column elementor-element elementor-element-2b02ad84\" data-id=\"2b02ad84\" data-element_type=\"column\">\n\t\t\t<div class=\"elementor-widget-wrap elementor-element-populated\">\n\t\t\t\t\t\t<div class=\"elementor-element elementor-element-e9044af elementor-widget elementor-widget-heading\" data-id=\"e9044af\" data-element_type=\"widget\" data-widget_type=\"heading.default\">\n\t\t\t\t<div class=\"elementor-widget-container\">\n\t\t\t<h1 class=\"elementor-heading-title elementor-size-default\">T\u00e9rminos y condiciones<\/h1>\t\t<\/div>\n\t\t\t\t<\/div>\n\t\t\t\t<section class=\"elementor-section elementor-inner-section elementor-element elementor-element-9a79551 elementor-section-content-middle container-shadow elementor-section-boxed elementor-section-height-default elementor-section-height-default parallax_section_no qode_elementor_container_no\" data-id=\"9a79551\" data-element_type=\"section\" data-settings=\"{&quot;background_background&quot;:&quot;classic&quot;}\">\n\t\t\t\t\t\t<div class=\"elementor-container elementor-column-gap-no\">\n\t\t\t\t\t<div class=\"elementor-column elementor-col-100 elementor-inner-column elementor-element elementor-element-f223750\" data-id=\"f223750\" data-element_type=\"column\">\n\t\t\t<div class=\"elementor-widget-wrap elementor-element-populated\">\n\t\t\t\t\t\t<div class=\"elementor-element elementor-element-a37edb9 elementor-widget elementor-widget-text-editor\" data-id=\"a37edb9\" data-element_type=\"widget\" data-widget_type=\"text-editor.default\">\n\t\t\t\t<div class=\"elementor-widget-container\">\n\t\t\t\t\t\t\t<h3>memorial amoroso<\/h3><ul><li>se refiere al sitio web conmemorativo de su ser querido creado por el usuario mediante el uso del software del proveedor<\/li><\/ul><h3>Ser amado<\/h3><ul><li>la persona o mascota para la que el Usuario est\u00e1 creando un Loving Memorial<\/li><\/ul><h3>Usuario<\/h3><ul><li>la persona que utiliza el Software.<\/li><li>El usuario debe tener al menos 18 a\u00f1os de edad para crear un Loving Memorial<\/li><li>si el Usuario solo publica Contenido como visitante de un Loving Memorial, el Usuario debe tener al menos 13 a\u00f1os de edad.<\/li><\/ul><h3>Software del sitio web<\/h3><ul><li>Se refiere al software propietario en l\u00ednea de Loving Memorials del Proveedor que se utiliza para ingresar y mostrar un Loving Memorial. El software del sitio web del sitio web incluye el panel del proveedor para la entrada del Loving Memorial y el sistema y el m\u00e9todo utilizados para mostrar el sitio web del Loving Memorial.<\/li><\/ul><h3>Proveedor<\/h3><ul><li>el servicio Loving Memorial es proporcionado por y usted est\u00e1 contratando con:<\/li><\/ul><p style=\"padding-left: 40px;\">memoriales amorosos<br>cuidado de florister\u00eda 1 LLP<br>712 S Ocean Shore Blvd.<br>Playa de Flagler, FL 32136<br>EE.UU<\/p><h3>Contenido<\/h3><ul><li>se refiere a cualquier contenido ingresado por el Usuario o los visitantes de Loving Memorials en el Software del sitio web para la creaci\u00f3n y visualizaci\u00f3n de Loving Memorial, como informaci\u00f3n de fallecidos, recuerdos, historia de vida, fotos, videos y condolencias, entradas del libro de visitas<\/li><\/ul><h3>Convenio<\/h3><ul><li>&#8216;Este Acuerdo&#8217; se refiere a este Acuerdo de T\u00e9rminos y Condiciones entre el Proveedor y el Usuario<\/li><li>Al hacer clic en el bot\u00f3n \u00abAceptar\u00bb de este Acuerdo al momento de registrarse y\/o usar el Software del sitio web, el Usuario confirma la aceptaci\u00f3n y acepta estar sujeto a este Acuerdo.<\/li><li>Por lo tanto, las partes acuerdan lo siguiente:<\/li><\/ul><h3>Propiedad<\/h3><ul><li>Proveedor<ul><li>El proveedor conserva el derecho, el t\u00edtulo y el inter\u00e9s en el Software del sitio web, lo que incluye, entre otros, la propiedad de todos los derechos de autor y otros derechos de propiedad intelectual del mismo.<\/li><li>El usuario puede proporcionar comentarios que incluyen comentarios, sugerencias e ideas con respecto al software del sitio web, ya sea de forma oral, por escrito o de otra manera. Con respecto a esos Comentarios, el Usuario otorga al Proveedor un derecho y una licencia totalmente pagados, sin regal\u00edas, en todo el mundo, no exclusivos y sublicenciables para fabricar, vender, arrendar, usar, copiar, distribuir, exhibir, realizar, transmitir y hacer trabajos derivados de Comentarios para su uso en o con cualquier producto o servicio. El Proveedor no identificar\u00e1 p\u00fablicamente al Usuario en relaci\u00f3n con ning\u00fan comentario, a menos que se acuerde lo contrario por escrito.<\/li><\/ul><\/li><li>Derechos no licenciados expl\u00edcitamente<ul><li>Todos los derechos no autorizados expl\u00edcitamente en este Acuerdo est\u00e1n reservados por el propietario respectivo.<\/li><\/ul><\/li><\/ul><h2>RESPONSABILIDADES DEL USUARIO<\/h2><h3>El usuario acepta:<\/h3><ul><li>para otorgar al Proveedor una licencia libre de regal\u00edas, no exclusiva, transferible, sublicenciable y mundial para alojar, usar, distribuir, modificar licencias, copiar, mostrar, traducir Contenido<\/li><li>asegurarse de que el Contenido sea verdadero y preciso y que no contenga informaci\u00f3n inexacta o falsa<\/li><li>asegurarse de que el Contenido no sea obsceno, discriminatorio, racista, odioso o excluyente, y de no crear un recuerdo amoroso para una persona cuya vida encarn\u00f3 y propugn\u00f3 esos comportamientos. En caso de desacuerdo al respecto, prevalecer\u00e1 la determinaci\u00f3n del Proveedor.<\/li><li>Aseg\u00farese de que el contenido de un memorial amoroso presente generalmente al difunto de una manera amorosa, respetuosa y positiva y no presente al difunto de manera negativa. En caso de desacuerdo al respecto, prevalecer\u00e1 la determinaci\u00f3n del Proveedor.<\/li><li>proporcionar informaci\u00f3n verdadera, actual y completa sobre el Usuario en los campos obligatorios de nuestros formularios de registro y actualizar dicha informaci\u00f3n de inmediato seg\u00fan sea necesario<\/li><li>asegurarse de que el Usuario tenga todos los derechos y permisos necesarios para el Contenido de terceros en relaci\u00f3n con su uso, lo que incluye los derechos de autor, la marca registrada o la propiedad intelectual del Contenido<\/li><li>para permitir que cualquier persona que no sea el usuario cree m\u00e1s de un Loving Memorial para su ser querido<\/li><li>no publicar Contenido sobre una persona viva que la har\u00eda personalmente identificable o violar\u00eda su derecho a la privacidad<\/li><\/ul><h3>El usuario se compromete a no:<\/h3><ul><li>violar cualquier ley, regla o regulaci\u00f3n aplicable<\/li><li>participar en actividades fraudulentas de cualquier tipo<\/li><li>utilizar directa o indirectamente el Software del sitio web de cualquier manera que infrinja este Acuerdo o que sea abusivo, acosador, racista, obsceno, exclusivo de raza o cultura, il\u00edcito o que de otro modo pueda dar lugar a responsabilidad civil o penal. El proveedor tiene el derecho, pero no la obligaci\u00f3n, de eliminar dicho material.<\/li><li>proporcionar Contenido prohibido por la propiedad intelectual (p. ej., patente, derechos de autor, marca comercial, secreto comercial o privacidad y publicidad))<\/li><li>usar software en m\u00e9todos no \u00e9ticos o ilegales<\/li><li>proporcionar informaci\u00f3n falsa o enga\u00f1osa o hacerse pasar por cualquier persona o entidad<\/li><li>tergiversar cualquier producto o negocio<\/li><li>interferir o interrumpir el Software del sitio web o los servidores, las redes o los sistemas de comunicaci\u00f3n conectados al Software del sitio web y su funcionalidad del Proveedor o de cualquier tercero<\/li><li>desensamblar, realizar ingenier\u00eda inversa, modificar, adaptar, raspar o crear trabajos derivados de, alquilar (incluso en tiempo compartido, proveedor de servicios de aplicaciones o servicio en la nube), arrendar, prestar, vender o redistribuir el Software del sitio web<\/li><li>usar o introducir spyware, adware, virus, troyanos, gusanos o c\u00f3digo similar invasivo, destructivo o autorreplicante en relaci\u00f3n con el software del sitio web<\/li><li>usar cualquier sistema automatizado, como \u00abrobots\u00bb o \u00abara\u00f1as\u00bb, para acceder, raspar o monitorear el Software del sitio web<\/li><li>no usar el Loving Memorial para comprar o vender productos o solicitar donaciones directas, incluso en nombre del difunto<\/li><li>llevar a cabo rifas, concursos, loter\u00edas o sorteos, excepto en cumplimiento de todos los requisitos legales federales y estatales pertinentes y con nuestro consentimiento previo por escrito<\/li><li>negarse a cooperar razonablemente en cualquier investigaci\u00f3n relacionada con el software del sitio web.<\/li><li>El proveedor ser\u00e1 el \u00fanico \u00e1rbitro en cuanto a qu\u00e9 actividades violan lo anterior<\/li><\/ul><h3>Privacidad y seguridad<\/h3><ul><li>El usuario acepta mantener la seguridad del inicio de sesi\u00f3n y las credenciales de acceso que el Proveedor ha proporcionado para acceder al Software del sitio web.<\/li><li>El usuario acepta que el Proveedor puede monitorear el Loving Memorial y el uso del Software del sitio web y recopilar informaci\u00f3n t\u00e9cnica y relacionada, incluida, entre otras, informaci\u00f3n sobre el uso del Software del sitio web por parte del Usuario para verificar el cumplimiento de los t\u00e9rminos de este Acuerdo o para facilitar mejoras al Software del sitio web.<\/li><li>El usuario reconoce y acepta que el Proveedor recopilar\u00e1 Contenido y otra informaci\u00f3n del Usuario especificada en relaci\u00f3n con el uso del Software del sitio web y la visualizaci\u00f3n del Loving Memorial para ejecutar este Acuerdo y cumplir con los requisitos fiscales y de mantenimiento de registros.<\/li><\/ul><h3>Pagos y Planes<\/h3><ul><li>Reembolsos de Pagos<ul><li>Cualquier pago por cualquier plan podr\u00e1 ser reembolsado en su totalidad a solicitud del Usuario con 30 d\u00edas de la compra<\/li><li>Para un pago que se solicita durante este per\u00edodo de 30 d\u00edas, el cargo total se reembolsa en su totalidad y el Loving Memorial se cancela y ya no se podr\u00e1 acceder a \u00e9l<\/li><\/ul><\/li><li>Funciones actuales y futuras<ul><li>El usuario recibir\u00e1 todas las funciones que pag\u00f3 al registrarse durante la duraci\u00f3n de su plan, independientemente de si el proveedor realiza cambios en los planes y funciones en el futuro.<\/li><li>El proveedor puede agregar nuevas funciones, incluidas funciones pagas, que no estaban en el plan del Usuario al registrarse y el Usuario puede optar por pagar esas nuevas funciones<\/li><\/ul><\/li><li>Planes Permanentes<ul><li>Un Plan Permanente significa que el Loving Memorial se mostrar\u00e1 de forma permanente sin necesidad de pagos futuros por parte del Usuario.<\/li><li>La duraci\u00f3n de mientras el servicio Loving Memorials est\u00e9 funcionando<\/li><\/ul><\/li><li>Planes para una duraci\u00f3n de tiempo<ul><li>El usuario puede comprar un plan Loving Memorial que tiene una duraci\u00f3n determinada, por ejemplo, 1 a\u00f1o o 10 a\u00f1os.<\/li><li>Al vencimiento de la duraci\u00f3n del plan Loving Memorial, el Usuario debe comprar otro plan para extender su uso del Software del sitio web y mostrar su Loving Memorial<\/li><li>Es posible que el Loving Memorial ya no se muestre a menos que el Usuario haya comprado otro plan para extender el Loving Memorial<\/li><li>Al vencimiento de la duraci\u00f3n del plan Loving Memorial, el Usuario tendr\u00e1 un m\u00ednimo de 30 d\u00edas para iniciar sesi\u00f3n y comprar un plan para mantener activo Loving Memorial, aunque ese per\u00edodo puede ser m\u00e1s largo.<\/li><li>El proveedor puede informar al usuario que su plan est\u00e1 por vencer, pero no tiene la obligaci\u00f3n de hacerlo<\/li><li>El proveedor no tiene la obligaci\u00f3n de preservar el Contenido y el Loving Memorial despu\u00e9s de 30 d\u00edas despu\u00e9s de la fecha de vencimiento del plan.<\/li><\/ul><\/li><\/ul><ul><li>Exportaci\u00f3n de contenido y memoria amorosa<ul><li>El usuario tiene derecho a una exportaci\u00f3n gratuita de Contenido asociado con un Loving Memorial<\/li><li>El usuario puede solicitar exportaciones adicionales a la \u00fanica exportaci\u00f3n gratuita y el Proveedor puede cobrar una tarifa por esas exportaciones adicionales de datos<\/li><li>El contenido exportado se proporcionar\u00e1 en un archivo .CSV (valores separados por comas) que el usuario haya ingresado en el software del sitio web<\/li><\/ul><\/li><\/ul><h3>Terminaci\u00f3n<\/h3><ul><li>Cualquiera de las partes puede rescindir este Acuerdo<ul><li>Usuario<ul><li>El usuario puede rescindir este acuerdo y suspender el uso en cualquier momento sin previo aviso.<\/li><\/ul><\/li><li>Proveedor<ul><li>El Proveedor puede rescindir este Acuerdo y suspender o cancelar el acceso a la totalidad o parte del Software del sitio web por cualquiera de los siguientes:<ul><li>incumplimiento sustancial de este Acuerdo<\/li><li>actividad ilegal o fraudulenta<\/li><li>un Memorial Amoroso que no retrata al difunto de manera positiva o que es odioso, racista o excluyente<\/li><li>falta de pago de cualquier dinero adeudado para extender el Loving Memorial despu\u00e9s de que un plan haya vencido (ver Pago y Planes)<\/li><li>suspensi\u00f3n, interrupci\u00f3n o terminaci\u00f3n de los servicios en los que el Proveedor conf\u00eda para proporcionar el Software del sitio web<\/li><li>la rescisi\u00f3n por los motivos anteriores puede dar lugar a la denegaci\u00f3n inmediata y permanente del acceso al software del sitio web y a la visualizaci\u00f3n del Loving Memorial<\/li><\/ul><\/li><li>La rescisi\u00f3n o suspensi\u00f3n puede ser inmediata y\/o sin previo aviso, aunque el Proveedor har\u00e1 todos los esfuerzos razonables para dar aviso inmediato (incluido el correo electr\u00f3nico) de la suspensi\u00f3n o rescisi\u00f3n.<\/li><li>El Proveedor puede rescindir este Acuerdo en cualquier momento por incumplimiento no material de este Acuerdo, si los proveedores rescinden este Acuerdo por cualquier motivo no relacionado con un incumplimiento material, el Proveedor dar\u00e1 un aviso de 30 d\u00edas donde<\/li><\/ul><\/li><li>Supervivencia<ul><li>Las siguientes disposiciones de este Acuerdo sobrevivir\u00e1n a cualquier terminaci\u00f3n o expiraci\u00f3n de este Acuerdo: Propiedad, Privacidad y Seguridad, Terminaci\u00f3n, Confidencialidad, Renuncia de Garant\u00edas; Indemnizaci\u00f3n, Limitaciones de Responsabilidad, General<\/li><\/ul><\/li><li>Efecto de la Terminaci\u00f3n<ul><li>Al vencimiento o terminaci\u00f3n de este Acuerdo, el Usuario dejar\u00e1 de usar el Software del sitio web<\/li><li>Cuando se rescinde este Acuerdo, el Proveedor no estar\u00e1 obligado a preservar, mantener, respaldar o poner a disposici\u00f3n el Contenido y la visualizaci\u00f3n de Loving Memorial m\u00e1s all\u00e1 de los 30 d\u00edas de la rescisi\u00f3n.<\/li><li>El Proveedor no ser\u00e1 responsable de compensaci\u00f3n, indemnizaci\u00f3n o da\u00f1os de ning\u00fan tipo como resultado de dicho vencimiento o terminaci\u00f3n.<\/li><\/ul><\/li><\/ul><\/li><\/ul><h3>RENUNCIA DE GARANT\u00cdAS; INDEMNIDAD<\/h3><p>EL PROVEEDOR NO OFRECE NINGUNA GARANT\u00cdA EN RELACI\u00d3N CON EL OBJETO DE ESTE ACUERDO Y POR EL PRESENTE NIEGA TODAS LAS GARANT\u00cdAS IMPL\u00cdCITAS, INCLUYENDO SIN LIMITACI\u00d3N TODAS LAS GARANT\u00cdAS IMPL\u00cdCITAS DE COMERCIABILIDAD, IDONEIDAD PARA UN FIN DETERMINADO, SEGURIDAD Y NO VIOLACI\u00d3N. EL PROVEEDOR NO GARANTIZA QUE EL SOFTWARE SER\u00c1 ININTERRUMPIDO, SEGURO O LIBRE DE ERRORES.<\/p><h3>Indemnizaci\u00f3n.<\/h3><ul><li>El usuario defender\u00e1, indemnizar\u00e1 y eximir\u00e1 de responsabilidad al Proveedor, y a sus funcionarios, directores, accionistas, empleados y agentes, de cualquier p\u00e9rdida, da\u00f1o, responsabilidad o costo (incluidos los honorarios razonables de los abogados) que resulten de cualquier reclamo de terceros (\u00abResponsabilidades\u00bb) que resulta de:<ul><li>(i) el incumplimiento del Usuario de este Acuerdo;<\/li><li>(ii) cualquier reclamo de que cualquier sitio web del Usuario y\/o el uso del Software del sitio web infringe los derechos de autor, patentes, secretos comerciales, marcas registradas u otros derechos de propiedad intelectual de terceros;<\/li><li>(iii) transacciones err\u00f3neas u otros errores causados por la Aplicaci\u00f3n del Usuario; o<\/li><li>(iv) El uso del Software del sitio web por parte del usuario distinto al especificado por el Proveedor. En el caso de cualquier Responsabilidad por la cual el Usuario est\u00e9 obligado a indemnizar al Proveedor en virtud del presente, el Usuario tendr\u00e1 el control exclusivo de la defensa y todas las negociaciones de liquidaci\u00f3n relacionadas y el Proveedor cooperar\u00e1 razonablemente con el Usuario con la defensa y\/o liquidaci\u00f3n de las mismas, a cargo del Usuario; siempre que el Proveedor tenga derecho a dar su consentimiento a cualquier acuerdo, dicho consentimiento no se negar\u00e1 ni retrasar\u00e1 injustificadamente, y el Proveedor podr\u00e1 participar en dicha defensa utilizando su propio abogado a sus expensas.<\/li><\/ul><\/li><\/ul><h3>LIMITACI\u00d3N DE RESPONSABILIDAD.<\/h3><p>EXCEPTO POR LA INDEMNIZACI\u00d3N EN RENUNCIA DE GARANT\u00cdAS; INDEMNIZACI\u00d3N Y PARA LAS SECCIONES &#8216;RESPONSABILIDADES DEL USUARIO&#8217; y &#8216;CONFIDENCIALIDAD, EN NING\u00daN CASO CUALQUIERA DE LAS PARTES SER\u00c1 RESPONSABLE ANTE LA OTRA O TERCEROS POR CUALQUIER DA\u00d1O ESPECIAL, INCIDENTAL, PUNITIVO O CONSECUENTE, O POR LA P\u00c9RDIDA DE INGRESOS, BENEFICIOS O AHORROS, YA SEA BASADO EN INCUMPLIMIENTO DE CONTRATO, AGRAVIO (INCLUIDA LA NEGLIGENCIA) O DE CUALQUIER OTRO TIPO, YA SE HAYA ADVERTIDO O NO A LA PARTE DE LA POSIBILIDAD DE TALES DA\u00d1OS. LA RESPONSABILIDAD DEL PROVEEDOR BAJO ESTE ACUERDO, YA SEA POR CONTRATO, AGRAVIO O CUALQUIER OTRA TEOR\u00cdA LEGAL, SE LIMITA A, Y NO EXCEDER\u00c1 LA CANTIDAD PAGADA POR EL USUARIO.<\/p><h3>General<\/h3><h3>Cumplimiento de la Ley<\/h3><ul><li>Cada parte deber\u00e1 cumplir con todas las leyes, normas y reglamentos federales, estatales y locales de EE. UU. aplicables a sus actividades en virtud de este Acuerdo.<\/li><\/ul><h3>Ley<\/h3><ul><li>Este Acuerdo se regir\u00e1 e interpretar\u00e1 de acuerdo con las leyes del Estado de Florida, EE. UU., excepto por sus principios de conflicto de leyes.<\/li><li>El usuario consiente y acepta que la jurisdicci\u00f3n exclusiva para cualquier disputa, reclamo o controversia que surja de este Acuerdo ser\u00e1 en los tribunales federales y estatales ubicados en el condado de Flagler, Florida, EE. UU. Queda excluida la aplicaci\u00f3n de la Convenci\u00f3n de las Naciones Unidas sobre los Contratos de Compraventa Internacional de Mercader\u00edas.<\/li><\/ul><h3>Referencias<\/h3><ul><li>El proveedor puede referirse al Loving Memorial creado por el Usuario si el tipo de privacidad de Loving Memorial es p\u00fablico.<\/li><li>&#8216;Referir a&#8217; incluye incluirlo en las p\u00e1ginas principales de LovingMemorials.com, mencionar el Loving Memorial en las redes sociales, campa\u00f1as de relaciones p\u00fablicas (tanto en l\u00ednea como fuera de l\u00ednea), ferias comerciales, vincularlo y mostrar capturas de pantalla en el sitio web del Proveedor o cualquier otro sitio web<\/li><li>Si el tipo de privacidad del Loving Memorial se cambi\u00f3 despu\u00e9s de que el Proveedor hiciera referencia a \u00e9l, el Loving Memorial ya no ser\u00e1 accesible para otros, pero el Proveedor no est\u00e1 obligado a eliminar las referencias al Loving Memorial que ya se hicieron.<\/li><\/ul><h3>Asignaci\u00f3n<\/h3><ul><li>El usuario no puede ceder este Acuerdo, en su totalidad o en parte, sin el consentimiento previo del Proveedor. Cualquier intento por parte del Usuario de ceder este Acuerdo sin dicho consentimiento ser\u00e1 nulo. Sujeto a lo anterior, este Acuerdo vincula y beneficia a ambas partes, y a sus sucesores y cesionarios permitidos.<\/li><\/ul><h3>Avisos<\/h3><ul><li>Los avisos del Proveedor al Usuario se realizar\u00e1n mediante una publicaci\u00f3n general en el sitio web del Proveedor o por correo electr\u00f3nico. Los avisos del usuario al proveedor se pueden enviar a trav\u00e9s del formulario de contacto para obtener ayuda en el sitio web del proveedor o por correo a Loving Memorials, cuidado de Florist 1 LLP, Attn: President, 712 S Ocean Shore Blvd, Flagler Beach, FL 32136, EE. UU.<\/li><\/ul><h3>Fuerza mayor.<\/h3><ul><li>Cualquier retraso o incumplimiento por parte de una de las partes de sus obligaciones en virtud de este Acuerdo no se considerar\u00e1 un incumplimiento de este Acuerdo y se excusar\u00e1 en la medida en que dicho retraso o incumplimiento sea causado por cualquier suceso fuera del control razonable de dicha parte. , cuyas ocurrencias pueden incluir, pero no se limitan a, actos de Dios; fallas en las instalaciones de Internet, telecomunicaciones o procesamiento de pagos, pandemias, feriados bancarios, cierres de mercados u otras intervenciones gubernamentales; guerra; disturbios o huelgas laborales; y eventos similares.<\/li><\/ul><h3>Divisibilidad<\/h3><ul><li>Si se determina que alguna disposici\u00f3n de este Acuerdo es ilegal o inaplicable, se aplicar\u00e1 en la m\u00e1xima medida permitida y la legalidad y aplicabilidad de las dem\u00e1s disposiciones de este Acuerdo no se ver\u00e1n afectadas.<\/li><\/ul><h3>Acuerdo completo<\/h3><ul><li>Este Acuerdo es el acuerdo completo y exclusivo entre las partes con respecto al objeto del mismo, reemplazando cualquier acuerdo anterior y comunicaciones (tanto escritas como orales) con respecto a dicho objeto.<\/li><\/ul><h3>Enmiendas<\/h3><ul><li>El Proveedor puede enmendar este Acuerdo en cualquier momento por (a) publicar una versi\u00f3n revisada accesible a trav\u00e9s de sus sitios web, y\/o (b) enviar informaci\u00f3n sobre la modificaci\u00f3n de la direcci\u00f3n de correo electr\u00f3nico del Usuario registrada con el Usuario.<\/li><li>Se considerar\u00e1 que el Usuario ha aceptado dichas enmiendas al continuar usando su Software del sitio web despu\u00e9s de que dichas enmiendas hayan sido publicadas o enviadas al Usuario. Si el Usuario no est\u00e1 de acuerdo con ninguno de dichos cambios, el Usuario puede rescindir este Acuerdo e inmediatamente dejar de utilizar el Software del sitio web y aceptar que dicha rescisi\u00f3n ser\u00e1 el recurso exclusivo del Usuario en tal caso.<\/li><\/ul><h3>Sin terceros beneficiarios<\/h3><ul><li>Este Acuerdo est\u00e1 destinado al beneficio \u00fanico y exclusivo de las partes y no pretende beneficiar a ning\u00fan tercero. Solo las partes de este Acuerdo pueden hacerlo cumplir.<\/li><\/ul><h3>Remedios<\/h3><ul><li>Los derechos y recursos del Proveedor en este Acuerdo, por ley o en equidad, son acumulativos y no pretenden ser exclusivos entre s\u00ed.<\/li><\/ul><h3>encabezados<\/h3><ul><li>Los encabezados de este Acuerdo son solo para la conveniencia de la referencia y no tienen ning\u00fan efecto legal.<\/li><\/ul><p>\u00daltima actualizaci\u00f3n 17 de diciembre de 2021<\/p>\t\t\t\t\t\t<\/div>\n\t\t\t\t<\/div>\n\t\t\t\t\t<\/div>\n\t\t<\/div>\n\t\t\t\t\t<\/div>\n\t\t<\/section>\n\t\t\t\t\t<\/div>\n\t\t<\/div>\n\t\t\t\t\t<\/div>\n\t\t<\/section>\n\t\t\t\t<section class=\"elementor-section elementor-top-section elementor-element elementor-element-a07b6ab elementor-section-boxed elementor-section-height-default elementor-section-height-default parallax_section_no qode_elementor_container_no\" data-id=\"a07b6ab\" data-element_type=\"section\">\n\t\t\t\t\t\t<div class=\"elementor-container elementor-column-gap-default\">\n\t\t\t\t\t<div class=\"elementor-column elementor-col-100 elementor-top-column elementor-element elementor-element-ff82646\" data-id=\"ff82646\" data-element_type=\"column\">\n\t\t\t<div class=\"elementor-widget-wrap\">\n\t\t\t\t\t\t\t<\/div>\n\t\t<\/div>\n\t\t\t\t\t<\/div>\n\t\t<\/section>\n\t\t\t\t<\/div>\n\t\t","protected":false},"excerpt":{"rendered":"<p>T\u00e9rminos y condiciones memorial amoroso se refiere al sitio web conmemorativo de su ser querido creado por el usuario mediante el uso del software del proveedor Ser amado la persona o mascota para la que el Usuario est\u00e1 creando un Loving Memorial Usuario la persona&#8230;<\/p>\n","protected":false},"author":6,"featured_media":0,"parent":0,"menu_order":0,"comment_status":"closed","ping_status":"closed","template":"","meta":{"footnotes":""},"class_list":["post-9148","page","type-page","status-publish","hentry"],"_links":{"self":[{"href":"https:\/\/www.lovingmemorials.com\/es\/wp-json\/wp\/v2\/pages\/9148","targetHints":{"allow":["GET"]}}],"collection":[{"href":"https:\/\/www.lovingmemorials.com\/es\/wp-json\/wp\/v2\/pages"}],"about":[{"href":"https:\/\/www.lovingmemorials.com\/es\/wp-json\/wp\/v2\/types\/page"}],"author":[{"embeddable":true,"href":"https:\/\/www.lovingmemorials.com\/es\/wp-json\/wp\/v2\/users\/6"}],"replies":[{"embeddable":true,"href":"https:\/\/www.lovingmemorials.com\/es\/wp-json\/wp\/v2\/comments?post=9148"}],"version-history":[{"count":3,"href":"https:\/\/www.lovingmemorials.com\/es\/wp-json\/wp\/v2\/pages\/9148\/revisions"}],"predecessor-version":[{"id":18513,"href":"https:\/\/www.lovingmemorials.com\/es\/wp-json\/wp\/v2\/pages\/9148\/revisions\/18513"}],"wp:attachment":[{"href":"https:\/\/www.lovingmemorials.com\/es\/wp-json\/wp\/v2\/media?parent=9148"}],"curies":[{"name":"wp","href":"https:\/\/api.w.org\/{rel}","templated":true}]}}