{"id":9164,"date":"2022-01-11T18:42:16","date_gmt":"2022-01-11T18:42:16","guid":{"rendered":"https:\/\/www.lovingmemorials.com\/guia\/diferencia-obituario-memorial\/"},"modified":"2022-02-26T03:03:18","modified_gmt":"2022-02-26T03:03:18","slug":"diferencia-entre-obituario-memorial","status":"publish","type":"page","link":"https:\/\/www.lovingmemorials.com\/es\/guia\/diferencia-entre-obituario-memorial\/","title":{"rendered":"La diferencia entre un obituario en l\u00ednea y un memorial en l\u00ednea"},"content":{"rendered":"\t\t<div data-elementor-type=\"wp-page\" data-elementor-id=\"9164\" class=\"elementor elementor-9164\" data-elementor-post-type=\"page\">\n\t\t\t\t\t\t<section class=\"elementor-section elementor-top-section elementor-element elementor-element-0182c20 elementor-section-content-middle elementor-section-boxed elementor-section-height-default elementor-section-height-default parallax_section_no qode_elementor_container_no\" data-id=\"0182c20\" data-element_type=\"section\">\n\t\t\t\t\t\t<div class=\"elementor-container elementor-column-gap-no\">\n\t\t\t\t\t<div class=\"elementor-column elementor-col-100 elementor-top-column elementor-element elementor-element-f85ac67\" data-id=\"f85ac67\" data-element_type=\"column\">\n\t\t\t<div class=\"elementor-widget-wrap elementor-element-populated\">\n\t\t\t\t\t\t<div class=\"elementor-element elementor-element-a3ba493 guide-breardcrumb elementor-widget elementor-widget-text-editor\" data-id=\"a3ba493\" data-element_type=\"widget\" data-widget_type=\"text-editor.default\">\n\t\t\t\t<div class=\"elementor-widget-container\">\n\t\t\t\t\t\t\t<p><a href=\"https:\/\/www.lovingmemorials.com\/es\/\">Casa<\/a>&gt;&gt; <a href=\"https:\/\/www.lovingmemorials.com\/es\/guia\/\">Gu\u00eda de sitios web conmemorativos<\/a> &gt;&gt;<\/p>\t\t\t\t\t\t<\/div>\n\t\t\t\t<\/div>\n\t\t\t\t<div class=\"elementor-element elementor-element-fff4700 page-header elementor-widget elementor-widget-heading\" data-id=\"fff4700\" data-element_type=\"widget\" data-widget_type=\"heading.default\">\n\t\t\t\t<div class=\"elementor-widget-container\">\n\t\t\t<h1 class=\"elementor-heading-title elementor-size-default\">La diferencia entre un obituario en l\u00ednea y un memorial\n<\/h1>\t\t<\/div>\n\t\t\t\t<\/div>\n\t\t\t\t<section class=\"elementor-section elementor-inner-section elementor-element elementor-element-5c8432b elementor-section-content-middle container-shadow elementor-section-boxed elementor-section-height-default elementor-section-height-default parallax_section_no qode_elementor_container_no\" data-id=\"5c8432b\" data-element_type=\"section\" data-settings=\"{&quot;background_background&quot;:&quot;classic&quot;}\">\n\t\t\t\t\t\t<div class=\"elementor-container elementor-column-gap-no\">\n\t\t\t\t\t<div class=\"elementor-column elementor-col-100 elementor-inner-column elementor-element elementor-element-6155df8\" data-id=\"6155df8\" data-element_type=\"column\">\n\t\t\t<div class=\"elementor-widget-wrap elementor-element-populated\">\n\t\t\t\t\t\t<div class=\"elementor-element elementor-element-cf3f708 elementor-widget elementor-widget-text-editor\" data-id=\"cf3f708\" data-element_type=\"widget\" data-widget_type=\"text-editor.default\">\n\t\t\t\t<div class=\"elementor-widget-container\">\n\t\t\t\t\t\t\t<p>Un obituario <span style=\"font-weight: 400;\">anuncia el fallecimiento de una persona, un memorial en l\u00ednea conmemora la vida.<\/span><\/p><h3>Obituarios en l\u00ednea<\/h3><p>Un obituario en l\u00ednea generalmente se publica en el sitio web de una funeraria o en un peri\u00f3dico. Ayuda a anunciar el fallecimiento del difunto y brinda detalles de los servicios que se llevan a cabo, como visitas, servicios religiosos y detalles del entierro.<\/p><p>Un obituario en l\u00ednea tiene una descripci\u00f3n general de la vida del difunto y una lista de familiares y parientes extensos. Puede incluir la causa de la muerte, fotos, videos y transmisiones en vivo de los servicios que se llevan a cabo.<\/p><p>A menudo, las personas pueden dejar condolencias o mensajes en un libro de visitas, as\u00ed como una forma de enviar flores a los servicios.<\/p><p>Los obituarios en l\u00ednea siempre son p\u00fablicos y se pueden ver en el sitio web de la funeraria o en un peri\u00f3dico.<\/p><p>El tiempo que permanece activo un obituario en l\u00ednea depende de la funeraria o el peri\u00f3dico.<\/p><h3>Memoriales en l\u00ednea<\/h3><p>Un sitio web o una p\u00e1gina conmemorativa en l\u00ednea est\u00e1 orientado a recordar, celebrar y honrar la vida del difunto.<\/p><p>Incluye fotos, videos y recuerdos. <\/p><p>Puede incluir detalles sobre la familia del difunto, pasatiempos, intereses y asociaciones a las que pertenec\u00eda, junto con detalles de nacimiento.<\/p><p>La familia o el amigo que crea el memorial lo compartir\u00e1 con los dem\u00e1s y permitir\u00e1 que lo agreguen. Los memoriales en l\u00ednea generalmente contienen un libro de visitas donde los visitantes pueden compartir pensamientos, recuerdos, fotos y videos.<\/p><p>Un sitio web conmemorativo en l\u00ednea generalmente le permite decidir si desea que sea privado o que alguien lo vea.<\/p><p>La mejor raz\u00f3n para tener un memorial en l\u00ednea es asegurarse de que siempre se recuerde a la persona que falleci\u00f3.<\/p>\t\t\t\t\t\t<\/div>\n\t\t\t\t<\/div>\n\t\t\t\t\t<\/div>\n\t\t<\/div>\n\t\t\t\t\t<\/div>\n\t\t<\/section>\n\t\t\t\t\t<\/div>\n\t\t<\/div>\n\t\t\t\t\t<\/div>\n\t\t<\/section>\n\t\t\t\t<\/div>\n\t\t","protected":false},"excerpt":{"rendered":"<p>Casa&gt;&gt; Gu\u00eda de sitios web conmemorativos &gt;&gt; La diferencia entre un obituario en l\u00ednea y un memorial Un obituario anuncia el fallecimiento de una persona, un memorial en l\u00ednea conmemora la vida. Obituarios en l\u00ednea Un obituario en l\u00ednea generalmente se publica en el sitio&#8230;<\/p>\n","protected":false},"author":6,"featured_media":0,"parent":8988,"menu_order":0,"comment_status":"closed","ping_status":"closed","template":"","meta":{"footnotes":""},"class_list":["post-9164","page","type-page","status-publish","hentry"],"_links":{"self":[{"href":"https:\/\/www.lovingmemorials.com\/es\/wp-json\/wp\/v2\/pages\/9164","targetHints":{"allow":["GET"]}}],"collection":[{"href":"https:\/\/www.lovingmemorials.com\/es\/wp-json\/wp\/v2\/pages"}],"about":[{"href":"https:\/\/www.lovingmemorials.com\/es\/wp-json\/wp\/v2\/types\/page"}],"author":[{"embeddable":true,"href":"https:\/\/www.lovingmemorials.com\/es\/wp-json\/wp\/v2\/users\/6"}],"replies":[{"embeddable":true,"href":"https:\/\/www.lovingmemorials.com\/es\/wp-json\/wp\/v2\/comments?post=9164"}],"version-history":[{"count":4,"href":"https:\/\/www.lovingmemorials.com\/es\/wp-json\/wp\/v2\/pages\/9164\/revisions"}],"predecessor-version":[{"id":17960,"href":"https:\/\/www.lovingmemorials.com\/es\/wp-json\/wp\/v2\/pages\/9164\/revisions\/17960"}],"up":[{"embeddable":true,"href":"https:\/\/www.lovingmemorials.com\/es\/wp-json\/wp\/v2\/pages\/8988"}],"wp:attachment":[{"href":"https:\/\/www.lovingmemorials.com\/es\/wp-json\/wp\/v2\/media?parent=9164"}],"curies":[{"name":"wp","href":"https:\/\/api.w.org\/{rel}","templated":true}]}}