{"id":11844,"date":"2022-02-16T03:46:53","date_gmt":"2022-02-16T03:46:53","guid":{"rendered":"https:\/\/www.lovingmemorials.com\/noin\/"},"modified":"2022-02-16T03:47:04","modified_gmt":"2022-02-16T03:47:04","slug":"noin","status":"publish","type":"page","link":"https:\/\/www.lovingmemorials.com\/fi\/noin\/","title":{"rendered":"Noin"},"content":{"rendered":"\t\t<div data-elementor-type=\"wp-page\" data-elementor-id=\"11844\" class=\"elementor elementor-11844\" data-elementor-post-type=\"page\">\n\t\t\t\t\t\t<section class=\"elementor-section elementor-top-section elementor-element elementor-element-5312331 elementor-section-content-middle page-header elementor-section-boxed elementor-section-height-default elementor-section-height-default parallax_section_no qode_elementor_container_no\" data-id=\"5312331\" data-element_type=\"section\">\n\t\t\t\t\t\t<div class=\"elementor-container elementor-column-gap-no\">\n\t\t\t\t\t<div class=\"elementor-column elementor-col-100 elementor-top-column elementor-element elementor-element-e8f5fcc\" data-id=\"e8f5fcc\" data-element_type=\"column\">\n\t\t\t<div class=\"elementor-widget-wrap elementor-element-populated\">\n\t\t\t\t\t\t<div class=\"elementor-element elementor-element-3d87450 elementor-widget elementor-widget-heading\" data-id=\"3d87450\" data-element_type=\"widget\" data-widget_type=\"heading.default\">\n\t\t\t\t<div class=\"elementor-widget-container\">\n\t\t\t<h1 class=\"elementor-heading-title elementor-size-default\">Tietoja rakastavista muistomerkeist\u00e4<\/h1>\t\t<\/div>\n\t\t\t\t<\/div>\n\t\t\t\t<section class=\"elementor-section elementor-inner-section elementor-element elementor-element-a0018ee elementor-section-content-middle container-shadow elementor-section-boxed elementor-section-height-default elementor-section-height-default parallax_section_no qode_elementor_container_no\" data-id=\"a0018ee\" data-element_type=\"section\" data-settings=\"{&quot;background_background&quot;:&quot;classic&quot;}\">\n\t\t\t\t\t\t<div class=\"elementor-container elementor-column-gap-no\">\n\t\t\t\t\t<div class=\"elementor-column elementor-col-100 elementor-inner-column elementor-element elementor-element-1c643d0\" data-id=\"1c643d0\" data-element_type=\"column\">\n\t\t\t<div class=\"elementor-widget-wrap elementor-element-populated\">\n\t\t\t\t\t\t<div class=\"elementor-element elementor-element-e1e7f26 elementor-widget__width-initial elementor-widget-mobile__width-inherit elementor-widget elementor-widget-text-editor\" data-id=\"e1e7f26\" data-element_type=\"widget\" data-widget_type=\"text-editor.default\">\n\t\t\t\t<div class=\"elementor-widget-container\">\n\t\t\t\t\t\t\t<p>Loving Memorials on palvelu, jonka avulla voit helposti luoda tyylikk\u00e4\u00e4n online-muistomerkin rakkaallesi.<\/p>\n<p>Loving Memorial on hienostunut yksinkertaisuudessaan. Siin\u00e4 on selke\u00e4 muotoilu ja se tarjoaa ainutlaatuisen visuaalisen kokemuksen. Uskomme, ett\u00e4 v\u00e4hemm\u00e4n on enemm\u00e4n, kun on kyse el\u00e4m\u00e4n kunnioittamisesta ja kunnioittamisesta.<\/p>\n<p>Rakastava muistomerkki keskittyy rakkaasi. Yrityksen br\u00e4nd\u00e4yst\u00e4 on v\u00e4h\u00e4n, eik\u00e4 mainoksia, mukaan lukien linkkej\u00e4, joiden avulla luodaan muistomerkki jollekin toiselle. Rakkaasi on t\u00e4m\u00e4n tarinan sankari. <\/p>\n<p>Kauneus kumpuaa t\u00e4st\u00e4 yksinkertaisuudesta, jonka ansiosta sinun on helppo kertoa heid\u00e4n tarinansa. Jaat rakastavan muistomerkin perheen ja yst\u00e4vien kanssa muistaaksesi ja juhlistaaksesi heid\u00e4n el\u00e4m\u00e4\u00e4ns\u00e4, jotta heid\u00e4t muistetaan aina.<\/p>\n\t\t\t\t\t\t<\/div>\n\t\t\t\t<\/div>\n\t\t\t\t<div class=\"elementor-element elementor-element-7b7c1e2 elementor-widget__width-initial elementor-widget-mobile__width-inherit elementor-widget elementor-widget-text-editor\" data-id=\"7b7c1e2\" data-element_type=\"widget\" data-widget_type=\"text-editor.default\">\n\t\t\t\t<div class=\"elementor-widget-container\">\n\t\t\t\t\t\t\t<p><a href=\"https:\/\/www.lovingmemorials.com\/wp-content\/uploads\/2021\/04\/Loving-Memorial-Tony-e1640665696723.png\"><img fetchpriority=\"high\" decoding=\"async\" class=\"alignnone wp-image-7003 size-large\" src=\"https:\/\/www.lovingmemorials.com\/wp-content\/uploads\/2021\/04\/Loving-Memorial-Tony-1024x768.png\" alt=\"Loving Memorial Tony\" width=\"1024\" height=\"768\"><\/a><\/p>\n\t\t\t\t\t\t<\/div>\n\t\t\t\t<\/div>\n\t\t\t\t<div class=\"elementor-element elementor-element-d694f8d elementor-widget elementor-widget-text-editor\" data-id=\"d694f8d\" data-element_type=\"widget\" data-widget_type=\"text-editor.default\">\n\t\t\t\t<div class=\"elementor-widget-container\">\n\t\t\t\t\t\t\t<h2 id=\"founders-message\">Viesti Brianilta, yhdelt\u00e4 perustajistamme<\/h2>\n<p>Is\u00e4ni my\u00f6hempin\u00e4 vuosina muistan h\u00e4nen kerran sanoneen minulle:<\/p>\n<blockquote>\n<p>Minun t\u00e4ytyy kirjoittaa yl\u00f6s kaikki paikat, joissa olen k\u00e4ynyt, ja asiat, joita olen n\u00e4hnyt.<\/p>\n<\/blockquote>\n\t\t\t\t\t\t<\/div>\n\t\t\t\t<\/div>\n\t\t\t\t<div class=\"elementor-element elementor-element-3f8cf48 elementor-widget__width-initial elementor-widget-mobile__width-inherit elementor-widget elementor-widget-text-editor\" data-id=\"3f8cf48\" data-element_type=\"widget\" data-widget_type=\"text-editor.default\">\n\t\t\t\t<div class=\"elementor-widget-container\">\n\t\t\t\t\t\t\t<p style=\"background-color: #ffffff;\">Ymm\u00e4rsin, ett\u00e4 is\u00e4ni halusi el\u00e4m\u00e4ll\u00e4\u00e4n olevan merkityst\u00e4, ett\u00e4 h\u00e4n halusi tulla muistetuksi ja ettei h\u00e4nt\u00e4 unohdettaisi.<\/p>\n<p style=\"background-color: #ffffff;\">Mutta loput eiv\u00e4t olleet minulle selkeit\u00e4. Muistan ajatelleeni: &#8221;<i>Mihin t\u00e4m\u00e4 kirjoitetaan? Kuka sen n\u00e4kee?&#8221; <\/i><\/p>\n<p style=\"background-color: #ffffff;\">Vuosia my\u00f6hemmin, kun is\u00e4ni oli kuollut, aloin ty\u00f6skennell\u00e4 hautausalalla ja ymm\u00e4rsin, mit\u00e4 h\u00e4n sanoi minulle.<\/p>\n<p style=\"background-color: #ffffff;\">Suunnittelin muistokirjoitusohjelmistoa ja ymm\u00e4rsin, ett\u00e4 el\u00e4m\u00e4n kauneutta ja arvokkuutta ei tallennettu muistokirjoitukseen.<\/p>\n<p style=\"background-color: #ffffff;\">Katselin online-muistomerkkisivustojen tarjouksia ja tunsin, ett\u00e4 ne j\u00e4iv\u00e4t vajaaksi. He olivat kiireisi\u00e4 ja h\u00e4mment\u00e4vi\u00e4. Heilt\u00e4 puuttui keskittymiskyky, eiv\u00e4tk\u00e4 he ikuistaneet el\u00e4m\u00e4\u00e4 kauneudella.<\/p>\n<p style=\"background-color: #ffffff;\">Tarvittiin jotain erilaista. Auttelin luomaan rakastavia muistomerkkej\u00e4 s\u00e4ilytt\u00e4\u00e4kseni ja juhlistaakseni tarinaa el\u00e4m\u00e4st\u00e4 yksinkertaisella ja kauneudella.<\/p>\n<p style=\"background-color: #ffffff;\">Is\u00e4ni Antonio Gomesin rakkauden muistomerkki oli ensimm\u00e4inen rakkauden muistomerkki, joka luotiin. Kun loin sen, olin ylpe\u00e4 saadessani jakaa sen perheen ja yst\u00e4vien kanssa. Nyt olen ylpe\u00e4 voidessani jakaa sen maailman kanssa tiet\u00e4en, ett\u00e4 olen kunnioittanut is\u00e4ni halua olla unohtamatta minua.<\/p>\n\t\t\t\t\t\t<\/div>\n\t\t\t\t<\/div>\n\t\t\t\t<div class=\"elementor-element elementor-element-f2d987c elementor-widget__width-initial elementor-widget-mobile__width-inherit elementor-widget elementor-widget-text-editor\" data-id=\"f2d987c\" data-element_type=\"widget\" data-widget_type=\"text-editor.default\">\n\t\t\t\t<div class=\"elementor-widget-container\">\n\t\t\t\t\t\t\t<p><a href=\"https:\/\/www.lovingmemorials.com\/wp-content\/uploads\/2021\/10\/Brian_Dad.jpeg\"><img decoding=\"async\" class=\"alignnone wp-image-1529 size-full\" src=\"https:\/\/www.lovingmemorials.com\/wp-content\/uploads\/2021\/10\/Brian_Dad.jpeg\" alt=\"Image of Brian kneeling beside his dad sitting in a chair\" width=\"768\" height=\"1024\" srcset=\"https:\/\/www.lovingmemorials.com\/wp-content\/uploads\/2021\/10\/Brian_Dad.jpeg 768w, https:\/\/www.lovingmemorials.com\/wp-content\/uploads\/2021\/10\/Brian_Dad-225x300.jpeg 225w, https:\/\/www.lovingmemorials.com\/wp-content\/uploads\/2021\/10\/Brian_Dad-600x800.jpeg 600w, https:\/\/www.lovingmemorials.com\/wp-content\/uploads\/2021\/10\/Brian_Dad-700x933.jpeg 700w\" sizes=\"(max-width: 768px) 100vw, 768px\" \/><\/a><br \/><span style=\"color: #727272;\">Brian ja h\u00e4nen is\u00e4ns\u00e4 Tony Gomes<\/span><\/p>\n\t\t\t\t\t\t<\/div>\n\t\t\t\t<\/div>\n\t\t\t\t<div class=\"elementor-element elementor-element-a313b5c elementor-widget elementor-widget-text-editor\" data-id=\"a313b5c\" data-element_type=\"widget\" data-widget_type=\"text-editor.default\">\n\t\t\t\t<div class=\"elementor-widget-container\">\n\t\t\t\t\t\t\t<h3 id=\"remembrance\">Odottamaton l\u00e4heisyys muistamisen kautta<\/h3>\n<p>Olin yll\u00e4ttynyt siit\u00e4, mit\u00e4 minulle tapahtui luotaessani is\u00e4ni rakkauden muistomerkki\u00e4. Kun lis\u00e4sin kuvia ja kerroin h\u00e4nen el\u00e4m\u00e4st\u00e4\u00e4n, koin niin paljon henkil\u00f6kohtaisesti.<\/p>\n<p>Siell\u00e4 oli hymyj\u00e4 ja naurua sek\u00e4 ylpeytt\u00e4, kiitollisuutta, lohtua, paranemista ja juhlia. Mutta ennen kaikkea siell\u00e4 oli rakkautta. Se toi minut niin paljon l\u00e4hemm\u00e4ksi h\u00e4nt\u00e4, ja silloin ymm\u00e4rsin Loving Memorialsin selke\u00e4mmin.<\/p>\n<p>Tajusin, ett\u00e4 se, ettei l\u00e4heist\u00e4 unohdettaisi, tarkoittaa, ett\u00e4 me el\u00e4v\u00e4t muistamme h\u00e4net. Muistamisen kautta tunnemme rakkautta ja olemme l\u00e4hemp\u00e4n\u00e4 heit\u00e4. T\u00e4st\u00e4 syyst\u00e4 on niin t\u00e4rke\u00e4\u00e4 olla unohtamatta &#8211; se on t\u00e4rke\u00e4\u00e4 rakkaallemme ja meille.<\/p>\n<p>Jos p\u00e4\u00e4t\u00e4t luoda rakastavan muistomerkin rakkaallesi, toivon, ett\u00e4 tunnet sen rakkauden ja l\u00e4heisyyden, jota tunsin is\u00e4\u00e4ni kohtaan, kun loin h\u00e4nen rakastavan muistomerkin.<\/p>\n<p>-Brian Gomes<\/p>\n<p>Rakastavien muistomerkkien perustaja<\/p>\n<h2>Tietoja tiimist\u00e4mme ja miksi teemme t\u00e4m\u00e4n<\/h2>\n\t\t\t\t\t\t<\/div>\n\t\t\t\t<\/div>\n\t\t\t\t<div class=\"elementor-element elementor-element-159e0c1 elementor-widget-mobile__width-inherit elementor-widget elementor-widget-text-editor\" data-id=\"159e0c1\" data-element_type=\"widget\" data-widget_type=\"text-editor.default\">\n\t\t\t\t<div class=\"elementor-widget-container\">\n\t\t\t\t\t\t\t<p>Loving Memorialsin loi tiimi, joka on vuosia luonut ja kehitt\u00e4nyt muistokirjoitusratkaisuja hautaustoimistoille ymp\u00e4ri maailmaa.<\/p>\n<blockquote>\n<p>Meill\u00e4 on kunnia saada yli 200 000 el\u00e4m\u00e4\u00e4 muistettua ohjelmistossamme ja olemme vasta aloittamassa.<\/p>\n<\/blockquote>\n\t\t\t\t\t\t<\/div>\n\t\t\t\t<\/div>\n\t\t\t\t<div class=\"elementor-element elementor-element-2e13c37 elementor-widget-mobile__width-inherit elementor-widget elementor-widget-text-editor\" data-id=\"2e13c37\" data-element_type=\"widget\" data-widget_type=\"text-editor.default\">\n\t\t\t\t<div class=\"elementor-widget-container\">\n\t\t\t\t\t\t\t<p>Uskomme, ett\u00e4 sosiaalinen media ei tarjoa tapaa muistaa l\u00e4heist\u00e4si kunnolla, ja mielest\u00e4mme verkkomuistotilalle tarvittiin jotain erilaista.<\/p>\n<p>Loimme Loving Memorials s\u00e4ilytt\u00e4\u00e4ksemme, jakaaksemme ja juhlistaaksemme rakkaasi el\u00e4m\u00e4\u00e4 yksinkertaisella ja tyylikk\u00e4\u00e4ll\u00e4 tavalla.<\/p>\n\t\t\t\t\t\t<\/div>\n\t\t\t\t<\/div>\n\t\t\t\t\t<\/div>\n\t\t<\/div>\n\t\t\t\t\t<\/div>\n\t\t<\/section>\n\t\t\t\t\t<\/div>\n\t\t<\/div>\n\t\t\t\t\t<\/div>\n\t\t<\/section>\n\t\t\t\t<\/div>\n\t\t","protected":false},"excerpt":{"rendered":"<p>Tietoja rakastavista muistomerkeist\u00e4 Loving Memorials on palvelu, jonka avulla voit helposti luoda tyylikk\u00e4\u00e4n online-muistomerkin rakkaallesi. Loving Memorial on hienostunut yksinkertaisuudessaan. Siin\u00e4 on selke\u00e4 muotoilu ja se tarjoaa ainutlaatuisen visuaalisen kokemuksen. Uskomme, ett\u00e4 v\u00e4hemm\u00e4n on enemm\u00e4n, kun on kyse el\u00e4m\u00e4n kunnioittamisesta ja kunnioittamisesta. Rakastava muistomerkki keskittyy&#8230;<\/p>\n","protected":false},"author":1,"featured_media":0,"parent":0,"menu_order":0,"comment_status":"closed","ping_status":"closed","template":"","meta":{"footnotes":""},"class_list":["post-11844","page","type-page","status-publish","hentry"],"_links":{"self":[{"href":"https:\/\/www.lovingmemorials.com\/fi\/wp-json\/wp\/v2\/pages\/11844","targetHints":{"allow":["GET"]}}],"collection":[{"href":"https:\/\/www.lovingmemorials.com\/fi\/wp-json\/wp\/v2\/pages"}],"about":[{"href":"https:\/\/www.lovingmemorials.com\/fi\/wp-json\/wp\/v2\/types\/page"}],"author":[{"embeddable":true,"href":"https:\/\/www.lovingmemorials.com\/fi\/wp-json\/wp\/v2\/users\/1"}],"replies":[{"embeddable":true,"href":"https:\/\/www.lovingmemorials.com\/fi\/wp-json\/wp\/v2\/comments?post=11844"}],"version-history":[{"count":1,"href":"https:\/\/www.lovingmemorials.com\/fi\/wp-json\/wp\/v2\/pages\/11844\/revisions"}],"predecessor-version":[{"id":11883,"href":"https:\/\/www.lovingmemorials.com\/fi\/wp-json\/wp\/v2\/pages\/11844\/revisions\/11883"}],"wp:attachment":[{"href":"https:\/\/www.lovingmemorials.com\/fi\/wp-json\/wp\/v2\/media?parent=11844"}],"curies":[{"name":"wp","href":"https:\/\/api.w.org\/{rel}","templated":true}]}}