{"id":12661,"date":"2022-02-16T03:48:02","date_gmt":"2022-02-16T03:48:02","guid":{"rendered":"https:\/\/www.lovingmemorials.com\/faq\/"},"modified":"2022-02-26T22:55:01","modified_gmt":"2022-02-26T22:55:01","slug":"faq","status":"publish","type":"page","link":"https:\/\/www.lovingmemorials.com\/fi\/faq\/","title":{"rendered":"FAQ"},"content":{"rendered":"\t\t<div data-elementor-type=\"wp-page\" data-elementor-id=\"12661\" class=\"elementor elementor-12661\" data-elementor-post-type=\"page\">\n\t\t\t\t\t\t<section class=\"elementor-section elementor-top-section elementor-element elementor-element-1e1a11db elementor-section-content-middle elementor-section-boxed elementor-section-height-default elementor-section-height-default parallax_section_no qode_elementor_container_no\" data-id=\"1e1a11db\" data-element_type=\"section\">\n\t\t\t\t\t\t<div class=\"elementor-container elementor-column-gap-no\">\n\t\t\t\t\t<div class=\"elementor-column elementor-col-100 elementor-top-column elementor-element elementor-element-2b02ad84\" data-id=\"2b02ad84\" data-element_type=\"column\">\n\t\t\t<div class=\"elementor-widget-wrap elementor-element-populated\">\n\t\t\t\t\t\t<div class=\"elementor-element elementor-element-b20584c page-header elementor-widget elementor-widget-heading\" data-id=\"b20584c\" data-element_type=\"widget\" data-widget_type=\"heading.default\">\n\t\t\t\t<div class=\"elementor-widget-container\">\n\t\t\t<h1 class=\"elementor-heading-title elementor-size-default\">Usein Kysytyt Kysymykset<\/h1>\t\t<\/div>\n\t\t\t\t<\/div>\n\t\t\t\t<section class=\"elementor-section elementor-inner-section elementor-element elementor-element-34548840 elementor-section-content-middle container-shadow elementor-section-boxed elementor-section-height-default elementor-section-height-default parallax_section_no qode_elementor_container_no\" data-id=\"34548840\" data-element_type=\"section\" data-settings=\"{&quot;background_background&quot;:&quot;classic&quot;}\">\n\t\t\t\t\t\t<div class=\"elementor-container elementor-column-gap-no\">\n\t\t\t\t\t<div class=\"elementor-column elementor-col-100 elementor-inner-column elementor-element elementor-element-c361e2a\" data-id=\"c361e2a\" data-element_type=\"column\">\n\t\t\t<div class=\"elementor-widget-wrap elementor-element-populated\">\n\t\t\t\t\t\t<div class=\"elementor-element elementor-element-5b308156 elementor-widget elementor-widget-text-editor\" data-id=\"5b308156\" data-element_type=\"widget\" data-widget_type=\"text-editor.default\">\n\t\t\t\t<div class=\"elementor-widget-container\">\n\t\t\t\t\t\t\t<h3>Mik\u00e4 on rakastava muistomerkki?<\/h3><p><span style=\"font-weight: 400;\">A Loving Memorial on online-muistomerkki rakkaasi el\u00e4m\u00e4n muistoksi. <\/span><\/p><p><span style=\"font-weight: 400;\">Palvelumme avulla voit <a href=\"https:\/\/www.lovingmemorials.com\/fi\/opas\/rakentaja-malli\/\">lis\u00e4t\u00e4 kuvia, videoita, sanoja ja musiikkia<\/a> jakaaksesi muistoja ja kertoaksesi rakkaasi tarinan. Jaat muistomerkin perheen ja yst\u00e4vien kanssa, ja he voivat edist\u00e4\u00e4 muistomerkki\u00e4 lis\u00e4\u00e4m\u00e4ll\u00e4 ajatuksia, tarinoita, valokuvia ja videoita.<br><\/span><\/p><p>Loving Memorial on hienostunut yksinkertaisuudessaan. Sit\u00e4 on helppo k\u00e4ytt\u00e4\u00e4, ja sen avulla voit rakentaa tyylikk\u00e4\u00e4n visuaalisen kokemuksen.<\/p><h3><strong>Miksi luoda<\/strong> <strong>rakastava muistomerkki?<\/strong><\/h3><p>Rakastamasi henkil\u00f6 oli arvokas ja h\u00e4nen el\u00e4m\u00e4ns\u00e4 kosketti syv\u00e4sti sinua, heid\u00e4n perhett\u00e4\u00e4n, yst\u00e4vi\u00e4\u00e4n ja ihmisi\u00e4, joita he tapasivat.<\/p><p>Rakastava muistomerkki antaa heille, jotka tunsivat heid\u00e4t, muistaa ja tuntea rakkautta, hymyill\u00e4, nauraa, l\u00f6yt\u00e4\u00e4 lohtua ja aloittaa paranemisen.<\/p><p>Se tarjoaa perheelle ja yst\u00e4ville mahdollisuuden oppia lis\u00e4\u00e4 el\u00e4m\u00e4st\u00e4\u00e4n, jakaa muistoja ja kertoa tarinoita, jotta rakkaasi ei unohdu.<\/p><p>Se jakaa heid\u00e4n el\u00e4m\u00e4ns\u00e4 kauneuden heid\u00e4t tunteneiden kanssa ja tarjoaa tuleville sukupolville mahdollisuuden tutustua heihin.<\/p><p>Luomalla rakastavan muistomerkin ja muistamisen kautta voimme my\u00f6s kokea <a href=\"https:\/\/www.lovingmemorials.com\/fi\/noin\/#remembrance\">rakkautta ja l\u00e4heisyytt\u00e4<\/a> .<\/p><h3><strong>Kuinka luon rakastavan<\/strong> muistomerkin?<\/h3><p><span style=\"font-weight: 400;\">Katsottuasi <a href=\"https:\/\/www.lovingmemorials.com\/m\/antonio-gomes\/112925\/\">esimerkki\u00e4<\/a> voit tarkastella <a href=\"https:\/\/www.lovingmemorials.com\/fi\/ominaisuudet-suunnitelmat\/\">ominaisuuksiamme<\/a> , valita suunnitelman ja sitten <a href=\"https:\/\/www.lovingmemorials.com\/create-memorial\/\">rekister\u00f6ity\u00e4<\/a> .<\/span><\/p><h3><strong>Mik\u00e4 on<\/strong> pysyv\u00e4 <strong>suunnitelma?<\/strong><\/h3><p>Pysyv\u00e4 suunnitelma tarkoittaa, ett\u00e4 sinun tarvitsee suorittaa vain <em>yksi<\/em> maksu, jotta rakastava muistomerkkisi on <em>aina<\/em> mukanamme.<\/p><p>Voit aina katsella, muokata, jakaa ja kutsua vierailijoita katsomaan muistomerkki\u00e4si ilman lis\u00e4maksuja tai kuluja.<\/p><h3><strong>Onko rakastavan muistomerkin luominen helppoa<\/strong> ?<\/h3>\t\t\t\t\t\t<\/div>\n\t\t\t\t<\/div>\n\t\t\t\t<div class=\"elementor-element elementor-element-b860668 elementor-widget__width-initial elementor-widget-tablet__width-inherit elementor-widget-mobile__width-inherit elementor-widget elementor-widget-text-editor\" data-id=\"b860668\" data-element_type=\"widget\" data-widget_type=\"text-editor.default\">\n\t\t\t\t<div class=\"elementor-widget-container\">\n\t\t\t\t\t\t\t<p style=\"background-color: #ffffff;\">Mallimme avulla kuka tahansa voi helposti luoda muistomerkin.<\/p><p style=\"background-color: #ffffff;\">Jos haluat esimerkiksi lis\u00e4t\u00e4 muistin, lis\u00e4\u00e4 kuva ja sanasi ja napsauta sitten Tallenna.<\/p>\t\t\t\t\t\t<\/div>\n\t\t\t\t<\/div>\n\t\t\t\t<div class=\"elementor-element elementor-element-f41e78d elementor-widget__width-initial elementor-widget-tablet__width-inherit elementor-widget-mobile__width-inherit elementor-widget elementor-widget-image\" data-id=\"f41e78d\" data-element_type=\"widget\" data-widget_type=\"image.default\">\n\t\t\t\t<div class=\"elementor-widget-container\">\n\t\t\t\t\t\t\t\t\t\t<figure class=\"wp-caption\">\n\t\t\t\t\t\t\t\t\t\t\t<a href=\"https:\/\/www.lovingmemorials.com\/wp-content\/uploads\/2021\/11\/dad-mom.png\" data-elementor-open-lightbox=\"yes\" data-elementor-lightbox-title=\"is\u00e4 \u00e4iti\" data-e-action-hash=\"#elementor-action%3Aaction%3Dlightbox%26settings%3DeyJpZCI6ODc3NiwidXJsIjoiaHR0cHM6XC9cL3d3dy5sb3ZpbmdtZW1vcmlhbHMuY29tXC93cC1jb250ZW50XC91cGxvYWRzXC8yMDIxXC8xMVwvZGFkLW1vbS5wbmcifQ%3D%3D\">\n\t\t\t\t\t\t\t<img fetchpriority=\"high\" decoding=\"async\" width=\"991\" height=\"762\" src=\"https:\/\/www.lovingmemorials.com\/wp-content\/uploads\/2021\/11\/dad-mom.png\" class=\"attachment-full size-full wp-image-8776\" alt=\"\" srcset=\"https:\/\/www.lovingmemorials.com\/wp-content\/uploads\/2021\/11\/dad-mom.png 991w, https:\/\/www.lovingmemorials.com\/wp-content\/uploads\/2021\/11\/dad-mom-300x231.png 300w, https:\/\/www.lovingmemorials.com\/wp-content\/uploads\/2021\/11\/dad-mom-768x591.png 768w, https:\/\/www.lovingmemorials.com\/wp-content\/uploads\/2021\/11\/dad-mom-700x538.png 700w\" sizes=\"(max-width: 991px) 100vw, 991px\" \/>\t\t\t\t\t\t\t\t<\/a>\n\t\t\t\t\t\t\t\t\t\t\t<figcaption class=\"widget-image-caption wp-caption-text\"><\/figcaption>\n\t\t\t\t\t\t\t\t\t\t<\/figure>\n\t\t\t\t\t\t\t<\/div>\n\t\t\t\t<\/div>\n\t\t\t\t<div class=\"elementor-element elementor-element-9a30300 elementor-widget elementor-widget-text-editor\" data-id=\"9a30300\" data-element_type=\"widget\" data-widget_type=\"text-editor.default\">\n\t\t\t\t<div class=\"elementor-widget-container\">\n\t\t\t\t\t\t\t<h3 style=\"background-color: #ffffff;\"><strong>Milt\u00e4 muistosivustoni<\/strong> <strong>n\u00e4ytt\u00e4\u00e4?<\/strong><\/h3><p>Valitse yksi yli <a href=\"https:\/\/www.lovingmemorials.com\/fi\/opas\/rakentaja-malli\/#templates\">200 taustakuvastamme<\/a> , joka toimii mallina. Muokkaa sitten jokaista sivua valokuvillasi, tunteillasi ja videoillasi luodaksesi ainutlaatuisen kunnianosoituksen rakkaallesi.<\/p><p>Alla on vain muutamia esimerkkej\u00e4 taustakuvista. Jos meill\u00e4 ei ole etsim\u00e4\u00e4si kuvaa, ota meihin yhteytt\u00e4, niin teemme parhaamme vastataksemme sinulle.<\/p>\t\t\t\t\t\t<\/div>\n\t\t\t\t<\/div>\n\t\t\t\t<div class=\"elementor-element elementor-element-236c673 elementor-widget elementor-widget-bridge_advanced_image_gallery\" data-id=\"236c673\" data-element_type=\"widget\" data-widget_type=\"bridge_advanced_image_gallery.default\">\n\t\t\t\t<div class=\"elementor-widget-container\">\n\t\t\t<div class=\"qode-advanced-image-gallery  qode-aig-grid-type qode-small-space qode-has-shadow qode-image-behavior-lightbox \">\n\t<div class=\"qode-aig-inner qode-outer-space qode-aig-grid qode-aig-three-columns\">\n\t\t\t\t\t<div class=\"qode-aig-image qode-item-space\">\n\t\t\t\t<div class=\"qode-aig-image-inner\">\n\t\t\t\t\t\t\t\t\t\t\t<a itemprop=\"image\" class=\"qode-aig-lightbox\" href=\"https:\/\/www.lovingmemorials.com\/wp-content\/uploads\/2021\/12\/ocean-sunset-scaled-e1639276389987.jpg\" data-rel=\"prettyPhoto[image_gallery_pretty_photo-955]\" title=\"Taivas, Tausta,Ja,Vesi,Heijastus.,Elementti,Of,Design.\">\n\t\t\t\t\t\t\t\t\t\t\t<img decoding=\"async\" width=\"1024\" height=\"576\" src=\"https:\/\/www.lovingmemorials.com\/wp-content\/uploads\/2021\/12\/ocean-sunset-scaled-e1639276389987.jpg\" class=\"attachment-full size-full\" alt=\"\" srcset=\"https:\/\/www.lovingmemorials.com\/wp-content\/uploads\/2021\/12\/ocean-sunset-scaled-e1639276389987.jpg 1024w, https:\/\/www.lovingmemorials.com\/wp-content\/uploads\/2021\/12\/ocean-sunset-scaled-e1639276389987-300x169.jpg 300w, https:\/\/www.lovingmemorials.com\/wp-content\/uploads\/2021\/12\/ocean-sunset-scaled-e1639276389987-768x432.jpg 768w, https:\/\/www.lovingmemorials.com\/wp-content\/uploads\/2021\/12\/ocean-sunset-scaled-e1639276389987-700x394.jpg 700w, https:\/\/www.lovingmemorials.com\/wp-content\/uploads\/2021\/12\/ocean-sunset-scaled-e1639276389987-539x303.jpg 539w\" sizes=\"(max-width: 1024px) 100vw, 1024px\" \/>\t\t\t\t\t\t<span class=\"aig-gallery-hover\">\n\t\t\t\t\t\t\t\t\t\t\t\t\t\t\t<span class=\"icon-arrows-plus\"><\/span> \n\t\t\t\t\t\t\t\t\t\t\t\t\t<\/span>\n\t\t\t\t\t\t\t\t\t\t\t<\/a>\n\t\t\t\t\t\t\t\t\t<\/div>\n\t\t\t<\/div>\n\t\t\t\t\t<div class=\"qode-aig-image qode-item-space\">\n\t\t\t\t<div class=\"qode-aig-image-inner\">\n\t\t\t\t\t\t\t\t\t\t\t<a itemprop=\"image\" class=\"qode-aig-lightbox\" href=\"https:\/\/www.lovingmemorials.com\/wp-content\/uploads\/2021\/12\/sunny-trees.jpg-scaled-e1639414524577.jpg\" data-rel=\"prettyPhoto[image_gallery_pretty_photo-955]\" title=\"vihre\u00e4 puutarha\">\n\t\t\t\t\t\t\t\t\t\t\t<img decoding=\"async\" width=\"1025\" height=\"574\" src=\"https:\/\/www.lovingmemorials.com\/wp-content\/uploads\/2021\/12\/sunny-trees.jpg-scaled-e1639414524577.jpg\" class=\"attachment-full size-full\" alt=\"\" srcset=\"https:\/\/www.lovingmemorials.com\/wp-content\/uploads\/2021\/12\/sunny-trees.jpg-scaled-e1639414524577.jpg 1025w, https:\/\/www.lovingmemorials.com\/wp-content\/uploads\/2021\/12\/sunny-trees.jpg-scaled-e1639414524577-300x168.jpg 300w, https:\/\/www.lovingmemorials.com\/wp-content\/uploads\/2021\/12\/sunny-trees.jpg-scaled-e1639414524577-768x430.jpg 768w, https:\/\/www.lovingmemorials.com\/wp-content\/uploads\/2021\/12\/sunny-trees.jpg-scaled-e1639414524577-700x392.jpg 700w, https:\/\/www.lovingmemorials.com\/wp-content\/uploads\/2021\/12\/sunny-trees.jpg-scaled-e1639414524577-539x303.jpg 539w\" sizes=\"(max-width: 1025px) 100vw, 1025px\" \/>\t\t\t\t\t\t<span class=\"aig-gallery-hover\">\n\t\t\t\t\t\t\t\t\t\t\t\t\t\t\t<span class=\"icon-arrows-plus\"><\/span> \n\t\t\t\t\t\t\t\t\t\t\t\t\t<\/span>\n\t\t\t\t\t\t\t\t\t\t\t<\/a>\n\t\t\t\t\t\t\t\t\t<\/div>\n\t\t\t<\/div>\n\t\t\t\t\t<div class=\"qode-aig-image qode-item-space\">\n\t\t\t\t<div class=\"qode-aig-image-inner\">\n\t\t\t\t\t\t\t\t\t\t\t<a itemprop=\"image\" class=\"qode-aig-lightbox\" href=\"https:\/\/www.lovingmemorials.com\/wp-content\/uploads\/2021\/12\/mountain-wildflowers.jpg-scaled-e1639423263610.jpg\" data-rel=\"prettyPhoto[image_gallery_pretty_photo-955]\" title=\"Wildflowers, Mount Rainier, Washington st\">\n\t\t\t\t\t\t\t\t\t\t\t<img loading=\"lazy\" decoding=\"async\" width=\"2560\" height=\"1441\" src=\"https:\/\/www.lovingmemorials.com\/wp-content\/uploads\/2021\/12\/mountain-wildflowers.jpg-scaled-e1639423263610.jpg\" class=\"attachment-full size-full\" alt=\"\" \/>\t\t\t\t\t\t<span class=\"aig-gallery-hover\">\n\t\t\t\t\t\t\t\t\t\t\t\t\t\t\t<span class=\"icon-arrows-plus\"><\/span> \n\t\t\t\t\t\t\t\t\t\t\t\t\t<\/span>\n\t\t\t\t\t\t\t\t\t\t\t<\/a>\n\t\t\t\t\t\t\t\t\t<\/div>\n\t\t\t<\/div>\n\t\t\t\t\t<div class=\"qode-aig-image qode-item-space\">\n\t\t\t\t<div class=\"qode-aig-image-inner\">\n\t\t\t\t\t\t\t\t\t\t\t<a itemprop=\"image\" class=\"qode-aig-lightbox\" href=\"https:\/\/www.lovingmemorials.com\/wp-content\/uploads\/2021\/12\/blue-sky.jpg-scaled-e1640378236798.jpg\" data-rel=\"prettyPhoto[image_gallery_pretty_photo-955]\" title=\"Sininen taivas ja valkoiset pilvet tausta\">\n\t\t\t\t\t\t\t\t\t\t\t<img loading=\"lazy\" decoding=\"async\" width=\"2560\" height=\"1707\" src=\"https:\/\/www.lovingmemorials.com\/wp-content\/uploads\/2021\/12\/blue-sky.jpg-scaled-e1640378236798.jpg\" class=\"attachment-full size-full\" alt=\"\" \/>\t\t\t\t\t\t<span class=\"aig-gallery-hover\">\n\t\t\t\t\t\t\t\t\t\t\t\t\t\t\t<span class=\"icon-arrows-plus\"><\/span> \n\t\t\t\t\t\t\t\t\t\t\t\t\t<\/span>\n\t\t\t\t\t\t\t\t\t\t\t<\/a>\n\t\t\t\t\t\t\t\t\t<\/div>\n\t\t\t<\/div>\n\t\t\t\t\t<div class=\"qode-aig-image qode-item-space\">\n\t\t\t\t<div class=\"qode-aig-image-inner\">\n\t\t\t\t\t\t\t\t\t\t\t<a itemprop=\"image\" class=\"qode-aig-lightbox\" href=\"https:\/\/www.lovingmemorials.com\/wp-content\/uploads\/2021\/12\/cross-on-mount.jpg-scaled-e1639415097815.jpg\" data-rel=\"prettyPhoto[image_gallery_pretty_photo-955]\" title=\"ylitt\u00e4\u00e4\">\n\t\t\t\t\t\t\t\t\t\t\t<img loading=\"lazy\" decoding=\"async\" width=\"1023\" height=\"576\" src=\"https:\/\/www.lovingmemorials.com\/wp-content\/uploads\/2021\/12\/cross-on-mount.jpg-scaled-e1639415097815.jpg\" class=\"attachment-full size-full\" alt=\"\" srcset=\"https:\/\/www.lovingmemorials.com\/wp-content\/uploads\/2021\/12\/cross-on-mount.jpg-scaled-e1639415097815.jpg 1023w, https:\/\/www.lovingmemorials.com\/wp-content\/uploads\/2021\/12\/cross-on-mount.jpg-scaled-e1639415097815-300x169.jpg 300w, https:\/\/www.lovingmemorials.com\/wp-content\/uploads\/2021\/12\/cross-on-mount.jpg-scaled-e1639415097815-768x432.jpg 768w, https:\/\/www.lovingmemorials.com\/wp-content\/uploads\/2021\/12\/cross-on-mount.jpg-scaled-e1639415097815-700x394.jpg 700w, https:\/\/www.lovingmemorials.com\/wp-content\/uploads\/2021\/12\/cross-on-mount.jpg-scaled-e1639415097815-539x303.jpg 539w\" sizes=\"(max-width: 1023px) 100vw, 1023px\" \/>\t\t\t\t\t\t<span class=\"aig-gallery-hover\">\n\t\t\t\t\t\t\t\t\t\t\t\t\t\t\t<span class=\"icon-arrows-plus\"><\/span> \n\t\t\t\t\t\t\t\t\t\t\t\t\t<\/span>\n\t\t\t\t\t\t\t\t\t\t\t<\/a>\n\t\t\t\t\t\t\t\t\t<\/div>\n\t\t\t<\/div>\n\t\t\t\t\t<div class=\"qode-aig-image qode-item-space\">\n\t\t\t\t<div class=\"qode-aig-image-inner\">\n\t\t\t\t\t\t\t\t\t\t\t<a itemprop=\"image\" class=\"qode-aig-lightbox\" href=\"https:\/\/www.lovingmemorials.com\/wp-content\/uploads\/2021\/12\/saluting-soldier.jpg-scaled-e1639276862202.jpg\" data-rel=\"prettyPhoto[image_gallery_pretty_photo-955]\" title=\"Double,Exposure,Of,Saluting,Soldier,On,Usa,Grunge,Flag.,Vintage,\">\n\t\t\t\t\t\t\t\t\t\t\t<img loading=\"lazy\" decoding=\"async\" width=\"1024\" height=\"576\" src=\"https:\/\/www.lovingmemorials.com\/wp-content\/uploads\/2021\/12\/saluting-soldier.jpg-scaled-e1639276862202.jpg\" class=\"attachment-full size-full\" alt=\"\" srcset=\"https:\/\/www.lovingmemorials.com\/wp-content\/uploads\/2021\/12\/saluting-soldier.jpg-scaled-e1639276862202.jpg 1024w, https:\/\/www.lovingmemorials.com\/wp-content\/uploads\/2021\/12\/saluting-soldier.jpg-scaled-e1639276862202-300x169.jpg 300w, https:\/\/www.lovingmemorials.com\/wp-content\/uploads\/2021\/12\/saluting-soldier.jpg-scaled-e1639276862202-768x432.jpg 768w, https:\/\/www.lovingmemorials.com\/wp-content\/uploads\/2021\/12\/saluting-soldier.jpg-scaled-e1639276862202-700x394.jpg 700w, https:\/\/www.lovingmemorials.com\/wp-content\/uploads\/2021\/12\/saluting-soldier.jpg-scaled-e1639276862202-539x303.jpg 539w\" sizes=\"(max-width: 1024px) 100vw, 1024px\" \/>\t\t\t\t\t\t<span class=\"aig-gallery-hover\">\n\t\t\t\t\t\t\t\t\t\t\t\t\t\t\t<span class=\"icon-arrows-plus\"><\/span> \n\t\t\t\t\t\t\t\t\t\t\t\t\t<\/span>\n\t\t\t\t\t\t\t\t\t\t\t<\/a>\n\t\t\t\t\t\t\t\t\t<\/div>\n\t\t\t<\/div>\n\t\t\t\t\t<div class=\"qode-aig-image qode-item-space\">\n\t\t\t\t<div class=\"qode-aig-image-inner\">\n\t\t\t\t\t\t\t\t\t\t\t<a itemprop=\"image\" class=\"qode-aig-lightbox\" href=\"https:\/\/www.lovingmemorials.com\/wp-content\/uploads\/2021\/12\/flowerboard-purple.jpg-scaled-e1640296960142.jpg\" data-rel=\"prettyPhoto[image_gallery_pretty_photo-955]\" title=\"Beautiful,Spring,Flowers,On,Paper,Background\">\n\t\t\t\t\t\t\t\t\t\t\t<img loading=\"lazy\" decoding=\"async\" width=\"1025\" height=\"575\" src=\"https:\/\/www.lovingmemorials.com\/wp-content\/uploads\/2021\/12\/flowerboard-purple.jpg-scaled-e1640296960142.jpg\" class=\"attachment-full size-full\" alt=\"\" \/>\t\t\t\t\t\t<span class=\"aig-gallery-hover\">\n\t\t\t\t\t\t\t\t\t\t\t\t\t\t\t<span class=\"icon-arrows-plus\"><\/span> \n\t\t\t\t\t\t\t\t\t\t\t\t\t<\/span>\n\t\t\t\t\t\t\t\t\t\t\t<\/a>\n\t\t\t\t\t\t\t\t\t<\/div>\n\t\t\t<\/div>\n\t\t\t\t\t<div class=\"qode-aig-image qode-item-space\">\n\t\t\t\t<div class=\"qode-aig-image-inner\">\n\t\t\t\t\t\t\t\t\t\t\t<a itemprop=\"image\" class=\"qode-aig-lightbox\" href=\"https:\/\/www.lovingmemorials.com\/wp-content\/uploads\/2021\/12\/balcony-ocean-view-scaled-e1639414909778.jpg\" data-rel=\"prettyPhoto[image_gallery_pretty_photo-955]\" title=\"parveke &#8211; merin\u00e4k\u00f6ala\">\n\t\t\t\t\t\t\t\t\t\t\t<img loading=\"lazy\" decoding=\"async\" width=\"1024\" height=\"576\" src=\"https:\/\/www.lovingmemorials.com\/wp-content\/uploads\/2021\/12\/balcony-ocean-view-scaled-e1639414909778.jpg\" class=\"attachment-full size-full\" alt=\"\" srcset=\"https:\/\/www.lovingmemorials.com\/wp-content\/uploads\/2021\/12\/balcony-ocean-view-scaled-e1639414909778.jpg 1024w, https:\/\/www.lovingmemorials.com\/wp-content\/uploads\/2021\/12\/balcony-ocean-view-scaled-e1639414909778-300x169.jpg 300w, https:\/\/www.lovingmemorials.com\/wp-content\/uploads\/2021\/12\/balcony-ocean-view-scaled-e1639414909778-768x432.jpg 768w, https:\/\/www.lovingmemorials.com\/wp-content\/uploads\/2021\/12\/balcony-ocean-view-scaled-e1639414909778-700x394.jpg 700w, https:\/\/www.lovingmemorials.com\/wp-content\/uploads\/2021\/12\/balcony-ocean-view-scaled-e1639414909778-539x303.jpg 539w\" sizes=\"(max-width: 1024px) 100vw, 1024px\" \/>\t\t\t\t\t\t<span class=\"aig-gallery-hover\">\n\t\t\t\t\t\t\t\t\t\t\t\t\t\t\t<span class=\"icon-arrows-plus\"><\/span> \n\t\t\t\t\t\t\t\t\t\t\t\t\t<\/span>\n\t\t\t\t\t\t\t\t\t\t\t<\/a>\n\t\t\t\t\t\t\t\t\t<\/div>\n\t\t\t<\/div>\n\t\t\t\t\t<div class=\"qode-aig-image qode-item-space\">\n\t\t\t\t<div class=\"qode-aig-image-inner\">\n\t\t\t\t\t\t\t\t\t\t\t<a itemprop=\"image\" class=\"qode-aig-lightbox\" href=\"https:\/\/www.lovingmemorials.com\/wp-content\/uploads\/2021\/12\/luxury-pink-marble.jpg-scaled-e1639415200212.jpg\" data-rel=\"prettyPhoto[image_gallery_pretty_photo-955]\" title=\"Luksus, Vaaleanpunainen, Marmori, Tekstuuri, Tausta, Suunnittelu, For,Banneri,,Kutsu,,Taustakuva,\">\n\t\t\t\t\t\t\t\t\t\t\t<img loading=\"lazy\" decoding=\"async\" width=\"1024\" height=\"576\" src=\"https:\/\/www.lovingmemorials.com\/wp-content\/uploads\/2021\/12\/luxury-pink-marble.jpg-scaled-e1639415200212.jpg\" class=\"attachment-full size-full\" alt=\"\" srcset=\"https:\/\/www.lovingmemorials.com\/wp-content\/uploads\/2021\/12\/luxury-pink-marble.jpg-scaled-e1639415200212.jpg 1024w, https:\/\/www.lovingmemorials.com\/wp-content\/uploads\/2021\/12\/luxury-pink-marble.jpg-scaled-e1639415200212-300x169.jpg 300w, https:\/\/www.lovingmemorials.com\/wp-content\/uploads\/2021\/12\/luxury-pink-marble.jpg-scaled-e1639415200212-768x432.jpg 768w, https:\/\/www.lovingmemorials.com\/wp-content\/uploads\/2021\/12\/luxury-pink-marble.jpg-scaled-e1639415200212-700x394.jpg 700w, https:\/\/www.lovingmemorials.com\/wp-content\/uploads\/2021\/12\/luxury-pink-marble.jpg-scaled-e1639415200212-539x303.jpg 539w\" sizes=\"(max-width: 1024px) 100vw, 1024px\" \/>\t\t\t\t\t\t<span class=\"aig-gallery-hover\">\n\t\t\t\t\t\t\t\t\t\t\t\t\t\t\t<span class=\"icon-arrows-plus\"><\/span> \n\t\t\t\t\t\t\t\t\t\t\t\t\t<\/span>\n\t\t\t\t\t\t\t\t\t\t\t<\/a>\n\t\t\t\t\t\t\t\t\t<\/div>\n\t\t\t<\/div>\n\t\t\t<\/div>\n<\/div>\t\t<\/div>\n\t\t\t\t<\/div>\n\t\t\t\t<div class=\"elementor-element elementor-element-4aaab5f elementor-widget elementor-widget-text-editor\" data-id=\"4aaab5f\" data-element_type=\"widget\" data-widget_type=\"text-editor.default\">\n\t\t\t\t<div class=\"elementor-widget-container\">\n\t\t\t\t\t\t\t<h3><strong>Voivatko perheeni ja yst\u00e4v\u00e4ni<\/strong> osallistua <strong>Rakkauden muistomerkkiin?<\/strong><\/h3><p>Joo. He voivat ladata valokuvia ja videoita muistomerkille. He voivat my\u00f6s lis\u00e4t\u00e4 ajatuksia, muistoja ja tarinoita vieraskirjaan. Sin\u00e4 hallitset (ja voit muokata), mit\u00e4 sis\u00e4lt\u00f6\u00e4 n\u00e4ytet\u00e4\u00e4n.<\/p><h3><strong>Voinko n\u00e4hd\u00e4 esimerkin Loving<\/strong> Memorial <strong>-sivustosta?<\/strong><\/h3><p><a href=\"https:\/\/www.lovingmemorials.com\/m\/antonio-gomes\/112925\/\">Antonio Gomesin rakastava muistomerkki<\/a> on esimerkki Loving Memorial -sivustosta. <\/p><h3><strong>Mill\u00e4 kielill\u00e4<\/strong> voin luoda Loving <strong>Memorial -sivuston?<\/strong><\/h3><p>Voit luoda, muokata ja tarkastella Rakkausmuistomerkki\u00e4 seuraavilla kielill\u00e4:<\/p><p><a href=\"https:\/\/www.lovingmemorials.com\/fi\/\">englanti<\/a> , <a href=\"https:\/\/www.lovingmemorials.com\/fi\/\">suomi<\/a> , <a href=\"https:\/\/www.lovingmemorials.com\/fr\/\">ranska<\/a> , <a href=\"https:\/\/www.lovingmemorials.com\/de\/\">saksa<\/a> , <a href=\"https:\/\/www.lovingmemorials.com\/id\/\">indonesia<\/a> , <a href=\"https:\/\/www.lovingmemorials.com\/it\/\">italia<\/a> , <a href=\"https:\/\/www.lovingmemorials.com\/ms\/\">malaiji<\/a> , <a href=\"https:\/\/www.lovingmemorials.com\/pl\/\">puola<\/a> , <a href=\"https:\/\/www.lovingmemorials.com\/pt-br\/\">portugali (Brasilia )<\/a> , <a href=\"https:\/\/www.lovingmemorials.com\/pt-pt\/\">portugali (Portugali )<\/a> , <a href=\"https:\/\/www.lovingmemorials.com\/es\/\">espanja<\/a> , <a href=\"https:\/\/www.lovingmemorials.com\/sv\/\">ruotsi<\/a> , <a href=\"https:\/\/www.lovingmemorials.com\/tr\/\">turkki<\/a> , <a href=\"https:\/\/www.lovingmemorials.com\/vi\/\">vietnami<\/a> .<\/p><h3><strong>Minulla on viel\u00e4<\/strong> kysymyksi\u00e4, <strong>kuinka voin tavoittaa sinut?<\/strong><\/h3><p>Paras tapa tavoittaa meid\u00e4t on l\u00e4hett\u00e4\u00e4 meille viesti &#8221; <a href=\"https:\/\/www.lovingmemorials.com\/fi\/ottaa-yhteytta\/\">Ota yhteytt\u00e4<\/a> &#8221; -palvelun kautta, tai jos olet jo luonut rakastavan muistomerkin, tilisi &#8221;Apua&#8221;-lomakkeen kautta.<\/p><p>Olemme ylpeit\u00e4 nopeista vastausajoista. Vastaamme kaikkiin tiedusteluihin heti kun pystymme, usein alle tunnissa.<\/p><p>Useimmat ongelmat selitet\u00e4\u00e4n parhaiten s\u00e4hk\u00f6postitse. Halutessasi soitamme sinulle.<\/p>\t\t\t\t\t\t<\/div>\n\t\t\t\t<\/div>\n\t\t\t\t\t<\/div>\n\t\t<\/div>\n\t\t\t\t\t<\/div>\n\t\t<\/section>\n\t\t\t\t\t<\/div>\n\t\t<\/div>\n\t\t\t\t\t<\/div>\n\t\t<\/section>\n\t\t\t\t<\/div>\n\t\t","protected":false},"excerpt":{"rendered":"<p>Usein Kysytyt Kysymykset Mik\u00e4 on rakastava muistomerkki? A Loving Memorial on online-muistomerkki rakkaasi el\u00e4m\u00e4n muistoksi. Palvelumme avulla voit lis\u00e4t\u00e4 kuvia, videoita, sanoja ja musiikkia jakaaksesi muistoja ja kertoaksesi rakkaasi tarinan. Jaat muistomerkin perheen ja yst\u00e4vien kanssa, ja he voivat edist\u00e4\u00e4 muistomerkki\u00e4 lis\u00e4\u00e4m\u00e4ll\u00e4 ajatuksia, tarinoita, valokuvia&#8230;<\/p>\n","protected":false},"author":1,"featured_media":0,"parent":0,"menu_order":0,"comment_status":"closed","ping_status":"closed","template":"","meta":{"footnotes":""},"class_list":["post-12661","page","type-page","status-publish","hentry"],"_links":{"self":[{"href":"https:\/\/www.lovingmemorials.com\/fi\/wp-json\/wp\/v2\/pages\/12661","targetHints":{"allow":["GET"]}}],"collection":[{"href":"https:\/\/www.lovingmemorials.com\/fi\/wp-json\/wp\/v2\/pages"}],"about":[{"href":"https:\/\/www.lovingmemorials.com\/fi\/wp-json\/wp\/v2\/types\/page"}],"author":[{"embeddable":true,"href":"https:\/\/www.lovingmemorials.com\/fi\/wp-json\/wp\/v2\/users\/1"}],"replies":[{"embeddable":true,"href":"https:\/\/www.lovingmemorials.com\/fi\/wp-json\/wp\/v2\/comments?post=12661"}],"version-history":[{"count":14,"href":"https:\/\/www.lovingmemorials.com\/fi\/wp-json\/wp\/v2\/pages\/12661\/revisions"}],"predecessor-version":[{"id":18545,"href":"https:\/\/www.lovingmemorials.com\/fi\/wp-json\/wp\/v2\/pages\/12661\/revisions\/18545"}],"wp:attachment":[{"href":"https:\/\/www.lovingmemorials.com\/fi\/wp-json\/wp\/v2\/media?parent=12661"}],"curies":[{"name":"wp","href":"https:\/\/api.w.org\/{rel}","templated":true}]}}