{"id":15640,"date":"2022-02-16T18:38:17","date_gmt":"2022-02-16T18:38:17","guid":{"rendered":"https:\/\/www.lovingmemorials.com\/opas-online-muistomerkkeihin\/online-muistomerkki-joka-keskittyy-rakkaasi\/"},"modified":"2022-02-26T23:59:57","modified_gmt":"2022-02-26T23:59:57","slug":"keskity-rakastettu","status":"publish","type":"page","link":"https:\/\/www.lovingmemorials.com\/fi\/opas\/keskity-rakastettu\/","title":{"rendered":"Keskity rakkaaseen"},"content":{"rendered":"\t\t<div data-elementor-type=\"wp-page\" data-elementor-id=\"15640\" class=\"elementor elementor-15640\" data-elementor-post-type=\"page\">\n\t\t\t\t\t\t<section class=\"elementor-section elementor-top-section elementor-element elementor-element-0182c20 elementor-section-content-middle elementor-section-boxed elementor-section-height-default elementor-section-height-default parallax_section_no qode_elementor_container_no\" data-id=\"0182c20\" data-element_type=\"section\">\n\t\t\t\t\t\t<div class=\"elementor-container elementor-column-gap-no\">\n\t\t\t\t\t<div class=\"elementor-column elementor-col-100 elementor-top-column elementor-element elementor-element-f85ac67\" data-id=\"f85ac67\" data-element_type=\"column\">\n\t\t\t<div class=\"elementor-widget-wrap elementor-element-populated\">\n\t\t\t\t\t\t<div class=\"elementor-element elementor-element-a3ba493 guide-breardcrumb elementor-widget elementor-widget-text-editor\" data-id=\"a3ba493\" data-element_type=\"widget\" data-widget_type=\"text-editor.default\">\n\t\t\t\t<div class=\"elementor-widget-container\">\n\t\t\t\t\t\t\t<p><a href=\"https:\/\/www.lovingmemorials.com\/fi\/\">Koti<\/a>&gt;&gt; <a href=\"https:\/\/www.lovingmemorials.com\/fi\/opas\/\">Muistomerkkisivustojen opas<\/a> &gt;&gt;<\/p>\t\t\t\t\t\t<\/div>\n\t\t\t\t<\/div>\n\t\t\t\t<div class=\"elementor-element elementor-element-fff4700 page-header elementor-widget elementor-widget-heading\" data-id=\"fff4700\" data-element_type=\"widget\" data-widget_type=\"heading.default\">\n\t\t\t\t<div class=\"elementor-widget-container\">\n\t\t\t<h1 class=\"elementor-heading-title elementor-size-default\">Rakkaallesi keskittyv\u00e4 muistomerkki<\/h1>\t\t<\/div>\n\t\t\t\t<\/div>\n\t\t\t\t<section class=\"elementor-section elementor-inner-section elementor-element elementor-element-5c8432b elementor-section-content-middle container-shadow elementor-section-boxed elementor-section-height-default elementor-section-height-default parallax_section_no qode_elementor_container_no\" data-id=\"5c8432b\" data-element_type=\"section\" data-settings=\"{&quot;background_background&quot;:&quot;classic&quot;}\">\n\t\t\t\t\t\t<div class=\"elementor-container elementor-column-gap-no\">\n\t\t\t\t\t<div class=\"elementor-column elementor-col-100 elementor-inner-column elementor-element elementor-element-6155df8\" data-id=\"6155df8\" data-element_type=\"column\">\n\t\t\t<div class=\"elementor-widget-wrap elementor-element-populated\">\n\t\t\t\t\t\t<div class=\"elementor-element elementor-element-a9e2b32 elementor-widget elementor-widget-text-editor\" data-id=\"a9e2b32\" data-element_type=\"widget\" data-widget_type=\"text-editor.default\">\n\t\t\t\t<div class=\"elementor-widget-container\">\n\t\t\t\t\t\t\t<p><span style=\"font-weight: 400;\">Verkkomuistomerkin sankari on rakkaasi, ja muistomerkin on keskitytt\u00e4v\u00e4 t\u00e4ysin h\u00e4neen. Muistomerkki alkaa menett\u00e4\u00e4 t\u00e4m\u00e4n painopisteen, kun siin\u00e4 on mainoksia ja yrityksen br\u00e4nd\u00e4ys on liian n\u00e4kyv\u00e4.<\/span><\/p><h3><b>Mainokset ja linkit muistomerkin luomiseen toiselle<\/b><\/h3><p><span style=\"font-weight: 400;\">Mainokset ovat visuaalinen h\u00e4iri\u00f6tekij\u00e4 rakkaasi tarinassa. Ne luovat sotkua ja &#8221;melua&#8221;, jotka est\u00e4v\u00e4t t\u00e4rkeit\u00e4 asioita, joita kerrot rakkaastasi. Muistomerkin mainokset voivat olla bannerimainoksia, tekstimainoksia tai linkkej\u00e4 muistomerkin luomiseksi jollekin toiselle. <\/span><\/p><h3><b>Yrityksen br\u00e4nd\u00e4ys, joka on liian n\u00e4kyv\u00e4<\/b><\/h3><p>Muistomerkkisi tarjoavan verkkosivustopalvelun yrityksen logo saattaa olla liian n\u00e4kyv\u00e4sti esill\u00e4. Yrityksen linkit, kuten yrityksen sosiaalisen median tilit, voivat my\u00f6s n\u00e4ky\u00e4 rakkaasi muistomerkiss\u00e4.<\/p><p>Yrityksen logo ja muut yrityksen linkit eiv\u00e4t lis\u00e4\u00e4 muistomerkkiin mit\u00e4\u00e4n, ja ne voivat olla visuaalisia h\u00e4iri\u00f6tekij\u00f6it\u00e4 rakkaasi tarinassa ja samalla heikent\u00e4\u00e4 sen visuaalista vetovoimaa.<\/p><h3><b>Rakastava muistomerkki keskittyy rakkaasi<\/b><\/h3><p>Rakkaallesi t\u00e4ysin keskittynyt muistomerkki tuntuu rauhalliselta ja seesteiselt\u00e4.<\/p><p>Alla on kuvakaappaus Loving Memorial <a href=\"https:\/\/www.lovingmemorials.com\/m\/antonio-gomes\/112925\/\">-esimerkist\u00e4mme<\/a> . Rakastavassa muistomerkiss\u00e4 et n\u00e4e linkkej\u00e4 muistomerkin luomiseksi jollekin toiselle tai mainoksia, ja logomme on tuskin havaittavissa.<\/p><p><a href=\"https:\/\/www.lovingmemorials.com\/m\/antonio-gomes\/112925\/\" target=\"_blank\" rel=\"noopener\"><img fetchpriority=\"high\" decoding=\"async\" class=\"alignnone wp-image-9536 size-full\" src=\"https:\/\/www.lovingmemorials.com\/wp-content\/uploads\/2022\/01\/Loving-Memorials-Antonio-Gomes-Loving-Memorial-e1642443938302.png\" alt=\"Kuvan kotisivu rakastavista muistomerkeist\u00e4\" width=\"1024\" height=\"693\"><\/a><\/p>\t\t\t\t\t\t<\/div>\n\t\t\t\t<\/div>\n\t\t\t\t<div class=\"elementor-element elementor-element-a2aaf84 elementor-widget__width-initial elementor-widget-mobile__width-inherit elementor-widget elementor-widget-image\" data-id=\"a2aaf84\" data-element_type=\"widget\" data-widget_type=\"image.default\">\n\t\t\t\t<div class=\"elementor-widget-container\">\n\t\t\t\t\t\t\t\t\t\t\t\t\t\t<a href=\"https:\/\/www.lovingmemorials.com\/wp-content\/uploads\/2022\/01\/Loving-Memorials-Antonio-Gomes-Loving-Memorial-Heart-e1642445682611.png\" data-elementor-open-lightbox=\"yes\" data-elementor-lightbox-title=\"Loving Memorials Antonio Gomes Loving Memorial Heart\" data-e-action-hash=\"#elementor-action%3Aaction%3Dlightbox%26settings%3DeyJpZCI6OTU3MiwidXJsIjoiaHR0cHM6XC9cL3d3dy5sb3ZpbmdtZW1vcmlhbHMuY29tXC93cC1jb250ZW50XC91cGxvYWRzXC8yMDIyXC8wMVwvTG92aW5nLU1lbW9yaWFscy1BbnRvbmlvLUdvbWVzLUxvdmluZy1NZW1vcmlhbC1IZWFydC1lMTY0MjQ0NTY4MjYxMS5wbmcifQ%3D%3D\">\n\t\t\t\t\t\t\t<img decoding=\"async\" width=\"600\" height=\"620\" src=\"https:\/\/www.lovingmemorials.com\/wp-content\/uploads\/2022\/01\/Loving-Memorials-Antonio-Gomes-Loving-Memorial-Heart-e1642445682611.png\" class=\"attachment-full size-full wp-image-9572\" alt=\"Puolikuvan kotisivu rakastavista muistomerkeist\u00e4\" \/>\t\t\t\t\t\t\t\t<\/a>\n\t\t\t\t\t\t\t\t\t\t\t\t\t<\/div>\n\t\t\t\t<\/div>\n\t\t\t\t<div class=\"elementor-element elementor-element-93e206d elementor-widget__width-initial elementor-widget-mobile__width-inherit elementor-widget elementor-widget-text-editor\" data-id=\"93e206d\" data-element_type=\"widget\" data-widget_type=\"text-editor.default\">\n\t\t\t\t<div class=\"elementor-widget-container\">\n\t\t\t\t\t\t\t<p>Loving Memorialissa, jossa logo normaalisti esiintyisi, n\u00e4yt\u00e4mme vain logomme syd\u00e4nosan ilman kirjaimia. Syd\u00e4n antaa muistomerkille l\u00e4mp\u00f6\u00e4 olematta tunnistettavissa logoksi.<\/p><p>Loving Memorialsissa br\u00e4ndimme ei ole tarinan sankari, vaan rakkaasi on tarinan sankari.<\/p>\t\t\t\t\t\t<\/div>\n\t\t\t\t<\/div>\n\t\t\t\t\t<\/div>\n\t\t<\/div>\n\t\t\t\t\t<\/div>\n\t\t<\/section>\n\t\t\t\t\t<\/div>\n\t\t<\/div>\n\t\t\t\t\t<\/div>\n\t\t<\/section>\n\t\t\t\t<\/div>\n\t\t","protected":false},"excerpt":{"rendered":"<p>Koti&gt;&gt; Muistomerkkisivustojen opas &gt;&gt; Rakkaallesi keskittyv\u00e4 muistomerkki Verkkomuistomerkin sankari on rakkaasi, ja muistomerkin on keskitytt\u00e4v\u00e4 t\u00e4ysin h\u00e4neen. Muistomerkki alkaa menett\u00e4\u00e4 t\u00e4m\u00e4n painopisteen, kun siin\u00e4 on mainoksia ja yrityksen br\u00e4nd\u00e4ys on liian n\u00e4kyv\u00e4. Mainokset ja linkit muistomerkin luomiseen toiselle Mainokset ovat visuaalinen h\u00e4iri\u00f6tekij\u00e4 rakkaasi tarinassa. Ne&#8230;<\/p>\n","protected":false},"author":6,"featured_media":0,"parent":15362,"menu_order":0,"comment_status":"closed","ping_status":"closed","template":"","meta":{"footnotes":""},"class_list":["post-15640","page","type-page","status-publish","hentry"],"_links":{"self":[{"href":"https:\/\/www.lovingmemorials.com\/fi\/wp-json\/wp\/v2\/pages\/15640","targetHints":{"allow":["GET"]}}],"collection":[{"href":"https:\/\/www.lovingmemorials.com\/fi\/wp-json\/wp\/v2\/pages"}],"about":[{"href":"https:\/\/www.lovingmemorials.com\/fi\/wp-json\/wp\/v2\/types\/page"}],"author":[{"embeddable":true,"href":"https:\/\/www.lovingmemorials.com\/fi\/wp-json\/wp\/v2\/users\/6"}],"replies":[{"embeddable":true,"href":"https:\/\/www.lovingmemorials.com\/fi\/wp-json\/wp\/v2\/comments?post=15640"}],"version-history":[{"count":5,"href":"https:\/\/www.lovingmemorials.com\/fi\/wp-json\/wp\/v2\/pages\/15640\/revisions"}],"predecessor-version":[{"id":18547,"href":"https:\/\/www.lovingmemorials.com\/fi\/wp-json\/wp\/v2\/pages\/15640\/revisions\/18547"}],"up":[{"embeddable":true,"href":"https:\/\/www.lovingmemorials.com\/fi\/wp-json\/wp\/v2\/pages\/15362"}],"wp:attachment":[{"href":"https:\/\/www.lovingmemorials.com\/fi\/wp-json\/wp\/v2\/media?parent=15640"}],"curies":[{"name":"wp","href":"https:\/\/api.w.org\/{rel}","templated":true}]}}