{"id":15808,"date":"2022-02-16T20:28:17","date_gmt":"2022-02-16T20:28:17","guid":{"rendered":"https:\/\/www.lovingmemorials.com\/opas-online-muistomerkkeihin\/mika-on-online-muistomerkki\/"},"modified":"2022-02-27T00:07:55","modified_gmt":"2022-02-27T00:07:55","slug":"mika-on-online-muistomerkki","status":"publish","type":"page","link":"https:\/\/www.lovingmemorials.com\/fi\/opas\/mika-on-online-muistomerkki\/","title":{"rendered":"Mik\u00e4 on online-muistomerkki?"},"content":{"rendered":"\t\t<div data-elementor-type=\"wp-page\" data-elementor-id=\"15808\" class=\"elementor elementor-15808\" data-elementor-post-type=\"page\">\n\t\t\t\t\t\t<section class=\"elementor-section elementor-top-section elementor-element elementor-element-0182c20 elementor-section-content-middle elementor-section-boxed elementor-section-height-default elementor-section-height-default parallax_section_no qode_elementor_container_no\" data-id=\"0182c20\" data-element_type=\"section\">\n\t\t\t\t\t\t<div class=\"elementor-container elementor-column-gap-no\">\n\t\t\t\t\t<div class=\"elementor-column elementor-col-100 elementor-top-column elementor-element elementor-element-f85ac67\" data-id=\"f85ac67\" data-element_type=\"column\">\n\t\t\t<div class=\"elementor-widget-wrap elementor-element-populated\">\n\t\t\t\t\t\t<div class=\"elementor-element elementor-element-a3ba493 guide-breardcrumb elementor-widget elementor-widget-text-editor\" data-id=\"a3ba493\" data-element_type=\"widget\" data-widget_type=\"text-editor.default\">\n\t\t\t\t<div class=\"elementor-widget-container\">\n\t\t\t\t\t\t\t<p><a href=\"https:\/\/www.lovingmemorials.com\/fi\/\">Koti<\/a>&gt;&gt; <a href=\"https:\/\/www.lovingmemorials.com\/fi\/opas\/\">Muistomerkkisivustojen opas<\/a> &gt;&gt;<\/p>\t\t\t\t\t\t<\/div>\n\t\t\t\t<\/div>\n\t\t\t\t<div class=\"elementor-element elementor-element-fff4700 page-header elementor-widget elementor-widget-heading\" data-id=\"fff4700\" data-element_type=\"widget\" data-widget_type=\"heading.default\">\n\t\t\t\t<div class=\"elementor-widget-container\">\n\t\t\t<h1 class=\"elementor-heading-title elementor-size-default\">Mik\u00e4 on online-muistomerkki?\n<\/h1>\t\t<\/div>\n\t\t\t\t<\/div>\n\t\t\t\t<section class=\"elementor-section elementor-inner-section elementor-element elementor-element-5c8432b elementor-section-content-middle container-shadow elementor-section-boxed elementor-section-height-default elementor-section-height-default parallax_section_no qode_elementor_container_no\" data-id=\"5c8432b\" data-element_type=\"section\" data-settings=\"{&quot;background_background&quot;:&quot;classic&quot;}\">\n\t\t\t\t\t\t<div class=\"elementor-container elementor-column-gap-no\">\n\t\t\t\t\t<div class=\"elementor-column elementor-col-100 elementor-inner-column elementor-element elementor-element-6155df8\" data-id=\"6155df8\" data-element_type=\"column\">\n\t\t\t<div class=\"elementor-widget-wrap elementor-element-populated\">\n\t\t\t\t\t\t<div class=\"elementor-element elementor-element-cf3f708 elementor-widget elementor-widget-text-editor\" data-id=\"cf3f708\" data-element_type=\"widget\" data-widget_type=\"text-editor.default\">\n\t\t\t\t<div class=\"elementor-widget-container\">\n\t\t\t\t\t\t\t<p>Verkkomuistomerkki on paikka verkossa, jossa el\u00e4v\u00e4t muistelevat ja juhlivat vainajan tai lemmikin el\u00e4m\u00e4\u00e4, jotta he eiv\u00e4t unohdu.<\/p><p>Paikka verkossa tarkoittaa, ett\u00e4 se voi olla omistettu muistosivusto, yksitt\u00e4inen sivu tai sosiaalisen median sivuja <a href=\"https:\/\/www.facebook.com\/help\/275013292838654\">, kuten muistomerkki Facebook-tili<\/a> . Muistomerkkisivustoja kutsutaan joskus virtuaalisiksi muistomerkeiksi tai digitaalisiksi muistomerkeiksi.<\/p><p>Muistomerkkisivuston tarkoituksena on antaa vainajan tunteneiden muistella, surra, parantaa, jakaa ja juhlia el\u00e4m\u00e4\u00e4ns\u00e4.<\/p><p>Muistomerkkisivuston yhteis\u00f6llinen puoli on eritt\u00e4in t\u00e4rke\u00e4, sill\u00e4 yhteys on avaintekij\u00e4. Online-muistomerkin pit\u00e4isi antaa vierailijoille mahdollisuus allekirjoittaa vieraskirja ja sytytt\u00e4\u00e4 kynttil\u00e4n tai lis\u00e4t\u00e4 kukkia. Perhe ja yst\u00e4v\u00e4t voivat my\u00f6s lis\u00e4t\u00e4 kuvia ja videoita edist\u00e4\u00e4kseen muistomerkki\u00e4.<\/p><p>Muistomerkkisivustoa yll\u00e4pit\u00e4v\u00e4t vainajan l\u00e4heiset. Rakkaat, jotka yll\u00e4pit\u00e4v\u00e4t muistomerkki\u00e4, ovat yleens\u00e4 l\u00e4hisukulaisia, mutta he voivat olla sukulaisia, yst\u00e4vi\u00e4, ty\u00f6tovereita ja ty\u00f6tovereita.<\/p><p>Koska muistomerkki on verkossa, sen etuna on helppo olla yhteis\u00f6llinen ja vierailla miss\u00e4 tahansa. Muistomerkin verkkon\u00e4k\u00f6kulma mahdollistaa my\u00f6s muistomerkin olevan aktiivinen ja n\u00e4kyv\u00e4 tuleville sukupolville.<\/p>\t\t\t\t\t\t<\/div>\n\t\t\t\t<\/div>\n\t\t\t\t\t<\/div>\n\t\t<\/div>\n\t\t\t\t\t<\/div>\n\t\t<\/section>\n\t\t\t\t\t<\/div>\n\t\t<\/div>\n\t\t\t\t\t<\/div>\n\t\t<\/section>\n\t\t\t\t<\/div>\n\t\t","protected":false},"excerpt":{"rendered":"<p>Koti&gt;&gt; Muistomerkkisivustojen opas &gt;&gt; Mik\u00e4 on online-muistomerkki? Verkkomuistomerkki on paikka verkossa, jossa el\u00e4v\u00e4t muistelevat ja juhlivat vainajan tai lemmikin el\u00e4m\u00e4\u00e4, jotta he eiv\u00e4t unohdu. Paikka verkossa tarkoittaa, ett\u00e4 se voi olla omistettu muistosivusto, yksitt\u00e4inen sivu tai sosiaalisen median sivuja , kuten muistomerkki Facebook-tili . Muistomerkkisivustoja&#8230;<\/p>\n","protected":false},"author":6,"featured_media":0,"parent":15362,"menu_order":0,"comment_status":"closed","ping_status":"closed","template":"","meta":{"footnotes":""},"class_list":["post-15808","page","type-page","status-publish","hentry"],"_links":{"self":[{"href":"https:\/\/www.lovingmemorials.com\/fi\/wp-json\/wp\/v2\/pages\/15808","targetHints":{"allow":["GET"]}}],"collection":[{"href":"https:\/\/www.lovingmemorials.com\/fi\/wp-json\/wp\/v2\/pages"}],"about":[{"href":"https:\/\/www.lovingmemorials.com\/fi\/wp-json\/wp\/v2\/types\/page"}],"author":[{"embeddable":true,"href":"https:\/\/www.lovingmemorials.com\/fi\/wp-json\/wp\/v2\/users\/6"}],"replies":[{"embeddable":true,"href":"https:\/\/www.lovingmemorials.com\/fi\/wp-json\/wp\/v2\/comments?post=15808"}],"version-history":[{"count":3,"href":"https:\/\/www.lovingmemorials.com\/fi\/wp-json\/wp\/v2\/pages\/15808\/revisions"}],"predecessor-version":[{"id":18548,"href":"https:\/\/www.lovingmemorials.com\/fi\/wp-json\/wp\/v2\/pages\/15808\/revisions\/18548"}],"up":[{"embeddable":true,"href":"https:\/\/www.lovingmemorials.com\/fi\/wp-json\/wp\/v2\/pages\/15362"}],"wp:attachment":[{"href":"https:\/\/www.lovingmemorials.com\/fi\/wp-json\/wp\/v2\/media?parent=15808"}],"curies":[{"name":"wp","href":"https:\/\/api.w.org\/{rel}","templated":true}]}}