{"id":15868,"date":"2022-02-16T20:30:23","date_gmt":"2022-02-16T20:30:23","guid":{"rendered":"https:\/\/www.lovingmemorials.com\/opas-online-muistomerkkeihin\/ero-online-muistokirjoituksen-ja-online-muistomerkin-valilla\/"},"modified":"2022-02-26T23:41:40","modified_gmt":"2022-02-26T23:41:40","slug":"ero-muistokirjoituksen-valilla","status":"publish","type":"page","link":"https:\/\/www.lovingmemorials.com\/fi\/opas\/ero-muistokirjoituksen-valilla\/","title":{"rendered":"Ero online-muistokirjoituksen ja online-muistomerkin v\u00e4lill\u00e4"},"content":{"rendered":"\t\t<div data-elementor-type=\"wp-page\" data-elementor-id=\"15868\" class=\"elementor elementor-15868\" data-elementor-post-type=\"page\">\n\t\t\t\t\t\t<section class=\"elementor-section elementor-top-section elementor-element elementor-element-0182c20 elementor-section-content-middle elementor-section-boxed elementor-section-height-default elementor-section-height-default parallax_section_no qode_elementor_container_no\" data-id=\"0182c20\" data-element_type=\"section\">\n\t\t\t\t\t\t<div class=\"elementor-container elementor-column-gap-no\">\n\t\t\t\t\t<div class=\"elementor-column elementor-col-100 elementor-top-column elementor-element elementor-element-f85ac67\" data-id=\"f85ac67\" data-element_type=\"column\">\n\t\t\t<div class=\"elementor-widget-wrap elementor-element-populated\">\n\t\t\t\t\t\t<div class=\"elementor-element elementor-element-a3ba493 guide-breardcrumb elementor-widget elementor-widget-text-editor\" data-id=\"a3ba493\" data-element_type=\"widget\" data-widget_type=\"text-editor.default\">\n\t\t\t\t<div class=\"elementor-widget-container\">\n\t\t\t\t\t\t\t<p><a href=\"https:\/\/www.lovingmemorials.com\/fi\/\">Koti<\/a>&gt;&gt; <a href=\"https:\/\/www.lovingmemorials.com\/fi\/opas\/\">Muistomerkkisivustojen opas<\/a> &gt;&gt;<\/p>\t\t\t\t\t\t<\/div>\n\t\t\t\t<\/div>\n\t\t\t\t<div class=\"elementor-element elementor-element-fff4700 page-header elementor-widget elementor-widget-heading\" data-id=\"fff4700\" data-element_type=\"widget\" data-widget_type=\"heading.default\">\n\t\t\t\t<div class=\"elementor-widget-container\">\n\t\t\t<h1 class=\"elementor-heading-title elementor-size-default\">Ero online-muistokirjoituksen ja muistomerkin v\u00e4lill\u00e4\n<\/h1>\t\t<\/div>\n\t\t\t\t<\/div>\n\t\t\t\t<section class=\"elementor-section elementor-inner-section elementor-element elementor-element-5c8432b elementor-section-content-middle container-shadow elementor-section-boxed elementor-section-height-default elementor-section-height-default parallax_section_no qode_elementor_container_no\" data-id=\"5c8432b\" data-element_type=\"section\" data-settings=\"{&quot;background_background&quot;:&quot;classic&quot;}\">\n\t\t\t\t\t\t<div class=\"elementor-container elementor-column-gap-no\">\n\t\t\t\t\t<div class=\"elementor-column elementor-col-100 elementor-inner-column elementor-element elementor-element-6155df8\" data-id=\"6155df8\" data-element_type=\"column\">\n\t\t\t<div class=\"elementor-widget-wrap elementor-element-populated\">\n\t\t\t\t\t\t<div class=\"elementor-element elementor-element-cf3f708 elementor-widget elementor-widget-text-editor\" data-id=\"cf3f708\" data-element_type=\"widget\" data-widget_type=\"text-editor.default\">\n\t\t\t\t<div class=\"elementor-widget-container\">\n\t\t\t\t\t\t\t<p><span style=\"font-weight: 400;\">Muistokirjoitus ilmoittaa henkil\u00f6n kuolemasta, verkossa oleva muistomerkki muistelee el\u00e4m\u00e4\u00e4.<\/span><\/p><h3>Muistokirjoitukset verkossa<\/h3><p>Verkkomuistokirjoitus julkaistaan yleens\u00e4 hautaustoimiston verkkosivuilla tai sanomalehdess\u00e4. Se auttaa ilmoittamaan vainajan poismenosta ja se tarjoaa tietoja pidetyist\u00e4 jumalanpalveluksista, kuten vierailuista, jumalanpalveluksista ja hautajaisista.<\/p><p>Verkkomuistokirjoituksessa on yleiskatsaus vainajan el\u00e4m\u00e4st\u00e4 sek\u00e4 luettelo perheest\u00e4 ja l\u00e4hisukulaisista. Se voi sis\u00e4lt\u00e4\u00e4 kuolemansyyn, kuvia, videoita ja suoritettavia palveluita.<\/p><p>Usein ihmiset voivat j\u00e4tt\u00e4\u00e4 surunvalitteluja tai viestej\u00e4 vieraskirjaan sek\u00e4 tavan l\u00e4hett\u00e4\u00e4 kukkia palveluille.<\/p><p>Verkkomuistokirjoitukset ovat aina julkisia ja niit\u00e4 voi katsoa hautaustoimiston verkkosivuilla tai sanomalehdess\u00e4.<\/p><p>Aika, jonka online-muistokirjoitus pysyy esill\u00e4, riippuu hautaustoimistosta tai sanomalehdest\u00e4.<\/p><h3>Online muistomerkit<\/h3><p>Verkossa oleva muistomerkkisivusto tai -sivu on suunnattu vainajan muistamiseen, juhlimiseen ja kunnioittamiseen.<\/p><p>Se sis\u00e4lt\u00e4\u00e4 kuvia, videoita ja muistoja. <\/p><p>Se voi sis\u00e4lt\u00e4\u00e4 tietoja vainajan perheest\u00e4, harrastuksista, kiinnostuksen kohteista ja yhdistyksist\u00e4, joihin he kuuluivat, sek\u00e4 tietoja syntym\u00e4st\u00e4.<\/p><p>Perhe tai yst\u00e4v\u00e4, joka luo muistomerkin, jakaa sen muiden kanssa ja antaa heid\u00e4n lis\u00e4t\u00e4 sit\u00e4. Verkkomuistomerkit sis\u00e4lt\u00e4v\u00e4t yleens\u00e4 vieraskirjan, jossa vierailijat voivat jakaa ajatuksiaan, muistoja, valokuvia ja videoita.<\/p><p>Online-muistomerkkisivustolla voit yleens\u00e4 p\u00e4\u00e4tt\u00e4\u00e4, haluatko sen olevan yksityinen vai antaako se kenenk\u00e4\u00e4n n\u00e4hd\u00e4.<\/p><p>Paras syy online-muistomerkille on varmistaa, ett\u00e4 menehtynyt henkil\u00f6 muistetaan aina.<\/p>\t\t\t\t\t\t<\/div>\n\t\t\t\t<\/div>\n\t\t\t\t\t<\/div>\n\t\t<\/div>\n\t\t\t\t\t<\/div>\n\t\t<\/section>\n\t\t\t\t\t<\/div>\n\t\t<\/div>\n\t\t\t\t\t<\/div>\n\t\t<\/section>\n\t\t\t\t<\/div>\n\t\t","protected":false},"excerpt":{"rendered":"<p>Koti&gt;&gt; Muistomerkkisivustojen opas &gt;&gt; Ero online-muistokirjoituksen ja muistomerkin v\u00e4lill\u00e4 Muistokirjoitus ilmoittaa henkil\u00f6n kuolemasta, verkossa oleva muistomerkki muistelee el\u00e4m\u00e4\u00e4. Muistokirjoitukset verkossa Verkkomuistokirjoitus julkaistaan yleens\u00e4 hautaustoimiston verkkosivuilla tai sanomalehdess\u00e4. Se auttaa ilmoittamaan vainajan poismenosta ja se tarjoaa tietoja pidetyist\u00e4 jumalanpalveluksista, kuten vierailuista, jumalanpalveluksista ja hautajaisista. Verkkomuistokirjoituksessa on&#8230;<\/p>\n","protected":false},"author":6,"featured_media":0,"parent":15362,"menu_order":0,"comment_status":"closed","ping_status":"closed","template":"","meta":{"footnotes":""},"class_list":["post-15868","page","type-page","status-publish","hentry"],"_links":{"self":[{"href":"https:\/\/www.lovingmemorials.com\/fi\/wp-json\/wp\/v2\/pages\/15868","targetHints":{"allow":["GET"]}}],"collection":[{"href":"https:\/\/www.lovingmemorials.com\/fi\/wp-json\/wp\/v2\/pages"}],"about":[{"href":"https:\/\/www.lovingmemorials.com\/fi\/wp-json\/wp\/v2\/types\/page"}],"author":[{"embeddable":true,"href":"https:\/\/www.lovingmemorials.com\/fi\/wp-json\/wp\/v2\/users\/6"}],"replies":[{"embeddable":true,"href":"https:\/\/www.lovingmemorials.com\/fi\/wp-json\/wp\/v2\/comments?post=15868"}],"version-history":[{"count":3,"href":"https:\/\/www.lovingmemorials.com\/fi\/wp-json\/wp\/v2\/pages\/15868\/revisions"}],"predecessor-version":[{"id":18546,"href":"https:\/\/www.lovingmemorials.com\/fi\/wp-json\/wp\/v2\/pages\/15868\/revisions\/18546"}],"up":[{"embeddable":true,"href":"https:\/\/www.lovingmemorials.com\/fi\/wp-json\/wp\/v2\/pages\/15362"}],"wp:attachment":[{"href":"https:\/\/www.lovingmemorials.com\/fi\/wp-json\/wp\/v2\/media?parent=15868"}],"curies":[{"name":"wp","href":"https:\/\/api.w.org\/{rel}","templated":true}]}}