{"id":15918,"date":"2022-02-16T20:46:33","date_gmt":"2022-02-16T20:46:33","guid":{"rendered":"https:\/\/www.lovingmemorials.com\/tietosuojakaytanto\/"},"modified":"2022-04-28T16:59:29","modified_gmt":"2022-04-28T16:59:29","slug":"yksityisyytta","status":"publish","type":"page","link":"https:\/\/www.lovingmemorials.com\/fi\/yksityisyytta\/","title":{"rendered":"Tietosuojak\u00e4yt\u00e4nt\u00f6"},"content":{"rendered":"\t\t<div data-elementor-type=\"wp-page\" data-elementor-id=\"15918\" class=\"elementor elementor-15918\" data-elementor-post-type=\"page\">\n\t\t\t\t\t\t<section class=\"elementor-section elementor-top-section elementor-element elementor-element-0182c20 elementor-section-content-middle page-header elementor-section-boxed elementor-section-height-default elementor-section-height-default parallax_section_no qode_elementor_container_no\" data-id=\"0182c20\" data-element_type=\"section\">\n\t\t\t\t\t\t<div class=\"elementor-container elementor-column-gap-no\">\n\t\t\t\t\t<div class=\"elementor-column elementor-col-100 elementor-top-column elementor-element elementor-element-f85ac67\" data-id=\"f85ac67\" data-element_type=\"column\">\n\t\t\t<div class=\"elementor-widget-wrap elementor-element-populated\">\n\t\t\t\t\t\t<div class=\"elementor-element elementor-element-fff4700 elementor-widget elementor-widget-heading\" data-id=\"fff4700\" data-element_type=\"widget\" data-widget_type=\"heading.default\">\n\t\t\t\t<div class=\"elementor-widget-container\">\n\t\t\t<h1 class=\"elementor-heading-title elementor-size-default\">Tietosuojak\u00e4yt\u00e4nt\u00f6<\/h1>\t\t<\/div>\n\t\t\t\t<\/div>\n\t\t\t\t<section class=\"elementor-section elementor-inner-section elementor-element elementor-element-5c8432b elementor-section-content-middle container-shadow elementor-section-boxed elementor-section-height-default elementor-section-height-default parallax_section_no qode_elementor_container_no\" data-id=\"5c8432b\" data-element_type=\"section\" data-settings=\"{&quot;background_background&quot;:&quot;classic&quot;}\">\n\t\t\t\t\t\t<div class=\"elementor-container elementor-column-gap-no\">\n\t\t\t\t\t<div class=\"elementor-column elementor-col-100 elementor-inner-column elementor-element elementor-element-6155df8\" data-id=\"6155df8\" data-element_type=\"column\">\n\t\t\t<div class=\"elementor-widget-wrap elementor-element-populated\">\n\t\t\t\t\t\t<div class=\"elementor-element elementor-element-a9e2b32 elementor-widget elementor-widget-text-editor\" data-id=\"a9e2b32\" data-element_type=\"widget\" data-widget_type=\"text-editor.default\">\n\t\t\t\t<div class=\"elementor-widget-container\">\n\t\t\t\t\t\t\t<p>T\u00e4m\u00e4 tietosuojak\u00e4yt\u00e4nt\u00f6 selitt\u00e4\u00e4:<\/p><ul><li>mit\u00e4 tietoja ker\u00e4\u00e4mme<\/li><li>miksi ker\u00e4\u00e4mme sit\u00e4<\/li><li>kuinka k\u00e4yt\u00e4mme sit\u00e4<\/li><li>valinnat, joita sinulla on<\/li><\/ul><h3>Tietojen ker\u00e4\u00e4minen<\/h3><ul><li>Tiedot, jotka annat meille<ul><li>K\u00e4ytt\u00e4m\u00e4ll\u00e4 Loving Memorials -palvelua, sinun on annettava meille henkil\u00f6kohtaisia tietoja ja rakkaasi tiedot (&#8221;rakastettusi&#8221; on henkil\u00f6 tai lemmikki, jolle luot rakastavan muistomerkin)<\/li><\/ul><\/li><\/ul><ul><li style=\"list-style-type: none;\"><ul><li>Henkil\u00f6kohtaiset tietosi<ul><li>nimesi, s\u00e4hk\u00f6postiosoitteesi, maksutietosi, suhteesi vainajaan, jolle rakastava muistomerkki on luotu, kieli, jolla rakastava muistomerkkisi on<\/li><\/ul><\/li><\/ul><\/li><\/ul><ul><li style=\"list-style-type: none;\"><ul><li>Rakkaasi tiedot<ul><li>&#8221;Rakastettusi&#8221; on henkil\u00f6 tai lemmikki, jolle luot rakastavan muistomerkin<\/li><li>Rakkaasi tiedot voivat sis\u00e4lt\u00e4\u00e4 tietoja h\u00e4nen syntym\u00e4st\u00e4\u00e4n ja kuolemastaan, paikasta, jossa he asuivat, heid\u00e4n perhesuhteensa muihin ihmisiin, tuntemiinsa ihmisiin, heid\u00e4n el\u00e4m\u00e4ntarinansa, kuvia, videoita, musiikkia, muistoja, tarinoita, vieraskirjamerkint\u00f6j\u00e4<\/li><\/ul><\/li><\/ul><\/li><\/ul><ul><li>Tiedot vierailijoilta<ul><li>Vierailijat voivat my\u00f6s tarjota tietoja rakkaasi muistomerkille, kuten kuvia, videoita, tarinoita, muistoja ja vieraskirjamerkint\u00f6j\u00e4<\/li><\/ul><\/li><li>Tiedot kumppaneilta<ul><li>Ker\u00e4\u00e4mme tietoja muilta yrityksilt\u00e4, joiden kanssa sin\u00e4 tai joku, joka tunsi rakkaasi, oli suhteessa<\/li><li>Esimerkiksi hautaustoimisto on saattanut toimittaa muistokirjoituksen rakkaallesi, ja t\u00e4m\u00e4 muistokirjoitus oli perusta Loving Memorialissa k\u00e4ytetyille tiedoille<\/li><li>N\u00e4m\u00e4 kumppaneiltamme saadut tiedot voivat sis\u00e4lt\u00e4\u00e4 kaikki tiedot &#8221;Rakkaasi tiedoista&#8221;<\/li><li>Kumppanuuksiimme voivat kuulua hautaustoimistot, hautausalan ohjelmistotoimittajat tai itsen\u00e4iset verkkosivustot<\/li><\/ul><\/li><li>Ker\u00e4\u00e4mme tiedot automaattisesti<ul><li>Ker\u00e4\u00e4mme automaattisesti tietoja sinusta k\u00e4ytt\u00e4m\u00e4ll\u00e4 Loving Memorial -palvelua, kuten:<ul><li>toimintasi Loving Memorial -verkkosivustolla ja Rakkaasi muistomerkki<\/li><li>vuorovaikutustasi verkkosivustomme ja ominaisuuksiemme kanssa, mukaan lukien sivujen katselukerrat ja muut vakiotiedot verkkopalvelimen lokeista ja verkkosivustojen analytiikkaty\u00f6kaluista<\/li><li>laitetunnisteet ja k\u00e4ytt\u00e4m\u00e4si henkil\u00f6kohtaisen tietokoneen tai mobiililaitteen tyyppi<\/li><li>Internet-selaimen tyyppi<\/li><li>verkkotietosi ja IP-osoitteesi<\/li><li>Internet-palveluntarjoajaltasi<\/li><li>verkkosivusto, joka ohjasi sinut meille, mukaan lukien mainonta, jonka kanssa olit vuorovaikutuksessa, ja hakukyselyt<\/li><li>vuorovaikutuksesi asiakaspalvelumme kanssa, kuten tuen p\u00e4iv\u00e4m\u00e4\u00e4r\u00e4, kellonaika ja syy sek\u00e4 s\u00e4hk\u00f6postin, tekstin ja puhelokien kautta tapahtuneiden viestien transkriptiot<\/li><li>ev\u00e4steiden ja muiden tekniikoiden avulla ker\u00e4tyt tiedot, jotka sis\u00e4lt\u00e4v\u00e4t mainostietoja<\/li><\/ul><\/li><\/ul><\/li><\/ul><h3>Miksi ker\u00e4\u00e4mme tietoja<\/h3><p>Ker\u00e4\u00e4mme tietoja useista syist\u00e4, kuten:<\/p><ul><li>tarjota, analysoida ja parantaa palveluamme<\/li><li>voidaksemme k\u00e4sitell\u00e4 rekister\u00f6itymisesi ja ottaa maksut sinulta<\/li><li>voidaksemme auttaa sinua mahdollisissa teknisiss\u00e4 ongelmissa<\/li><li>pit\u00e4\u00e4ksemme palvelumme turvassa, ilman petoksia ja toiminnassa<\/li><li>auttaaksemme varmistamaan, ett\u00e4 k\u00e4ytt\u00f6ehtojamme noudatetaan<\/li><li>tehd\u00e4 yhteisty\u00f6t\u00e4 kumppaneiden kanssa, jotta voimme tarjota palvelumme sinulle<\/li><li>est\u00e4\u00e4 ja havaita laitonta toimintaa<\/li><li>kommunikoidaksemme kanssasi palvelustamme, mukaan lukien tiedottaaksemme sinulle uusista ominaisuuksista, tarjouksista ja kampanjoista<\/li><\/ul><h3>Tietojen paljastaminen<\/h3><p>Saatamme luovuttaa tietojasi tiettyihin tarkoituksiin ja kolmansille osapuolille seuraavasti:<\/p><ul><li>Palveluntarjoajat<ul><li>k\u00e4yt\u00e4mme muita yrityksi\u00e4, edustajia ja urakoitsijoita auttamaan meit\u00e4 tarjoamaan palveluita sinulle<\/li><li>voimme k\u00e4ytt\u00e4\u00e4 Palveluntarjoajia IT-palveluihin, maksamiseen ja laskutukseen, asiakaspalveluun, viestint\u00e4\u00e4n, markkinointiin, mainontaan, tietoturvaan, kyselyihin<\/li><li>Palveluntarjoajat voivat p\u00e4\u00e4st\u00e4 k\u00e4siksi henkil\u00f6tietoihisi tai rakkaasi henkil\u00f6kohtaisiin tietoihin<\/li><li>Palveluntarjoajat eiv\u00e4t saa k\u00e4ytt\u00e4\u00e4 tai paljastaa n\u00e4it\u00e4 tietoja, elleiv\u00e4t ne liity heid\u00e4n palvelujensa tarjoamiseen meille<\/li><\/ul><\/li><li>Yhteisty\u00f6kumppanit<ul><li>voimme jakaa tiettyj\u00e4 henkil\u00f6kohtaisia tietoja tai rakkaasi henkil\u00f6kohtaisia tietoja kumppaneidemme kanssa palvellaksemme sinua ja\/tai t\u00e4ytt\u00e4\u00e4ksemme kumppaneiden kanssa tekem\u00e4mme liikesopimukset<\/li><\/ul><\/li><li>Lakien noudattaminen<ul><li>voimme paljastaa henkil\u00f6tietojasi tai rakkaasi henkil\u00f6tietoja t\u00e4ytt\u00e4\u00e4ksemme ja noudattaaksemme sovellettavaa lakia, asetusta, oikeusprosessia, hallituksen pyynt\u00f6\u00e4 tai lainvalvontapyynt\u00f6\u00e4<\/li><\/ul><\/li><li>Sopimusten t\u00e4yt\u00e4nt\u00f6\u00f6npano ja turvallisuus<ul><li>voimme paljastaa henkil\u00f6tietojasi tai rakkaasi henkil\u00f6kohtaisia tietoja k\u00e4ytt\u00f6ehtojemme noudattamiseksi, laittoman toiminnan havaitsemiseksi tai est\u00e4miseksi, turvallisuus- tai teknisist\u00e4 syist\u00e4 sek\u00e4 suojautuaksemme kaikilta oikeuksille, omaisuudelle tai turvallisuudelle aiheutuvilta haitoilta lain edellytt\u00e4m\u00e4ll\u00e4 tai sallimalla tavalla.<\/li><\/ul><\/li><li>Liiketoiminnan siirrot<ul><li>Tarvittaessa yrityksemme sulautumisen tai myynnin tai omaisuuden siirron yhteydess\u00e4<\/li><li>Ilmoitamme sinulle, ennen kuin henkil\u00f6tietoihisi tai rakkaansa tietoihin sovelletaan erilaista tietosuojak\u00e4yt\u00e4nt\u00f6\u00e4<\/li><\/ul><\/li><\/ul><h3>Yksityisyyssuojasi<\/h3><ul><li>Rakkaasi tiedot ja tietosuojatyyppi<ul><li>Voit valita, mit\u00e4 tietoja jaat rakkaastasi ja miten ne jaetaan, ja sinun tulee ottaa t\u00e4m\u00e4 huomioon<\/li><li>Rakkaasi tiedot, jotka olet p\u00e4\u00e4tt\u00e4nyt jakaa, voit p\u00e4\u00e4tt\u00e4\u00e4, kuinka ne jaetaan m\u00e4\u00e4ritt\u00e4m\u00e4ll\u00e4 yksityisyyden tyyppi koko rakastavan muistomerkin tai osalle Rakasmuistomerkki\u00e4<\/li><li>Julkisen yksityisyyden tyyppi<ul><li>Voit asettaa Rakkauden muistomerkkisi tai osan rakastavan muistomerkin julkiseksi<\/li><li>Jos valitset Loving Memorial -tapahtumallesi Julkisen yksityisyyden tyypin, t\u00e4m\u00e4 tarkoittaa, ett\u00e4 n\u00e4yt\u00e4mme rakkaasi tiedot verkkosivustollamme kaikkien n\u00e4ht\u00e4ville, vaikka heill\u00e4 ei olisi tili\u00e4 meill\u00e4.<\/li><li>Julkiseksi nimetyn Loving Memorialin voi n\u00e4hd\u00e4, k\u00e4ytt\u00e4\u00e4, jakaa uudelleen tai ladata kuka tahansa, ja se voi tulla hakukoneiden, sosiaalisen median, muiden verkkosivustojen, API:iden ja offline-median saataville.<\/li><li>Sen lis\u00e4ksi, ett\u00e4 jaamme Rakkausmuistomerkki\u00e4, joka on julkinen verkkosivustollamme, voimme viitata Rakkausmuistomerkkiin ja k\u00e4ytt\u00e4\u00e4 sit\u00e4 markkinointi- ja promootiotoimissamme, mukaan lukien n\u00e4ytt\u00e4minen ja mainitseminen sosiaalisessa mediassa, muilla verkkosivustoilla ja offline-mediassa. Jos julkinen rakkausmuistomerkki my\u00f6hemmin m\u00e4\u00e4ritet\u00e4\u00e4n ei en\u00e4\u00e4 julkiseksi, mik\u00e4 tarkoittaa, ett\u00e4 p\u00e4\u00e4t\u00e4t tehd\u00e4 siit\u00e4 listaamattoman tai yksityisen, voit pyyt\u00e4\u00e4 meit\u00e4 lopettamaan sen k\u00e4yt\u00f6n. Kun olemme vastaanottaneet ja hyv\u00e4ksyneet pyynt\u00f6si, lopetamme sen k\u00e4yt\u00f6n jatkossa julkisesti. Emme kuitenkaan ole vastuussa aiempien viittausten poistamisesta rakastavaan muistomerkkiin, joka oli kerran nimetty julkiseksi ja johon olemme jo viitanneet.<\/li><\/ul><\/li><li>Listaamaton tietosuojatyyppi<ul><li>Jos kyseess\u00e4 on rakastava muistomerkki tai sen osa, jonka tietosuojatyyppi on listaamaton, sit\u00e4 voivat k\u00e4ytt\u00e4\u00e4 vain kuka tahansa, jolla on linkki Loving Memorialiin, emmek\u00e4 julkaise linkki\u00e4 julkisesti<\/li><li>Saat k\u00e4ytt\u00f6\u00f6si listaamattoman rakastavan muistomerkin linkin, ja sinun tulee harkita, kenelle jaat linkin, koska kuka tahansa, jolla on linkki, voi edelleen jakaa linkin Loving Memorialiin.<\/li><\/ul><\/li><\/ul><\/li><li>&#8221;Muista minut&#8221; -toiminto<ul><li>Voit valita, haluatko k\u00e4ytt\u00e4\u00e4 tai olla k\u00e4ytt\u00e4m\u00e4tt\u00e4 &#8221;Muista minut&#8221; -toimintoa, jonka avulla voit k\u00e4ytt\u00e4\u00e4 tili\u00e4si suoraan ilman, ett\u00e4 sinun tarvitsee kirjoittaa s\u00e4hk\u00f6postiosoitteesi ja salasanasi uudelleen joka kerta, kun vierailet verkkosivustollamme.<\/li><\/ul><\/li><\/ul><h3> <span style=\"font-size: 1.424rem; letter-spacing: 1px;\">Keksit<\/span><\/h3><ul><li>Ev\u00e4ste on pieni tekstinp\u00e4tk\u00e4, jonka vierailemasi verkkosivusto kirjoittaa selaimeesi<\/li><li>Ev\u00e4steit\u00e4 k\u00e4ytet\u00e4\u00e4n muistamaan tietoja vierailustasi suorituskyvyn, toiminnallisuuden, turvallisuuden, analytiikan ja mainonnan kannalta<\/li><li>Jotkut ev\u00e4steet ovat v\u00e4ltt\u00e4m\u00e4tt\u00f6mi\u00e4 palvelumme osissa, kuten kassalla ja sivuston perustoimintojen suorittamisessa<\/li><li>Saatamme my\u00f6s k\u00e4ytt\u00e4\u00e4 ev\u00e4steit\u00e4 muistaaksemme valintasi ja auttaaksemme sinua v\u00e4ltt\u00e4m\u00e4\u00e4n tietojen uudelleen kirjoittamista, esimerkiksi &#8221;Muista minut&#8221; -toiminnolla voit kirjautua sis\u00e4\u00e4n automaattisesti<\/li><li>Selaimesi avulla voit hallita ev\u00e4steit\u00e4si, mukaan lukien ev\u00e4stetietojen poistaminen ja ev\u00e4steiden hallinta sivustokohtaisesti<\/li><li>Katso selaimesi tukiosiosta ev\u00e4steiden hallinnasta<\/li><\/ul><h3>Yhteydenotto<\/h3><ul><li>Jos sinulla on kysytt\u00e4v\u00e4\u00e4 t\u00e4st\u00e4 tietosuojak\u00e4yt\u00e4nn\u00f6st\u00e4 tai henkil\u00f6tietojesi tai l\u00e4heisesi tietojen k\u00e4yt\u00f6st\u00e4, voit ottaa meihin yhteytt\u00e4<\/li><\/ul><h3>Muutokset t\u00e4h\u00e4n tietosuojak\u00e4yt\u00e4nt\u00f6\u00f6n<\/h3><ul><li>Muutamme t\u00e4t\u00e4 tietosuojak\u00e4yt\u00e4nt\u00f6\u00e4 aika ajoin<\/li><li>Ilmoitamme p\u00e4iv\u00e4m\u00e4\u00e4r\u00e4n, jolloin viimeiset muutokset on julkaistu<\/li><li>Jos jatkat palvelumme k\u00e4ytt\u00f6\u00e4 p\u00e4ivitysten voimaantulon j\u00e4lkeen, hyv\u00e4ksyt tai hyv\u00e4ksyt tietosuojak\u00e4yt\u00e4nt\u00f6mme<\/li><li>Jos et hyv\u00e4ksy tai tunnusta n\u00e4it\u00e4 muutoksia, voit peruuttaa Loving Memorial -palvelun<\/li><\/ul><p>P\u00e4ivitetty viimeksi 22.12.2021<\/p>\t\t\t\t\t\t<\/div>\n\t\t\t\t<\/div>\n\t\t\t\t\t<\/div>\n\t\t<\/div>\n\t\t\t\t\t<\/div>\n\t\t<\/section>\n\t\t\t\t\t<\/div>\n\t\t<\/div>\n\t\t\t\t\t<\/div>\n\t\t<\/section>\n\t\t\t\t<\/div>\n\t\t","protected":false},"excerpt":{"rendered":"<p>Tietosuojak\u00e4yt\u00e4nt\u00f6 T\u00e4m\u00e4 tietosuojak\u00e4yt\u00e4nt\u00f6 selitt\u00e4\u00e4: mit\u00e4 tietoja ker\u00e4\u00e4mme miksi ker\u00e4\u00e4mme sit\u00e4 kuinka k\u00e4yt\u00e4mme sit\u00e4 valinnat, joita sinulla on Tietojen ker\u00e4\u00e4minen Tiedot, jotka annat meille K\u00e4ytt\u00e4m\u00e4ll\u00e4 Loving Memorials -palvelua, sinun on annettava meille henkil\u00f6kohtaisia tietoja ja rakkaasi tiedot (&#8221;rakastettusi&#8221; on henkil\u00f6 tai lemmikki, jolle luot rakastavan muistomerkin)&#8230;<\/p>\n","protected":false},"author":6,"featured_media":0,"parent":0,"menu_order":0,"comment_status":"closed","ping_status":"closed","template":"","meta":{"footnotes":""},"class_list":["post-15918","page","type-page","status-publish","hentry"],"_links":{"self":[{"href":"https:\/\/www.lovingmemorials.com\/fi\/wp-json\/wp\/v2\/pages\/15918","targetHints":{"allow":["GET"]}}],"collection":[{"href":"https:\/\/www.lovingmemorials.com\/fi\/wp-json\/wp\/v2\/pages"}],"about":[{"href":"https:\/\/www.lovingmemorials.com\/fi\/wp-json\/wp\/v2\/types\/page"}],"author":[{"embeddable":true,"href":"https:\/\/www.lovingmemorials.com\/fi\/wp-json\/wp\/v2\/users\/6"}],"replies":[{"embeddable":true,"href":"https:\/\/www.lovingmemorials.com\/fi\/wp-json\/wp\/v2\/comments?post=15918"}],"version-history":[{"count":4,"href":"https:\/\/www.lovingmemorials.com\/fi\/wp-json\/wp\/v2\/pages\/15918\/revisions"}],"predecessor-version":[{"id":18719,"href":"https:\/\/www.lovingmemorials.com\/fi\/wp-json\/wp\/v2\/pages\/15918\/revisions\/18719"}],"wp:attachment":[{"href":"https:\/\/www.lovingmemorials.com\/fi\/wp-json\/wp\/v2\/media?parent=15918"}],"curies":[{"name":"wp","href":"https:\/\/api.w.org\/{rel}","templated":true}]}}