{"id":368,"date":"2021-03-14T17:43:06","date_gmt":"2021-03-14T17:43:06","guid":{"rendered":"http:\/\/www.lovingmemorials.com\/?page_id=368"},"modified":"2022-07-18T17:52:26","modified_gmt":"2022-07-18T17:52:26","slug":"fonctionnalites-plans","status":"publish","type":"page","link":"https:\/\/www.lovingmemorials.com\/fr\/fonctionnalites-plans\/","title":{"rendered":"Caract\u00e9ristiques et forfaits"},"content":{"rendered":"\t\t<div data-elementor-type=\"wp-page\" data-elementor-id=\"368\" class=\"elementor elementor-368\" data-elementor-post-type=\"page\">\n\t\t\t\t\t\t<section class=\"elementor-section elementor-top-section elementor-element elementor-element-3f8238c elementor-section-boxed elementor-section-height-default elementor-section-height-default parallax_section_no qode_elementor_container_no\" data-id=\"3f8238c\" data-element_type=\"section\">\n\t\t\t\t\t\t<div class=\"elementor-container elementor-column-gap-default\">\n\t\t\t\t\t\t<\/div>\n\t\t<\/section>\n\t\t\t\t<section class=\"elementor-section elementor-top-section elementor-element elementor-element-e792a8c elementor-section-boxed elementor-section-height-default elementor-section-height-default parallax_section_no qode_elementor_container_no\" data-id=\"e792a8c\" data-element_type=\"section\">\n\t\t\t\t\t\t<div class=\"elementor-container elementor-column-gap-default\">\n\t\t\t\t\t\t<\/div>\n\t\t<\/section>\n\t\t\t\t<section class=\"elementor-section elementor-top-section elementor-element elementor-element-edf6e32 elementor-section-content-middle page-header elementor-section-boxed elementor-section-height-default elementor-section-height-default parallax_section_no qode_elementor_container_no\" data-id=\"edf6e32\" data-element_type=\"section\">\n\t\t\t\t\t\t<div class=\"elementor-container elementor-column-gap-no\">\n\t\t\t\t\t<div class=\"elementor-column elementor-col-100 elementor-top-column elementor-element elementor-element-41ea03a\" data-id=\"41ea03a\" data-element_type=\"column\">\n\t\t\t<div class=\"elementor-widget-wrap elementor-element-populated\">\n\t\t\t\t\t\t<div class=\"elementor-element elementor-element-69b41f8 elementor-widget elementor-widget-heading\" data-id=\"69b41f8\" data-element_type=\"widget\" data-widget_type=\"heading.default\">\n\t\t\t\t<div class=\"elementor-widget-container\">\n\t\t\t<h1 class=\"elementor-heading-title elementor-size-default\">Caract\u00e9ristiques d'un m\u00e9morial aimant<\/h1>\t\t<\/div>\n\t\t\t\t<\/div>\n\t\t\t\t<div class=\"elementor-element elementor-element-95d86be container-shadow elementor-widget elementor-widget-text-editor\" data-id=\"95d86be\" data-element_type=\"widget\" id=\"lm-features-list\" data-widget_type=\"text-editor.default\">\n\t\t\t\t<div class=\"elementor-widget-container\">\n\t\t\t\t\t\t\t<h3>Un m\u00e9morial simplifi\u00e9<\/h3><ul><li>Cr\u00e9ez facilement un magnifique m\u00e9morial en ligne pour votre bien-aim\u00e9<\/li><li>Ajoutez des photos, des vid\u00e9os, des diffusions en direct, des mots et de la musique<\/li><li>Visualisez et modifiez en ligne &#8211; aucun logiciel ou application \u00e0 installer<\/li><\/ul><h3>Personnalisation et \u00e9l\u00e9gance<\/h3><ul><li>Choisissez parmi plus de <a href=\"https:\/\/www.lovingmemorials.com\/fr\/guider\/modele-constructeur\/#templates\">200 images d&rsquo;arri\u00e8re-plan<\/a> pour cr\u00e9er un mod\u00e8le personnalis\u00e9<\/li><li>Les souvenirs sont affich\u00e9s avec un effet de \u00ab\u00a0tournage\u00a0\u00bb de page pour simuler le feuilletage d&rsquo;un livre<\/li><li>Un design \u00e9pur\u00e9 cr\u00e9e une exp\u00e9rience visuelle unique<\/li><li>Image de marque minimale de l&rsquo;entreprise, pas de publicit\u00e9s ou de liens pour cr\u00e9er un m\u00e9morial pour quelqu&rsquo;un d&rsquo;autre<\/li><\/ul><h3>Partagez des souvenirs, racontez leur histoire<\/h3><ul><li>Partagez ce qui est beau et pr\u00e9cieux chez votre bien-aim\u00e9<\/li><li>Donnez vie aux souvenirs<\/li><li>Ajoutez un titre et une l\u00e9gende pour raconter l&rsquo;histoire de chaque photo<\/li><li>Vous contr\u00f4lez la fa\u00e7on dont votre \u00eatre cher est rappel\u00e9<\/li><\/ul><h3>Partagez et c\u00e9l\u00e9brez<\/h3><ul><li>Les visiteurs ajoutent des photos, des vid\u00e9os et des diffusions en direct<\/li><li>Contr\u00f4le complet de la confidentialit\u00e9 &#8211; vous choisissez qui peut voir le m\u00e9morial et ajouter du contenu<\/li><li>Les visiteurs partagent leurs pens\u00e9es, racontent des histoires, d\u00e9posent des fleurs, allument des bougies et ajoutent des symboles religieux<\/li><li>Partagez votre m\u00e9morial sur les r\u00e9seaux sociaux, y compris Facebook et Twitter<\/li><\/ul><h3>Aide et soutien<\/h3><ul><li>Un service client rapide et convivial pour vous aider et vous soutenir<\/li><li>Les sauvegardes quotidiennes gardent votre m\u00e9morial en s\u00e9curit\u00e9<\/li><li>Nous ne vendons pas vos donn\u00e9es<\/li><li>Sans risque &#8211; nous vous offrons une garantie de remboursement de 30 jours<\/li><\/ul>\t\t\t\t\t\t<\/div>\n\t\t\t\t<\/div>\n\t\t\t\t\t<\/div>\n\t\t<\/div>\n\t\t\t\t\t<\/div>\n\t\t<\/section>\n\t\t\t\t<section class=\"elementor-section elementor-top-section elementor-element elementor-element-36fb972 elementor-section-boxed elementor-section-height-default elementor-section-height-default parallax_section_no qode_elementor_container_no\" data-id=\"36fb972\" data-element_type=\"section\">\n\t\t\t\t\t\t<div class=\"elementor-container elementor-column-gap-default\">\n\t\t\t\t\t\t<\/div>\n\t\t<\/section>\n\t\t\t\t<section class=\"elementor-section elementor-top-section elementor-element elementor-element-bf35739 elementor-section-boxed elementor-section-height-default elementor-section-height-default parallax_section_no qode_elementor_container_no\" data-id=\"bf35739\" data-element_type=\"section\">\n\t\t\t\t\t\t<div class=\"elementor-container elementor-column-gap-default\">\n\t\t\t\t\t<div class=\"elementor-column elementor-col-100 elementor-top-column elementor-element elementor-element-4aa9014\" data-id=\"4aa9014\" data-element_type=\"column\">\n\t\t\t<div class=\"elementor-widget-wrap elementor-element-populated\">\n\t\t\t\t\t\t<div class=\"elementor-element elementor-element-9c5a776 elementor-widget elementor-widget-heading\" data-id=\"9c5a776\" data-element_type=\"widget\" data-widget_type=\"heading.default\">\n\t\t\t\t<div class=\"elementor-widget-container\">\n\t\t\t<h1 class=\"elementor-heading-title elementor-size-default\">Plans d'un m\u00e9morial aimant<\/h1>\t\t<\/div>\n\t\t\t\t<\/div>\n\t\t\t\t<div class=\"elementor-element elementor-element-fd55dbb elementor-widget elementor-widget-text-editor\" data-id=\"fd55dbb\" data-element_type=\"widget\" data-widget_type=\"text-editor.default\">\n\t\t\t\t<div class=\"elementor-widget-container\">\n\t\t\t\t\t\t\t<p style=\"text-align: center;\">Toutes les fonctionnalit\u00e9s sont disponibles sur tous les forfaits.<\/p>\t\t\t\t\t\t<\/div>\n\t\t\t\t<\/div>\n\t\t\t\t\t<\/div>\n\t\t<\/div>\n\t\t\t\t\t<\/div>\n\t\t<\/section>\n\t\t\t\t<section class=\"elementor-section elementor-top-section elementor-element elementor-element-573d374 elementor-section-content-space-between elementor-section-boxed elementor-section-height-default elementor-section-height-default parallax_section_no qode_elementor_container_no\" data-id=\"573d374\" data-element_type=\"section\">\n\t\t\t\t\t\t<div class=\"elementor-container elementor-column-gap-default\">\n\t\t\t\t\t<div class=\"elementor-column elementor-col-50 elementor-top-column elementor-element elementor-element-494db92 lm-price lm-active\" data-id=\"494db92\" data-element_type=\"column\">\n\t\t\t<div class=\"elementor-widget-wrap elementor-element-populated\">\n\t\t\t\t\t\t<section class=\"elementor-section elementor-inner-section elementor-element elementor-element-d5e4904 elementor-section-boxed elementor-section-height-default elementor-section-height-default parallax_section_no qode_elementor_container_no\" data-id=\"d5e4904\" data-element_type=\"section\">\n\t\t\t\t\t\t<div class=\"elementor-container elementor-column-gap-default\">\n\t\t\t\t\t<div class=\"elementor-column elementor-col-100 elementor-inner-column elementor-element elementor-element-ea18682 lm-price-inner\" data-id=\"ea18682\" data-element_type=\"column\">\n\t\t\t<div class=\"elementor-widget-wrap elementor-element-populated\">\n\t\t\t\t\t\t<div class=\"elementor-element elementor-element-39b2c09 elementor-widget elementor-widget-heading\" data-id=\"39b2c09\" data-element_type=\"widget\" data-widget_type=\"heading.default\">\n\t\t\t\t<div class=\"elementor-widget-container\">\n\t\t\t<h4 class=\"elementor-heading-title elementor-size-default\">R\u00e9gime permanent<\/h4>\t\t<\/div>\n\t\t\t\t<\/div>\n\t\t\t\t<div class=\"elementor-element elementor-element-3589228 elementor-widget elementor-widget-text-editor\" data-id=\"3589228\" data-element_type=\"widget\" data-widget_type=\"text-editor.default\">\n\t\t\t\t<div class=\"elementor-widget-container\">\n\t\t\t\t\t\t\t<div class=\"price_in_table\"><span class=\"price\">100<\/span> <sup class=\"value\">$<\/sup><\/div>\t\t\t\t\t\t<\/div>\n\t\t\t\t<\/div>\n\t\t\t\t<div class=\"elementor-element elementor-element-b520177 elementor-widget elementor-widget-text-editor\" data-id=\"b520177\" data-element_type=\"widget\" data-widget_type=\"text-editor.default\">\n\t\t\t\t<div class=\"elementor-widget-container\">\n\t\t\t\t\t\t\t<p style=\"color: #272727; font-weight: 500;\">Pour une inscription permanente<\/p><p style=\"color: #7c7c7c;\">Garantie de remboursement de 30 jours<\/p>\t\t\t\t\t\t<\/div>\n\t\t\t\t<\/div>\n\t\t\t\t\t<\/div>\n\t\t<\/div>\n\t\t\t\t\t<\/div>\n\t\t<\/section>\n\t\t\t\t<div class=\"elementor-element elementor-element-dfe6a61 elementor-widget__width-inherit elementor-widget elementor-widget-button\" data-id=\"dfe6a61\" data-element_type=\"widget\" data-plan=\"1\" data-widget_type=\"button.default\">\n\t\t\t\t<div class=\"elementor-widget-container\">\n\t\t\t\t\t<div class=\"elementor-button-wrapper\">\n\t\t\t<a class=\"elementor-button elementor-button-link elementor-size-lg\" href=\"\/create-memorial\/\" id=\"lm_plan_1\">\n\t\t\t\t\t\t<span class=\"elementor-button-content-wrapper\">\n\t\t\t\t\t\t\t\t\t<span class=\"elementor-button-text\">ACHETER MAINTENANT<\/span>\n\t\t\t\t\t<\/span>\n\t\t\t\t\t<\/a>\n\t\t<\/div>\n\t\t\t\t<\/div>\n\t\t\t\t<\/div>\n\t\t\t\t\t<\/div>\n\t\t<\/div>\n\t\t\t\t<div class=\"elementor-column elementor-col-50 elementor-top-column elementor-element elementor-element-7eafd49 lm-price\" data-id=\"7eafd49\" data-element_type=\"column\">\n\t\t\t<div class=\"elementor-widget-wrap elementor-element-populated\">\n\t\t\t\t\t\t<section class=\"elementor-section elementor-inner-section elementor-element elementor-element-2089353 elementor-section-boxed elementor-section-height-default elementor-section-height-default parallax_section_no qode_elementor_container_no\" data-id=\"2089353\" data-element_type=\"section\">\n\t\t\t\t\t\t<div class=\"elementor-container elementor-column-gap-default\">\n\t\t\t\t\t<div class=\"elementor-column elementor-col-100 elementor-inner-column elementor-element elementor-element-47012a9 lm-price-inner\" data-id=\"47012a9\" data-element_type=\"column\">\n\t\t\t<div class=\"elementor-widget-wrap elementor-element-populated\">\n\t\t\t\t\t\t<div class=\"elementor-element elementor-element-c474400 elementor-widget elementor-widget-heading\" data-id=\"c474400\" data-element_type=\"widget\" data-widget_type=\"heading.default\">\n\t\t\t\t<div class=\"elementor-widget-container\">\n\t\t\t<h4 class=\"elementor-heading-title elementor-size-default\">Plan d'un an<\/h4>\t\t<\/div>\n\t\t\t\t<\/div>\n\t\t\t\t<div class=\"elementor-element elementor-element-fbf38e8 elementor-widget elementor-widget-text-editor\" data-id=\"fbf38e8\" data-element_type=\"widget\" data-widget_type=\"text-editor.default\">\n\t\t\t\t<div class=\"elementor-widget-container\">\n\t\t\t\t\t\t\t<div class=\"price_in_table\"><span class=\"price\">20<\/span> <sup class=\"value\">$<\/sup><\/div>\t\t\t\t\t\t<\/div>\n\t\t\t\t<\/div>\n\t\t\t\t<div class=\"elementor-element elementor-element-5c7c52c elementor-widget elementor-widget-text-editor\" data-id=\"5c7c52c\" data-element_type=\"widget\" data-widget_type=\"text-editor.default\">\n\t\t\t\t<div class=\"elementor-widget-container\">\n\t\t\t\t\t\t\t<p style=\"font-weight: 500;\">Pendant 1 an<\/p><p style=\"background-color: #ffffff;\"><span style=\"color: #7c7c7c;\">Garantie de remboursement de 30 jours<\/span><\/p>\t\t\t\t\t\t<\/div>\n\t\t\t\t<\/div>\n\t\t\t\t\t<\/div>\n\t\t<\/div>\n\t\t\t\t\t<\/div>\n\t\t<\/section>\n\t\t\t\t<div class=\"elementor-element elementor-element-98d1e3b elementor-widget__width-inherit elementor-widget elementor-widget-button\" data-id=\"98d1e3b\" data-element_type=\"widget\" data-widget_type=\"button.default\">\n\t\t\t\t<div class=\"elementor-widget-container\">\n\t\t\t\t\t<div class=\"elementor-button-wrapper\">\n\t\t\t<a class=\"elementor-button elementor-button-link elementor-size-lg\" href=\"\/create-memorial\/\" id=\"lm_plan_3\">\n\t\t\t\t\t\t<span class=\"elementor-button-content-wrapper\">\n\t\t\t\t\t\t\t\t\t<span class=\"elementor-button-text\">ACHETER MAINTENANT<\/span>\n\t\t\t\t\t<\/span>\n\t\t\t\t\t<\/a>\n\t\t<\/div>\n\t\t\t\t<\/div>\n\t\t\t\t<\/div>\n\t\t\t\t\t<\/div>\n\t\t<\/div>\n\t\t\t\t\t<\/div>\n\t\t<\/section>\n\t\t\t\t<section class=\"elementor-section elementor-top-section elementor-element elementor-element-bc12955 elementor-section-boxed elementor-section-height-default elementor-section-height-default parallax_section_no qode_elementor_container_no\" data-id=\"bc12955\" data-element_type=\"section\">\n\t\t\t\t\t\t<div class=\"elementor-container elementor-column-gap-default\">\n\t\t\t\t\t<div class=\"elementor-column elementor-col-100 elementor-top-column elementor-element elementor-element-56b879d\" data-id=\"56b879d\" data-element_type=\"column\">\n\t\t\t<div class=\"elementor-widget-wrap elementor-element-populated\">\n\t\t\t\t\t\t<div class=\"elementor-element elementor-element-4aa806c elementor-widget elementor-widget-html\" data-id=\"4aa806c\" data-element_type=\"widget\" data-widget_type=\"html.default\">\n\t\t\t\t<div class=\"elementor-widget-container\">\n\t\t\t<script>document.getElementById(\"lm_plan_1\").addEventListener('click',function(e){\n       e.preventDefault()\n       setCookie('lm_plan', 1, 1);\n       window.location.href = \"https:\/\/www.lovingmemorials.com\/create-memorial\/\"\n    });\n      document.getElementById(\"lm_plan_2\").addEventListener('click',function(e){\n          e.preventDefault()\n       setCookie('lm_plan', 2, 1);\n       window.location.href = \"https:\/\/www.lovingmemorials.com\/create-memorial\/\"\n    });\n      document.getElementById(\"lm_plan_3\").addEventListener('click',function(e){\n          e.preventDefault()\n       setCookie('lm_plan', 3, 1);\n       window.location.href = \"https:\/\/www.lovingmemorials.com\/create-memorial\/\"\n    });\n    \n    \/\/ Set a Cookie\n    function setCookie(cName, cValue, expDays) {\n        let date = new Date();\n        date.setTime(date.getTime() + (expDays * 24 * 60 * 60 * 1000));\n        const expires = \"expires=\" + date.toUTCString();\n        document.cookie = cName + \"=\" + cValue + \"; \" + expires + \"; path=\/\";\n    }\n\n    \n    \n    \n<\/script>\t\t<\/div>\n\t\t\t\t<\/div>\n\t\t\t\t\t<\/div>\n\t\t<\/div>\n\t\t\t\t\t<\/div>\n\t\t<\/section>\n\t\t\t\t<\/div>\n\t\t","protected":false},"excerpt":{"rendered":"<p>Caract\u00e9ristiques d&rsquo;un m\u00e9morial aimant Un m\u00e9morial simplifi\u00e9 Cr\u00e9ez facilement un magnifique m\u00e9morial en ligne pour votre bien-aim\u00e9 Ajoutez des photos, des vid\u00e9os, des diffusions en direct, des mots et de la musique Visualisez et modifiez en ligne &#8211; aucun logiciel ou application \u00e0 installer Personnalisation&#8230;<\/p>\n","protected":false},"author":1,"featured_media":0,"parent":0,"menu_order":0,"comment_status":"closed","ping_status":"closed","template":"","meta":{"footnotes":""},"class_list":["post-368","page","type-page","status-publish","hentry"],"_links":{"self":[{"href":"https:\/\/www.lovingmemorials.com\/fr\/wp-json\/wp\/v2\/pages\/368","targetHints":{"allow":["GET"]}}],"collection":[{"href":"https:\/\/www.lovingmemorials.com\/fr\/wp-json\/wp\/v2\/pages"}],"about":[{"href":"https:\/\/www.lovingmemorials.com\/fr\/wp-json\/wp\/v2\/types\/page"}],"author":[{"embeddable":true,"href":"https:\/\/www.lovingmemorials.com\/fr\/wp-json\/wp\/v2\/users\/1"}],"replies":[{"embeddable":true,"href":"https:\/\/www.lovingmemorials.com\/fr\/wp-json\/wp\/v2\/comments?post=368"}],"version-history":[{"count":22,"href":"https:\/\/www.lovingmemorials.com\/fr\/wp-json\/wp\/v2\/pages\/368\/revisions"}],"predecessor-version":[{"id":18868,"href":"https:\/\/www.lovingmemorials.com\/fr\/wp-json\/wp\/v2\/pages\/368\/revisions\/18868"}],"wp:attachment":[{"href":"https:\/\/www.lovingmemorials.com\/fr\/wp-json\/wp\/v2\/media?parent=368"}],"curies":[{"name":"wp","href":"https:\/\/api.w.org\/{rel}","templated":true}]}}