{"id":723,"date":"2021-03-26T05:49:10","date_gmt":"2021-03-26T05:49:10","guid":{"rendered":"http:\/\/www.lovingmemorials.com\/a-propos-de\/"},"modified":"2022-02-16T03:46:51","modified_gmt":"2022-02-16T03:46:51","slug":"a-propos","status":"publish","type":"page","link":"https:\/\/www.lovingmemorials.com\/fr\/a-propos\/","title":{"rendered":"\u00c0 propos"},"content":{"rendered":"\t\t<div data-elementor-type=\"wp-page\" data-elementor-id=\"723\" class=\"elementor elementor-723\" data-elementor-post-type=\"page\">\n\t\t\t\t\t\t<section class=\"elementor-section elementor-top-section elementor-element elementor-element-5312331 elementor-section-content-middle page-header elementor-section-boxed elementor-section-height-default elementor-section-height-default parallax_section_no qode_elementor_container_no\" data-id=\"5312331\" data-element_type=\"section\">\n\t\t\t\t\t\t<div class=\"elementor-container elementor-column-gap-no\">\n\t\t\t\t\t<div class=\"elementor-column elementor-col-100 elementor-top-column elementor-element elementor-element-e8f5fcc\" data-id=\"e8f5fcc\" data-element_type=\"column\">\n\t\t\t<div class=\"elementor-widget-wrap elementor-element-populated\">\n\t\t\t\t\t\t<div class=\"elementor-element elementor-element-3d87450 elementor-widget elementor-widget-heading\" data-id=\"3d87450\" data-element_type=\"widget\" data-widget_type=\"heading.default\">\n\t\t\t\t<div class=\"elementor-widget-container\">\n\t\t\t<h1 class=\"elementor-heading-title elementor-size-default\">\u00c0 propos des m\u00e9moriaux aimants<\/h1>\t\t<\/div>\n\t\t\t\t<\/div>\n\t\t\t\t<section class=\"elementor-section elementor-inner-section elementor-element elementor-element-a0018ee elementor-section-content-middle container-shadow elementor-section-boxed elementor-section-height-default elementor-section-height-default parallax_section_no qode_elementor_container_no\" data-id=\"a0018ee\" data-element_type=\"section\" data-settings=\"{&quot;background_background&quot;:&quot;classic&quot;}\">\n\t\t\t\t\t\t<div class=\"elementor-container elementor-column-gap-no\">\n\t\t\t\t\t<div class=\"elementor-column elementor-col-100 elementor-inner-column elementor-element elementor-element-1c643d0\" data-id=\"1c643d0\" data-element_type=\"column\">\n\t\t\t<div class=\"elementor-widget-wrap elementor-element-populated\">\n\t\t\t\t\t\t<div class=\"elementor-element elementor-element-e1e7f26 elementor-widget__width-initial elementor-widget-mobile__width-inherit elementor-widget elementor-widget-text-editor\" data-id=\"e1e7f26\" data-element_type=\"widget\" data-widget_type=\"text-editor.default\">\n\t\t\t\t<div class=\"elementor-widget-container\">\n\t\t\t\t\t\t\t<p>Loving Memorials est un service qui vous permet de cr\u00e9er facilement un \u00e9l\u00e9gant m\u00e9morial en ligne pour votre bien-aim\u00e9.<\/p>\n<p>Un m\u00e9morial aimant est sophistiqu\u00e9 dans sa simplicit\u00e9. Il a un design \u00e9pur\u00e9 et offre une exp\u00e9rience visuelle unique. Nous pensons que moins c&rsquo;est plus quand il s&rsquo;agit d&rsquo;honorer et de rendre hommage \u00e0 une vie.<\/p>\n<p>Un m\u00e9morial aimant se concentre sur votre bien-aim\u00e9. Il y a une image de marque minimale de l&rsquo;entreprise et aucune publicit\u00e9, y compris des liens pour cr\u00e9er un m\u00e9morial pour quelqu&rsquo;un d&rsquo;autre. Votre bien-aim\u00e9 est le h\u00e9ros de cette histoire. <\/p>\n<p>La beaut\u00e9 d\u00e9coule de cette simplicit\u00e9 qui vous permet de raconter facilement leur histoire. Vous partagez votre Loving Memorial avec votre famille et vos amis pour vous souvenir et c\u00e9l\u00e9brer leur vie, afin qu&rsquo;ils se souviennent toujours d&rsquo;eux.<\/p>\n\t\t\t\t\t\t<\/div>\n\t\t\t\t<\/div>\n\t\t\t\t<div class=\"elementor-element elementor-element-7b7c1e2 elementor-widget__width-initial elementor-widget-mobile__width-inherit elementor-widget elementor-widget-text-editor\" data-id=\"7b7c1e2\" data-element_type=\"widget\" data-widget_type=\"text-editor.default\">\n\t\t\t\t<div class=\"elementor-widget-container\">\n\t\t\t\t\t\t\t<p><a href=\"https:\/\/www.lovingmemorials.com\/wp-content\/uploads\/2021\/04\/Loving-Memorial-Tony-e1640665696723.png\"><img fetchpriority=\"high\" decoding=\"async\" class=\"alignnone wp-image-7003 size-large\" src=\"https:\/\/www.lovingmemorials.com\/wp-content\/uploads\/2021\/04\/Loving-Memorial-Tony-1024x768.png\" alt=\"Aimer M\u00e9morial Tony\" width=\"1024\" height=\"768\"><\/a><\/p>\n\t\t\t\t\t\t<\/div>\n\t\t\t\t<\/div>\n\t\t\t\t<div class=\"elementor-element elementor-element-d694f8d elementor-widget elementor-widget-text-editor\" data-id=\"d694f8d\" data-element_type=\"widget\" data-widget_type=\"text-editor.default\">\n\t\t\t\t<div class=\"elementor-widget-container\">\n\t\t\t\t\t\t\t<h2 id=\"founders-message\">Un message de Brian, l&rsquo;un de nos fondateurs<\/h2>\n<p>Dans les derni\u00e8res ann\u00e9es de mon p\u00e8re, je me souviens qu&rsquo;il m&rsquo;avait dit une fois:<\/p>\n<blockquote>\n<p>Je dois noter tous les endroits o\u00f9 je suis all\u00e9 et les choses que j&rsquo;ai vues.<\/p>\n<\/blockquote>\n\t\t\t\t\t\t<\/div>\n\t\t\t\t<\/div>\n\t\t\t\t<div class=\"elementor-element elementor-element-3f8cf48 elementor-widget__width-initial elementor-widget-mobile__width-inherit elementor-widget elementor-widget-text-editor\" data-id=\"3f8cf48\" data-element_type=\"widget\" data-widget_type=\"text-editor.default\">\n\t\t\t\t<div class=\"elementor-widget-container\">\n\t\t\t\t\t\t\t<p style=\"background-color: #ffffff;\">J&rsquo;ai compris que mon p\u00e8re voulait que sa vie compte, qu&rsquo;il voulait qu&rsquo;on se souvienne de lui et qu&rsquo;on ne l&rsquo;oublie pas.<\/p>\n<p style=\"background-color: #ffffff;\">Mais le reste n&rsquo;\u00e9tait pas clair pour moi. Je me souviens avoir pens\u00e9 : \u00ab\u00a0<i>O\u00f9 allons-nous \u00e9crire cela? Qui le verra ?\u00a0\u00bb <\/i><\/p>\n<p style=\"background-color: #ffffff;\">Des ann\u00e9es plus tard, apr\u00e8s le d\u00e9c\u00e8s de mon p\u00e8re, j&rsquo;ai commenc\u00e9 \u00e0 travailler dans l&rsquo;industrie fun\u00e9raire et j&rsquo;ai compris ce qu&rsquo;il me disait.<\/p>\n<p style=\"background-color: #ffffff;\">Je concevais un logiciel de n\u00e9crologie et j&rsquo;ai r\u00e9alis\u00e9 que la beaut\u00e9 et le caract\u00e8re pr\u00e9cieux d&rsquo;une vie n&rsquo;\u00e9taient pas captur\u00e9s dans une n\u00e9crologie.<\/p>\n<p style=\"background-color: #ffffff;\">J&rsquo;ai regard\u00e9 les offres de sites Web comm\u00e9moratifs en ligne et j&rsquo;ai senti qu&rsquo;elles \u00e9taient insuffisantes. Ils \u00e9taient occup\u00e9s et d\u00e9routants. Ils manquaient de concentration et ne capturaient pas une vie avec beaut\u00e9.<\/p>\n<p style=\"background-color: #ffffff;\">Il fallait quelque chose de diff\u00e9rent. J&rsquo;ai aid\u00e9 \u00e0 cr\u00e9er Loving Memorials pour pr\u00e9server et c\u00e9l\u00e9brer l&rsquo;histoire d&rsquo;une vie avec simplicit\u00e9 et beaut\u00e9.<\/p>\n<p style=\"background-color: #ffffff;\">Le Loving Memorial pour mon p\u00e8re, Antonio Gomes, a \u00e9t\u00e9 le premier Loving Memorial qui a \u00e9t\u00e9 cr\u00e9\u00e9. Lorsque je l&rsquo;ai cr\u00e9\u00e9, j&rsquo;\u00e9tais fier de le partager avec ma famille et mes amis. Maintenant, je suis fier de le partager avec le monde, sachant que j&rsquo;ai honor\u00e9 le d\u00e9sir de mon p\u00e8re de ne pas \u00eatre oubli\u00e9.<\/p>\n\t\t\t\t\t\t<\/div>\n\t\t\t\t<\/div>\n\t\t\t\t<div class=\"elementor-element elementor-element-f2d987c elementor-widget__width-initial elementor-widget-mobile__width-inherit elementor-widget elementor-widget-text-editor\" data-id=\"f2d987c\" data-element_type=\"widget\" data-widget_type=\"text-editor.default\">\n\t\t\t\t<div class=\"elementor-widget-container\">\n\t\t\t\t\t\t\t<p><a href=\"https:\/\/www.lovingmemorials.com\/wp-content\/uploads\/2021\/10\/Brian_Dad.jpeg\"><img decoding=\"async\" class=\"alignnone wp-image-1529 size-full\" src=\"https:\/\/www.lovingmemorials.com\/wp-content\/uploads\/2021\/10\/Brian_Dad.jpeg\" alt=\"Image de Brian agenouill\u00e9 \u00e0 c\u00f4t\u00e9 de son p\u00e8re assis sur une chaise\" width=\"768\" height=\"1024\" srcset=\"https:\/\/www.lovingmemorials.com\/wp-content\/uploads\/2021\/10\/Brian_Dad.jpeg 768w, https:\/\/www.lovingmemorials.com\/wp-content\/uploads\/2021\/10\/Brian_Dad-225x300.jpeg 225w, https:\/\/www.lovingmemorials.com\/wp-content\/uploads\/2021\/10\/Brian_Dad-600x800.jpeg 600w, https:\/\/www.lovingmemorials.com\/wp-content\/uploads\/2021\/10\/Brian_Dad-700x933.jpeg 700w\" sizes=\"(max-width: 768px) 100vw, 768px\" \/><\/a><br \/><span style=\"color: #727272;\">Brian et son p\u00e8re, Tony Gomes<\/span><\/p>\n\t\t\t\t\t\t<\/div>\n\t\t\t\t<\/div>\n\t\t\t\t<div class=\"elementor-element elementor-element-a313b5c elementor-widget elementor-widget-text-editor\" data-id=\"a313b5c\" data-element_type=\"widget\" data-widget_type=\"text-editor.default\">\n\t\t\t\t<div class=\"elementor-widget-container\">\n\t\t\t\t\t\t\t<h3 id=\"remembrance\">Une proximit\u00e9 inattendue par le souvenir<\/h3>\n<p>J&rsquo;ai \u00e9t\u00e9 surpris par ce qui m&rsquo;est arriv\u00e9 dans le processus de cr\u00e9ation du Loving Memorial de mon p\u00e8re. En ajoutant des photos et en racontant l&rsquo;histoire de sa vie, j&rsquo;ai v\u00e9cu tellement de choses personnellement.<\/p>\n<p>Il y avait des sourires et des rires, ainsi que de la fiert\u00e9, de la gratitude, du r\u00e9confort, de la gu\u00e9rison et de la c\u00e9l\u00e9bration. Mais surtout, il y avait l&rsquo;amour. Cela m&rsquo;a tellement rapproch\u00e9 de lui, et c&rsquo;est l\u00e0 que j&rsquo;ai compris plus clairement Loving Memorials.<\/p>\n<p>J&rsquo;ai r\u00e9alis\u00e9 que pour qu&rsquo;un \u00eatre cher ne soit pas oubli\u00e9, cela signifie que nous, les vivants, nous souvenons d&rsquo;eux. \u00c0 travers l&rsquo;acte du souvenir, nous ressentons de l&rsquo;amour et sommes plus proches d&rsquo;eux. C&rsquo;est pourquoi ne pas \u00eatre oubli\u00e9 est si important &#8211; c&rsquo;est important pour notre \u00eatre cher et pour nous.<\/p>\n<p>Si vous choisissez de cr\u00e9er un Loving Memorial pour votre bien-aim\u00e9, je souhaite que vous ressentiez l&rsquo;amour et la proximit\u00e9 que j&rsquo;ai ressentis pour mon p\u00e8re lorsque j&rsquo;ai cr\u00e9\u00e9 son Loving Memorial.<\/p>\n<p>-Brian Gomes<\/p>\n<p>Un fondateur de m\u00e9moriaux affectueux<\/p>\n<h2>\u00c0 propos de notre \u00e9quipe et pourquoi nous faisons cela<\/h2>\n\t\t\t\t\t\t<\/div>\n\t\t\t\t<\/div>\n\t\t\t\t<div class=\"elementor-element elementor-element-159e0c1 elementor-widget-mobile__width-inherit elementor-widget elementor-widget-text-editor\" data-id=\"159e0c1\" data-element_type=\"widget\" data-widget_type=\"text-editor.default\">\n\t\t\t\t<div class=\"elementor-widget-container\">\n\t\t\t\t\t\t\t<p>Loving Memorials a \u00e9t\u00e9 cr\u00e9\u00e9 par une \u00e9quipe qui a pass\u00e9 des ann\u00e9es \u00e0 cr\u00e9er et \u00e0 d\u00e9velopper des solutions n\u00e9crologiques pour les salons fun\u00e9raires du monde entier.<\/p>\n<blockquote>\n<p>Nous sommes honor\u00e9s d&rsquo;avoir m\u00e9moris\u00e9 plus de 200 000 vies dans notre logiciel et nous ne faisons que commencer.<\/p>\n<\/blockquote>\n\t\t\t\t\t\t<\/div>\n\t\t\t\t<\/div>\n\t\t\t\t<div class=\"elementor-element elementor-element-2e13c37 elementor-widget-mobile__width-inherit elementor-widget elementor-widget-text-editor\" data-id=\"2e13c37\" data-element_type=\"widget\" data-widget_type=\"text-editor.default\">\n\t\t\t\t<div class=\"elementor-widget-container\">\n\t\t\t\t\t\t\t<p>Nous pensons que les r\u00e9seaux sociaux ne permettent pas de se souvenir correctement de votre \u00eatre cher, et nous avons estim\u00e9 que quelque chose de diff\u00e9rent \u00e9tait n\u00e9cessaire dans l&rsquo;espace comm\u00e9moratif en ligne.<\/p>\n<p>Nous avons cr\u00e9\u00e9 Loving Memorials pour pr\u00e9server, partager et c\u00e9l\u00e9brer la vie de votre bien-aim\u00e9 avec simplicit\u00e9 et \u00e9l\u00e9gance.<\/p>\n\t\t\t\t\t\t<\/div>\n\t\t\t\t<\/div>\n\t\t\t\t\t<\/div>\n\t\t<\/div>\n\t\t\t\t\t<\/div>\n\t\t<\/section>\n\t\t\t\t\t<\/div>\n\t\t<\/div>\n\t\t\t\t\t<\/div>\n\t\t<\/section>\n\t\t\t\t<\/div>\n\t\t","protected":false},"excerpt":{"rendered":"<p>\u00c0 propos des m\u00e9moriaux aimants Loving Memorials est un service qui vous permet de cr\u00e9er facilement un \u00e9l\u00e9gant m\u00e9morial en ligne pour votre bien-aim\u00e9. Un m\u00e9morial aimant est sophistiqu\u00e9 dans sa simplicit\u00e9. Il a un design \u00e9pur\u00e9 et offre une exp\u00e9rience visuelle unique. Nous pensons&#8230;<\/p>\n","protected":false},"author":1,"featured_media":0,"parent":0,"menu_order":0,"comment_status":"closed","ping_status":"closed","template":"","meta":{"footnotes":""},"class_list":["post-723","page","type-page","status-publish","hentry"],"_links":{"self":[{"href":"https:\/\/www.lovingmemorials.com\/fr\/wp-json\/wp\/v2\/pages\/723","targetHints":{"allow":["GET"]}}],"collection":[{"href":"https:\/\/www.lovingmemorials.com\/fr\/wp-json\/wp\/v2\/pages"}],"about":[{"href":"https:\/\/www.lovingmemorials.com\/fr\/wp-json\/wp\/v2\/types\/page"}],"author":[{"embeddable":true,"href":"https:\/\/www.lovingmemorials.com\/fr\/wp-json\/wp\/v2\/users\/1"}],"replies":[{"embeddable":true,"href":"https:\/\/www.lovingmemorials.com\/fr\/wp-json\/wp\/v2\/comments?post=723"}],"version-history":[{"count":8,"href":"https:\/\/www.lovingmemorials.com\/fr\/wp-json\/wp\/v2\/pages\/723\/revisions"}],"predecessor-version":[{"id":11828,"href":"https:\/\/www.lovingmemorials.com\/fr\/wp-json\/wp\/v2\/pages\/723\/revisions\/11828"}],"wp:attachment":[{"href":"https:\/\/www.lovingmemorials.com\/fr\/wp-json\/wp\/v2\/media?parent=723"}],"curies":[{"name":"wp","href":"https:\/\/api.w.org\/{rel}","templated":true}]}}