{"id":8282,"date":"2022-01-07T03:07:31","date_gmt":"2022-01-07T03:07:31","guid":{"rendered":"https:\/\/www.lovingmemorials.com\/faq\/"},"modified":"2022-02-27T00:20:19","modified_gmt":"2022-02-27T00:20:19","slug":"faq","status":"publish","type":"page","link":"https:\/\/www.lovingmemorials.com\/fr\/faq\/","title":{"rendered":"FAQ"},"content":{"rendered":"\t\t<div data-elementor-type=\"wp-page\" data-elementor-id=\"8282\" class=\"elementor elementor-8282\" data-elementor-post-type=\"page\">\n\t\t\t\t\t\t<section class=\"elementor-section elementor-top-section elementor-element elementor-element-1e1a11db elementor-section-content-middle elementor-section-boxed elementor-section-height-default elementor-section-height-default parallax_section_no qode_elementor_container_no\" data-id=\"1e1a11db\" data-element_type=\"section\">\n\t\t\t\t\t\t<div class=\"elementor-container elementor-column-gap-no\">\n\t\t\t\t\t<div class=\"elementor-column elementor-col-100 elementor-top-column elementor-element elementor-element-2b02ad84\" data-id=\"2b02ad84\" data-element_type=\"column\">\n\t\t\t<div class=\"elementor-widget-wrap elementor-element-populated\">\n\t\t\t\t\t\t<div class=\"elementor-element elementor-element-b20584c page-header elementor-widget elementor-widget-heading\" data-id=\"b20584c\" data-element_type=\"widget\" data-widget_type=\"heading.default\">\n\t\t\t\t<div class=\"elementor-widget-container\">\n\t\t\t<h1 class=\"elementor-heading-title elementor-size-default\">Questions fr\u00e9quemment pos\u00e9es<\/h1>\t\t<\/div>\n\t\t\t\t<\/div>\n\t\t\t\t<section class=\"elementor-section elementor-inner-section elementor-element elementor-element-34548840 elementor-section-content-middle container-shadow elementor-section-boxed elementor-section-height-default elementor-section-height-default parallax_section_no qode_elementor_container_no\" data-id=\"34548840\" data-element_type=\"section\" data-settings=\"{&quot;background_background&quot;:&quot;classic&quot;}\">\n\t\t\t\t\t\t<div class=\"elementor-container elementor-column-gap-no\">\n\t\t\t\t\t<div class=\"elementor-column elementor-col-100 elementor-inner-column elementor-element elementor-element-c361e2a\" data-id=\"c361e2a\" data-element_type=\"column\">\n\t\t\t<div class=\"elementor-widget-wrap elementor-element-populated\">\n\t\t\t\t\t\t<div class=\"elementor-element elementor-element-5b308156 elementor-widget elementor-widget-text-editor\" data-id=\"5b308156\" data-element_type=\"widget\" data-widget_type=\"text-editor.default\">\n\t\t\t\t<div class=\"elementor-widget-container\">\n\t\t\t\t\t\t\t<h3>Qu&rsquo;est-ce qu&rsquo;un m\u00e9morial d&rsquo;amour ?<\/h3><p><span style=\"font-weight: 400;\">A Loving Memorial est un m\u00e9morial en ligne pour comm\u00e9morer la vie de votre bien-aim\u00e9. <\/span><\/p><p><span style=\"font-weight: 400;\">Notre service vous permet d&rsquo; <a href=\"https:\/\/www.lovingmemorials.com\/fr\/guider\/modele-constructeur\/\">ajouter des images, des vid\u00e9os, des mots et de la musique<\/a> pour partager des souvenirs et raconter l&rsquo;histoire de votre bien-aim\u00e9. Vous partagez le m\u00e9morial avec votre famille et vos amis, et ils peuvent contribuer au m\u00e9morial en ajoutant des pens\u00e9es, des histoires, des photos et des vid\u00e9os.<br><\/span><\/p><p>Un m\u00e9morial aimant est sophistiqu\u00e9 dans sa simplicit\u00e9. Il est facile \u00e0 utiliser et vous permet de cr\u00e9er une exp\u00e9rience visuelle \u00e9l\u00e9gante.<\/p><h3><strong>Pourquoi cr\u00e9er<\/strong> un <strong>M\u00e9morial d&rsquo;Amour ?<\/strong><\/h3><p>La personne que vous aimiez \u00e9tait pr\u00e9cieuse et sa vie vous a profond\u00e9ment touch\u00e9, ainsi que sa famille, ses amis et les personnes qu&rsquo;elle a rencontr\u00e9es.<\/p><p>Un m\u00e9morial aimant permet \u00e0 ceux qui les connaissaient de se souvenir et de ressentir de l&rsquo;amour, de sourire, de rire, de trouver du r\u00e9confort et de commencer \u00e0 gu\u00e9rir.<\/p><p>Il offre \u00e0 la famille et aux amis l&rsquo;occasion d&rsquo;en savoir plus sur leur vie, de partager des souvenirs et de raconter des histoires, afin que votre proche ne soit pas oubli\u00e9.<\/p><p>Il partage la beaut\u00e9 de leur vie avec ceux qui les ont connus et offre aux g\u00e9n\u00e9rations futures l&rsquo;occasion d&rsquo;apprendre \u00e0 les conna\u00eetre.<\/p><p>En cr\u00e9ant un Loving Memorial, et \u00e0 travers l&rsquo;acte de comm\u00e9moration, nous pouvons aussi faire l&rsquo;exp\u00e9rience de <a href=\"https:\/\/www.lovingmemorials.com\/fr\/a-propos\/#remembrance\">l&rsquo;amour et de la proximit\u00e9<\/a> .<\/p><h3><strong>Comment puis-je cr\u00e9er un<\/strong> m\u00e9morial d&rsquo;amour&nbsp;?<\/h3><p><span style=\"font-weight: 400;\">Apr\u00e8s avoir regard\u00e9 l&rsquo; <a href=\"https:\/\/www.lovingmemorials.com\/m\/antonio-gomes\/112925\/\">exemple<\/a> , vous pouvez passer en revue nos <a href=\"https:\/\/www.lovingmemorials.com\/fr\/fonctionnalites-plans\/\">fonctionnalit\u00e9s<\/a> , choisir un plan, puis <a href=\"https:\/\/www.lovingmemorials.com\/create-memorial\/\">vous inscrire<\/a> .<\/span><\/p><h3><strong>Qu&rsquo;est-ce que le<\/strong> <strong>Plan Permanent ?<\/strong><\/h3><p>Le plan permanent signifie que vous n&rsquo;avez qu&rsquo;\u00e0 effectuer un <em>seul<\/em> paiement pour <em>toujours<\/em> avoir votre Loving Memorial avec nous.<\/p><p>Vous pourrez toujours visualiser, modifier, partager et inviter des visiteurs \u00e0 voir votre m\u00e9morial sans frais ni co\u00fbts suppl\u00e9mentaires.<\/p><h3><strong>Est-il facile de cr\u00e9er un m\u00e9morial aimant<\/strong> ?<\/h3>\t\t\t\t\t\t<\/div>\n\t\t\t\t<\/div>\n\t\t\t\t<div class=\"elementor-element elementor-element-b860668 elementor-widget__width-initial elementor-widget-tablet__width-inherit elementor-widget-mobile__width-inherit elementor-widget elementor-widget-text-editor\" data-id=\"b860668\" data-element_type=\"widget\" data-widget_type=\"text-editor.default\">\n\t\t\t\t<div class=\"elementor-widget-container\">\n\t\t\t\t\t\t\t<p style=\"background-color: #ffffff;\">Notre mod\u00e8le permet \u00e0 quiconque de cr\u00e9er facilement un m\u00e9morial.<\/p><p style=\"background-color: #ffffff;\">Par exemple, pour ajouter un souvenir, vous ajoutez une image et vos mots, puis cliquez sur &lsquo;Enregistrer&rsquo;.<\/p>\t\t\t\t\t\t<\/div>\n\t\t\t\t<\/div>\n\t\t\t\t<div class=\"elementor-element elementor-element-f41e78d elementor-widget__width-initial elementor-widget-tablet__width-inherit elementor-widget-mobile__width-inherit elementor-widget elementor-widget-image\" data-id=\"f41e78d\" data-element_type=\"widget\" data-widget_type=\"image.default\">\n\t\t\t\t<div class=\"elementor-widget-container\">\n\t\t\t\t\t\t\t\t\t\t<figure class=\"wp-caption\">\n\t\t\t\t\t\t\t\t\t\t\t<a href=\"https:\/\/www.lovingmemorials.com\/wp-content\/uploads\/2021\/11\/dad-mom.png\" data-elementor-open-lightbox=\"yes\" data-elementor-lightbox-title=\"papa maman\" data-e-action-hash=\"#elementor-action%3Aaction%3Dlightbox%26settings%3DeyJpZCI6MjU4MywidXJsIjoiaHR0cHM6XC9cL3d3dy5sb3ZpbmdtZW1vcmlhbHMuY29tXC93cC1jb250ZW50XC91cGxvYWRzXC8yMDIxXC8xMVwvZGFkLW1vbS5wbmcifQ%3D%3D\">\n\t\t\t\t\t\t\t<img fetchpriority=\"high\" decoding=\"async\" width=\"991\" height=\"762\" src=\"https:\/\/www.lovingmemorials.com\/wp-content\/uploads\/2021\/11\/dad-mom.png\" class=\"attachment-full size-full wp-image-2583\" alt=\"\" srcset=\"https:\/\/www.lovingmemorials.com\/wp-content\/uploads\/2021\/11\/dad-mom.png 991w, https:\/\/www.lovingmemorials.com\/wp-content\/uploads\/2021\/11\/dad-mom-300x231.png 300w, https:\/\/www.lovingmemorials.com\/wp-content\/uploads\/2021\/11\/dad-mom-768x591.png 768w, https:\/\/www.lovingmemorials.com\/wp-content\/uploads\/2021\/11\/dad-mom-700x538.png 700w\" sizes=\"(max-width: 991px) 100vw, 991px\" \/>\t\t\t\t\t\t\t\t<\/a>\n\t\t\t\t\t\t\t\t\t\t\t<figcaption class=\"widget-image-caption wp-caption-text\"><\/figcaption>\n\t\t\t\t\t\t\t\t\t\t<\/figure>\n\t\t\t\t\t\t\t<\/div>\n\t\t\t\t<\/div>\n\t\t\t\t<div class=\"elementor-element elementor-element-9a30300 elementor-widget elementor-widget-text-editor\" data-id=\"9a30300\" data-element_type=\"widget\" data-widget_type=\"text-editor.default\">\n\t\t\t\t<div class=\"elementor-widget-container\">\n\t\t\t\t\t\t\t<h3 style=\"background-color: #ffffff;\"><strong>\u00c0 quoi ressemblera mon site Web comm\u00e9moratif<\/strong><strong>&nbsp;?<\/strong><\/h3><p>Choisissez l&rsquo;une de nos plus de <a href=\"https:\/\/www.lovingmemorials.com\/fr\/guider\/modele-constructeur\/#templates\">200 images d&rsquo;arri\u00e8re<\/a> -plan qui servira de mod\u00e8le. Personnalisez ensuite chaque page avec vos photos, sentiments et vid\u00e9os pour cr\u00e9er un hommage unique \u00e0 votre bien-aim\u00e9.<\/p><p>Vous trouverez ci-dessous quelques exemples d&rsquo;images d&rsquo;arri\u00e8re-plan. Si nous n&rsquo;avons pas le type d&rsquo;image que vous recherchez, veuillez nous contacter et nous ferons de notre mieux pour vous satisfaire.<\/p>\t\t\t\t\t\t<\/div>\n\t\t\t\t<\/div>\n\t\t\t\t<div class=\"elementor-element elementor-element-236c673 elementor-widget elementor-widget-bridge_advanced_image_gallery\" data-id=\"236c673\" data-element_type=\"widget\" data-widget_type=\"bridge_advanced_image_gallery.default\">\n\t\t\t\t<div class=\"elementor-widget-container\">\n\t\t\t<div class=\"qode-advanced-image-gallery  qode-aig-grid-type qode-small-space qode-has-shadow qode-image-behavior-lightbox \">\n\t<div class=\"qode-aig-inner qode-outer-space qode-aig-grid qode-aig-three-columns\">\n\t\t\t\t\t<div class=\"qode-aig-image qode-item-space\">\n\t\t\t\t<div class=\"qode-aig-image-inner\">\n\t\t\t\t\t\t\t\t\t\t\t<a itemprop=\"image\" class=\"qode-aig-lightbox\" href=\"https:\/\/www.lovingmemorials.com\/wp-content\/uploads\/2021\/12\/ocean-sunset-scaled-e1639276389987.jpg\" data-rel=\"prettyPhoto[image_gallery_pretty_photo-304]\" title=\"Ciel,Arri\u00e8re-plan,Et,Eau,R\u00e9flexion.,\u00c9l\u00e9ment,De,Design.\">\n\t\t\t\t\t\t\t\t\t\t\t<img decoding=\"async\" width=\"2560\" height=\"1714\" src=\"https:\/\/www.lovingmemorials.com\/wp-content\/uploads\/2021\/12\/ocean-sunset-scaled-e1639276389987.jpg\" class=\"attachment-full size-full\" alt=\"\" \/>\t\t\t\t\t\t<span class=\"aig-gallery-hover\">\n\t\t\t\t\t\t\t\t\t\t\t\t\t\t\t<span class=\"icon-arrows-plus\"><\/span> \n\t\t\t\t\t\t\t\t\t\t\t\t\t<\/span>\n\t\t\t\t\t\t\t\t\t\t\t<\/a>\n\t\t\t\t\t\t\t\t\t<\/div>\n\t\t\t<\/div>\n\t\t\t\t\t<div class=\"qode-aig-image qode-item-space\">\n\t\t\t\t<div class=\"qode-aig-image-inner\">\n\t\t\t\t\t\t\t\t\t\t\t<a itemprop=\"image\" class=\"qode-aig-lightbox\" href=\"https:\/\/www.lovingmemorials.com\/wp-content\/uploads\/2021\/12\/sunny-trees.jpg-scaled-e1639414524577.jpg\" data-rel=\"prettyPhoto[image_gallery_pretty_photo-304]\" title=\"jardin vert\">\n\t\t\t\t\t\t\t\t\t\t\t<img decoding=\"async\" width=\"2560\" height=\"1219\" src=\"https:\/\/www.lovingmemorials.com\/wp-content\/uploads\/2021\/12\/sunny-trees.jpg-scaled-e1639414524577.jpg\" class=\"attachment-full size-full\" alt=\"\" \/>\t\t\t\t\t\t<span class=\"aig-gallery-hover\">\n\t\t\t\t\t\t\t\t\t\t\t\t\t\t\t<span class=\"icon-arrows-plus\"><\/span> \n\t\t\t\t\t\t\t\t\t\t\t\t\t<\/span>\n\t\t\t\t\t\t\t\t\t\t\t<\/a>\n\t\t\t\t\t\t\t\t\t<\/div>\n\t\t\t<\/div>\n\t\t\t\t\t<div class=\"qode-aig-image qode-item-space\">\n\t\t\t\t<div class=\"qode-aig-image-inner\">\n\t\t\t\t\t\t\t\t\t\t\t<a itemprop=\"image\" class=\"qode-aig-lightbox\" href=\"https:\/\/www.lovingmemorials.com\/wp-content\/uploads\/2021\/12\/mountain-wildflowers.jpg-scaled-e1639423263610.jpg\" data-rel=\"prettyPhoto[image_gallery_pretty_photo-304]\" title=\"Fleurs sauvages, Mount Rainier, Washington st\">\n\t\t\t\t\t\t\t\t\t\t\t<img loading=\"lazy\" decoding=\"async\" width=\"2560\" height=\"1441\" src=\"https:\/\/www.lovingmemorials.com\/wp-content\/uploads\/2021\/12\/mountain-wildflowers.jpg-scaled-e1639423263610.jpg\" class=\"attachment-full size-full\" alt=\"\" \/>\t\t\t\t\t\t<span class=\"aig-gallery-hover\">\n\t\t\t\t\t\t\t\t\t\t\t\t\t\t\t<span class=\"icon-arrows-plus\"><\/span> \n\t\t\t\t\t\t\t\t\t\t\t\t\t<\/span>\n\t\t\t\t\t\t\t\t\t\t\t<\/a>\n\t\t\t\t\t\t\t\t\t<\/div>\n\t\t\t<\/div>\n\t\t\t\t\t<div class=\"qode-aig-image qode-item-space\">\n\t\t\t\t<div class=\"qode-aig-image-inner\">\n\t\t\t\t\t\t\t\t\t\t\t<a itemprop=\"image\" class=\"qode-aig-lightbox\" href=\"https:\/\/www.lovingmemorials.com\/wp-content\/uploads\/2021\/12\/blue-sky.jpg-scaled-e1640378236798.jpg\" data-rel=\"prettyPhoto[image_gallery_pretty_photo-304]\" title=\"Fond de ciel bleu et nuages blancs\">\n\t\t\t\t\t\t\t\t\t\t\t<img loading=\"lazy\" decoding=\"async\" width=\"2560\" height=\"1707\" src=\"https:\/\/www.lovingmemorials.com\/wp-content\/uploads\/2021\/12\/blue-sky.jpg-scaled-e1640378236798.jpg\" class=\"attachment-full size-full\" alt=\"\" \/>\t\t\t\t\t\t<span class=\"aig-gallery-hover\">\n\t\t\t\t\t\t\t\t\t\t\t\t\t\t\t<span class=\"icon-arrows-plus\"><\/span> \n\t\t\t\t\t\t\t\t\t\t\t\t\t<\/span>\n\t\t\t\t\t\t\t\t\t\t\t<\/a>\n\t\t\t\t\t\t\t\t\t<\/div>\n\t\t\t<\/div>\n\t\t\t\t\t<div class=\"qode-aig-image qode-item-space\">\n\t\t\t\t<div class=\"qode-aig-image-inner\">\n\t\t\t\t\t\t\t\t\t\t\t<a itemprop=\"image\" class=\"qode-aig-lightbox\" href=\"https:\/\/www.lovingmemorials.com\/wp-content\/uploads\/2021\/12\/cross-on-mount.jpg-scaled-e1639415097815.jpg\" data-rel=\"prettyPhoto[image_gallery_pretty_photo-304]\" title=\"traverser\">\n\t\t\t\t\t\t\t\t\t\t\t<img loading=\"lazy\" decoding=\"async\" width=\"2560\" height=\"1138\" src=\"https:\/\/www.lovingmemorials.com\/wp-content\/uploads\/2021\/12\/cross-on-mount.jpg-scaled-e1639415097815.jpg\" class=\"attachment-full size-full\" alt=\"\" \/>\t\t\t\t\t\t<span class=\"aig-gallery-hover\">\n\t\t\t\t\t\t\t\t\t\t\t\t\t\t\t<span class=\"icon-arrows-plus\"><\/span> \n\t\t\t\t\t\t\t\t\t\t\t\t\t<\/span>\n\t\t\t\t\t\t\t\t\t\t\t<\/a>\n\t\t\t\t\t\t\t\t\t<\/div>\n\t\t\t<\/div>\n\t\t\t\t\t<div class=\"qode-aig-image qode-item-space\">\n\t\t\t\t<div class=\"qode-aig-image-inner\">\n\t\t\t\t\t\t\t\t\t\t\t<a itemprop=\"image\" class=\"qode-aig-lightbox\" href=\"https:\/\/www.lovingmemorials.com\/wp-content\/uploads\/2021\/12\/saluting-soldier.jpg-scaled-e1639276862202.jpg\" data-rel=\"prettyPhoto[image_gallery_pretty_photo-304]\" title=\"Double,Exposure,Of,Saluting,Soldier,On,Usa,Grunge,Flag.,Vintage,\">\n\t\t\t\t\t\t\t\t\t\t\t<img loading=\"lazy\" decoding=\"async\" width=\"2560\" height=\"1536\" src=\"https:\/\/www.lovingmemorials.com\/wp-content\/uploads\/2021\/12\/saluting-soldier.jpg-scaled-e1639276862202.jpg\" class=\"attachment-full size-full\" alt=\"\" \/>\t\t\t\t\t\t<span class=\"aig-gallery-hover\">\n\t\t\t\t\t\t\t\t\t\t\t\t\t\t\t<span class=\"icon-arrows-plus\"><\/span> \n\t\t\t\t\t\t\t\t\t\t\t\t\t<\/span>\n\t\t\t\t\t\t\t\t\t\t\t<\/a>\n\t\t\t\t\t\t\t\t\t<\/div>\n\t\t\t<\/div>\n\t\t\t\t\t<div class=\"qode-aig-image qode-item-space\">\n\t\t\t\t<div class=\"qode-aig-image-inner\">\n\t\t\t\t\t\t\t\t\t\t\t<a itemprop=\"image\" class=\"qode-aig-lightbox\" href=\"https:\/\/www.lovingmemorials.com\/wp-content\/uploads\/2021\/12\/flowerboard-purple.jpg-scaled-e1640296960142.jpg\" data-rel=\"prettyPhoto[image_gallery_pretty_photo-304]\" title=\"Beautiful,Spring,Flowers,On,Paper,Background\">\n\t\t\t\t\t\t\t\t\t\t\t<img loading=\"lazy\" decoding=\"async\" width=\"2560\" height=\"1237\" src=\"https:\/\/www.lovingmemorials.com\/wp-content\/uploads\/2021\/12\/flowerboard-purple.jpg-scaled-e1640296960142.jpg\" class=\"attachment-full size-full\" alt=\"\" \/>\t\t\t\t\t\t<span class=\"aig-gallery-hover\">\n\t\t\t\t\t\t\t\t\t\t\t\t\t\t\t<span class=\"icon-arrows-plus\"><\/span> \n\t\t\t\t\t\t\t\t\t\t\t\t\t<\/span>\n\t\t\t\t\t\t\t\t\t\t\t<\/a>\n\t\t\t\t\t\t\t\t\t<\/div>\n\t\t\t<\/div>\n\t\t\t\t\t<div class=\"qode-aig-image qode-item-space\">\n\t\t\t\t<div class=\"qode-aig-image-inner\">\n\t\t\t\t\t\t\t\t\t\t\t<a itemprop=\"image\" class=\"qode-aig-lightbox\" href=\"https:\/\/www.lovingmemorials.com\/wp-content\/uploads\/2021\/12\/balcony-ocean-view-scaled-e1639414909778.jpg\" data-rel=\"prettyPhoto[image_gallery_pretty_photo-304]\" title=\"balcon-vue-oc\u00e9an\">\n\t\t\t\t\t\t\t\t\t\t\t<img loading=\"lazy\" decoding=\"async\" width=\"2560\" height=\"1810\" src=\"https:\/\/www.lovingmemorials.com\/wp-content\/uploads\/2021\/12\/balcony-ocean-view-scaled-e1639414909778.jpg\" class=\"attachment-full size-full\" alt=\"\" \/>\t\t\t\t\t\t<span class=\"aig-gallery-hover\">\n\t\t\t\t\t\t\t\t\t\t\t\t\t\t\t<span class=\"icon-arrows-plus\"><\/span> \n\t\t\t\t\t\t\t\t\t\t\t\t\t<\/span>\n\t\t\t\t\t\t\t\t\t\t\t<\/a>\n\t\t\t\t\t\t\t\t\t<\/div>\n\t\t\t<\/div>\n\t\t\t\t\t<div class=\"qode-aig-image qode-item-space\">\n\t\t\t\t<div class=\"qode-aig-image-inner\">\n\t\t\t\t\t\t\t\t\t\t\t<a itemprop=\"image\" class=\"qode-aig-lightbox\" href=\"https:\/\/www.lovingmemorials.com\/wp-content\/uploads\/2021\/12\/luxury-pink-marble.jpg-scaled-e1639415200212.jpg\" data-rel=\"prettyPhoto[image_gallery_pretty_photo-304]\" title=\"Luxe, rose, marbre, texture, fond, conception, pour, banni\u00e8re,, invitation,, papier peint,\">\n\t\t\t\t\t\t\t\t\t\t\t<img loading=\"lazy\" decoding=\"async\" width=\"2560\" height=\"1920\" src=\"https:\/\/www.lovingmemorials.com\/wp-content\/uploads\/2021\/12\/luxury-pink-marble.jpg-scaled-e1639415200212.jpg\" class=\"attachment-full size-full\" alt=\"\" \/>\t\t\t\t\t\t<span class=\"aig-gallery-hover\">\n\t\t\t\t\t\t\t\t\t\t\t\t\t\t\t<span class=\"icon-arrows-plus\"><\/span> \n\t\t\t\t\t\t\t\t\t\t\t\t\t<\/span>\n\t\t\t\t\t\t\t\t\t\t\t<\/a>\n\t\t\t\t\t\t\t\t\t<\/div>\n\t\t\t<\/div>\n\t\t\t<\/div>\n<\/div>\t\t<\/div>\n\t\t\t\t<\/div>\n\t\t\t\t<div class=\"elementor-element elementor-element-4aaab5f elementor-widget elementor-widget-text-editor\" data-id=\"4aaab5f\" data-element_type=\"widget\" data-widget_type=\"text-editor.default\">\n\t\t\t\t<div class=\"elementor-widget-container\">\n\t\t\t\t\t\t\t<h3><strong>Ma famille et mes amis peuvent-<\/strong> ils contribuer <strong>au Loving Memorial ?<\/strong><\/h3><p>Oui. Ils peuvent t\u00e9l\u00e9charger des photos et des vid\u00e9os sur le m\u00e9morial. Ils peuvent \u00e9galement ajouter des pens\u00e9es, des souvenirs et des histoires au livre d&rsquo;or. Vous contr\u00f4lez (et pouvez modifier) le contenu qui appara\u00eet.<\/p><h3><strong>Puis-je voir un exemple de<\/strong> <strong>site Web Loving Memorial&nbsp;?<\/strong><\/h3><p>Le <a href=\"https:\/\/www.lovingmemorials.com\/m\/antonio-gomes\/112925\/\">Loving Memorial for Antonio Gomes<\/a> est un exemple de site Web Loving Memorial. <\/p><h3><strong>Dans quelles langues<\/strong> puis-je cr\u00e9er un <strong>site Web Loving Memorial ?<\/strong><\/h3><p>Vous pouvez cr\u00e9er, modifier et afficher un Loving Memorial dans les langues suivantes&nbsp;:<\/p><p><a href=\"https:\/\/www.lovingmemorials.com\/fr\/\">Anglais<\/a> , <a href=\"https:\/\/www.lovingmemorials.com\/fi\/\">finnois<\/a> , <a href=\"https:\/\/www.lovingmemorials.com\/fr\/\">fran\u00e7ais<\/a> , <a href=\"https:\/\/www.lovingmemorials.com\/de\/\">allemand<\/a> , <a href=\"https:\/\/www.lovingmemorials.com\/id\/\">indon\u00e9sien<\/a> , <a href=\"https:\/\/www.lovingmemorials.com\/it\/\">italien<\/a> , <a href=\"https:\/\/www.lovingmemorials.com\/ms\/\">malais<\/a> , <a href=\"https:\/\/www.lovingmemorials.com\/pl\/\">polonais<\/a> , <a href=\"https:\/\/www.lovingmemorials.com\/pt-br\/\">portugais (Br\u00e9sil)<\/a> , <a href=\"https:\/\/www.lovingmemorials.com\/pt-pt\/\">portugais (Portugal)<\/a> , <a href=\"https:\/\/www.lovingmemorials.com\/es\/\">espagnol<\/a> , <a href=\"https:\/\/www.lovingmemorials.com\/sv\/\">su\u00e9dois<\/a> , <a href=\"https:\/\/www.lovingmemorials.com\/tr\/\">turc<\/a> , <a href=\"https:\/\/www.lovingmemorials.com\/vi\/\">vietnamien<\/a> .<\/p><h3><strong>J&rsquo;ai encore des<\/strong> questions, <strong>comment puis-je vous joindre?<\/strong><\/h3><p>La meilleure fa\u00e7on de nous joindre est de nous envoyer un message via \u00ab<a href=\"https:\/\/www.lovingmemorials.com\/fr\/prendre-contact\/\">&nbsp;Contactez-nous<\/a>&nbsp;\u00bb, ou si vous avez d\u00e9j\u00e0 cr\u00e9\u00e9 un Loving Memorial, via le formulaire \u00ab&nbsp;Aide&nbsp;\u00bb de votre compte.<\/p><p>Nous sommes fiers des temps de r\u00e9ponse rapides. Nous r\u00e9pondons \u00e0 toutes les demandes d\u00e8s que nous le pouvons, souvent en moins d&rsquo;une heure.<\/p><p>La plupart des probl\u00e8mes sont mieux expliqu\u00e9s par courrier \u00e9lectronique. Si vous pr\u00e9f\u00e9rez, nous vous appellerons.<\/p>\t\t\t\t\t\t<\/div>\n\t\t\t\t<\/div>\n\t\t\t\t\t<\/div>\n\t\t<\/div>\n\t\t\t\t\t<\/div>\n\t\t<\/section>\n\t\t\t\t\t<\/div>\n\t\t<\/div>\n\t\t\t\t\t<\/div>\n\t\t<\/section>\n\t\t\t\t<\/div>\n\t\t","protected":false},"excerpt":{"rendered":"<p>Questions fr\u00e9quemment pos\u00e9es Qu&rsquo;est-ce qu&rsquo;un m\u00e9morial d&rsquo;amour ? A Loving Memorial est un m\u00e9morial en ligne pour comm\u00e9morer la vie de votre bien-aim\u00e9. Notre service vous permet d&rsquo; ajouter des images, des vid\u00e9os, des mots et de la musique pour partager des souvenirs et raconter&#8230;<\/p>\n","protected":false},"author":1,"featured_media":0,"parent":0,"menu_order":0,"comment_status":"closed","ping_status":"closed","template":"","meta":{"footnotes":""},"class_list":["post-8282","page","type-page","status-publish","hentry"],"_links":{"self":[{"href":"https:\/\/www.lovingmemorials.com\/fr\/wp-json\/wp\/v2\/pages\/8282","targetHints":{"allow":["GET"]}}],"collection":[{"href":"https:\/\/www.lovingmemorials.com\/fr\/wp-json\/wp\/v2\/pages"}],"about":[{"href":"https:\/\/www.lovingmemorials.com\/fr\/wp-json\/wp\/v2\/types\/page"}],"author":[{"embeddable":true,"href":"https:\/\/www.lovingmemorials.com\/fr\/wp-json\/wp\/v2\/users\/1"}],"replies":[{"embeddable":true,"href":"https:\/\/www.lovingmemorials.com\/fr\/wp-json\/wp\/v2\/comments?post=8282"}],"version-history":[{"count":20,"href":"https:\/\/www.lovingmemorials.com\/fr\/wp-json\/wp\/v2\/pages\/8282\/revisions"}],"predecessor-version":[{"id":18551,"href":"https:\/\/www.lovingmemorials.com\/fr\/wp-json\/wp\/v2\/pages\/8282\/revisions\/18551"}],"wp:attachment":[{"href":"https:\/\/www.lovingmemorials.com\/fr\/wp-json\/wp\/v2\/media?parent=8282"}],"curies":[{"name":"wp","href":"https:\/\/api.w.org\/{rel}","templated":true}]}}