{"id":8417,"date":"2022-01-09T02:59:49","date_gmt":"2022-01-09T02:59:49","guid":{"rendered":"https:\/\/www.lovingmemorials.com\/guider\/se-concentrer-aime\/"},"modified":"2022-02-26T02:57:15","modified_gmt":"2022-02-26T02:57:15","slug":"se-concentrer-aime","status":"publish","type":"page","link":"https:\/\/www.lovingmemorials.com\/fr\/guider\/se-concentrer-aime\/","title":{"rendered":"Concentrez-vous sur un \u00eatre cher"},"content":{"rendered":"\t\t<div data-elementor-type=\"wp-page\" data-elementor-id=\"8417\" class=\"elementor elementor-8417\" data-elementor-post-type=\"page\">\n\t\t\t\t\t\t<section class=\"elementor-section elementor-top-section elementor-element elementor-element-0182c20 elementor-section-content-middle elementor-section-boxed elementor-section-height-default elementor-section-height-default parallax_section_no qode_elementor_container_no\" data-id=\"0182c20\" data-element_type=\"section\">\n\t\t\t\t\t\t<div class=\"elementor-container elementor-column-gap-no\">\n\t\t\t\t\t<div class=\"elementor-column elementor-col-100 elementor-top-column elementor-element elementor-element-f85ac67\" data-id=\"f85ac67\" data-element_type=\"column\">\n\t\t\t<div class=\"elementor-widget-wrap elementor-element-populated\">\n\t\t\t\t\t\t<div class=\"elementor-element elementor-element-a3ba493 guide-breardcrumb elementor-widget elementor-widget-text-editor\" data-id=\"a3ba493\" data-element_type=\"widget\" data-widget_type=\"text-editor.default\">\n\t\t\t\t<div class=\"elementor-widget-container\">\n\t\t\t\t\t\t\t<p><a href=\"https:\/\/www.lovingmemorials.com\/fr\/\">Accueil<\/a>&gt;&gt; <a href=\"https:\/\/www.lovingmemorials.com\/fr\/guider\/\">Guide des sites Web comm\u00e9moratifs<\/a> &gt;&gt;<\/p>\t\t\t\t\t\t<\/div>\n\t\t\t\t<\/div>\n\t\t\t\t<div class=\"elementor-element elementor-element-fff4700 page-header elementor-widget elementor-widget-heading\" data-id=\"fff4700\" data-element_type=\"widget\" data-widget_type=\"heading.default\">\n\t\t\t\t<div class=\"elementor-widget-container\">\n\t\t\t<h1 class=\"elementor-heading-title elementor-size-default\">Un m\u00e9morial ax\u00e9 sur votre bien-aim\u00e9<\/h1>\t\t<\/div>\n\t\t\t\t<\/div>\n\t\t\t\t<section class=\"elementor-section elementor-inner-section elementor-element elementor-element-5c8432b elementor-section-content-middle container-shadow elementor-section-boxed elementor-section-height-default elementor-section-height-default parallax_section_no qode_elementor_container_no\" data-id=\"5c8432b\" data-element_type=\"section\" data-settings=\"{&quot;background_background&quot;:&quot;classic&quot;}\">\n\t\t\t\t\t\t<div class=\"elementor-container elementor-column-gap-no\">\n\t\t\t\t\t<div class=\"elementor-column elementor-col-100 elementor-inner-column elementor-element elementor-element-6155df8\" data-id=\"6155df8\" data-element_type=\"column\">\n\t\t\t<div class=\"elementor-widget-wrap elementor-element-populated\">\n\t\t\t\t\t\t<div class=\"elementor-element elementor-element-a9e2b32 elementor-widget elementor-widget-text-editor\" data-id=\"a9e2b32\" data-element_type=\"widget\" data-widget_type=\"text-editor.default\">\n\t\t\t\t<div class=\"elementor-widget-container\">\n\t\t\t\t\t\t\t<p><span style=\"font-weight: 400;\">Le h\u00e9ros d&rsquo;un m\u00e9morial en ligne est votre bien-aim\u00e9 et le m\u00e9morial doit \u00eatre enti\u00e8rement ax\u00e9 sur lui. Un m\u00e9morial commence \u00e0 perdre cette orientation lorsqu&rsquo;il a des publicit\u00e9s et une marque d&rsquo;entreprise qui sont trop importantes.<\/span><\/p><h3><b>Annonces et liens pour cr\u00e9er un m\u00e9morial pour quelqu&rsquo;un d&rsquo;autre<\/b><\/h3><p><span style=\"font-weight: 400;\">Les publicit\u00e9s sont une distraction visuelle pour l&rsquo;histoire de votre bien-aim\u00e9. Ils cr\u00e9ent de l&rsquo;encombrement et du \u00ab\u00a0bruit\u00a0\u00bb et g\u00eanent les choses importantes que vous racontez \u00e0 propos de votre bien-aim\u00e9. Les annonces sur un m\u00e9morial peuvent prendre la forme de banni\u00e8res publicitaires, d&rsquo;annonces textuelles ou de liens pour cr\u00e9er un m\u00e9morial pour quelqu&rsquo;un d&rsquo;autre. <\/span><\/p><h3><b>Image de marque de l&rsquo;entreprise trop visible<\/b><\/h3><p>Le service de site Web comm\u00e9moratif qui fournit votre m\u00e9morial peut avoir le logo de son entreprise affich\u00e9 trop en \u00e9vidence. Des liens d&rsquo;entreprise, tels que les comptes de m\u00e9dias sociaux de l&rsquo;entreprise, peuvent \u00e9galement appara\u00eetre sur le m\u00e9morial de votre proche.<\/p><p>Un logo d&rsquo;entreprise et d&rsquo;autres liens d&rsquo;entreprise n&rsquo;ajoutent rien au m\u00e9morial, et ils peuvent \u00eatre une distraction visuelle pour l&rsquo;histoire de votre bien-aim\u00e9, tout en enlevant son attrait visuel.<\/p><h3><b>Un m\u00e9morial aimant est centr\u00e9 sur votre bien-aim\u00e9<\/b><\/h3><p>Un m\u00e9morial enti\u00e8rement centr\u00e9 sur votre bien-aim\u00e9 est paisible et serein.<\/p><p>Vous trouverez ci-dessous une capture d&rsquo;\u00e9cran de notre <a href=\"https:\/\/www.lovingmemorials.com\/m\/antonio-gomes\/112925\/\">exemple<\/a> de Loving Memorial. Sur un Loving Memorial, vous ne verrez pas de liens pour cr\u00e9er un m\u00e9morial pour quelqu&rsquo;un d&rsquo;autre, ni aucune publicit\u00e9, et notre logo est \u00e0 peine perceptible.<\/p><p><a href=\"https:\/\/www.lovingmemorials.com\/m\/antonio-gomes\/112925\/\" target=\"_blank\" rel=\"noopener\"><img fetchpriority=\"high\" decoding=\"async\" class=\"alignnone wp-image-9537 size-full\" src=\"https:\/\/www.lovingmemorials.com\/wp-content\/uploads\/2022\/01\/Loving-Memorials-Antonio-Gomes-Loving-Memorial-e1642443938302.png\" alt=\"Image home page of loving memorials\" width=\"1024\" height=\"693\"><\/a><\/p>\t\t\t\t\t\t<\/div>\n\t\t\t\t<\/div>\n\t\t\t\t<div class=\"elementor-element elementor-element-a2aaf84 elementor-widget__width-initial elementor-widget-mobile__width-inherit elementor-widget elementor-widget-image\" data-id=\"a2aaf84\" data-element_type=\"widget\" data-widget_type=\"image.default\">\n\t\t\t\t<div class=\"elementor-widget-container\">\n\t\t\t\t\t\t\t\t\t\t\t\t\t\t<a href=\"https:\/\/www.lovingmemorials.com\/wp-content\/uploads\/2022\/01\/Loving-Memorials-Antonio-Gomes-Loving-Memorial-Heart-e1642445682611.png\" data-elementor-open-lightbox=\"yes\" data-elementor-lightbox-title=\"Souvenirs d&#039;amour Antonio Gomes C\u0153ur de m\u00e9morial d&#039;amour\" data-e-action-hash=\"#elementor-action%3Aaction%3Dlightbox%26settings%3DeyJpZCI6OTU3MywidXJsIjoiaHR0cHM6XC9cL3d3dy5sb3ZpbmdtZW1vcmlhbHMuY29tXC93cC1jb250ZW50XC91cGxvYWRzXC8yMDIyXC8wMVwvTG92aW5nLU1lbW9yaWFscy1BbnRvbmlvLUdvbWVzLUxvdmluZy1NZW1vcmlhbC1IZWFydC1lMTY0MjQ0NTY4MjYxMS5wbmcifQ%3D%3D\">\n\t\t\t\t\t\t\t<img decoding=\"async\" width=\"600\" height=\"620\" src=\"https:\/\/www.lovingmemorials.com\/wp-content\/uploads\/2022\/01\/Loving-Memorials-Antonio-Gomes-Loving-Memorial-Heart-e1642445682611.png\" class=\"attachment-full size-full wp-image-9573\" alt=\"Half Image page d&#039;accueil des monuments comm\u00e9moratifs d&#039;amour\" \/>\t\t\t\t\t\t\t\t<\/a>\n\t\t\t\t\t\t\t\t\t\t\t\t\t<\/div>\n\t\t\t\t<\/div>\n\t\t\t\t<div class=\"elementor-element elementor-element-93e206d elementor-widget__width-initial elementor-widget-mobile__width-inherit elementor-widget elementor-widget-text-editor\" data-id=\"93e206d\" data-element_type=\"widget\" data-widget_type=\"text-editor.default\">\n\t\t\t\t<div class=\"elementor-widget-container\">\n\t\t\t\t\t\t\t<p>Sur un Loving Memorial, o\u00f9 un logo appara\u00eetrait normalement, nous n&rsquo;affichons que la partie c\u0153ur de notre logo sans lettrage. Le c\u0153ur donne de la chaleur au m\u00e9morial sans \u00eatre identifiable comme un logo.<\/p><p>Chez Loving Memorials, notre marque n&rsquo;est pas le h\u00e9ros de l&rsquo;histoire, votre bien-aim\u00e9 est le h\u00e9ros de l&rsquo;histoire.<\/p>\t\t\t\t\t\t<\/div>\n\t\t\t\t<\/div>\n\t\t\t\t\t<\/div>\n\t\t<\/div>\n\t\t\t\t\t<\/div>\n\t\t<\/section>\n\t\t\t\t\t<\/div>\n\t\t<\/div>\n\t\t\t\t\t<\/div>\n\t\t<\/section>\n\t\t\t\t<\/div>\n\t\t","protected":false},"excerpt":{"rendered":"<p>Accueil&gt;&gt; Guide des sites Web comm\u00e9moratifs &gt;&gt; Un m\u00e9morial ax\u00e9 sur votre bien-aim\u00e9 Le h\u00e9ros d&rsquo;un m\u00e9morial en ligne est votre bien-aim\u00e9 et le m\u00e9morial doit \u00eatre enti\u00e8rement ax\u00e9 sur lui. Un m\u00e9morial commence \u00e0 perdre cette orientation lorsqu&rsquo;il a des publicit\u00e9s et une marque&#8230;<\/p>\n","protected":false},"author":6,"featured_media":0,"parent":8146,"menu_order":0,"comment_status":"closed","ping_status":"closed","template":"","meta":{"footnotes":""},"class_list":["post-8417","page","type-page","status-publish","hentry"],"_links":{"self":[{"href":"https:\/\/www.lovingmemorials.com\/fr\/wp-json\/wp\/v2\/pages\/8417","targetHints":{"allow":["GET"]}}],"collection":[{"href":"https:\/\/www.lovingmemorials.com\/fr\/wp-json\/wp\/v2\/pages"}],"about":[{"href":"https:\/\/www.lovingmemorials.com\/fr\/wp-json\/wp\/v2\/types\/page"}],"author":[{"embeddable":true,"href":"https:\/\/www.lovingmemorials.com\/fr\/wp-json\/wp\/v2\/users\/6"}],"replies":[{"embeddable":true,"href":"https:\/\/www.lovingmemorials.com\/fr\/wp-json\/wp\/v2\/comments?post=8417"}],"version-history":[{"count":9,"href":"https:\/\/www.lovingmemorials.com\/fr\/wp-json\/wp\/v2\/pages\/8417\/revisions"}],"predecessor-version":[{"id":17877,"href":"https:\/\/www.lovingmemorials.com\/fr\/wp-json\/wp\/v2\/pages\/8417\/revisions\/17877"}],"up":[{"embeddable":true,"href":"https:\/\/www.lovingmemorials.com\/fr\/wp-json\/wp\/v2\/pages\/8146"}],"wp:attachment":[{"href":"https:\/\/www.lovingmemorials.com\/fr\/wp-json\/wp\/v2\/media?parent=8417"}],"curies":[{"name":"wp","href":"https:\/\/api.w.org\/{rel}","templated":true}]}}