{"id":8737,"date":"2022-01-10T19:32:06","date_gmt":"2022-01-10T19:32:06","guid":{"rendered":"https:\/\/www.lovingmemorials.com\/guider\/la-narration\/"},"modified":"2022-02-26T02:49:59","modified_gmt":"2022-02-26T02:49:59","slug":"conte-diaporama","status":"publish","type":"page","link":"https:\/\/www.lovingmemorials.com\/fr\/guider\/conte-diaporama\/","title":{"rendered":"Diaporama de narration"},"content":{"rendered":"\t\t<div data-elementor-type=\"wp-page\" data-elementor-id=\"8737\" class=\"elementor elementor-8737\" data-elementor-post-type=\"page\">\n\t\t\t\t\t\t<section class=\"elementor-section elementor-top-section elementor-element elementor-element-0182c20 elementor-section-content-middle elementor-section-boxed elementor-section-height-default elementor-section-height-default parallax_section_no qode_elementor_container_no\" data-id=\"0182c20\" data-element_type=\"section\">\n\t\t\t\t\t\t<div class=\"elementor-container elementor-column-gap-no\">\n\t\t\t\t\t<div class=\"elementor-column elementor-col-100 elementor-top-column elementor-element elementor-element-f85ac67\" data-id=\"f85ac67\" data-element_type=\"column\">\n\t\t\t<div class=\"elementor-widget-wrap elementor-element-populated\">\n\t\t\t\t\t\t<div class=\"elementor-element elementor-element-a3ba493 guide-breardcrumb elementor-widget elementor-widget-text-editor\" data-id=\"a3ba493\" data-element_type=\"widget\" data-widget_type=\"text-editor.default\">\n\t\t\t\t<div class=\"elementor-widget-container\">\n\t\t\t\t\t\t\t<p><a href=\"https:\/\/www.lovingmemorials.com\/fr\/\">Accueil<\/a>&gt;&gt; <a href=\"https:\/\/www.lovingmemorials.com\/fr\/guider\/\">Guide des sites Web comm\u00e9moratifs<\/a> &gt;&gt;<\/p>\t\t\t\t\t\t<\/div>\n\t\t\t\t<\/div>\n\t\t\t\t<div class=\"elementor-element elementor-element-fff4700 page-header elementor-widget elementor-widget-heading\" data-id=\"fff4700\" data-element_type=\"widget\" data-widget_type=\"heading.default\">\n\t\t\t\t<div class=\"elementor-widget-container\">\n\t\t\t<h1 class=\"elementor-heading-title elementor-size-default\">Narration dans un diaporama comm\u00e9moratif<\/h1>\t\t<\/div>\n\t\t\t\t<\/div>\n\t\t\t\t<section class=\"elementor-section elementor-inner-section elementor-element elementor-element-5c8432b elementor-section-content-middle container-shadow elementor-section-boxed elementor-section-height-default elementor-section-height-default parallax_section_no qode_elementor_container_no\" data-id=\"5c8432b\" data-element_type=\"section\" data-settings=\"{&quot;background_background&quot;:&quot;classic&quot;}\">\n\t\t\t\t\t\t<div class=\"elementor-container elementor-column-gap-no\">\n\t\t\t\t\t<div class=\"elementor-column elementor-col-100 elementor-inner-column elementor-element elementor-element-6155df8\" data-id=\"6155df8\" data-element_type=\"column\">\n\t\t\t<div class=\"elementor-widget-wrap elementor-element-populated\">\n\t\t\t\t\t\t<div class=\"elementor-element elementor-element-cf3f708 elementor-widget elementor-widget-text-editor\" data-id=\"cf3f708\" data-element_type=\"widget\" data-widget_type=\"text-editor.default\">\n\t\t\t\t<div class=\"elementor-widget-container\">\n\t\t\t\t\t\t\t<p>Pour qu&rsquo;un site Web comm\u00e9moratif capture la pr\u00e9ciosit\u00e9 d&rsquo;un \u00eatre cher, son histoire doit prendre vie \u00e0 travers des images, des vid\u00e9os et des mots. Il est racont\u00e9 \u00e0 travers des images et des vid\u00e9os, mais les mots derri\u00e8re ces souvenirs donnent vie \u00e0 l&rsquo;histoire de votre proche afin qu&rsquo;elle puisse \u00eatre comprise et appr\u00e9ci\u00e9e par les autres.<\/p><h3>La page \u00ab&nbsp;Vie&nbsp;\u00bb&nbsp;: un diaporama de souvenirs<\/h3><p>Chaque Loving Memorial est accompagn\u00e9 d&rsquo;une page \u00ab&nbsp;Vie&nbsp;\u00bb &#8211; voir un exemple de <a href=\"https:\/\/www.lovingmemorials.com\/m\/antonio-gomes\/112925\/\">page de vie<\/a> .<\/p><p>La page Vie est une pr\u00e9sentation en diaporama des souvenirs importants qui repr\u00e9sentent la vie de votre proche. Chaque diapositive est un souvenir. Les souvenirs peuvent \u00eatre pr\u00e9sent\u00e9s dans un ordre chronologique, ou dans n&rsquo;importe quel ordre que vous aimez.<\/p><p>De la musique et des chansons peuvent \u00eatre ajout\u00e9es au diaporama.<\/p><h3>Les souvenirs font la vie<\/h3><p>La page Vie se compose d&rsquo;images et de vid\u00e9os m\u00e9morables que les visiteurs peuvent parcourir. Des titres et des l\u00e9gendes sont ajout\u00e9s pour raconter l&rsquo;histoire derri\u00e8re le souvenir.<\/p><p>Voici un exemple d&rsquo;ajout d&rsquo;un souvenir dans la section d&rsquo;administration de Loving Memorial. <\/p><p><a href=\"https:\/\/www.lovingmemorials.com\/wp-content\/uploads\/2021\/12\/calm-e1640975705186.png\"><img decoding=\"async\" class=\"alignright wp-image-7667 size-full\" src=\"https:\/\/www.lovingmemorials.com\/wp-content\/uploads\/2021\/12\/calm-e1640975705186.png\" alt=\"\" width=\"100%\" height=\"674\"><\/a><\/p><p>Cliquer sur &lsquo;Enregistrer&rsquo; publie automatiquement la m\u00e9moire dans la section vie et met \u00e0 jour le diaporama.<\/p><p><a href=\"https:\/\/www.lovingmemorials.com\/wp-content\/uploads\/2022\/01\/Loving-Memorials-Antonio-Gomes-Loving-Memorial-Calm-e1642451952228.png\"><img fetchpriority=\"high\" decoding=\"async\" class=\"alignnone wp-image-9702 size-full\" src=\"https:\/\/www.lovingmemorials.com\/wp-content\/uploads\/2022\/01\/Loving-Memorials-Antonio-Gomes-Loving-Memorial-Calm-e1642451952228.png\" alt=\"\" width=\"1024\" height=\"693\"><\/a><\/p><h3>Les souvenirs racontent une histoire<\/h3><p>Le titre et la l\u00e9gende que vous ajoutez \u00e0 votre photo sont facultatifs et peuvent \u00eatre aussi longs que vous le souhaitez. Vous pouvez simplement ajouter des titres ou des l\u00e9gendes.<\/p><p>Le titre et la l\u00e9gende que vous ajoutez peuvent \u00e9galement raconter une histoire.<\/p><p><a href=\"https:\/\/www.lovingmemorials.com\/wp-content\/uploads\/2022\/01\/Loving-Memorials-Antonio-Gomes-Loving-Memorial-Story-e1642450695713.png\"><img decoding=\"async\" class=\"alignnone wp-image-9667 size-full\" src=\"https:\/\/www.lovingmemorials.com\/wp-content\/uploads\/2022\/01\/Loving-Memorials-Antonio-Gomes-Loving-Memorial-Story-e1642450695713.png\" alt=\"\" width=\"1024\" height=\"693\"><\/a><\/p><p>Les souvenirs et les histoires que vous partagez de votre bien-aim\u00e9 deviennent l&rsquo;histoire de sa vie.<\/p><h3>Diaporama comm\u00e9moratif en ligne contre un cr\u00e9ateur de diaporamas<\/h3><p>Un cr\u00e9ateur de diaporamas, tel qu&rsquo;un logiciel de bureau ou une application gratuite, est un logiciel qui vous permet de cr\u00e9er un fichier ou un document de diaporama que vous pouvez envoyer \u00e0 vos amis et \u00e0 votre famille. Un diaporama en ligne, comme celui de la section Vie d&rsquo;un m\u00e9morial aimant, pr\u00e9sente plusieurs avantages par rapport \u00e0 un diaporama contenant un fichier ou un document.<\/p><p>Un diaporama en ligne permet \u00e0 la famille et aux amis de soumettre plus facilement des photos et des vid\u00e9os. Ils peuvent soumettre ce m\u00e9dia en ligne, directement au m\u00e9morial, au lieu de le partager avec vous par e-mail, SMS, r\u00e9seaux sociaux ou services de partage de fichiers.<\/p><p>Un diaporama en ligne peut \u00eatre r\u00e9\u00e9dit\u00e9 sans avoir \u00e0 \u00eatre renvoy\u00e9 \u00e0 chaque fois. Les visiteurs peuvent continuer \u00e0 contribuer au diaporama en ligne afin qu&rsquo;il \u00e9volue dans le temps.<\/p><p>Un lien vers un m\u00e9morial en ligne est plus facile \u00e0 partager pour vous et les autres. Cela vous \u00e9vite d&rsquo;avoir \u00e0 rechercher et envoyer un fichier \u00e0 chaque fois que le m\u00e9morial est partag\u00e9.<\/p><p>Un diaporama en ligne, tel qu&rsquo;un Loving Memorial, est conserv\u00e9 en toute s\u00e9curit\u00e9 avec des sauvegardes au lieu d&rsquo;\u00eatre conserv\u00e9 sur un appareil qui peut \u00eatre endommag\u00e9 ou perdu.<\/p>\t\t\t\t\t\t<\/div>\n\t\t\t\t<\/div>\n\t\t\t\t\t<\/div>\n\t\t<\/div>\n\t\t\t\t\t<\/div>\n\t\t<\/section>\n\t\t\t\t\t<\/div>\n\t\t<\/div>\n\t\t\t\t\t<\/div>\n\t\t<\/section>\n\t\t\t\t<\/div>\n\t\t","protected":false},"excerpt":{"rendered":"<p>Accueil&gt;&gt; Guide des sites Web comm\u00e9moratifs &gt;&gt; Narration dans un diaporama comm\u00e9moratif Pour qu&rsquo;un site Web comm\u00e9moratif capture la pr\u00e9ciosit\u00e9 d&rsquo;un \u00eatre cher, son histoire doit prendre vie \u00e0 travers des images, des vid\u00e9os et des mots. Il est racont\u00e9 \u00e0 travers des images et&#8230;<\/p>\n","protected":false},"author":6,"featured_media":0,"parent":8146,"menu_order":0,"comment_status":"closed","ping_status":"closed","template":"","meta":{"footnotes":""},"class_list":["post-8737","page","type-page","status-publish","hentry"],"_links":{"self":[{"href":"https:\/\/www.lovingmemorials.com\/fr\/wp-json\/wp\/v2\/pages\/8737","targetHints":{"allow":["GET"]}}],"collection":[{"href":"https:\/\/www.lovingmemorials.com\/fr\/wp-json\/wp\/v2\/pages"}],"about":[{"href":"https:\/\/www.lovingmemorials.com\/fr\/wp-json\/wp\/v2\/types\/page"}],"author":[{"embeddable":true,"href":"https:\/\/www.lovingmemorials.com\/fr\/wp-json\/wp\/v2\/users\/6"}],"replies":[{"embeddable":true,"href":"https:\/\/www.lovingmemorials.com\/fr\/wp-json\/wp\/v2\/comments?post=8737"}],"version-history":[{"count":5,"href":"https:\/\/www.lovingmemorials.com\/fr\/wp-json\/wp\/v2\/pages\/8737\/revisions"}],"predecessor-version":[{"id":17340,"href":"https:\/\/www.lovingmemorials.com\/fr\/wp-json\/wp\/v2\/pages\/8737\/revisions\/17340"}],"up":[{"embeddable":true,"href":"https:\/\/www.lovingmemorials.com\/fr\/wp-json\/wp\/v2\/pages\/8146"}],"wp:attachment":[{"href":"https:\/\/www.lovingmemorials.com\/fr\/wp-json\/wp\/v2\/media?parent=8737"}],"curies":[{"name":"wp","href":"https:\/\/api.w.org\/{rel}","templated":true}]}}