{"id":8740,"date":"2022-01-10T19:52:39","date_gmt":"2022-01-10T19:52:39","guid":{"rendered":"https:\/\/www.lovingmemorials.com\/intimite\/"},"modified":"2022-04-28T16:59:30","modified_gmt":"2022-04-28T16:59:30","slug":"intimite","status":"publish","type":"page","link":"https:\/\/www.lovingmemorials.com\/fr\/intimite\/","title":{"rendered":"Politique de confidentialit\u00e9"},"content":{"rendered":"\t\t<div data-elementor-type=\"wp-page\" data-elementor-id=\"8740\" class=\"elementor elementor-8740\" data-elementor-post-type=\"page\">\n\t\t\t\t\t\t<section class=\"elementor-section elementor-top-section elementor-element elementor-element-0182c20 elementor-section-content-middle page-header elementor-section-boxed elementor-section-height-default elementor-section-height-default parallax_section_no qode_elementor_container_no\" data-id=\"0182c20\" data-element_type=\"section\">\n\t\t\t\t\t\t<div class=\"elementor-container elementor-column-gap-no\">\n\t\t\t\t\t<div class=\"elementor-column elementor-col-100 elementor-top-column elementor-element elementor-element-f85ac67\" data-id=\"f85ac67\" data-element_type=\"column\">\n\t\t\t<div class=\"elementor-widget-wrap elementor-element-populated\">\n\t\t\t\t\t\t<div class=\"elementor-element elementor-element-fff4700 elementor-widget elementor-widget-heading\" data-id=\"fff4700\" data-element_type=\"widget\" data-widget_type=\"heading.default\">\n\t\t\t\t<div class=\"elementor-widget-container\">\n\t\t\t<h1 class=\"elementor-heading-title elementor-size-default\">Politique de confidentialit\u00e9<\/h1>\t\t<\/div>\n\t\t\t\t<\/div>\n\t\t\t\t<section class=\"elementor-section elementor-inner-section elementor-element elementor-element-5c8432b elementor-section-content-middle container-shadow elementor-section-boxed elementor-section-height-default elementor-section-height-default parallax_section_no qode_elementor_container_no\" data-id=\"5c8432b\" data-element_type=\"section\" data-settings=\"{&quot;background_background&quot;:&quot;classic&quot;}\">\n\t\t\t\t\t\t<div class=\"elementor-container elementor-column-gap-no\">\n\t\t\t\t\t<div class=\"elementor-column elementor-col-100 elementor-inner-column elementor-element elementor-element-6155df8\" data-id=\"6155df8\" data-element_type=\"column\">\n\t\t\t<div class=\"elementor-widget-wrap elementor-element-populated\">\n\t\t\t\t\t\t<div class=\"elementor-element elementor-element-a9e2b32 elementor-widget elementor-widget-text-editor\" data-id=\"a9e2b32\" data-element_type=\"widget\" data-widget_type=\"text-editor.default\">\n\t\t\t\t<div class=\"elementor-widget-container\">\n\t\t\t\t\t\t\t<p>Cette politique de confidentialit\u00e9 explique:<\/p><ul><li>quelles informations nous collectons<\/li><li>pourquoi nous le collectons<\/li><li>comment nous l&rsquo;utilisons<\/li><li>les choix que vous avez<\/li><\/ul><h3>Collecte d&rsquo;informations<\/h3><ul><li>Informations que vous nous fournissez<ul><li>En utilisant le service Loving Memorials, vous devrez nous fournir des informations personnelles et les informations de votre \u00eatre cher (votre \u00ab\u00a0\u00eatre aim\u00e9\u00a0\u00bb est la personne ou l&rsquo;animal pour lequel vous cr\u00e9ez un m\u00e9morial aimant)<\/li><\/ul><\/li><\/ul><ul><li style=\"list-style-type: none;\"><ul><li>Vos informations personnelles<ul><li>votre nom, votre adresse e-mail, vos informations de paiement, votre relation avec la personne d\u00e9c\u00e9d\u00e9e pour laquelle le Loving Memorial est cr\u00e9\u00e9, la langue dans laquelle se trouve votre Loving Memorial<\/li><\/ul><\/li><\/ul><\/li><\/ul><ul><li style=\"list-style-type: none;\"><ul><li>Les informations de votre proche<ul><li>votre \u00ab\u00eatre aim\u00e9\u00bb est la personne ou l&rsquo;animal pour lequel vous cr\u00e9ez un m\u00e9morial affectueux<\/li><li>les informations de votre proche peuvent inclure ses informations de naissance et de d\u00e9c\u00e8s, les lieux o\u00f9 il a v\u00e9cu, sa relation familiale avec d&rsquo;autres personnes, les personnes qu&rsquo;il connaissait, l&rsquo;histoire de sa vie, des photos, des vid\u00e9os, de la musique, des souvenirs, des histoires, des entr\u00e9es de livre d&rsquo;or<\/li><\/ul><\/li><\/ul><\/li><\/ul><ul><li>Informations des visiteurs<ul><li>Les visiteurs peuvent \u00e9galement fournir des informations au m\u00e9morial de votre bien-aim\u00e9, telles que des images, des vid\u00e9os, des histoires, des souvenirs et des entr\u00e9es de livre d&rsquo;or.<\/li><\/ul><\/li><li>Informations des partenaires<ul><li>Nous collectons des informations aupr\u00e8s d&rsquo;autres soci\u00e9t\u00e9s avec lesquelles vous ou quelqu&rsquo;un qui connaissait votre proche entreteniez une relation<\/li><li>Par exemple, un salon fun\u00e9raire peut avoir fourni une n\u00e9crologie pour votre \u00eatre cher et cette n\u00e9crologie a \u00e9t\u00e9 la base des informations utilis\u00e9es dans le Loving Memorial<\/li><li>Ces informations de nos partenaires peuvent inclure toutes les informations contenues dans \u00abInformations sur vos proches\u00bb<\/li><li>Nos partenariats peuvent inclure des salons fun\u00e9raires, des fournisseurs de logiciels du secteur fun\u00e9raire ou des sites Web ind\u00e9pendants.<\/li><\/ul><\/li><li>Informations que nous collectons automatiquement<ul><li>Nous collectons automatiquement des informations vous concernant via l&rsquo;utilisation du service Loving Memorial telles que :<ul><li>votre activit\u00e9 sur le site Loving Memorial et le Loving Memorial for Your Loved<\/li><li>votre interaction avec notre site Web et nos propri\u00e9t\u00e9s, y compris les pages vues et d&rsquo;autres informations standard provenant des journaux du serveur Web et des outils d&rsquo;analyse de site Web<\/li><li>les identifiants de l&rsquo;appareil et le type d&rsquo;ordinateur personnel ou d&rsquo;appareil mobile que vous utilisez<\/li><li>le type de navigateur internet<\/li><li>vos informations de r\u00e9seau et votre adresse IP<\/li><li>votre fournisseur d&rsquo;acc\u00e8s Internet<\/li><li>le site Web qui vous a r\u00e9f\u00e9r\u00e9 \u00e0 nous, y compris la publicit\u00e9 avec laquelle vous avez interagi et les requ\u00eates de recherche<\/li><li>votre interaction avec notre service client, telles que la date, l&rsquo;heure et la raison de l&rsquo;assistance, et les transcriptions des communications par e-mail, SMS et journaux vocaux<\/li><li>informations collect\u00e9es via les cookies et autres technologies qui incluent des donn\u00e9es publicitaires<\/li><\/ul><\/li><\/ul><\/li><\/ul><h3>Pourquoi nous collectons des informations<\/h3><p>Nous collectons des informations pour diverses raisons telles que :<\/p><ul><li>fournir, analyser et am\u00e9liorer notre service<\/li><li>pour pouvoir traiter votre inscription et recevoir vos paiements<\/li><li>pour pouvoir vous aider avec les probl\u00e8mes techniques que vous pourriez avoir<\/li><li>pour garder nos services s\u00e9curis\u00e9s, exempts de fraude et op\u00e9rationnels<\/li><li>pour aider \u00e0 garantir que nos conditions g\u00e9n\u00e9rales sont respect\u00e9es<\/li><li>travailler avec des partenaires pour pouvoir mettre notre service \u00e0 votre disposition<\/li><li>pour pr\u00e9venir et d\u00e9tecter les activit\u00e9s ill\u00e9gales<\/li><li>pour communiquer avec vous au sujet de notre service, y compris pour vous informer des nouvelles fonctionnalit\u00e9s, offres et promotions<\/li><\/ul><h3>Divulgation d&rsquo;informations<\/h3><p>Nous pouvons divulguer vos informations \u00e0 certaines fins et \u00e0 des tiers comme suit:<\/p><ul><li>Les fournisseurs de services<ul><li>nous utilisons d&rsquo;autres soci\u00e9t\u00e9s, agents et sous-traitants pour nous aider \u00e0 vous fournir des services<\/li><li>nous pouvons utiliser des fournisseurs de services pour les services informatiques, le paiement et la facturation, le service client, la communication, le marketing, la publicit\u00e9, la s\u00e9curit\u00e9, les enqu\u00eates<\/li><li>Les fournisseurs de services peuvent avoir acc\u00e8s \u00e0 vos informations personnelles ou aux informations personnelles de votre proche<\/li><li>Les fournisseurs de services ne peuvent pas utiliser ou divulguer ces informations \u00e0 moins qu&rsquo;elles ne soient li\u00e9es \u00e0 la fourniture de leurs services.<\/li><\/ul><\/li><li>Les partenaires<ul><li>nous pouvons partager certaines informations personnelles ou les informations personnelles de votre proche avec nos partenaires afin de vous fournir un service et\/ou de remplir nos accords commerciaux avec les partenaires<\/li><\/ul><\/li><li>En accord avec les lois<ul><li>nous pouvons divulguer vos informations personnelles ou les informations personnelles de votre proche pour satisfaire et nous conformer \u00e0 une loi, un r\u00e8glement, une proc\u00e9dure judiciaire, une demande gouvernementale, une demande d&rsquo;application de la loi applicables<\/li><\/ul><\/li><li>Ex\u00e9cution des accords et s\u00e9curit\u00e9<ul><li>nous pouvons divulguer vos informations personnelles ou les informations personnelles de votre \u00eatre cher pour appliquer nos conditions g\u00e9n\u00e9rales, pour d\u00e9tecter ou emp\u00eacher une activit\u00e9 ill\u00e9gale, pour des probl\u00e8mes de s\u00e9curit\u00e9 ou techniques, et pour prot\u00e9ger contre tout pr\u00e9judice aux droits, \u00e0 la propri\u00e9t\u00e9 ou \u00e0 la s\u00e9curit\u00e9 tel que requis ou autoris\u00e9 par la loi<\/li><\/ul><\/li><li>Transferts d&rsquo;entreprise<ul><li>En cas de besoin lors de toute fusion ou cession de notre soci\u00e9t\u00e9 ou d&rsquo;un transfert de nos actifs<\/li><li>Nous vous informerons avant que vos informations personnelles ou celles de vos proches ne soient soumises \u00e0 une politique de confidentialit\u00e9 diff\u00e9rente.<\/li><\/ul><\/li><\/ul><h3>Vos contr\u00f4les de confidentialit\u00e9<\/h3><ul><li>Type d&rsquo;informations et de confidentialit\u00e9 de votre proche<ul><li>C&rsquo;est \u00e0 vous de choisir quelles informations vous partagez sur votre \u00eatre cher et comment elles sont partag\u00e9es, et vous devez en tenir compte.<\/li><li>Pour les informations de votre proche que vous avez choisi de partager, vous pouvez d\u00e9cider comment elles sont partag\u00e9es en attribuant un type de confidentialit\u00e9 \u00e0 l&rsquo;ensemble du Loving Memorial ou \u00e0 une partie du Loving Memorial.<\/li><li>Type de confidentialit\u00e9 publique<ul><li>Vous pouvez choisir de d\u00e9finir votre Loving Memorial ou une partie de votre Loving Memorial comme public<\/li><li>Si vous choisissez le type de confidentialit\u00e9 publique pour votre Loving Memorial, cela signifie que nous afficherons les informations de votre \u00eatre cher sur notre site Web pour que tout le monde puisse les voir, m\u00eame s&rsquo;il n&rsquo;a pas de compte chez nous.<\/li><li>Un m\u00e9morial aimant qui a \u00e9t\u00e9 d\u00e9sign\u00e9 comme public peut \u00eatre vu, consult\u00e9, partag\u00e9 ou t\u00e9l\u00e9charg\u00e9 par n&rsquo;importe qui, et il peut devenir disponible pour les moteurs de recherche, les m\u00e9dias sociaux, d&rsquo;autres sites Web, les API et les m\u00e9dias hors ligne<\/li><li>En plus de partager un Loving Memorial qui est public sur notre site Web, nous pouvons faire r\u00e9f\u00e9rence et utiliser le Loving Memorial dans nos efforts de marketing et de promotion, y compris l&rsquo;affichage et la mention sur les r\u00e9seaux sociaux, d&rsquo;autres sites Web et les m\u00e9dias hors ligne. Si un m\u00e9morial d&rsquo;amour public est ult\u00e9rieurement d\u00e9sign\u00e9 comme n&rsquo;\u00e9tant plus public, ce qui signifie que vous choisissez de le rendre non r\u00e9pertori\u00e9 ou priv\u00e9, vous pouvez demander que nous arr\u00eations de l&rsquo;utiliser. Une fois votre demande re\u00e7ue et reconnue par nous, nous cesserons de l&rsquo;utiliser publiquement \u00e0 l&rsquo;avenir. Cependant, nous ne serons pas responsables de la suppression des r\u00e9f\u00e9rences pass\u00e9es pour un M\u00e9morial affectueux qui \u00e9tait autrefois d\u00e9sign\u00e9 comme public et que nous avons d\u00e9j\u00e0 r\u00e9f\u00e9renc\u00e9.<\/li><\/ul><\/li><li>Type de confidentialit\u00e9 non r\u00e9pertori\u00e9<ul><li>Pour un Loving Memorial, ou une partie d&rsquo;un Loving Memorial, qui a un type de confidentialit\u00e9 Non r\u00e9pertori\u00e9, il ne peut \u00eatre consult\u00e9 que par toute personne ayant un lien vers Loving Memorial et ce lien ne sera pas publi\u00e9 par nous publiquement<\/li><li>Vous aurez acc\u00e8s \u00e0 un lien pour le Loving Memorial qui n&rsquo;est pas r\u00e9pertori\u00e9 et vous devriez consid\u00e9rer avec qui vous partagez ce lien car toute personne avec ce lien peut partager davantage ce lien pour Loving Memorial<\/li><\/ul><\/li><\/ul><\/li><li>Fonction \u00abSe souvenir de moi\u00bb<ul><li>Vous pouvez choisir d&rsquo;utiliser ou de ne pas utiliser la fonction \u00abSe souvenir de moi\u00bb qui vous permet d&rsquo;acc\u00e9der directement \u00e0 votre compte sans avoir besoin de saisir \u00e0 nouveau votre adresse e-mail et votre mot de passe \u00e0 chaque fois que vous visitez notre site Web.<\/li><\/ul><\/li><\/ul><h3> <span style=\"font-size: 1.424rem; letter-spacing: 1px;\">Biscuits<\/span><\/h3><ul><li>Un cookie est un petit morceau de texte qu&rsquo;un site Web que vous visitez \u00e9crit sur votre navigateur<\/li><li>Les cookies sont utilis\u00e9s pour m\u00e9moriser des informations sur votre visite \u00e0 des fins de performance, de fonctionnalit\u00e9, de s\u00e9curit\u00e9, d&rsquo;analyse et de publicit\u00e9<\/li><li>Certains cookies sont essentiels \u00e0 certaines parties de notre service, telles que le paiement et l&rsquo;ex\u00e9cution des fonctions de base du site.<\/li><li>Nous pouvons \u00e9galement utiliser des cookies pour m\u00e9moriser vos pr\u00e9f\u00e9rences et vous aider \u00e0 \u00e9viter de ressaisir des informations, par exemple le \u00abSe souvenir de moi\u00bb vous permet de vous connecter automatiquement<\/li><li>Votre navigateur vous permettra de g\u00e9rer vos cookies, notamment en effa\u00e7ant les donn\u00e9es des cookies et en g\u00e9rant les cookies site par site<\/li><li>Voir la section support de votre navigateur pour la gestion des cookies<\/li><\/ul><h3>Nous contacter<\/h3><ul><li>Si vous avez des questions sur cette politique de confidentialit\u00e9 ou sur l&rsquo;utilisation de vos informations personnelles ou des informations de votre proche, vous pouvez nous contacter<\/li><\/ul><h3>Modifications de cette politique de confidentialit\u00e9<\/h3><ul><li>Nous modifions cette politique de confidentialit\u00e9 de temps \u00e0 autre<\/li><li>Nous indiquerons la date de publication des derniers changements<\/li><li>Votre utilisation continue de notre service apr\u00e8s l&rsquo;entr\u00e9e en vigueur des mises \u00e0 jour constitue une reconnaissance ou une acceptation de notre politique de confidentialit\u00e9<\/li><li>Si vous n&rsquo;acceptez pas ou ne reconnaissez pas ces changements, vous pouvez annuler le service Loving Memorial<\/li><\/ul><p>Derni\u00e8re mise \u00e0 jour le 22 d\u00e9cembre 2021<\/p>\t\t\t\t\t\t<\/div>\n\t\t\t\t<\/div>\n\t\t\t\t\t<\/div>\n\t\t<\/div>\n\t\t\t\t\t<\/div>\n\t\t<\/section>\n\t\t\t\t\t<\/div>\n\t\t<\/div>\n\t\t\t\t\t<\/div>\n\t\t<\/section>\n\t\t\t\t<\/div>\n\t\t","protected":false},"excerpt":{"rendered":"<p>Politique de confidentialit\u00e9 Cette politique de confidentialit\u00e9 explique: quelles informations nous collectons pourquoi nous le collectons comment nous l&rsquo;utilisons les choix que vous avez Collecte d&rsquo;informations Informations que vous nous fournissez En utilisant le service Loving Memorials, vous devrez nous fournir des informations personnelles et&#8230;<\/p>\n","protected":false},"author":6,"featured_media":0,"parent":0,"menu_order":0,"comment_status":"closed","ping_status":"closed","template":"","meta":{"footnotes":""},"class_list":["post-8740","page","type-page","status-publish","hentry"],"_links":{"self":[{"href":"https:\/\/www.lovingmemorials.com\/fr\/wp-json\/wp\/v2\/pages\/8740","targetHints":{"allow":["GET"]}}],"collection":[{"href":"https:\/\/www.lovingmemorials.com\/fr\/wp-json\/wp\/v2\/pages"}],"about":[{"href":"https:\/\/www.lovingmemorials.com\/fr\/wp-json\/wp\/v2\/types\/page"}],"author":[{"embeddable":true,"href":"https:\/\/www.lovingmemorials.com\/fr\/wp-json\/wp\/v2\/users\/6"}],"replies":[{"embeddable":true,"href":"https:\/\/www.lovingmemorials.com\/fr\/wp-json\/wp\/v2\/comments?post=8740"}],"version-history":[{"count":4,"href":"https:\/\/www.lovingmemorials.com\/fr\/wp-json\/wp\/v2\/pages\/8740\/revisions"}],"predecessor-version":[{"id":18721,"href":"https:\/\/www.lovingmemorials.com\/fr\/wp-json\/wp\/v2\/pages\/8740\/revisions\/18721"}],"wp:attachment":[{"href":"https:\/\/www.lovingmemorials.com\/fr\/wp-json\/wp\/v2\/media?parent=8740"}],"curies":[{"name":"wp","href":"https:\/\/api.w.org\/{rel}","templated":true}]}}