{"id":8761,"date":"2022-01-10T20:24:50","date_gmt":"2022-01-10T20:24:50","guid":{"rendered":"https:\/\/www.lovingmemorials.com\/guider\/difference-necrologie-memorial\/"},"modified":"2022-02-26T03:03:20","modified_gmt":"2022-02-26T03:03:20","slug":"difference-entre-necrologie-memorial","status":"publish","type":"page","link":"https:\/\/www.lovingmemorials.com\/fr\/guider\/difference-entre-necrologie-memorial\/","title":{"rendered":"La diff\u00e9rence entre une n\u00e9crologie en ligne et un m\u00e9morial en ligne"},"content":{"rendered":"\t\t<div data-elementor-type=\"wp-page\" data-elementor-id=\"8761\" class=\"elementor elementor-8761\" data-elementor-post-type=\"page\">\n\t\t\t\t\t\t<section class=\"elementor-section elementor-top-section elementor-element elementor-element-0182c20 elementor-section-content-middle elementor-section-boxed elementor-section-height-default elementor-section-height-default parallax_section_no qode_elementor_container_no\" data-id=\"0182c20\" data-element_type=\"section\">\n\t\t\t\t\t\t<div class=\"elementor-container elementor-column-gap-no\">\n\t\t\t\t\t<div class=\"elementor-column elementor-col-100 elementor-top-column elementor-element elementor-element-f85ac67\" data-id=\"f85ac67\" data-element_type=\"column\">\n\t\t\t<div class=\"elementor-widget-wrap elementor-element-populated\">\n\t\t\t\t\t\t<div class=\"elementor-element elementor-element-a3ba493 guide-breardcrumb elementor-widget elementor-widget-text-editor\" data-id=\"a3ba493\" data-element_type=\"widget\" data-widget_type=\"text-editor.default\">\n\t\t\t\t<div class=\"elementor-widget-container\">\n\t\t\t\t\t\t\t<p><a href=\"https:\/\/www.lovingmemorials.com\/fr\/\">Accueil<\/a>&gt;&gt; <a href=\"https:\/\/www.lovingmemorials.com\/fr\/guider\/\">Guide des sites Web comm\u00e9moratifs<\/a> &gt;&gt;<\/p>\t\t\t\t\t\t<\/div>\n\t\t\t\t<\/div>\n\t\t\t\t<div class=\"elementor-element elementor-element-fff4700 page-header elementor-widget elementor-widget-heading\" data-id=\"fff4700\" data-element_type=\"widget\" data-widget_type=\"heading.default\">\n\t\t\t\t<div class=\"elementor-widget-container\">\n\t\t\t<h1 class=\"elementor-heading-title elementor-size-default\">La diff\u00e9rence entre une n\u00e9crologie en ligne et un m\u00e9morial\n<\/h1>\t\t<\/div>\n\t\t\t\t<\/div>\n\t\t\t\t<section class=\"elementor-section elementor-inner-section elementor-element elementor-element-5c8432b elementor-section-content-middle container-shadow elementor-section-boxed elementor-section-height-default elementor-section-height-default parallax_section_no qode_elementor_container_no\" data-id=\"5c8432b\" data-element_type=\"section\" data-settings=\"{&quot;background_background&quot;:&quot;classic&quot;}\">\n\t\t\t\t\t\t<div class=\"elementor-container elementor-column-gap-no\">\n\t\t\t\t\t<div class=\"elementor-column elementor-col-100 elementor-inner-column elementor-element elementor-element-6155df8\" data-id=\"6155df8\" data-element_type=\"column\">\n\t\t\t<div class=\"elementor-widget-wrap elementor-element-populated\">\n\t\t\t\t\t\t<div class=\"elementor-element elementor-element-cf3f708 elementor-widget elementor-widget-text-editor\" data-id=\"cf3f708\" data-element_type=\"widget\" data-widget_type=\"text-editor.default\">\n\t\t\t\t<div class=\"elementor-widget-container\">\n\t\t\t\t\t\t\t<p>Une n\u00e9crologie <span style=\"font-weight: 400;\">annonce le d\u00e9c\u00e8s d&rsquo;une personne, un m\u00e9morial en ligne comm\u00e9more la vie.<\/span><\/p><h3>Avis de d\u00e9c\u00e8s en ligne<\/h3><p>Une n\u00e9crologie en ligne est g\u00e9n\u00e9ralement publi\u00e9e sur le site Web d&rsquo;un salon fun\u00e9raire ou dans un journal. Il aide \u00e0 annoncer le d\u00e9c\u00e8s du d\u00e9funt et fournit des d\u00e9tails sur les services organis\u00e9s tels que les visites, les services religieux et les d\u00e9tails de l&rsquo;inhumation.<\/p><p>Une n\u00e9crologie en ligne donne un aper\u00e7u de la vie du d\u00e9funt et une liste de la famille et des parents \u00e9largis. Cela peut inclure la cause du d\u00e9c\u00e8s, des photos, des vid\u00e9os et des diffusions en direct des services en cours.<\/p><p>Souvent, les gens peuvent laisser des condol\u00e9ances ou des messages dans un livre d&rsquo;or, ainsi qu&rsquo;un moyen d&rsquo;envoyer des fleurs aux services.<\/p><p>Les n\u00e9crologies en ligne sont toujours publiques et peuvent \u00eatre consult\u00e9es sur le site Web d&rsquo;une maison fun\u00e9raire ou dans un journal.<\/p><p>La dur\u00e9e pendant laquelle une n\u00e9crologie en ligne reste disponible d\u00e9pend du salon fun\u00e9raire ou du journal.<\/p><h3>M\u00e9moriaux en ligne<\/h3><p>Un site Web ou une page comm\u00e9morative en ligne vise \u00e0 se souvenir, \u00e0 c\u00e9l\u00e9brer et \u00e0 honorer la vie du d\u00e9funt.<\/p><p>Il comprend des photos, des vid\u00e9os et des souvenirs. <\/p><p>Il peut inclure des d\u00e9tails sur la famille du d\u00e9funt, ses passe-temps, ses int\u00e9r\u00eats et les associations auxquelles il appartenait, ainsi que des d\u00e9tails sur sa naissance.<\/p><p>La famille ou l&rsquo;ami qui cr\u00e9e le m\u00e9morial le partagera avec d&rsquo;autres et les laissera y ajouter. Les monuments comm\u00e9moratifs en ligne contiennent g\u00e9n\u00e9ralement un livre d&rsquo;or o\u00f9 les visiteurs peuvent partager des pens\u00e9es, des souvenirs, des photos et des vid\u00e9os.<\/p><p>Un site Web comm\u00e9moratif en ligne vous permet g\u00e9n\u00e9ralement de d\u00e9cider si vous voulez qu&rsquo;il soit priv\u00e9 ou que quiconque le voie.<\/p><p>La meilleure raison d&rsquo;avoir un m\u00e9morial en ligne est de s&rsquo;assurer que la personne d\u00e9c\u00e9d\u00e9e ne soit jamais oubli\u00e9e.<\/p>\t\t\t\t\t\t<\/div>\n\t\t\t\t<\/div>\n\t\t\t\t\t<\/div>\n\t\t<\/div>\n\t\t\t\t\t<\/div>\n\t\t<\/section>\n\t\t\t\t\t<\/div>\n\t\t<\/div>\n\t\t\t\t\t<\/div>\n\t\t<\/section>\n\t\t\t\t<\/div>\n\t\t","protected":false},"excerpt":{"rendered":"<p>Accueil&gt;&gt; Guide des sites Web comm\u00e9moratifs &gt;&gt; La diff\u00e9rence entre une n\u00e9crologie en ligne et un m\u00e9morial Une n\u00e9crologie annonce le d\u00e9c\u00e8s d&rsquo;une personne, un m\u00e9morial en ligne comm\u00e9more la vie. Avis de d\u00e9c\u00e8s en ligne Une n\u00e9crologie en ligne est g\u00e9n\u00e9ralement publi\u00e9e sur le&#8230;<\/p>\n","protected":false},"author":6,"featured_media":0,"parent":8146,"menu_order":0,"comment_status":"closed","ping_status":"closed","template":"","meta":{"footnotes":""},"class_list":["post-8761","page","type-page","status-publish","hentry"],"_links":{"self":[{"href":"https:\/\/www.lovingmemorials.com\/fr\/wp-json\/wp\/v2\/pages\/8761","targetHints":{"allow":["GET"]}}],"collection":[{"href":"https:\/\/www.lovingmemorials.com\/fr\/wp-json\/wp\/v2\/pages"}],"about":[{"href":"https:\/\/www.lovingmemorials.com\/fr\/wp-json\/wp\/v2\/types\/page"}],"author":[{"embeddable":true,"href":"https:\/\/www.lovingmemorials.com\/fr\/wp-json\/wp\/v2\/users\/6"}],"replies":[{"embeddable":true,"href":"https:\/\/www.lovingmemorials.com\/fr\/wp-json\/wp\/v2\/comments?post=8761"}],"version-history":[{"count":4,"href":"https:\/\/www.lovingmemorials.com\/fr\/wp-json\/wp\/v2\/pages\/8761\/revisions"}],"predecessor-version":[{"id":17945,"href":"https:\/\/www.lovingmemorials.com\/fr\/wp-json\/wp\/v2\/pages\/8761\/revisions\/17945"}],"up":[{"embeddable":true,"href":"https:\/\/www.lovingmemorials.com\/fr\/wp-json\/wp\/v2\/pages\/8146"}],"wp:attachment":[{"href":"https:\/\/www.lovingmemorials.com\/fr\/wp-json\/wp\/v2\/media?parent=8761"}],"curies":[{"name":"wp","href":"https:\/\/api.w.org\/{rel}","templated":true}]}}