{"id":11938,"date":"2022-02-16T03:47:06","date_gmt":"2022-02-16T03:47:06","guid":{"rendered":"https:\/\/www.lovingmemorials.com\/di\/"},"modified":"2022-02-16T03:47:22","modified_gmt":"2022-02-16T03:47:22","slug":"di","status":"publish","type":"page","link":"https:\/\/www.lovingmemorials.com\/it\/di\/","title":{"rendered":"Di"},"content":{"rendered":"\t\t<div data-elementor-type=\"wp-page\" data-elementor-id=\"11938\" class=\"elementor elementor-11938\" data-elementor-post-type=\"page\">\n\t\t\t\t\t\t<section class=\"elementor-section elementor-top-section elementor-element elementor-element-5312331 elementor-section-content-middle page-header elementor-section-boxed elementor-section-height-default elementor-section-height-default parallax_section_no qode_elementor_container_no\" data-id=\"5312331\" data-element_type=\"section\">\n\t\t\t\t\t\t<div class=\"elementor-container elementor-column-gap-no\">\n\t\t\t\t\t<div class=\"elementor-column elementor-col-100 elementor-top-column elementor-element elementor-element-e8f5fcc\" data-id=\"e8f5fcc\" data-element_type=\"column\">\n\t\t\t<div class=\"elementor-widget-wrap elementor-element-populated\">\n\t\t\t\t\t\t<div class=\"elementor-element elementor-element-3d87450 elementor-widget elementor-widget-heading\" data-id=\"3d87450\" data-element_type=\"widget\" data-widget_type=\"heading.default\">\n\t\t\t\t<div class=\"elementor-widget-container\">\n\t\t\t<h1 class=\"elementor-heading-title elementor-size-default\">A proposito di memoriali d'amore<\/h1>\t\t<\/div>\n\t\t\t\t<\/div>\n\t\t\t\t<section class=\"elementor-section elementor-inner-section elementor-element elementor-element-a0018ee elementor-section-content-middle container-shadow elementor-section-boxed elementor-section-height-default elementor-section-height-default parallax_section_no qode_elementor_container_no\" data-id=\"a0018ee\" data-element_type=\"section\" data-settings=\"{&quot;background_background&quot;:&quot;classic&quot;}\">\n\t\t\t\t\t\t<div class=\"elementor-container elementor-column-gap-no\">\n\t\t\t\t\t<div class=\"elementor-column elementor-col-100 elementor-inner-column elementor-element elementor-element-1c643d0\" data-id=\"1c643d0\" data-element_type=\"column\">\n\t\t\t<div class=\"elementor-widget-wrap elementor-element-populated\">\n\t\t\t\t\t\t<div class=\"elementor-element elementor-element-e1e7f26 elementor-widget__width-initial elementor-widget-mobile__width-inherit elementor-widget elementor-widget-text-editor\" data-id=\"e1e7f26\" data-element_type=\"widget\" data-widget_type=\"text-editor.default\">\n\t\t\t\t<div class=\"elementor-widget-container\">\n\t\t\t\t\t\t\t<p>Loving Memorials \u00e8 un servizio che ti consente di creare facilmente un elegante memoriale online per la persona amata.<\/p>\n<p>A Loving Memorial \u00e8 sofisticato nella sua semplicit\u00e0. Ha un design ordinato e offre un&#8217;esperienza visiva unica. Crediamo che meno sia meglio quando si tratta di onorare e rendere omaggio a una vita.<\/p>\n<p>Un amorevole memoriale \u00e8 incentrato sulla persona amata. C&#8217;\u00e8 un marchio aziendale minimo e nessuna pubblicit\u00e0, inclusi i collegamenti per creare un memoriale per qualcun altro. La persona amata \u00e8 l&#8217;eroe di questa storia. <\/p>\n<p>La bellezza scaturisce da questa semplicit\u00e0 che ti rende facile raccontare la loro storia. Condividi il tuo memoriale d&#8217;amore con la famiglia e gli amici per ricordare e celebrare la loro vita, in modo che siano sempre ricordati.<\/p>\n\t\t\t\t\t\t<\/div>\n\t\t\t\t<\/div>\n\t\t\t\t<div class=\"elementor-element elementor-element-7b7c1e2 elementor-widget__width-initial elementor-widget-mobile__width-inherit elementor-widget elementor-widget-text-editor\" data-id=\"7b7c1e2\" data-element_type=\"widget\" data-widget_type=\"text-editor.default\">\n\t\t\t\t<div class=\"elementor-widget-container\">\n\t\t\t\t\t\t\t<p><a href=\"https:\/\/www.lovingmemorials.com\/wp-content\/uploads\/2021\/04\/Loving-Memorial-Tony-e1640665696723.png\"><img fetchpriority=\"high\" decoding=\"async\" class=\"alignnone wp-image-7003 size-large\" src=\"https:\/\/www.lovingmemorials.com\/wp-content\/uploads\/2021\/04\/Loving-Memorial-Tony-1024x768.png\" alt=\"Loving Memorial Tony\" width=\"1024\" height=\"768\"><\/a><\/p>\n\t\t\t\t\t\t<\/div>\n\t\t\t\t<\/div>\n\t\t\t\t<div class=\"elementor-element elementor-element-d694f8d elementor-widget elementor-widget-text-editor\" data-id=\"d694f8d\" data-element_type=\"widget\" data-widget_type=\"text-editor.default\">\n\t\t\t\t<div class=\"elementor-widget-container\">\n\t\t\t\t\t\t\t<h2 id=\"founders-message\">Un messaggio da Brian, uno dei nostri fondatori<\/h2>\n<p>Negli ultimi anni di mio padre, ricordo che una volta mi disse:<\/p>\n<blockquote>\n<p>Devo scrivere tutti i posti in cui sono stato e le cose che ho visto.<\/p>\n<\/blockquote>\n\t\t\t\t\t\t<\/div>\n\t\t\t\t<\/div>\n\t\t\t\t<div class=\"elementor-element elementor-element-3f8cf48 elementor-widget__width-initial elementor-widget-mobile__width-inherit elementor-widget elementor-widget-text-editor\" data-id=\"3f8cf48\" data-element_type=\"widget\" data-widget_type=\"text-editor.default\">\n\t\t\t\t<div class=\"elementor-widget-container\">\n\t\t\t\t\t\t\t<p style=\"background-color: #ffffff;\">Ho capito che mio padre voleva che la sua vita contasse, che voleva essere ricordato e non dimenticato.<\/p>\n<p style=\"background-color: #ffffff;\">Ma il resto non mi era chiaro. Ricordo di aver pensato: &#8220;<i>Dove lo scriveremo? Chi lo vedr\u00e0?&#8221; <\/i><\/p>\n<p style=\"background-color: #ffffff;\">Anni dopo, dopo la morte di mio padre, ho iniziato a lavorare nel settore funerario e ho capito cosa mi diceva.<\/p>\n<p style=\"background-color: #ffffff;\">Stavo progettando un software per necrologi e mi sono reso conto che la bellezza e la preziosit\u00e0 di una vita non venivano catturate in un necrologio.<\/p>\n<p style=\"background-color: #ffffff;\">Ho esaminato le offerte di siti Web commemorativi online e ho sentito che non erano all&#8217;altezza. Erano occupati e confusi. Mancavano di concentrazione e non stavano catturando una vita con la bellezza.<\/p>\n<p style=\"background-color: #ffffff;\">Era necessario qualcosa di diverso. Ho contribuito a creare Loving Memorials per preservare e celebrare la storia di una vita con semplicit\u00e0 e bellezza.<\/p>\n<p style=\"background-color: #ffffff;\">Il memoriale amoroso per mio padre, Antonio Gomes, \u00e8 stato il primo memoriale amoroso che \u00e8 stato creato. Quando l&#8217;ho creato, ero orgoglioso di condividerlo con la famiglia e gli amici. Ora sono orgoglioso di condividerlo con il mondo, sapendo di aver onorato il desiderio di mio padre di non essere dimenticato.<\/p>\n\t\t\t\t\t\t<\/div>\n\t\t\t\t<\/div>\n\t\t\t\t<div class=\"elementor-element elementor-element-f2d987c elementor-widget__width-initial elementor-widget-mobile__width-inherit elementor-widget elementor-widget-text-editor\" data-id=\"f2d987c\" data-element_type=\"widget\" data-widget_type=\"text-editor.default\">\n\t\t\t\t<div class=\"elementor-widget-container\">\n\t\t\t\t\t\t\t<p><a href=\"https:\/\/www.lovingmemorials.com\/wp-content\/uploads\/2021\/10\/Brian_Dad.jpeg\"><img decoding=\"async\" class=\"alignnone wp-image-1529 size-full\" src=\"https:\/\/www.lovingmemorials.com\/wp-content\/uploads\/2021\/10\/Brian_Dad.jpeg\" alt=\"Image of Brian kneeling beside his dad sitting in a chair\" width=\"768\" height=\"1024\" srcset=\"https:\/\/www.lovingmemorials.com\/wp-content\/uploads\/2021\/10\/Brian_Dad.jpeg 768w, https:\/\/www.lovingmemorials.com\/wp-content\/uploads\/2021\/10\/Brian_Dad-225x300.jpeg 225w, https:\/\/www.lovingmemorials.com\/wp-content\/uploads\/2021\/10\/Brian_Dad-600x800.jpeg 600w, https:\/\/www.lovingmemorials.com\/wp-content\/uploads\/2021\/10\/Brian_Dad-700x933.jpeg 700w\" sizes=\"(max-width: 768px) 100vw, 768px\" \/><\/a><br \/><span style=\"color: #727272;\">Brian e suo padre, Tony Gomes<\/span><\/p>\n\t\t\t\t\t\t<\/div>\n\t\t\t\t<\/div>\n\t\t\t\t<div class=\"elementor-element elementor-element-a313b5c elementor-widget elementor-widget-text-editor\" data-id=\"a313b5c\" data-element_type=\"widget\" data-widget_type=\"text-editor.default\">\n\t\t\t\t<div class=\"elementor-widget-container\">\n\t\t\t\t\t\t\t<h3 id=\"remembrance\">Una vicinanza inaspettata attraverso il ricordo<\/h3>\n<p>Sono rimasto sorpreso da quello che mi \u00e8 successo durante la creazione del memoriale d&#8217;amore di mio padre. Mentre aggiungevo foto e raccontavo la storia della sua vita, c&#8217;erano cos\u00ec tante cose che ho vissuto personalmente.<\/p>\n<p>C&#8217;erano sorrisi e risate, insieme a orgoglio, gratitudine, conforto, guarigione e celebrazione. Ma soprattutto c&#8217;era l&#8217;amore. Mi ha avvicinato molto a lui, ed \u00e8 stato allora che ho capito pi\u00f9 chiaramente Amabili memoriali.<\/p>\n<p>Mi sono reso conto che per una persona cara non essere dimenticata, significa che noi, i vivi, la ricordiamo. Attraverso l&#8217;atto del ricordo, sentiamo amore e siamo pi\u00f9 vicini a loro. Questo \u00e8 il motivo per cui non essere dimenticati \u00e8 cos\u00ec importante: \u00e8 importante per la persona amata e per noi.<\/p>\n<p>Se scegli di creare un memoriale amorevole per la persona amata, desidero che tu senta l&#8217;amore e la vicinanza che ho provato per mio padre quando ho creato il suo memoriale amorevole.<\/p>\n<p>-Brian Gomes<\/p>\n<p>Un fondatore di memoriali amorevoli<\/p>\n<h2>Informazioni sul nostro team e perch\u00e9 lo facciamo<\/h2>\n\t\t\t\t\t\t<\/div>\n\t\t\t\t<\/div>\n\t\t\t\t<div class=\"elementor-element elementor-element-159e0c1 elementor-widget-mobile__width-inherit elementor-widget elementor-widget-text-editor\" data-id=\"159e0c1\" data-element_type=\"widget\" data-widget_type=\"text-editor.default\">\n\t\t\t\t<div class=\"elementor-widget-container\">\n\t\t\t\t\t\t\t<p>Loving Memorials \u00e8 stato creato da un team che ha trascorso anni a creare e sviluppare soluzioni di necrologi per le pompe funebri in tutto il mondo.<\/p>\n<blockquote>\n<p>Siamo onorati di aver avuto pi\u00f9 di 200.000 vite ricordate nel nostro software e siamo solo all&#8217;inizio.<\/p>\n<\/blockquote>\n\t\t\t\t\t\t<\/div>\n\t\t\t\t<\/div>\n\t\t\t\t<div class=\"elementor-element elementor-element-2e13c37 elementor-widget-mobile__width-inherit elementor-widget elementor-widget-text-editor\" data-id=\"2e13c37\" data-element_type=\"widget\" data-widget_type=\"text-editor.default\">\n\t\t\t\t<div class=\"elementor-widget-container\">\n\t\t\t\t\t\t\t<p>Crediamo che i social media non forniscano un modo per ricordare correttamente la persona amata e abbiamo ritenuto che fosse necessario qualcosa di diverso nello spazio commemorativo online.<\/p>\n<p>Abbiamo creato Loving Memorials per preservare, condividere e celebrare la vita della persona amata con semplicit\u00e0 ed eleganza.<\/p>\n\t\t\t\t\t\t<\/div>\n\t\t\t\t<\/div>\n\t\t\t\t\t<\/div>\n\t\t<\/div>\n\t\t\t\t\t<\/div>\n\t\t<\/section>\n\t\t\t\t\t<\/div>\n\t\t<\/div>\n\t\t\t\t\t<\/div>\n\t\t<\/section>\n\t\t\t\t<\/div>\n\t\t","protected":false},"excerpt":{"rendered":"<p>A proposito di memoriali d&#8217;amore Loving Memorials \u00e8 un servizio che ti consente di creare facilmente un elegante memoriale online per la persona amata. A Loving Memorial \u00e8 sofisticato nella sua semplicit\u00e0. Ha un design ordinato e offre un&#8217;esperienza visiva unica. Crediamo che meno sia&#8230;<\/p>\n","protected":false},"author":1,"featured_media":0,"parent":0,"menu_order":0,"comment_status":"closed","ping_status":"closed","template":"","meta":{"footnotes":""},"class_list":["post-11938","page","type-page","status-publish","hentry"],"_links":{"self":[{"href":"https:\/\/www.lovingmemorials.com\/it\/wp-json\/wp\/v2\/pages\/11938","targetHints":{"allow":["GET"]}}],"collection":[{"href":"https:\/\/www.lovingmemorials.com\/it\/wp-json\/wp\/v2\/pages"}],"about":[{"href":"https:\/\/www.lovingmemorials.com\/it\/wp-json\/wp\/v2\/types\/page"}],"author":[{"embeddable":true,"href":"https:\/\/www.lovingmemorials.com\/it\/wp-json\/wp\/v2\/users\/1"}],"replies":[{"embeddable":true,"href":"https:\/\/www.lovingmemorials.com\/it\/wp-json\/wp\/v2\/comments?post=11938"}],"version-history":[{"count":1,"href":"https:\/\/www.lovingmemorials.com\/it\/wp-json\/wp\/v2\/pages\/11938\/revisions"}],"predecessor-version":[{"id":11968,"href":"https:\/\/www.lovingmemorials.com\/it\/wp-json\/wp\/v2\/pages\/11938\/revisions\/11968"}],"wp:attachment":[{"href":"https:\/\/www.lovingmemorials.com\/it\/wp-json\/wp\/v2\/media?parent=11938"}],"curies":[{"name":"wp","href":"https:\/\/api.w.org\/{rel}","templated":true}]}}