{"id":15825,"date":"2022-02-16T20:29:44","date_gmt":"2022-02-16T20:29:44","guid":{"rendered":"https:\/\/www.lovingmemorials.com\/guida-ai-memoriali-in-linea\/che-cose-un-memoriale-online\/"},"modified":"2022-02-26T03:01:02","modified_gmt":"2022-02-26T03:01:02","slug":"cosa-e-memoriale-in-linea","status":"publish","type":"page","link":"https:\/\/www.lovingmemorials.com\/it\/guida\/cosa-e-memoriale-in-linea\/","title":{"rendered":"Che cos&#8217;\u00e8 un memoriale online?"},"content":{"rendered":"\t\t<div data-elementor-type=\"wp-page\" data-elementor-id=\"15825\" class=\"elementor elementor-15825\" data-elementor-post-type=\"page\">\n\t\t\t\t\t\t<section class=\"elementor-section elementor-top-section elementor-element elementor-element-0182c20 elementor-section-content-middle elementor-section-boxed elementor-section-height-default elementor-section-height-default parallax_section_no qode_elementor_container_no\" data-id=\"0182c20\" data-element_type=\"section\">\n\t\t\t\t\t\t<div class=\"elementor-container elementor-column-gap-no\">\n\t\t\t\t\t<div class=\"elementor-column elementor-col-100 elementor-top-column elementor-element elementor-element-f85ac67\" data-id=\"f85ac67\" data-element_type=\"column\">\n\t\t\t<div class=\"elementor-widget-wrap elementor-element-populated\">\n\t\t\t\t\t\t<div class=\"elementor-element elementor-element-a3ba493 guide-breardcrumb elementor-widget elementor-widget-text-editor\" data-id=\"a3ba493\" data-element_type=\"widget\" data-widget_type=\"text-editor.default\">\n\t\t\t\t<div class=\"elementor-widget-container\">\n\t\t\t\t\t\t\t<p><a href=\"https:\/\/www.lovingmemorials.com\/it\/\">Casa<\/a>&gt;&gt; <a href=\"https:\/\/www.lovingmemorials.com\/it\/guida\/\">Guida ai siti web commemorativi<\/a> &gt;&gt;<\/p>\t\t\t\t\t\t<\/div>\n\t\t\t\t<\/div>\n\t\t\t\t<div class=\"elementor-element elementor-element-fff4700 page-header elementor-widget elementor-widget-heading\" data-id=\"fff4700\" data-element_type=\"widget\" data-widget_type=\"heading.default\">\n\t\t\t\t<div class=\"elementor-widget-container\">\n\t\t\t<h1 class=\"elementor-heading-title elementor-size-default\">Che cos'\u00e8 un memoriale online?\n<\/h1>\t\t<\/div>\n\t\t\t\t<\/div>\n\t\t\t\t<section class=\"elementor-section elementor-inner-section elementor-element elementor-element-5c8432b elementor-section-content-middle container-shadow elementor-section-boxed elementor-section-height-default elementor-section-height-default parallax_section_no qode_elementor_container_no\" data-id=\"5c8432b\" data-element_type=\"section\" data-settings=\"{&quot;background_background&quot;:&quot;classic&quot;}\">\n\t\t\t\t\t\t<div class=\"elementor-container elementor-column-gap-no\">\n\t\t\t\t\t<div class=\"elementor-column elementor-col-100 elementor-inner-column elementor-element elementor-element-6155df8\" data-id=\"6155df8\" data-element_type=\"column\">\n\t\t\t<div class=\"elementor-widget-wrap elementor-element-populated\">\n\t\t\t\t\t\t<div class=\"elementor-element elementor-element-cf3f708 elementor-widget elementor-widget-text-editor\" data-id=\"cf3f708\" data-element_type=\"widget\" data-widget_type=\"text-editor.default\">\n\t\t\t\t<div class=\"elementor-widget-container\">\n\t\t\t\t\t\t\t<p>Un memoriale online \u00e8 un luogo online in cui i vivi ricordano e celebrano la vita di una persona deceduta o di un animale domestico in modo che non vengano dimenticati.<\/p><p>Un luogo online significa che pu\u00f2 essere un sito web commemorativo dedicato, una singola pagina o pagine di social media <a href=\"https:\/\/www.facebook.com\/help\/275013292838654\">come un account Facebook commemorativo<\/a> . I siti web commemorativi sono talvolta indicati come memoriali virtuali o memoriali digitali.<\/p><p>Lo scopo di un sito web commemorativo \u00e8 quello di consentire a coloro che hanno conosciuto il defunto di ricordare, addolorarsi, guarire, condividere e celebrare la propria vita.<\/p><p>L&#8217;aspetto comune di un sito web commemorativo \u00e8 molto importante poich\u00e9 la connessione \u00e8 un elemento chiave. Un memoriale online dovrebbe consentire ai visitatori di firmare un libro degli ospiti e accendere una candela o aggiungere fiori. La famiglia e gli amici potrebbero anche essere in grado di aggiungere foto e video per contribuire al memoriale.<\/p><p>Il sito web commemorativo \u00e8 gestito dai cari del defunto. Le persone care che mantengono il memoriale sono di solito i parenti stretti, ma possono essere parenti allargati, amici, colleghi e colleghi.<\/p><p>Poich\u00e9 il memoriale \u00e8 online, questo ha il vantaggio di essere facilmente comune e di essere visitato da qualsiasi luogo. L&#8217;aspetto online di un memoriale consente inoltre al memoriale di essere attivo e visibile per le generazioni future.<\/p>\t\t\t\t\t\t<\/div>\n\t\t\t\t<\/div>\n\t\t\t\t\t<\/div>\n\t\t<\/div>\n\t\t\t\t\t<\/div>\n\t\t<\/section>\n\t\t\t\t\t<\/div>\n\t\t<\/div>\n\t\t\t\t\t<\/div>\n\t\t<\/section>\n\t\t\t\t<\/div>\n\t\t","protected":false},"excerpt":{"rendered":"<p>Casa&gt;&gt; Guida ai siti web commemorativi &gt;&gt; Che cos&#8217;\u00e8 un memoriale online? Un memoriale online \u00e8 un luogo online in cui i vivi ricordano e celebrano la vita di una persona deceduta o di un animale domestico in modo che non vengano dimenticati. Un luogo&#8230;<\/p>\n","protected":false},"author":6,"featured_media":0,"parent":15407,"menu_order":0,"comment_status":"closed","ping_status":"closed","template":"","meta":{"footnotes":""},"class_list":["post-15825","page","type-page","status-publish","hentry"],"_links":{"self":[{"href":"https:\/\/www.lovingmemorials.com\/it\/wp-json\/wp\/v2\/pages\/15825","targetHints":{"allow":["GET"]}}],"collection":[{"href":"https:\/\/www.lovingmemorials.com\/it\/wp-json\/wp\/v2\/pages"}],"about":[{"href":"https:\/\/www.lovingmemorials.com\/it\/wp-json\/wp\/v2\/types\/page"}],"author":[{"embeddable":true,"href":"https:\/\/www.lovingmemorials.com\/it\/wp-json\/wp\/v2\/users\/6"}],"replies":[{"embeddable":true,"href":"https:\/\/www.lovingmemorials.com\/it\/wp-json\/wp\/v2\/comments?post=15825"}],"version-history":[{"count":2,"href":"https:\/\/www.lovingmemorials.com\/it\/wp-json\/wp\/v2\/pages\/15825\/revisions"}],"predecessor-version":[{"id":17931,"href":"https:\/\/www.lovingmemorials.com\/it\/wp-json\/wp\/v2\/pages\/15825\/revisions\/17931"}],"up":[{"embeddable":true,"href":"https:\/\/www.lovingmemorials.com\/it\/wp-json\/wp\/v2\/pages\/15407"}],"wp:attachment":[{"href":"https:\/\/www.lovingmemorials.com\/it\/wp-json\/wp\/v2\/media?parent=15825"}],"curies":[{"name":"wp","href":"https:\/\/api.w.org\/{rel}","templated":true}]}}