{"id":15916,"date":"2022-02-16T20:46:32","date_gmt":"2022-02-16T20:46:32","guid":{"rendered":"https:\/\/www.lovingmemorials.com\/politica-sulla-riservatezza\/"},"modified":"2022-04-28T16:59:30","modified_gmt":"2022-04-28T16:59:30","slug":"privacy","status":"publish","type":"page","link":"https:\/\/www.lovingmemorials.com\/it\/privacy\/","title":{"rendered":"politica sulla riservatezza"},"content":{"rendered":"\t\t<div data-elementor-type=\"wp-page\" data-elementor-id=\"15916\" class=\"elementor elementor-15916\" data-elementor-post-type=\"page\">\n\t\t\t\t\t\t<section class=\"elementor-section elementor-top-section elementor-element elementor-element-0182c20 elementor-section-content-middle page-header elementor-section-boxed elementor-section-height-default elementor-section-height-default parallax_section_no qode_elementor_container_no\" data-id=\"0182c20\" data-element_type=\"section\">\n\t\t\t\t\t\t<div class=\"elementor-container elementor-column-gap-no\">\n\t\t\t\t\t<div class=\"elementor-column elementor-col-100 elementor-top-column elementor-element elementor-element-f85ac67\" data-id=\"f85ac67\" data-element_type=\"column\">\n\t\t\t<div class=\"elementor-widget-wrap elementor-element-populated\">\n\t\t\t\t\t\t<div class=\"elementor-element elementor-element-fff4700 elementor-widget elementor-widget-heading\" data-id=\"fff4700\" data-element_type=\"widget\" data-widget_type=\"heading.default\">\n\t\t\t\t<div class=\"elementor-widget-container\">\n\t\t\t<h1 class=\"elementor-heading-title elementor-size-default\">politica sulla riservatezza<\/h1>\t\t<\/div>\n\t\t\t\t<\/div>\n\t\t\t\t<section class=\"elementor-section elementor-inner-section elementor-element elementor-element-5c8432b elementor-section-content-middle container-shadow elementor-section-boxed elementor-section-height-default elementor-section-height-default parallax_section_no qode_elementor_container_no\" data-id=\"5c8432b\" data-element_type=\"section\" data-settings=\"{&quot;background_background&quot;:&quot;classic&quot;}\">\n\t\t\t\t\t\t<div class=\"elementor-container elementor-column-gap-no\">\n\t\t\t\t\t<div class=\"elementor-column elementor-col-100 elementor-inner-column elementor-element elementor-element-6155df8\" data-id=\"6155df8\" data-element_type=\"column\">\n\t\t\t<div class=\"elementor-widget-wrap elementor-element-populated\">\n\t\t\t\t\t\t<div class=\"elementor-element elementor-element-a9e2b32 elementor-widget elementor-widget-text-editor\" data-id=\"a9e2b32\" data-element_type=\"widget\" data-widget_type=\"text-editor.default\">\n\t\t\t\t<div class=\"elementor-widget-container\">\n\t\t\t\t\t\t\t<p>Questa Informativa sulla privacy spiega:<\/p><ul><li>quali informazioni raccogliamo<\/li><li>perch\u00e9 lo raccogliamo<\/li><li>come lo usiamo<\/li><li>le scelte che hai<\/li><\/ul><h3>Raccolta di informazioni<\/h3><ul><li>Informazioni che ci fornisci<ul><li>Utilizzando il servizio Loving Memorials, dovrai fornirci informazioni personali e informazioni sulla persona amata (il tuo &#8220;amato&#8221; \u00e8 la persona o l&#8217;animale domestico per cui stai creando un Loving Memorial)<\/li><\/ul><\/li><\/ul><ul><li style=\"list-style-type: none;\"><ul><li>Le tue informazioni personali<ul><li>il tuo nome, indirizzo e-mail, informazioni di pagamento, la tua relazione con il defunto per cui \u00e8 stato creato il Loving Memorial, la lingua in cui si trova il tuo Loving Memorial<\/li><\/ul><\/li><\/ul><\/li><\/ul><ul><li style=\"list-style-type: none;\"><ul><li>Informazioni sulla persona amata<ul><li>la tua &#8220;persona amata&#8221; \u00e8 la persona o l&#8217;animale domestico per cui stai creando un memoriale amorevole<\/li><li>Le informazioni sulla persona amata possono includere informazioni sulla nascita e sulla morte, i luoghi in cui hanno vissuto, i loro rapporti familiari con altre persone, le persone che conoscevano, la loro storia di vita, immagini, video, musica, ricordi, storie, voci del libro degli ospiti<\/li><\/ul><\/li><\/ul><\/li><\/ul><ul><li>Informazioni dai visitatori<ul><li>I visitatori di possono anche fornire informazioni al Memoriale della persona amata come immagini, video, storie, ricordi e voci del libro degli ospiti<\/li><\/ul><\/li><li>Informazioni dai partner<ul><li>Raccogliamo informazioni da altre societ\u00e0 con cui tu o qualcuno che conosceva la persona amata aveva una relazione<\/li><li>Ad esempio, un&#8217;impresa di pompe funebri potrebbe aver fornito un necrologio per la persona amata e questo necrologio \u00e8 stato la base per le informazioni utilizzate nel Loving Memorial<\/li><li>Queste informazioni dei nostri partner possono includere tutte le informazioni in &#8220;Informazioni sulla persona amata&#8221;<\/li><li>Le nostre partnership possono includere pompe funebri, fornitori di software nel settore funerario o siti Web indipendenti<\/li><\/ul><\/li><li>Informazioni che raccogliamo automaticamente<ul><li>Raccogliamo automaticamente informazioni su di te attraverso l&#8217;uso del servizio Loving Memorial come:<ul><li>la tua attivit\u00e0 sul sito web Loving Memorial e il Loving Memorial for your cari<\/li><li>la tua interazione con il nostro sito Web e le propriet\u00e0, comprese le visualizzazioni di pagina e altre informazioni standard dai registri del server Web e dagli strumenti di analisi del sito Web<\/li><li>identificatori del dispositivo e il tipo di personal computer o dispositivo mobile in uso<\/li><li>il tipo di browser Internet<\/li><li>le informazioni di rete e l&#8217;indirizzo IP<\/li><li>il tuo provider di servizi Internet<\/li><li>il sito Web che ti ha indirizzato a noi, inclusa la pubblicit\u00e0 con cui hai interagito e le query di ricerca<\/li><li>la tua interazione con il nostro servizio clienti come la data, l&#8217;ora e il motivo del supporto e le trascrizioni delle comunicazioni tramite e-mail, testo e registri vocali<\/li><li>informazioni raccolte tramite i cookie e altre tecnologie che includono dati pubblicitari<\/li><\/ul><\/li><\/ul><\/li><\/ul><h3>Perch\u00e9 raccogliamo informazioni<\/h3><p>Raccogliamo informazioni per una serie di motivi quali:<\/p><ul><li>per fornire, analizzare e migliorare il nostro servizio<\/li><li>per poter elaborare la tua registrazione e ricevere pagamenti da te<\/li><li>per essere in grado di assisterti con problemi tecnici che potresti avere<\/li><li>per mantenere i nostri servizi sicuri, privi di frodi e operativi<\/li><li>per garantire che i nostri Termini e condizioni vengano seguiti<\/li><li>collaborare con i partner per poterti mettere a disposizione il nostro servizio<\/li><li>per prevenire e rilevare attivit\u00e0 illegali<\/li><li>per comunicare con te in merito al nostro servizio, incluso per informarti di nuove funzionalit\u00e0, offerte e promozioni<\/li><\/ul><h3>Divulgazione di informazioni<\/h3><p>Potremmo divulgare le tue informazioni per determinati scopi e a terzi come segue:<\/p><ul><li>Fornitori di servizi<ul><li>utilizziamo altre societ\u00e0, agenti e appaltatori per aiutarci a fornire servizi all&#8217;utente<\/li><li>possiamo utilizzare i fornitori di servizi per servizi IT, pagamento e fatturazione, servizio clienti, comunicazione, marketing, pubblicit\u00e0, sicurezza, sondaggi<\/li><li>I fornitori di servizi potrebbero avere accesso alle tue informazioni personali o alle informazioni personali della persona amata<\/li><li>I fornitori di servizi non possono utilizzare o divulgare queste informazioni a meno che non siano in connessione con la fornitura dei loro servizi a noi<\/li><\/ul><\/li><li>Partner<ul><li>potremmo condividere determinate informazioni personali o le informazioni personali della persona amata con i nostri partner al fine di fornirti un servizio e\/o adempiere ai nostri accordi commerciali con i partner<\/li><\/ul><\/li><li>Conforme alle leggi<ul><li>potremmo divulgare le tue informazioni personali o le informazioni personali della persona amata per soddisfare e rispettare una legge, un regolamento, un procedimento legale, una richiesta del governo, una richiesta delle forze dell&#8217;ordine applicabili<\/li><\/ul><\/li><li>Applicazione degli accordi e sicurezza<ul><li>potremmo divulgare le tue informazioni personali o le informazioni personali della persona amata per far rispettare i nostri Termini e condizioni, per rilevare o prevenire attivit\u00e0 illegali, per problemi di sicurezza o tecnici e per proteggere da qualsiasi danno ai diritti, alla propriet\u00e0 o alla sicurezza come richiesto o consentito dalla legge<\/li><\/ul><\/li><li>Trasferimenti aziendali<ul><li>Se necessario con qualsiasi fusione o vendita della nostra azienda o un trasferimento dei nostri beni<\/li><li>Ti avviseremo prima che le tue informazioni personali o le informazioni di una persona cara diventino soggette a una diversa politica sulla privacy<\/li><\/ul><\/li><\/ul><h3>I tuoi controlli sulla privacy<\/h3><ul><li>Tipo di informazioni e privacy della persona amata<ul><li>\u00c8 una tua scelta quali informazioni condividere sulla persona amata e come vengono condivise, e dovresti prestare questa considerazione<\/li><li>Per le informazioni della persona amata che hai scelto di condividere, puoi decidere come condividerle assegnando un Tipo di Privacy all&#8217;intero Memoriale d&#8217;Amore oa una parte del Memoriale d&#8217;Amore<\/li><li>Tipo di privacy pubblica<ul><li>Puoi scegliere di impostare il tuo memoriale amoroso o parte del tuo memoriale amoroso come pubblico<\/li><li>Se scegli il tipo di privacy pubblica per il tuo memoriale d&#8217;amore, ci\u00f2 significa che mostreremo le informazioni della persona amata sul nostro sito Web affinch\u00e9 chiunque possa vederle, anche se non ha un account con noi<\/li><li>Un Loving Memorial che \u00e8 stato designato come Pubblico pu\u00f2 essere visto, consultato, ricondiviso o scaricato da chiunque e pu\u00f2 diventare disponibile per motori di ricerca, social media, altri siti Web, API e media offline<\/li><li>Oltre a condividere un Loving Memorial pubblico sul nostro sito Web, possiamo fare riferimento e utilizzare il Loving Memorial nelle nostre attivit\u00e0 di marketing e promozione, inclusa la visualizzazione e la menzione sui social media, altri siti Web e media offline. Se un memoriale amoroso pubblico viene successivamente designato come non pi\u00f9 pubblico, il che significa che scegli di renderlo non in elenco o privato, puoi richiederci di interromperne l&#8217;uso. Dopo che la tua richiesta \u00e8 stata ricevuta e riconosciuta da noi, smetteremo di utilizzarla pubblicamente in futuro. Tuttavia, non saremo responsabili della rimozione di riferimenti passati per un memoriale amorevole che una volta era stato designato come Pubblico e a cui abbiamo gi\u00e0 fatto riferimento.<\/li><\/ul><\/li><li>Tipo di privacy non elencato<ul><li>Per un memoriale amoroso, o parte di un memoriale amoroso, che ha un tipo di privacy di Non elencato, \u00e8 possibile accedervi solo da chiunque abbia un collegamento al memoriale amoroso e quel collegamento non sar\u00e0 pubblicato da noi pubblicamente<\/li><li>Avrai accesso a un link per il Loving Memorial che non \u00e8 in elenco e dovresti considerare con chi condividi quel link poich\u00e9 chiunque abbia quel link pu\u00f2 condividere ulteriormente quel link per il Loving Memorial<\/li><\/ul><\/li><\/ul><\/li><li>Funzione \u201cRicordami\u201d.<ul><li>Puoi scegliere di utilizzare o meno la funzione \u201cRicordami\u201d che ti permette di accedere direttamente al tuo account senza richiedere il reinserimento del tuo indirizzo email e password ogni volta che visiti il nostro sito web<\/li><\/ul><\/li><\/ul><h3> <span style=\"font-size: 1.424rem; letter-spacing: 1px;\">Biscotti<\/span><\/h3><ul><li>Un cookie \u00e8 un piccolo pezzo di testo che un sito web che visiti scrive sul tuo browser<\/li><li>I cookie vengono utilizzati per ricordare le informazioni sulla tua visita a fini di prestazioni, funzionalit\u00e0, sicurezza, analisi e pubblicit\u00e0<\/li><li>Alcuni cookie sono essenziali per parti del nostro servizio come il checkout e l&#8217;esecuzione delle funzioni di base del sito<\/li><li>Potremmo anche utilizzare i cookie per ricordare le tue preferenze e aiutarti a evitare di riscrivere le informazioni, ad esempio &#8220;Ricordami&#8221; ti consente di accedere automaticamente<\/li><li>Il tuo browser ti consentir\u00e0 di gestire i tuoi cookie inclusa la cancellazione dei dati dei cookie e la gestione dei cookie sito per sito<\/li><li>Consulta la sezione di supporto del tuo browser per la gestione dei cookie<\/li><\/ul><h3>Contattaci<\/h3><ul><li>Se hai domande sulla presente Informativa sulla privacy o sull&#8217;uso delle tue informazioni personali o delle informazioni della persona amata, puoi contattarci<\/li><\/ul><h3>Modifiche alla presente Informativa sulla privacy<\/h3><ul><li>Modifichiamo questa Informativa sulla privacy di volta in volta<\/li><li>Indicheremo la data in cui sono state pubblicate le ultime modifiche<\/li><li>L&#8217;uso continuato del nostro servizio dopo l&#8217;entrata in vigore degli aggiornamenti costituisce riconoscimento o accettazione della nostra Informativa sulla privacy<\/li><li>Se non accetti o riconosci queste modifiche, puoi annullare il servizio Loving Memorial<\/li><\/ul><p>Ultimo aggiornamento 22 dicembre 2021<\/p>\t\t\t\t\t\t<\/div>\n\t\t\t\t<\/div>\n\t\t\t\t\t<\/div>\n\t\t<\/div>\n\t\t\t\t\t<\/div>\n\t\t<\/section>\n\t\t\t\t\t<\/div>\n\t\t<\/div>\n\t\t\t\t\t<\/div>\n\t\t<\/section>\n\t\t\t\t<\/div>\n\t\t","protected":false},"excerpt":{"rendered":"<p>politica sulla riservatezza Questa Informativa sulla privacy spiega: quali informazioni raccogliamo perch\u00e9 lo raccogliamo come lo usiamo le scelte che hai Raccolta di informazioni Informazioni che ci fornisci Utilizzando il servizio Loving Memorials, dovrai fornirci informazioni personali e informazioni sulla persona amata (il tuo &#8220;amato&#8221;&#8230;<\/p>\n","protected":false},"author":6,"featured_media":0,"parent":0,"menu_order":0,"comment_status":"closed","ping_status":"closed","template":"","meta":{"footnotes":""},"class_list":["post-15916","page","type-page","status-publish","hentry"],"_links":{"self":[{"href":"https:\/\/www.lovingmemorials.com\/it\/wp-json\/wp\/v2\/pages\/15916","targetHints":{"allow":["GET"]}}],"collection":[{"href":"https:\/\/www.lovingmemorials.com\/it\/wp-json\/wp\/v2\/pages"}],"about":[{"href":"https:\/\/www.lovingmemorials.com\/it\/wp-json\/wp\/v2\/types\/page"}],"author":[{"embeddable":true,"href":"https:\/\/www.lovingmemorials.com\/it\/wp-json\/wp\/v2\/users\/6"}],"replies":[{"embeddable":true,"href":"https:\/\/www.lovingmemorials.com\/it\/wp-json\/wp\/v2\/comments?post=15916"}],"version-history":[{"count":4,"href":"https:\/\/www.lovingmemorials.com\/it\/wp-json\/wp\/v2\/pages\/15916\/revisions"}],"predecessor-version":[{"id":18722,"href":"https:\/\/www.lovingmemorials.com\/it\/wp-json\/wp\/v2\/pages\/15916\/revisions\/18722"}],"wp:attachment":[{"href":"https:\/\/www.lovingmemorials.com\/it\/wp-json\/wp\/v2\/media?parent=15916"}],"curies":[{"name":"wp","href":"https:\/\/api.w.org\/{rel}","templated":true}]}}