{"id":11967,"date":"2022-02-16T03:47:08","date_gmt":"2022-02-16T03:47:08","guid":{"rendered":"https:\/\/www.lovingmemorials.com\/o\/"},"modified":"2022-02-16T03:47:43","modified_gmt":"2022-02-16T03:47:43","slug":"o","status":"publish","type":"page","link":"https:\/\/www.lovingmemorials.com\/pl\/o\/","title":{"rendered":"O"},"content":{"rendered":"\t\t<div data-elementor-type=\"wp-page\" data-elementor-id=\"11967\" class=\"elementor elementor-11967\" data-elementor-post-type=\"page\">\n\t\t\t\t\t\t<section class=\"elementor-section elementor-top-section elementor-element elementor-element-5312331 elementor-section-content-middle page-header elementor-section-boxed elementor-section-height-default elementor-section-height-default parallax_section_no qode_elementor_container_no\" data-id=\"5312331\" data-element_type=\"section\">\n\t\t\t\t\t\t<div class=\"elementor-container elementor-column-gap-no\">\n\t\t\t\t\t<div class=\"elementor-column elementor-col-100 elementor-top-column elementor-element elementor-element-e8f5fcc\" data-id=\"e8f5fcc\" data-element_type=\"column\">\n\t\t\t<div class=\"elementor-widget-wrap elementor-element-populated\">\n\t\t\t\t\t\t<div class=\"elementor-element elementor-element-3d87450 elementor-widget elementor-widget-heading\" data-id=\"3d87450\" data-element_type=\"widget\" data-widget_type=\"heading.default\">\n\t\t\t\t<div class=\"elementor-widget-container\">\n\t\t\t<h1 class=\"elementor-heading-title elementor-size-default\">O mi\u0142osnych pomnikach<\/h1>\t\t<\/div>\n\t\t\t\t<\/div>\n\t\t\t\t<section class=\"elementor-section elementor-inner-section elementor-element elementor-element-a0018ee elementor-section-content-middle container-shadow elementor-section-boxed elementor-section-height-default elementor-section-height-default parallax_section_no qode_elementor_container_no\" data-id=\"a0018ee\" data-element_type=\"section\" data-settings=\"{&quot;background_background&quot;:&quot;classic&quot;}\">\n\t\t\t\t\t\t<div class=\"elementor-container elementor-column-gap-no\">\n\t\t\t\t\t<div class=\"elementor-column elementor-col-100 elementor-inner-column elementor-element elementor-element-1c643d0\" data-id=\"1c643d0\" data-element_type=\"column\">\n\t\t\t<div class=\"elementor-widget-wrap elementor-element-populated\">\n\t\t\t\t\t\t<div class=\"elementor-element elementor-element-e1e7f26 elementor-widget__width-initial elementor-widget-mobile__width-inherit elementor-widget elementor-widget-text-editor\" data-id=\"e1e7f26\" data-element_type=\"widget\" data-widget_type=\"text-editor.default\">\n\t\t\t\t<div class=\"elementor-widget-container\">\n\t\t\t\t\t\t\t<p>Loving Memorials to us\u0142uga, kt\u00f3ra pozwala w \u0142atwy spos\u00f3b stworzy\u0107 elegancki pomnik online dla ukochanej osoby.<\/p>\n<p>Mi\u0142osny pomnik jest wyrafinowany w swojej prostocie. Ma przejrzysty design i zapewnia wyj\u0105tkowe wra\u017cenia wizualne. Wierzymy, \u017ce mniej znaczy wi\u0119cej, je\u015bli chodzi o uhonorowanie i oddanie ho\u0142du \u017cyciu.<\/p>\n<p>Mi\u0142osny pomnik skupia si\u0119 na ukochanej osobie. Jest minimalny branding firmy i brak reklam, w tym link\u00f3w do utworzenia pomnika dla kogo\u015b innego. Tw\u00f3j ukochany jest bohaterem tej historii. <\/p>\n<p>Z tej prostoty p\u0142ynie pi\u0119kno, kt\u00f3re u\u0142atwia opowiedzenie ich historii. Dzielisz si\u0119 swoim Mi\u0142osnym Pami\u0105tk\u0105 z rodzin\u0105 i przyjaci\u00f3\u0142mi, aby upami\u0119tni\u0107 i uczci\u0107 ich \u017cycie, aby zawsze byli pami\u0119tani.<\/p>\n\t\t\t\t\t\t<\/div>\n\t\t\t\t<\/div>\n\t\t\t\t<div class=\"elementor-element elementor-element-7b7c1e2 elementor-widget__width-initial elementor-widget-mobile__width-inherit elementor-widget elementor-widget-text-editor\" data-id=\"7b7c1e2\" data-element_type=\"widget\" data-widget_type=\"text-editor.default\">\n\t\t\t\t<div class=\"elementor-widget-container\">\n\t\t\t\t\t\t\t<p><a href=\"https:\/\/www.lovingmemorials.com\/wp-content\/uploads\/2021\/04\/Loving-Memorial-Tony-e1640665696723.png\"><img fetchpriority=\"high\" decoding=\"async\" class=\"alignnone wp-image-7003 size-large\" src=\"https:\/\/www.lovingmemorials.com\/wp-content\/uploads\/2021\/04\/Loving-Memorial-Tony-1024x768.png\" alt=\"Loving Memorial Tony\" width=\"1024\" height=\"768\"><\/a><\/p>\n\t\t\t\t\t\t<\/div>\n\t\t\t\t<\/div>\n\t\t\t\t<div class=\"elementor-element elementor-element-d694f8d elementor-widget elementor-widget-text-editor\" data-id=\"d694f8d\" data-element_type=\"widget\" data-widget_type=\"text-editor.default\">\n\t\t\t\t<div class=\"elementor-widget-container\">\n\t\t\t\t\t\t\t<h2 id=\"founders-message\">Wiadomo\u015b\u0107 od Briana, jednego z naszych za\u0142o\u017cycieli<\/h2>\n<p>Pami\u0119tam, jak w p\u00f3\u017aniejszych latach mojego taty powiedzia\u0142 do mnie:<\/p>\n<blockquote>\n<p>Musz\u0119 spisa\u0107 wszystkie miejsca, w kt\u00f3rych by\u0142em, i to, co widzia\u0142em.<\/p>\n<\/blockquote>\n\t\t\t\t\t\t<\/div>\n\t\t\t\t<\/div>\n\t\t\t\t<div class=\"elementor-element elementor-element-3f8cf48 elementor-widget__width-initial elementor-widget-mobile__width-inherit elementor-widget elementor-widget-text-editor\" data-id=\"3f8cf48\" data-element_type=\"widget\" data-widget_type=\"text-editor.default\">\n\t\t\t\t<div class=\"elementor-widget-container\">\n\t\t\t\t\t\t\t<p style=\"background-color: #ffffff;\">Zrozumia\u0142em, \u017ce m\u00f3j tata chcia\u0142, aby jego \u017cycie mia\u0142o znaczenie, \u017ce chcia\u0142 by\u0107 zapami\u0119tany, a nie zapomniany.<\/p>\n<p style=\"background-color: #ffffff;\">Ale reszta nie by\u0142a dla mnie jasna. Pami\u0119tam, jak my\u015bla\u0142em: \u201e<i>Gdzie to zapiszemy? Kto to zobaczy? <\/i><\/p>\n<p style=\"background-color: #ffffff;\">Wiele lat p\u00f3\u017aniej, po \u015bmierci ojca, zacz\u0105\u0142em pracowa\u0107 w bran\u017cy pogrzebowej i rozumia\u0142em, co mi m\u00f3wi.<\/p>\n<p style=\"background-color: #ffffff;\">Projektowa\u0142em oprogramowanie nekrologowe i zda\u0142em sobie spraw\u0119, \u017ce pi\u0119kno i cenno\u015b\u0107 \u017cycia nie zosta\u0142y uchwycone w nekrologu.<\/p>\n<p style=\"background-color: #ffffff;\">Przyjrza\u0142em si\u0119 ofertom witryn internetowych po\u015bwi\u0119conych pami\u0119ci i poczu\u0142em, \u017ce nie spe\u0142niaj\u0105 oczekiwa\u0144. Byli zaj\u0119ci i zdezorientowani. Brakowa\u0142o im skupienia i nie uchwyci\u0142y pi\u0119knego \u017cycia.<\/p>\n<p style=\"background-color: #ffffff;\">Potrzebne by\u0142o co\u015b innego. Pomog\u0142em stworzy\u0107 Loving Memorials, aby zachowa\u0107 i celebrowa\u0107 histori\u0119 \u017cycia z prostot\u0105 i pi\u0119knem.<\/p>\n<p style=\"background-color: #ffffff;\">Mi\u0142osne Miejsce Pami\u0119ci mojego ojca, Antonio Gomesa, by\u0142o pierwszym utworzonym Mi\u0142osnym Miejscem Pami\u0119ci. Kiedy go stworzy\u0142em, z dum\u0105 dzieli\u0142em si\u0119 nim z rodzin\u0105 i przyjaci\u00f3\u0142mi. Teraz z dum\u0105 dziel\u0119 si\u0119 tym ze \u015bwiatem, wiedz\u0105c, \u017ce spe\u0142ni\u0142em pragnienie mojego ojca, by nie zosta\u0107 zapomnianym.<\/p>\n\t\t\t\t\t\t<\/div>\n\t\t\t\t<\/div>\n\t\t\t\t<div class=\"elementor-element elementor-element-f2d987c elementor-widget__width-initial elementor-widget-mobile__width-inherit elementor-widget elementor-widget-text-editor\" data-id=\"f2d987c\" data-element_type=\"widget\" data-widget_type=\"text-editor.default\">\n\t\t\t\t<div class=\"elementor-widget-container\">\n\t\t\t\t\t\t\t<p><a href=\"https:\/\/www.lovingmemorials.com\/wp-content\/uploads\/2021\/10\/Brian_Dad.jpeg\"><img decoding=\"async\" class=\"alignnone wp-image-1529 size-full\" src=\"https:\/\/www.lovingmemorials.com\/wp-content\/uploads\/2021\/10\/Brian_Dad.jpeg\" alt=\"Image of Brian kneeling beside his dad sitting in a chair\" width=\"768\" height=\"1024\" srcset=\"https:\/\/www.lovingmemorials.com\/wp-content\/uploads\/2021\/10\/Brian_Dad.jpeg 768w, https:\/\/www.lovingmemorials.com\/wp-content\/uploads\/2021\/10\/Brian_Dad-225x300.jpeg 225w, https:\/\/www.lovingmemorials.com\/wp-content\/uploads\/2021\/10\/Brian_Dad-600x800.jpeg 600w, https:\/\/www.lovingmemorials.com\/wp-content\/uploads\/2021\/10\/Brian_Dad-700x933.jpeg 700w\" sizes=\"(max-width: 768px) 100vw, 768px\" \/><\/a><br \/><span style=\"color: #727272;\">Brian i jego ojciec, Tony Gomes<\/span><\/p>\n\t\t\t\t\t\t<\/div>\n\t\t\t\t<\/div>\n\t\t\t\t<div class=\"elementor-element elementor-element-a313b5c elementor-widget elementor-widget-text-editor\" data-id=\"a313b5c\" data-element_type=\"widget\" data-widget_type=\"text-editor.default\">\n\t\t\t\t<div class=\"elementor-widget-container\">\n\t\t\t\t\t\t\t<h3 id=\"remembrance\">Niespodziewana blisko\u015b\u0107 poprzez pami\u0119\u0107<\/h3>\n<p>By\u0142em zaskoczony tym, co mi si\u0119 przydarzy\u0142o podczas tworzenia Mi\u0142uj\u0105cego Pami\u0119ci mojego ojca. Jak doda\u0142em zdj\u0119cia i opowiedzia\u0142em histori\u0119 jego \u017cycia, tak wiele prze\u017cy\u0142em osobi\u015bcie.<\/p>\n<p>By\u0142y u\u015bmiechy i \u015bmiechy, a tak\u017ce duma, wdzi\u0119czno\u015b\u0107, pocieszenie, uzdrowienie i \u015bwi\u0119towanie. Ale przede wszystkim by\u0142a mi\u0142o\u015b\u0107. To bardzo mnie zbli\u017cy\u0142o do niego i w\u0142a\u015bnie wtedy lepiej zrozumia\u0142am Mi\u0142osne Wspomnienia.<\/p>\n<p>Zda\u0142em sobie spraw\u0119, \u017ce aby ukochana osoba nie zosta\u0142a zapomniana, to znaczy, \u017ce my, \u017cyj\u0105cy, pami\u0119tamy o niej. Poprzez akt pami\u0119ci czujemy mi\u0142o\u015b\u0107 i jeste\u015bmy im bli\u017cej. Dlatego tak wa\u017cne jest, aby nie zosta\u0107 zapomnianym \u2013 wa\u017cne dla naszej ukochanej osoby i dla nas.<\/p>\n<p>Je\u015bli zdecydujesz si\u0119 stworzy\u0107 Mi\u0142osn\u0105 Pami\u0105tk\u0119 dla ukochanej osoby, pragn\u0119, aby\u015b poczu\u0142 mi\u0142o\u015b\u0107 i blisko\u015b\u0107, jak\u0105 czu\u0142em do mojego ojca, kiedy tworzy\u0142em Jego Mi\u0142osne Pami\u0105tk\u0119.<\/p>\n<p>-Brian Gomes<\/p>\n<p>Za\u0142o\u017cyciel kochaj\u0105cych miejsc pami\u0119ci<\/p>\n<h2>O naszym zespole i dlaczego to robimy<\/h2>\n\t\t\t\t\t\t<\/div>\n\t\t\t\t<\/div>\n\t\t\t\t<div class=\"elementor-element elementor-element-159e0c1 elementor-widget-mobile__width-inherit elementor-widget elementor-widget-text-editor\" data-id=\"159e0c1\" data-element_type=\"widget\" data-widget_type=\"text-editor.default\">\n\t\t\t\t<div class=\"elementor-widget-container\">\n\t\t\t\t\t\t\t<p>Loving Memorials zosta\u0142o stworzone przez zesp\u00f3\u0142, kt\u00f3ry przez lata tworzy\u0142 i rozwija\u0142 rozwi\u0105zania nekrologowe dla dom\u00f3w pogrzebowych na ca\u0142ym \u015bwiecie.<\/p>\n<blockquote>\n<p>Jeste\u015bmy zaszczyceni, \u017ce w naszym oprogramowaniu zapami\u0119tali\u015bmy ponad 200 000 istnie\u0144 i dopiero zaczynamy.<\/p>\n<\/blockquote>\n\t\t\t\t\t\t<\/div>\n\t\t\t\t<\/div>\n\t\t\t\t<div class=\"elementor-element elementor-element-2e13c37 elementor-widget-mobile__width-inherit elementor-widget elementor-widget-text-editor\" data-id=\"2e13c37\" data-element_type=\"widget\" data-widget_type=\"text-editor.default\">\n\t\t\t\t<div class=\"elementor-widget-container\">\n\t\t\t\t\t\t\t<p>Wierzymy, \u017ce media spo\u0142eczno\u015bciowe nie zapewniaj\u0105 sposobu na w\u0142a\u015bciwe zapami\u0119tanie ukochanej osoby i czuli\u015bmy, \u017ce w internetowej przestrzeni pami\u0119ci potrzebne jest co\u015b innego.<\/p>\n<p>Stworzyli\u015bmy Loving Memorials, aby zachowa\u0107, dzieli\u0107 si\u0119 i celebrowa\u0107 \u017cycie ukochanej osoby z prostot\u0105 i elegancj\u0105.<\/p>\n\t\t\t\t\t\t<\/div>\n\t\t\t\t<\/div>\n\t\t\t\t\t<\/div>\n\t\t<\/div>\n\t\t\t\t\t<\/div>\n\t\t<\/section>\n\t\t\t\t\t<\/div>\n\t\t<\/div>\n\t\t\t\t\t<\/div>\n\t\t<\/section>\n\t\t\t\t<\/div>\n\t\t","protected":false},"excerpt":{"rendered":"<p>O mi\u0142osnych pomnikach Loving Memorials to us\u0142uga, kt\u00f3ra pozwala w \u0142atwy spos\u00f3b stworzy\u0107 elegancki pomnik online dla ukochanej osoby. Mi\u0142osny pomnik jest wyrafinowany w swojej prostocie. Ma przejrzysty design i zapewnia wyj\u0105tkowe wra\u017cenia wizualne. Wierzymy, \u017ce mniej znaczy wi\u0119cej, je\u015bli chodzi o uhonorowanie i oddanie&#8230;<\/p>\n","protected":false},"author":1,"featured_media":0,"parent":0,"menu_order":0,"comment_status":"closed","ping_status":"closed","template":"","meta":{"footnotes":""},"class_list":["post-11967","page","type-page","status-publish","hentry"],"_links":{"self":[{"href":"https:\/\/www.lovingmemorials.com\/pl\/wp-json\/wp\/v2\/pages\/11967","targetHints":{"allow":["GET"]}}],"collection":[{"href":"https:\/\/www.lovingmemorials.com\/pl\/wp-json\/wp\/v2\/pages"}],"about":[{"href":"https:\/\/www.lovingmemorials.com\/pl\/wp-json\/wp\/v2\/types\/page"}],"author":[{"embeddable":true,"href":"https:\/\/www.lovingmemorials.com\/pl\/wp-json\/wp\/v2\/users\/1"}],"replies":[{"embeddable":true,"href":"https:\/\/www.lovingmemorials.com\/pl\/wp-json\/wp\/v2\/comments?post=11967"}],"version-history":[{"count":1,"href":"https:\/\/www.lovingmemorials.com\/pl\/wp-json\/wp\/v2\/pages\/11967\/revisions"}],"predecessor-version":[{"id":12022,"href":"https:\/\/www.lovingmemorials.com\/pl\/wp-json\/wp\/v2\/pages\/11967\/revisions\/12022"}],"wp:attachment":[{"href":"https:\/\/www.lovingmemorials.com\/pl\/wp-json\/wp\/v2\/media?parent=11967"}],"curies":[{"name":"wp","href":"https:\/\/api.w.org\/{rel}","templated":true}]}}