{"id":13879,"date":"2022-02-16T03:49:19","date_gmt":"2022-02-16T03:49:19","guid":{"rendered":"https:\/\/www.lovingmemorials.com\/faq\/"},"modified":"2022-02-26T00:50:58","modified_gmt":"2022-02-26T00:50:58","slug":"faq","status":"publish","type":"page","link":"https:\/\/www.lovingmemorials.com\/pl\/faq\/","title":{"rendered":"FAQ"},"content":{"rendered":"\t\t<div data-elementor-type=\"wp-page\" data-elementor-id=\"13879\" class=\"elementor elementor-13879\" data-elementor-post-type=\"page\">\n\t\t\t\t\t\t<section class=\"elementor-section elementor-top-section elementor-element elementor-element-1e1a11db elementor-section-content-middle elementor-section-boxed elementor-section-height-default elementor-section-height-default parallax_section_no qode_elementor_container_no\" data-id=\"1e1a11db\" data-element_type=\"section\">\n\t\t\t\t\t\t<div class=\"elementor-container elementor-column-gap-no\">\n\t\t\t\t\t<div class=\"elementor-column elementor-col-100 elementor-top-column elementor-element elementor-element-2b02ad84\" data-id=\"2b02ad84\" data-element_type=\"column\">\n\t\t\t<div class=\"elementor-widget-wrap elementor-element-populated\">\n\t\t\t\t\t\t<div class=\"elementor-element elementor-element-b20584c page-header elementor-widget elementor-widget-heading\" data-id=\"b20584c\" data-element_type=\"widget\" data-widget_type=\"heading.default\">\n\t\t\t\t<div class=\"elementor-widget-container\">\n\t\t\t<h1 class=\"elementor-heading-title elementor-size-default\">Cz\u0119sto Zadawane Pytania<\/h1>\t\t<\/div>\n\t\t\t\t<\/div>\n\t\t\t\t<section class=\"elementor-section elementor-inner-section elementor-element elementor-element-34548840 elementor-section-content-middle container-shadow elementor-section-boxed elementor-section-height-default elementor-section-height-default parallax_section_no qode_elementor_container_no\" data-id=\"34548840\" data-element_type=\"section\" data-settings=\"{&quot;background_background&quot;:&quot;classic&quot;}\">\n\t\t\t\t\t\t<div class=\"elementor-container elementor-column-gap-no\">\n\t\t\t\t\t<div class=\"elementor-column elementor-col-100 elementor-inner-column elementor-element elementor-element-c361e2a\" data-id=\"c361e2a\" data-element_type=\"column\">\n\t\t\t<div class=\"elementor-widget-wrap elementor-element-populated\">\n\t\t\t\t\t\t<div class=\"elementor-element elementor-element-5b308156 elementor-widget elementor-widget-text-editor\" data-id=\"5b308156\" data-element_type=\"widget\" data-widget_type=\"text-editor.default\">\n\t\t\t\t<div class=\"elementor-widget-container\">\n\t\t\t\t\t\t\t<h3>Czym jest Mi\u0142osna Pami\u0105tka?<\/h3><p><span style=\"font-weight: 400;\">Loving Memorial to internetowy pomnik upami\u0119tniaj\u0105cy \u017cycie ukochanej osoby. <\/span><\/p><p><span style=\"font-weight: 400;\">Nasza us\u0142uga pozwala <a href=\"https:\/\/www.lovingmemorials.com\/pl\/przewodnik\/szablon-konstruktora\/\">dodawa\u0107 zdj\u0119cia, filmy, s\u0142owa i muzyk\u0119,<\/a> aby dzieli\u0107 si\u0119 wspomnieniami i opowiedzie\u0107 histori\u0119 ukochanej osoby. Pomnik udost\u0119pniasz rodzinie i znajomym, a oni mog\u0105 przyczyni\u0107 si\u0119 do jego powstania, dodaj\u0105c przemy\u015blenia, historie, zdj\u0119cia i filmy.<br><\/span><\/p><p>Mi\u0142osny pomnik jest wyrafinowany w swojej prostocie. Jest \u0142atwy w u\u017cyciu i pozwala zbudowa\u0107 eleganckie, wizualne wra\u017cenia.<\/p><h3>Po co <strong>tworzy\u0107<\/strong> <strong>Mi\u0142osne Pami\u0105tk\u0119?<\/strong><\/h3><p>Osoba, kt\u00f3r\u0105 kocha\u0142e\u015b, by\u0142a cenna, a jej \u017cycie g\u0142\u0119boko poruszy\u0142o ciebie, jej rodzin\u0119, przyjaci\u00f3\u0142 i ludzi, kt\u00f3rych spotka\u0142.<\/p><p>Mi\u0142osne wspomnienie pozwala tym, kt\u00f3rzy je znali, zapami\u0119ta\u0107 i poczu\u0107 mi\u0142o\u015b\u0107, u\u015bmiechn\u0105\u0107 si\u0119, \u015bmia\u0107, znale\u017a\u0107 pocieszenie i zacz\u0105\u0107 uzdrawia\u0107.<\/p><p>Daje rodzinie i przyjacio\u0142om mo\u017cliwo\u015b\u0107 lepszego poznania ich \u017cycia, dzielenia si\u0119 wspomnieniami i opowiadania historii, aby nie zapomnie\u0107 o ukochanej osobie.<\/p><p>Dzieli si\u0119 pi\u0119knem ich \u017cycia z tymi, kt\u00f3rzy ich znali, a przysz\u0142ym pokoleniom daje mo\u017cliwo\u015b\u0107 ich poznania.<\/p><p>Tworz\u0105c Mi\u0142osne Miejsce Pami\u0119ci, a tak\u017ce poprzez akt pami\u0119ci, mo\u017cemy tak\u017ce do\u015bwiadczy\u0107 <a href=\"https:\/\/www.lovingmemorials.com\/pl\/o\/#remembrance\">mi\u0142o\u015bci i blisko\u015bci<\/a> .<\/p><h3><strong>Jak stworzy\u0107 Mi\u0142osny<\/strong> Pomnik?<\/h3><p><span style=\"font-weight: 400;\">Po obejrzeniu <a href=\"https:\/\/www.lovingmemorials.com\/m\/antonio-gomes\/112925\/\">przyk\u0142adu<\/a> mo\u017cesz przejrze\u0107 nasze <a href=\"https:\/\/www.lovingmemorials.com\/pl\/funkcje-plany\/\">funkcje<\/a> , wybra\u0107 plan , a nast\u0119pnie <a href=\"https:\/\/www.lovingmemorials.com\/create-memorial\/\">zarejestrowa\u0107 si\u0119<\/a> .<\/span><\/p><h3><strong>Czym jest<\/strong> <strong>Plan Sta\u0142y?<\/strong><\/h3><p>Plan Sta\u0142y oznacza, \u017ce wystarczy dokona\u0107 <em>jednorazowej<\/em> p\u0142atno\u015bci, aby <em>zawsze<\/em> mie\u0107 przy sobie Kochaj\u0105c\u0105 Pami\u0105tk\u0119.<\/p><p>Zawsze b\u0119dziesz m\u00f3g\u0142 przegl\u0105da\u0107, edytowa\u0107, udost\u0119pnia\u0107 i zaprasza\u0107 odwiedzaj\u0105cych do obejrzenia swojego pomnika bez dodatkowych op\u0142at i koszt\u00f3w.<\/p><h3><strong>Czy \u0142atwo jest stworzy\u0107 pomnik mi\u0142o\u015bci<\/strong> ?<\/h3>\t\t\t\t\t\t<\/div>\n\t\t\t\t<\/div>\n\t\t\t\t<div class=\"elementor-element elementor-element-b860668 elementor-widget__width-initial elementor-widget-tablet__width-inherit elementor-widget-mobile__width-inherit elementor-widget elementor-widget-text-editor\" data-id=\"b860668\" data-element_type=\"widget\" data-widget_type=\"text-editor.default\">\n\t\t\t\t<div class=\"elementor-widget-container\">\n\t\t\t\t\t\t\t<p style=\"background-color: #ffffff;\">Nasz szablon u\u0142atwia ka\u017cdemu stworzenie pomnika.<\/p><p style=\"background-color: #ffffff;\">Na przyk\u0142ad, aby doda\u0107 wspomnienie, dodajesz zdj\u0119cie i s\u0142owa, a nast\u0119pnie klikasz \u201eZapisz\u201d.<\/p>\t\t\t\t\t\t<\/div>\n\t\t\t\t<\/div>\n\t\t\t\t<div class=\"elementor-element elementor-element-f41e78d elementor-widget__width-initial elementor-widget-tablet__width-inherit elementor-widget-mobile__width-inherit elementor-widget elementor-widget-image\" data-id=\"f41e78d\" data-element_type=\"widget\" data-widget_type=\"image.default\">\n\t\t\t\t<div class=\"elementor-widget-container\">\n\t\t\t\t\t\t\t\t\t\t<figure class=\"wp-caption\">\n\t\t\t\t\t\t\t\t\t\t\t<a href=\"https:\/\/www.lovingmemorials.com\/wp-content\/uploads\/2021\/11\/dad-mom.png\" data-elementor-open-lightbox=\"yes\" data-elementor-lightbox-title=\"tata mama\" data-e-action-hash=\"#elementor-action%3Aaction%3Dlightbox%26settings%3DeyJpZCI6ODc4NiwidXJsIjoiaHR0cHM6XC9cL3d3dy5sb3ZpbmdtZW1vcmlhbHMuY29tXC93cC1jb250ZW50XC91cGxvYWRzXC8yMDIxXC8xMVwvZGFkLW1vbS5wbmcifQ%3D%3D\">\n\t\t\t\t\t\t\t<img fetchpriority=\"high\" decoding=\"async\" width=\"991\" height=\"762\" src=\"https:\/\/www.lovingmemorials.com\/wp-content\/uploads\/2021\/11\/dad-mom.png\" class=\"attachment-full size-full wp-image-8786\" alt=\"\" srcset=\"https:\/\/www.lovingmemorials.com\/wp-content\/uploads\/2021\/11\/dad-mom.png 991w, https:\/\/www.lovingmemorials.com\/wp-content\/uploads\/2021\/11\/dad-mom-300x231.png 300w, https:\/\/www.lovingmemorials.com\/wp-content\/uploads\/2021\/11\/dad-mom-768x591.png 768w, https:\/\/www.lovingmemorials.com\/wp-content\/uploads\/2021\/11\/dad-mom-700x538.png 700w\" sizes=\"(max-width: 991px) 100vw, 991px\" \/>\t\t\t\t\t\t\t\t<\/a>\n\t\t\t\t\t\t\t\t\t\t\t<figcaption class=\"widget-image-caption wp-caption-text\"><\/figcaption>\n\t\t\t\t\t\t\t\t\t\t<\/figure>\n\t\t\t\t\t\t\t<\/div>\n\t\t\t\t<\/div>\n\t\t\t\t<div class=\"elementor-element elementor-element-9a30300 elementor-widget elementor-widget-text-editor\" data-id=\"9a30300\" data-element_type=\"widget\" data-widget_type=\"text-editor.default\">\n\t\t\t\t<div class=\"elementor-widget-container\">\n\t\t\t\t\t\t\t<h3 style=\"background-color: #ffffff;\">Jak b\u0119dzie <strong>wygl\u0105da\u0107<\/strong> <strong>moja strona pami\u0119ci<\/strong> ?<\/h3><p>Wybierz jeden z naszych <a href=\"https:\/\/www.lovingmemorials.com\/pl\/przewodnik\/szablon-konstruktora\/#templates\">ponad 200 obraz\u00f3w t\u0142a<\/a> , kt\u00f3re pos\u0142u\u017c\u0105 jako szablon. Nast\u0119pnie dostosuj ka\u017cd\u0105 stron\u0119 za pomoc\u0105 swoich zdj\u0119\u0107, nastroj\u00f3w i film\u00f3w, aby stworzy\u0107 wyj\u0105tkowy ho\u0142d dla ukochanej osoby.<\/p><p>Poni\u017cej znajduje si\u0119 tylko kilka przyk\u0142ad\u00f3w obraz\u00f3w t\u0142a. Je\u015bli nie mamy tego typu obrazu, kt\u00f3rego szukasz, skontaktuj si\u0119 z nami, a my do\u0142o\u017cymy wszelkich stara\u0144, aby Ci\u0119 zadowoli\u0107.<\/p>\t\t\t\t\t\t<\/div>\n\t\t\t\t<\/div>\n\t\t\t\t<div class=\"elementor-element elementor-element-236c673 elementor-widget elementor-widget-bridge_advanced_image_gallery\" data-id=\"236c673\" data-element_type=\"widget\" data-widget_type=\"bridge_advanced_image_gallery.default\">\n\t\t\t\t<div class=\"elementor-widget-container\">\n\t\t\t<div class=\"qode-advanced-image-gallery  qode-aig-grid-type qode-small-space qode-has-shadow qode-image-behavior-lightbox \">\n\t<div class=\"qode-aig-inner qode-outer-space qode-aig-grid qode-aig-three-columns\">\n\t\t\t\t\t<div class=\"qode-aig-image qode-item-space\">\n\t\t\t\t<div class=\"qode-aig-image-inner\">\n\t\t\t\t\t\t\t\t\t\t\t<a itemprop=\"image\" class=\"qode-aig-lightbox\" href=\"https:\/\/www.lovingmemorials.com\/wp-content\/uploads\/2021\/12\/ocean-sunset-scaled-e1639276389987.jpg\" data-rel=\"prettyPhoto[image_gallery_pretty_photo-479]\" title=\"Niebo, t\u0142o, i, woda, odbicie., element, projekt.\">\n\t\t\t\t\t\t\t\t\t\t\t<img decoding=\"async\" width=\"1024\" height=\"576\" src=\"https:\/\/www.lovingmemorials.com\/wp-content\/uploads\/2021\/12\/ocean-sunset-scaled-e1639276389987.jpg\" class=\"attachment-full size-full\" alt=\"\" srcset=\"https:\/\/www.lovingmemorials.com\/wp-content\/uploads\/2021\/12\/ocean-sunset-scaled-e1639276389987.jpg 1024w, https:\/\/www.lovingmemorials.com\/wp-content\/uploads\/2021\/12\/ocean-sunset-scaled-e1639276389987-300x169.jpg 300w, https:\/\/www.lovingmemorials.com\/wp-content\/uploads\/2021\/12\/ocean-sunset-scaled-e1639276389987-768x432.jpg 768w, https:\/\/www.lovingmemorials.com\/wp-content\/uploads\/2021\/12\/ocean-sunset-scaled-e1639276389987-700x394.jpg 700w, https:\/\/www.lovingmemorials.com\/wp-content\/uploads\/2021\/12\/ocean-sunset-scaled-e1639276389987-539x303.jpg 539w\" sizes=\"(max-width: 1024px) 100vw, 1024px\" \/>\t\t\t\t\t\t<span class=\"aig-gallery-hover\">\n\t\t\t\t\t\t\t\t\t\t\t\t\t\t\t<span class=\"icon-arrows-plus\"><\/span> \n\t\t\t\t\t\t\t\t\t\t\t\t\t<\/span>\n\t\t\t\t\t\t\t\t\t\t\t<\/a>\n\t\t\t\t\t\t\t\t\t<\/div>\n\t\t\t<\/div>\n\t\t\t\t\t<div class=\"qode-aig-image qode-item-space\">\n\t\t\t\t<div class=\"qode-aig-image-inner\">\n\t\t\t\t\t\t\t\t\t\t\t<a itemprop=\"image\" class=\"qode-aig-lightbox\" href=\"https:\/\/www.lovingmemorials.com\/wp-content\/uploads\/2021\/12\/sunny-trees.jpg-scaled-e1639414524577.jpg\" data-rel=\"prettyPhoto[image_gallery_pretty_photo-479]\" title=\"zielony ogr\u00f3d\">\n\t\t\t\t\t\t\t\t\t\t\t<img decoding=\"async\" width=\"1025\" height=\"574\" src=\"https:\/\/www.lovingmemorials.com\/wp-content\/uploads\/2021\/12\/sunny-trees.jpg-scaled-e1639414524577.jpg\" class=\"attachment-full size-full\" alt=\"\" srcset=\"https:\/\/www.lovingmemorials.com\/wp-content\/uploads\/2021\/12\/sunny-trees.jpg-scaled-e1639414524577.jpg 1025w, https:\/\/www.lovingmemorials.com\/wp-content\/uploads\/2021\/12\/sunny-trees.jpg-scaled-e1639414524577-300x168.jpg 300w, https:\/\/www.lovingmemorials.com\/wp-content\/uploads\/2021\/12\/sunny-trees.jpg-scaled-e1639414524577-768x430.jpg 768w, https:\/\/www.lovingmemorials.com\/wp-content\/uploads\/2021\/12\/sunny-trees.jpg-scaled-e1639414524577-700x392.jpg 700w, https:\/\/www.lovingmemorials.com\/wp-content\/uploads\/2021\/12\/sunny-trees.jpg-scaled-e1639414524577-539x303.jpg 539w\" sizes=\"(max-width: 1025px) 100vw, 1025px\" \/>\t\t\t\t\t\t<span class=\"aig-gallery-hover\">\n\t\t\t\t\t\t\t\t\t\t\t\t\t\t\t<span class=\"icon-arrows-plus\"><\/span> \n\t\t\t\t\t\t\t\t\t\t\t\t\t<\/span>\n\t\t\t\t\t\t\t\t\t\t\t<\/a>\n\t\t\t\t\t\t\t\t\t<\/div>\n\t\t\t<\/div>\n\t\t\t\t\t<div class=\"qode-aig-image qode-item-space\">\n\t\t\t\t<div class=\"qode-aig-image-inner\">\n\t\t\t\t\t\t\t\t\t\t\t<a itemprop=\"image\" class=\"qode-aig-lightbox\" href=\"https:\/\/www.lovingmemorials.com\/wp-content\/uploads\/2021\/12\/mountain-wildflowers.jpg-scaled-e1639423263610.jpg\" data-rel=\"prettyPhoto[image_gallery_pretty_photo-479]\" title=\"Polne kwiaty, Mount Rainier, Washington st\">\n\t\t\t\t\t\t\t\t\t\t\t<img loading=\"lazy\" decoding=\"async\" width=\"2560\" height=\"1441\" src=\"https:\/\/www.lovingmemorials.com\/wp-content\/uploads\/2021\/12\/mountain-wildflowers.jpg-scaled-e1639423263610.jpg\" class=\"attachment-full size-full\" alt=\"\" \/>\t\t\t\t\t\t<span class=\"aig-gallery-hover\">\n\t\t\t\t\t\t\t\t\t\t\t\t\t\t\t<span class=\"icon-arrows-plus\"><\/span> \n\t\t\t\t\t\t\t\t\t\t\t\t\t<\/span>\n\t\t\t\t\t\t\t\t\t\t\t<\/a>\n\t\t\t\t\t\t\t\t\t<\/div>\n\t\t\t<\/div>\n\t\t\t\t\t<div class=\"qode-aig-image qode-item-space\">\n\t\t\t\t<div class=\"qode-aig-image-inner\">\n\t\t\t\t\t\t\t\t\t\t\t<a itemprop=\"image\" class=\"qode-aig-lightbox\" href=\"https:\/\/www.lovingmemorials.com\/wp-content\/uploads\/2021\/12\/blue-sky.jpg-scaled-e1640378236798.jpg\" data-rel=\"prettyPhoto[image_gallery_pretty_photo-479]\" title=\"B\u0142\u0119kitne niebo i bia\u0142e chmury w tle\">\n\t\t\t\t\t\t\t\t\t\t\t<img loading=\"lazy\" decoding=\"async\" width=\"2560\" height=\"1707\" src=\"https:\/\/www.lovingmemorials.com\/wp-content\/uploads\/2021\/12\/blue-sky.jpg-scaled-e1640378236798.jpg\" class=\"attachment-full size-full\" alt=\"\" \/>\t\t\t\t\t\t<span class=\"aig-gallery-hover\">\n\t\t\t\t\t\t\t\t\t\t\t\t\t\t\t<span class=\"icon-arrows-plus\"><\/span> \n\t\t\t\t\t\t\t\t\t\t\t\t\t<\/span>\n\t\t\t\t\t\t\t\t\t\t\t<\/a>\n\t\t\t\t\t\t\t\t\t<\/div>\n\t\t\t<\/div>\n\t\t\t\t\t<div class=\"qode-aig-image qode-item-space\">\n\t\t\t\t<div class=\"qode-aig-image-inner\">\n\t\t\t\t\t\t\t\t\t\t\t<a itemprop=\"image\" class=\"qode-aig-lightbox\" href=\"https:\/\/www.lovingmemorials.com\/wp-content\/uploads\/2021\/12\/cross-on-mount.jpg-scaled-e1639415097815.jpg\" data-rel=\"prettyPhoto[image_gallery_pretty_photo-479]\" title=\"przechodzi\u0107\">\n\t\t\t\t\t\t\t\t\t\t\t<img loading=\"lazy\" decoding=\"async\" width=\"1023\" height=\"576\" src=\"https:\/\/www.lovingmemorials.com\/wp-content\/uploads\/2021\/12\/cross-on-mount.jpg-scaled-e1639415097815.jpg\" class=\"attachment-full size-full\" alt=\"\" srcset=\"https:\/\/www.lovingmemorials.com\/wp-content\/uploads\/2021\/12\/cross-on-mount.jpg-scaled-e1639415097815.jpg 1023w, https:\/\/www.lovingmemorials.com\/wp-content\/uploads\/2021\/12\/cross-on-mount.jpg-scaled-e1639415097815-300x169.jpg 300w, https:\/\/www.lovingmemorials.com\/wp-content\/uploads\/2021\/12\/cross-on-mount.jpg-scaled-e1639415097815-768x432.jpg 768w, https:\/\/www.lovingmemorials.com\/wp-content\/uploads\/2021\/12\/cross-on-mount.jpg-scaled-e1639415097815-700x394.jpg 700w, https:\/\/www.lovingmemorials.com\/wp-content\/uploads\/2021\/12\/cross-on-mount.jpg-scaled-e1639415097815-539x303.jpg 539w\" sizes=\"(max-width: 1023px) 100vw, 1023px\" \/>\t\t\t\t\t\t<span class=\"aig-gallery-hover\">\n\t\t\t\t\t\t\t\t\t\t\t\t\t\t\t<span class=\"icon-arrows-plus\"><\/span> \n\t\t\t\t\t\t\t\t\t\t\t\t\t<\/span>\n\t\t\t\t\t\t\t\t\t\t\t<\/a>\n\t\t\t\t\t\t\t\t\t<\/div>\n\t\t\t<\/div>\n\t\t\t\t\t<div class=\"qode-aig-image qode-item-space\">\n\t\t\t\t<div class=\"qode-aig-image-inner\">\n\t\t\t\t\t\t\t\t\t\t\t<a itemprop=\"image\" class=\"qode-aig-lightbox\" href=\"https:\/\/www.lovingmemorials.com\/wp-content\/uploads\/2021\/12\/saluting-soldier.jpg-scaled-e1639276862202.jpg\" data-rel=\"prettyPhoto[image_gallery_pretty_photo-479]\" title=\"Double,Exposure,Of,Saluting,Soldier,On,Usa,Grunge,Flag.,Vintage,\">\n\t\t\t\t\t\t\t\t\t\t\t<img loading=\"lazy\" decoding=\"async\" width=\"1024\" height=\"576\" src=\"https:\/\/www.lovingmemorials.com\/wp-content\/uploads\/2021\/12\/saluting-soldier.jpg-scaled-e1639276862202.jpg\" class=\"attachment-full size-full\" alt=\"\" srcset=\"https:\/\/www.lovingmemorials.com\/wp-content\/uploads\/2021\/12\/saluting-soldier.jpg-scaled-e1639276862202.jpg 1024w, https:\/\/www.lovingmemorials.com\/wp-content\/uploads\/2021\/12\/saluting-soldier.jpg-scaled-e1639276862202-300x169.jpg 300w, https:\/\/www.lovingmemorials.com\/wp-content\/uploads\/2021\/12\/saluting-soldier.jpg-scaled-e1639276862202-768x432.jpg 768w, https:\/\/www.lovingmemorials.com\/wp-content\/uploads\/2021\/12\/saluting-soldier.jpg-scaled-e1639276862202-700x394.jpg 700w, https:\/\/www.lovingmemorials.com\/wp-content\/uploads\/2021\/12\/saluting-soldier.jpg-scaled-e1639276862202-539x303.jpg 539w\" sizes=\"(max-width: 1024px) 100vw, 1024px\" \/>\t\t\t\t\t\t<span class=\"aig-gallery-hover\">\n\t\t\t\t\t\t\t\t\t\t\t\t\t\t\t<span class=\"icon-arrows-plus\"><\/span> \n\t\t\t\t\t\t\t\t\t\t\t\t\t<\/span>\n\t\t\t\t\t\t\t\t\t\t\t<\/a>\n\t\t\t\t\t\t\t\t\t<\/div>\n\t\t\t<\/div>\n\t\t\t\t\t<div class=\"qode-aig-image qode-item-space\">\n\t\t\t\t<div class=\"qode-aig-image-inner\">\n\t\t\t\t\t\t\t\t\t\t\t<a itemprop=\"image\" class=\"qode-aig-lightbox\" href=\"https:\/\/www.lovingmemorials.com\/wp-content\/uploads\/2021\/12\/flowerboard-purple.jpg-scaled-e1640296960142.jpg\" data-rel=\"prettyPhoto[image_gallery_pretty_photo-479]\" title=\"Beautiful,Spring,Flowers,On,Paper,Background\">\n\t\t\t\t\t\t\t\t\t\t\t<img loading=\"lazy\" decoding=\"async\" width=\"1025\" height=\"575\" src=\"https:\/\/www.lovingmemorials.com\/wp-content\/uploads\/2021\/12\/flowerboard-purple.jpg-scaled-e1640296960142.jpg\" class=\"attachment-full size-full\" alt=\"\" \/>\t\t\t\t\t\t<span class=\"aig-gallery-hover\">\n\t\t\t\t\t\t\t\t\t\t\t\t\t\t\t<span class=\"icon-arrows-plus\"><\/span> \n\t\t\t\t\t\t\t\t\t\t\t\t\t<\/span>\n\t\t\t\t\t\t\t\t\t\t\t<\/a>\n\t\t\t\t\t\t\t\t\t<\/div>\n\t\t\t<\/div>\n\t\t\t\t\t<div class=\"qode-aig-image qode-item-space\">\n\t\t\t\t<div class=\"qode-aig-image-inner\">\n\t\t\t\t\t\t\t\t\t\t\t<a itemprop=\"image\" class=\"qode-aig-lightbox\" href=\"https:\/\/www.lovingmemorials.com\/wp-content\/uploads\/2021\/12\/balcony-ocean-view-scaled-e1639414909778.jpg\" data-rel=\"prettyPhoto[image_gallery_pretty_photo-479]\" title=\"balkon-widok-ocean\">\n\t\t\t\t\t\t\t\t\t\t\t<img loading=\"lazy\" decoding=\"async\" width=\"1024\" height=\"576\" src=\"https:\/\/www.lovingmemorials.com\/wp-content\/uploads\/2021\/12\/balcony-ocean-view-scaled-e1639414909778.jpg\" class=\"attachment-full size-full\" alt=\"\" srcset=\"https:\/\/www.lovingmemorials.com\/wp-content\/uploads\/2021\/12\/balcony-ocean-view-scaled-e1639414909778.jpg 1024w, https:\/\/www.lovingmemorials.com\/wp-content\/uploads\/2021\/12\/balcony-ocean-view-scaled-e1639414909778-300x169.jpg 300w, https:\/\/www.lovingmemorials.com\/wp-content\/uploads\/2021\/12\/balcony-ocean-view-scaled-e1639414909778-768x432.jpg 768w, https:\/\/www.lovingmemorials.com\/wp-content\/uploads\/2021\/12\/balcony-ocean-view-scaled-e1639414909778-700x394.jpg 700w, https:\/\/www.lovingmemorials.com\/wp-content\/uploads\/2021\/12\/balcony-ocean-view-scaled-e1639414909778-539x303.jpg 539w\" sizes=\"(max-width: 1024px) 100vw, 1024px\" \/>\t\t\t\t\t\t<span class=\"aig-gallery-hover\">\n\t\t\t\t\t\t\t\t\t\t\t\t\t\t\t<span class=\"icon-arrows-plus\"><\/span> \n\t\t\t\t\t\t\t\t\t\t\t\t\t<\/span>\n\t\t\t\t\t\t\t\t\t\t\t<\/a>\n\t\t\t\t\t\t\t\t\t<\/div>\n\t\t\t<\/div>\n\t\t\t\t\t<div class=\"qode-aig-image qode-item-space\">\n\t\t\t\t<div class=\"qode-aig-image-inner\">\n\t\t\t\t\t\t\t\t\t\t\t<a itemprop=\"image\" class=\"qode-aig-lightbox\" href=\"https:\/\/www.lovingmemorials.com\/wp-content\/uploads\/2021\/12\/luxury-pink-marble.jpg-scaled-e1639415200212.jpg\" data-rel=\"prettyPhoto[image_gallery_pretty_photo-479]\" title=\"Luksusowy, r\u00f3\u017cowy, marmur, tekstura, t\u0142o, projekt, do, baner, zaproszenie, tapeta,\">\n\t\t\t\t\t\t\t\t\t\t\t<img loading=\"lazy\" decoding=\"async\" width=\"1024\" height=\"576\" src=\"https:\/\/www.lovingmemorials.com\/wp-content\/uploads\/2021\/12\/luxury-pink-marble.jpg-scaled-e1639415200212.jpg\" class=\"attachment-full size-full\" alt=\"\" srcset=\"https:\/\/www.lovingmemorials.com\/wp-content\/uploads\/2021\/12\/luxury-pink-marble.jpg-scaled-e1639415200212.jpg 1024w, https:\/\/www.lovingmemorials.com\/wp-content\/uploads\/2021\/12\/luxury-pink-marble.jpg-scaled-e1639415200212-300x169.jpg 300w, https:\/\/www.lovingmemorials.com\/wp-content\/uploads\/2021\/12\/luxury-pink-marble.jpg-scaled-e1639415200212-768x432.jpg 768w, https:\/\/www.lovingmemorials.com\/wp-content\/uploads\/2021\/12\/luxury-pink-marble.jpg-scaled-e1639415200212-700x394.jpg 700w, https:\/\/www.lovingmemorials.com\/wp-content\/uploads\/2021\/12\/luxury-pink-marble.jpg-scaled-e1639415200212-539x303.jpg 539w\" sizes=\"(max-width: 1024px) 100vw, 1024px\" \/>\t\t\t\t\t\t<span class=\"aig-gallery-hover\">\n\t\t\t\t\t\t\t\t\t\t\t\t\t\t\t<span class=\"icon-arrows-plus\"><\/span> \n\t\t\t\t\t\t\t\t\t\t\t\t\t<\/span>\n\t\t\t\t\t\t\t\t\t\t\t<\/a>\n\t\t\t\t\t\t\t\t\t<\/div>\n\t\t\t<\/div>\n\t\t\t<\/div>\n<\/div>\t\t<\/div>\n\t\t\t\t<\/div>\n\t\t\t\t<div class=\"elementor-element elementor-element-4aaab5f elementor-widget elementor-widget-text-editor\" data-id=\"4aaab5f\" data-element_type=\"widget\" data-widget_type=\"text-editor.default\">\n\t\t\t\t<div class=\"elementor-widget-container\">\n\t\t\t\t\t\t\t<h3><strong>Czy moja rodzina i przyjaciele<\/strong> mog\u0105 przyczyni\u0107 <strong>si\u0119 do powstania Mi\u0142osnego Pami\u0105tki?<\/strong><\/h3><p>Tak. Mog\u0105 przesy\u0142a\u0107 zdj\u0119cia i filmy do pomnika. Mog\u0105 r\u00f3wnie\u017c dodawa\u0107 my\u015bli, wspomnienia i historie do ksi\u0119gi go\u015bci. Ty kontrolujesz (i mo\u017cesz edytowa\u0107) wy\u015bwietlan\u0105 tre\u015b\u0107.<\/p><h3><strong>Czy mog\u0119 zobaczy\u0107 przyk\u0142ad<\/strong> <strong>strony internetowej \u201eLoving Memorial\u201d?<\/strong><\/h3><p><a href=\"https:\/\/www.lovingmemorials.com\/m\/antonio-gomes\/112925\/\">Loving Memorial for Antonio Gomes<\/a> jest przyk\u0142adem strony internetowej Loving Memorial. <\/p><h3><strong>W jakich j\u0119zykach<\/strong> mog\u0119 stworzy\u0107 <strong>stron\u0119 internetow\u0105 \u201eLoving Memorial\u201d?<\/strong><\/h3><p>Mo\u017cesz tworzy\u0107, edytowa\u0107 i przegl\u0105da\u0107 Mi\u0142osne Pami\u0105tki w nast\u0119puj\u0105cych j\u0119zykach:<\/p><p><a href=\"https:\/\/www.lovingmemorials.com\/pl\/\">Angielski<\/a> , <a href=\"https:\/\/www.lovingmemorials.com\/fi\/\">fi\u0144ski<\/a> , <a href=\"https:\/\/www.lovingmemorials.com\/fr\/\">francuski<\/a> , <a href=\"https:\/\/www.lovingmemorials.com\/de\/\">niemiecki<\/a> , <a href=\"https:\/\/www.lovingmemorials.com\/id\/\">indonezyjski<\/a> , <a href=\"https:\/\/www.lovingmemorials.com\/it\/\">w\u0142oski<\/a> , <a href=\"https:\/\/www.lovingmemorials.com\/ms\/\">malajski<\/a> , <a href=\"https:\/\/www.lovingmemorials.com\/pl\/\">polski<\/a> , <a href=\"https:\/\/www.lovingmemorials.com\/pt-br\/\">portugalski (brazylia)<\/a> , <a href=\"https:\/\/www.lovingmemorials.com\/pt-pt\/\">portugalski (portugalia)<\/a> , <a href=\"https:\/\/www.lovingmemorials.com\/es\/\">hiszpa\u0144ski<\/a> , <a href=\"https:\/\/www.lovingmemorials.com\/sv\/\">szwedzki<\/a> , <a href=\"https:\/\/www.lovingmemorials.com\/tr\/\">turecki<\/a> , <a href=\"https:\/\/www.lovingmemorials.com\/vi\/\">wietnamski<\/a> .<\/p><h3><strong>Nadal mam<\/strong> pytania, <strong>jak mog\u0119 si\u0119 z Tob\u0105 skontaktowa\u0107?<\/strong><\/h3><p>Najlepszym sposobem skontaktowania si\u0119 z nami jest wys\u0142anie do nas wiadomo\u015bci za po\u015brednictwem \u201e <a href=\"https:\/\/www.lovingmemorials.com\/pl\/kontakt\/\">Skontaktuj si\u0119 z nami<\/a> \u201d lub, je\u015bli ju\u017c utworzy\u0142e\u015b Loving Memorial, za pomoc\u0105 formularza \u201ePomoc\u201d na Twoim koncie.<\/p><p>Szczycimy si\u0119 szybkim czasem reakcji. Odpowiadamy na wszystkie zapytania tak szybko, jak to mo\u017cliwe, cz\u0119sto w mniej ni\u017c godzin\u0119.<\/p><p>Wi\u0119kszo\u015b\u0107 problem\u00f3w najlepiej wyja\u015bni\u0107 za po\u015brednictwem poczty elektronicznej. Je\u015bli wolisz, zadzwonimy do Ciebie.<\/p>\t\t\t\t\t\t<\/div>\n\t\t\t\t<\/div>\n\t\t\t\t\t<\/div>\n\t\t<\/div>\n\t\t\t\t\t<\/div>\n\t\t<\/section>\n\t\t\t\t\t<\/div>\n\t\t<\/div>\n\t\t\t\t\t<\/div>\n\t\t<\/section>\n\t\t\t\t<\/div>\n\t\t","protected":false},"excerpt":{"rendered":"<p>Cz\u0119sto Zadawane Pytania Czym jest Mi\u0142osna Pami\u0105tka? Loving Memorial to internetowy pomnik upami\u0119tniaj\u0105cy \u017cycie ukochanej osoby. Nasza us\u0142uga pozwala dodawa\u0107 zdj\u0119cia, filmy, s\u0142owa i muzyk\u0119, aby dzieli\u0107 si\u0119 wspomnieniami i opowiedzie\u0107 histori\u0119 ukochanej osoby. Pomnik udost\u0119pniasz rodzinie i znajomym, a oni mog\u0105 przyczyni\u0107 si\u0119 do&#8230;<\/p>\n","protected":false},"author":1,"featured_media":0,"parent":0,"menu_order":0,"comment_status":"closed","ping_status":"closed","template":"","meta":{"footnotes":""},"class_list":["post-13879","page","type-page","status-publish","hentry"],"_links":{"self":[{"href":"https:\/\/www.lovingmemorials.com\/pl\/wp-json\/wp\/v2\/pages\/13879","targetHints":{"allow":["GET"]}}],"collection":[{"href":"https:\/\/www.lovingmemorials.com\/pl\/wp-json\/wp\/v2\/pages"}],"about":[{"href":"https:\/\/www.lovingmemorials.com\/pl\/wp-json\/wp\/v2\/types\/page"}],"author":[{"embeddable":true,"href":"https:\/\/www.lovingmemorials.com\/pl\/wp-json\/wp\/v2\/users\/1"}],"replies":[{"embeddable":true,"href":"https:\/\/www.lovingmemorials.com\/pl\/wp-json\/wp\/v2\/comments?post=13879"}],"version-history":[{"count":10,"href":"https:\/\/www.lovingmemorials.com\/pl\/wp-json\/wp\/v2\/pages\/13879\/revisions"}],"predecessor-version":[{"id":18478,"href":"https:\/\/www.lovingmemorials.com\/pl\/wp-json\/wp\/v2\/pages\/13879\/revisions\/18478"}],"wp:attachment":[{"href":"https:\/\/www.lovingmemorials.com\/pl\/wp-json\/wp\/v2\/media?parent=13879"}],"curies":[{"name":"wp","href":"https:\/\/api.w.org\/{rel}","templated":true}]}}