{"id":15377,"date":"2022-02-16T17:40:25","date_gmt":"2022-02-16T17:40:25","guid":{"rendered":"https:\/\/www.lovingmemorials.com\/przewodnik-po-pomnikach-online\/"},"modified":"2022-02-26T02:49:40","modified_gmt":"2022-02-26T02:49:40","slug":"przewodnik","status":"publish","type":"page","link":"https:\/\/www.lovingmemorials.com\/pl\/przewodnik\/","title":{"rendered":"Przewodnik"},"content":{"rendered":"\t\t<div data-elementor-type=\"wp-page\" data-elementor-id=\"15377\" class=\"elementor elementor-15377\" data-elementor-post-type=\"page\">\n\t\t\t\t\t\t<section class=\"elementor-section elementor-top-section elementor-element elementor-element-0182c20 elementor-section-content-middle page-header elementor-section-boxed elementor-section-height-default elementor-section-height-default parallax_section_no qode_elementor_container_no\" data-id=\"0182c20\" data-element_type=\"section\">\n\t\t\t\t\t\t<div class=\"elementor-container elementor-column-gap-no\">\n\t\t\t\t\t<div class=\"elementor-column elementor-col-100 elementor-top-column elementor-element elementor-element-f85ac67\" data-id=\"f85ac67\" data-element_type=\"column\">\n\t\t\t<div class=\"elementor-widget-wrap elementor-element-populated\">\n\t\t\t\t\t\t<div class=\"elementor-element elementor-element-fff4700 elementor-widget elementor-widget-heading\" data-id=\"fff4700\" data-element_type=\"widget\" data-widget_type=\"heading.default\">\n\t\t\t\t<div class=\"elementor-widget-container\">\n\t\t\t<h1 class=\"elementor-heading-title elementor-size-default\">Przewodnik po internetowych witrynach pami\u0119ci<\/h1>\t\t<\/div>\n\t\t\t\t<\/div>\n\t\t\t\t<section class=\"elementor-section elementor-inner-section elementor-element elementor-element-5c8432b elementor-section-content-middle container-shadow elementor-section-boxed elementor-section-height-default elementor-section-height-default parallax_section_no qode_elementor_container_no\" data-id=\"5c8432b\" data-element_type=\"section\" data-settings=\"{&quot;background_background&quot;:&quot;classic&quot;}\">\n\t\t\t\t\t\t<div class=\"elementor-container elementor-column-gap-no\">\n\t\t\t\t\t<div class=\"elementor-column elementor-col-100 elementor-inner-column elementor-element elementor-element-6155df8\" data-id=\"6155df8\" data-element_type=\"column\">\n\t\t\t<div class=\"elementor-widget-wrap elementor-element-populated\">\n\t\t\t\t\t\t<div class=\"elementor-element elementor-element-a9e2b32 elementor-widget elementor-widget-text-editor\" data-id=\"a9e2b32\" data-element_type=\"widget\" data-widget_type=\"text-editor.default\">\n\t\t\t\t<div class=\"elementor-widget-container\">\n\t\t\t\t\t\t\t<p>Ten przewodnik po miejscach pami\u0119ci online pomo\u017ce Ci wybra\u0107 najlepsz\u0105 dla siebie us\u0142ug\u0119 witryny pami\u0119ci. Sprawdzamy kluczowe funkcje, wa\u017cne kwestie i pytania, kt\u00f3re mo\u017cesz mie\u0107 na temat tworzenia i utrzymywania miejsca pami\u0119ci w Internecie.<\/p><h3>Jak wybra\u0107 najlepsz\u0105 us\u0142ug\u0119 witryny internetowej po\u015bwi\u0119conej pami\u0119ci?<\/h3><p>Niekt\u00f3re wa\u017cne wzgl\u0119dy przy wyborze <a href=\"https:\/\/www.lovingmemorials.com\/pl\/\">firmy zajmuj\u0105cej si\u0119 witryn\u0105 pami\u0105tkow\u0105<\/a> :<\/p><ul><li><a href=\"https:\/\/www.lovingmemorials.com\/pl\/przewodnik\/szablon-konstruktora\/\">\u0141atwy w u\u017cyciu<\/a><\/li><li aria-level=\"1\"><a href=\"https:\/\/www.lovingmemorials.com\/pl\/przewodnik\/szablon-konstruktora\/#templates\">Du\u017ca r\u00f3\u017cnorodno\u015b\u0107 obraz\u00f3w t\u0142a jako szablon\u00f3w<\/a><\/li><li aria-level=\"1\"><a href=\"https:\/\/www.lovingmemorials.com\/pl\/przewodnik\/storytelling-pokaz-slajdow\/\">Opowiadanie historii<\/a><\/li><li aria-level=\"1\"><a href=\"https:\/\/www.lovingmemorials.com\/pl\/przewodnik\/skup-sie-ukochany\/\">Skoncentruj si\u0119 na ukochanej osobie<\/a><\/li><li aria-level=\"1\">Koszt, bezp\u0142atny a p\u0142atny<\/li><\/ul><p><!--<br \/>Other important considerations:<\/p>\n<ul>\n<li aria-level=\"1\">cost, free versus paid<\/li>\n<li aria-level=\"1\">how long your memorial will stay up?<\/li>\n<li aria-level=\"1\">customer service and support<\/li>\n<\/ul>\n<p>Every memorial website should have:<\/p>\n<ul>\n<li aria-level=\"1\">privacy control<\/li>\n<li aria-level=\"1\">upload features<\/li>\n<li aria-level=\"1\">backups<\/li>\n<\/ul>\n<p>--><br>Serwis internetowy po\u015bwi\u0119cony pami\u0119ci powinien by\u0107 ca\u0142kowicie skoncentrowany na ukochanej osobie. Powinien mie\u0107 minimalny branding firmy i nie powinien zawiera\u0107 reklam ani link\u00f3w do tworzenia pomnika dla kogo\u015b innego.<\/p><p>Powinien by\u0107 prosty, elegancki i \u0142atwy w u\u017cyciu. Powinien oferowa\u0107 warto\u015b\u0107 za swoj\u0105 cen\u0119 i utrzymywa\u0107 pami\u0119\u0107 o ukochanej osobie tak d\u0142ugo, jak chcesz.<\/p><p>W Loving Memorials stworzyli\u015bmy internetowy serwis pami\u0119ci, kt\u00f3ry oferuje wszystkie te rzeczy. Zobacz nasz <a href=\"https:\/\/www.lovingmemorials.com\/m\/antonio-gomes\/112925\/\">przyk\u0142ad Loving Memorial<\/a> , dowiedz si\u0119 wi\u0119cej lub <a href=\"https:\/\/www.lovingmemorials.com\/create-memorial\/\">stw\u00f3rz Loving Memorial<\/a> ju\u017c dzi\u015b, aby przyjaciele i rodzina mogli piel\u0119gnowa\u0107 wspomnienia i celebrowa\u0107 \u017cycie ukochanej osoby.<\/p><h3>Zrozumienie i utworzenie witryny internetowej po\u015bwi\u0119conej pami\u0119ci<\/h3><ul><li aria-level=\"1\"><a href=\"https:\/\/www.lovingmemorials.com\/pl\/przewodnik\/co-jest-pomnik-on-line\/\">Co to jest internetowa witryna lub strona pami\u0119ci?<\/a><\/li><li aria-level=\"1\"><a href=\"https:\/\/www.lovingmemorials.com\/pl\/przewodnik\/roznica-pomiedzy-nekrologami-pomnik\/\">Jaka jest r\u00f3\u017cnica mi\u0119dzy pomnikiem online a nekrologiem online?<\/a><\/li><\/ul><p>Pos\u0142u\u017cymy si\u0119 <a href=\"https:\/\/www.lovingmemorials.com\/m\/antonio-gomes\/112925\/\">przyk\u0142adem<\/a> Mi\u0142o\u015bci Pami\u0105tki, aby zilustrowa\u0107 punkty w tym przewodniku. B\u0119dziemy komunikowa\u0107 aspekty, kt\u00f3re naszym zdaniem s\u0105 wa\u017cne, aby przekaza\u0107 Ci informacje potrzebne do podj\u0119cia najlepszej decyzji dotycz\u0105cej upami\u0119tnienia Twojej ukochanej.<\/p>\t\t\t\t\t\t<\/div>\n\t\t\t\t<\/div>\n\t\t\t\t\t<\/div>\n\t\t<\/div>\n\t\t\t\t\t<\/div>\n\t\t<\/section>\n\t\t\t\t\t<\/div>\n\t\t<\/div>\n\t\t\t\t\t<\/div>\n\t\t<\/section>\n\t\t\t\t<\/div>\n\t\t","protected":false},"excerpt":{"rendered":"<p>Przewodnik po internetowych witrynach pami\u0119ci Ten przewodnik po miejscach pami\u0119ci online pomo\u017ce Ci wybra\u0107 najlepsz\u0105 dla siebie us\u0142ug\u0119 witryny pami\u0119ci. Sprawdzamy kluczowe funkcje, wa\u017cne kwestie i pytania, kt\u00f3re mo\u017cesz mie\u0107 na temat tworzenia i utrzymywania miejsca pami\u0119ci w Internecie. Jak wybra\u0107 najlepsz\u0105 us\u0142ug\u0119 witryny internetowej&#8230;<\/p>\n","protected":false},"author":6,"featured_media":0,"parent":0,"menu_order":0,"comment_status":"closed","ping_status":"closed","template":"","meta":{"footnotes":""},"class_list":["post-15377","page","type-page","status-publish","hentry"],"_links":{"self":[{"href":"https:\/\/www.lovingmemorials.com\/pl\/wp-json\/wp\/v2\/pages\/15377","targetHints":{"allow":["GET"]}}],"collection":[{"href":"https:\/\/www.lovingmemorials.com\/pl\/wp-json\/wp\/v2\/pages"}],"about":[{"href":"https:\/\/www.lovingmemorials.com\/pl\/wp-json\/wp\/v2\/types\/page"}],"author":[{"embeddable":true,"href":"https:\/\/www.lovingmemorials.com\/pl\/wp-json\/wp\/v2\/users\/6"}],"replies":[{"embeddable":true,"href":"https:\/\/www.lovingmemorials.com\/pl\/wp-json\/wp\/v2\/comments?post=15377"}],"version-history":[{"count":6,"href":"https:\/\/www.lovingmemorials.com\/pl\/wp-json\/wp\/v2\/pages\/15377\/revisions"}],"predecessor-version":[{"id":17980,"href":"https:\/\/www.lovingmemorials.com\/pl\/wp-json\/wp\/v2\/pages\/15377\/revisions\/17980"}],"wp:attachment":[{"href":"https:\/\/www.lovingmemorials.com\/pl\/wp-json\/wp\/v2\/media?parent=15377"}],"curies":[{"name":"wp","href":"https:\/\/api.w.org\/{rel}","templated":true}]}}