{"id":15443,"date":"2022-02-16T17:44:30","date_gmt":"2022-02-16T17:44:30","guid":{"rendered":"https:\/\/www.lovingmemorials.com\/przewodnik-po-pomnikach-online\/opowiadanie-historii-w-pamiatkowym-pokazie-slajdow\/"},"modified":"2022-02-26T02:50:06","modified_gmt":"2022-02-26T02:50:06","slug":"storytelling-pokaz-slajdow","status":"publish","type":"page","link":"https:\/\/www.lovingmemorials.com\/pl\/przewodnik\/storytelling-pokaz-slajdow\/","title":{"rendered":"Pokaz slajd\u00f3w z opowiadaniem historii"},"content":{"rendered":"\t\t<div data-elementor-type=\"wp-page\" data-elementor-id=\"15443\" class=\"elementor elementor-15443\" data-elementor-post-type=\"page\">\n\t\t\t\t\t\t<section class=\"elementor-section elementor-top-section elementor-element elementor-element-0182c20 elementor-section-content-middle elementor-section-boxed elementor-section-height-default elementor-section-height-default parallax_section_no qode_elementor_container_no\" data-id=\"0182c20\" data-element_type=\"section\">\n\t\t\t\t\t\t<div class=\"elementor-container elementor-column-gap-no\">\n\t\t\t\t\t<div class=\"elementor-column elementor-col-100 elementor-top-column elementor-element elementor-element-f85ac67\" data-id=\"f85ac67\" data-element_type=\"column\">\n\t\t\t<div class=\"elementor-widget-wrap elementor-element-populated\">\n\t\t\t\t\t\t<div class=\"elementor-element elementor-element-a3ba493 guide-breardcrumb elementor-widget elementor-widget-text-editor\" data-id=\"a3ba493\" data-element_type=\"widget\" data-widget_type=\"text-editor.default\">\n\t\t\t\t<div class=\"elementor-widget-container\">\n\t\t\t\t\t\t\t<p><a href=\"https:\/\/www.lovingmemorials.com\/pl\/\">Dom<\/a>&gt;&gt; <a href=\"https:\/\/www.lovingmemorials.com\/pl\/przewodnik\/\">Przewodnik po portalach pami\u0119ci<\/a> &gt;&gt;<\/p>\t\t\t\t\t\t<\/div>\n\t\t\t\t<\/div>\n\t\t\t\t<div class=\"elementor-element elementor-element-fff4700 page-header elementor-widget elementor-widget-heading\" data-id=\"fff4700\" data-element_type=\"widget\" data-widget_type=\"heading.default\">\n\t\t\t\t<div class=\"elementor-widget-container\">\n\t\t\t<h1 class=\"elementor-heading-title elementor-size-default\">Opowiadanie historii w pami\u0105tkowym pokazie slajd\u00f3w<\/h1>\t\t<\/div>\n\t\t\t\t<\/div>\n\t\t\t\t<section class=\"elementor-section elementor-inner-section elementor-element elementor-element-5c8432b elementor-section-content-middle container-shadow elementor-section-boxed elementor-section-height-default elementor-section-height-default parallax_section_no qode_elementor_container_no\" data-id=\"5c8432b\" data-element_type=\"section\" data-settings=\"{&quot;background_background&quot;:&quot;classic&quot;}\">\n\t\t\t\t\t\t<div class=\"elementor-container elementor-column-gap-no\">\n\t\t\t\t\t<div class=\"elementor-column elementor-col-100 elementor-inner-column elementor-element elementor-element-6155df8\" data-id=\"6155df8\" data-element_type=\"column\">\n\t\t\t<div class=\"elementor-widget-wrap elementor-element-populated\">\n\t\t\t\t\t\t<div class=\"elementor-element elementor-element-cf3f708 elementor-widget elementor-widget-text-editor\" data-id=\"cf3f708\" data-element_type=\"widget\" data-widget_type=\"text-editor.default\">\n\t\t\t\t<div class=\"elementor-widget-container\">\n\t\t\t\t\t\t\t<p>Aby strona pami\u0105tkowa mog\u0142a uchwyci\u0107 cenno\u015b\u0107 ukochanej osoby, jej historia musi zosta\u0107 o\u017cywiona za pomoc\u0105 zdj\u0119\u0107, film\u00f3w i s\u0142\u00f3w. Jest opowiedziana za pomoc\u0105 zdj\u0119\u0107 i film\u00f3w, ale s\u0142owa, kt\u00f3re kryj\u0105 si\u0119 za tymi wspomnieniami, o\u017cywiaj\u0105 histori\u0119 ukochanej osoby, dzi\u0119ki czemu mog\u0105 by\u0107 zrozumiane i docenione przez innych.<\/p><h3>Strona \u201e\u017bycie\u201d: pokaz slajd\u00f3w wspomnie\u0144<\/h3><p>Do ka\u017cdego Mi\u0142osnego Pami\u0105tki do\u0142\u0105czona jest strona \u201e\u017bycie\u201d \u2014 zobacz przyk\u0142adow\u0105 <a href=\"https:\/\/www.lovingmemorials.com\/m\/antonio-gomes\/112925\/\">stron\u0119 \u017cycia<\/a> .<\/p><p>Strona \u017bycie to pokaz slajd\u00f3w przedstawiaj\u0105cy wa\u017cne wspomnienia z \u017cycia Twojej ukochanej osoby. Ka\u017cdy slajd to wspomnienie. Wspomnienia mog\u0105 by\u0107 prezentowane w porz\u0105dku chronologicznym lub w dowolnej kolejno\u015bci.<\/p><p>Do pokazu slajd\u00f3w mo\u017cna doda\u0107 muzyk\u0119 i utwory.<\/p><h3>Wspomnienia tworz\u0105 \u017cycie<\/h3><p>Strona \u017bycie sk\u0142ada si\u0119 z niezapomnianych zdj\u0119\u0107 i film\u00f3w, kt\u00f3re odwiedzaj\u0105cy mog\u0105 przegl\u0105da\u0107. Nag\u0142\u00f3wki i podpisy s\u0105 dodawane, aby opowiedzie\u0107 histori\u0119 kryj\u0105c\u0105 si\u0119 za wspomnieniem.<\/p><p>Oto przyk\u0142ad wspomnienia dodanego w sekcji administracyjnej Loving Memorial. <\/p><p><a href=\"https:\/\/www.lovingmemorials.com\/wp-content\/uploads\/2021\/12\/calm-e1640975705186.png\"><img decoding=\"async\" class=\"alignright wp-image-7679 size-full\" src=\"https:\/\/www.lovingmemorials.com\/wp-content\/uploads\/2021\/12\/calm-e1640975705186.png\" alt=\"\" width=\"100%\" height=\"674\"><\/a><\/p><p>Klikni\u0119cie \u201eZapisz\u201d automatycznie publikuje pami\u0119\u0107 w sekcji \u017cycia i aktualizuje pokaz slajd\u00f3w.<\/p><p><a href=\"https:\/\/www.lovingmemorials.com\/wp-content\/uploads\/2022\/01\/Loving-Memorials-Antonio-Gomes-Loving-Memorial-Calm-e1642451952228.png\"><img fetchpriority=\"high\" decoding=\"async\" class=\"alignnone wp-image-9714 size-full\" src=\"https:\/\/www.lovingmemorials.com\/wp-content\/uploads\/2022\/01\/Loving-Memorials-Antonio-Gomes-Loving-Memorial-Calm-e1642451952228.png\" alt=\"\" width=\"1024\" height=\"693\"><\/a><\/p><h3>Wspomnienia opowiadaj\u0105 histori\u0119<\/h3><p>Nag\u0142\u00f3wek i podpis dodawane do zdj\u0119cia s\u0105 opcjonalne i mog\u0105 by\u0107 dowolnie d\u0142ugie. Mo\u017cesz po prostu doda\u0107 nag\u0142\u00f3wki lub podpisy.<\/p><p>Dodany nag\u0142\u00f3wek i podpis mog\u0105 r\u00f3wnie\u017c opowiedzie\u0107 histori\u0119.<\/p><p><a href=\"https:\/\/www.lovingmemorials.com\/wp-content\/uploads\/2022\/01\/Loving-Memorials-Antonio-Gomes-Loving-Memorial-Story-e1642450695713.png\"><img decoding=\"async\" class=\"alignnone wp-image-9679 size-full\" src=\"https:\/\/www.lovingmemorials.com\/wp-content\/uploads\/2022\/01\/Loving-Memorials-Antonio-Gomes-Loving-Memorial-Story-e1642450695713.png\" alt=\"\" width=\"1024\" height=\"693\"><\/a><\/p><p>Wspomnienia i historie, kt\u00f3re dzielisz z ukochan\u0105 osob\u0105, staj\u0105 si\u0119 ich histori\u0105 \u017cycia.<\/p><h3>Online Memorial Slideshow kontra kreator pokazu slajd\u00f3w<\/h3><p>Kreator pokazu slajd\u00f3w, taki jak oprogramowanie komputerowe lub bezp\u0142atna aplikacja, to oprogramowanie umo\u017cliwiaj\u0105ce tworzenie pliku pokazu slajd\u00f3w lub dokumentu, kt\u00f3ry mo\u017cna wys\u0142a\u0107 znajomym i rodzinie. Pokaz slajd\u00f3w online, taki jak ten w sekcji \u017bycie w Mi\u0142osnym Pami\u0119ci, ma kilka zalet w por\u00f3wnaniu z pokazem slajd\u00f3w zawieraj\u0105cym plik lub dokument.<\/p><p>Pokaz slajd\u00f3w online u\u0142atwia rodzinie i znajomym przesy\u0142anie zdj\u0119\u0107 i film\u00f3w. Mog\u0105 przes\u0142a\u0107 te media online, bezpo\u015brednio do miejsca pami\u0119ci, zamiast udost\u0119pnia\u0107 je Ci przez e-mail, SMS-y, media spo\u0142eczno\u015bciowe lub us\u0142ugi udost\u0119pniania plik\u00f3w.<\/p><p>Pokaz slajd\u00f3w online mo\u017cna ponownie edytowa\u0107 bez konieczno\u015bci ponownego wysy\u0142ania za ka\u017cdym razem. Odwiedzaj\u0105cy mog\u0105 nadal wsp\u00f3\u0142tworzy\u0107 pokaz slajd\u00f3w online, dzi\u0119ki czemu ewoluuje w czasie.<\/p><p>\u0141\u0105cze do miejsca pami\u0119ci online jest \u0142atwiejsze do udost\u0119pnienia Tobie i innym. Pozwala to unikn\u0105\u0107 konieczno\u015bci wyszukiwania i wysy\u0142ania pliku za ka\u017cdym razem, gdy pomnik jest udost\u0119pniany.<\/p><p>Pokaz slajd\u00f3w online, taki jak Loving Memorial, jest bezpieczny dzi\u0119ki kopiom zapasowym, a nie przechowywany na urz\u0105dzeniu, kt\u00f3re mo\u017ce ulec uszkodzeniu lub zgubieniu.<\/p>\t\t\t\t\t\t<\/div>\n\t\t\t\t<\/div>\n\t\t\t\t\t<\/div>\n\t\t<\/div>\n\t\t\t\t\t<\/div>\n\t\t<\/section>\n\t\t\t\t\t<\/div>\n\t\t<\/div>\n\t\t\t\t\t<\/div>\n\t\t<\/section>\n\t\t\t\t<\/div>\n\t\t","protected":false},"excerpt":{"rendered":"<p>Dom&gt;&gt; Przewodnik po portalach pami\u0119ci &gt;&gt; Opowiadanie historii w pami\u0105tkowym pokazie slajd\u00f3w Aby strona pami\u0105tkowa mog\u0142a uchwyci\u0107 cenno\u015b\u0107 ukochanej osoby, jej historia musi zosta\u0107 o\u017cywiona za pomoc\u0105 zdj\u0119\u0107, film\u00f3w i s\u0142\u00f3w. Jest opowiedziana za pomoc\u0105 zdj\u0119\u0107 i film\u00f3w, ale s\u0142owa, kt\u00f3re kryj\u0105 si\u0119 za tymi&#8230;<\/p>\n","protected":false},"author":6,"featured_media":0,"parent":15377,"menu_order":0,"comment_status":"closed","ping_status":"closed","template":"","meta":{"footnotes":""},"class_list":["post-15443","page","type-page","status-publish","hentry"],"_links":{"self":[{"href":"https:\/\/www.lovingmemorials.com\/pl\/wp-json\/wp\/v2\/pages\/15443","targetHints":{"allow":["GET"]}}],"collection":[{"href":"https:\/\/www.lovingmemorials.com\/pl\/wp-json\/wp\/v2\/pages"}],"about":[{"href":"https:\/\/www.lovingmemorials.com\/pl\/wp-json\/wp\/v2\/types\/page"}],"author":[{"embeddable":true,"href":"https:\/\/www.lovingmemorials.com\/pl\/wp-json\/wp\/v2\/users\/6"}],"replies":[{"embeddable":true,"href":"https:\/\/www.lovingmemorials.com\/pl\/wp-json\/wp\/v2\/comments?post=15443"}],"version-history":[{"count":3,"href":"https:\/\/www.lovingmemorials.com\/pl\/wp-json\/wp\/v2\/pages\/15443\/revisions"}],"predecessor-version":[{"id":17348,"href":"https:\/\/www.lovingmemorials.com\/pl\/wp-json\/wp\/v2\/pages\/15443\/revisions\/17348"}],"up":[{"embeddable":true,"href":"https:\/\/www.lovingmemorials.com\/pl\/wp-json\/wp\/v2\/pages\/15377"}],"wp:attachment":[{"href":"https:\/\/www.lovingmemorials.com\/pl\/wp-json\/wp\/v2\/media?parent=15443"}],"curies":[{"name":"wp","href":"https:\/\/api.w.org\/{rel}","templated":true}]}}