{"id":15664,"date":"2022-02-16T18:38:44","date_gmt":"2022-02-16T18:38:44","guid":{"rendered":"https:\/\/www.lovingmemorials.com\/przewodnik-po-pomnikach-online\/internetowy-pomnik-skoncentrowany-na-ukochanej-osobie\/"},"modified":"2022-02-26T02:57:21","modified_gmt":"2022-02-26T02:57:21","slug":"skup-sie-ukochany","status":"publish","type":"page","link":"https:\/\/www.lovingmemorials.com\/pl\/przewodnik\/skup-sie-ukochany\/","title":{"rendered":"Skoncentruj si\u0119 na ukochanej osobie"},"content":{"rendered":"\t\t<div data-elementor-type=\"wp-page\" data-elementor-id=\"15664\" class=\"elementor elementor-15664\" data-elementor-post-type=\"page\">\n\t\t\t\t\t\t<section class=\"elementor-section elementor-top-section elementor-element elementor-element-0182c20 elementor-section-content-middle elementor-section-boxed elementor-section-height-default elementor-section-height-default parallax_section_no qode_elementor_container_no\" data-id=\"0182c20\" data-element_type=\"section\">\n\t\t\t\t\t\t<div class=\"elementor-container elementor-column-gap-no\">\n\t\t\t\t\t<div class=\"elementor-column elementor-col-100 elementor-top-column elementor-element elementor-element-f85ac67\" data-id=\"f85ac67\" data-element_type=\"column\">\n\t\t\t<div class=\"elementor-widget-wrap elementor-element-populated\">\n\t\t\t\t\t\t<div class=\"elementor-element elementor-element-a3ba493 guide-breardcrumb elementor-widget elementor-widget-text-editor\" data-id=\"a3ba493\" data-element_type=\"widget\" data-widget_type=\"text-editor.default\">\n\t\t\t\t<div class=\"elementor-widget-container\">\n\t\t\t\t\t\t\t<p><a href=\"https:\/\/www.lovingmemorials.com\/pl\/\">Dom<\/a>&gt;&gt; <a href=\"https:\/\/www.lovingmemorials.com\/pl\/przewodnik\/\">Przewodnik po portalach pami\u0119ci<\/a> &gt;&gt;<\/p>\t\t\t\t\t\t<\/div>\n\t\t\t\t<\/div>\n\t\t\t\t<div class=\"elementor-element elementor-element-fff4700 page-header elementor-widget elementor-widget-heading\" data-id=\"fff4700\" data-element_type=\"widget\" data-widget_type=\"heading.default\">\n\t\t\t\t<div class=\"elementor-widget-container\">\n\t\t\t<h1 class=\"elementor-heading-title elementor-size-default\">Pami\u0105tka skupiona na ukochanej osobie<\/h1>\t\t<\/div>\n\t\t\t\t<\/div>\n\t\t\t\t<section class=\"elementor-section elementor-inner-section elementor-element elementor-element-5c8432b elementor-section-content-middle container-shadow elementor-section-boxed elementor-section-height-default elementor-section-height-default parallax_section_no qode_elementor_container_no\" data-id=\"5c8432b\" data-element_type=\"section\" data-settings=\"{&quot;background_background&quot;:&quot;classic&quot;}\">\n\t\t\t\t\t\t<div class=\"elementor-container elementor-column-gap-no\">\n\t\t\t\t\t<div class=\"elementor-column elementor-col-100 elementor-inner-column elementor-element elementor-element-6155df8\" data-id=\"6155df8\" data-element_type=\"column\">\n\t\t\t<div class=\"elementor-widget-wrap elementor-element-populated\">\n\t\t\t\t\t\t<div class=\"elementor-element elementor-element-a9e2b32 elementor-widget elementor-widget-text-editor\" data-id=\"a9e2b32\" data-element_type=\"widget\" data-widget_type=\"text-editor.default\">\n\t\t\t\t<div class=\"elementor-widget-container\">\n\t\t\t\t\t\t\t<p><span style=\"font-weight: 400;\">Bohaterem pomnika online jest twoja ukochana osoba, a pomnik musi by\u0107 ca\u0142kowicie skoncentrowany na niej. Pomnik zaczyna traci\u0107 to skupienie, gdy reklamy i branding firmy s\u0105 zbyt widoczne.<\/span><\/p><h3><b>Reklamy i linki do stworzenia pomnika dla kogo\u015b innego<\/b><\/h3><p><span style=\"font-weight: 400;\">Reklamy to wizualne odwr\u00f3cenie uwagi od historii ukochanej osoby. Tworz\u0105 ba\u0142agan i \u201eha\u0142as\u201d, co przeszkadza w wa\u017cnych rzeczach, kt\u00f3re opowiadasz o swojej ukochanej. Reklamy na pomniku mog\u0105 mie\u0107 form\u0119 baner\u00f3w reklamowych, reklam tekstowych lub link\u00f3w do utworzenia pomnika dla kogo\u015b innego. <\/span><\/p><h3><b>Branding firmy, kt\u00f3ry jest zbyt widoczny<\/b><\/h3><p>Serwis internetowy po\u015bwi\u0119cony pami\u0119ci, kt\u00f3ry zapewnia pomnik, mo\u017ce mie\u0107 zbyt wyra\u017anie wy\u015bwietlane logo firmy. Linki firmowe, takie jak firmowe konta w mediach spo\u0142eczno\u015bciowych, mog\u0105 r\u00f3wnie\u017c pojawi\u0107 si\u0119 na pomniku ukochanej osoby.<\/p><p>Logo firmy i inne linki firmowe nie wnosz\u0105 niczego do pomnika i mog\u0105 wizualnie odwraca\u0107 uwag\u0119 od historii ukochanej osoby, jednocze\u015bnie odbieraj\u0105c jej atrakcyjno\u015b\u0107 wizualn\u0105.<\/p><h3><b>Pe\u0142na mi\u0142o\u015bci pami\u0105tka skupia si\u0119 na ukochanej osobie<\/b><\/h3><p>Pomnik, kt\u00f3ry jest ca\u0142kowicie skoncentrowany na ukochanej osobie, jest spokojny i pogodny.<\/p><p>Poni\u017cej znajduje si\u0119 zrzut ekranu naszego <a href=\"https:\/\/www.lovingmemorials.com\/m\/antonio-gomes\/112925\/\">przyk\u0142adu<\/a> Mi\u0142osnego Pami\u0105tki. Na Loving Memorial nie zobaczysz link\u00f3w do utworzenia pomnika dla kogo\u015b innego ani \u017cadnych reklam, a nasze logo jest ledwo zauwa\u017calne.<\/p><p><a href=\"https:\/\/www.lovingmemorials.com\/m\/antonio-gomes\/112925\/\" target=\"_blank\" rel=\"noopener\"><img fetchpriority=\"high\" decoding=\"async\" class=\"alignnone wp-image-9549 size-full\" src=\"https:\/\/www.lovingmemorials.com\/wp-content\/uploads\/2022\/01\/Loving-Memorials-Antonio-Gomes-Loving-Memorial-e1642443938302.png\" alt=\"Strona g\u0142\u00f3wna obrazu z mi\u0142o\u015bci\u0105 pomnik\u00f3w\" width=\"1024\" height=\"693\"><\/a><\/p>\t\t\t\t\t\t<\/div>\n\t\t\t\t<\/div>\n\t\t\t\t<div class=\"elementor-element elementor-element-a2aaf84 elementor-widget__width-initial elementor-widget-mobile__width-inherit elementor-widget elementor-widget-image\" data-id=\"a2aaf84\" data-element_type=\"widget\" data-widget_type=\"image.default\">\n\t\t\t\t<div class=\"elementor-widget-container\">\n\t\t\t\t\t\t\t\t\t\t\t\t\t\t<a href=\"https:\/\/www.lovingmemorials.com\/wp-content\/uploads\/2022\/01\/Loving-Memorials-Antonio-Gomes-Loving-Memorial-Heart-e1642445682611.png\" data-elementor-open-lightbox=\"yes\" data-elementor-lightbox-title=\"Mi\u0142osne pomniki Antonio Gomes Loving Memorial Heart\" data-e-action-hash=\"#elementor-action%3Aaction%3Dlightbox%26settings%3DeyJpZCI6OTU4NSwidXJsIjoiaHR0cHM6XC9cL3d3dy5sb3ZpbmdtZW1vcmlhbHMuY29tXC93cC1jb250ZW50XC91cGxvYWRzXC8yMDIyXC8wMVwvTG92aW5nLU1lbW9yaWFscy1BbnRvbmlvLUdvbWVzLUxvdmluZy1NZW1vcmlhbC1IZWFydC1lMTY0MjQ0NTY4MjYxMS5wbmcifQ%3D%3D\">\n\t\t\t\t\t\t\t<img decoding=\"async\" width=\"600\" height=\"620\" src=\"https:\/\/www.lovingmemorials.com\/wp-content\/uploads\/2022\/01\/Loving-Memorials-Antonio-Gomes-Loving-Memorial-Heart-e1642445682611.png\" class=\"attachment-full size-full wp-image-9585\" alt=\"Strona g\u0142\u00f3wna Half Image z mi\u0142osnymi pomnikami\" \/>\t\t\t\t\t\t\t\t<\/a>\n\t\t\t\t\t\t\t\t\t\t\t\t\t<\/div>\n\t\t\t\t<\/div>\n\t\t\t\t<div class=\"elementor-element elementor-element-93e206d elementor-widget__width-initial elementor-widget-mobile__width-inherit elementor-widget elementor-widget-text-editor\" data-id=\"93e206d\" data-element_type=\"widget\" data-widget_type=\"text-editor.default\">\n\t\t\t\t<div class=\"elementor-widget-container\">\n\t\t\t\t\t\t\t<p>Na Loving Memorial, gdzie normalnie pojawia\u0142oby si\u0119 logo, wy\u015bwietlamy tylko serce naszego logo bez liter. Serce daje pami\u0105tkowe ciep\u0142o, nie daj\u0105c si\u0119 zidentyfikowa\u0107 jako logo.<\/p><p>W Loving Memorials nasza marka nie jest bohaterem opowie\u015bci, twoja ukochana jest bohaterem opowie\u015bci.<\/p>\t\t\t\t\t\t<\/div>\n\t\t\t\t<\/div>\n\t\t\t\t\t<\/div>\n\t\t<\/div>\n\t\t\t\t\t<\/div>\n\t\t<\/section>\n\t\t\t\t\t<\/div>\n\t\t<\/div>\n\t\t\t\t\t<\/div>\n\t\t<\/section>\n\t\t\t\t<\/div>\n\t\t","protected":false},"excerpt":{"rendered":"<p>Dom&gt;&gt; Przewodnik po portalach pami\u0119ci &gt;&gt; Pami\u0105tka skupiona na ukochanej osobie Bohaterem pomnika online jest twoja ukochana osoba, a pomnik musi by\u0107 ca\u0142kowicie skoncentrowany na niej. Pomnik zaczyna traci\u0107 to skupienie, gdy reklamy i branding firmy s\u0105 zbyt widoczne. Reklamy i linki do stworzenia pomnika&#8230;<\/p>\n","protected":false},"author":6,"featured_media":0,"parent":15377,"menu_order":0,"comment_status":"closed","ping_status":"closed","template":"","meta":{"footnotes":""},"class_list":["post-15664","page","type-page","status-publish","hentry"],"_links":{"self":[{"href":"https:\/\/www.lovingmemorials.com\/pl\/wp-json\/wp\/v2\/pages\/15664","targetHints":{"allow":["GET"]}}],"collection":[{"href":"https:\/\/www.lovingmemorials.com\/pl\/wp-json\/wp\/v2\/pages"}],"about":[{"href":"https:\/\/www.lovingmemorials.com\/pl\/wp-json\/wp\/v2\/types\/page"}],"author":[{"embeddable":true,"href":"https:\/\/www.lovingmemorials.com\/pl\/wp-json\/wp\/v2\/users\/6"}],"replies":[{"embeddable":true,"href":"https:\/\/www.lovingmemorials.com\/pl\/wp-json\/wp\/v2\/comments?post=15664"}],"version-history":[{"count":4,"href":"https:\/\/www.lovingmemorials.com\/pl\/wp-json\/wp\/v2\/pages\/15664\/revisions"}],"predecessor-version":[{"id":17896,"href":"https:\/\/www.lovingmemorials.com\/pl\/wp-json\/wp\/v2\/pages\/15664\/revisions\/17896"}],"up":[{"embeddable":true,"href":"https:\/\/www.lovingmemorials.com\/pl\/wp-json\/wp\/v2\/pages\/15377"}],"wp:attachment":[{"href":"https:\/\/www.lovingmemorials.com\/pl\/wp-json\/wp\/v2\/media?parent=15664"}],"curies":[{"name":"wp","href":"https:\/\/api.w.org\/{rel}","templated":true}]}}