{"id":15843,"date":"2022-02-16T20:30:03","date_gmt":"2022-02-16T20:30:03","guid":{"rendered":"https:\/\/www.lovingmemorials.com\/przewodnik-po-pomnikach-online\/co-to-jest-pomnik-online\/"},"modified":"2022-02-26T03:01:04","modified_gmt":"2022-02-26T03:01:04","slug":"co-jest-pomnik-on-line","status":"publish","type":"page","link":"https:\/\/www.lovingmemorials.com\/pl\/przewodnik\/co-jest-pomnik-on-line\/","title":{"rendered":"Co to jest pomnik online?"},"content":{"rendered":"\t\t<div data-elementor-type=\"wp-page\" data-elementor-id=\"15843\" class=\"elementor elementor-15843\" data-elementor-post-type=\"page\">\n\t\t\t\t\t\t<section class=\"elementor-section elementor-top-section elementor-element elementor-element-0182c20 elementor-section-content-middle elementor-section-boxed elementor-section-height-default elementor-section-height-default parallax_section_no qode_elementor_container_no\" data-id=\"0182c20\" data-element_type=\"section\">\n\t\t\t\t\t\t<div class=\"elementor-container elementor-column-gap-no\">\n\t\t\t\t\t<div class=\"elementor-column elementor-col-100 elementor-top-column elementor-element elementor-element-f85ac67\" data-id=\"f85ac67\" data-element_type=\"column\">\n\t\t\t<div class=\"elementor-widget-wrap elementor-element-populated\">\n\t\t\t\t\t\t<div class=\"elementor-element elementor-element-a3ba493 guide-breardcrumb elementor-widget elementor-widget-text-editor\" data-id=\"a3ba493\" data-element_type=\"widget\" data-widget_type=\"text-editor.default\">\n\t\t\t\t<div class=\"elementor-widget-container\">\n\t\t\t\t\t\t\t<p><a href=\"https:\/\/www.lovingmemorials.com\/pl\/\">Dom<\/a>&gt;&gt; <a href=\"https:\/\/www.lovingmemorials.com\/pl\/przewodnik\/\">Przewodnik po portalach pami\u0119ci<\/a> &gt;&gt;<\/p>\t\t\t\t\t\t<\/div>\n\t\t\t\t<\/div>\n\t\t\t\t<div class=\"elementor-element elementor-element-fff4700 page-header elementor-widget elementor-widget-heading\" data-id=\"fff4700\" data-element_type=\"widget\" data-widget_type=\"heading.default\">\n\t\t\t\t<div class=\"elementor-widget-container\">\n\t\t\t<h1 class=\"elementor-heading-title elementor-size-default\">Co to jest pomnik online?\n<\/h1>\t\t<\/div>\n\t\t\t\t<\/div>\n\t\t\t\t<section class=\"elementor-section elementor-inner-section elementor-element elementor-element-5c8432b elementor-section-content-middle container-shadow elementor-section-boxed elementor-section-height-default elementor-section-height-default parallax_section_no qode_elementor_container_no\" data-id=\"5c8432b\" data-element_type=\"section\" data-settings=\"{&quot;background_background&quot;:&quot;classic&quot;}\">\n\t\t\t\t\t\t<div class=\"elementor-container elementor-column-gap-no\">\n\t\t\t\t\t<div class=\"elementor-column elementor-col-100 elementor-inner-column elementor-element elementor-element-6155df8\" data-id=\"6155df8\" data-element_type=\"column\">\n\t\t\t<div class=\"elementor-widget-wrap elementor-element-populated\">\n\t\t\t\t\t\t<div class=\"elementor-element elementor-element-cf3f708 elementor-widget elementor-widget-text-editor\" data-id=\"cf3f708\" data-element_type=\"widget\" data-widget_type=\"text-editor.default\">\n\t\t\t\t<div class=\"elementor-widget-container\">\n\t\t\t\t\t\t\t<p>Internetowy pomnik to miejsce, w kt\u00f3rym \u017cywi pami\u0119taj\u0105 i celebruj\u0105 \u017cycie zmar\u0142ej osoby lub zwierzaka, aby nie zosta\u0142y zapomniane.<\/p><p>Miejsce online oznacza, \u017ce mo\u017ce to by\u0107 dedykowana witryna pami\u0119ci, pojedyncza strona lub strony medi\u00f3w spo\u0142eczno\u015bciowych, <a href=\"https:\/\/www.facebook.com\/help\/275013292838654\">takie jak upami\u0119tnione konto na Facebooku<\/a> . Strony internetowe Pami\u0119ci s\u0105 czasami okre\u015blane jako wirtualne miejsca pami\u0119ci lub cyfrowe miejsca pami\u0119ci.<\/p><p>Celem strony po\u015bwi\u0119conej pami\u0119ci jest umo\u017cliwienie tym, kt\u00f3rzy znali zmar\u0142ego, zapami\u0119tanie, op\u0142akiwanie, uzdrowienie, dzielenie si\u0119 i celebrowanie swojego \u017cycia.<\/p><p>Spo\u0142eczny aspekt strony pami\u0119ci jest bardzo wa\u017cny, a po\u0142\u0105czenie jest kluczowym elementem. Pomnik online powinien umo\u017cliwia\u0107 odwiedzaj\u0105cym wpisanie si\u0119 do ksi\u0119gi go\u015bci i zapalenie \u015bwiecy lub dodanie kwiat\u00f3w. Rodzina i przyjaciele mog\u0105 r\u00f3wnie\u017c dodawa\u0107 zdj\u0119cia i filmy wideo, aby wnie\u015b\u0107 sw\u00f3j wk\u0142ad do pomnika.<\/p><p>Witryn\u0119 pami\u0105tkow\u0105 prowadz\u0105 bliscy zmar\u0142ego. Bliscy utrzymuj\u0105cy pomnik to zwykle najbli\u017csza rodzina, ale mog\u0105 to by\u0107 dalsza rodzina, przyjaciele, wsp\u00f3\u0142pracownicy i koledzy.<\/p><p>Poniewa\u017c pomnik jest dost\u0119pny online, ma to t\u0119 zalet\u0119, \u017ce jest \u0142atwo dost\u0119pny dla spo\u0142eczno\u015bci i odwiedzany z dowolnego miejsca. Internetowy aspekt memoria\u0142u pozwala r\u00f3wnie\u017c, aby pomnik by\u0142 aktywny i widoczny dla przysz\u0142ych pokole\u0144.<\/p>\t\t\t\t\t\t<\/div>\n\t\t\t\t<\/div>\n\t\t\t\t\t<\/div>\n\t\t<\/div>\n\t\t\t\t\t<\/div>\n\t\t<\/section>\n\t\t\t\t\t<\/div>\n\t\t<\/div>\n\t\t\t\t\t<\/div>\n\t\t<\/section>\n\t\t\t\t<\/div>\n\t\t","protected":false},"excerpt":{"rendered":"<p>Dom&gt;&gt; Przewodnik po portalach pami\u0119ci &gt;&gt; Co to jest pomnik online? Internetowy pomnik to miejsce, w kt\u00f3rym \u017cywi pami\u0119taj\u0105 i celebruj\u0105 \u017cycie zmar\u0142ej osoby lub zwierzaka, aby nie zosta\u0142y zapomniane. Miejsce online oznacza, \u017ce mo\u017ce to by\u0107 dedykowana witryna pami\u0119ci, pojedyncza strona lub strony medi\u00f3w&#8230;<\/p>\n","protected":false},"author":6,"featured_media":0,"parent":15377,"menu_order":0,"comment_status":"closed","ping_status":"closed","template":"","meta":{"footnotes":""},"class_list":["post-15843","page","type-page","status-publish","hentry"],"_links":{"self":[{"href":"https:\/\/www.lovingmemorials.com\/pl\/wp-json\/wp\/v2\/pages\/15843","targetHints":{"allow":["GET"]}}],"collection":[{"href":"https:\/\/www.lovingmemorials.com\/pl\/wp-json\/wp\/v2\/pages"}],"about":[{"href":"https:\/\/www.lovingmemorials.com\/pl\/wp-json\/wp\/v2\/types\/page"}],"author":[{"embeddable":true,"href":"https:\/\/www.lovingmemorials.com\/pl\/wp-json\/wp\/v2\/users\/6"}],"replies":[{"embeddable":true,"href":"https:\/\/www.lovingmemorials.com\/pl\/wp-json\/wp\/v2\/comments?post=15843"}],"version-history":[{"count":2,"href":"https:\/\/www.lovingmemorials.com\/pl\/wp-json\/wp\/v2\/pages\/15843\/revisions"}],"predecessor-version":[{"id":17936,"href":"https:\/\/www.lovingmemorials.com\/pl\/wp-json\/wp\/v2\/pages\/15843\/revisions\/17936"}],"up":[{"embeddable":true,"href":"https:\/\/www.lovingmemorials.com\/pl\/wp-json\/wp\/v2\/pages\/15377"}],"wp:attachment":[{"href":"https:\/\/www.lovingmemorials.com\/pl\/wp-json\/wp\/v2\/media?parent=15843"}],"curies":[{"name":"wp","href":"https:\/\/api.w.org\/{rel}","templated":true}]}}