{"id":15940,"date":"2022-02-16T20:46:55","date_gmt":"2022-02-16T20:46:55","guid":{"rendered":"https:\/\/www.lovingmemorials.com\/polityka-prywatnosci\/"},"modified":"2022-04-28T16:59:46","modified_gmt":"2022-04-28T16:59:46","slug":"prywatnosc","status":"publish","type":"page","link":"https:\/\/www.lovingmemorials.com\/pl\/prywatnosc\/","title":{"rendered":"Polityka prywatno\u015bci"},"content":{"rendered":"\t\t<div data-elementor-type=\"wp-page\" data-elementor-id=\"15940\" class=\"elementor elementor-15940\" data-elementor-post-type=\"page\">\n\t\t\t\t\t\t<section class=\"elementor-section elementor-top-section elementor-element elementor-element-0182c20 elementor-section-content-middle page-header elementor-section-boxed elementor-section-height-default elementor-section-height-default parallax_section_no qode_elementor_container_no\" data-id=\"0182c20\" data-element_type=\"section\">\n\t\t\t\t\t\t<div class=\"elementor-container elementor-column-gap-no\">\n\t\t\t\t\t<div class=\"elementor-column elementor-col-100 elementor-top-column elementor-element elementor-element-f85ac67\" data-id=\"f85ac67\" data-element_type=\"column\">\n\t\t\t<div class=\"elementor-widget-wrap elementor-element-populated\">\n\t\t\t\t\t\t<div class=\"elementor-element elementor-element-fff4700 elementor-widget elementor-widget-heading\" data-id=\"fff4700\" data-element_type=\"widget\" data-widget_type=\"heading.default\">\n\t\t\t\t<div class=\"elementor-widget-container\">\n\t\t\t<h1 class=\"elementor-heading-title elementor-size-default\">Polityka prywatno\u015bci<\/h1>\t\t<\/div>\n\t\t\t\t<\/div>\n\t\t\t\t<section class=\"elementor-section elementor-inner-section elementor-element elementor-element-5c8432b elementor-section-content-middle container-shadow elementor-section-boxed elementor-section-height-default elementor-section-height-default parallax_section_no qode_elementor_container_no\" data-id=\"5c8432b\" data-element_type=\"section\" data-settings=\"{&quot;background_background&quot;:&quot;classic&quot;}\">\n\t\t\t\t\t\t<div class=\"elementor-container elementor-column-gap-no\">\n\t\t\t\t\t<div class=\"elementor-column elementor-col-100 elementor-inner-column elementor-element elementor-element-6155df8\" data-id=\"6155df8\" data-element_type=\"column\">\n\t\t\t<div class=\"elementor-widget-wrap elementor-element-populated\">\n\t\t\t\t\t\t<div class=\"elementor-element elementor-element-a9e2b32 elementor-widget elementor-widget-text-editor\" data-id=\"a9e2b32\" data-element_type=\"widget\" data-widget_type=\"text-editor.default\">\n\t\t\t\t<div class=\"elementor-widget-container\">\n\t\t\t\t\t\t\t<p>Niniejsza Polityka prywatno\u015bci wyja\u015bnia:<\/p><ul><li>jakie informacje zbieramy<\/li><li>dlaczego to zbieramy<\/li><li>jak tego u\u017cywamy<\/li><li>masz wybory<\/li><\/ul><h3>Zbieranie informacji<\/h3><ul><li>Informacje, kt\u00f3re nam przekazujesz<ul><li>Korzystaj\u0105c z us\u0142ugi Loving Memorials, musisz poda\u0107 nam Dane Osobowe oraz Informacje o Tobie Ukochanym (Tw\u00f3j \u201eUkochany\u201d to osoba lub zwierz\u0119, dla kt\u00f3rego tworzysz Loving Memorial)<\/li><\/ul><\/li><\/ul><ul><li style=\"list-style-type: none;\"><ul><li>Twoje dane osobowe<ul><li>Twoje imi\u0119 i nazwisko, adres e-mail, informacje o p\u0142atno\u015bciach, Tw\u00f3j zwi\u0105zek ze zmar\u0142ym, dla kt\u00f3rego stworzona jest Kochaj\u0105ca Pami\u0105tka, j\u0119zyk, w jakim jest Tw\u00f3j Kochaj\u0105cy Pami\u0105tka<\/li><\/ul><\/li><\/ul><\/li><\/ul><ul><li style=\"list-style-type: none;\"><ul><li>Informacje o ukochanej osobie<ul><li>Tw\u00f3j \u201eUkochany\u201d to osoba lub zwierz\u0119, dla kt\u00f3rego tworzysz Mi\u0142osny Pomnik<\/li><li>informacje o bliskiej osobie mog\u0105 obejmowa\u0107 informacje o jej narodzinach i \u015bmierci, miejsca, w kt\u00f3rych mieszkali, relacje rodzinne z innymi lud\u017ami, osoby, kt\u00f3re znali, histori\u0119 \u017cycia, zdj\u0119cia, filmy, muzyk\u0119, wspomnienia, historie, wpisy w ksi\u0119dze go\u015bci<\/li><\/ul><\/li><\/ul><\/li><\/ul><ul><li>Informacje od odwiedzaj\u0105cych<ul><li>Odwiedzaj\u0105cy mog\u0105 r\u00f3wnie\u017c dostarcza\u0107 informacje do Miejsca Pami\u0119ci Twojej Ukochanej, takie jak zdj\u0119cia, filmy, historie, wspomnienia i wpisy do ksi\u0119gi go\u015bci<\/li><\/ul><\/li><li>Informacje od partner\u00f3w<ul><li>Zbieramy informacje od innych firm, z kt\u00f3rymi Ty lub kto\u015b, kto zna\u0142 Twoj\u0105 Ukochan\u0105 osob\u0119, mia\u0142e\u015b zwi\u0105zek<\/li><li>Na przyk\u0142ad dom pogrzebowy m\u00f3g\u0142 dostarczy\u0107 nekrolog dla bliskiej osoby i ten nekrolog by\u0142 podstaw\u0105 informacji wykorzystanych w Mi\u0142osnej Pami\u0105tce<\/li><li>Te informacje od naszych partner\u00f3w mog\u0105 obejmowa\u0107 wszystkie informacje w \u201eInformacjach ukochanej osoby\u201d<\/li><li>Nasze partnerstwa mog\u0105 obejmowa\u0107 domy pogrzebowe, dostawc\u00f3w oprogramowania w bran\u017cy pogrzebowej lub niezale\u017cne strony internetowe<\/li><\/ul><\/li><li>Informacje, kt\u00f3re zbieramy automatycznie<ul><li>Automatycznie zbieramy informacje o Tobie poprzez korzystanie z us\u0142ugi Loving Memorial, takie jak:<ul><li>Twoja aktywno\u015b\u0107 na stronie Loving Memorial i Loving Memorial for Twoj Ukochanej Osoby<\/li><li>Twoja interakcja z nasz\u0105 witryn\u0105 internetow\u0105 i w\u0142a\u015bciwo\u015bciami, w tym wy\u015bwietleniami stron i innymi standardowymi informacjami z dziennik\u00f3w serwera internetowego i narz\u0119dzi do analizy witryny<\/li><li>identyfikatory urz\u0105dze\u0144 i typ u\u017cywanego komputera osobistego lub urz\u0105dzenia mobilnego<\/li><li>rodzaj przegl\u0105darki internetowej<\/li><li>informacje o Twojej sieci i adres IP<\/li><li>Tw\u00f3j dostawca us\u0142ug internetowych<\/li><li>strona internetowa, kt\u00f3ra skierowa\u0142a Ci\u0119 do nas, w tym reklamy, z kt\u00f3rymi wchodzi\u0142e\u015b w interakcj\u0119 i zapytania wyszukiwania;<\/li><li>Twoje interakcje z nasz\u0105 obs\u0142ug\u0105 klienta, takie jak data, godzina i pow\u00f3d wsparcia oraz transkrypcje komunikacji za po\u015brednictwem poczty e-mail, dziennik\u00f3w tekstowych i g\u0142osowych<\/li><li>informacje gromadzone za po\u015brednictwem plik\u00f3w cookie i innych technologii, w tym danych reklamowych<\/li><\/ul><\/li><\/ul><\/li><\/ul><h3>Dlaczego zbieramy informacje<\/h3><p>Zbieramy informacje z r\u00f3\u017cnych powod\u00f3w, takich jak:<\/p><ul><li>dostarczanie, analizowanie i ulepszanie naszych us\u0142ug<\/li><li>aby m\u00f3c przetworzy\u0107 Twoj\u0105 rejestracj\u0119 i odbiera\u0107 od Ciebie p\u0142atno\u015bci<\/li><li>aby m\u00f3c pom\u00f3c Ci w rozwi\u0105zywaniu problem\u00f3w technicznych, kt\u00f3re mo\u017cesz mie\u0107<\/li><li>aby nasze us\u0142ugi by\u0142y bezpieczne, wolne od oszustw i dzia\u0142a\u0142y<\/li><li>aby zapewni\u0107 przestrzeganie naszego Regulaminu<\/li><li>wsp\u00f3\u0142pracowa\u0107 z partnerami, aby m\u00f3c udost\u0119pni\u0107 Ci nasz\u0105 us\u0142ug\u0119<\/li><li>w celu zapobiegania i wykrywania nielegalnej dzia\u0142alno\u015bci<\/li><li>aby komunikowa\u0107 si\u0119 z Tob\u0105 w sprawie naszej us\u0142ugi, w tym informowa\u0107 Ci\u0119 o nowych funkcjach, ofertach i promocjach<\/li><\/ul><h3>Ujawnienie informacji<\/h3><p>Mo\u017cemy ujawni\u0107 Twoje dane w okre\u015blonych celach i osobom trzecim w nast\u0119puj\u0105cy spos\u00f3b:<\/p><ul><li>Us\u0142ugodawcy<ul><li>korzystamy z innych firm, agent\u00f3w i wykonawc\u00f3w, aby pom\u00f3c nam \u015bwiadczy\u0107 us\u0142ugi dla Ciebie<\/li><li>mo\u017cemy korzysta\u0107 z Us\u0142ugodawc\u00f3w w zakresie us\u0142ug IT, p\u0142atno\u015bci i rozlicze\u0144, obs\u0142ugi klienta, komunikacji, marketingu, reklamy, bezpiecze\u0144stwa, ankiet<\/li><li>Us\u0142ugodawcy mog\u0105 mie\u0107 dost\u0119p do Twoich danych osobowych lub danych osobowych bliskiej Ci osoby<\/li><li>Us\u0142ugodawcy nie mog\u0105 wykorzystywa\u0107 ani ujawnia\u0107 tych informacji, chyba \u017ce jest to zwi\u0105zane ze \u015bwiadczeniem nam swoich us\u0142ug<\/li><\/ul><\/li><li>Wzmacniacz<ul><li>mo\u017cemy udost\u0119pnia\u0107 niekt\u00f3re dane osobowe lub dane osobowe Twojej Ukochanej naszym Partnerom w celu \u015bwiadczenia Ci us\u0142ug i\/lub wype\u0142niania naszych um\u00f3w biznesowych z Partnerami<\/li><\/ul><\/li><li>Zgodno\u015b\u0107 z prawem<ul><li>mo\u017cemy ujawni\u0107 Twoje dane osobowe lub dane osobowe Twojej Ukochanej osoby w celu spe\u0142nienia i przestrzegania obowi\u0105zuj\u0105cego prawa, regulacji, procesu prawnego, wniosku rz\u0105dowego, wniosku organ\u00f3w \u015bcigania<\/li><\/ul><\/li><li>Egzekwowanie Um\u00f3w i Zabezpieczenia<ul><li>mo\u017cemy ujawni\u0107 Twoje dane osobowe lub dane osobowe Twojej Ukochanej osoby w celu egzekwowania naszych Warunk\u00f3w, wykrywania lub zapobiegania nielegalnej dzia\u0142alno\u015bci, ze wzgl\u0119d\u00f3w bezpiecze\u0144stwa lub problem\u00f3w technicznych oraz w celu ochrony przed wszelkimi naruszeniami praw, w\u0142asno\u015bci lub bezpiecze\u0144stwa, zgodnie z wymogami lub dozwolonymi przez prawo<\/li><\/ul><\/li><li>Przelewy biznesowe<ul><li>W razie potrzeby w przypadku fuzji lub sprzeda\u017cy naszej firmy lub przeniesienia naszych aktyw\u00f3w<\/li><li>Powiadomimy Ci\u0119, zanim Twoje dane osobowe lub informacje o bliskiej osobie stan\u0105 si\u0119 przedmiotem innej polityki prywatno\u015bci<\/li><\/ul><\/li><\/ul><h3>Twoja kontrola prywatno\u015bci<\/h3><ul><li>Informacje i rodzaj prywatno\u015bci bliskiej osoby<ul><li>To tw\u00f3j wyb\u00f3r, jakie informacje o swojej Ukochanej udost\u0119pniasz i w jaki spos\u00f3b s\u0105 one udost\u0119pniane, i powiniene\u015b to rozwa\u017cy\u0107<\/li><li>W przypadku informacji o ukochanej osobie, kt\u00f3re zdecydowa\u0142e\u015b si\u0119 udost\u0119pni\u0107, mo\u017cesz zdecydowa\u0107, w jaki spos\u00f3b s\u0105 one udost\u0119pniane, przypisuj\u0105c rodzaj prywatno\u015bci do ca\u0142ego Miejsca Mi\u0142o\u015bci lub jego cz\u0119\u015bci<\/li><li>Typ prywatno\u015bci publicznej<ul><li>Mo\u017cesz ustawi\u0107 sw\u00f3j Kochaj\u0105cy Pami\u0105tk\u0119 lub cz\u0119\u015b\u0107 swojego Kochaj\u0105cego Pami\u0105tki jako publiczny<\/li><li>Je\u015bli wybierzesz rodzaj prywatno\u015bci Publicznej dla swojego Mi\u0142osnego Pami\u0119ci, oznacza to, \u017ce b\u0119dziemy wy\u015bwietla\u0107 informacje o Twojej Ukochanej na naszej stronie internetowej, aby ka\u017cdy m\u00f3g\u0142 je zobaczy\u0107, nawet je\u015bli nie ma u nas konta<\/li><li>Mi\u0142osny Miejsce Pami\u0119ci, kt\u00f3re zosta\u0142o oznaczone jako Publiczne, mo\u017ce by\u0107 ogl\u0105dane, udost\u0119pniane, udost\u0119pniane lub pobierane przez ka\u017cdego, a tak\u017ce mo\u017ce sta\u0107 si\u0119 dost\u0119pne dla wyszukiwarek, medi\u00f3w spo\u0142eczno\u015bciowych, innych stron internetowych, interfejs\u00f3w API i medi\u00f3w offline<\/li><li>Opr\u00f3cz udost\u0119pniania Mi\u0142ego Pami\u0119ci, kt\u00f3ry jest publiczny na naszej stronie internetowej, mo\u017cemy odwo\u0142ywa\u0107 si\u0119 do Kochaj\u0105cego Pami\u0119ci i wykorzystywa\u0107 go w naszych dzia\u0142aniach marketingowych i promocyjnych, w tym wy\u015bwietlaniu i wzmiankach w mediach spo\u0142eczno\u015bciowych, innych witrynach internetowych i mediach offline. Je\u015bli publiczny pomnik mi\u0142o\u015bci zostanie p\u00f3\u017aniej uznany za niepubliczny, co oznacza, \u017ce zdecydujesz si\u0119 uczyni\u0107 go niepublicznym lub prywatnym, mo\u017cesz poprosi\u0107 o zaprzestanie jego u\u017cywania. Po otrzymaniu i potwierdzeniu przez nas Twojej pro\u015bby przestaniemy z niej korzysta\u0107 publicznie w przysz\u0142o\u015bci. Nie ponosimy jednak odpowiedzialno\u015bci za usuni\u0119cie wszelkich wcze\u015bniejszych wzmianek dotycz\u0105cych Mi\u0142osnego Miejsca Pami\u0119ci, kt\u00f3re kiedy\u015b zosta\u0142o oznaczone jako publiczne i do kt\u00f3rego ju\u017c si\u0119 odnosili\u015bmy.<\/li><\/ul><\/li><li>Niepubliczny typ prywatno\u015bci<ul><li>W przypadku Kochaj\u0105cego Miejsca Pami\u0119ci lub cz\u0119\u015bci Kochaj\u0105cego Miejsca Pami\u0119ci, kt\u00f3re s\u0105 obj\u0119te rodzajem prywatno\u015bci jako Niepubliczne, dost\u0119p do nich mo\u017ce uzyska\u0107 tylko ka\u017cdy, kto ma link do Kochaj\u0105cego Miejsca Pami\u0119ci i nie zostanie on przez nas opublikowany publicznie<\/li><li>B\u0119dziesz mie\u0107 dost\u0119p do linku do Mi\u0142osnego Miejsca Pami\u0119ci, kt\u00f3re nie jest umieszczone na li\u015bcie, i zastan\u00f3w si\u0119, komu udost\u0119pniasz ten link, poniewa\u017c ka\u017cdy, kto ma ten link, mo\u017ce dalej udost\u0119pnia\u0107 ten link do Mi\u0142osnego Miejsca Pami\u0119ci<\/li><\/ul><\/li><\/ul><\/li><li>Funkcja \u201eZapami\u0119taj mnie\u201d<ul><li>Mo\u017cesz wybra\u0107 lub nie korzysta\u0107 z funkcji \u201eZapami\u0119taj mnie\u201d, kt\u00f3ra umo\u017cliwia bezpo\u015bredni dost\u0119p do konta bez konieczno\u015bci ponownego wprowadzania adresu e-mail i has\u0142a za ka\u017cdym razem, gdy odwiedzasz nasz\u0105 stron\u0119 internetow\u0105<\/li><\/ul><\/li><\/ul><h3> <span style=\"font-size: 1.424rem; letter-spacing: 1px;\">Ciasteczka<\/span><\/h3><ul><li>Plik cookie to ma\u0142y fragment tekstu, kt\u00f3ry odwiedzana witryna zapisuje w Twojej przegl\u0105darce<\/li><li>Pliki cookie s\u0142u\u017c\u0105 do zapami\u0119tywania informacji o Twojej wizycie w celach wydajno\u015bciowych, funkcjonalnych, bezpiecze\u0144stwa, analitycznych i reklamowych<\/li><li>Niekt\u00f3re pliki cookie s\u0105 niezb\u0119dne dla cz\u0119\u015bci naszej us\u0142ugi, takich jak kasa i wykonywanie podstawowych funkcji witryny<\/li><li>Mo\u017cemy r\u00f3wnie\u017c u\u017cywa\u0107 plik\u00f3w cookie, aby zapami\u0119ta\u0107 Twoje preferencje i pom\u00f3c Ci unikn\u0105\u0107 ponownego wpisywania informacji, na przyk\u0142ad \u201eZapami\u0119taj mnie\u201d umo\u017cliwia automatyczne logowanie<\/li><li>Twoja przegl\u0105darka pozwoli Ci zarz\u0105dza\u0107 plikami cookie, w tym usuwa\u0107 dane z plik\u00f3w cookie i zarz\u0105dza\u0107 plikami cookie na podstawie poszczeg\u00f3lnych witryn<\/li><li>Zapoznaj si\u0119 z sekcj\u0105 pomocy w Twojej przegl\u0105darce, aby dowiedzie\u0107 si\u0119, jak zarz\u0105dza\u0107 plikami cookie<\/li><\/ul><h3>Kontakt z nami<\/h3><ul><li>Je\u015bli masz pytania dotycz\u0105ce niniejszej Polityki prywatno\u015bci lub wykorzystania Twoich danych osobowych lub danych bliskiej osoby, mo\u017cesz skontaktowa\u0107 si\u0119 z nami<\/li><\/ul><h3>Zmiany w niniejszej Polityce prywatno\u015bci<\/h3><ul><li>Od czasu do czasu zmieniamy niniejsz\u0105 Polityk\u0119 prywatno\u015bci<\/li><li>Wska\u017cemy dat\u0119 publikacji ostatnich zmian<\/li><li>Dalsze korzystanie z naszej us\u0142ugi po wej\u015bciu w \u017cycie aktualizacji stanowi potwierdzenie lub akceptacj\u0119 naszej Polityki prywatno\u015bci<\/li><li>Je\u015bli nie zaakceptujesz lub nie zaakceptujesz tych zmian, mo\u017cesz odwo\u0142a\u0107 nabo\u017ce\u0144stwo Mi\u0142osnego Pami\u0105tki<\/li><\/ul><p>Ostatnia aktualizacja 22 grudnia 2021 r.<\/p>\t\t\t\t\t\t<\/div>\n\t\t\t\t<\/div>\n\t\t\t\t\t<\/div>\n\t\t<\/div>\n\t\t\t\t\t<\/div>\n\t\t<\/section>\n\t\t\t\t\t<\/div>\n\t\t<\/div>\n\t\t\t\t\t<\/div>\n\t\t<\/section>\n\t\t\t\t<\/div>\n\t\t","protected":false},"excerpt":{"rendered":"<p>Polityka prywatno\u015bci Niniejsza Polityka prywatno\u015bci wyja\u015bnia: jakie informacje zbieramy dlaczego to zbieramy jak tego u\u017cywamy masz wybory Zbieranie informacji Informacje, kt\u00f3re nam przekazujesz Korzystaj\u0105c z us\u0142ugi Loving Memorials, musisz poda\u0107 nam Dane Osobowe oraz Informacje o Tobie Ukochanym (Tw\u00f3j \u201eUkochany\u201d to osoba lub zwierz\u0119, dla&#8230;<\/p>\n","protected":false},"author":6,"featured_media":0,"parent":0,"menu_order":0,"comment_status":"closed","ping_status":"closed","template":"","meta":{"footnotes":""},"class_list":["post-15940","page","type-page","status-publish","hentry"],"_links":{"self":[{"href":"https:\/\/www.lovingmemorials.com\/pl\/wp-json\/wp\/v2\/pages\/15940","targetHints":{"allow":["GET"]}}],"collection":[{"href":"https:\/\/www.lovingmemorials.com\/pl\/wp-json\/wp\/v2\/pages"}],"about":[{"href":"https:\/\/www.lovingmemorials.com\/pl\/wp-json\/wp\/v2\/types\/page"}],"author":[{"embeddable":true,"href":"https:\/\/www.lovingmemorials.com\/pl\/wp-json\/wp\/v2\/users\/6"}],"replies":[{"embeddable":true,"href":"https:\/\/www.lovingmemorials.com\/pl\/wp-json\/wp\/v2\/comments?post=15940"}],"version-history":[{"count":3,"href":"https:\/\/www.lovingmemorials.com\/pl\/wp-json\/wp\/v2\/pages\/15940\/revisions"}],"predecessor-version":[{"id":18723,"href":"https:\/\/www.lovingmemorials.com\/pl\/wp-json\/wp\/v2\/pages\/15940\/revisions\/18723"}],"wp:attachment":[{"href":"https:\/\/www.lovingmemorials.com\/pl\/wp-json\/wp\/v2\/media?parent=15940"}],"curies":[{"name":"wp","href":"https:\/\/api.w.org\/{rel}","templated":true}]}}