{"id":7916,"date":"2022-01-03T20:16:59","date_gmt":"2022-01-03T20:16:59","guid":{"rendered":"https:\/\/www.lovingmemorials.com\/funkcje-plany\/"},"modified":"2022-07-18T18:00:25","modified_gmt":"2022-07-18T18:00:25","slug":"funkcje-plany","status":"publish","type":"page","link":"https:\/\/www.lovingmemorials.com\/pl\/funkcje-plany\/","title":{"rendered":"Funkcje i plany"},"content":{"rendered":"\t\t<div data-elementor-type=\"wp-page\" data-elementor-id=\"7916\" class=\"elementor elementor-7916\" data-elementor-post-type=\"page\">\n\t\t\t\t\t\t<section class=\"elementor-section elementor-top-section elementor-element elementor-element-3f8238c elementor-section-boxed elementor-section-height-default elementor-section-height-default parallax_section_no qode_elementor_container_no\" data-id=\"3f8238c\" data-element_type=\"section\">\n\t\t\t\t\t\t<div class=\"elementor-container elementor-column-gap-default\">\n\t\t\t\t\t\t<\/div>\n\t\t<\/section>\n\t\t\t\t<section class=\"elementor-section elementor-top-section elementor-element elementor-element-e792a8c elementor-section-boxed elementor-section-height-default elementor-section-height-default parallax_section_no qode_elementor_container_no\" data-id=\"e792a8c\" data-element_type=\"section\">\n\t\t\t\t\t\t<div class=\"elementor-container elementor-column-gap-default\">\n\t\t\t\t\t\t<\/div>\n\t\t<\/section>\n\t\t\t\t<section class=\"elementor-section elementor-top-section elementor-element elementor-element-edf6e32 elementor-section-content-middle page-header elementor-section-boxed elementor-section-height-default elementor-section-height-default parallax_section_no qode_elementor_container_no\" data-id=\"edf6e32\" data-element_type=\"section\">\n\t\t\t\t\t\t<div class=\"elementor-container elementor-column-gap-no\">\n\t\t\t\t\t<div class=\"elementor-column elementor-col-100 elementor-top-column elementor-element elementor-element-41ea03a\" data-id=\"41ea03a\" data-element_type=\"column\">\n\t\t\t<div class=\"elementor-widget-wrap elementor-element-populated\">\n\t\t\t\t\t\t<div class=\"elementor-element elementor-element-69b41f8 elementor-widget elementor-widget-heading\" data-id=\"69b41f8\" data-element_type=\"widget\" data-widget_type=\"heading.default\">\n\t\t\t\t<div class=\"elementor-widget-container\">\n\t\t\t<h1 class=\"elementor-heading-title elementor-size-default\">Cechy kochaj\u0105cego pomnika<\/h1>\t\t<\/div>\n\t\t\t\t<\/div>\n\t\t\t\t<div class=\"elementor-element elementor-element-95d86be container-shadow elementor-widget elementor-widget-text-editor\" data-id=\"95d86be\" data-element_type=\"widget\" id=\"lm-features-list\" data-widget_type=\"text-editor.default\">\n\t\t\t\t<div class=\"elementor-widget-container\">\n\t\t\t\t\t\t\t<h3>Pomnik sta\u0142 si\u0119 \u0142atwy<\/h3><ul><li>Z \u0142atwo\u015bci\u0105 stw\u00f3rz pi\u0119kny, internetowy pomnik dla ukochanej osoby<\/li><li>Dodaj zdj\u0119cia, filmy, transmisje na \u017cywo, s\u0142owa i muzyk\u0119<\/li><li>Przegl\u0105daj i edytuj online \u2014 nie trzeba instalowa\u0107 \u017cadnego oprogramowania ani aplikacji<\/li><\/ul><h3>Dostosowanie i elegancja<\/h3><ul><li>Wybierz spo\u015br\u00f3d ponad <a href=\"https:\/\/www.lovingmemorials.com\/pl\/przewodnik\/szablon-konstruktora\/#templates\">200 obraz\u00f3w t\u0142a,<\/a> aby stworzy\u0107 spersonalizowany szablon<\/li><li>Wspomnienia s\u0105 wy\u015bwietlane z efektem \u201eprzewracania\u201d strony, aby symulowa\u0107 przewracanie ksi\u0105\u017cki<\/li><li>Przejrzysty projekt tworzy wyj\u0105tkowe, wizualne wra\u017cenia<\/li><li>Minimalny branding firmy, brak reklam lub link\u00f3w do utworzenia pomnika dla kogo\u015b innego<\/li><\/ul><h3>Dziel si\u0119 wspomnieniami, opowiadaj ich histori\u0119<\/h3><ul><li>Podziel si\u0119 tym, co pi\u0119kne i cenne w Twojej ukochanej osobie<\/li><li>O\u017cyw wspomnienia<\/li><li>Dodaj nag\u0142\u00f3wek i podpis, aby opowiedzie\u0107 histori\u0119 ka\u017cdego zdj\u0119cia<\/li><li>Ty kontrolujesz, jak zapami\u0119tana jest Twoja ukochana osoba<\/li><\/ul><h3>Udost\u0119pniaj i \u015bwi\u0119tuj<\/h3><ul><li>Odwiedzaj\u0105cy dodaj\u0105 zdj\u0119cia, filmy i transmisje na \u017cywo<\/li><li>Pe\u0142na kontrola prywatno\u015bci \u2014 Ty decydujesz, kto mo\u017ce zobaczy\u0107 pomnik i dodawa\u0107 tre\u015bci<\/li><li>Odwiedzaj\u0105cy dziel\u0105 si\u0119 przemy\u015bleniami, opowiadaj\u0105 historie, sk\u0142adaj\u0105 kwiaty, zapalaj\u0105 \u015bwiece i dodaj\u0105 symbole religijne<\/li><li>Udost\u0119pnij sw\u00f3j pomnik w mediach spo\u0142eczno\u015bciowych, w tym na Facebooku i Twitterze<\/li><\/ul><h3>Pomoc i wsparcie<\/h3><ul><li>Szybka, przyjazna obs\u0142uga klienta, kt\u00f3ra pomo\u017ce i wesprze Ci\u0119<\/li><li>Codzienne kopie zapasowe zapewniaj\u0105 bezpiecze\u0144stwo pami\u0119ci<\/li><li>Nie sprzedajemy Twoich danych<\/li><li>Bez ryzyka \u2014 dajemy Ci 30-dniow\u0105 gwarancj\u0119 zwrotu pieni\u0119dzy<\/li><\/ul>\t\t\t\t\t\t<\/div>\n\t\t\t\t<\/div>\n\t\t\t\t\t<\/div>\n\t\t<\/div>\n\t\t\t\t\t<\/div>\n\t\t<\/section>\n\t\t\t\t<section class=\"elementor-section elementor-top-section elementor-element elementor-element-36fb972 elementor-section-boxed elementor-section-height-default elementor-section-height-default parallax_section_no qode_elementor_container_no\" data-id=\"36fb972\" data-element_type=\"section\">\n\t\t\t\t\t\t<div class=\"elementor-container elementor-column-gap-default\">\n\t\t\t\t\t\t<\/div>\n\t\t<\/section>\n\t\t\t\t<section class=\"elementor-section elementor-top-section elementor-element elementor-element-bf35739 elementor-section-boxed elementor-section-height-default elementor-section-height-default parallax_section_no qode_elementor_container_no\" data-id=\"bf35739\" data-element_type=\"section\">\n\t\t\t\t\t\t<div class=\"elementor-container elementor-column-gap-default\">\n\t\t\t\t\t<div class=\"elementor-column elementor-col-100 elementor-top-column elementor-element elementor-element-4aa9014\" data-id=\"4aa9014\" data-element_type=\"column\">\n\t\t\t<div class=\"elementor-widget-wrap elementor-element-populated\">\n\t\t\t\t\t\t<div class=\"elementor-element elementor-element-9c5a776 elementor-widget elementor-widget-heading\" data-id=\"9c5a776\" data-element_type=\"widget\" data-widget_type=\"heading.default\">\n\t\t\t\t<div class=\"elementor-widget-container\">\n\t\t\t<h1 class=\"elementor-heading-title elementor-size-default\">Plany Mi\u0142osnego Miejsca Pami\u0119ci<\/h1>\t\t<\/div>\n\t\t\t\t<\/div>\n\t\t\t\t<div class=\"elementor-element elementor-element-fd55dbb elementor-widget elementor-widget-text-editor\" data-id=\"fd55dbb\" data-element_type=\"widget\" data-widget_type=\"text-editor.default\">\n\t\t\t\t<div class=\"elementor-widget-container\">\n\t\t\t\t\t\t\t<p style=\"text-align: center;\">Wszystkie funkcje s\u0105 dost\u0119pne we wszystkich planach.<\/p>\t\t\t\t\t\t<\/div>\n\t\t\t\t<\/div>\n\t\t\t\t\t<\/div>\n\t\t<\/div>\n\t\t\t\t\t<\/div>\n\t\t<\/section>\n\t\t\t\t<section class=\"elementor-section elementor-top-section elementor-element elementor-element-573d374 elementor-section-content-space-between elementor-section-boxed elementor-section-height-default elementor-section-height-default parallax_section_no qode_elementor_container_no\" data-id=\"573d374\" data-element_type=\"section\">\n\t\t\t\t\t\t<div class=\"elementor-container elementor-column-gap-default\">\n\t\t\t\t\t<div class=\"elementor-column elementor-col-50 elementor-top-column elementor-element elementor-element-494db92 lm-price lm-active\" data-id=\"494db92\" data-element_type=\"column\">\n\t\t\t<div class=\"elementor-widget-wrap elementor-element-populated\">\n\t\t\t\t\t\t<section class=\"elementor-section elementor-inner-section elementor-element elementor-element-d5e4904 elementor-section-boxed elementor-section-height-default elementor-section-height-default parallax_section_no qode_elementor_container_no\" data-id=\"d5e4904\" data-element_type=\"section\">\n\t\t\t\t\t\t<div class=\"elementor-container elementor-column-gap-default\">\n\t\t\t\t\t<div class=\"elementor-column elementor-col-100 elementor-inner-column elementor-element elementor-element-ea18682 lm-price-inner\" data-id=\"ea18682\" data-element_type=\"column\">\n\t\t\t<div class=\"elementor-widget-wrap elementor-element-populated\">\n\t\t\t\t\t\t<div class=\"elementor-element elementor-element-39b2c09 elementor-widget elementor-widget-heading\" data-id=\"39b2c09\" data-element_type=\"widget\" data-widget_type=\"heading.default\">\n\t\t\t\t<div class=\"elementor-widget-container\">\n\t\t\t<h4 class=\"elementor-heading-title elementor-size-default\">Plan sta\u0142y<\/h4>\t\t<\/div>\n\t\t\t\t<\/div>\n\t\t\t\t<div class=\"elementor-element elementor-element-3589228 elementor-widget elementor-widget-text-editor\" data-id=\"3589228\" data-element_type=\"widget\" data-widget_type=\"text-editor.default\">\n\t\t\t\t<div class=\"elementor-widget-container\">\n\t\t\t\t\t\t\t<div class=\"price_in_table\"><span class=\"price\">100<\/span> <sup class=\"value\">z\u0142<\/sup><\/div>\t\t\t\t\t\t<\/div>\n\t\t\t\t<\/div>\n\t\t\t\t<div class=\"elementor-element elementor-element-b520177 elementor-widget elementor-widget-text-editor\" data-id=\"b520177\" data-element_type=\"widget\" data-widget_type=\"text-editor.default\">\n\t\t\t\t<div class=\"elementor-widget-container\">\n\t\t\t\t\t\t\t<p style=\"color: #272727; font-weight: 500;\">Do sta\u0142ego wpisu<\/p><p style=\"color: #7c7c7c;\">30 dniowa gwarancja zwrotu pieniedzy<\/p>\t\t\t\t\t\t<\/div>\n\t\t\t\t<\/div>\n\t\t\t\t\t<\/div>\n\t\t<\/div>\n\t\t\t\t\t<\/div>\n\t\t<\/section>\n\t\t\t\t<div class=\"elementor-element elementor-element-dfe6a61 elementor-widget__width-inherit elementor-widget elementor-widget-button\" data-id=\"dfe6a61\" data-element_type=\"widget\" data-plan=\"1\" data-widget_type=\"button.default\">\n\t\t\t\t<div class=\"elementor-widget-container\">\n\t\t\t\t\t<div class=\"elementor-button-wrapper\">\n\t\t\t<a class=\"elementor-button elementor-button-link elementor-size-lg\" href=\"\/create-memorial\/\" id=\"lm_plan_1\">\n\t\t\t\t\t\t<span class=\"elementor-button-content-wrapper\">\n\t\t\t\t\t\t\t\t\t<span class=\"elementor-button-text\">KUP TERAZ<\/span>\n\t\t\t\t\t<\/span>\n\t\t\t\t\t<\/a>\n\t\t<\/div>\n\t\t\t\t<\/div>\n\t\t\t\t<\/div>\n\t\t\t\t\t<\/div>\n\t\t<\/div>\n\t\t\t\t<div class=\"elementor-column elementor-col-50 elementor-top-column elementor-element elementor-element-7eafd49 lm-price\" data-id=\"7eafd49\" data-element_type=\"column\">\n\t\t\t<div class=\"elementor-widget-wrap elementor-element-populated\">\n\t\t\t\t\t\t<section class=\"elementor-section elementor-inner-section elementor-element elementor-element-2089353 elementor-section-boxed elementor-section-height-default elementor-section-height-default parallax_section_no qode_elementor_container_no\" data-id=\"2089353\" data-element_type=\"section\">\n\t\t\t\t\t\t<div class=\"elementor-container elementor-column-gap-default\">\n\t\t\t\t\t<div class=\"elementor-column elementor-col-100 elementor-inner-column elementor-element elementor-element-47012a9 lm-price-inner\" data-id=\"47012a9\" data-element_type=\"column\">\n\t\t\t<div class=\"elementor-widget-wrap elementor-element-populated\">\n\t\t\t\t\t\t<div class=\"elementor-element elementor-element-c474400 elementor-widget elementor-widget-heading\" data-id=\"c474400\" data-element_type=\"widget\" data-widget_type=\"heading.default\">\n\t\t\t\t<div class=\"elementor-widget-container\">\n\t\t\t<h4 class=\"elementor-heading-title elementor-size-default\">Plan na 1 rok<\/h4>\t\t<\/div>\n\t\t\t\t<\/div>\n\t\t\t\t<div class=\"elementor-element elementor-element-fbf38e8 elementor-widget elementor-widget-text-editor\" data-id=\"fbf38e8\" data-element_type=\"widget\" data-widget_type=\"text-editor.default\">\n\t\t\t\t<div class=\"elementor-widget-container\">\n\t\t\t\t\t\t\t<div class=\"price_in_table\"><span class=\"price\">20<\/span> <sup class=\"value\">z\u0142<\/sup><\/div>\t\t\t\t\t\t<\/div>\n\t\t\t\t<\/div>\n\t\t\t\t<div class=\"elementor-element elementor-element-5c7c52c elementor-widget elementor-widget-text-editor\" data-id=\"5c7c52c\" data-element_type=\"widget\" data-widget_type=\"text-editor.default\">\n\t\t\t\t<div class=\"elementor-widget-container\">\n\t\t\t\t\t\t\t<p style=\"font-weight: 500;\">Na 1 rok<\/p><p style=\"background-color: #ffffff;\"><span style=\"color: #7c7c7c;\">30 dniowa gwarancja zwrotu pieniedzy<\/span><\/p>\t\t\t\t\t\t<\/div>\n\t\t\t\t<\/div>\n\t\t\t\t\t<\/div>\n\t\t<\/div>\n\t\t\t\t\t<\/div>\n\t\t<\/section>\n\t\t\t\t<div class=\"elementor-element elementor-element-98d1e3b elementor-widget__width-inherit elementor-widget elementor-widget-button\" data-id=\"98d1e3b\" data-element_type=\"widget\" data-widget_type=\"button.default\">\n\t\t\t\t<div class=\"elementor-widget-container\">\n\t\t\t\t\t<div class=\"elementor-button-wrapper\">\n\t\t\t<a class=\"elementor-button elementor-button-link elementor-size-lg\" href=\"\/create-memorial\/\" id=\"lm_plan_3\">\n\t\t\t\t\t\t<span class=\"elementor-button-content-wrapper\">\n\t\t\t\t\t\t\t\t\t<span class=\"elementor-button-text\">KUP TERAZ<\/span>\n\t\t\t\t\t<\/span>\n\t\t\t\t\t<\/a>\n\t\t<\/div>\n\t\t\t\t<\/div>\n\t\t\t\t<\/div>\n\t\t\t\t\t<\/div>\n\t\t<\/div>\n\t\t\t\t\t<\/div>\n\t\t<\/section>\n\t\t\t\t<section class=\"elementor-section elementor-top-section elementor-element elementor-element-bc12955 elementor-section-boxed elementor-section-height-default elementor-section-height-default parallax_section_no qode_elementor_container_no\" data-id=\"bc12955\" data-element_type=\"section\">\n\t\t\t\t\t\t<div class=\"elementor-container elementor-column-gap-default\">\n\t\t\t\t\t<div class=\"elementor-column elementor-col-100 elementor-top-column elementor-element elementor-element-56b879d\" data-id=\"56b879d\" data-element_type=\"column\">\n\t\t\t<div class=\"elementor-widget-wrap elementor-element-populated\">\n\t\t\t\t\t\t<div class=\"elementor-element elementor-element-4aa806c elementor-widget elementor-widget-html\" data-id=\"4aa806c\" data-element_type=\"widget\" data-widget_type=\"html.default\">\n\t\t\t\t<div class=\"elementor-widget-container\">\n\t\t\t<script>document.getElementById(\"lm_plan_1\").addEventListener('click',function(e){\n       e.preventDefault()\n       setCookie('lm_plan', 1, 1);\n       window.location.href = \"https:\/\/www.lovingmemorials.com\/create-memorial\/\"\n    });\n      document.getElementById(\"lm_plan_2\").addEventListener('click',function(e){\n          e.preventDefault()\n       setCookie('lm_plan', 2, 1);\n       window.location.href = \"https:\/\/www.lovingmemorials.com\/create-memorial\/\"\n    });\n      document.getElementById(\"lm_plan_3\").addEventListener('click',function(e){\n          e.preventDefault()\n       setCookie('lm_plan', 3, 1);\n       window.location.href = \"https:\/\/www.lovingmemorials.com\/create-memorial\/\"\n    });\n    \n    \/\/ Set a Cookie\n    function setCookie(cName, cValue, expDays) {\n        let date = new Date();\n        date.setTime(date.getTime() + (expDays * 24 * 60 * 60 * 1000));\n        const expires = \"expires=\" + date.toUTCString();\n        document.cookie = cName + \"=\" + cValue + \"; \" + expires + \"; path=\/\";\n    }\n\n    \n    \n    \n<\/script>\t\t<\/div>\n\t\t\t\t<\/div>\n\t\t\t\t\t<\/div>\n\t\t<\/div>\n\t\t\t\t\t<\/div>\n\t\t<\/section>\n\t\t\t\t<\/div>\n\t\t","protected":false},"excerpt":{"rendered":"<p>Cechy kochaj\u0105cego pomnika Pomnik sta\u0142 si\u0119 \u0142atwy Z \u0142atwo\u015bci\u0105 stw\u00f3rz pi\u0119kny, internetowy pomnik dla ukochanej osoby Dodaj zdj\u0119cia, filmy, transmisje na \u017cywo, s\u0142owa i muzyk\u0119 Przegl\u0105daj i edytuj online \u2014 nie trzeba instalowa\u0107 \u017cadnego oprogramowania ani aplikacji Dostosowanie i elegancja Wybierz spo\u015br\u00f3d ponad 200 obraz\u00f3w&#8230;<\/p>\n","protected":false},"author":1,"featured_media":0,"parent":0,"menu_order":0,"comment_status":"closed","ping_status":"closed","template":"","meta":{"footnotes":""},"class_list":["post-7916","page","type-page","status-publish","hentry"],"_links":{"self":[{"href":"https:\/\/www.lovingmemorials.com\/pl\/wp-json\/wp\/v2\/pages\/7916","targetHints":{"allow":["GET"]}}],"collection":[{"href":"https:\/\/www.lovingmemorials.com\/pl\/wp-json\/wp\/v2\/pages"}],"about":[{"href":"https:\/\/www.lovingmemorials.com\/pl\/wp-json\/wp\/v2\/types\/page"}],"author":[{"embeddable":true,"href":"https:\/\/www.lovingmemorials.com\/pl\/wp-json\/wp\/v2\/users\/1"}],"replies":[{"embeddable":true,"href":"https:\/\/www.lovingmemorials.com\/pl\/wp-json\/wp\/v2\/comments?post=7916"}],"version-history":[{"count":8,"href":"https:\/\/www.lovingmemorials.com\/pl\/wp-json\/wp\/v2\/pages\/7916\/revisions"}],"predecessor-version":[{"id":18878,"href":"https:\/\/www.lovingmemorials.com\/pl\/wp-json\/wp\/v2\/pages\/7916\/revisions\/18878"}],"wp:attachment":[{"href":"https:\/\/www.lovingmemorials.com\/pl\/wp-json\/wp\/v2\/media?parent=7916"}],"curies":[{"name":"wp","href":"https:\/\/api.w.org\/{rel}","templated":true}]}}