{"id":9346,"date":"2022-01-11T20:50:58","date_gmt":"2022-01-11T20:50:58","guid":{"rendered":"https:\/\/www.lovingmemorials.com\/cerca-de\/"},"modified":"2022-02-16T03:47:04","modified_gmt":"2022-02-16T03:47:04","slug":"cerca-de","status":"publish","type":"page","link":"https:\/\/www.lovingmemorials.com\/pt-br\/cerca-de\/","title":{"rendered":"Cerca de"},"content":{"rendered":"\t\t<div data-elementor-type=\"wp-page\" data-elementor-id=\"9346\" class=\"elementor elementor-9346\" data-elementor-post-type=\"page\">\n\t\t\t\t\t\t<section class=\"elementor-section elementor-top-section elementor-element elementor-element-5312331 elementor-section-content-middle page-header elementor-section-boxed elementor-section-height-default elementor-section-height-default parallax_section_no qode_elementor_container_no\" data-id=\"5312331\" data-element_type=\"section\">\n\t\t\t\t\t\t<div class=\"elementor-container elementor-column-gap-no\">\n\t\t\t\t\t<div class=\"elementor-column elementor-col-100 elementor-top-column elementor-element elementor-element-e8f5fcc\" data-id=\"e8f5fcc\" data-element_type=\"column\">\n\t\t\t<div class=\"elementor-widget-wrap elementor-element-populated\">\n\t\t\t\t\t\t<div class=\"elementor-element elementor-element-3d87450 elementor-widget elementor-widget-heading\" data-id=\"3d87450\" data-element_type=\"widget\" data-widget_type=\"heading.default\">\n\t\t\t\t<div class=\"elementor-widget-container\">\n\t\t\t<h1 class=\"elementor-heading-title elementor-size-default\">Sobre lembran\u00e7as amorosas<\/h1>\t\t<\/div>\n\t\t\t\t<\/div>\n\t\t\t\t<section class=\"elementor-section elementor-inner-section elementor-element elementor-element-a0018ee elementor-section-content-middle container-shadow elementor-section-boxed elementor-section-height-default elementor-section-height-default parallax_section_no qode_elementor_container_no\" data-id=\"a0018ee\" data-element_type=\"section\" data-settings=\"{&quot;background_background&quot;:&quot;classic&quot;}\">\n\t\t\t\t\t\t<div class=\"elementor-container elementor-column-gap-no\">\n\t\t\t\t\t<div class=\"elementor-column elementor-col-100 elementor-inner-column elementor-element elementor-element-1c643d0\" data-id=\"1c643d0\" data-element_type=\"column\">\n\t\t\t<div class=\"elementor-widget-wrap elementor-element-populated\">\n\t\t\t\t\t\t<div class=\"elementor-element elementor-element-e1e7f26 elementor-widget__width-initial elementor-widget-mobile__width-inherit elementor-widget elementor-widget-text-editor\" data-id=\"e1e7f26\" data-element_type=\"widget\" data-widget_type=\"text-editor.default\">\n\t\t\t\t<div class=\"elementor-widget-container\">\n\t\t\t\t\t\t\t<p>Loving Memorials \u00e9 um servi\u00e7o que permite criar facilmente um memorial online elegante para seu ente querido.<\/p>\n<p>A Loving Memorial \u00e9 sofisticado em sua simplicidade. Tem um design organizado e proporciona uma experi\u00eancia visual \u00fanica. Acreditamos que menos \u00e9 mais quando se trata de homenagear e homenagear uma vida.<\/p>\n<p>A Loving Memorial \u00e9 focado em seu amado. A marca da empresa \u00e9 m\u00ednima e n\u00e3o h\u00e1 an\u00fancios, incluindo links para criar um memorial para outra pessoa. Seu ente querido \u00e9 o her\u00f3i desta hist\u00f3ria. <\/p>\n<p>A beleza flui dessa simplicidade que facilita para voc\u00ea contar a hist\u00f3ria deles. Voc\u00ea compartilha seu Memorial do Amor com familiares e amigos para lembrar e celebrar a vida deles, para que sejam sempre lembrados.<\/p>\n\t\t\t\t\t\t<\/div>\n\t\t\t\t<\/div>\n\t\t\t\t<div class=\"elementor-element elementor-element-7b7c1e2 elementor-widget__width-initial elementor-widget-mobile__width-inherit elementor-widget elementor-widget-text-editor\" data-id=\"7b7c1e2\" data-element_type=\"widget\" data-widget_type=\"text-editor.default\">\n\t\t\t\t<div class=\"elementor-widget-container\">\n\t\t\t\t\t\t\t<p><a href=\"https:\/\/www.lovingmemorials.com\/wp-content\/uploads\/2021\/04\/Loving-Memorial-Tony-e1640665696723.png\"><img fetchpriority=\"high\" decoding=\"async\" class=\"alignnone wp-image-7003 size-large\" src=\"https:\/\/www.lovingmemorials.com\/wp-content\/uploads\/2021\/04\/Loving-Memorial-Tony-1024x768.png\" alt=\"Memorial amoroso Tony\" width=\"1024\" height=\"768\"><\/a><\/p>\n\t\t\t\t\t\t<\/div>\n\t\t\t\t<\/div>\n\t\t\t\t<div class=\"elementor-element elementor-element-d694f8d elementor-widget elementor-widget-text-editor\" data-id=\"d694f8d\" data-element_type=\"widget\" data-widget_type=\"text-editor.default\">\n\t\t\t\t<div class=\"elementor-widget-container\">\n\t\t\t\t\t\t\t<h2 id=\"founders-message\">Uma mensagem de Brian, um de nossos fundadores<\/h2>\n<p>Nos \u00faltimos anos do meu pai, lembro-me dele uma vez me dizendo:<\/p>\n<blockquote>\n<p>Devo escrever todos os lugares em que estive e as coisas que vi.<\/p>\n<\/blockquote>\n\t\t\t\t\t\t<\/div>\n\t\t\t\t<\/div>\n\t\t\t\t<div class=\"elementor-element elementor-element-3f8cf48 elementor-widget__width-initial elementor-widget-mobile__width-inherit elementor-widget elementor-widget-text-editor\" data-id=\"3f8cf48\" data-element_type=\"widget\" data-widget_type=\"text-editor.default\">\n\t\t\t\t<div class=\"elementor-widget-container\">\n\t\t\t\t\t\t\t<p style=\"background-color: #ffffff;\">Entendi que meu pai queria que sua vida importasse, que ele queria ser lembrado e n\u00e3o esquecido.<\/p>\n<p style=\"background-color: #ffffff;\">Mas o resto n\u00e3o ficou claro para mim. Lembro-me de pensar: &#8220;<i>Onde vamos escrever isso? Quem vai ver?&#8221; <\/i><\/p>\n<p style=\"background-color: #ffffff;\">Anos depois, depois que meu pai faleceu, comecei a trabalhar na ind\u00fastria funer\u00e1ria e entendi o que ele estava me dizendo.<\/p>\n<p style=\"background-color: #ffffff;\">Eu estava projetando um software de obitu\u00e1rio e percebi que a beleza e a preciosidade de uma vida n\u00e3o estavam sendo capturadas em um obitu\u00e1rio.<\/p>\n<p style=\"background-color: #ffffff;\">Eu olhei para as ofertas de sites de memorial online e senti que eles estavam ficando aqu\u00e9m. Eles estavam ocupados e confusos. Eles n\u00e3o tinham foco e n\u00e3o estavam capturando uma vida com beleza.<\/p>\n<p style=\"background-color: #ffffff;\">Algo diferente era necess\u00e1rio. Ajudei a criar Loving Memorials para preservar e celebrar a hist\u00f3ria de uma vida com simplicidade e beleza.<\/p>\n<p style=\"background-color: #ffffff;\">O Memorial do Amor para meu pai, Antonio Gomes, foi o primeiro Memorial do Amor que foi criado. Quando o criei, tive orgulho de compartilh\u00e1-lo com familiares e amigos. Agora, tenho orgulho de compartilh\u00e1-lo com o mundo, sabendo que honrei o desejo de meu pai de n\u00e3o ser esquecido.<\/p>\n\t\t\t\t\t\t<\/div>\n\t\t\t\t<\/div>\n\t\t\t\t<div class=\"elementor-element elementor-element-f2d987c elementor-widget__width-initial elementor-widget-mobile__width-inherit elementor-widget elementor-widget-text-editor\" data-id=\"f2d987c\" data-element_type=\"widget\" data-widget_type=\"text-editor.default\">\n\t\t\t\t<div class=\"elementor-widget-container\">\n\t\t\t\t\t\t\t<p><a href=\"https:\/\/www.lovingmemorials.com\/wp-content\/uploads\/2021\/10\/Brian_Dad.jpeg\"><img decoding=\"async\" class=\"alignnone wp-image-1529 size-full\" src=\"https:\/\/www.lovingmemorials.com\/wp-content\/uploads\/2021\/10\/Brian_Dad.jpeg\" alt=\"Imagem de Brian ajoelhado ao lado de seu pai sentado em uma cadeira\" width=\"768\" height=\"1024\" srcset=\"https:\/\/www.lovingmemorials.com\/wp-content\/uploads\/2021\/10\/Brian_Dad.jpeg 768w, https:\/\/www.lovingmemorials.com\/wp-content\/uploads\/2021\/10\/Brian_Dad-225x300.jpeg 225w, https:\/\/www.lovingmemorials.com\/wp-content\/uploads\/2021\/10\/Brian_Dad-600x800.jpeg 600w, https:\/\/www.lovingmemorials.com\/wp-content\/uploads\/2021\/10\/Brian_Dad-700x933.jpeg 700w\" sizes=\"(max-width: 768px) 100vw, 768px\" \/><\/a><br \/><span style=\"color: #727272;\">Brian e seu pai, Tony Gomes<\/span><\/p>\n\t\t\t\t\t\t<\/div>\n\t\t\t\t<\/div>\n\t\t\t\t<div class=\"elementor-element elementor-element-a313b5c elementor-widget elementor-widget-text-editor\" data-id=\"a313b5c\" data-element_type=\"widget\" data-widget_type=\"text-editor.default\">\n\t\t\t\t<div class=\"elementor-widget-container\">\n\t\t\t\t\t\t\t<h3 id=\"remembrance\">Uma proximidade inesperada atrav\u00e9s da lembran\u00e7a<\/h3>\n<p>Fiquei surpreso com o que aconteceu comigo no processo de cria\u00e7\u00e3o do Loving Memorial do meu pai. \u00c0 medida que acrescentava fotos e contava a hist\u00f3ria de sua vida, havia tanta coisa que experimentei pessoalmente.<\/p>\n<p>Havia sorrisos e gargalhadas, juntamente com orgulho, gratid\u00e3o, conforto, cura e celebra\u00e7\u00e3o. Mas acima de tudo, havia amor. Isso me aproximou muito dele, e foi a\u00ed que entendi Loving Memorials com mais clareza.<\/p>\n<p>Percebi que para um ente querido n\u00e3o ser esquecido, isso significa que n\u00f3s, os vivos, lembramos dele. Atrav\u00e9s do ato da lembran\u00e7a, sentimos amor e estamos mais pr\u00f3ximos deles. \u00c9 por isso que n\u00e3o ser esquecido \u00e9 t\u00e3o importante &#8211; \u00e9 importante para nosso ente querido e para n\u00f3s.<\/p>\n<p>Se voc\u00ea optar por criar um Memorial de Amor para seu ente querido, desejo que voc\u00ea sinta o amor e a proximidade que senti por meu pai quando criei seu Memorial de Amor.<\/p>\n<p>-Brian Gomes<\/p>\n<p>Um fundador de memoriais amorosos<\/p>\n<h2>Sobre nossa equipe e por que fazemos isso<\/h2>\n\t\t\t\t\t\t<\/div>\n\t\t\t\t<\/div>\n\t\t\t\t<div class=\"elementor-element elementor-element-159e0c1 elementor-widget-mobile__width-inherit elementor-widget elementor-widget-text-editor\" data-id=\"159e0c1\" data-element_type=\"widget\" data-widget_type=\"text-editor.default\">\n\t\t\t\t<div class=\"elementor-widget-container\">\n\t\t\t\t\t\t\t<p>A Loving Memorials foi criada por uma equipe que passou anos criando e desenvolvendo solu\u00e7\u00f5es de obitu\u00e1rio para funer\u00e1rias em todo o mundo.<\/p>\n<blockquote>\n<p>Estamos honrados por ter mais de 200.000 vidas lembradas em nosso software e estamos apenas come\u00e7ando.<\/p>\n<\/blockquote>\n\t\t\t\t\t\t<\/div>\n\t\t\t\t<\/div>\n\t\t\t\t<div class=\"elementor-element elementor-element-2e13c37 elementor-widget-mobile__width-inherit elementor-widget elementor-widget-text-editor\" data-id=\"2e13c37\" data-element_type=\"widget\" data-widget_type=\"text-editor.default\">\n\t\t\t\t<div class=\"elementor-widget-container\">\n\t\t\t\t\t\t\t<p>Acreditamos que a m\u00eddia social n\u00e3o fornece uma maneira adequada de lembrar de seu ente querido e sentimos que algo diferente era necess\u00e1rio no espa\u00e7o memorial online.<\/p>\n<p>Criamos Loving Memorials para preservar, compartilhar e celebrar a vida de seu ente querido com simplicidade e eleg\u00e2ncia.<\/p>\n\t\t\t\t\t\t<\/div>\n\t\t\t\t<\/div>\n\t\t\t\t\t<\/div>\n\t\t<\/div>\n\t\t\t\t\t<\/div>\n\t\t<\/section>\n\t\t\t\t\t<\/div>\n\t\t<\/div>\n\t\t\t\t\t<\/div>\n\t\t<\/section>\n\t\t\t\t<\/div>\n\t\t","protected":false},"excerpt":{"rendered":"<p>Sobre lembran\u00e7as amorosas Loving Memorials \u00e9 um servi\u00e7o que permite criar facilmente um memorial online elegante para seu ente querido. A Loving Memorial \u00e9 sofisticado em sua simplicidade. Tem um design organizado e proporciona uma experi\u00eancia visual \u00fanica. Acreditamos que menos \u00e9 mais quando se&#8230;<\/p>\n","protected":false},"author":1,"featured_media":0,"parent":0,"menu_order":0,"comment_status":"closed","ping_status":"closed","template":"","meta":{"footnotes":""},"class_list":["post-9346","page","type-page","status-publish","hentry"],"_links":{"self":[{"href":"https:\/\/www.lovingmemorials.com\/pt-br\/wp-json\/wp\/v2\/pages\/9346","targetHints":{"allow":["GET"]}}],"collection":[{"href":"https:\/\/www.lovingmemorials.com\/pt-br\/wp-json\/wp\/v2\/pages"}],"about":[{"href":"https:\/\/www.lovingmemorials.com\/pt-br\/wp-json\/wp\/v2\/types\/page"}],"author":[{"embeddable":true,"href":"https:\/\/www.lovingmemorials.com\/pt-br\/wp-json\/wp\/v2\/users\/1"}],"replies":[{"embeddable":true,"href":"https:\/\/www.lovingmemorials.com\/pt-br\/wp-json\/wp\/v2\/comments?post=9346"}],"version-history":[{"count":3,"href":"https:\/\/www.lovingmemorials.com\/pt-br\/wp-json\/wp\/v2\/pages\/9346\/revisions"}],"predecessor-version":[{"id":11842,"href":"https:\/\/www.lovingmemorials.com\/pt-br\/wp-json\/wp\/v2\/pages\/9346\/revisions\/11842"}],"wp:attachment":[{"href":"https:\/\/www.lovingmemorials.com\/pt-br\/wp-json\/wp\/v2\/media?parent=9346"}],"curies":[{"name":"wp","href":"https:\/\/api.w.org\/{rel}","templated":true}]}}