{"id":9406,"date":"2022-01-11T21:06:48","date_gmt":"2022-01-11T21:06:48","guid":{"rendered":"https:\/\/www.lovingmemorials.com\/privacidade\/"},"modified":"2022-02-16T20:46:29","modified_gmt":"2022-02-16T20:46:29","slug":"privacidade","status":"publish","type":"page","link":"https:\/\/www.lovingmemorials.com\/pt-br\/privacidade\/","title":{"rendered":"Pol\u00edtica de Privacidade"},"content":{"rendered":"\t\t<div data-elementor-type=\"wp-page\" data-elementor-id=\"9406\" class=\"elementor elementor-9406\" data-elementor-post-type=\"page\">\n\t\t\t\t\t\t<section class=\"elementor-section elementor-top-section elementor-element elementor-element-0182c20 elementor-section-content-middle page-header elementor-section-boxed elementor-section-height-default elementor-section-height-default parallax_section_no qode_elementor_container_no\" data-id=\"0182c20\" data-element_type=\"section\">\n\t\t\t\t\t\t<div class=\"elementor-container elementor-column-gap-no\">\n\t\t\t\t\t<div class=\"elementor-column elementor-col-100 elementor-top-column elementor-element elementor-element-f85ac67\" data-id=\"f85ac67\" data-element_type=\"column\">\n\t\t\t<div class=\"elementor-widget-wrap elementor-element-populated\">\n\t\t\t\t\t\t<div class=\"elementor-element elementor-element-fff4700 elementor-widget elementor-widget-heading\" data-id=\"fff4700\" data-element_type=\"widget\" data-widget_type=\"heading.default\">\n\t\t\t\t<div class=\"elementor-widget-container\">\n\t\t\t<h1 class=\"elementor-heading-title elementor-size-default\">Pol\u00edtica de Privacidade<\/h1>\t\t<\/div>\n\t\t\t\t<\/div>\n\t\t\t\t<section class=\"elementor-section elementor-inner-section elementor-element elementor-element-5c8432b elementor-section-content-middle container-shadow elementor-section-boxed elementor-section-height-default elementor-section-height-default parallax_section_no qode_elementor_container_no\" data-id=\"5c8432b\" data-element_type=\"section\" data-settings=\"{&quot;background_background&quot;:&quot;classic&quot;}\">\n\t\t\t\t\t\t<div class=\"elementor-container elementor-column-gap-no\">\n\t\t\t\t\t<div class=\"elementor-column elementor-col-100 elementor-inner-column elementor-element elementor-element-6155df8\" data-id=\"6155df8\" data-element_type=\"column\">\n\t\t\t<div class=\"elementor-widget-wrap elementor-element-populated\">\n\t\t\t\t\t\t<div class=\"elementor-element elementor-element-a9e2b32 elementor-widget elementor-widget-text-editor\" data-id=\"a9e2b32\" data-element_type=\"widget\" data-widget_type=\"text-editor.default\">\n\t\t\t\t<div class=\"elementor-widget-container\">\n\t\t\t\t\t\t\t<p>Esta Pol\u00edtica de Privacidade explica:<\/p>\n<ul>\n<li>quais informa\u00e7\u00f5es coletamos<\/li>\n<li>por que coletamos<\/li>\n<li>como o usamos<\/li>\n<li>as escolhas que voc\u00ea tem<\/li>\n<\/ul>\n<h3>Coleta de informa\u00e7\u00f5es<\/h3>\n<ul>\n<li>Informa\u00e7\u00f5es que voc\u00ea nos fornece\n<ul>\n<li>Ao usar o servi\u00e7o Loving Memorials, voc\u00ea precisar\u00e1 nos fornecer informa\u00e7\u00f5es pessoais e informa\u00e7\u00f5es de seu ente querido ((seu &#8216;amado&#8217; \u00e9 a pessoa ou animal de estima\u00e7\u00e3o para o qual voc\u00ea est\u00e1 criando um Loving Memorial)<\/li>\n<li>Suas informa\u00e7\u00f5es pessoais<\/li>\n<\/ul>\n<\/li>\n<\/ul>\n<ul>\n<li>seu nome, endere\u00e7o de e-mail, informa\u00e7\u00f5es de pagamento, seu relacionamento com o falecido para o qual o Loving Memorial foi criado, o idioma em que seu Loving Memorial est\u00e1 em<\/li>\n<li>Informa\u00e7\u00f5es do seu ente querido<\/li>\n<li>seu &#8216;Amado&#8217; \u00e9 a pessoa ou animal de estima\u00e7\u00e3o para quem voc\u00ea est\u00e1 criando um Memorial de Amor<\/li>\n<li>as informa\u00e7\u00f5es de seu ente querido podem incluir informa\u00e7\u00f5es de nascimento e morte, lugares em que viveram, relacionamento familiar com outras pessoas, pessoas que conheceram, hist\u00f3ria de vida, fotos, v\u00eddeos, m\u00fasicas, mem\u00f3rias, hist\u00f3rias, entradas do livro de visitas<\/li>\n<\/ul>\n<ul>\n<li>Informa\u00e7\u00f5es dos visitantes\n<ul>\n<li>Os visitantes tamb\u00e9m podem fornecer informa\u00e7\u00f5es ao Memorial do seu ente querido, como fotos, v\u00eddeos, hist\u00f3rias, mem\u00f3rias e entradas do livro de visitas<\/li>\n<\/ul>\n<\/li>\n<li>Informa\u00e7\u00f5es de parceiros\n<ul>\n<li>Coletamos informa\u00e7\u00f5es de outras empresas com quem voc\u00ea ou algu\u00e9m que sabia que seu ente querido tinha um relacionamento<\/li>\n<li>Por exemplo, uma casa funer\u00e1ria pode ter fornecido um obitu\u00e1rio para seu ente querido e esse obitu\u00e1rio foi a base para as informa\u00e7\u00f5es usadas no Memorial do Amor<\/li>\n<li>Essas informa\u00e7\u00f5es de nossos parceiros podem incluir todas as informa\u00e7\u00f5es em &#8216;Informa\u00e7\u00f5es de seu ente querido&#8217;<\/li>\n<li>Nossas Parcerias podem incluir casas funer\u00e1rias, fornecedores de software no setor funer\u00e1rio ou sites independentes<\/li>\n<\/ul>\n<\/li>\n<li>Informa\u00e7\u00f5es que coletamos automaticamente\n<ul>\n<li>Coletamos automaticamente informa\u00e7\u00f5es sobre voc\u00ea por meio do servi\u00e7o Loving Memorial, como:\n<ul>\n<li>sua atividade no site do Loving Memorial e no Loving Memorial for your ente querido<\/li>\n<li>sua intera\u00e7\u00e3o com nosso site e propriedades, incluindo visualiza\u00e7\u00f5es de p\u00e1gina e outras informa\u00e7\u00f5es padr\u00e3o de logs do servidor da Web e ferramentas de an\u00e1lise de sites<\/li>\n<li>identificadores de dispositivo e o tipo de computador pessoal ou dispositivo m\u00f3vel que voc\u00ea est\u00e1 usando<\/li>\n<li>o tipo de navegador de internet<\/li>\n<li>suas informa\u00e7\u00f5es de rede e endere\u00e7o IP<\/li>\n<li>seu provedor de internet<\/li>\n<li>o site que o encaminhou para n\u00f3s, incluindo publicidade com a qual voc\u00ea interagiu e consultas de pesquisa<\/li>\n<li>sua intera\u00e7\u00e3o com nosso atendimento ao cliente, como data, hora e motivo do suporte, e transcri\u00e7\u00f5es de comunica\u00e7\u00f5es por e-mail, mensagens de texto e registros de voz<\/li>\n<li>informa\u00e7\u00f5es coletadas por meio de cookies e outras tecnologias que incluem dados de publicidade<\/li>\n<\/ul>\n<\/li>\n<\/ul>\n<\/li>\n<\/ul>\n<h3>Por que coletamos informa\u00e7\u00f5es<\/h3>\n<p>Coletamos informa\u00e7\u00f5es por v\u00e1rios motivos, como:<\/p>\n<ul>\n<li>para fornecer, analisar e melhorar o nosso servi\u00e7o<\/li>\n<li>para poder processar seu registro e receber pagamentos de voc\u00ea<\/li>\n<li>para poder ajud\u00e1-lo com problemas t\u00e9cnicos que voc\u00ea possa ter<\/li>\n<li>para manter nossos servi\u00e7os seguros, livres de fraudes e funcionando<\/li>\n<li>para ajudar a garantir que nossos Termos e Condi\u00e7\u00f5es estejam sendo seguidos<\/li>\n<li>trabalhar com parceiros para poder disponibilizar nosso servi\u00e7o para voc\u00ea<\/li>\n<li>para prevenir e detectar atividades ilegais<\/li>\n<li>para se comunicar com voc\u00ea sobre nosso servi\u00e7o, inclusive para inform\u00e1-lo sobre novos recursos, ofertas e promo\u00e7\u00f5es<\/li>\n<\/ul>\n<h3>Divulga\u00e7\u00e3o de Informa\u00e7\u00f5es<\/h3>\n<p>Podemos divulgar suas informa\u00e7\u00f5es para determinados fins e para terceiros da seguinte forma:<\/p>\n<ul>\n<li>Provedores de servi\u00e7o\n<ul>\n<li>usamos outras empresas, agentes e contratados para nos ajudar a fornecer servi\u00e7os a voc\u00ea<\/li>\n<li>podemos usar provedores de servi\u00e7os para servi\u00e7os de TI, pagamento e cobran\u00e7a, atendimento ao cliente, comunica\u00e7\u00e3o, marketing, publicidade, seguran\u00e7a, pesquisas<\/li>\n<li>Os provedores de servi\u00e7os podem ter acesso \u00e0s suas informa\u00e7\u00f5es pessoais ou \u00e0s informa\u00e7\u00f5es pessoais de seu ente querido<\/li>\n<li>Os Provedores de Servi\u00e7os n\u00e3o podem usar ou divulgar essas informa\u00e7\u00f5es, a menos que estejam relacionadas ao fornecimento de seus servi\u00e7os para n\u00f3s<\/li>\n<\/ul>\n<\/li>\n<li>Parceiros\n<ul>\n<li>podemos compartilhar certas informa\u00e7\u00f5es pessoais ou informa\u00e7\u00f5es pessoais de seu ente querido com nossos parceiros para fornecer servi\u00e7os a voc\u00ea e\/ou cumprir nossos acordos comerciais com parceiros<\/li>\n<\/ul>\n<\/li>\n<li>Conformidade com as leis\n<ul>\n<li>podemos divulgar suas informa\u00e7\u00f5es pessoais ou as informa\u00e7\u00f5es pessoais de seu ente querido para satisfazer e cumprir uma lei aplic\u00e1vel, regulamento, processo legal, solicita\u00e7\u00e3o do governo, solicita\u00e7\u00e3o de aplica\u00e7\u00e3o da lei<\/li>\n<\/ul>\n<\/li>\n<li>Execu\u00e7\u00e3o de Acordos e Seguran\u00e7a\n<ul>\n<li>podemos divulgar suas informa\u00e7\u00f5es pessoais ou as informa\u00e7\u00f5es pessoais de seu ente querido para fazer cumprir nossos Termos e Condi\u00e7\u00f5es, detectar ou impedir atividades ilegais, por quest\u00f5es t\u00e9cnicas ou de seguran\u00e7a e para proteger contra qualquer dano a direitos, propriedade ou seguran\u00e7a, conforme exigido ou permitido por lei<\/li>\n<\/ul>\n<\/li>\n<li>Transfer\u00eancias de neg\u00f3cios\n<ul>\n<li>Conforme necess\u00e1rio com qualquer fus\u00e3o ou venda de nossa empresa ou uma transfer\u00eancia de nossos ativos<\/li>\n<li>Iremos notific\u00e1-lo antes que suas informa\u00e7\u00f5es pessoais ou as informa\u00e7\u00f5es de um ente querido fiquem sujeitas a uma pol\u00edtica de privacidade diferente<\/li>\n<\/ul>\n<\/li>\n<\/ul>\n<h3>Seus controles de privacidade<\/h3>\n<ul>\n<li>Informa\u00e7\u00f5es do seu ente querido e tipo de privacidade\n<ul>\n<li>\u00c9 sua escolha quais informa\u00e7\u00f5es voc\u00ea compartilha sobre seu ente querido e como elas s\u00e3o compartilhadas, e voc\u00ea deve levar isso em considera\u00e7\u00e3o<\/li>\n<li>Para as informa\u00e7\u00f5es do seu ente querido que voc\u00ea escolheu compartilhar, voc\u00ea pode decidir como elas ser\u00e3o compartilhadas atribuindo um Tipo de privacidade para todo o Memorial do Amor ou parte do Memorial do Amor<\/li>\n<li>Tipo de privacidade p\u00fablica\n<ul>\n<li>Voc\u00ea pode optar por definir seu Loving Memorial ou parte de seu Loving Memorial como p\u00fablico<\/li>\n<li>Se voc\u00ea escolher o tipo de privacidade P\u00fablica para seu Memorial do Amor, isso significa que exibiremos as informa\u00e7\u00f5es de seu ente querido em nosso site para que todos possam ver, mesmo que n\u00e3o tenham uma conta conosco<\/li>\n<li>Um Loving Memorial que foi designado como P\u00fablico pode ser visto, acessado, compartilhado novamente ou baixado por qualquer pessoa, e pode ficar dispon\u00edvel para mecanismos de busca, m\u00eddia social, outros sites, APIs e m\u00eddia offline<\/li>\n<li>Al\u00e9m de compartilhar um Loving Memorial que \u00e9 P\u00fablico em nosso site, podemos nos referir e usar o Loving Memorial em nossos esfor\u00e7os de marketing e promo\u00e7\u00e3o, incluindo exibi\u00e7\u00e3o e men\u00e7\u00e3o em m\u00eddias sociais, outros sites e m\u00eddia offline. Se um Public Loving Memorial for posteriormente designado como n\u00e3o sendo mais p\u00fablico, o que significa que voc\u00ea optar por torn\u00e1-lo n\u00e3o listado ou privado, poder\u00e1 solicitar que paremos de us\u00e1-lo. Depois que sua solicita\u00e7\u00e3o for recebida e reconhecida por n\u00f3s, deixaremos de us\u00e1-la publicamente no futuro. No entanto, n\u00e3o seremos respons\u00e1veis por remover quaisquer refer\u00eancias anteriores a um Loving Memorial que j\u00e1 foi designado como P\u00fablico e que j\u00e1 referenciamos.<\/li>\n<\/ul>\n<\/li>\n<li>Tipo de privacidade n\u00e3o listado\n<ul>\n<li>Para um Loving Memorial, ou parte de um Loving Memorial, que tenha um Tipo de Privacidade de N\u00e3o Listado, ele s\u00f3 pode ser acessado por qualquer pessoa que tenha um link para o Loving Memorial e esse link n\u00e3o ser\u00e1 postado por n\u00f3s publicamente<\/li>\n<li>Voc\u00ea ter\u00e1 acesso a um link para o Loving Memorial que n\u00e3o est\u00e1 listado e deve considerar com quem voc\u00ea compartilha esse link, pois qualquer pessoa com esse link pode compartilhar ainda mais esse link para o Loving Memorial<\/li>\n<\/ul>\n<\/li>\n<\/ul>\n<\/li>\n<li>Fun\u00e7\u00e3o \u201cLembre-me\u201d\n<ul>\n<li>Voc\u00ea pode optar por usar ou n\u00e3o a fun\u00e7\u00e3o \u201cLembrar-me\u201d que permite acessar diretamente sua conta sem exigir a reinser\u00e7\u00e3o de seu endere\u00e7o de e-mail e senha cada vez que visitar nosso site<\/li>\n<\/ul>\n<\/li>\n<\/ul>\n<h3> <span style=\"font-size: 1.424rem; letter-spacing: 1px;\">Biscoitos<\/span><\/h3>\n<ul>\n<li>Um cookie \u00e9 um pequeno peda\u00e7o de texto que um site que voc\u00ea visita grava no seu navegador<\/li>\n<li>Os cookies s\u00e3o usados para lembrar informa\u00e7\u00f5es sobre sua visita para fins de desempenho, funcionalidade, seguran\u00e7a, an\u00e1lise e publicidade<\/li>\n<li>Alguns cookies s\u00e3o essenciais para partes do nosso servi\u00e7o, como check-out e execu\u00e7\u00e3o de fun\u00e7\u00f5es b\u00e1sicas do site<\/li>\n<li>Tamb\u00e9m podemos usar cookies para lembrar suas prefer\u00eancias e ajud\u00e1-lo a evitar redigitar informa\u00e7\u00f5es, por exemplo, o &#8216;Lembrar-me&#8217; permite que voc\u00ea fa\u00e7a login automaticamente<\/li>\n<li>Seu navegador permitir\u00e1 que voc\u00ea gerencie seus cookies, incluindo a limpeza de dados de cookies e o gerenciamento de cookies site a site<\/li>\n<li>Consulte a se\u00e7\u00e3o de suporte do seu navegador para gerenciar cookies<\/li>\n<\/ul>\n<h3>Entrando em contato conosco<\/h3>\n<ul>\n<li>Se voc\u00ea tiver d\u00favidas sobre esta Pol\u00edtica de Privacidade ou o uso de suas informa\u00e7\u00f5es pessoais ou informa\u00e7\u00f5es de seu ente querido, entre em contato conosco<\/li>\n<\/ul>\n<h3>Altera\u00e7\u00f5es nesta Pol\u00edtica de Privacidade<\/h3>\n<ul>\n<li>Alteramos esta Pol\u00edtica de Privacidade de tempos em tempos<\/li>\n<li>Indicaremos a data em que as \u00faltimas altera\u00e7\u00f5es foram publicadas<\/li>\n<li>Seu uso continuado de nosso servi\u00e7o ap\u00f3s as atualiza\u00e7\u00f5es entrarem em vigor constitui reconhecimento ou aceita\u00e7\u00e3o de nossa Pol\u00edtica de Privacidade<\/li>\n<li>Se voc\u00ea n\u00e3o aceitar ou reconhecer essas altera\u00e7\u00f5es, poder\u00e1 cancelar o servi\u00e7o Loving Memorial<\/li>\n<\/ul>\n<p>\u00daltima atualiza\u00e7\u00e3o em 22 de dezembro de 2021<\/p>\n\t\t\t\t\t\t<\/div>\n\t\t\t\t<\/div>\n\t\t\t\t\t<\/div>\n\t\t<\/div>\n\t\t\t\t\t<\/div>\n\t\t<\/section>\n\t\t\t\t\t<\/div>\n\t\t<\/div>\n\t\t\t\t\t<\/div>\n\t\t<\/section>\n\t\t\t\t<\/div>\n\t\t","protected":false},"excerpt":{"rendered":"<p>Pol\u00edtica de Privacidade Esta Pol\u00edtica de Privacidade explica: quais informa\u00e7\u00f5es coletamos por que coletamos como o usamos as escolhas que voc\u00ea tem Coleta de informa\u00e7\u00f5es Informa\u00e7\u00f5es que voc\u00ea nos fornece Ao usar o servi\u00e7o Loving Memorials, voc\u00ea precisar\u00e1 nos fornecer informa\u00e7\u00f5es pessoais e informa\u00e7\u00f5es de&#8230;<\/p>\n","protected":false},"author":6,"featured_media":0,"parent":0,"menu_order":0,"comment_status":"closed","ping_status":"closed","template":"","meta":{"footnotes":""},"class_list":["post-9406","page","type-page","status-publish","hentry"],"_links":{"self":[{"href":"https:\/\/www.lovingmemorials.com\/pt-br\/wp-json\/wp\/v2\/pages\/9406","targetHints":{"allow":["GET"]}}],"collection":[{"href":"https:\/\/www.lovingmemorials.com\/pt-br\/wp-json\/wp\/v2\/pages"}],"about":[{"href":"https:\/\/www.lovingmemorials.com\/pt-br\/wp-json\/wp\/v2\/types\/page"}],"author":[{"embeddable":true,"href":"https:\/\/www.lovingmemorials.com\/pt-br\/wp-json\/wp\/v2\/users\/6"}],"replies":[{"embeddable":true,"href":"https:\/\/www.lovingmemorials.com\/pt-br\/wp-json\/wp\/v2\/comments?post=9406"}],"version-history":[{"count":1,"href":"https:\/\/www.lovingmemorials.com\/pt-br\/wp-json\/wp\/v2\/pages\/9406\/revisions"}],"predecessor-version":[{"id":9407,"href":"https:\/\/www.lovingmemorials.com\/pt-br\/wp-json\/wp\/v2\/pages\/9406\/revisions\/9407"}],"wp:attachment":[{"href":"https:\/\/www.lovingmemorials.com\/pt-br\/wp-json\/wp\/v2\/media?parent=9406"}],"curies":[{"name":"wp","href":"https:\/\/api.w.org\/{rel}","templated":true}]}}