{"id":9408,"date":"2022-01-11T21:07:36","date_gmt":"2022-01-11T21:07:36","guid":{"rendered":"https:\/\/www.lovingmemorials.com\/termos\/"},"modified":"2022-02-27T00:36:04","modified_gmt":"2022-02-27T00:36:04","slug":"termos","status":"publish","type":"page","link":"https:\/\/www.lovingmemorials.com\/pt-br\/termos\/","title":{"rendered":"Termos e Condi\u00e7\u00f5es"},"content":{"rendered":"\t\t<div data-elementor-type=\"wp-page\" data-elementor-id=\"9408\" class=\"elementor elementor-9408\" data-elementor-post-type=\"page\">\n\t\t\t\t\t\t<section class=\"elementor-section elementor-top-section elementor-element elementor-element-1e1a11db elementor-section-content-middle page-header elementor-section-boxed elementor-section-height-default elementor-section-height-default parallax_section_no qode_elementor_container_no\" data-id=\"1e1a11db\" data-element_type=\"section\">\n\t\t\t\t\t\t<div class=\"elementor-container elementor-column-gap-no\">\n\t\t\t\t\t<div class=\"elementor-column elementor-col-100 elementor-top-column elementor-element elementor-element-2b02ad84\" data-id=\"2b02ad84\" data-element_type=\"column\">\n\t\t\t<div class=\"elementor-widget-wrap elementor-element-populated\">\n\t\t\t\t\t\t<div class=\"elementor-element elementor-element-e9044af elementor-widget elementor-widget-heading\" data-id=\"e9044af\" data-element_type=\"widget\" data-widget_type=\"heading.default\">\n\t\t\t\t<div class=\"elementor-widget-container\">\n\t\t\t<h1 class=\"elementor-heading-title elementor-size-default\">Termos e Condi\u00e7\u00f5es<\/h1>\t\t<\/div>\n\t\t\t\t<\/div>\n\t\t\t\t<section class=\"elementor-section elementor-inner-section elementor-element elementor-element-9a79551 elementor-section-content-middle container-shadow elementor-section-boxed elementor-section-height-default elementor-section-height-default parallax_section_no qode_elementor_container_no\" data-id=\"9a79551\" data-element_type=\"section\" data-settings=\"{&quot;background_background&quot;:&quot;classic&quot;}\">\n\t\t\t\t\t\t<div class=\"elementor-container elementor-column-gap-no\">\n\t\t\t\t\t<div class=\"elementor-column elementor-col-100 elementor-inner-column elementor-element elementor-element-f223750\" data-id=\"f223750\" data-element_type=\"column\">\n\t\t\t<div class=\"elementor-widget-wrap elementor-element-populated\">\n\t\t\t\t\t\t<div class=\"elementor-element elementor-element-a37edb9 elementor-widget elementor-widget-text-editor\" data-id=\"a37edb9\" data-element_type=\"widget\" data-widget_type=\"text-editor.default\">\n\t\t\t\t<div class=\"elementor-widget-container\">\n\t\t\t\t\t\t\t<h3>Memorial do Amor<\/h3>\n<ul>\n<li>refere-se ao site memorial para seu ente querido que \u00e9 criado pelo usu\u00e1rio atrav\u00e9s do uso do software do provedor<\/li>\n<\/ul>\n<h3>Amado<\/h3>\n<ul>\n<li>a pessoa ou animal de estima\u00e7\u00e3o para o qual o Usu\u00e1rio est\u00e1 criando um Memorial de Amor<\/li>\n<\/ul>\n<h3>Do utilizador<\/h3>\n<ul>\n<li>a pessoa que usa o Software.<\/li>\n<li>O usu\u00e1rio deve ter pelo menos 18 anos de idade para criar um Loving Memorial<\/li>\n<li>se o Usu\u00e1rio estiver publicando Conte\u00fado apenas como visitante de um Loving Memorial, o Usu\u00e1rio deve ter pelo menos 13 anos de idade.<\/li>\n<\/ul>\n<h3>Software do site<\/h3>\n<ul>\n<li>Refere-se ao software propriet\u00e1rio on-line Loving Memorials do Provedor usado para a entrada e exibi\u00e7\u00e3o de um Loving Memorial. O Software do Site do Site inclui o Painel do Provedor para a entrada do Loving Memorial e o sistema e m\u00e9todo usado para exibir o site do Loving Memorial<\/li>\n<\/ul>\n<h3>Fornecedor<\/h3>\n<ul>\n<li>o servi\u00e7o Loving Memorial \u00e9 fornecido e voc\u00ea est\u00e1 contratando:<\/li>\n<\/ul>\n<p style=\"padding-left: 40px;\">Memoriais amorosos<br \/>cuidado de florista 1 LLP<br \/>712 S Ocean Shore Blvd<br \/>Praia Flagler, Fl\u00f3rida 32136<br \/>EUA<\/p>\n<h3>Contente<\/h3>\n<ul>\n<li>refere-se a qualquer conte\u00fado inserido pelo Usu\u00e1rio ou visitantes do Loving Memorials no Software do Site para a cria\u00e7\u00e3o e exibi\u00e7\u00e3o do Loving Memorial, como informa\u00e7\u00f5es de falecidos, mem\u00f3rias, hist\u00f3ria de vida, fotos, v\u00eddeos e condol\u00eancias, entradas do livro de visitas<\/li>\n<\/ul>\n<h3>Acordo<\/h3>\n<ul>\n<li>&#8216;Este Contrato&#8217; refere-se a este Contrato de Termos e Condi\u00e7\u00f5es entre o Provedor e o Usu\u00e1rio<\/li>\n<li>Ao clicar no bot\u00e3o &#8220;Aceitar&#8221; para este Contrato no momento da inscri\u00e7\u00e3o e\/ou usar o Software do Site, o Usu\u00e1rio confirma a aceita\u00e7\u00e3o e concorda em ficar vinculado a este Contrato<\/li>\n<li>Assim, as partes acordam o seguinte:<\/li>\n<\/ul>\n<h3>Propriedade<\/h3>\n<ul>\n<li>Fornecedor\n<ul>\n<li>O Provedor ret\u00e9m o direito, t\u00edtulo e interesse no Software do Site, incluindo, mas n\u00e3o limitado \u00e0 propriedade de todos os direitos autorais e outros direitos de propriedade intelectual nele contidos.<\/li>\n<li>O Usu\u00e1rio pode fornecer Feedback que inclui coment\u00e1rios, sugest\u00f5es e ideias sobre o Software do Site, sejam apresentados oralmente, por escrito ou de outra forma. Com rela\u00e7\u00e3o a esse Feedback, o Usu\u00e1rio concede ao Provedor um direito e uma licen\u00e7a totalmente pagos, isentos de royalties, mundiais, n\u00e3o exclusivos e sublicenci\u00e1veis para fabricar, vender, arrendar, usar, copiar, distribuir, exibir, executar, transmitir e fazer trabalhos derivados de Feedback para uso em ou com quaisquer produtos ou servi\u00e7os. O Provedor n\u00e3o deve identificar publicamente o Usu\u00e1rio em conex\u00e3o com qualquer feedback, salvo acordo em contr\u00e1rio por escrito.<\/li>\n<\/ul>\n<\/li>\n<li>Direitos n\u00e3o licenciados explicitamente\n<ul>\n<li>Todos os direitos n\u00e3o licenciados explicitamente neste Contrato s\u00e3o reservados ao respectivo propriet\u00e1rio.<\/li>\n<\/ul>\n<\/li>\n<\/ul>\n<h2>RESPONSABILIDADES DO USU\u00c1RIO<\/h2>\n<h3>O usu\u00e1rio concorda em:<\/h3>\n<ul>\n<li>conceder ao Provedor uma licen\u00e7a mundial livre de royalties, n\u00e3o exclusiva, transfer\u00edvel, sublicenci\u00e1vel para hospedar, usar, distribuir, modificar licen\u00e7a, copiar, exibir, traduzir Conte\u00fado<\/li>\n<li>garantir que o Conte\u00fado seja verdadeiro e preciso e n\u00e3o contenha informa\u00e7\u00f5es imprecisas e falsas<\/li>\n<li>garantir que o Conte\u00fado n\u00e3o seja obsceno, discriminat\u00f3rio, racista, odioso ou excludente e n\u00e3o criar um Memorial de Amor para um indiv\u00edduo cuja vida incorporou e defendeu esses comportamentos. Em caso de desacordo sobre isso, a determina\u00e7\u00e3o do Provedor prevalecer\u00e1<\/li>\n<li>garantir que o Conte\u00fado em um Memorial de Amor geralmente apresenta o falecido de forma amorosa, respeitosa e positiva e n\u00e3o apresenta o falecido de forma negativa. Em caso de desacordo sobre isso, a determina\u00e7\u00e3o do Provedor prevalecer\u00e1<\/li>\n<li>fornecer informa\u00e7\u00f5es verdadeiras, atuais e completas sobre o usu\u00e1rio nos campos obrigat\u00f3rios de nossos formul\u00e1rios de registro e atualizar prontamente essas informa\u00e7\u00f5es conforme necess\u00e1rio<\/li>\n<li>garantir que o Usu\u00e1rio tenha todos os direitos e permiss\u00f5es necess\u00e1rios ao Conte\u00fado de terceiros em conex\u00e3o com seu uso, o que inclui direitos autorais, marca registrada ou propriedade intelectual do Conte\u00fado<\/li>\n<li>permitir que mais de um Memorial de Amor para seu Amado seja criado por qualquer pessoa que n\u00e3o seja o Usu\u00e1rio<\/li>\n<li>n\u00e3o postar conte\u00fado sobre uma pessoa viva que a torne pessoalmente identific\u00e1vel ou viole seu direito \u00e0 privacidade<\/li>\n<\/ul>\n<h3>O usu\u00e1rio concorda em n\u00e3o:<\/h3>\n<ul>\n<li>violar qualquer lei, regra ou regulamento aplic\u00e1vel<\/li>\n<li>envolver-se em atividades fraudulentas de qualquer tipo<\/li>\n<li>usar direta ou indiretamente o Software do Site de qualquer forma que viole este Contrato ou seja abusivo, ofensivo, racista, obsceno, excludente de ra\u00e7a ou cultura, il\u00edcito ou de outra forma possa resultar em responsabilidade civil ou criminal. O Provedor tem o direito, mas n\u00e3o a obriga\u00e7\u00e3o, de remover qualquer material.<\/li>\n<li>fornecer Conte\u00fado proibido por propriedade intelectual (por exemplo, patente, direitos autorais, marca registrada, segredo comercial ou privacidade e publicidade))<\/li>\n<li>usar software em m\u00e9todos anti\u00e9ticos ou ilegais<\/li>\n<li>fornecer informa\u00e7\u00f5es falsas ou enganosas ou se passar por qualquer pessoa ou entidade<\/li>\n<li>deturpar qualquer produto ou neg\u00f3cio<\/li>\n<li>interferir ou interromper o Software do Site ou servidores, redes ou sistemas de comunica\u00e7\u00e3o conectados ao Software do Site e sua funcionalidade do Provedor ou de terceiros<\/li>\n<li>desmontar, fazer engenharia reversa, modificar, adaptar, raspar ou criar trabalhos derivados de, alugar (incluindo compartilhamento de tempo, provedor de servi\u00e7os de aplicativos ou servi\u00e7o de nuvem), arrendar, emprestar, vender ou redistribuir o Software do Site<\/li>\n<li>usar ou introduzir qualquer spyware, adware, v\u00edrus, cavalos de tr\u00f3ia, worms ou c\u00f3digo invasivo, destrutivo ou auto-replicante semelhante em conex\u00e3o com o Software do Site<\/li>\n<li>usar qualquer sistema automatizado, como \u201crob\u00f4s\u201d ou \u201caranhas\u201d, para acessar, raspar ou monitorar o Software do Site<\/li>\n<li>n\u00e3o usar o Loving Memorial para comprar ou vender produtos ou solicitar doa\u00e7\u00f5es diretas mesmo em nome do falecido<\/li>\n<li>realizar sorteios, concursos, loterias ou sorteios, exceto em conformidade com todos os requisitos legais federais e estaduais relevantes e com nosso consentimento pr\u00e9vio por escrito<\/li>\n<li>se recusar a cooperar razoavelmente em qualquer investiga\u00e7\u00e3o relacionada ao Software do Site.<\/li>\n<li>O Provedor ser\u00e1 o \u00fanico \u00e1rbitro sobre quais atividades violam o precedente<\/li>\n<\/ul>\n<h3>Privacidade e seguran\u00e7a<\/h3>\n<ul>\n<li>O usu\u00e1rio concorda em manter a seguran\u00e7a do login e credenciais de acesso que o Provedor forneceu para acessar o Software do Site<\/li>\n<li>O Usu\u00e1rio concorda que o Provedor pode monitorar o Loving Memorial e o uso do Software do Site e coletar informa\u00e7\u00f5es t\u00e9cnicas e relacionadas, incluindo, entre outras, informa\u00e7\u00f5es sobre o uso do Software do Site pelo Usu\u00e1rio para verificar a conformidade com os termos deste Contrato ou para facilitar melhorias no Software do Site<\/li>\n<li>O Usu\u00e1rio reconhece e concorda que o Provedor coletar\u00e1 Conte\u00fado e outras informa\u00e7\u00f5es do Usu\u00e1rio especificadas em conex\u00e3o com o uso do Software do Site e exibi\u00e7\u00e3o do Loving Memorial para cumprir este Contrato e cumprir os requisitos fiscais e de manuten\u00e7\u00e3o de registros<\/li>\n<\/ul>\n<h3>Pagamentos e Planos<\/h3>\n<ul>\n<li>Reembolsos em pagamentos\n<ul>\n<li>Qualquer pagamento para qualquer plano pode ser reembolsado integralmente a pedido do Utilizador com 30 dias de compra<\/li>\n<li>Para um pagamento solicitado durante este per\u00edodo de 30 dias, a cobran\u00e7a total \u00e9 reembolsada integralmente e o Loving Memorial \u00e9 encerrado e n\u00e3o estar\u00e1 mais acess\u00edvel<\/li>\n<\/ul>\n<\/li>\n<li>Recursos atuais e futuros\n<ul>\n<li>O usu\u00e1rio receber\u00e1 todos os recursos pagos na inscri\u00e7\u00e3o pela dura\u00e7\u00e3o de seu plano, independentemente de o Provedor fazer altera\u00e7\u00f5es nos planos e recursos no futuro<\/li>\n<li>O provedor pode adicionar novos recursos, incluindo recursos pagos, que n\u00e3o estavam no plano do usu\u00e1rio no momento da inscri\u00e7\u00e3o e o usu\u00e1rio pode optar por pagar por esses novos recursos<\/li>\n<\/ul>\n<\/li>\n<li>Planos Permanentes\n<ul>\n<li>Um Plano Permanente significa que o Memorial do Amor ser\u00e1 exibido permanentemente sem a necessidade de pagamentos futuros do Usu\u00e1rio<\/li>\n<li>A dura\u00e7\u00e3o de enquanto o servi\u00e7o Loving Memorials estiver em execu\u00e7\u00e3o<\/li>\n<\/ul>\n<\/li>\n<li>Planos para uma dura\u00e7\u00e3o de tempo\n<ul>\n<li>O usu\u00e1rio pode adquirir um plano Loving Memorial que tenha uma dura\u00e7\u00e3o definida, por exemplo, 1 ano ou 10 anos<\/li>\n<li>Ap\u00f3s a expira\u00e7\u00e3o da dura\u00e7\u00e3o do plano Loving Memorial, o Usu\u00e1rio precisa adquirir outro plano para estender seu uso do Software do Site e exibir seu Loving Memorial<\/li>\n<li>O Loving Memorial n\u00e3o pode mais ser exibido, a menos que o Usu\u00e1rio tenha adquirido outro plano para estender o Loving Memorial<\/li>\n<li>Ao expirar a dura\u00e7\u00e3o do plano Loving Memorial, o Usu\u00e1rio ter\u00e1 um m\u00ednimo de 30 dias para fazer login e adquirir um plano para manter o Loving Memorial ativo, embora esse per\u00edodo possa ser maior<\/li>\n<li>O provedor pode informar ao usu\u00e1rio que seu plano est\u00e1 expirando, mas n\u00e3o tem obriga\u00e7\u00e3o de faz\u00ea-lo<\/li>\n<li>O Provedor n\u00e3o tem obriga\u00e7\u00e3o de preservar o Conte\u00fado e o Loving Memorial ap\u00f3s 30 dias al\u00e9m da data de vencimento do plano<\/li>\n<\/ul>\n<\/li>\n<\/ul>\n<ul>\n<li>Exportando Conte\u00fado e Memorial do Amor\n<ul>\n<li>O usu\u00e1rio tem direito a uma exporta\u00e7\u00e3o gratuita de Conte\u00fado associado a um Loving Memorial<\/li>\n<li>O usu\u00e1rio pode solicitar exporta\u00e7\u00f5es adicionais para uma exporta\u00e7\u00e3o gratuita e o Provedor pode cobrar uma taxa por essas exporta\u00e7\u00f5es adicionais de dados<\/li>\n<li>O Conte\u00fado Exportado ser\u00e1 fornecido em um arquivo .CSV (Comma Separated Value) que o Usu\u00e1rio inseriu no Website Software<\/li>\n<\/ul>\n<\/li>\n<\/ul>\n<h3>Termina\u00e7\u00e3o<\/h3>\n<ul>\n<li>Qualquer uma das partes pode rescindir este Contrato\n<ul>\n<li>Do utilizador\n<ul>\n<li>O usu\u00e1rio pode rescindir este contrato e descontinuar o uso a qualquer momento sem aviso pr\u00e9vio<\/li>\n<\/ul>\n<\/li>\n<li>Fornecedor\n<ul>\n<li>O Provedor pode rescindir este Contrato e suspender ou rescindir o acesso a todo ou qualquer parte do Software do Site para qualquer um dos seguintes:\n<ul>\n<li>viola\u00e7\u00e3o material deste Contrato<\/li>\n<li>atividade ilegal ou fraudulenta<\/li>\n<li>um Memorial de Amor que n\u00e3o retrate o falecido de forma positiva ou que seja odioso, racista ou excludente<\/li>\n<li>falta de pagamento de quaisquer quantias devidas para estender o Loving Memorial ap\u00f3s a expira\u00e7\u00e3o de um plano (consulte Pagamento e Planos)<\/li>\n<li>suspens\u00e3o, interrup\u00e7\u00e3o ou rescis\u00e3o de servi\u00e7os que o Provedor depende para fornecer o Software do Site<\/li>\n<li>a rescis\u00e3o pelos motivos acima pode resultar na nega\u00e7\u00e3o imediata e permanente de acesso ao Software do Site e exibi\u00e7\u00e3o do Loving Memorial<\/li>\n<\/ul>\n<\/li>\n<li>A rescis\u00e3o ou suspens\u00e3o pode ser imediata e\/ou sem aviso pr\u00e9vio, embora o Provedor envide esfor\u00e7os razo\u00e1veis para notificar imediatamente (incluindo e-mail) da suspens\u00e3o ou rescis\u00e3o.<\/li>\n<li>O Provedor pode rescindir este Contrato a qualquer momento por viola\u00e7\u00e3o n\u00e3o material deste Contrato, se os provedores rescindirem este Contrato por qualquer motivo n\u00e3o relacionado a uma viola\u00e7\u00e3o material, o Provedor dar\u00e1 um aviso de 30 dias onde<\/li>\n<\/ul>\n<\/li>\n<li>Sobreviv\u00eancia\n<ul>\n<li>As seguintes disposi\u00e7\u00f5es deste Contrato sobreviver\u00e3o a qualquer rescis\u00e3o ou expira\u00e7\u00e3o deste Contrato: Propriedade, Privacidade e Seguran\u00e7a, Rescis\u00e3o, Confidencialidade, Isen\u00e7\u00e3o de Garantias; Indeniza\u00e7\u00e3o, Limita\u00e7\u00f5es de Responsabilidade, Geral<\/li>\n<\/ul>\n<\/li>\n<li>Efeito da Rescis\u00e3o\n<ul>\n<li>Ap\u00f3s a expira\u00e7\u00e3o ou rescis\u00e3o deste Contrato, o Usu\u00e1rio dever\u00e1 cessar o uso do Software do Site<\/li>\n<li>Quando este Contrato for rescindido, o Provedor n\u00e3o ser\u00e1 obrigado a preservar, manter, fazer backup ou disponibilizar Conte\u00fado e exibi\u00e7\u00e3o do Loving Memorial al\u00e9m de 30 dias ap\u00f3s a rescis\u00e3o<\/li>\n<li>O Provedor n\u00e3o ser\u00e1 respons\u00e1vel por compensa\u00e7\u00e3o, indeniza\u00e7\u00e3o ou danos de qualquer tipo como resultado de tal expira\u00e7\u00e3o ou rescis\u00e3o.<\/li>\n<\/ul>\n<\/li>\n<\/ul>\n<\/li>\n<\/ul>\n<h3>ISEN\u00c7\u00c3O DE GARANTIAS; INDENIZA\u00c7\u00c3O<\/h3>\n<p>O FORNECEDOR N\u00c3O OFERECE QUALQUER GARANTIA RELACIONADA AO ASSUNTO DESTE ACORDO E ISENTA-SE DE TODAS E QUAISQUER GARANTIAS IMPL\u00cdCITAS, INCLUINDO, SEM LIMITA\u00c7\u00c3O, TODAS AS GARANTIAS IMPL\u00cdCITAS DE COMERCIALIZA\u00c7\u00c3O, ADEQUA\u00c7\u00c3O A UM DETERMINADO FIM, SEGURAN\u00c7A E N\u00c3O INFRA\u00c7\u00c3O. O FORNECEDOR N\u00c3O GARANTE QUE O SOFTWARE SER\u00c1 ININTERRUPTO, SEGURO OU LIVRE DE ERROS.<\/p>\n<h3>Indeniza\u00e7\u00e3o.<\/h3>\n<ul>\n<li>O usu\u00e1rio defender\u00e1, indenizar\u00e1 e isentar\u00e1 o Provedor, e seus diretores, diretores, acionistas, funcion\u00e1rios e agentes, de qualquer perda, dano, responsabilidade ou custo (incluindo honor\u00e1rios advocat\u00edcios razo\u00e1veis) resultante de qualquer reclama\u00e7\u00e3o de terceiros (\u201cResponsabilidades\u201d) que resulta de:\n<ul>\n<li>(i) viola\u00e7\u00e3o do usu\u00e1rio deste Contrato;<\/li>\n<li>(ii) qualquer reclama\u00e7\u00e3o de que qualquer site do Usu\u00e1rio e\/ou uso do Software do Site infringem direitos autorais, patentes, segredos comerciais, marcas registradas ou outros direitos de propriedade intelectual de terceiros;<\/li>\n<li>(iii) transa\u00e7\u00f5es err\u00f4neas ou outros erros causados pelo Aplicativo do Usu\u00e1rio; ou<\/li>\n<li>(iv) O uso pelo usu\u00e1rio do Software do Site diferente do especificado pelo Provedor. No caso de quaisquer Responsabilidades pelas quais o Usu\u00e1rio seja obrigado a indenizar o Provedor, o Usu\u00e1rio ter\u00e1 o controle exclusivo da defesa e todas as negocia\u00e7\u00f5es de liquida\u00e7\u00e3o relacionadas e o Provedor dever\u00e1 cooperar razoavelmente com o Usu\u00e1rio com a defesa e\/ou liquida\u00e7\u00e3o, \u00e0s custas do Usu\u00e1rio; desde que o Provedor tenha o direito de consentir com qualquer acordo, tal consentimento n\u00e3o deve ser retido ou adiado injustificadamente, e o Provedor pode participar de tal defesa usando seu pr\u00f3prio advogado \u00e0s suas pr\u00f3prias custas.<\/li>\n<\/ul>\n<\/li>\n<\/ul>\n<h3>LIMITA\u00c7\u00c3O DE RESPONSABILIDADE.<\/h3>\n<p>EXCETO PELA INDENIZA\u00c7\u00c3O EM ISEN\u00c7\u00c3O DE GARANTIAS; INDENIZA\u00c7\u00c3O E PARA AS SE\u00c7\u00d5ES &#8216;RESPONSABILIDADES DO USU\u00c1RIO&#8217; E &#8216;CONFIDENCIALIDADE, EM NENHUM CASO QUALQUER PARTE SER\u00c1 RESPONS\u00c1VEL PERANTE A OUTRA OU A QUALQUER TERCEIRO POR QUAISQUER DANOS ESPECIAIS, INCIDENTAIS, PUNITIVOS OU CONSEQUENCIAIS, OU PERDA DE RECEITA, LUCROS OU ECONOMIAS, SEJA COM BASE EM QUEBRA DE CONTRATO, ATO IL\u00cdCITO (INCLUINDO NEGLIG\u00caNCIA) OU DE OUTRA FORMA, QUER OU N\u00c3O A PARTE TENHA SIDO AVISADA DA POSSIBILIDADE DE TAIS DANOS. A RESPONSABILIDADE DO FORNECEDOR SOB ESTE CONTRATO, SEJA EM CONTRATO, ATO IL\u00cdCITO OU QUALQUER OUTRA TEORIA JUR\u00cdDICA, EST\u00c1 LIMITADA A E N\u00c3O EXCEDER\u00c1 O VALOR PAGO PELO USU\u00c1RIO.<\/p>\n<h3>Em geral<\/h3>\n<h3>Conformidade com a Lei<\/h3>\n<ul>\n<li>Cada parte deve cumprir todas as leis, regras e regulamentos federais, estaduais e locais dos EUA aplic\u00e1veis \u00e0s suas atividades sob este Contrato.<\/li>\n<\/ul>\n<h3>Lei<\/h3>\n<ul>\n<li>Este Contrato ser\u00e1 regido e interpretado de acordo com as leis do Estado da Fl\u00f3rida, EUA, exceto por seus conflitos de princ\u00edpios legais.<\/li>\n<li>O usu\u00e1rio consente e concorda que a jurisdi\u00e7\u00e3o exclusiva para qualquer disputa, reclama\u00e7\u00e3o ou controv\u00e9rsia decorrente deste Contrato ser\u00e1 nos tribunais federais e estaduais localizados em Flagler County, Fl\u00f3rida, EUA Fica exclu\u00edda a aplica\u00e7\u00e3o da Conven\u00e7\u00e3o das Na\u00e7\u00f5es Unidas sobre Contratos para a Venda Internacional de Mercadorias.<\/li>\n<\/ul>\n<h3>Refer\u00eancias<\/h3>\n<ul>\n<li>O provedor pode se referir ao Loving Memorial criado pelo usu\u00e1rio se o tipo de privacidade Loving Memorial for p\u00fablico<\/li>\n<li>&#8216;Referir a&#8217; inclui list\u00e1-lo nas p\u00e1ginas principais do LovingMemorials.com, mencionando o Loving Memorial nas m\u00eddias sociais, campanhas de rela\u00e7\u00f5es p\u00fablicas (online e offline), feiras, links para ele e exibi\u00e7\u00e3o de capturas de tela no site do Provedor ou em qualquer outro site<\/li>\n<li>Se o tipo de privacidade do Loving Memorial foi alterado ap\u00f3s ter sido referenciado pelo Provedor, o Loving Memorial n\u00e3o ser\u00e1 mais acess\u00edvel a outras pessoas, mas o Provedor n\u00e3o \u00e9 obrigado a remover refer\u00eancias ao Loving Memorial que j\u00e1 foram feitas<\/li>\n<\/ul>\n<h3>Atribui\u00e7\u00e3o<\/h3>\n<ul>\n<li>O Usu\u00e1rio n\u00e3o pode ceder este Contrato, no todo ou em parte, sem o consentimento pr\u00e9vio do Provedor. Qualquer tentativa do Usu\u00e1rio de ceder este Contrato sem tal consentimento ser\u00e1 nula. Sujeito ao acima exposto, este Contrato vincula e beneficia ambas as partes e seus sucessores e cession\u00e1rios permitidos.<\/li>\n<\/ul>\n<h3>Avisos<\/h3>\n<ul>\n<li>Os avisos do Provedor ao Usu\u00e1rio ser\u00e3o dados por postagem geral no site do Provedor ou por e-mail. Avisos do Usu\u00e1rio ao Provedor podem ser dados atrav\u00e9s do formul\u00e1rio de Contato para Ajuda no site do Provedor ou por correio para Loving Memorials, care of Florist 1 LLP, Attn: President, 712 S Ocean Shore Blvd, Flagler Beach, FL 32136, USA.<\/li>\n<\/ul>\n<h3>For\u00e7a maior.<\/h3>\n<ul>\n<li>Qualquer atraso ou falha no desempenho por uma parte de suas obriga\u00e7\u00f5es sob este Contrato n\u00e3o ser\u00e1 considerado uma viola\u00e7\u00e3o deste Contrato e ser\u00e1 justificado na medida em que tal atraso ou falha no desempenho seja causado por qualquer ocorr\u00eancia al\u00e9m do controle razo\u00e1vel de tal parte , cujas ocorr\u00eancias podem incluir, mas n\u00e3o est\u00e3o limitadas a, atos de Deus; falhas na Internet, telecomunica\u00e7\u00f5es ou instala\u00e7\u00f5es de processamento de pagamentos, pandemias, feriados banc\u00e1rios, fechamento de mercados ou outras interven\u00e7\u00f5es governamentais; guerra; motim ou greves trabalhistas; e eventos semelhantes.<\/li>\n<\/ul>\n<h3>Divisibilidade<\/h3>\n<ul>\n<li>Se qualquer disposi\u00e7\u00e3o deste Contrato for considerada ilegal ou inexequ\u00edvel, ela ser\u00e1 aplicada na extens\u00e3o m\u00e1xima permitida, e a legalidade e exequibilidade das outras disposi\u00e7\u00f5es deste Contrato n\u00e3o ser\u00e3o afetadas.<\/li>\n<\/ul>\n<h3>Total acordo<\/h3>\n<ul>\n<li>Este Contrato \u00e9 o acordo completo e exclusivo entre as partes com rela\u00e7\u00e3o ao assunto aqui tratado, substituindo quaisquer acordos e comunica\u00e7\u00f5es anteriores (escritos e verbais) sobre tal assunto.<\/li>\n<\/ul>\n<h3>Altera\u00e7\u00f5es<\/h3>\n<ul>\n<li>O Provedor pode alterar este Contrato a qualquer momento por (a) publicar uma vers\u00e3o revisada acess\u00edvel por meio de seus sites e\/ou (b) enviar informa\u00e7\u00f5es sobre a altera\u00e7\u00e3o do endere\u00e7o de e-mail de registro do Usu\u00e1rio com o Usu\u00e1rio.<\/li>\n<li>Considera-se que o Usu\u00e1rio aceitou tais altera\u00e7\u00f5es continuando a usar o Software do Site ap\u00f3s tais altera\u00e7\u00f5es terem sido publicadas ou enviadas ao Usu\u00e1rio. Se o Usu\u00e1rio n\u00e3o concordar com qualquer uma dessas altera\u00e7\u00f5es, o Usu\u00e1rio poder\u00e1 rescindir este Contrato e interromper imediatamente a utiliza\u00e7\u00e3o do Software do Site e concordar que tal rescis\u00e3o ser\u00e1 o recurso exclusivo do Usu\u00e1rio em tal caso.<\/li>\n<\/ul>\n<h3>Sem Terceiros Benefici\u00e1rios<\/h3>\n<ul>\n<li>Este Contrato destina-se ao benef\u00edcio \u00fanico e exclusivo das partes e n\u00e3o se destina a beneficiar terceiros. Somente as partes deste Contrato podem aplic\u00e1-lo.<\/li>\n<\/ul>\n<h3>Rem\u00e9dios<\/h3>\n<ul>\n<li>Os direitos e recursos do Provedor neste Contrato, por lei ou equidade, s\u00e3o cumulativos e n\u00e3o se destinam a ser exclusivos um do outro.<\/li>\n<\/ul>\n<h3>T\u00edtulos<\/h3>\n<ul>\n<li>Os t\u00edtulos deste Contrato s\u00e3o apenas para conveni\u00eancia de refer\u00eancia e n\u00e3o t\u00eam efeito legal.<\/li>\n<\/ul>\n<p>\u00daltima atualiza\u00e7\u00e3o em 17 de dezembro de 2021<\/p>\n\t\t\t\t\t\t<\/div>\n\t\t\t\t<\/div>\n\t\t\t\t\t<\/div>\n\t\t<\/div>\n\t\t\t\t\t<\/div>\n\t\t<\/section>\n\t\t\t\t\t<\/div>\n\t\t<\/div>\n\t\t\t\t\t<\/div>\n\t\t<\/section>\n\t\t\t\t<section class=\"elementor-section elementor-top-section elementor-element elementor-element-a07b6ab elementor-section-boxed elementor-section-height-default elementor-section-height-default parallax_section_no qode_elementor_container_no\" data-id=\"a07b6ab\" data-element_type=\"section\">\n\t\t\t\t\t\t<div class=\"elementor-container elementor-column-gap-default\">\n\t\t\t\t\t<div class=\"elementor-column elementor-col-100 elementor-top-column elementor-element elementor-element-ff82646\" data-id=\"ff82646\" data-element_type=\"column\">\n\t\t\t<div class=\"elementor-widget-wrap\">\n\t\t\t\t\t\t\t<\/div>\n\t\t<\/div>\n\t\t\t\t\t<\/div>\n\t\t<\/section>\n\t\t\t\t<\/div>\n\t\t","protected":false},"excerpt":{"rendered":"<p>Termos e Condi\u00e7\u00f5es Memorial do Amor refere-se ao site memorial para seu ente querido que \u00e9 criado pelo usu\u00e1rio atrav\u00e9s do uso do software do provedor Amado a pessoa ou animal de estima\u00e7\u00e3o para o qual o Usu\u00e1rio est\u00e1 criando um Memorial de Amor Do&#8230;<\/p>\n","protected":false},"author":6,"featured_media":0,"parent":0,"menu_order":0,"comment_status":"closed","ping_status":"closed","template":"","meta":{"footnotes":""},"class_list":["post-9408","page","type-page","status-publish","hentry"],"_links":{"self":[{"href":"https:\/\/www.lovingmemorials.com\/pt-br\/wp-json\/wp\/v2\/pages\/9408","targetHints":{"allow":["GET"]}}],"collection":[{"href":"https:\/\/www.lovingmemorials.com\/pt-br\/wp-json\/wp\/v2\/pages"}],"about":[{"href":"https:\/\/www.lovingmemorials.com\/pt-br\/wp-json\/wp\/v2\/types\/page"}],"author":[{"embeddable":true,"href":"https:\/\/www.lovingmemorials.com\/pt-br\/wp-json\/wp\/v2\/users\/6"}],"replies":[{"embeddable":true,"href":"https:\/\/www.lovingmemorials.com\/pt-br\/wp-json\/wp\/v2\/comments?post=9408"}],"version-history":[{"count":3,"href":"https:\/\/www.lovingmemorials.com\/pt-br\/wp-json\/wp\/v2\/pages\/9408\/revisions"}],"predecessor-version":[{"id":18555,"href":"https:\/\/www.lovingmemorials.com\/pt-br\/wp-json\/wp\/v2\/pages\/9408\/revisions\/18555"}],"wp:attachment":[{"href":"https:\/\/www.lovingmemorials.com\/pt-br\/wp-json\/wp\/v2\/media?parent=9408"}],"curies":[{"name":"wp","href":"https:\/\/api.w.org\/{rel}","templated":true}]}}