{"id":9414,"date":"2022-01-11T21:11:28","date_gmt":"2022-01-11T21:11:28","guid":{"rendered":"https:\/\/www.lovingmemorials.com\/guia\/narrativa\/"},"modified":"2022-02-26T02:50:06","modified_gmt":"2022-02-26T02:50:06","slug":"storytelling-apresentacao-de-slides","status":"publish","type":"page","link":"https:\/\/www.lovingmemorials.com\/pt-br\/guia\/storytelling-apresentacao-de-slides\/","title":{"rendered":"Apresenta\u00e7\u00e3o de slides de hist\u00f3rias"},"content":{"rendered":"\t\t<div data-elementor-type=\"wp-page\" data-elementor-id=\"9414\" class=\"elementor elementor-9414\" data-elementor-post-type=\"page\">\n\t\t\t\t\t\t<section class=\"elementor-section elementor-top-section elementor-element elementor-element-0182c20 elementor-section-content-middle elementor-section-boxed elementor-section-height-default elementor-section-height-default parallax_section_no qode_elementor_container_no\" data-id=\"0182c20\" data-element_type=\"section\">\n\t\t\t\t\t\t<div class=\"elementor-container elementor-column-gap-no\">\n\t\t\t\t\t<div class=\"elementor-column elementor-col-100 elementor-top-column elementor-element elementor-element-f85ac67\" data-id=\"f85ac67\" data-element_type=\"column\">\n\t\t\t<div class=\"elementor-widget-wrap elementor-element-populated\">\n\t\t\t\t\t\t<div class=\"elementor-element elementor-element-a3ba493 guide-breardcrumb elementor-widget elementor-widget-text-editor\" data-id=\"a3ba493\" data-element_type=\"widget\" data-widget_type=\"text-editor.default\">\n\t\t\t\t<div class=\"elementor-widget-container\">\n\t\t\t\t\t\t\t<p><a href=\"https:\/\/www.lovingmemorials.com\/pt-br\/\">Casa<\/a>&gt;&gt; <a href=\"https:\/\/www.lovingmemorials.com\/pt-br\/guia\/\">Guia para sites memoriais<\/a> &gt;&gt;<\/p>\t\t\t\t\t\t<\/div>\n\t\t\t\t<\/div>\n\t\t\t\t<div class=\"elementor-element elementor-element-fff4700 page-header elementor-widget elementor-widget-heading\" data-id=\"fff4700\" data-element_type=\"widget\" data-widget_type=\"heading.default\">\n\t\t\t\t<div class=\"elementor-widget-container\">\n\t\t\t<h1 class=\"elementor-heading-title elementor-size-default\">Conta\u00e7\u00e3o de hist\u00f3rias em uma apresenta\u00e7\u00e3o de slides do Memorial<\/h1>\t\t<\/div>\n\t\t\t\t<\/div>\n\t\t\t\t<section class=\"elementor-section elementor-inner-section elementor-element elementor-element-5c8432b elementor-section-content-middle container-shadow elementor-section-boxed elementor-section-height-default elementor-section-height-default parallax_section_no qode_elementor_container_no\" data-id=\"5c8432b\" data-element_type=\"section\" data-settings=\"{&quot;background_background&quot;:&quot;classic&quot;}\">\n\t\t\t\t\t\t<div class=\"elementor-container elementor-column-gap-no\">\n\t\t\t\t\t<div class=\"elementor-column elementor-col-100 elementor-inner-column elementor-element elementor-element-6155df8\" data-id=\"6155df8\" data-element_type=\"column\">\n\t\t\t<div class=\"elementor-widget-wrap elementor-element-populated\">\n\t\t\t\t\t\t<div class=\"elementor-element elementor-element-cf3f708 elementor-widget elementor-widget-text-editor\" data-id=\"cf3f708\" data-element_type=\"widget\" data-widget_type=\"text-editor.default\">\n\t\t\t\t<div class=\"elementor-widget-container\">\n\t\t\t\t\t\t\t<p>Para que um site memorial capture a preciosidade de um ente querido, sua hist\u00f3ria deve ser trazida \u00e0 vida por meio de fotos, v\u00eddeos e palavras. \u00c9 contada atrav\u00e9s de fotos e v\u00eddeos, mas as palavras por tr\u00e1s dessas mem\u00f3rias d\u00e3o vida \u00e0 hist\u00f3ria de seu ente querido para que possa ser compreendida e apreciada por outras pessoas.<\/p><h3>A p\u00e1gina &#8216;Vida&#8217;: uma apresenta\u00e7\u00e3o de slides de mem\u00f3rias<\/h3><p>Cada Loving Memorial vem com uma p\u00e1gina de &#8216;Vida&#8217; \u2013 veja um exemplo de <a href=\"https:\/\/www.lovingmemorials.com\/m\/antonio-gomes\/112925\/\">p\u00e1gina de vida<\/a> .<\/p><p>A p\u00e1gina Vida \u00e9 uma apresenta\u00e7\u00e3o de slides das mem\u00f3rias importantes que representam a vida de seu ente querido. Cada slide \u00e9 uma mem\u00f3ria. As mem\u00f3rias podem ser apresentadas em ordem cronol\u00f3gica ou na ordem que voc\u00ea desejar.<\/p><p>M\u00fasicas e m\u00fasicas podem ser adicionadas \u00e0 apresenta\u00e7\u00e3o de slides.<\/p><h3>Mem\u00f3rias fazem uma vida<\/h3><p>A p\u00e1gina Vida consiste em fotos e v\u00eddeos memor\u00e1veis que os visitantes podem ver. T\u00edtulos e legendas s\u00e3o adicionados para contar a hist\u00f3ria por tr\u00e1s da mem\u00f3ria.<\/p><p>Aqui est\u00e1 um exemplo de uma mem\u00f3ria sendo adicionada na se\u00e7\u00e3o de administra\u00e7\u00e3o do Loving Memorial. <\/p><p><a href=\"https:\/\/www.lovingmemorials.com\/wp-content\/uploads\/2021\/12\/calm-e1640975705186.png\"><img decoding=\"async\" class=\"alignright wp-image-7680 size-full\" src=\"https:\/\/www.lovingmemorials.com\/wp-content\/uploads\/2021\/12\/calm-e1640975705186.png\" alt=\"\" width=\"100%\" height=\"674\"><\/a><\/p><p>Clicar em &#8216;Salvar&#8217; publica automaticamente a mem\u00f3ria na se\u00e7\u00e3o de vida e atualiza a apresenta\u00e7\u00e3o de slides.<\/p><p><a href=\"https:\/\/www.lovingmemorials.com\/wp-content\/uploads\/2022\/01\/Loving-Memorials-Antonio-Gomes-Loving-Memorial-Calm-e1642451952228.png\"><img fetchpriority=\"high\" decoding=\"async\" class=\"alignnone wp-image-9715 size-full\" src=\"https:\/\/www.lovingmemorials.com\/wp-content\/uploads\/2022\/01\/Loving-Memorials-Antonio-Gomes-Loving-Memorial-Calm-e1642451952228.png\" alt=\"\" width=\"1024\" height=\"693\"><\/a><\/p><h3>Mem\u00f3rias contam uma hist\u00f3ria<\/h3><p>O t\u00edtulo e a legenda que voc\u00ea adiciona \u00e0 sua foto s\u00e3o opcionais e podem ter o tamanho que voc\u00ea desejar. Voc\u00ea pode apenas adicionar t\u00edtulos ou legendas.<\/p><p>O t\u00edtulo e a legenda que voc\u00ea adiciona tamb\u00e9m podem contar uma hist\u00f3ria.<\/p><p><a href=\"https:\/\/www.lovingmemorials.com\/wp-content\/uploads\/2022\/01\/Loving-Memorials-Antonio-Gomes-Loving-Memorial-Story-e1642450695713.png\"><img decoding=\"async\" class=\"alignnone wp-image-9680 size-full\" src=\"https:\/\/www.lovingmemorials.com\/wp-content\/uploads\/2022\/01\/Loving-Memorials-Antonio-Gomes-Loving-Memorial-Story-e1642450695713.png\" alt=\"\" width=\"1024\" height=\"693\"><\/a><\/p><p>As mem\u00f3rias e hist\u00f3rias que voc\u00ea compartilha de sua amada tornam-se sua hist\u00f3ria de vida.<\/p><h3>Apresenta\u00e7\u00e3o de slides do Memorial on-line versus um criador de apresenta\u00e7\u00f5es de slides<\/h3><p>Um criador de apresenta\u00e7\u00f5es de slides, como um software de desktop ou um aplicativo gratuito, \u00e9 um software que permite criar um arquivo ou documento de apresenta\u00e7\u00e3o de slides que voc\u00ea pode enviar para amigos e familiares. Uma apresenta\u00e7\u00e3o de slides online, como a da se\u00e7\u00e3o Vida de um Loving Memorial, tem v\u00e1rias vantagens sobre uma apresenta\u00e7\u00e3o de slides que cont\u00e9m um arquivo ou documento.<\/p><p>Uma apresenta\u00e7\u00e3o de slides online facilita o envio de fotos e v\u00eddeos para familiares e amigos. Eles podem enviar essa m\u00eddia on-line, diretamente para o memorial, em vez de compartilh\u00e1-la com voc\u00ea por e-mail, texto, m\u00eddia social ou servi\u00e7os de compartilhamento de arquivos.<\/p><p>Uma apresenta\u00e7\u00e3o de slides online pode ser reeditada sem ter que ser reenviada a cada vez. Os visitantes podem continuar contribuindo para a apresenta\u00e7\u00e3o de slides online para que ela evolua ao longo do tempo.<\/p><p>Um link para um memorial online \u00e9 mais f\u00e1cil para voc\u00ea e outras pessoas compartilharem. Isso evita que voc\u00ea precise encontrar e enviar um arquivo sempre que o memorial for compartilhado.<\/p><p>Uma apresenta\u00e7\u00e3o de slides online, como um Loving Memorial, \u00e9 mantida segura com backups em vez de ser mantida em um dispositivo que pode ser danificado ou perdido.<\/p>\t\t\t\t\t\t<\/div>\n\t\t\t\t<\/div>\n\t\t\t\t\t<\/div>\n\t\t<\/div>\n\t\t\t\t\t<\/div>\n\t\t<\/section>\n\t\t\t\t\t<\/div>\n\t\t<\/div>\n\t\t\t\t\t<\/div>\n\t\t<\/section>\n\t\t\t\t<\/div>\n\t\t","protected":false},"excerpt":{"rendered":"<p>Casa&gt;&gt; Guia para sites memoriais &gt;&gt; Conta\u00e7\u00e3o de hist\u00f3rias em uma apresenta\u00e7\u00e3o de slides do Memorial Para que um site memorial capture a preciosidade de um ente querido, sua hist\u00f3ria deve ser trazida \u00e0 vida por meio de fotos, v\u00eddeos e palavras. \u00c9 contada atrav\u00e9s&#8230;<\/p>\n","protected":false},"author":6,"featured_media":0,"parent":9344,"menu_order":0,"comment_status":"closed","ping_status":"closed","template":"","meta":{"footnotes":""},"class_list":["post-9414","page","type-page","status-publish","hentry"],"_links":{"self":[{"href":"https:\/\/www.lovingmemorials.com\/pt-br\/wp-json\/wp\/v2\/pages\/9414","targetHints":{"allow":["GET"]}}],"collection":[{"href":"https:\/\/www.lovingmemorials.com\/pt-br\/wp-json\/wp\/v2\/pages"}],"about":[{"href":"https:\/\/www.lovingmemorials.com\/pt-br\/wp-json\/wp\/v2\/types\/page"}],"author":[{"embeddable":true,"href":"https:\/\/www.lovingmemorials.com\/pt-br\/wp-json\/wp\/v2\/users\/6"}],"replies":[{"embeddable":true,"href":"https:\/\/www.lovingmemorials.com\/pt-br\/wp-json\/wp\/v2\/comments?post=9414"}],"version-history":[{"count":5,"href":"https:\/\/www.lovingmemorials.com\/pt-br\/wp-json\/wp\/v2\/pages\/9414\/revisions"}],"predecessor-version":[{"id":17408,"href":"https:\/\/www.lovingmemorials.com\/pt-br\/wp-json\/wp\/v2\/pages\/9414\/revisions\/17408"}],"up":[{"embeddable":true,"href":"https:\/\/www.lovingmemorials.com\/pt-br\/wp-json\/wp\/v2\/pages\/9344"}],"wp:attachment":[{"href":"https:\/\/www.lovingmemorials.com\/pt-br\/wp-json\/wp\/v2\/media?parent=9414"}],"curies":[{"name":"wp","href":"https:\/\/api.w.org\/{rel}","templated":true}]}}