{"id":9416,"date":"2022-01-11T21:12:20","date_gmt":"2022-01-11T21:12:20","guid":{"rendered":"https:\/\/www.lovingmemorials.com\/guia\/memorial-on-line\/"},"modified":"2022-02-16T20:29:47","modified_gmt":"2022-02-16T20:29:47","slug":"memorial-on-line","status":"publish","type":"page","link":"https:\/\/www.lovingmemorials.com\/pt-br\/guia\/memorial-on-line\/","title":{"rendered":"O que \u00e9 um memorial online?"},"content":{"rendered":"\t\t<div data-elementor-type=\"wp-page\" data-elementor-id=\"9416\" class=\"elementor elementor-9416\" data-elementor-post-type=\"page\">\n\t\t\t\t\t\t<section class=\"elementor-section elementor-top-section elementor-element elementor-element-0182c20 elementor-section-content-middle elementor-section-boxed elementor-section-height-default elementor-section-height-default parallax_section_no qode_elementor_container_no\" data-id=\"0182c20\" data-element_type=\"section\">\n\t\t\t\t\t\t<div class=\"elementor-container elementor-column-gap-no\">\n\t\t\t\t\t<div class=\"elementor-column elementor-col-100 elementor-top-column elementor-element elementor-element-f85ac67\" data-id=\"f85ac67\" data-element_type=\"column\">\n\t\t\t<div class=\"elementor-widget-wrap elementor-element-populated\">\n\t\t\t\t\t\t<div class=\"elementor-element elementor-element-a3ba493 guide-breardcrumb elementor-widget elementor-widget-text-editor\" data-id=\"a3ba493\" data-element_type=\"widget\" data-widget_type=\"text-editor.default\">\n\t\t\t\t<div class=\"elementor-widget-container\">\n\t\t\t\t\t\t\t<p><a href=\"https:\/\/www.lovingmemorials.com\/pt-br\/\">Casa<\/a>&gt;&gt; <a href=\"https:\/\/www.lovingmemorials.com\/pt-br\/guia\/\">Guia para sites memoriais<\/a> &gt;&gt;<\/p>\n\t\t\t\t\t\t<\/div>\n\t\t\t\t<\/div>\n\t\t\t\t<div class=\"elementor-element elementor-element-fff4700 page-header elementor-widget elementor-widget-heading\" data-id=\"fff4700\" data-element_type=\"widget\" data-widget_type=\"heading.default\">\n\t\t\t\t<div class=\"elementor-widget-container\">\n\t\t\t<h1 class=\"elementor-heading-title elementor-size-default\">O que \u00e9 um memorial online?\n<\/h1>\t\t<\/div>\n\t\t\t\t<\/div>\n\t\t\t\t<section class=\"elementor-section elementor-inner-section elementor-element elementor-element-5c8432b elementor-section-content-middle container-shadow elementor-section-boxed elementor-section-height-default elementor-section-height-default parallax_section_no qode_elementor_container_no\" data-id=\"5c8432b\" data-element_type=\"section\" data-settings=\"{&quot;background_background&quot;:&quot;classic&quot;}\">\n\t\t\t\t\t\t<div class=\"elementor-container elementor-column-gap-no\">\n\t\t\t\t\t<div class=\"elementor-column elementor-col-100 elementor-inner-column elementor-element elementor-element-6155df8\" data-id=\"6155df8\" data-element_type=\"column\">\n\t\t\t<div class=\"elementor-widget-wrap elementor-element-populated\">\n\t\t\t\t\t\t<div class=\"elementor-element elementor-element-cf3f708 elementor-widget elementor-widget-text-editor\" data-id=\"cf3f708\" data-element_type=\"widget\" data-widget_type=\"text-editor.default\">\n\t\t\t\t<div class=\"elementor-widget-container\">\n\t\t\t\t\t\t\t<p>Um memorial online \u00e9 um lugar online onde os vivos lembram e celebram a vida de uma pessoa falecida ou animal de estima\u00e7\u00e3o para que n\u00e3o sejam esquecidos.<\/p>\n<p>Um lugar on-line significa que pode ser um site memorial dedicado, uma \u00fanica p\u00e1gina ou p\u00e1ginas de m\u00eddia social, <a href=\"https:\/\/www.facebook.com\/help\/275013292838654\">como uma conta do Facebook memorializada<\/a> . Os sites memoriais s\u00e3o \u00e0s vezes chamados de memoriais virtuais ou memoriais digitais.<\/p>\n<p>O objetivo de um site memorial \u00e9 permitir que aqueles que conheceram o falecido se lembrem, sofram, curem, compartilhem e celebrem sua vida.<\/p>\n<p>O aspecto comunit\u00e1rio de um site memorial \u00e9 muito importante, sendo a conex\u00e3o um elemento-chave. Um memorial online deve permitir que os visitantes assinem um livro de visitas e acendam uma vela ou coloquem flores. Fam\u00edlia e amigos tamb\u00e9m podem adicionar fotos e v\u00eddeos para contribuir com o memorial.<\/p>\n<p>O site memorial \u00e9 mantido por entes queridos do falecido. Os entes queridos que mant\u00eam o memorial s\u00e3o geralmente a fam\u00edlia imediata, mas podem ser familiares, amigos, colegas de trabalho e colegas.<\/p>\n<p>Como o memorial \u00e9 online, tem a vantagem de ser facilmente comunit\u00e1rio e ser visitado de qualquer lugar. O aspecto online de um memorial tamb\u00e9m permite que o memorial seja ativo e vis\u00edvel para as gera\u00e7\u00f5es futuras.<\/p>\n\t\t\t\t\t\t<\/div>\n\t\t\t\t<\/div>\n\t\t\t\t\t<\/div>\n\t\t<\/div>\n\t\t\t\t\t<\/div>\n\t\t<\/section>\n\t\t\t\t\t<\/div>\n\t\t<\/div>\n\t\t\t\t\t<\/div>\n\t\t<\/section>\n\t\t\t\t<\/div>\n\t\t","protected":false},"excerpt":{"rendered":"<p>Casa&gt;&gt; Guia para sites memoriais &gt;&gt; O que \u00e9 um memorial online? Um memorial online \u00e9 um lugar online onde os vivos lembram e celebram a vida de uma pessoa falecida ou animal de estima\u00e7\u00e3o para que n\u00e3o sejam esquecidos. Um lugar on-line significa que&#8230;<\/p>\n","protected":false},"author":6,"featured_media":0,"parent":9344,"menu_order":0,"comment_status":"closed","ping_status":"closed","template":"","meta":{"footnotes":""},"class_list":["post-9416","page","type-page","status-publish","hentry"],"_links":{"self":[{"href":"https:\/\/www.lovingmemorials.com\/pt-br\/wp-json\/wp\/v2\/pages\/9416","targetHints":{"allow":["GET"]}}],"collection":[{"href":"https:\/\/www.lovingmemorials.com\/pt-br\/wp-json\/wp\/v2\/pages"}],"about":[{"href":"https:\/\/www.lovingmemorials.com\/pt-br\/wp-json\/wp\/v2\/types\/page"}],"author":[{"embeddable":true,"href":"https:\/\/www.lovingmemorials.com\/pt-br\/wp-json\/wp\/v2\/users\/6"}],"replies":[{"embeddable":true,"href":"https:\/\/www.lovingmemorials.com\/pt-br\/wp-json\/wp\/v2\/comments?post=9416"}],"version-history":[{"count":2,"href":"https:\/\/www.lovingmemorials.com\/pt-br\/wp-json\/wp\/v2\/pages\/9416\/revisions"}],"predecessor-version":[{"id":15829,"href":"https:\/\/www.lovingmemorials.com\/pt-br\/wp-json\/wp\/v2\/pages\/9416\/revisions\/15829"}],"up":[{"embeddable":true,"href":"https:\/\/www.lovingmemorials.com\/pt-br\/wp-json\/wp\/v2\/pages\/9344"}],"wp:attachment":[{"href":"https:\/\/www.lovingmemorials.com\/pt-br\/wp-json\/wp\/v2\/media?parent=9416"}],"curies":[{"name":"wp","href":"https:\/\/api.w.org\/{rel}","templated":true}]}}