{"id":9418,"date":"2022-01-11T21:13:07","date_gmt":"2022-01-11T21:13:07","guid":{"rendered":"https:\/\/www.lovingmemorials.com\/guia\/diferenca-obituario-memorial\/"},"modified":"2022-02-16T20:29:47","modified_gmt":"2022-02-16T20:29:47","slug":"diferenca-obituario-memorial","status":"publish","type":"page","link":"https:\/\/www.lovingmemorials.com\/pt-br\/guia\/diferenca-obituario-memorial\/","title":{"rendered":"A diferen\u00e7a entre um obitu\u00e1rio online e um memorial online"},"content":{"rendered":"\t\t<div data-elementor-type=\"wp-page\" data-elementor-id=\"9418\" class=\"elementor elementor-9418\" data-elementor-post-type=\"page\">\n\t\t\t\t\t\t<section class=\"elementor-section elementor-top-section elementor-element elementor-element-0182c20 elementor-section-content-middle elementor-section-boxed elementor-section-height-default elementor-section-height-default parallax_section_no qode_elementor_container_no\" data-id=\"0182c20\" data-element_type=\"section\">\n\t\t\t\t\t\t<div class=\"elementor-container elementor-column-gap-no\">\n\t\t\t\t\t<div class=\"elementor-column elementor-col-100 elementor-top-column elementor-element elementor-element-f85ac67\" data-id=\"f85ac67\" data-element_type=\"column\">\n\t\t\t<div class=\"elementor-widget-wrap elementor-element-populated\">\n\t\t\t\t\t\t<div class=\"elementor-element elementor-element-a3ba493 guide-breardcrumb elementor-widget elementor-widget-text-editor\" data-id=\"a3ba493\" data-element_type=\"widget\" data-widget_type=\"text-editor.default\">\n\t\t\t\t<div class=\"elementor-widget-container\">\n\t\t\t\t\t\t\t<p><a href=\"https:\/\/www.lovingmemorials.com\/pt-br\/\">Casa<\/a>&gt;&gt; <a href=\"https:\/\/www.lovingmemorials.com\/pt-br\/guia\/\">Guia para sites memoriais<\/a> &gt;&gt;<\/p>\n\t\t\t\t\t\t<\/div>\n\t\t\t\t<\/div>\n\t\t\t\t<div class=\"elementor-element elementor-element-fff4700 page-header elementor-widget elementor-widget-heading\" data-id=\"fff4700\" data-element_type=\"widget\" data-widget_type=\"heading.default\">\n\t\t\t\t<div class=\"elementor-widget-container\">\n\t\t\t<h1 class=\"elementor-heading-title elementor-size-default\">A diferen\u00e7a entre um obitu\u00e1rio online e um memorial\n<\/h1>\t\t<\/div>\n\t\t\t\t<\/div>\n\t\t\t\t<section class=\"elementor-section elementor-inner-section elementor-element elementor-element-5c8432b elementor-section-content-middle container-shadow elementor-section-boxed elementor-section-height-default elementor-section-height-default parallax_section_no qode_elementor_container_no\" data-id=\"5c8432b\" data-element_type=\"section\" data-settings=\"{&quot;background_background&quot;:&quot;classic&quot;}\">\n\t\t\t\t\t\t<div class=\"elementor-container elementor-column-gap-no\">\n\t\t\t\t\t<div class=\"elementor-column elementor-col-100 elementor-inner-column elementor-element elementor-element-6155df8\" data-id=\"6155df8\" data-element_type=\"column\">\n\t\t\t<div class=\"elementor-widget-wrap elementor-element-populated\">\n\t\t\t\t\t\t<div class=\"elementor-element elementor-element-cf3f708 elementor-widget elementor-widget-text-editor\" data-id=\"cf3f708\" data-element_type=\"widget\" data-widget_type=\"text-editor.default\">\n\t\t\t\t<div class=\"elementor-widget-container\">\n\t\t\t\t\t\t\t<p>Um obitu\u00e1rio <span style=\"font-weight: 400;\">anuncia o falecimento de uma pessoa, um memorial online comemora a vida.<\/span><\/p>\n<h3>Obitu\u00e1rios online<\/h3>\n<p>Um obitu\u00e1rio online \u00e9 normalmente publicado no site de uma funer\u00e1ria ou em um jornal. Ajuda a anunciar o falecimento do falecido e fornece detalhes dos servi\u00e7os realizados, como visitas, cultos na igreja e detalhes do enterro.<\/p>\n<p>Um obitu\u00e1rio online tem uma vis\u00e3o geral da vida do falecido e uma lista de familiares e parentes. Pode incluir a causa da morte, fotos, v\u00eddeos e transmiss\u00f5es ao vivo de servi\u00e7os realizados.<\/p>\n<p>Muitas vezes as pessoas podem deixar condol\u00eancias ou mensagens em um livro de visitas, bem como uma forma de enviar flores para os cultos.<\/p>\n<p>Os obitu\u00e1rios online s\u00e3o sempre p\u00fablicos e podem ser vistos no site de uma funer\u00e1ria ou em um jornal.<\/p>\n<p>O per\u00edodo de tempo que um obitu\u00e1rio online permanece ativo depende da funer\u00e1ria ou do jornal.<\/p>\n<h3>Memoriais on-line<\/h3>\n<p>Um site ou p\u00e1gina memorial online \u00e9 orientado para lembrar, celebrar e honrar a vida do falecido.<\/p>\n<p>Inclui fotos, v\u00eddeos e mem\u00f3rias. <\/p>\n<p>Pode incluir detalhes sobre a fam\u00edlia, hobbies, interesses e associa\u00e7\u00f5es do falecido, juntamente com detalhes de nascimento.<\/p>\n<p>A fam\u00edlia ou amigo que criar o memorial ir\u00e1 compartilh\u00e1-lo com outras pessoas e deix\u00e1-los adicionar a ele. Os memoriais online geralmente cont\u00eam um livro de visitas onde os visitantes podem compartilhar pensamentos, mem\u00f3rias, fotos e v\u00eddeos.<\/p>\n<p>Um site memorial on-line geralmente permite que voc\u00ea decida se deseja que seja privado ou que qualquer pessoa o veja.<\/p>\n<p>A melhor raz\u00e3o para ter um memorial online \u00e9 garantir que a pessoa que faleceu seja sempre lembrada.<\/p>\n\t\t\t\t\t\t<\/div>\n\t\t\t\t<\/div>\n\t\t\t\t\t<\/div>\n\t\t<\/div>\n\t\t\t\t\t<\/div>\n\t\t<\/section>\n\t\t\t\t\t<\/div>\n\t\t<\/div>\n\t\t\t\t\t<\/div>\n\t\t<\/section>\n\t\t\t\t<\/div>\n\t\t","protected":false},"excerpt":{"rendered":"<p>Casa&gt;&gt; Guia para sites memoriais &gt;&gt; A diferen\u00e7a entre um obitu\u00e1rio online e um memorial Um obitu\u00e1rio anuncia o falecimento de uma pessoa, um memorial online comemora a vida. Obitu\u00e1rios online Um obitu\u00e1rio online \u00e9 normalmente publicado no site de uma funer\u00e1ria ou em um&#8230;<\/p>\n","protected":false},"author":6,"featured_media":0,"parent":9344,"menu_order":0,"comment_status":"closed","ping_status":"closed","template":"","meta":{"footnotes":""},"class_list":["post-9418","page","type-page","status-publish","hentry"],"_links":{"self":[{"href":"https:\/\/www.lovingmemorials.com\/pt-br\/wp-json\/wp\/v2\/pages\/9418","targetHints":{"allow":["GET"]}}],"collection":[{"href":"https:\/\/www.lovingmemorials.com\/pt-br\/wp-json\/wp\/v2\/pages"}],"about":[{"href":"https:\/\/www.lovingmemorials.com\/pt-br\/wp-json\/wp\/v2\/types\/page"}],"author":[{"embeddable":true,"href":"https:\/\/www.lovingmemorials.com\/pt-br\/wp-json\/wp\/v2\/users\/6"}],"replies":[{"embeddable":true,"href":"https:\/\/www.lovingmemorials.com\/pt-br\/wp-json\/wp\/v2\/comments?post=9418"}],"version-history":[{"count":3,"href":"https:\/\/www.lovingmemorials.com\/pt-br\/wp-json\/wp\/v2\/pages\/9418\/revisions"}],"predecessor-version":[{"id":15816,"href":"https:\/\/www.lovingmemorials.com\/pt-br\/wp-json\/wp\/v2\/pages\/9418\/revisions\/15816"}],"up":[{"embeddable":true,"href":"https:\/\/www.lovingmemorials.com\/pt-br\/wp-json\/wp\/v2\/pages\/9344"}],"wp:attachment":[{"href":"https:\/\/www.lovingmemorials.com\/pt-br\/wp-json\/wp\/v2\/media?parent=9418"}],"curies":[{"name":"wp","href":"https:\/\/api.w.org\/{rel}","templated":true}]}}