{"id":14024,"date":"2022-02-16T03:49:35","date_gmt":"2022-02-16T03:49:35","guid":{"rendered":"https:\/\/www.lovingmemorials.com\/perguntas-frequentes\/"},"modified":"2022-02-26T00:51:02","modified_gmt":"2022-02-26T00:51:02","slug":"perguntas-frequentes","status":"publish","type":"page","link":"https:\/\/www.lovingmemorials.com\/pt-pt\/perguntas-frequentes\/","title":{"rendered":"PERGUNTAS FREQUENTES"},"content":{"rendered":"\t\t<div data-elementor-type=\"wp-page\" data-elementor-id=\"14024\" class=\"elementor elementor-14024\" data-elementor-post-type=\"page\">\n\t\t\t\t\t\t<section class=\"elementor-section elementor-top-section elementor-element elementor-element-1e1a11db elementor-section-content-middle elementor-section-boxed elementor-section-height-default elementor-section-height-default parallax_section_no qode_elementor_container_no\" data-id=\"1e1a11db\" data-element_type=\"section\">\n\t\t\t\t\t\t<div class=\"elementor-container elementor-column-gap-no\">\n\t\t\t\t\t<div class=\"elementor-column elementor-col-100 elementor-top-column elementor-element elementor-element-2b02ad84\" data-id=\"2b02ad84\" data-element_type=\"column\">\n\t\t\t<div class=\"elementor-widget-wrap elementor-element-populated\">\n\t\t\t\t\t\t<div class=\"elementor-element elementor-element-b20584c page-header elementor-widget elementor-widget-heading\" data-id=\"b20584c\" data-element_type=\"widget\" data-widget_type=\"heading.default\">\n\t\t\t\t<div class=\"elementor-widget-container\">\n\t\t\t<h1 class=\"elementor-heading-title elementor-size-default\">Perguntas frequentes<\/h1>\t\t<\/div>\n\t\t\t\t<\/div>\n\t\t\t\t<section class=\"elementor-section elementor-inner-section elementor-element elementor-element-34548840 elementor-section-content-middle container-shadow elementor-section-boxed elementor-section-height-default elementor-section-height-default parallax_section_no qode_elementor_container_no\" data-id=\"34548840\" data-element_type=\"section\" data-settings=\"{&quot;background_background&quot;:&quot;classic&quot;}\">\n\t\t\t\t\t\t<div class=\"elementor-container elementor-column-gap-no\">\n\t\t\t\t\t<div class=\"elementor-column elementor-col-100 elementor-inner-column elementor-element elementor-element-c361e2a\" data-id=\"c361e2a\" data-element_type=\"column\">\n\t\t\t<div class=\"elementor-widget-wrap elementor-element-populated\">\n\t\t\t\t\t\t<div class=\"elementor-element elementor-element-5b308156 elementor-widget elementor-widget-text-editor\" data-id=\"5b308156\" data-element_type=\"widget\" data-widget_type=\"text-editor.default\">\n\t\t\t\t<div class=\"elementor-widget-container\">\n\t\t\t\t\t\t\t<h3>O que \u00e9 um Memorial amoroso?<\/h3><p><span style=\"font-weight: 400;\">Um Memorial amoroso \u00e9 um memorial online para comemorar a vida do seu ente querido.  <\/span><\/p><p><span style=\"font-weight: 400;\">O nosso servi\u00e7o permite-lhe <a href=\"https:\/\/www.lovingmemorials.com\/pt-pt\/guia\/construtor-modelo\/\">adicionar imagens, v\u00eddeos, palavras e m\u00fasica <\/a>para partilhar mem\u00f3rias e contar a hist\u00f3ria do seu ente querido. Voc\u00ea partilha o memorial com a fam\u00edlia e amigos, e eles podem contribuir para o memorial adicionando pensamentos, hist\u00f3rias, fotos e v\u00eddeos.<br><\/span><\/p><p>Um Memorial Amoroso \u00e9 sofisticado na sua simplicidade. \u00c9 f\u00e1cil de usar e permite-lhe construir uma experi\u00eancia visual elegante.<\/p><h3><strong>Por que criar<\/strong> um<strong> Memorial amoroso?<\/strong><\/h3><p>A pessoa que amavas era preciosa e a sua vida tocou-te profundamente, \u00e0 fam\u00edlia, aos amigos e \u00e0s pessoas que conheciam.<\/p><p>Um Memorial amoroso permite que aqueles que os conheciam se lembrem e sintam amor, sorriam, rissem, encontrassem conforto e come\u00e7assem a sarar.<\/p><p>D\u00e1 \u00e0 fam\u00edlia e amigos a oportunidade de aprender mais sobre as suas vidas, de partilhar mem\u00f3rias e de contar hist\u00f3rias, para que o seu ente querido n\u00e3o seja esquecido.<\/p><p>Partilha a beleza da sua vida com aqueles que os conheciam, e oferece a oportunidade para as gera\u00e7\u00f5es futuras as conhecerem.<\/p><p>Ao criar um Memorial amoroso, e atrav\u00e9s do ato de lembran\u00e7a, tamb\u00e9m podemos experimentar <a href=\"https:\/\/www.lovingmemorials.com\/pt-pt\/sobre\/#remembrance\">o amor e a proximidade<\/a>.<\/p><h3><strong>Como posso criar um Amor<\/strong> O memorial?<\/h3><p><span style=\"font-weight: 400;\">Depois de olhar para o <a href=\"https:\/\/www.lovingmemorials.com\/m\/antonio-gomes\/112925\/\">exemplo<\/a>, pode rever <a href=\"https:\/\/www.lovingmemorials.com\/pt-pt\/recursos-planos\/\">as nossas funcionalidades<\/a>, escolher um plano e depois <a href=\"https:\/\/www.lovingmemorials.com\/create-memorial\/\">inscrever-se<\/a>.<\/span><\/p><h3><strong>Qual \u00e9 o<\/strong> <strong> Plano Permanente?<\/strong><\/h3><p>O Plano Permanente significa que s\u00f3 precisa de fazer um <em>\u00fanico<\/em> pagamento para <em>ter sempre<\/em> o seu Memorial amoroso connosco.<\/p><p>Voc\u00ea sempre poder\u00e1 ver, editar, partilhar e convidar os visitantes a ver o seu memorial sem taxas ou custos adicionais.<\/p><h3><strong>\u00c9 f\u00e1cil criar um Amor<\/strong> O memorial?<\/h3>\t\t\t\t\t\t<\/div>\n\t\t\t\t<\/div>\n\t\t\t\t<div class=\"elementor-element elementor-element-b860668 elementor-widget__width-initial elementor-widget-tablet__width-inherit elementor-widget-mobile__width-inherit elementor-widget elementor-widget-text-editor\" data-id=\"b860668\" data-element_type=\"widget\" data-widget_type=\"text-editor.default\">\n\t\t\t\t<div class=\"elementor-widget-container\">\n\t\t\t\t\t\t\t<p style=\"background-color: #ffffff;\">O nosso modelo facilita a cria\u00e7\u00e3o de um memorial.<\/p><p style=\"background-color: #ffffff;\">Por exemplo, para adicionar uma mem\u00f3ria, adicione uma imagem e as suas palavras e, em seguida, clique em &#8216;Guardar&#8217;.<\/p>\t\t\t\t\t\t<\/div>\n\t\t\t\t<\/div>\n\t\t\t\t<div class=\"elementor-element elementor-element-f41e78d elementor-widget__width-initial elementor-widget-tablet__width-inherit elementor-widget-mobile__width-inherit elementor-widget elementor-widget-image\" data-id=\"f41e78d\" data-element_type=\"widget\" data-widget_type=\"image.default\">\n\t\t\t\t<div class=\"elementor-widget-container\">\n\t\t\t\t\t\t\t\t\t\t<figure class=\"wp-caption\">\n\t\t\t\t\t\t\t\t\t\t\t<a href=\"https:\/\/www.lovingmemorials.com\/wp-content\/uploads\/2021\/11\/dad-mom.png\" data-elementor-open-lightbox=\"yes\" data-elementor-lightbox-title=\"pai-m\u00e3e\" data-e-action-hash=\"#elementor-action%3Aaction%3Dlightbox%26settings%3DeyJpZCI6MjU4NiwidXJsIjoiaHR0cHM6XC9cL3d3dy5sb3ZpbmdtZW1vcmlhbHMuY29tXC93cC1jb250ZW50XC91cGxvYWRzXC8yMDIxXC8xMVwvZGFkLW1vbS5wbmcifQ%3D%3D\">\n\t\t\t\t\t\t\t<img fetchpriority=\"high\" decoding=\"async\" width=\"991\" height=\"762\" src=\"https:\/\/www.lovingmemorials.com\/wp-content\/uploads\/2021\/11\/dad-mom.png\" class=\"attachment-full size-full wp-image-2586\" alt=\"\" srcset=\"https:\/\/www.lovingmemorials.com\/wp-content\/uploads\/2021\/11\/dad-mom.png 991w, https:\/\/www.lovingmemorials.com\/wp-content\/uploads\/2021\/11\/dad-mom-300x231.png 300w, https:\/\/www.lovingmemorials.com\/wp-content\/uploads\/2021\/11\/dad-mom-768x591.png 768w, https:\/\/www.lovingmemorials.com\/wp-content\/uploads\/2021\/11\/dad-mom-700x538.png 700w\" sizes=\"(max-width: 991px) 100vw, 991px\" \/>\t\t\t\t\t\t\t\t<\/a>\n\t\t\t\t\t\t\t\t\t\t\t<figcaption class=\"widget-image-caption wp-caption-text\"><\/figcaption>\n\t\t\t\t\t\t\t\t\t\t<\/figure>\n\t\t\t\t\t\t\t<\/div>\n\t\t\t\t<\/div>\n\t\t\t\t<div class=\"elementor-element elementor-element-9a30300 elementor-widget elementor-widget-text-editor\" data-id=\"9a30300\" data-element_type=\"widget\" data-widget_type=\"text-editor.default\">\n\t\t\t\t<div class=\"elementor-widget-container\">\n\t\t\t\t\t\t\t<h3 style=\"background-color: #ffffff;\"><strong>Como ser\u00e1 o meu site memorial<\/strong><strong>?<\/strong><\/h3><p>Escolha uma das <a href=\"https:\/\/www.lovingmemorials.com\/pt-pt\/guia\/construtor-modelo\/#templates\">nossas mais de 200 imagens de fundo<\/a> que servir\u00e1 de modelo. Em seguida, personalize cada p\u00e1gina com as suas fotos, sentimentos e v\u00eddeos para criar um tributo \u00fanico ao seu ente querido.<\/p><p>Abaixo est\u00e3o apenas alguns exemplos de imagens de fundo. Se n\u00e3o tivermos o tipo de imagem que procura, contacte-nos e faremos o nosso melhor para acomod\u00e1-lo.<\/p>\t\t\t\t\t\t<\/div>\n\t\t\t\t<\/div>\n\t\t\t\t<div class=\"elementor-element elementor-element-236c673 elementor-widget elementor-widget-bridge_advanced_image_gallery\" data-id=\"236c673\" data-element_type=\"widget\" data-widget_type=\"bridge_advanced_image_gallery.default\">\n\t\t\t\t<div class=\"elementor-widget-container\">\n\t\t\t<div class=\"qode-advanced-image-gallery  qode-aig-grid-type qode-small-space qode-has-shadow qode-image-behavior-lightbox \">\n\t<div class=\"qode-aig-inner qode-outer-space qode-aig-grid qode-aig-three-columns\">\n\t\t\t\t\t<div class=\"qode-aig-image qode-item-space\">\n\t\t\t\t<div class=\"qode-aig-image-inner\">\n\t\t\t\t\t\t\t\t\t\t\t<a itemprop=\"image\" class=\"qode-aig-lightbox\" href=\"https:\/\/www.lovingmemorials.com\/wp-content\/uploads\/2021\/12\/ocean-sunset-scaled-e1639276389987.jpg\" data-rel=\"prettyPhoto[image_gallery_pretty_photo-464]\" title=\"C\u00e9u, fundo, e,\u00e1gua, reflex\u00e3o., elemento, de design.\">\n\t\t\t\t\t\t\t\t\t\t\t<img decoding=\"async\" width=\"2560\" height=\"1714\" src=\"https:\/\/www.lovingmemorials.com\/wp-content\/uploads\/2021\/12\/ocean-sunset-scaled-e1639276389987.jpg\" class=\"attachment-full size-full\" alt=\"\" \/>\t\t\t\t\t\t<span class=\"aig-gallery-hover\">\n\t\t\t\t\t\t\t\t\t\t\t\t\t\t\t<span class=\"icon-arrows-plus\"><\/span> \n\t\t\t\t\t\t\t\t\t\t\t\t\t<\/span>\n\t\t\t\t\t\t\t\t\t\t\t<\/a>\n\t\t\t\t\t\t\t\t\t<\/div>\n\t\t\t<\/div>\n\t\t\t\t\t<div class=\"qode-aig-image qode-item-space\">\n\t\t\t\t<div class=\"qode-aig-image-inner\">\n\t\t\t\t\t\t\t\t\t\t\t<a itemprop=\"image\" class=\"qode-aig-lightbox\" href=\"https:\/\/www.lovingmemorials.com\/wp-content\/uploads\/2021\/12\/sunny-trees.jpg-scaled-e1639414524577.jpg\" data-rel=\"prettyPhoto[image_gallery_pretty_photo-464]\" title=\"jardim verde\">\n\t\t\t\t\t\t\t\t\t\t\t<img decoding=\"async\" width=\"2560\" height=\"1219\" src=\"https:\/\/www.lovingmemorials.com\/wp-content\/uploads\/2021\/12\/sunny-trees.jpg-scaled-e1639414524577.jpg\" class=\"attachment-full size-full\" alt=\"\" \/>\t\t\t\t\t\t<span class=\"aig-gallery-hover\">\n\t\t\t\t\t\t\t\t\t\t\t\t\t\t\t<span class=\"icon-arrows-plus\"><\/span> \n\t\t\t\t\t\t\t\t\t\t\t\t\t<\/span>\n\t\t\t\t\t\t\t\t\t\t\t<\/a>\n\t\t\t\t\t\t\t\t\t<\/div>\n\t\t\t<\/div>\n\t\t\t\t\t<div class=\"qode-aig-image qode-item-space\">\n\t\t\t\t<div class=\"qode-aig-image-inner\">\n\t\t\t\t\t\t\t\t\t\t\t<a itemprop=\"image\" class=\"qode-aig-lightbox\" href=\"https:\/\/www.lovingmemorials.com\/wp-content\/uploads\/2021\/12\/mountain-wildflowers.jpg-scaled-e1639423263610.jpg\" data-rel=\"prettyPhoto[image_gallery_pretty_photo-464]\" title=\"Wildflowers, Monte Rainier, Washington st\">\n\t\t\t\t\t\t\t\t\t\t\t<img loading=\"lazy\" decoding=\"async\" width=\"2560\" height=\"1441\" src=\"https:\/\/www.lovingmemorials.com\/wp-content\/uploads\/2021\/12\/mountain-wildflowers.jpg-scaled-e1639423263610.jpg\" class=\"attachment-full size-full\" alt=\"\" \/>\t\t\t\t\t\t<span class=\"aig-gallery-hover\">\n\t\t\t\t\t\t\t\t\t\t\t\t\t\t\t<span class=\"icon-arrows-plus\"><\/span> \n\t\t\t\t\t\t\t\t\t\t\t\t\t<\/span>\n\t\t\t\t\t\t\t\t\t\t\t<\/a>\n\t\t\t\t\t\t\t\t\t<\/div>\n\t\t\t<\/div>\n\t\t\t\t\t<div class=\"qode-aig-image qode-item-space\">\n\t\t\t\t<div class=\"qode-aig-image-inner\">\n\t\t\t\t\t\t\t\t\t\t\t<a itemprop=\"image\" class=\"qode-aig-lightbox\" href=\"https:\/\/www.lovingmemorials.com\/wp-content\/uploads\/2021\/12\/blue-sky.jpg-scaled-e1640378236798.jpg\" data-rel=\"prettyPhoto[image_gallery_pretty_photo-464]\" title=\"Fundo de c\u00e9u azul e nuvens brancas\">\n\t\t\t\t\t\t\t\t\t\t\t<img loading=\"lazy\" decoding=\"async\" width=\"2560\" height=\"1707\" src=\"https:\/\/www.lovingmemorials.com\/wp-content\/uploads\/2021\/12\/blue-sky.jpg-scaled-e1640378236798.jpg\" class=\"attachment-full size-full\" alt=\"\" \/>\t\t\t\t\t\t<span class=\"aig-gallery-hover\">\n\t\t\t\t\t\t\t\t\t\t\t\t\t\t\t<span class=\"icon-arrows-plus\"><\/span> \n\t\t\t\t\t\t\t\t\t\t\t\t\t<\/span>\n\t\t\t\t\t\t\t\t\t\t\t<\/a>\n\t\t\t\t\t\t\t\t\t<\/div>\n\t\t\t<\/div>\n\t\t\t\t\t<div class=\"qode-aig-image qode-item-space\">\n\t\t\t\t<div class=\"qode-aig-image-inner\">\n\t\t\t\t\t\t\t\t\t\t\t<a itemprop=\"image\" class=\"qode-aig-lightbox\" href=\"https:\/\/www.lovingmemorials.com\/wp-content\/uploads\/2021\/12\/cross-on-mount.jpg-scaled-e1639415097815.jpg\" data-rel=\"prettyPhoto[image_gallery_pretty_photo-464]\" title=\"cruz\">\n\t\t\t\t\t\t\t\t\t\t\t<img loading=\"lazy\" decoding=\"async\" width=\"2560\" height=\"1138\" src=\"https:\/\/www.lovingmemorials.com\/wp-content\/uploads\/2021\/12\/cross-on-mount.jpg-scaled-e1639415097815.jpg\" class=\"attachment-full size-full\" alt=\"\" \/>\t\t\t\t\t\t<span class=\"aig-gallery-hover\">\n\t\t\t\t\t\t\t\t\t\t\t\t\t\t\t<span class=\"icon-arrows-plus\"><\/span> \n\t\t\t\t\t\t\t\t\t\t\t\t\t<\/span>\n\t\t\t\t\t\t\t\t\t\t\t<\/a>\n\t\t\t\t\t\t\t\t\t<\/div>\n\t\t\t<\/div>\n\t\t\t\t\t<div class=\"qode-aig-image qode-item-space\">\n\t\t\t\t<div class=\"qode-aig-image-inner\">\n\t\t\t\t\t\t\t\t\t\t\t<a itemprop=\"image\" class=\"qode-aig-lightbox\" href=\"https:\/\/www.lovingmemorials.com\/wp-content\/uploads\/2021\/12\/saluting-soldier.jpg-scaled-e1639276862202.jpg\" data-rel=\"prettyPhoto[image_gallery_pretty_photo-464]\" title=\"Double,Exposure,Of,Saluting,Soldier,On,Usa,Grunge,Flag.,Vintage,\">\n\t\t\t\t\t\t\t\t\t\t\t<img loading=\"lazy\" decoding=\"async\" width=\"2560\" height=\"1536\" src=\"https:\/\/www.lovingmemorials.com\/wp-content\/uploads\/2021\/12\/saluting-soldier.jpg-scaled-e1639276862202.jpg\" class=\"attachment-full size-full\" alt=\"\" \/>\t\t\t\t\t\t<span class=\"aig-gallery-hover\">\n\t\t\t\t\t\t\t\t\t\t\t\t\t\t\t<span class=\"icon-arrows-plus\"><\/span> \n\t\t\t\t\t\t\t\t\t\t\t\t\t<\/span>\n\t\t\t\t\t\t\t\t\t\t\t<\/a>\n\t\t\t\t\t\t\t\t\t<\/div>\n\t\t\t<\/div>\n\t\t\t\t\t<div class=\"qode-aig-image qode-item-space\">\n\t\t\t\t<div class=\"qode-aig-image-inner\">\n\t\t\t\t\t\t\t\t\t\t\t<a itemprop=\"image\" class=\"qode-aig-lightbox\" href=\"https:\/\/www.lovingmemorials.com\/wp-content\/uploads\/2021\/12\/flowerboard-purple.jpg-scaled-e1640296960142.jpg\" data-rel=\"prettyPhoto[image_gallery_pretty_photo-464]\" title=\"Beautiful,Spring,Flowers,On,Paper,Background\">\n\t\t\t\t\t\t\t\t\t\t\t<img loading=\"lazy\" decoding=\"async\" width=\"2560\" height=\"1237\" src=\"https:\/\/www.lovingmemorials.com\/wp-content\/uploads\/2021\/12\/flowerboard-purple.jpg-scaled-e1640296960142.jpg\" class=\"attachment-full size-full\" alt=\"\" \/>\t\t\t\t\t\t<span class=\"aig-gallery-hover\">\n\t\t\t\t\t\t\t\t\t\t\t\t\t\t\t<span class=\"icon-arrows-plus\"><\/span> \n\t\t\t\t\t\t\t\t\t\t\t\t\t<\/span>\n\t\t\t\t\t\t\t\t\t\t\t<\/a>\n\t\t\t\t\t\t\t\t\t<\/div>\n\t\t\t<\/div>\n\t\t\t\t\t<div class=\"qode-aig-image qode-item-space\">\n\t\t\t\t<div class=\"qode-aig-image-inner\">\n\t\t\t\t\t\t\t\t\t\t\t<a itemprop=\"image\" class=\"qode-aig-lightbox\" href=\"https:\/\/www.lovingmemorials.com\/wp-content\/uploads\/2021\/12\/balcony-ocean-view-scaled-e1639414909778.jpg\" data-rel=\"prettyPhoto[image_gallery_pretty_photo-464]\" title=\"varanda-vista para o oceano\">\n\t\t\t\t\t\t\t\t\t\t\t<img loading=\"lazy\" decoding=\"async\" width=\"2560\" height=\"1810\" src=\"https:\/\/www.lovingmemorials.com\/wp-content\/uploads\/2021\/12\/balcony-ocean-view-scaled-e1639414909778.jpg\" class=\"attachment-full size-full\" alt=\"\" \/>\t\t\t\t\t\t<span class=\"aig-gallery-hover\">\n\t\t\t\t\t\t\t\t\t\t\t\t\t\t\t<span class=\"icon-arrows-plus\"><\/span> \n\t\t\t\t\t\t\t\t\t\t\t\t\t<\/span>\n\t\t\t\t\t\t\t\t\t\t\t<\/a>\n\t\t\t\t\t\t\t\t\t<\/div>\n\t\t\t<\/div>\n\t\t\t\t\t<div class=\"qode-aig-image qode-item-space\">\n\t\t\t\t<div class=\"qode-aig-image-inner\">\n\t\t\t\t\t\t\t\t\t\t\t<a itemprop=\"image\" class=\"qode-aig-lightbox\" href=\"https:\/\/www.lovingmemorials.com\/wp-content\/uploads\/2021\/12\/luxury-pink-marble.jpg-scaled-e1639415200212.jpg\" data-rel=\"prettyPhoto[image_gallery_pretty_photo-464]\" title=\"Luxo,Rosa,M\u00e1rmore,Textura,Fundo,Design,Para,Banner,,Convite,Papel de parede,\">\n\t\t\t\t\t\t\t\t\t\t\t<img loading=\"lazy\" decoding=\"async\" width=\"2560\" height=\"1920\" src=\"https:\/\/www.lovingmemorials.com\/wp-content\/uploads\/2021\/12\/luxury-pink-marble.jpg-scaled-e1639415200212.jpg\" class=\"attachment-full size-full\" alt=\"\" \/>\t\t\t\t\t\t<span class=\"aig-gallery-hover\">\n\t\t\t\t\t\t\t\t\t\t\t\t\t\t\t<span class=\"icon-arrows-plus\"><\/span> \n\t\t\t\t\t\t\t\t\t\t\t\t\t<\/span>\n\t\t\t\t\t\t\t\t\t\t\t<\/a>\n\t\t\t\t\t\t\t\t\t<\/div>\n\t\t\t<\/div>\n\t\t\t<\/div>\n<\/div>\t\t<\/div>\n\t\t\t\t<\/div>\n\t\t\t\t<div class=\"elementor-element elementor-element-4aaab5f elementor-widget elementor-widget-text-editor\" data-id=\"4aaab5f\" data-element_type=\"widget\" data-widget_type=\"text-editor.default\">\n\t\t\t\t<div class=\"elementor-widget-container\">\n\t\t\t\t\t\t\t<h3><strong>A minha fam\u00edlia e amigos podem<\/strong> contribuir<strong> para o Memorial do Amor?<\/strong><\/h3><p>Sim. Podem enviar fotos e v\u00eddeos para o memorial. Tamb\u00e9m podem adicionar pensamentos, mem\u00f3rias e hist\u00f3rias ao livro de visitas. Voc\u00ea controla (e pode editar) que conte\u00fado aparece.<\/p><h3><strong>Posso ver um exemplo de um Amor<\/strong> Site<strong> memorial?<\/strong><\/h3><p>O <a href=\"https:\/\/www.lovingmemorials.com\/m\/antonio-gomes\/112925\/\">Memorial amoroso de Antonio Gomes<\/a> \u00e9 um exemplo de um site do Loving Memorial.  <\/p><h3><strong>Em que l\u00ednguas<\/strong> posso criar um site do Loving<strong> Memorial?<\/strong><\/h3><p>Pode criar, editar e ver um Memorial amoroso nas seguintes l\u00ednguas:<\/p><p><a href=\"https:\/\/www.lovingmemorials.com\/pt-pt\/\">Ingl\u00eas<\/a>, <a href=\"https:\/\/www.lovingmemorials.com\/fi\/\">Finland\u00eas<\/a>, <a href=\"https:\/\/www.lovingmemorials.com\/fr\/\">Franc\u00eas<\/a>, <a href=\"https:\/\/www.lovingmemorials.com\/de\/\">Alem\u00e3o<\/a>, <a href=\"https:\/\/www.lovingmemorials.com\/id\/\">Indon\u00e9sio<\/a>, <a href=\"https:\/\/www.lovingmemorials.com\/it\/\">Italiano<\/a>, <a href=\"https:\/\/www.lovingmemorials.com\/ms\/\">Malaio<\/a>, <a href=\"https:\/\/www.lovingmemorials.com\/pl\/\">Polaco<\/a>, <a href=\"https:\/\/www.lovingmemorials.com\/pt-br\/\">Portugu\u00eas (Brasil)<\/a>, <a href=\"https:\/\/www.lovingmemorials.com\/pt-pt\/\">Portugu\u00eas (Portugal)<\/a>, <a href=\"https:\/\/www.lovingmemorials.com\/es\/\">Espanhol<\/a>, <a href=\"https:\/\/www.lovingmemorials.com\/sv\/\">Sueco<\/a>, <a href=\"https:\/\/www.lovingmemorials.com\/tr\/\">Turco<\/a>, <a href=\"https:\/\/www.lovingmemorials.com\/vi\/\">Vietnamita<\/a>.<\/p><h3><strong>Ainda tenho<\/strong> perguntas<strong> , como posso contact\u00e1-lo?<\/strong><\/h3><p>A melhor maneira de nos contactar \u00e9 enviando-nos uma mensagem atrav\u00e9s de &#8216;<a href=\"https:\/\/www.lovingmemorials.com\/pt-pt\/contato\/\">Contacte-nos<\/a>&#8216;, ou se j\u00e1 criou um Memorial amoroso, atrav\u00e9s do formul\u00e1rio &#8216;Ajuda&#8217; dentro da sua conta.<\/p><p>Orgulhamo-nos de tempos de resposta r\u00e1pidos. Respondemos a todas as perguntas assim que pudermos, muitas vezes em menos de uma hora.<\/p><p>A maioria dos problemas s\u00e3o melhor explicados atrav\u00e9s de e-mail. Se preferir, n\u00f3s o ligaremos.<\/p>\t\t\t\t\t\t<\/div>\n\t\t\t\t<\/div>\n\t\t\t\t\t<\/div>\n\t\t<\/div>\n\t\t\t\t\t<\/div>\n\t\t<\/section>\n\t\t\t\t\t<\/div>\n\t\t<\/div>\n\t\t\t\t\t<\/div>\n\t\t<\/section>\n\t\t\t\t<\/div>\n\t\t","protected":false},"excerpt":{"rendered":"<p>Perguntas frequentes O que \u00e9 um Memorial amoroso? Um Memorial amoroso \u00e9 um memorial online para comemorar a vida do seu ente querido. O nosso servi\u00e7o permite-lhe adicionar imagens, v\u00eddeos, palavras e m\u00fasica para partilhar mem\u00f3rias e contar a hist\u00f3ria do seu ente querido. Voc\u00ea&#8230;<\/p>\n","protected":false},"author":1,"featured_media":0,"parent":0,"menu_order":0,"comment_status":"closed","ping_status":"closed","template":"","meta":{"footnotes":""},"class_list":["post-14024","page","type-page","status-publish","hentry"],"_links":{"self":[{"href":"https:\/\/www.lovingmemorials.com\/pt-pt\/wp-json\/wp\/v2\/pages\/14024","targetHints":{"allow":["GET"]}}],"collection":[{"href":"https:\/\/www.lovingmemorials.com\/pt-pt\/wp-json\/wp\/v2\/pages"}],"about":[{"href":"https:\/\/www.lovingmemorials.com\/pt-pt\/wp-json\/wp\/v2\/types\/page"}],"author":[{"embeddable":true,"href":"https:\/\/www.lovingmemorials.com\/pt-pt\/wp-json\/wp\/v2\/users\/1"}],"replies":[{"embeddable":true,"href":"https:\/\/www.lovingmemorials.com\/pt-pt\/wp-json\/wp\/v2\/comments?post=14024"}],"version-history":[{"count":7,"href":"https:\/\/www.lovingmemorials.com\/pt-pt\/wp-json\/wp\/v2\/pages\/14024\/revisions"}],"predecessor-version":[{"id":18480,"href":"https:\/\/www.lovingmemorials.com\/pt-pt\/wp-json\/wp\/v2\/pages\/14024\/revisions\/18480"}],"wp:attachment":[{"href":"https:\/\/www.lovingmemorials.com\/pt-pt\/wp-json\/wp\/v2\/media?parent=14024"}],"curies":[{"name":"wp","href":"https:\/\/api.w.org\/{rel}","templated":true}]}}