{"id":15381,"date":"2022-02-16T17:40:27","date_gmt":"2022-02-16T17:40:27","guid":{"rendered":"https:\/\/www.lovingmemorials.com\/guia-para-memoriais-online\/"},"modified":"2022-02-19T01:41:29","modified_gmt":"2022-02-19T01:41:29","slug":"guia","status":"publish","type":"page","link":"https:\/\/www.lovingmemorials.com\/pt-pt\/guia\/","title":{"rendered":"Guia"},"content":{"rendered":"\t\t<div data-elementor-type=\"wp-page\" data-elementor-id=\"15381\" class=\"elementor elementor-15381\" data-elementor-post-type=\"page\">\n\t\t\t\t\t\t<section class=\"elementor-section elementor-top-section elementor-element elementor-element-0182c20 elementor-section-content-middle page-header elementor-section-boxed elementor-section-height-default elementor-section-height-default parallax_section_no qode_elementor_container_no\" data-id=\"0182c20\" data-element_type=\"section\">\n\t\t\t\t\t\t<div class=\"elementor-container elementor-column-gap-no\">\n\t\t\t\t\t<div class=\"elementor-column elementor-col-100 elementor-top-column elementor-element elementor-element-f85ac67\" data-id=\"f85ac67\" data-element_type=\"column\">\n\t\t\t<div class=\"elementor-widget-wrap elementor-element-populated\">\n\t\t\t\t\t\t<div class=\"elementor-element elementor-element-fff4700 elementor-widget elementor-widget-heading\" data-id=\"fff4700\" data-element_type=\"widget\" data-widget_type=\"heading.default\">\n\t\t\t\t<div class=\"elementor-widget-container\">\n\t\t\t<h1 class=\"elementor-heading-title elementor-size-default\">Um guia para sites memorial online<\/h1>\t\t<\/div>\n\t\t\t\t<\/div>\n\t\t\t\t<section class=\"elementor-section elementor-inner-section elementor-element elementor-element-5c8432b elementor-section-content-middle container-shadow elementor-section-boxed elementor-section-height-default elementor-section-height-default parallax_section_no qode_elementor_container_no\" data-id=\"5c8432b\" data-element_type=\"section\" data-settings=\"{&quot;background_background&quot;:&quot;classic&quot;}\">\n\t\t\t\t\t\t<div class=\"elementor-container elementor-column-gap-no\">\n\t\t\t\t\t<div class=\"elementor-column elementor-col-100 elementor-inner-column elementor-element elementor-element-6155df8\" data-id=\"6155df8\" data-element_type=\"column\">\n\t\t\t<div class=\"elementor-widget-wrap elementor-element-populated\">\n\t\t\t\t\t\t<div class=\"elementor-element elementor-element-a9e2b32 elementor-widget elementor-widget-text-editor\" data-id=\"a9e2b32\" data-element_type=\"widget\" data-widget_type=\"text-editor.default\">\n\t\t\t\t<div class=\"elementor-widget-container\">\n\t\t\t\t\t\t\t<p>Este guia de memoriais online ajuda-o a escolher o servi\u00e7o do site memorial que \u00e9 melhor para si. Analisamos funcionalidades-chave, considera\u00e7\u00f5es importantes e quest\u00f5es que poder\u00e1 ter sobre a cria\u00e7\u00e3o e manuten\u00e7\u00e3o de um memorial online.<\/p><h3>Como escolher o melhor servi\u00e7o de site memorial online<\/h3><p>Algumas considera\u00e7\u00f5es importantes na escolha de uma <a href=\"https:\/\/www.lovingmemorials.com\/pt-pt\/\">empresa de site memorial<\/a>:<\/p><ul><li><a href=\"https:\/\/www.lovingmemorials.com\/pt-pt\/guia\/construtor-modelo\/\">F\u00e1cil de usar<\/a><\/li><li aria-level=\"1\"><a href=\"https:\/\/www.lovingmemorials.com\/pt-pt\/guia\/construtor-modelo\/#templates\">Uma grande variedade de imagens de fundo como modelos<\/a><\/li><li aria-level=\"1\"><a href=\"https:\/\/www.lovingmemorials.com\/pt-pt\/guia\/storytelling-apresentacao-de-slides\/\">Narra\u00e7\u00e3o<\/a><\/li><li aria-level=\"1\"><a href=\"https:\/\/www.lovingmemorials.com\/pt-pt\/guia\/foco-amado\/\">Concentre-se no seu ente querido<\/a><\/li><li aria-level=\"1\">Custo, gr\u00e1tis versus pago<\/li><\/ul><p><!--<br \/>Other important considerations:<\/p>\n<ul>\n<li aria-level=\"1\">cost, free versus paid<\/li>\n<li aria-level=\"1\">how long your memorial will stay up?<\/li>\n<li aria-level=\"1\">customer service and support<\/li>\n<\/ul>\n<p>Every memorial website should have:<\/p>\n<ul>\n<li aria-level=\"1\">privacy control<\/li>\n<li aria-level=\"1\">upload features<\/li>\n<li aria-level=\"1\">backups<\/li>\n<\/ul>\n<p>--><br>Um servi\u00e7o de memorial online deve ter um foco completo no seu ente querido. Deve ter uma marca m\u00ednima de empresa, e n\u00e3o deve ter an\u00fancios, ou links para criar um memorial para outra pessoa.<\/p><p>Deve ser simples, elegante e f\u00e1cil de usar. Deve oferecer valor pelo seu pre\u00e7o e manter viva a mem\u00f3ria do seu ente querido o tempo que quiser.<\/p><p>No Loving Memorials, cri\u00e1mos um servi\u00e7o memorial online que oferece todas estas coisas. Veja o nosso <a href=\"https:\/\/www.lovingmemorials.com\/m\/antonio-gomes\/112925\/\">exemplo do Memorial amoroso<\/a>, aprenda mais ou <a href=\"https:\/\/www.lovingmemorials.com\/create-memorial\/\">crie hoje um Memorial amoroso<\/a> para que amigos e familiares possam guardar mem\u00f3rias e celebrar a vida do seu amado.<\/p><h3>Compreender e Criar um Site Memorial Online<\/h3><ul><li aria-level=\"1\"><a href=\"https:\/\/www.lovingmemorials.com\/pt-pt\/guia\/o-que-e-online-memorial\/\">O que \u00e9 um site ou p\u00e1gina memorial online?<\/a><\/li><li aria-level=\"1\"><a href=\"https:\/\/www.lovingmemorials.com\/pt-pt\/guia\/diferenca-entre-obituario-memorial\/\">Qual \u00e9 a diferen\u00e7a entre um memorial online e um obitu\u00e1rio online?<\/a><\/li><\/ul><p>Usaremos o <a href=\"https:\/\/www.lovingmemorials.com\/m\/antonio-gomes\/112925\/\">exemplo<\/a> do Memorial do Amor para ilustrar os pontos deste guia. Comunicaremos aspetos que achamos importantes para lhe dar a informa\u00e7\u00e3o necess\u00e1ria para tomar a melhor decis\u00e3o para a memorializa\u00e7\u00e3o da sua amada.<\/p>\t\t\t\t\t\t<\/div>\n\t\t\t\t<\/div>\n\t\t\t\t\t<\/div>\n\t\t<\/div>\n\t\t\t\t\t<\/div>\n\t\t<\/section>\n\t\t\t\t\t<\/div>\n\t\t<\/div>\n\t\t\t\t\t<\/div>\n\t\t<\/section>\n\t\t\t\t<\/div>\n\t\t","protected":false},"excerpt":{"rendered":"<p>Um guia para sites memorial online Este guia de memoriais online ajuda-o a escolher o servi\u00e7o do site memorial que \u00e9 melhor para si. Analisamos funcionalidades-chave, considera\u00e7\u00f5es importantes e quest\u00f5es que poder\u00e1 ter sobre a cria\u00e7\u00e3o e manuten\u00e7\u00e3o de um memorial online. Como escolher o&#8230;<\/p>\n","protected":false},"author":6,"featured_media":0,"parent":0,"menu_order":0,"comment_status":"closed","ping_status":"closed","template":"","meta":{"footnotes":""},"class_list":["post-15381","page","type-page","status-publish","hentry"],"_links":{"self":[{"href":"https:\/\/www.lovingmemorials.com\/pt-pt\/wp-json\/wp\/v2\/pages\/15381","targetHints":{"allow":["GET"]}}],"collection":[{"href":"https:\/\/www.lovingmemorials.com\/pt-pt\/wp-json\/wp\/v2\/pages"}],"about":[{"href":"https:\/\/www.lovingmemorials.com\/pt-pt\/wp-json\/wp\/v2\/types\/page"}],"author":[{"embeddable":true,"href":"https:\/\/www.lovingmemorials.com\/pt-pt\/wp-json\/wp\/v2\/users\/6"}],"replies":[{"embeddable":true,"href":"https:\/\/www.lovingmemorials.com\/pt-pt\/wp-json\/wp\/v2\/comments?post=15381"}],"version-history":[{"count":12,"href":"https:\/\/www.lovingmemorials.com\/pt-pt\/wp-json\/wp\/v2\/pages\/15381\/revisions"}],"predecessor-version":[{"id":18301,"href":"https:\/\/www.lovingmemorials.com\/pt-pt\/wp-json\/wp\/v2\/pages\/15381\/revisions\/18301"}],"wp:attachment":[{"href":"https:\/\/www.lovingmemorials.com\/pt-pt\/wp-json\/wp\/v2\/media?parent=15381"}],"curies":[{"name":"wp","href":"https:\/\/api.w.org\/{rel}","templated":true}]}}