{"id":15447,"date":"2022-02-16T17:45:09","date_gmt":"2022-02-16T17:45:09","guid":{"rendered":"https:\/\/www.lovingmemorials.com\/guia-para-memoriais-online\/narrador-em-um-slideshow-memorial\/"},"modified":"2022-02-26T02:50:07","modified_gmt":"2022-02-26T02:50:07","slug":"storytelling-apresentacao-de-slides","status":"publish","type":"page","link":"https:\/\/www.lovingmemorials.com\/pt-pt\/guia\/storytelling-apresentacao-de-slides\/","title":{"rendered":"Apresenta\u00e7\u00e3o de diapositivos de storytelling"},"content":{"rendered":"\t\t<div data-elementor-type=\"wp-page\" data-elementor-id=\"15447\" class=\"elementor elementor-15447\" data-elementor-post-type=\"page\">\n\t\t\t\t\t\t<section class=\"elementor-section elementor-top-section elementor-element elementor-element-0182c20 elementor-section-content-middle elementor-section-boxed elementor-section-height-default elementor-section-height-default parallax_section_no qode_elementor_container_no\" data-id=\"0182c20\" data-element_type=\"section\">\n\t\t\t\t\t\t<div class=\"elementor-container elementor-column-gap-no\">\n\t\t\t\t\t<div class=\"elementor-column elementor-col-100 elementor-top-column elementor-element elementor-element-f85ac67\" data-id=\"f85ac67\" data-element_type=\"column\">\n\t\t\t<div class=\"elementor-widget-wrap elementor-element-populated\">\n\t\t\t\t\t\t<div class=\"elementor-element elementor-element-a3ba493 guide-breardcrumb elementor-widget elementor-widget-text-editor\" data-id=\"a3ba493\" data-element_type=\"widget\" data-widget_type=\"text-editor.default\">\n\t\t\t\t<div class=\"elementor-widget-container\">\n\t\t\t\t\t\t\t<p><a href=\"https:\/\/www.lovingmemorials.com\/pt-pt\/\">Casa<\/a> &gt;&gt; <a href=\"https:\/\/www.lovingmemorials.com\/pt-pt\/guia\/\"> Guia para Sites Memorial<\/a> &gt;&gt;<\/p>\t\t\t\t\t\t<\/div>\n\t\t\t\t<\/div>\n\t\t\t\t<div class=\"elementor-element elementor-element-fff4700 page-header elementor-widget elementor-widget-heading\" data-id=\"fff4700\" data-element_type=\"widget\" data-widget_type=\"heading.default\">\n\t\t\t\t<div class=\"elementor-widget-container\">\n\t\t\t<h1 class=\"elementor-heading-title elementor-size-default\">Narrador em um Slideshow memorial<\/h1>\t\t<\/div>\n\t\t\t\t<\/div>\n\t\t\t\t<section class=\"elementor-section elementor-inner-section elementor-element elementor-element-5c8432b elementor-section-content-middle container-shadow elementor-section-boxed elementor-section-height-default elementor-section-height-default parallax_section_no qode_elementor_container_no\" data-id=\"5c8432b\" data-element_type=\"section\" data-settings=\"{&quot;background_background&quot;:&quot;classic&quot;}\">\n\t\t\t\t\t\t<div class=\"elementor-container elementor-column-gap-no\">\n\t\t\t\t\t<div class=\"elementor-column elementor-col-100 elementor-inner-column elementor-element elementor-element-6155df8\" data-id=\"6155df8\" data-element_type=\"column\">\n\t\t\t<div class=\"elementor-widget-wrap elementor-element-populated\">\n\t\t\t\t\t\t<div class=\"elementor-element elementor-element-cf3f708 elementor-widget elementor-widget-text-editor\" data-id=\"cf3f708\" data-element_type=\"widget\" data-widget_type=\"text-editor.default\">\n\t\t\t\t<div class=\"elementor-widget-container\">\n\t\t\t\t\t\t\t<p>Para que um site memorial capture a preciosidade de um ente querido, a sua hist\u00f3ria deve ser trazida \u00e0 vida atrav\u00e9s de imagens, v\u00eddeos e palavras. \u00c9 contada atrav\u00e9s de imagens e v\u00eddeos, mas as palavras por tr\u00e1s dessas mem\u00f3rias d\u00e3o vida \u00e0 hist\u00f3ria do seu ente querido para que possa ser compreendida e apreciada pelos outros.<\/p><h3>A p\u00e1gina &#8216;Life&#8217;: Uma apresenta\u00e7\u00e3o de diapositivos de mem\u00f3rias<\/h3><p>Cada Memorial amoroso vem com uma p\u00e1gina de &#8216;Vida&#8217; \u2014 veja um exemplo de uma <a href=\"https:\/\/www.lovingmemorials.com\/m\/antonio-gomes\/112925\/\">p\u00e1gina de vida<\/a>.<\/p><p>A p\u00e1gina Vida \u00e9 uma apresenta\u00e7\u00e3o de slides das mem\u00f3rias importantes que representam a vida do seu ente querido. Cada diapositivo \u00e9 uma mem\u00f3ria. As mem\u00f3rias podem ser apresentadas por ordem cronol\u00f3gica, ou por ordem que quiser.<\/p><p>M\u00fasica e can\u00e7\u00f5es podem ser adicionadas \u00e0 apresenta\u00e7\u00e3o de diapositivos.<\/p><h3>Mem\u00f3rias Fazem uma Vida<\/h3><p>A p\u00e1gina Vida consiste em imagens e v\u00eddeos memor\u00e1veis que os visitantes podem ver. T\u00edtulos e legendas s\u00e3o adicionados para contar a hist\u00f3ria por tr\u00e1s da mem\u00f3ria.<\/p><p>Aqui est\u00e1 um exemplo de uma mem\u00f3ria sendo adicionada na sec\u00e7\u00e3o de administra\u00e7\u00e3o do Memorial amoroso.  <\/p><p><a href=\"https:\/\/www.lovingmemorials.com\/wp-content\/uploads\/2021\/12\/calm-e1640975705186.png\"><img decoding=\"async\" class=\"alignright wp-image-7681 size-full\" src=\"https:\/\/www.lovingmemorials.com\/wp-content\/uploads\/2021\/12\/calm-e1640975705186.png\" alt=\"\" width=\"100%\" height=\"674\"><\/a><\/p><p>Clicar em &#8216;Guardar&#8217; publica automaticamente a mem\u00f3ria na sec\u00e7\u00e3o vida \u00fatil e atualiza a apresenta\u00e7\u00e3o de diapositivos.<\/p><p><a href=\"https:\/\/www.lovingmemorials.com\/wp-content\/uploads\/2022\/01\/Loving-Memorials-Antonio-Gomes-Loving-Memorial-Calm-e1642451952228.png\"><img fetchpriority=\"high\" decoding=\"async\" class=\"alignnone wp-image-9716 size-full\" src=\"https:\/\/www.lovingmemorials.com\/wp-content\/uploads\/2022\/01\/Loving-Memorials-Antonio-Gomes-Loving-Memorial-Calm-e1642451952228.png\" alt=\"\" width=\"1024\" height=\"693\"><\/a><\/p><h3>Mem\u00f3rias Contam uma Hist\u00f3ria<\/h3><p>O t\u00edtulo e legenda que adiciona \u00e0 sua foto \u00e9 opcional e podem ser o tempo que quiser. Pode apenas adicionar t\u00edtulos ou legendas.<\/p><p>O t\u00edtulo e a legenda que adiciona tamb\u00e9m podem contar uma hist\u00f3ria.<\/p><p><a href=\"https:\/\/www.lovingmemorials.com\/wp-content\/uploads\/2022\/01\/Loving-Memorials-Antonio-Gomes-Loving-Memorial-Story-e1642450695713.png\"><img decoding=\"async\" class=\"alignnone wp-image-9681 size-full\" src=\"https:\/\/www.lovingmemorials.com\/wp-content\/uploads\/2022\/01\/Loving-Memorials-Antonio-Gomes-Loving-Memorial-Story-e1642450695713.png\" alt=\"\" width=\"1024\" height=\"693\"><\/a><\/p><p>As mem\u00f3rias e hist\u00f3rias que partilhas da tua amada tornam-se a hist\u00f3ria da vida deles.<\/p><h3>Slideshow memorial on-line versus um slideshow maker<\/h3><p>Um fabricante de slideshow, como software de desktop ou uma aplica\u00e7\u00e3o gratuita, \u00e9 um software que lhe permite criar um ficheiro de apresenta\u00e7\u00e3o de diapositivos ou documento que pode enviar a amigos e familiares. Uma apresenta\u00e7\u00e3o de diapositivos online, como a da sec\u00e7\u00e3o Vida de um Memorial amoroso, tem v\u00e1rias vantagens sobre uma apresenta\u00e7\u00e3o de diapositivos que continha um ficheiro ou documento.<\/p><p>Um slideshow online facilita a entrega de fotos e v\u00eddeos \u00e0 fam\u00edlia e amigos. Podem submeter este meio de comunica\u00e7\u00e3o online, diretamente ao memorial, em vez de o partilharem consigo por e-mail, texto, redes sociais ou servi\u00e7os de partilha de ficheiros.<\/p><p>Uma apresenta\u00e7\u00e3o de diapositivos online pode ser reeditada sem ter de ser ressentida cada vez. Os visitantes podem continuar a contribuir para o slideshow online para que evolua ao longo do tempo.<\/p><p>Um link para um memorial online \u00e9 mais f\u00e1cil para si e para outros. Isto permite evitar ter de encontrar e enviar um ficheiro cada vez que o memorial \u00e9 partilhado.<\/p><p>Uma apresenta\u00e7\u00e3o de diapositivos online, como um Memorial amoroso, \u00e9 mantida segura com c\u00f3pias de seguran\u00e7a em vez de ser mantida num dispositivo que pode ficar danificado ou perdido.<\/p>\t\t\t\t\t\t<\/div>\n\t\t\t\t<\/div>\n\t\t\t\t\t<\/div>\n\t\t<\/div>\n\t\t\t\t\t<\/div>\n\t\t<\/section>\n\t\t\t\t\t<\/div>\n\t\t<\/div>\n\t\t\t\t\t<\/div>\n\t\t<\/section>\n\t\t\t\t<\/div>\n\t\t","protected":false},"excerpt":{"rendered":"<p>Casa &gt;&gt; Guia para Sites Memorial &gt;&gt; Narrador em um Slideshow memorial Para que um site memorial capture a preciosidade de um ente querido, a sua hist\u00f3ria deve ser trazida \u00e0 vida atrav\u00e9s de imagens, v\u00eddeos e palavras. \u00c9 contada atrav\u00e9s de imagens e v\u00eddeos,&#8230;<\/p>\n","protected":false},"author":6,"featured_media":0,"parent":15381,"menu_order":0,"comment_status":"closed","ping_status":"closed","template":"","meta":{"footnotes":""},"class_list":["post-15447","page","type-page","status-publish","hentry"],"_links":{"self":[{"href":"https:\/\/www.lovingmemorials.com\/pt-pt\/wp-json\/wp\/v2\/pages\/15447","targetHints":{"allow":["GET"]}}],"collection":[{"href":"https:\/\/www.lovingmemorials.com\/pt-pt\/wp-json\/wp\/v2\/pages"}],"about":[{"href":"https:\/\/www.lovingmemorials.com\/pt-pt\/wp-json\/wp\/v2\/types\/page"}],"author":[{"embeddable":true,"href":"https:\/\/www.lovingmemorials.com\/pt-pt\/wp-json\/wp\/v2\/users\/6"}],"replies":[{"embeddable":true,"href":"https:\/\/www.lovingmemorials.com\/pt-pt\/wp-json\/wp\/v2\/comments?post=15447"}],"version-history":[{"count":3,"href":"https:\/\/www.lovingmemorials.com\/pt-pt\/wp-json\/wp\/v2\/pages\/15447\/revisions"}],"predecessor-version":[{"id":17410,"href":"https:\/\/www.lovingmemorials.com\/pt-pt\/wp-json\/wp\/v2\/pages\/15447\/revisions\/17410"}],"up":[{"embeddable":true,"href":"https:\/\/www.lovingmemorials.com\/pt-pt\/wp-json\/wp\/v2\/pages\/15381"}],"wp:attachment":[{"href":"https:\/\/www.lovingmemorials.com\/pt-pt\/wp-json\/wp\/v2\/media?parent=15447"}],"curies":[{"name":"wp","href":"https:\/\/api.w.org\/{rel}","templated":true}]}}