{"id":15668,"date":"2022-02-16T18:38:46","date_gmt":"2022-02-16T18:38:46","guid":{"rendered":"https:\/\/www.lovingmemorials.com\/guia-para-memoriais-online\/um-memorial-online-focado-no-seu-ente-querido\/"},"modified":"2022-02-26T02:57:22","modified_gmt":"2022-02-26T02:57:22","slug":"foco-amado","status":"publish","type":"page","link":"https:\/\/www.lovingmemorials.com\/pt-pt\/guia\/foco-amado\/","title":{"rendered":"Foco no Amado"},"content":{"rendered":"\t\t<div data-elementor-type=\"wp-page\" data-elementor-id=\"15668\" class=\"elementor elementor-15668\" data-elementor-post-type=\"page\">\n\t\t\t\t\t\t<section class=\"elementor-section elementor-top-section elementor-element elementor-element-0182c20 elementor-section-content-middle elementor-section-boxed elementor-section-height-default elementor-section-height-default parallax_section_no qode_elementor_container_no\" data-id=\"0182c20\" data-element_type=\"section\">\n\t\t\t\t\t\t<div class=\"elementor-container elementor-column-gap-no\">\n\t\t\t\t\t<div class=\"elementor-column elementor-col-100 elementor-top-column elementor-element elementor-element-f85ac67\" data-id=\"f85ac67\" data-element_type=\"column\">\n\t\t\t<div class=\"elementor-widget-wrap elementor-element-populated\">\n\t\t\t\t\t\t<div class=\"elementor-element elementor-element-a3ba493 guide-breardcrumb elementor-widget elementor-widget-text-editor\" data-id=\"a3ba493\" data-element_type=\"widget\" data-widget_type=\"text-editor.default\">\n\t\t\t\t<div class=\"elementor-widget-container\">\n\t\t\t\t\t\t\t<p><a href=\"https:\/\/www.lovingmemorials.com\/pt-pt\/\">Casa<\/a> &gt;&gt; <a href=\"https:\/\/www.lovingmemorials.com\/pt-pt\/guia\/\">Guia para Sites Memorial<\/a> &gt;&gt;<\/p>\t\t\t\t\t\t<\/div>\n\t\t\t\t<\/div>\n\t\t\t\t<div class=\"elementor-element elementor-element-fff4700 page-header elementor-widget elementor-widget-heading\" data-id=\"fff4700\" data-element_type=\"widget\" data-widget_type=\"heading.default\">\n\t\t\t\t<div class=\"elementor-widget-container\">\n\t\t\t<h1 class=\"elementor-heading-title elementor-size-default\">Um memorial focado no seu ente querido<\/h1>\t\t<\/div>\n\t\t\t\t<\/div>\n\t\t\t\t<section class=\"elementor-section elementor-inner-section elementor-element elementor-element-5c8432b elementor-section-content-middle container-shadow elementor-section-boxed elementor-section-height-default elementor-section-height-default parallax_section_no qode_elementor_container_no\" data-id=\"5c8432b\" data-element_type=\"section\" data-settings=\"{&quot;background_background&quot;:&quot;classic&quot;}\">\n\t\t\t\t\t\t<div class=\"elementor-container elementor-column-gap-no\">\n\t\t\t\t\t<div class=\"elementor-column elementor-col-100 elementor-inner-column elementor-element elementor-element-6155df8\" data-id=\"6155df8\" data-element_type=\"column\">\n\t\t\t<div class=\"elementor-widget-wrap elementor-element-populated\">\n\t\t\t\t\t\t<div class=\"elementor-element elementor-element-a9e2b32 elementor-widget elementor-widget-text-editor\" data-id=\"a9e2b32\" data-element_type=\"widget\" data-widget_type=\"text-editor.default\">\n\t\t\t\t<div class=\"elementor-widget-container\">\n\t\t\t\t\t\t\t<p><span style=\"font-weight: 400;\">O her\u00f3i de um memorial online \u00e9 o seu ente querido e o memorial precisa de estar completamente focado neles. Um memorial come\u00e7a a perder este foco quando tem an\u00fancios e marca de empresa que \u00e9 muito proeminente.<\/span><\/p><h3><b>An\u00fancios e links para criar um memorial para outra pessoa<\/b><\/h3><p><span style=\"font-weight: 400;\">Os an\u00fancios s\u00e3o uma distra\u00e7\u00e3o visual para a hist\u00f3ria do seu ente querido. Criam confus\u00e3o e &#8220;ru\u00eddo&#8221; e isso atrapalha as coisas importantes que est\u00e1 a relacionar com a sua amada. Os an\u00fancios num memorial podem ser sob a forma de an\u00fancios de banners, an\u00fancios de texto ou links para criar um memorial para outra pessoa.  <\/span><\/p><h3><b>Marca da empresa que \u00e9 muito proeminente<\/b><\/h3><p>O servi\u00e7o do site memorial que fornece o seu memorial pode ter o seu logotipo da empresa exibido de forma demasiado proeminente. Links da empresa, como as contas das redes sociais da empresa, tamb\u00e9m podem aparecer no memorial do seu ente querido.<\/p><p>Um log\u00f3tipo da empresa e outras liga\u00e7\u00f5es da empresa n\u00e3o acrescentam nada ao memorial, e podem ser uma distra\u00e7\u00e3o visual para a hist\u00f3ria do seu ente querido, ao mesmo tempo que tira o seu apelo visual.<\/p><h3><b>Um memorial amoroso est\u00e1 focado no seu ente querido<\/b><\/h3><p>Um memorial que est\u00e1 completamente focado no seu amado sente-se tranquilo e sereno.<\/p><p>Abaixo est\u00e1 uma imagem do nosso <a href=\"https:\/\/www.lovingmemorials.com\/m\/antonio-gomes\/112925\/\">exemplo<\/a> do Memorial amoroso. Em um Memorial Amoroso, voc\u00ea n\u00e3o ver\u00e1 links para criar um memorial para outra pessoa, ou qualquer an\u00fancio, e nosso logotipo mal \u00e9 percet\u00edvel.<\/p><p><a href=\"https:\/\/www.lovingmemorials.com\/m\/antonio-gomes\/112925\/\" target=\"_blank\" rel=\"noopener\"><img fetchpriority=\"high\" decoding=\"async\" class=\"alignnone wp-image-9551 size-full\" src=\"https:\/\/www.lovingmemorials.com\/wp-content\/uploads\/2022\/01\/Loving-Memorials-Antonio-Gomes-Loving-Memorial-e1642443938302.png\" alt=\"Imagem p\u00e1gina inicial de memoriais amorosos\" width=\"1024\" height=\"693\"><\/a><\/p>\t\t\t\t\t\t<\/div>\n\t\t\t\t<\/div>\n\t\t\t\t<div class=\"elementor-element elementor-element-a2aaf84 elementor-widget__width-initial elementor-widget-mobile__width-inherit elementor-widget elementor-widget-image\" data-id=\"a2aaf84\" data-element_type=\"widget\" data-widget_type=\"image.default\">\n\t\t\t\t<div class=\"elementor-widget-container\">\n\t\t\t\t\t\t\t\t\t\t\t\t\t\t<a href=\"https:\/\/www.lovingmemorials.com\/wp-content\/uploads\/2022\/01\/Loving-Memorials-Antonio-Gomes-Loving-Memorial-Heart-e1642445682611.png\" data-elementor-open-lightbox=\"yes\" data-elementor-lightbox-title=\"Memoriais amorosos Antonio Gomes Loving Memorial Heart\" data-e-action-hash=\"#elementor-action%3Aaction%3Dlightbox%26settings%3DeyJpZCI6OTU4NywidXJsIjoiaHR0cHM6XC9cL3d3dy5sb3ZpbmdtZW1vcmlhbHMuY29tXC93cC1jb250ZW50XC91cGxvYWRzXC8yMDIyXC8wMVwvTG92aW5nLU1lbW9yaWFscy1BbnRvbmlvLUdvbWVzLUxvdmluZy1NZW1vcmlhbC1IZWFydC1lMTY0MjQ0NTY4MjYxMS5wbmcifQ%3D%3D\">\n\t\t\t\t\t\t\t<img decoding=\"async\" width=\"600\" height=\"620\" src=\"https:\/\/www.lovingmemorials.com\/wp-content\/uploads\/2022\/01\/Loving-Memorials-Antonio-Gomes-Loving-Memorial-Heart-e1642445682611.png\" class=\"attachment-full size-full wp-image-9587\" alt=\"P\u00e1gina inicial de meia imagem de memoriais amorosos\" \/>\t\t\t\t\t\t\t\t<\/a>\n\t\t\t\t\t\t\t\t\t\t\t\t\t<\/div>\n\t\t\t\t<\/div>\n\t\t\t\t<div class=\"elementor-element elementor-element-93e206d elementor-widget__width-initial elementor-widget-mobile__width-inherit elementor-widget elementor-widget-text-editor\" data-id=\"93e206d\" data-element_type=\"widget\" data-widget_type=\"text-editor.default\">\n\t\t\t\t<div class=\"elementor-widget-container\">\n\t\t\t\t\t\t\t<p>Num Memorial amoroso, onde normalmente aparece um logotipo, exibimos apenas a parte do cora\u00e7\u00e3o do nosso logotipo sem letras. O cora\u00e7\u00e3o d\u00e1 calor ao memorial sem ser identific\u00e1vel como um logotipo.<\/p><p>No Loving Memorials, a nossa marca n\u00e3o \u00e9 o her\u00f3i da hist\u00f3ria, o teu ente querido \u00e9 o her\u00f3i da hist\u00f3ria.<\/p>\t\t\t\t\t\t<\/div>\n\t\t\t\t<\/div>\n\t\t\t\t\t<\/div>\n\t\t<\/div>\n\t\t\t\t\t<\/div>\n\t\t<\/section>\n\t\t\t\t\t<\/div>\n\t\t<\/div>\n\t\t\t\t\t<\/div>\n\t\t<\/section>\n\t\t\t\t<\/div>\n\t\t","protected":false},"excerpt":{"rendered":"<p>Casa &gt;&gt; Guia para Sites Memorial &gt;&gt; Um memorial focado no seu ente querido O her\u00f3i de um memorial online \u00e9 o seu ente querido e o memorial precisa de estar completamente focado neles. Um memorial come\u00e7a a perder este foco quando tem an\u00fancios e&#8230;<\/p>\n","protected":false},"author":6,"featured_media":0,"parent":15381,"menu_order":0,"comment_status":"closed","ping_status":"closed","template":"","meta":{"footnotes":""},"class_list":["post-15668","page","type-page","status-publish","hentry"],"_links":{"self":[{"href":"https:\/\/www.lovingmemorials.com\/pt-pt\/wp-json\/wp\/v2\/pages\/15668","targetHints":{"allow":["GET"]}}],"collection":[{"href":"https:\/\/www.lovingmemorials.com\/pt-pt\/wp-json\/wp\/v2\/pages"}],"about":[{"href":"https:\/\/www.lovingmemorials.com\/pt-pt\/wp-json\/wp\/v2\/types\/page"}],"author":[{"embeddable":true,"href":"https:\/\/www.lovingmemorials.com\/pt-pt\/wp-json\/wp\/v2\/users\/6"}],"replies":[{"embeddable":true,"href":"https:\/\/www.lovingmemorials.com\/pt-pt\/wp-json\/wp\/v2\/comments?post=15668"}],"version-history":[{"count":4,"href":"https:\/\/www.lovingmemorials.com\/pt-pt\/wp-json\/wp\/v2\/pages\/15668\/revisions"}],"predecessor-version":[{"id":17914,"href":"https:\/\/www.lovingmemorials.com\/pt-pt\/wp-json\/wp\/v2\/pages\/15668\/revisions\/17914"}],"up":[{"embeddable":true,"href":"https:\/\/www.lovingmemorials.com\/pt-pt\/wp-json\/wp\/v2\/pages\/15381"}],"wp:attachment":[{"href":"https:\/\/www.lovingmemorials.com\/pt-pt\/wp-json\/wp\/v2\/media?parent=15668"}],"curies":[{"name":"wp","href":"https:\/\/api.w.org\/{rel}","templated":true}]}}