{"id":15847,"date":"2022-02-16T20:30:05","date_gmt":"2022-02-16T20:30:05","guid":{"rendered":"https:\/\/www.lovingmemorials.com\/guia-para-memoriais-online\/o-que-e-um-memorial-online\/"},"modified":"2022-02-26T03:01:05","modified_gmt":"2022-02-26T03:01:05","slug":"o-que-e-online-memorial","status":"publish","type":"page","link":"https:\/\/www.lovingmemorials.com\/pt-pt\/guia\/o-que-e-online-memorial\/","title":{"rendered":"O que \u00e9 um memorial online?"},"content":{"rendered":"\t\t<div data-elementor-type=\"wp-page\" data-elementor-id=\"15847\" class=\"elementor elementor-15847\" data-elementor-post-type=\"page\">\n\t\t\t\t\t\t<section class=\"elementor-section elementor-top-section elementor-element elementor-element-0182c20 elementor-section-content-middle elementor-section-boxed elementor-section-height-default elementor-section-height-default parallax_section_no qode_elementor_container_no\" data-id=\"0182c20\" data-element_type=\"section\">\n\t\t\t\t\t\t<div class=\"elementor-container elementor-column-gap-no\">\n\t\t\t\t\t<div class=\"elementor-column elementor-col-100 elementor-top-column elementor-element elementor-element-f85ac67\" data-id=\"f85ac67\" data-element_type=\"column\">\n\t\t\t<div class=\"elementor-widget-wrap elementor-element-populated\">\n\t\t\t\t\t\t<div class=\"elementor-element elementor-element-a3ba493 guide-breardcrumb elementor-widget elementor-widget-text-editor\" data-id=\"a3ba493\" data-element_type=\"widget\" data-widget_type=\"text-editor.default\">\n\t\t\t\t<div class=\"elementor-widget-container\">\n\t\t\t\t\t\t\t<p><a href=\"https:\/\/www.lovingmemorials.com\/pt-pt\/\">Casa<\/a> &gt;&gt; <a href=\"https:\/\/www.lovingmemorials.com\/pt-pt\/guia\/\"> Guia para Sites Memorial<\/a> &gt;&gt;<\/p>\t\t\t\t\t\t<\/div>\n\t\t\t\t<\/div>\n\t\t\t\t<div class=\"elementor-element elementor-element-fff4700 page-header elementor-widget elementor-widget-heading\" data-id=\"fff4700\" data-element_type=\"widget\" data-widget_type=\"heading.default\">\n\t\t\t\t<div class=\"elementor-widget-container\">\n\t\t\t<h1 class=\"elementor-heading-title elementor-size-default\">O que \u00e9 um Memorial Online?\n<\/h1>\t\t<\/div>\n\t\t\t\t<\/div>\n\t\t\t\t<section class=\"elementor-section elementor-inner-section elementor-element elementor-element-5c8432b elementor-section-content-middle container-shadow elementor-section-boxed elementor-section-height-default elementor-section-height-default parallax_section_no qode_elementor_container_no\" data-id=\"5c8432b\" data-element_type=\"section\" data-settings=\"{&quot;background_background&quot;:&quot;classic&quot;}\">\n\t\t\t\t\t\t<div class=\"elementor-container elementor-column-gap-no\">\n\t\t\t\t\t<div class=\"elementor-column elementor-col-100 elementor-inner-column elementor-element elementor-element-6155df8\" data-id=\"6155df8\" data-element_type=\"column\">\n\t\t\t<div class=\"elementor-widget-wrap elementor-element-populated\">\n\t\t\t\t\t\t<div class=\"elementor-element elementor-element-cf3f708 elementor-widget elementor-widget-text-editor\" data-id=\"cf3f708\" data-element_type=\"widget\" data-widget_type=\"text-editor.default\">\n\t\t\t\t<div class=\"elementor-widget-container\">\n\t\t\t\t\t\t\t<p>Um memorial online \u00e9 um lugar online onde os vivos recordam e celebram a vida de uma pessoa falecida ou animal de estima\u00e7\u00e3o para que n\u00e3o sejam esquecidos.<\/p><p>Um lugar online significa que pode ser um site memorial dedicado, uma \u00fanica p\u00e1gina, ou p\u00e1ginas de redes sociais <a href=\"https:\/\/www.facebook.com\/help\/275013292838654\">como uma conta de Facebook em mem\u00f3ria<\/a>. Os sites memorial s\u00e3o por vezes referidos como memoriais virtuais ou memoriais digitais.<\/p><p>O objetivo de um site memorial \u00e9 permitir que aqueles que conheciam o falecido se lembrem, chorem, curem, partilhem e celebrem a sua vida.<\/p><p>O aspeto comum de um site memorial \u00e9 muito importante, sendo a liga\u00e7\u00e3o um elemento chave. Um memorial online deve permitir aos visitantes assinar um livro de visitas e acender uma vela ou adicionar flores. A fam\u00edlia e os amigos tamb\u00e9m podem adicionar fotos e v\u00eddeos para contribuir para o memorial.<\/p><p>O site memorial \u00e9 mantido por entes queridos dos falecidos. Os entes queridos que mant\u00eam o memorial s\u00e3o geralmente a fam\u00edlia imediata, mas podem ser familiares, amigos, colegas de trabalho e colegas.<\/p><p>Como o memorial est\u00e1 online, este tem a vantagem de ser facilmente comunal e ser visitado de qualquer lugar. O aspeto online de um memorial tamb\u00e9m permite que o memorial seja ativo e vis\u00edvel para as gera\u00e7\u00f5es futuras.<\/p>\t\t\t\t\t\t<\/div>\n\t\t\t\t<\/div>\n\t\t\t\t\t<\/div>\n\t\t<\/div>\n\t\t\t\t\t<\/div>\n\t\t<\/section>\n\t\t\t\t\t<\/div>\n\t\t<\/div>\n\t\t\t\t\t<\/div>\n\t\t<\/section>\n\t\t\t\t<\/div>\n\t\t","protected":false},"excerpt":{"rendered":"<p>Casa &gt;&gt; Guia para Sites Memorial &gt;&gt; O que \u00e9 um Memorial Online? Um memorial online \u00e9 um lugar online onde os vivos recordam e celebram a vida de uma pessoa falecida ou animal de estima\u00e7\u00e3o para que n\u00e3o sejam esquecidos. Um lugar online significa&#8230;<\/p>\n","protected":false},"author":6,"featured_media":0,"parent":15381,"menu_order":0,"comment_status":"closed","ping_status":"closed","template":"","meta":{"footnotes":""},"class_list":["post-15847","page","type-page","status-publish","hentry"],"_links":{"self":[{"href":"https:\/\/www.lovingmemorials.com\/pt-pt\/wp-json\/wp\/v2\/pages\/15847","targetHints":{"allow":["GET"]}}],"collection":[{"href":"https:\/\/www.lovingmemorials.com\/pt-pt\/wp-json\/wp\/v2\/pages"}],"about":[{"href":"https:\/\/www.lovingmemorials.com\/pt-pt\/wp-json\/wp\/v2\/types\/page"}],"author":[{"embeddable":true,"href":"https:\/\/www.lovingmemorials.com\/pt-pt\/wp-json\/wp\/v2\/users\/6"}],"replies":[{"embeddable":true,"href":"https:\/\/www.lovingmemorials.com\/pt-pt\/wp-json\/wp\/v2\/comments?post=15847"}],"version-history":[{"count":4,"href":"https:\/\/www.lovingmemorials.com\/pt-pt\/wp-json\/wp\/v2\/pages\/15847\/revisions"}],"predecessor-version":[{"id":18296,"href":"https:\/\/www.lovingmemorials.com\/pt-pt\/wp-json\/wp\/v2\/pages\/15847\/revisions\/18296"}],"up":[{"embeddable":true,"href":"https:\/\/www.lovingmemorials.com\/pt-pt\/wp-json\/wp\/v2\/pages\/15381"}],"wp:attachment":[{"href":"https:\/\/www.lovingmemorials.com\/pt-pt\/wp-json\/wp\/v2\/media?parent=15847"}],"curies":[{"name":"wp","href":"https:\/\/api.w.org\/{rel}","templated":true}]}}