{"id":15872,"date":"2022-02-16T20:30:28","date_gmt":"2022-02-16T20:30:28","guid":{"rendered":"https:\/\/www.lovingmemorials.com\/guia-para-memoriais-online\/a-diferenca-entre-um-obituario-online-e-um-memorial-online\/"},"modified":"2022-02-26T03:03:25","modified_gmt":"2022-02-26T03:03:25","slug":"diferenca-entre-obituario-memorial","status":"publish","type":"page","link":"https:\/\/www.lovingmemorials.com\/pt-pt\/guia\/diferenca-entre-obituario-memorial\/","title":{"rendered":"A diferen\u00e7a entre um obitu\u00e1rio online e um memorial online"},"content":{"rendered":"\t\t<div data-elementor-type=\"wp-page\" data-elementor-id=\"15872\" class=\"elementor elementor-15872\" data-elementor-post-type=\"page\">\n\t\t\t\t\t\t<section class=\"elementor-section elementor-top-section elementor-element elementor-element-0182c20 elementor-section-content-middle elementor-section-boxed elementor-section-height-default elementor-section-height-default parallax_section_no qode_elementor_container_no\" data-id=\"0182c20\" data-element_type=\"section\">\n\t\t\t\t\t\t<div class=\"elementor-container elementor-column-gap-no\">\n\t\t\t\t\t<div class=\"elementor-column elementor-col-100 elementor-top-column elementor-element elementor-element-f85ac67\" data-id=\"f85ac67\" data-element_type=\"column\">\n\t\t\t<div class=\"elementor-widget-wrap elementor-element-populated\">\n\t\t\t\t\t\t<div class=\"elementor-element elementor-element-a3ba493 guide-breardcrumb elementor-widget elementor-widget-text-editor\" data-id=\"a3ba493\" data-element_type=\"widget\" data-widget_type=\"text-editor.default\">\n\t\t\t\t<div class=\"elementor-widget-container\">\n\t\t\t\t\t\t\t<p><a href=\"https:\/\/www.lovingmemorials.com\/pt-pt\/\">Casa<\/a> &gt;&gt; <a href=\"https:\/\/www.lovingmemorials.com\/pt-pt\/guia\/\">Guia para Sites Memorial<\/a> &gt;&gt;<\/p>\t\t\t\t\t\t<\/div>\n\t\t\t\t<\/div>\n\t\t\t\t<div class=\"elementor-element elementor-element-fff4700 page-header elementor-widget elementor-widget-heading\" data-id=\"fff4700\" data-element_type=\"widget\" data-widget_type=\"heading.default\">\n\t\t\t\t<div class=\"elementor-widget-container\">\n\t\t\t<h1 class=\"elementor-heading-title elementor-size-default\">A diferen\u00e7a entre um obitu\u00e1rio online e um memorial\n<\/h1>\t\t<\/div>\n\t\t\t\t<\/div>\n\t\t\t\t<section class=\"elementor-section elementor-inner-section elementor-element elementor-element-5c8432b elementor-section-content-middle container-shadow elementor-section-boxed elementor-section-height-default elementor-section-height-default parallax_section_no qode_elementor_container_no\" data-id=\"5c8432b\" data-element_type=\"section\" data-settings=\"{&quot;background_background&quot;:&quot;classic&quot;}\">\n\t\t\t\t\t\t<div class=\"elementor-container elementor-column-gap-no\">\n\t\t\t\t\t<div class=\"elementor-column elementor-col-100 elementor-inner-column elementor-element elementor-element-6155df8\" data-id=\"6155df8\" data-element_type=\"column\">\n\t\t\t<div class=\"elementor-widget-wrap elementor-element-populated\">\n\t\t\t\t\t\t<div class=\"elementor-element elementor-element-cf3f708 elementor-widget elementor-widget-text-editor\" data-id=\"cf3f708\" data-element_type=\"widget\" data-widget_type=\"text-editor.default\">\n\t\t\t\t<div class=\"elementor-widget-container\">\n\t\t\t\t\t\t\t<p>Um obitu\u00e1rio <span style=\"font-weight: 400;\">anuncia a morte de uma pessoa, um memorial online comemora a vida.<\/span><\/p><h3>Obitu\u00e1rios Online<\/h3><p>Um obitu\u00e1rio online \u00e9 normalmente publicado no site de uma funer\u00e1ria ou num jornal. Ajuda a anunciar a morte do falecido e fornece detalhes dos servi\u00e7os que est\u00e3o a ser realizados, tais como visitas, servi\u00e7os da igreja e detalhes do enterro.<\/p><p>Um obitu\u00e1rio online tem uma vis\u00e3o geral da vida do falecido e uma lista de familiares e familiares alargados. Pode incluir a causa da morte, imagens, v\u00eddeos e transmiss\u00f5es em direto de servi\u00e7os que est\u00e3o a ser realizados.<\/p><p>Muitas vezes as pessoas podem deixar condol\u00eancias ou mensagens num livro de visitas, bem como uma forma de enviar flores para os servi\u00e7os.<\/p><p>Os obitu\u00e1rios online s\u00e3o sempre p\u00fablicos e podem ser vistos no site de uma funer\u00e1ria ou num jornal.<\/p><p>O tempo que um obitu\u00e1rio online permanece depende da funer\u00e1ria ou jornal.<\/p><h3>Memoriais Online<\/h3><p>Um site ou p\u00e1gina memorial on-line \u00e9 orientado para lembrar, celebrar e honrar a vida do falecido.<\/p><p>Inclui imagens, v\u00eddeos e mem\u00f3rias.  <\/p><p>Pode incluir detalhes sobre a fam\u00edlia do falecido, passatempos, interesses e associa\u00e7\u00f5es a que pertenciam, juntamente com detalhes do nascimento.<\/p><p>A fam\u00edlia ou amigo que cria o memorial vai partilh\u00e1-lo com outros e deix\u00e1-los adicion\u00e1-lo. Os memoriais online geralmente cont\u00eam um livro de h\u00f3spedes onde os visitantes podem partilhar pensamentos, mem\u00f3rias, fotos e v\u00eddeos.<\/p><p>Um site memorial online geralmente permite-lhe decidir se voc\u00ea quer que seja privado ou deixar qualquer um v\u00ea-lo.<\/p><p>A melhor raz\u00e3o para ter um memorial online \u00e9 garantir que a pessoa que faleceu \u00e9 sempre lembrada.<\/p>\t\t\t\t\t\t<\/div>\n\t\t\t\t<\/div>\n\t\t\t\t\t<\/div>\n\t\t<\/div>\n\t\t\t\t\t<\/div>\n\t\t<\/section>\n\t\t\t\t\t<\/div>\n\t\t<\/div>\n\t\t\t\t\t<\/div>\n\t\t<\/section>\n\t\t\t\t<\/div>\n\t\t","protected":false},"excerpt":{"rendered":"<p>Casa &gt;&gt; Guia para Sites Memorial &gt;&gt; A diferen\u00e7a entre um obitu\u00e1rio online e um memorial Um obitu\u00e1rio anuncia a morte de uma pessoa, um memorial online comemora a vida. Obitu\u00e1rios Online Um obitu\u00e1rio online \u00e9 normalmente publicado no site de uma funer\u00e1ria ou num&#8230;<\/p>\n","protected":false},"author":6,"featured_media":0,"parent":15381,"menu_order":0,"comment_status":"closed","ping_status":"closed","template":"","meta":{"footnotes":""},"class_list":["post-15872","page","type-page","status-publish","hentry"],"_links":{"self":[{"href":"https:\/\/www.lovingmemorials.com\/pt-pt\/wp-json\/wp\/v2\/pages\/15872","targetHints":{"allow":["GET"]}}],"collection":[{"href":"https:\/\/www.lovingmemorials.com\/pt-pt\/wp-json\/wp\/v2\/pages"}],"about":[{"href":"https:\/\/www.lovingmemorials.com\/pt-pt\/wp-json\/wp\/v2\/types\/page"}],"author":[{"embeddable":true,"href":"https:\/\/www.lovingmemorials.com\/pt-pt\/wp-json\/wp\/v2\/users\/6"}],"replies":[{"embeddable":true,"href":"https:\/\/www.lovingmemorials.com\/pt-pt\/wp-json\/wp\/v2\/comments?post=15872"}],"version-history":[{"count":2,"href":"https:\/\/www.lovingmemorials.com\/pt-pt\/wp-json\/wp\/v2\/pages\/15872\/revisions"}],"predecessor-version":[{"id":18299,"href":"https:\/\/www.lovingmemorials.com\/pt-pt\/wp-json\/wp\/v2\/pages\/15872\/revisions\/18299"}],"up":[{"embeddable":true,"href":"https:\/\/www.lovingmemorials.com\/pt-pt\/wp-json\/wp\/v2\/pages\/15381"}],"wp:attachment":[{"href":"https:\/\/www.lovingmemorials.com\/pt-pt\/wp-json\/wp\/v2\/media?parent=15872"}],"curies":[{"name":"wp","href":"https:\/\/api.w.org\/{rel}","templated":true}]}}